{"id":8967,"date":"2024-09-06T17:40:05","date_gmt":"2024-09-06T17:40:05","guid":{"rendered":"https:\/\/travelshelper.com\/staging\/?page_id=8967"},"modified":"2026-03-13T18:09:05","modified_gmt":"2026-03-13T18:09:05","slug":"pagosa-springs","status":"publish","type":"page","link":"https:\/\/travelshelper.com\/tr\/destinations\/north-america\/united-states\/pagosa-springs\/","title":{"rendered":"Pagosa Springs"},"content":{"rendered":"<p>Pagosa Springs, g\u00fcneybat\u0131 Colorado&#039;da k\u00fc\u00e7\u00fck bir da\u011f toplulu\u011fudur. N\u00fcfusu 2020 say\u0131m\u0131na g\u00f6re 1500&#039;lerin ortalar\u0131nda seyrederken, 2025&#039;e kadar yakla\u015f\u0131k 1.877&#039;ye y\u00fckselmi\u015ftir. Kasaban\u0131n demografisi gen\u00e7 bir taban\u0131 (ortanca ya\u015f ~34,5) ve \u00f6nemli bir Hispanik\/Latin varl\u0131\u011f\u0131n\u0131 (sakinlerin yakla\u015f\u0131k &#039;\u00fc) yans\u0131tmaktad\u0131r. Ekonomik olarak, Pagosa Springs b\u00fcy\u00fck \u00f6l\u00e7\u00fcde turizme ve emeklilik gelirine ba\u011fl\u0131d\u0131r. Ortalama hane geliri m\u00fctevaz\u0131d\u0131r (yakla\u015f\u0131k 36.700 $) ve ailelerin yakla\u015f\u0131k &#039;\u00fc yoksulluk s\u0131n\u0131r\u0131n\u0131n alt\u0131ndad\u0131r. Bir\u00e7ok hane hizmet sekt\u00f6rlerine, a\u00e7\u0131k hava rekreasyonuna ve misafirperverli\u011fe g\u00fcvenmektedir. Bu ekonomi, kasaban\u0131n \u00fcnl\u00fc kapl\u0131calar\u0131 ve kayak alan\u0131 ziyaret\u00e7ileri \u00e7ekti\u011fi i\u00e7in son y\u0131llarda istikrara kavu\u015fmu\u015ftur.<\/p>\n<p>Pagosa Springs, New Mexico s\u0131n\u0131r\u0131n\u0131n yakla\u015f\u0131k 35 mil kuzeyinde, Colorado&#039;nun engebeli bat\u0131 San Juan Da\u011flar\u0131&#039;nda yer almaktad\u0131r. K\u0131ta Ay\u0131r\u0131c\u0131&#039;n\u0131n Bat\u0131 Yamac\u0131&#039;nda 7.126 fit y\u00fckseklikte yer alan \u015fehir, ormanlar ve karla kapl\u0131 tepelerle \u00e7evrili y\u00fcksek bir \u00e7\u00f6l platosunda yer almaktad\u0131r. Yak\u0131nlarda akan San Juan Nehri, da\u011flardaki eriyen karlarla beslenir. \u00c7am ormanlar\u0131 ve ada\u00e7ay\u0131, y\u0131lda yakla\u015f\u0131k 300 g\u00fcn g\u00fcne\u015f alan al\u0131\u015f\u0131lmad\u0131k derecede g\u00fcne\u015fli bir iklimin tad\u0131n\u0131 \u00e7\u0131karan kasabay\u0131 \u00e7evreler. K\u0131\u015flar so\u011fuktur ancak bu rak\u0131m i\u00e7in nispeten \u0131l\u0131mand\u0131r ve yazlar s\u0131cak ve genellikle kurudur. Da\u011f ve y\u00fcksek \u00e7\u00f6l unsurlar\u0131n\u0131n bu kombinasyonu, Pagosa Springs&#039;e Colorado&#039;nun alt ovalar\u0131ndan farkl\u0131 bir ortam kazand\u0131r\u0131r. \u00dc\u00e7 taraf\u0131 ulusal ormanla \u00e7evrili olan kasaba, uzak hissettirir ancak d\u00f6rt tam mevsim rekreasyonu destekleyen bir ortamda ya\u015far.<\/p>\n<p>Avrupal\u0131lar gelmeden \u00e7ok \u00f6nce, Pagosa b\u00f6lgesi, kaynaklar\u0131na &#034;\u015fifal\u0131 veya kaynar sular&#034; anlam\u0131na gelen Pagosah ad\u0131n\u0131 veren Ute halk\u0131 i\u00e7in kutsald\u0131. Ute ve Navajo kabileleri b\u00f6lgeyi zaman zaman kulland\u0131 ve kaynaklar \u00fczerindeki \u00e7at\u0131\u015fmalar 19. y\u00fczy\u0131l\u0131n sonlar\u0131na do\u011fru alevlendi. 1880&#039;de ABD h\u00fck\u00fcmeti kaynaklar\u0131n kontrol\u00fcn\u00fc ele ge\u00e7irdi ve k\u0131sa bir s\u00fcre sonra beyaz yerle\u015fimciler hak iddia etti. Pagosa Kaynaklar\u0131 1883&#039;te parsellendi ve 1891&#039;de bir kasaba olarak dahil edildi.<\/p>\n<p>Ba\u015flang\u0131\u00e7ta ekonomi alt\u0131n, kereste ve \u00e7ift\u00e7ili\u011fe odaklanm\u0131\u015ft\u0131 \u00e7\u00fcnk\u00fc \u00f6nc\u00fcler ormanlar\u0131 kesip yak\u0131ndaki yama\u00e7larda madencilik yap\u0131yorlard\u0131. 20. y\u00fczy\u0131l\u0131n ba\u015flar\u0131nda kasaban\u0131n giri\u015fimcileri kapl\u0131calar\u0131n etraf\u0131nda bir turizm i\u015fletmesi kurmaya \u00e7al\u0131\u015ft\u0131lar ancak onlarca y\u0131l boyunca uzak kald\u0131. 1950-60&#039;larda elektrik ve yollar getiren Colorado Nehri Depolama Projesi&#039;nden sonra b\u00fcy\u00fck bir d\u00f6n\u00fcm noktas\u0131 ya\u015fand\u0131. 1970&#039;lerde Pagosa Springs kapl\u0131ca tatil yerlerini aktif olarak geli\u015ftiriyordu. Benzersiz k\u00fclt\u00fcrel d\u00f6n\u00fcm noktalar\u0131ndan biri, yerel kovboy k\u00fclt\u00fcr\u00fcn\u00fc onurland\u0131rmak i\u00e7in 1950&#039;lerde ba\u015flat\u0131lan bir D\u00f6rd\u00fcnc\u00fc Temmuz rodeosu ve ge\u00e7it t\u00f6reni olan Red Ryder Roundup&#039;t\u0131. Zamanla Pagosa Springs, tarihi karakterini korudu\u011fu i\u00e7in bir &#034;Amerika&#039;y\u0131 Koru&#034; toplulu\u011fu (2006) olarak da tan\u0131nd\u0131.<\/p>\n<p>Pagosa Springs, k\u00fc\u00e7\u00fck bir Bat\u0131 kasabas\u0131n\u0131n hissini koruyor. Birincil dil \u0130ngilizce, ancak n\u00fcfusun neredeyse yar\u0131s\u0131 \u0130spanyol k\u00f6kenli (b\u00f6lgesel miras\u0131 yans\u0131tan). Yerliler genellikle gayriresm\u00ee ve kom\u015fuluk ili\u015fkilerine d\u00fc\u015fk\u00fcn; \u00e7ift\u00e7ilik ve yerli gelenekleri modern bir a\u00e7\u0131k hava ya\u015fam tarz\u0131yla harmanlan\u0131yor. Ya\u015fam temposu rahat: yaz g\u00fcnleri y\u00fcr\u00fcy\u00fc\u015f, rafting veya kapl\u0131calarda \u0131slanarak ge\u00e7irilirken, k\u0131\u015flar\u0131 yak\u0131nlardaki tatil yerlerinde kayak\u00e7\u0131larla kar\u015f\u0131la\u015f\u0131l\u0131yor. Topluluk etkinlikleri karma miras\u0131n\u0131 yans\u0131t\u0131yor: \u00f6rne\u011fin, her Temmuz ay\u0131nda yerliler ve ziyaret\u00e7iler Red Ryder Rodeo Ge\u00e7it T\u00f6reni i\u00e7in kovboy \u015fapkalar\u0131 tak\u0131yor. Sonbaharda kasaba, baloncular\u0131n, \u015faraplar\u0131n ve ko\u015fu yar\u0131\u015flar\u0131n\u0131n d\u00fczenlendi\u011fi bir festival olan Colorfest&#039;e ev sahipli\u011fi yap\u0131yor. Uzun zamand\u0131r burada ya\u015fayanlar ve yeni gelenler aras\u0131nda samimiyet bir gurur kayna\u011f\u0131 - buras\u0131, bir yabanc\u0131n\u0131n kapl\u0131calar\u0131n \u0131slanma havuzlar\u0131nda ba\u015f\u0131n\u0131 sallad\u0131\u011f\u0131 ve d\u00fckkan sahiplerinin m\u00fc\u015fterileri isimleriyle tan\u0131d\u0131\u011f\u0131 t\u00fcrden bir yer. Turistik bir kasaba olmas\u0131na ra\u011fmen Pagosa&#039;n\u0131n \u015fehir merkezi, y\u00fcr\u00fcyerek gezilebilen ana caddesi, sanat galerileri ve yerel halk\u0131n ve ziyaret\u00e7ilerin yerel biralar e\u015fli\u011finde sohbet etti\u011fi birka\u00e7 meyhanesiyle \u015fa\u015f\u0131rt\u0131c\u0131 derecede sevimli bir his veriyor.<\/p>\n<p>Tan\u0131mlay\u0131c\u0131 cazibe Pagosa&#039;n\u0131n termal kaynaklar\u0131d\u0131r. Derin jeotermal kaynaklarla beslenen &#034;Ana Kaynak&#034; yakla\u015f\u0131k 144\u00b0F&#039;de fokurdar ve birka\u00e7 halka a\u00e7\u0131k ve \u00f6zel \u0131slatma havuzunu doldurur. Ziyaret\u00e7iler karl\u0131 havalarda bile y\u0131l boyunca \u0131slanmak i\u00e7in gelir. \u015eehirden arabayla sadece birka\u00e7 dakika uzakl\u0131kta, muazzam kar ya\u011f\u0131\u015flar\u0131yla (y\u0131lda ortalama ~430 in\u00e7, Colorado&#039;daki herhangi bir tatil beldesinin en fazlas\u0131) ve aile dostu pistleriyle bilinen Wolf Creek Kayak Alan\u0131 vard\u0131r.<\/p>\n<p>Do\u011fa Pagosa&#039;n\u0131n kap\u0131s\u0131ndad\u0131r. Kasaban\u0131n do\u011fusunda, Treasure Falls kolay bir orman y\u00fcr\u00fcy\u00fc\u015f\u00fcyle \u200b\u200b105 fit a\u015fa\u011f\u0131ya iner. Yak\u0131nlardaki di\u011fer \u015felaleler aras\u0131nda \u00e7am ormanlar\u0131 aras\u0131ndan ge\u00e7en rustik patikalarla ula\u015f\u0131lan Piedra ve Fourmile Falls bulunur. Pagosa ayr\u0131ca MS 950-1150&#039;ye tarihlenen dramatik ta\u015f kuleleri ve kivalar\u0131yla atalardan kalma bir Pueblo alan\u0131 olan Chimney Rock Ulusal An\u0131t\u0131&#039;na da yak\u0131nd\u0131r. Korucu rehberli\u011findeki turlar, alan\u0131n astronomik hizalanmalar\u0131n\u0131 a\u00e7\u0131klar. Pagosa&#039;dan ge\u00e7en San Juan Nehri, alt\u0131n madalyal\u0131 sinek bal\u0131k\u00e7\u0131l\u0131\u011f\u0131, ayr\u0131ca yaz aylar\u0131nda t\u00fcple kayma ve hafif rafting parkurlar\u0131yla \u00fcnl\u00fcd\u00fcr.<\/p>\n<p>\u015eehirde, kaynaklar\u0131n yan\u0131 s\u0131ra, birka\u00e7 ni\u015f cazibe merkezi vard\u0131r. Fred Harman Sanat M\u00fczesi (di\u011fer ad\u0131yla Red Ryder M\u00fczesi), Pagosa&#039;y\u0131 evi yapan \u00e7izgi roman ill\u00fcstrat\u00f6r\u00fcn\u00fc kutluyor. Yerel donan\u0131mc\u0131lar nehirde su kaya\u011f\u0131 ve kano kiral\u0131yor ve y\u00fcr\u00fcy\u00fc\u015f ma\u011fazalar\u0131 at s\u0131rt\u0131nda patika gezileri ve ekipman sunuyor. Y\u0131l boyunca el sanatlar\u0131 fuarlar\u0131, \u00e7ift\u00e7i pazarlar\u0131 ve sanat g\u00f6sterileri kalabal\u0131klar\u0131 \u00e7ekiyor. Pagosa&#039;n\u0131n cazibesinin \u00e7o\u011fu a\u00e7\u0131k havada: manzaral\u0131 yollar da\u011f g\u00f6llerine (Williams, Quartz gibi) \u00e7\u0131k\u0131yor ve hatta lokantalar ve kafeler bile da\u011flar\u0131n panoramik manzaralar\u0131na sahip. Bir ziyaret\u00e7i i\u00e7in yap\u0131lmas\u0131 gereken \u015fey a\u00e7\u0131kt\u0131r: buharl\u0131 mineralli suda rahatlamak ve ard\u0131ndan saf da\u011f havas\u0131n\u0131 i\u00e7inize \u00e7ekmek.<\/p>\n<p>Pagosa Springs&#039;in kendine ait b\u00fcy\u00fck bir havaalan\u0131 veya tren istasyonu yoktur. En yak\u0131n ticari havaalan\u0131, Denver, Dallas&#039;a g\u00fcnl\u00fck u\u00e7u\u015flar ve Phoenix, Salt Lake City ve Las Vegas&#039;a mevsimlik rotalar sunan yakla\u015f\u0131k 60 mil bat\u0131daki Durango-La Plata County Havaalan\u0131&#039;d\u0131r (DRO). Phoenix veya Denver havaalanlar\u0131ndan yolculuk yakla\u015f\u0131k 5-6 saat; Albuquerque&#039;den yakla\u015f\u0131k 4 saat kuzeye. Ziyaret\u00e7iler genellikle araba kiralar; ABD Otoyolu 160, Pagosa&#039;y\u0131 Wolf Creek Ge\u00e7idi boyunca do\u011fu-bat\u0131ya ba\u011flar. (Wolf Creek Ge\u00e7idi&#039;nin y\u00fcksek bir da\u011f yolu oldu\u011funu unutmay\u0131n; k\u0131\u015f\u0131n ko\u015fullar tehlikeli olabilir. S\u00fcr\u00fcc\u00fcler ger\u00e7ek zamanl\u0131 g\u00fcncellemeleri kontrol etmelidir.)<\/p>\n<p>Pagosa&#039;n\u0131n \u015fehir merkezi kompaktt\u0131r (\u015fehir merkezi kolayca y\u00fcr\u00fcnebilir), ancak bir\u00e7ok \u00f6nemli yer kanyonda veya ormanlarda yer al\u0131r. Mountain Express Transit sistemi, Pagosa Springs ve \u00e7evre yerle\u015fim yerlerinden ge\u00e7en sabit bir rota ve Durango&#039;ya kadar uzanan ba\u011flant\u0131lar dahil olmak \u00fczere yerel otob\u00fcs hizmeti sa\u011flar. Bu hizmet ya\u015fl\u0131lar i\u00e7in d\u00fc\u015f\u00fck maliyetli veya \u00fccretsizdir. Ancak geni\u015f ormanlara ve da\u011flara yaln\u0131zca araba, ATV veya y\u00fcr\u00fcyerek ula\u015f\u0131labilir, bu nedenle ara\u00e7 kiralamak veya rehberli turlar d\u00fczenlemek yayg\u0131nd\u0131r. \u015eehir merkezinde park yeri s\u0131n\u0131rl\u0131d\u0131r ancak genellikle b\u00fcy\u00fck \u015fehirlere g\u00f6re daha kolayd\u0131r; ana caddeler, \u00f6zellikle yaz hafta sonlar\u0131nda yayalarla doludur.<\/p>\n<p>Para birimi ABD dolar\u0131d\u0131r ve her yerde \u0130ngilizce konu\u015fulur; \u0130spanyolca da bir\u00e7ok yerli taraf\u0131ndan yayg\u0131n olarak konu\u015fulur. Y\u00fcksek rak\u0131m nedeniyle, yeni ziyaret\u00e7iler uyum sa\u011flamak i\u00e7in zaman tan\u0131mal\u0131d\u0131r; 7.000 fitin \u00fczerinde k\u0131sa y\u00fcr\u00fcy\u00fc\u015fler bile zorlu gelebilir. K\u0131\u015flar buzlu yollar ve yo\u011fun kar ya\u011f\u0131\u015f\u0131 getirebilir; yaz g\u00fcnleri yo\u011fun g\u00fcne\u015f getirebilir, bu nedenle g\u00fcne\u015f kremi ve s\u0131v\u0131 al\u0131m\u0131 \u00f6nerilir. Ziyaret\u00e7iler, di\u011fer ABD destinasyonlar\u0131nda oldu\u011fu gibi garsonlara ve rehberlere bah\u015fi\u015f vermelidir (-20). G\u00f6rg\u00fc kurallar\u0131 gayriresm\u00eedir: yoldan ge\u00e7enlerin h\u0131zl\u0131 bir &#034;merhaba&#034; veya ba\u015f\u0131n\u0131 sallamas\u0131 gelenekseldir. Pagosa&#039;da g\u00fcvenlik genellikle iyidir: topluluk k\u00fc\u00e7\u00fck ve huzurludur. Sa\u011fduyulu \u00f6nlemler ge\u00e7erlidir - yaban hayat\u0131na dikkat edin (kamp alanlar\u0131nda ay\u0131lar veya geyikler, k\u0131z\u0131\u015fm\u0131\u015f \u00e7\u0131ng\u0131rakl\u0131 y\u0131lanlar) ve \u00f6zellikle k\u0131\u015f\u0131n hava durumu uyar\u0131lar\u0131na uyun.<a href=\"https:\/\/travelshelper.com\/tr\/hedefler\/kuzey-amerika\/amerika-birlesik-devletleri\/berkeley-springs\/\" target=\"_self\" aria-labelledby=\"uael-post-8997\"><br \/>\n<\/a><\/p>","protected":false},"excerpt":{"rendered":"<p>Ute dilinde Pagw\u00f6\u00f6sa ve Navajo dilinde T\u00f3 Sido H\u00e1\u00e1l\u012f\u0301 olarak bilinen Pagosa Springs, Colorado&#039;daki Archuleta County&#039;nin kalbinde yer alan canl\u0131 ve \u00f6zg\u00fcn bir topluluktur. \u0130l\u00e7e merkezi ve b\u00f6lgedeki en kalabal\u0131k kasaba olan Pagosa Springs, hem do\u011fal g\u00fczelli\u011fi hem de b\u00fcy\u00fck tarihi ve k\u00fclt\u00fcrel de\u011feriyle e\u015fsizdir. 2020 n\u00fcfus say\u0131m\u0131na g\u00f6re 1.571 n\u00fcfusa sahip olan bu yerel y\u00f6netim belediyesi, hem insanlar hem de turistler i\u00e7in olduk\u00e7a ra\u011fbet g\u00f6rmektedir. K\u00fc\u00e7\u00fck kasaba cazibesiyle birlikte b\u00fcy\u00fck vah\u015fi ya\u015fam alanlar\u0131na eri\u015fim imkan\u0131 sunar.<\/p>","protected":false},"author":1,"featured_media":17607,"parent":8072,"menu_order":0,"comment_status":"closed","ping_status":"closed","template":"elementor_theme","meta":{"_eb_attr":"","footnotes":""},"class_list":["post-8967","page","type-page","status-publish","has-post-thumbnail"],"_links":{"self":[{"href":"https:\/\/travelshelper.com\/tr\/wp-json\/wp\/v2\/pages\/8967","targetHints":{"allow":["GET"]}}],"collection":[{"href":"https:\/\/travelshelper.com\/tr\/wp-json\/wp\/v2\/pages"}],"about":[{"href":"https:\/\/travelshelper.com\/tr\/wp-json\/wp\/v2\/types\/page"}],"author":[{"embeddable":true,"href":"https:\/\/travelshelper.com\/tr\/wp-json\/wp\/v2\/users\/1"}],"replies":[{"embeddable":true,"href":"https:\/\/travelshelper.com\/tr\/wp-json\/wp\/v2\/comments?post=8967"}],"version-history":[{"count":0,"href":"https:\/\/travelshelper.com\/tr\/wp-json\/wp\/v2\/pages\/8967\/revisions"}],"up":[{"embeddable":true,"href":"https:\/\/travelshelper.com\/tr\/wp-json\/wp\/v2\/pages\/8072"}],"wp:featuredmedia":[{"embeddable":true,"href":"https:\/\/travelshelper.com\/tr\/wp-json\/wp\/v2\/media\/17607"}],"wp:attachment":[{"href":"https:\/\/travelshelper.com\/tr\/wp-json\/wp\/v2\/media?parent=8967"}],"curies":[{"name":"wp","href":"https:\/\/api.w.org\/{rel}","templated":true}]}}