{"id":8949,"date":"2024-09-06T15:29:24","date_gmt":"2024-09-06T15:29:24","guid":{"rendered":"https:\/\/travelshelper.com\/staging\/?page_id=8949"},"modified":"2026-03-13T17:49:35","modified_gmt":"2026-03-13T17:49:35","slug":"glenwood-springs","status":"publish","type":"page","link":"https:\/\/travelshelper.com\/tr\/destinations\/north-america\/united-states\/glenwood-springs\/","title":{"rendered":"Glenwood Springs"},"content":{"rendered":"<p>Glenwood Springs, yakla\u015f\u0131k 10.000 n\u00fcfuslu k\u00fc\u00e7\u00fck bir Colorado \u015fehridir, ancak Rocky Da\u011flar\u0131&#039;nda b\u00fcy\u00fck bir \u00fcne sahiptir. Colorado ve Roaring Fork nehirlerinin birle\u015fti\u011fi, bat\u0131 Colorado&#039;daki &#034;Roaring Fork Vadisi&#034;nde yakla\u015f\u0131k 5.760 fit y\u00fckseklikte yer almaktad\u0131r. Glenwood Springs&#039;in ekonomisi ve ya\u015fam tarz\u0131 uzun zamand\u0131r turizm ve a\u00e7\u0131k hava rekreasyonuna odaklanm\u0131\u015ft\u0131r. D\u00fcnyan\u0131n en b\u00fcy\u00fck mineral kapl\u0131ca havuzunun (19. y\u00fczy\u0131l spa k\u00fclt\u00fcr\u00fcnden kalma bir miras) evi olarak \u00fcnl\u00fcd\u00fcr. K\u00fc\u00e7\u00fck bir \u015fehir olarak, ki\u015fi ba\u015f\u0131na d\u00fc\u015fen GSY\u0130H m\u00fctevaz\u0131d\u0131r; ortalama hane geliri yakla\u015f\u0131k 87.000 dolard\u0131r (bir\u00e7ok Colorado tatil beldesinden daha y\u00fcksek) ve yoksulluk oran\u0131 nispeten d\u00fc\u015f\u00fckt\u00fcr. Sakinlerin dikkate de\u011fer &#039;si canl\u0131 bir Latin toplulu\u011funu yans\u0131tan Hispanik veya Latin olarak tan\u0131mlanmaktad\u0131r ve yakla\u015f\u0131k &#039;si Beyazd\u0131r (Hispanik olmayan). Ortalama ya\u015f\u0131n daha y\u00fcksek olmas\u0131 (40&#039;l\u0131 ya\u015flar\u0131n ortas\u0131) ve b\u00fcy\u00fck oranda yerel bir i\u015fg\u00fcc\u00fcn\u00fcn bulunmas\u0131 nedeniyle Glenwood Springs, kendi kendine yeten bir da\u011f kasabas\u0131 gibi hissettiriyor; ba\u015fl\u0131ca end\u00fcstrileri sa\u011fl\u0131k hizmetleri (Valley View Hastanesi b\u00fcy\u00fck bir i\u015fveren), misafirperverlik (konaklama, yemek) ve a\u00e7\u0131k hava turizmidir (kayak merkezleri, rafting \u015firketleri).<\/p>\n<p>Glenwood Springs, Denver&#039;\u0131n yakla\u015f\u0131k 150 mil bat\u0131s\u0131nda, Interstate 70 boyunca, Colorado&#039;nun merkezinde yer al\u0131r. Engebeli Glenwood Kanyonu&#039;nun i\u00e7inde yer al\u0131r; y\u00fckselen k\u0131rm\u0131z\u0131 u\u00e7urum duvarlar\u0131yla \u00e7evrili, do\u011fal bir Colorado Nehri koridorudur. \u015eehir, vadilerin birle\u015fti\u011fi bir yere a\u00e7\u0131lan bat\u0131 kap\u0131s\u0131d\u0131r: buradan bir otoyol g\u00fcneye Aspen&#039;e (harika kayak), bir di\u011feri kuzeybat\u0131ya Vail&#039;e ve I-70 do\u011fuya y\u00fcksek \u00e7\u00f6le \u00e7\u0131kar. \u00c7evredeki manzara klasik y\u00fcksek \u00fclkedir: \u00e7am ve me\u015fe da\u011f yama\u00e7lar\u0131, etkileyici kumta\u015f\u0131 mesalar\u0131 ve kuzeydo\u011fuda buzullar\u0131n oydu\u011fu Hanging Lake su havzas\u0131. B\u00f6lgenin jeolojisi aktiftir; s\u0131cak su kaynaklar\u0131 kelimenin tam anlam\u0131yla faylar ve kire\u00e7ta\u015f\u0131 kaya\u00e7lar\u0131 aras\u0131ndan f\u0131\u015fk\u0131r\u0131r. Glenwood&#039;un iklimi k\u0131tasal da\u011fd\u0131r: K\u0131\u015flar so\u011fuk ve karl\u0131d\u0131r (Colorado&#039;nun Front Range&#039;inden daha \u0131l\u0131man olsa da) ve yazlar s\u0131cak ve nispeten kurudur. \u015eehrin etraf\u0131nda bir dizi mikro iklim vard\u0131r; nehre yak\u0131n alanlar, daha kuru mesa tepelerinden daha serin ve daha ye\u015fil olma e\u011filimindedir. Genel olarak, g\u00fcnd\u00fczleri yo\u011fun g\u00fcne\u015f \u0131\u015f\u0131\u011f\u0131, geceleri so\u011fuk ve yaz\u0131n \u00f6\u011fleden sonra g\u00f6k g\u00fcr\u00fclt\u00fcl\u00fc f\u0131rt\u0131na ihtimali beklenebilir. \u0130lkbahar ve sonbahar genellikle k\u0131sa ge\u00e7i\u015f mevsimleridir. Pratikte, hava genellikle y\u0131l boyu turizm i\u00e7in yeterince \u0131l\u0131mand\u0131r: y\u00fcr\u00fcy\u00fc\u015f\u00e7\u00fcler, kayak\u00e7\u0131lar ve spa ziyaret\u00e7ileri farkl\u0131 mevsimlerde buraya ak\u0131n eder.<\/p>\n<p>Glenwood Springs&#039;in tarihi \u00f6nc\u00fc ve s\u0131n\u0131r hikayeleriyle i\u00e7 i\u00e7edir. Ba\u015flang\u0131\u00e7ta maden aray\u0131c\u0131s\u0131 Jacob Barlow&#039;un (\u00fcnl\u00fc kapl\u0131calar\u0131 1883&#039;te ke\u015ffeden) ard\u0131ndan &#034;Barlow&#034; olarak adland\u0131r\u0131lan kasaba, 1884&#039;te Barlow&#039;un memleketi olan Iowa, Glenwood&#039;un ad\u0131n\u0131 ald\u0131. Terapatik kapl\u0131calar\u0131n etraf\u0131nda h\u0131zla b\u00fcy\u00fcd\u00fc: zengin ziyaret\u00e7iler g\u00f6rkemli oteller in\u015fa etti ve Denver &amp; Rio Grande demir yolu \u00fczerindeki tren hizmeti onu Colorado&#039;nun geri kalan\u0131na ba\u011flad\u0131. Asl\u0131nda, Ba\u015fkan Theodore Roosevelt 1905&#039;te Glenwood Springs&#039;te tatil yaparak onu ulusal bir inziva yeri olarak haritaya koymaya yard\u0131mc\u0131 oldu. Kasaba 1886&#039;da kuruldu ve Rocky Da\u011flar\u0131&#039;nda bir ula\u015f\u0131m merkezi haline geldi.<\/p>\n<p>\u00d6nemli d\u00f6n\u00fcm noktalar\u0131 aras\u0131nda 20. y\u00fczy\u0131l\u0131n ba\u015flar\u0131nda hidroelektrik santrallerinin geli\u015ftirilmesi (Glenwood Kanyonu&#039;ndaki baraj 1909&#039;da elektrik getirdi) ve daha sonra b\u00fcy\u00fck otoyollar\u0131n in\u015fa edilmesi yer al\u0131r. 20. y\u00fczy\u0131l\u0131n sonlar\u0131nda Glenwood&#039;un kimli\u011fi bir spa merkezinden bir e\u011flence merkezine do\u011fru kayd\u0131. Glenwood Caverns Adventure Park (1990&#039;larda \u015fehrin \u00fczerindeki Iron Mountain&#039;da a\u00e7\u0131ld\u0131) ve baz\u0131 hamamlar\u0131n e\u011flence mekanlar\u0131na d\u00f6n\u00fc\u015ft\u00fcr\u00fclmesi gibi yeni cazibe merkezleri cazibesini \u00e7e\u015fitlendirdi. \u00d6nemlisi, Glenwood Springs k\u0131\u015f\u0131n asla tamamen kapanmad\u0131 (baz\u0131 kayak kasabalar\u0131n\u0131n aksine), bu nedenle istikrarl\u0131, sakin odakl\u0131 bir ekonomi geli\u015ftirdi. K\u0131sacas\u0131, 19. y\u00fczy\u0131l spa kasabas\u0131 olarak k\u00f6klerinden kayak ve y\u00fcr\u00fcy\u00fc\u015f i\u00e7in bir ge\u00e7it g\u00f6revi g\u00f6ren bug\u00fcnk\u00fc rol\u00fcne kadar Glenwood Springs&#039;in tarihi istikrarl\u0131 bir yeniden icat tarihidir. Bug\u00fcn 20. y\u00fczy\u0131l miras\u0131 Bathhouse Row&#039;daki tu\u011fla ve kereste hamam binalar\u0131nda, y\u00fczy\u0131ll\u0131k otellerde ve hem mirasa hem de a\u00e7\u0131k hava ya\u015fam\u0131na de\u011fer veren bir toplum ahlak\u0131nda hayatta kalmaktad\u0131r.<\/p>\n<p>Glenwood Springs, samimi ve a\u00e7\u0131k hava temal\u0131 bir dokunu\u015fa sahip k\u00fc\u00e7\u00fck bir kasaba Western karakterine sahiptir. Resmi dil \u0130ngilizce&#039;dir ve &#039;lik Latin n\u00fcfusuyla \u0130spanyolca da olduk\u00e7a s\u0131k duyulur. Topluluk, \u00fcnl\u00fc bir yerel gelene\u011fi kutlar: 1898&#039;de kurulan ve Colorado&#039;nun en eski belediye kutlamas\u0131 olan \u00e7ok g\u00fcnl\u00fck bir yaz etkinli\u011fi olan Strawberry Days festivali. (Festivalin ad\u0131 vadinin tarihi \u00e7ilek \u00e7iftliklerini yans\u0131t\u0131r.) Bunun \u00f6tesinde, yerel k\u00fclt\u00fcr klasik da\u011f kasabas\u0131 unsurlar\u0131n\u0131 -biraz kovboy rodeo ruhu, madencilik tarihi ve s\u0131n\u0131r gelenekleri- kayak\u00e7\u0131 ve nehir rehberi k\u00fclt\u00fcr\u00fcyle harmanlar. Buradaki g\u00fcnl\u00fck ya\u015fam rahat bir da\u011f ritmini takip eder: insanlar genellikle rahat a\u00e7\u0131k hava k\u0131yafetleriyle (y\u00fcr\u00fcy\u00fc\u015f botlar\u0131 veya kayak logolu ti\u015f\u00f6rtler) g\u00f6r\u00fcl\u00fcr ve sosyal merkezler barlar veya gece kul\u00fcpleri yerine nehir k\u0131y\u0131s\u0131ndaki kafeler, bira fabrikalar\u0131 ve parklard\u0131r. Grand Avenue&#039;da (sevimli ana cadde) y\u00fcr\u00fcy\u00fc\u015fe \u00e7\u0131kt\u0131\u011f\u0131n\u0131zda sanat galerileri, kitap\u00e7\u0131lar ve eski barbek\u00fc lokantalar\u0131 ile yeni gurme bistrolar\u0131n bir kar\u0131\u015f\u0131m\u0131yla kar\u015f\u0131la\u015f\u0131rs\u0131n\u0131z; bu da kasaban\u0131n gelenek ile trendi nas\u0131l dengeledi\u011fini g\u00f6sterir.<\/p>\n<p>Sakinleri genellikle d\u0131\u015fa d\u00f6n\u00fck ve misafirperverdir. Bisiklet\u00e7iler, da\u011fc\u0131lar ve k\u00f6pek gezdirenler s\u0131k \u200b\u200bs\u0131k sohbet etmek i\u00e7in dururlar. Glenwood&#039;un iki katl\u0131 binalar\u0131 ve a\u011fa\u00e7larla \u00e7evrili sokaklar\u0131 insan \u00f6l\u00e7e\u011finde bir atmosfer yarat\u0131r. Tempo tela\u015fs\u0131zd\u0131r: yo\u011fun kar ya\u011f\u0131\u015f\u0131 insanlar\u0131n yava\u015f k\u0131\u015f projeleri planlamalar\u0131 anlam\u0131na gelirken, yaz\u0131n uzun ak\u015famlar\u0131 barbek\u00fc toplant\u0131lar\u0131n\u0131 ve \u00fccretsiz a\u00e7\u0131k hava konserlerini te\u015fvik eder. Belki de \u015fifal\u0131 su kaynaklar\u0131n\u0131n ge\u00e7mi\u015finden dolay\u0131, b\u00fct\u00fcnsel bir alt ak\u0131m da vard\u0131r - yerel klinikler ve yoga st\u00fcdyolar\u0131 sinek bal\u0131k\u00e7\u0131l\u0131\u011f\u0131 donan\u0131mc\u0131lar\u0131yla bir arada bulunur. Genel olarak, Glenwood Springs&#039;in &#034;hissi&#034; refah ve macerad\u0131r: ailelerin nesillerdir ya\u015fad\u0131\u011f\u0131, ancak yeni gelenlerin g\u00f6k mavisi nehirler, bir saat i\u00e7inde kayak yapma ve sa\u011fl\u0131kl\u0131 ve a\u00e7\u0131k hava e\u011flencesiyle \u00fcn sald\u0131\u011f\u0131 bir yer.<\/p>\n<p>Glenwood Springs&#039;in mutlaka g\u00f6r\u00fclmesi gereken \u00f6nemli noktalar\u0131n\u0131n hepsi sular\u0131 ve da\u011flar\u0131yla ba\u011flant\u0131l\u0131d\u0131r. Glenwood Hot Springs Resort efsanevidir: d\u00fcnyan\u0131n en b\u00fcy\u00fck mineralli s\u0131cak su havuzu olarak uluslararas\u0131 \u00fcne sahip bir &#034;B\u00fcy\u00fck Havuz&#034; i\u00e7erir. 122\u00b0F&#039;de do\u011fal kaynaklardan beslenen ve y\u00fczme i\u00e7in 104\u00b0F&#039;ye kadar so\u011futulan Ana Havuz bir milyon galondan fazla mineralli su tutar. Bu termal sularda y\u0131kanmak Ute K\u0131z\u0131lderilileri ve ilk yerle\u015fimcilere dayanan bir rit\u00fceldir. Hemen yan taraftaki tarihi Yampah Spa &amp; Vapor Caves ba\u015fka bir benzersiz deneyim sunar: nemli, s\u0131cak havan\u0131n ve mineral buharlar\u0131n\u0131n do\u011fal bir sauna olu\u015fturdu\u011fu kapal\u0131 termal ma\u011faralar. Gezmek i\u00e7in Glenwood Caverns Adventure Park&#039;a teleferikle \u00e7\u0131k\u0131n. Iron Mountain&#039;\u0131n tepesinde (7.100 fit) yer alan bu tema park\u0131nda antik kire\u00e7ta\u015f\u0131 ma\u011faralar\u0131nda ma\u011fara turlar\u0131 ve muhte\u015fem kanyon manzaralar\u0131 sunan heyecan verici yolculuklar (bir h\u0131z treni ve dev bir sal\u0131ncak) vard\u0131r.<\/p>\n<p>K\u0131sa bir s\u00fcr\u00fc\u015fle Colorado&#039;nun en \u00fcnl\u00fc y\u00fcr\u00fcy\u00fc\u015f parkurlar\u0131ndan biri olan Hanging Lake&#039;e var\u0131rs\u0131n\u0131z. Dar 1,2 mil uzunlu\u011fundaki patika, \u015felaleler ve traverten kaya duvarlar\u0131na yaslanm\u0131\u015f berrak, turkuaz bir g\u00f6le yakla\u015f\u0131k 1.000 fit t\u0131rman\u0131r. (G\u00f6l, korunan bir Ulusal Do\u011fal An\u0131t oldu\u011fundan y\u00fcr\u00fcy\u00fc\u015f izinleri gereklidir.) Di\u011fer a\u00e7\u0131k hava cazibeleri aras\u0131nda Sunlight Mountain Resort (\u015fehrin hemen kuzeydo\u011fusundaki yerel bir kayak alan\u0131) ve Glenwood Kanyonu&#039;ndan (k\u0131rm\u0131z\u0131 kayal\u0131klarla \u00e7er\u00e7evelenmi\u015f manzaral\u0131 ak\u0131nt\u0131lar) Colorado Nehri&#039;nde d\u00fcnya standartlar\u0131nda rafting bulunmaktad\u0131r. \u015eehirde, Grand Avenue boyunca y\u00fcr\u00fcy\u00fc\u015f yaparak Viktorya d\u00f6nemi hamam mimarisini, yerel d\u00fckkanlar\u0131 ve kafeleri g\u00f6rebilirsiniz. \u015eehir merkezindeki Hahn&#039;s Peak Park&#039;\u0131 ka\u00e7\u0131rmay\u0131n - nehrin yan\u0131nda k\u00fc\u00e7\u00fck ama klasik bir da\u011f park\u0131d\u0131r.<\/p>\n<p>Glenwood Springs&#039;te ayr\u0131ca k\u00fclt\u00fcrel cazibe merkezleri de vard\u0131r: tarihi Hotel Colorado (Teddy Roosevelt&#039;in bir zamanlar kald\u0131\u011f\u0131 yer) yerel tarih m\u00fczesine ev sahipli\u011fi yapar. Glenwood Vaudeville Revue, eski zaman Glenwood cazibesini yans\u0131tan pop\u00fcler bir ak\u015fam yeme\u011fi tiyatrosudur. Ve a\u00e7\u0131k hava merakl\u0131lar\u0131, Colorado Nehri boyunca bisiklet s\u00fcrmek i\u00e7in asfalt bir patika olan yeni Glenwood Kanyonu Rekreasyon Yolu&#039;nun tad\u0131n\u0131 \u00e7\u0131karabilirler. \u00d6zetlemek gerekirse, Glenwood&#039;un &#034;en \u00f6nemli cazibe merkezleri&#034; su ve macera etraf\u0131nda in\u015fa edilmi\u015ftir: \u0131slanan su kaynaklar\u0131, da\u011f panoramalar\u0131, alpin ma\u011faralar\u0131 ve patikalar. Bunlar bu k\u00fc\u00e7\u00fck kasabay\u0131 bile her \u015fey dahil bir tatil gibi hissettirir.<\/p>\n<p>Glenwood Springs&#039;in kendi b\u00fcy\u00fck havaliman\u0131 yoktur. En yak\u0131n ticari u\u00e7u\u015flar Denver Uluslararas\u0131 Havaliman\u0131&#039;na (yakla\u015f\u0131k 220 mil uzakl\u0131kta) veya Colorado Springs&#039;e (210 mil) yap\u0131l\u0131r. Ancak, k\u0131\u015f\u0131n daha yak\u0131n eri\u015fim i\u00e7in, gezginler genellikle Eagle County Havaliman\u0131&#039;na (Vail) veya Aspen\/Pitkin County Havaliman\u0131&#039;na u\u00e7ar ve ard\u0131ndan Interstate 70 ve y\u00fcksek da\u011f yollar\u0131nda 1-1,5 saat s\u00fcrer. Araba ile Glenwood&#039;a ula\u015fmak kolayd\u0131r: I-70&#039;in 116. \u00e7\u0131k\u0131\u015f\u0131nda, Grand Junction&#039;\u0131n 90 dakika do\u011fusunda ve State Highway 82 \u00fczerinden Vail\/Aspen&#039;in 25 dakika bat\u0131s\u0131nda yer al\u0131r. Amtrak&#039;\u0131n California Zephyr treni Glenwood Springs&#039;te durur ve Denver veya San Francisco K\u00f6rfez b\u00f6lgesinden manzaral\u0131 bir tren se\u00e7ene\u011fi sunar. Colorado&#039;nun eyalet otob\u00fcs hizmeti olan Bustang ve kayak servisleri de \u015fehre hizmet verir.<\/p>\n<p>Glenwood Springs \u015fehir merkezi olduk\u00e7a kompakt ve y\u00fcr\u00fcyerek gezilebilir. \u00dccretsiz bir \u015fehir otob\u00fcs\u00fc (&#034;Ride Glenwood&#034;), yerle\u015fim alanlar\u0131n\u0131, ma\u011fazalar\u0131 ve kapl\u0131calar\u0131 birbirine ba\u011flayan bir d\u00f6ng\u00fcde her 30 dakikada bir \u00e7al\u0131\u015f\u0131r. Yaz ve k\u0131\u015f aylar\u0131nda, geni\u015f kald\u0131r\u0131mlarda veya nehir boyunca uzanan bisiklet yolunda \u00e7ok say\u0131da bisiklet\u00e7i g\u00f6r\u00fclebilir. Ancak \u00e7o\u011fu ziyaret\u00e7i, \u00e7evredeki da\u011flara gitmek i\u00e7in araba kiralar (kendi servisi olan bir kayak merkezinde kalmad\u0131klar\u0131 s\u00fcrece). K\u0131\u015f yollar\u0131 karda kaygan olabilir, bu nedenle daha y\u00fcksek rak\u0131mlara giderken 4WD veya kar lastikleri ak\u0131ll\u0131ca olacakt\u0131r. Baz\u0131 turistik yerler (Hanging Lake patika ba\u015flang\u0131c\u0131 gibi) art\u0131k servis veya \u00fccretli park yeri gerektirir; bir\u00e7ok donan\u0131mc\u0131 ve otel kayak\u00e7\u0131lar ve y\u00fcr\u00fcy\u00fc\u015f\u00e7\u00fcler i\u00e7in servis hizmeti sa\u011flar.<\/p>\n<p>Para birimi ABD dolar\u0131d\u0131r. Her yerde \u0130ngilizce konu\u015fulur, ancak b\u00fcy\u00fck bir \u0130spanyol n\u00fcfusu oldu\u011fundan, \u0130spanyolcay\u0131 s\u0131k s\u0131k duyabilirsiniz. Restoranlarda ve rehberler i\u00e7in yakla\u015f\u0131k bah\u015fi\u015f standartt\u0131r. Y\u0131l boyunca a\u00e7\u0131k havada rahat giyinin: k\u0131\u015f\u0131n kat kat giyinin (da\u011f g\u00fcne\u015fi hala g\u00fc\u00e7l\u00fc olabilir) ve yaz\u0131n \u015fort\/ti\u015f\u00f6rt giyin (ancak serin geceler i\u00e7in bir ceket getirin). A\u00e7\u0131k havaya sayg\u0131 g\u00f6sterin: patikalarda kal\u0131n, yaban hayat\u0131ndan g\u00fcvenli bir mesafede durun (da\u011f aslanlar\u0131 ve ay\u0131lar ormanlarda ya\u015far) ve da\u011f y\u00fcr\u00fcy\u00fc\u015flerinden \u00f6nce havay\u0131 kontrol edin - f\u0131rt\u0131nalar h\u0131zla gelebilir. K\u0131\u015f\u0131n, belirlenmi\u015f alanlardan uzakla\u015f\u0131rsan\u0131z \u00e7\u0131\u011flara kar\u015f\u0131 dikkatli olun. Da\u011f g\u00fcne\u015fi y\u00fckseklerde yo\u011fundur; g\u00fcne\u015f kremi ve \u015fapka olmazsa olmazd\u0131r. Son olarak, Glenwood Springs nispeten g\u00fcvenli olsa da, otoyollar\u0131n (\u00f6zellikle I-70) kamyonlarla dolu oldu\u011funu unutmay\u0131n. \u015eehirdeki yaya ge\u00e7itlerini kullan\u0131n ve her zaman emniyet kemerinizi tak\u0131n.<a href=\"https:\/\/travelshelper.com\/tr\/hedefler\/kuzey-amerika\/amerika-birlesik-devletleri\/berkeley-springs\/\" target=\"_self\" aria-labelledby=\"uael-post-8997\"><br \/>\n<\/a><\/p>","protected":false},"excerpt":{"rendered":"<p>Colorado&#039;nun il\u00e7e merkezi olan Garfield County&#039;de hizmet veren canl\u0131 bir yerel y\u00f6netim belediyesi olan Glenwood Springs, Roaring Fork ve Colorado Nehirlerinin birle\u015fti\u011fi noktada yer almaktad\u0131r. 2020 Amerika Birle\u015fik Devletleri N\u00fcfus Say\u0131m\u0131&#039;na g\u00f6re 9.963 ki\u015fiyle bu k\u00fc\u00e7\u00fck ama kayda de\u011fer \u015fehir, b\u00f6lgede bir merkezdir. Glenwood Springs, Roaring Fork Vadisi ile Colorado Nehri boyunca da\u011f\u0131lm\u0131\u015f daha k\u00fc\u00e7\u00fck kasabalar aras\u0131nda merkezi bir merkezdir; stratejik konumu hem tarihi hem de modern \u00f6nemini a\u00e7\u0131klamaya yard\u0131mc\u0131 olur.<\/p>","protected":false},"author":1,"featured_media":17477,"parent":8072,"menu_order":0,"comment_status":"closed","ping_status":"closed","template":"elementor_theme","meta":{"_eb_attr":"","footnotes":""},"class_list":["post-8949","page","type-page","status-publish","has-post-thumbnail"],"_links":{"self":[{"href":"https:\/\/travelshelper.com\/tr\/wp-json\/wp\/v2\/pages\/8949","targetHints":{"allow":["GET"]}}],"collection":[{"href":"https:\/\/travelshelper.com\/tr\/wp-json\/wp\/v2\/pages"}],"about":[{"href":"https:\/\/travelshelper.com\/tr\/wp-json\/wp\/v2\/types\/page"}],"author":[{"embeddable":true,"href":"https:\/\/travelshelper.com\/tr\/wp-json\/wp\/v2\/users\/1"}],"replies":[{"embeddable":true,"href":"https:\/\/travelshelper.com\/tr\/wp-json\/wp\/v2\/comments?post=8949"}],"version-history":[{"count":0,"href":"https:\/\/travelshelper.com\/tr\/wp-json\/wp\/v2\/pages\/8949\/revisions"}],"up":[{"embeddable":true,"href":"https:\/\/travelshelper.com\/tr\/wp-json\/wp\/v2\/pages\/8072"}],"wp:featuredmedia":[{"embeddable":true,"href":"https:\/\/travelshelper.com\/tr\/wp-json\/wp\/v2\/media\/17477"}],"wp:attachment":[{"href":"https:\/\/travelshelper.com\/tr\/wp-json\/wp\/v2\/media?parent=8949"}],"curies":[{"name":"wp","href":"https:\/\/api.w.org\/{rel}","templated":true}]}}