{"id":8943,"date":"2024-09-06T15:20:18","date_gmt":"2024-09-06T15:20:18","guid":{"rendered":"https:\/\/travelshelper.com\/staging\/?page_id=8943"},"modified":"2026-03-13T18:14:42","modified_gmt":"2026-03-13T18:14:42","slug":"tecopa","status":"publish","type":"page","link":"https:\/\/travelshelper.com\/tr\/destinations\/north-america\/united-states\/tecopa\/","title":{"rendered":"Tecopa"},"content":{"rendered":"<p>K\u00fc\u00e7\u00fck bir \u00e7\u00f6l toplulu\u011fu olan Tecopa&#039;n\u0131n n\u00fcfusu 2020&#039;de sadece 120 ki\u015fi olarak kaydedildi (on y\u0131l \u00f6ncesine g\u00f6re yakla\u015f\u0131k 150&#039;den d\u00fc\u015f\u00fc\u015f). Bu, onu Kaliforniya&#039;n\u0131n n\u00fcfus say\u0131m\u0131na g\u00f6re belirlenmi\u015f en k\u00fc\u00e7\u00fck yerlerinden biri yap\u0131yor. Sakinlerin b\u00fcy\u00fck \u00e7o\u011funlu\u011fu Beyaz. 2010 n\u00fcfus say\u0131m\u0131nda, kasaban\u0131n 150 n\u00fcfusunun yakla\u015f\u0131k &#039;unun Beyaz olarak tan\u0131mland\u0131\u011f\u0131, k\u00fc\u00e7\u00fck bir y\u00fczdesinin (\u2248%5) Yerli Amerikal\u0131 ve baz\u0131lar\u0131n\u0131n \u00e7ok \u0131rkl\u0131 oldu\u011fu bulundu. Etnik veya \u0131rksal az\u0131nl\u0131klar ve Hispanikler \u00e7ok azd\u0131r (birlikte &#039;un alt\u0131nda). Ortanca ya\u015f y\u00fcksektir - yakla\u015f\u0131k 57-60 y\u0131l - bu da b\u00fcy\u00fck \u00f6l\u00e7\u00fcde ya\u015fl\u0131 bir n\u00fcfusu g\u00f6stermektedir. Bir\u00e7ok hane emekli veya uzun s\u00fcredir yerel ailelerden olu\u015fmaktad\u0131r.<\/p>\n<p>Tecopa&#039;n\u0131n end\u00fcstriyel bir temeli yoktur; ekonomisi hizmet ve turizm odakl\u0131d\u0131r. Tarihsel olarak bir maden kamp\u0131yd\u0131, ancak 20. y\u00fczy\u0131l\u0131n ortalar\u0131ndan bu yana kapl\u0131calara, m\u00fctevaz\u0131 \u00e7ift\u00e7ili\u011fe ve ziyaret\u00e7i hizmetlerine g\u00fcvenmektedir. K\u00fc\u00e7\u00fck bir hurma \u00e7ift\u00e7ili\u011fi i\u015fletmesi (China Ranch) ve birka\u00e7 han ve lokanta turistlere hizmet vermektedir. Ortalama hane geliri d\u00fc\u015f\u00fckt\u00fcr (yakla\u015f\u0131k 27.000 $) ve sakinlerin \u00f6nemli bir k\u0131sm\u0131 yoksulluk s\u0131n\u0131r\u0131n\u0131n alt\u0131nda ya\u015famaktad\u0131r. \u00d6zetle, Tecopa&#039;n\u0131n &#034;say\u0131lar\u0131&#034; turizme ve hafif tar\u0131ma ba\u011f\u0131ml\u0131 \u00e7ok k\u00fc\u00e7\u00fck, ya\u015flanan bir \u00e7\u00f6l k\u00f6y\u00fcn\u00fcn resmini \u00e7izmektedir.<\/p>\n<p>Tecopa, g\u00fcneydo\u011fu Kaliforniya&#039;da Mojave \u00c7\u00f6l\u00fc, Inyo County&#039;de yer al\u0131r. Nevada s\u0131n\u0131r\u0131n\u0131n yakla\u015f\u0131k 30 mil bat\u0131s\u0131nda ve Death Valley Milli Park\u0131&#039;n\u0131n hemen d\u0131\u015f\u0131nda, uzak bir kurak havzada yakla\u015f\u0131k 2.100 fit y\u00fckseklikte yer al\u0131r. Manzara sert ve engebelidir: engebeli da\u011flarla \u00e7evrili d\u00fcz \u00e7\u00f6l zeminleri (Nopah ve Panamint s\u0131rada\u011flar\u0131 bat\u0131da ve kuzeyde yer al\u0131r) ve kire\u00e7ta\u015f\u0131 kanyonlar\u0131yla kesi\u015fir. Amargosa Nehri mevsimsel olarak yak\u0131ndaki derin bir ge\u00e7itten akar. Bu uzak karakola yaln\u0131zca k\u0131vr\u0131ml\u0131 eyalet otoyollar\u0131yla (kuzeyden\/g\u00fcneyden CA-127 veya bat\u0131dan CA-178) ula\u015f\u0131l\u0131r.<\/p>\n<p>Tecopa, u\u00e7suz bucaks\u0131z g\u00f6ky\u00fcz\u00fcn\u00fcn alt\u0131nda geni\u015f bir \u00e7\u00f6l platosundad\u0131r. Do\u011fuda Beyaz Da\u011flar y\u00fckselir ve hemen kuzeydo\u011fuda Nevada&#039;da Salt Springs S\u0131rada\u011flar\u0131 bulunur. Hurma a\u011fa\u00e7lar\u0131 ve yemye\u015fil bitki \u00f6rt\u00fcs\u00fcyle China Ranch, Amargosa Nehri&#039;nin bir kolu boyunca g\u00fcneye do\u011fru be\u015f mil uzan\u0131r. En yak\u0131n ger\u00e7ek kasabalar Pahrump NV (yakla\u015f\u0131k 60 mil do\u011fu) ve Shoshone CA&#039;d\u0131r (5 mil kuzey).<\/p>\n<p>\u0130klim kurak \u00e7\u00f6ld\u00fcr. Yazlar \u00e7ok s\u0131cakt\u0131r; Temmuz ay\u0131ndaki ortalama s\u0131cakl\u0131k 100\u00b0F&#039;yi a\u015far ve yaz ortas\u0131ndaki zirveler 110\u00b0F&#039;ye yakla\u015fabilir. G\u00f6ky\u00fcz\u00fc neredeyse her zaman a\u00e7\u0131kt\u0131r ve ya\u011f\u0131\u015f miktar\u0131 \u00e7ok azd\u0131r (Tecopa y\u0131lda ortalama sadece 5 in\u00e7tir). K\u0131\u015flar k\u0131ta standartlar\u0131na g\u00f6re \u0131l\u0131mand\u0131r; g\u00fcnd\u00fcz s\u0131cakl\u0131klar\u0131 60&#039;lara ula\u015fabilir ve gece donmalar\u0131 (30\u00b0F) m\u00fcmk\u00fcnd\u00fcr. Kar neredeyse hi\u00e7 yoktur. K\u0131sacas\u0131, Tecopa \u00e7\u00f6l havas\u0131n\u0131n u\u00e7 noktalar\u0131na tabidir: g\u00fcnd\u00fczleri kavurucu g\u00fcne\u015f, geceleri keskin bir so\u011fuma ve neredeyse hi\u00e7 ya\u011f\u0131\u015f olmaz.<\/p>\n<p>Tecopa&#039;n\u0131n tarihi hem yerli mirasa hem de s\u0131n\u0131r giri\u015fimcili\u011fine dayan\u0131r. Yerli Amerikal\u0131lar (Koso ve Chemehuevi kabileleri) bu kaynaklar\u0131 y\u00fczy\u0131llard\u0131r biliyorlard\u0131. 19. y\u00fczy\u0131l\u0131n ortalar\u0131nda Eski \u0130spanyol Yolu buradan \u00e7ok da uzak olmayan bir yerden ge\u00e7iyordu ve Mojave ve Owens Vadisi rotalar\u0131nda seyahat eden \u00f6nc\u00fcler suyunun fark\u0131ndayd\u0131 (asl\u0131nda Tecopa ismi yerel bir Paiute \u015fefini onurland\u0131r\u0131r). 1870&#039;lerde mineral avc\u0131lar\u0131 yak\u0131ndaki da\u011flarda g\u00fcm\u00fc\u015f ve kur\u015fun yataklar\u0131 ke\u015ffettiler.<\/p>\n<p>1875-1877&#039;de William ve Wallace Brown karde\u015fler Brownsville (daha sonra Tecopa Heights) adl\u0131 bir alanda bir kur\u015fun-g\u00fcm\u00fc\u015f madeni a\u00e7t\u0131lar. Jonas Osborne i\u015fletmeyi sat\u0131n ald\u0131 ve 1877&#039;de yerle\u015fim yerinin ad\u0131n\u0131 yerel \u015fefin ad\u0131yla &#034;Tecopa&#034; olarak de\u011fi\u015ftirdi. Ayn\u0131 y\u0131l bir postane a\u00e7\u0131ld\u0131 ve kamp\u0131n resmi olarak tan\u0131nmas\u0131 sa\u011fland\u0131. Ancak, erken madencilik patlamas\u0131 k\u0131sa ve d\u00fczensizdi; 1879&#039;da cevher t\u00fckendi ve alan b\u00fcy\u00fck \u00f6l\u00e7\u00fcde terk edildi.<\/p>\n<p>Tecopa, k\u00fc\u00e7\u00fck bir \u00e7iftlik ve kaynak suyu istasyonu olarak varl\u0131\u011f\u0131n\u0131 s\u00fcrd\u00fcrd\u00fc. 1907&#039;de Tonopah ve Tidewater Demiryolu b\u00f6lgeye ula\u015ft\u0131 (\u00d6l\u00fcm Vadisi&#039;nin kenar\u0131n\u0131 ge\u00e7erek) ve Tecopa&#039;y\u0131 k\u0131sa bir tren dura\u011f\u0131 olarak canland\u0131rd\u0131. Yeni bir postane a\u00e7\u0131ld\u0131 ve onu ulusal posta a\u011flar\u0131na ba\u011flad\u0131. Ancak 1930&#039;larda demir yolu bile kapand\u0131 ve Tecopa tekrar s\u00f6nd\u00fc.<\/p>\n<p>Modern d\u00f6nem, yak\u0131ndaki madenlerin (Talk Tepesi&#039;ndeki talk madenleri) kapat\u0131ld\u0131\u011f\u0131 1957&#039;den sonra ba\u015flad\u0131. 1960&#039;larda ve 70&#039;lerde federal h\u00fck\u00fcmet, kapl\u0131calar\u0131n etraf\u0131ndaki eyalet arazilerini satarak b\u00f6lgeyi \u00f6zel geli\u015fime a\u00e7t\u0131. Giri\u015fimciler, do\u011fal kaynaklar\u0131n yak\u0131n\u0131nda k\u00fc\u00e7\u00fck kapl\u0131calar ve moteller in\u015fa ettiler. 20. y\u00fczy\u0131l\u0131n sonlar\u0131na do\u011fru Tecopa, kendisini bir kapl\u0131ca inziva yeri olarak yeniden icat etti: Tecopa Hot Springs (halka a\u00e7\u0131k hamamlar) a\u00e7\u0131ld\u0131 ve birka\u00e7 rustik tatil k\u00f6y\u00fc (Tecopa Spa, China Ranch&#039;teki tesisler ve daha fazlas\u0131) \u0131l\u0131k mineral sular\u0131n\u0131n etraf\u0131nda t\u00fcredi. Kasaban\u0131n DNA&#039;s\u0131 madencilik karakolundan spa toplulu\u011funa d\u00f6n\u00fc\u015ft\u00fc. Bug\u00fcn, tarihi bir avu\u00e7 eski binada ve terk edilmi\u015f madende yank\u0131lan\u0131yor, ancak ilgi \u00e7ekici d\u00f6n\u00fcm noktas\u0131 hala Tecopa&#039;y\u0131 \u00e7\u00f6lde bir cennet yapan do\u011fal kapl\u0131calar setidir.<\/p>\n<p>Tecopa, manzaras\u0131 kadar sessiz ve seyrektir, rahat, k\u0131rsal bir karaktere sahiptir. Dil ve \u0130nsanlar: Burada \u0130ngilizce evrenseldir; neredeyse herkes evde \u0130ngilizce konu\u015fur. Topluluk k\u00fc\u00e7\u00fck ve \u00e7o\u011funlukla ya\u015fl\u0131d\u0131r. Yerliler yabanc\u0131lar\u0131 k\u00fc\u00e7\u00fck kasaba Amerika&#039;s\u0131n\u0131n rahat s\u0131cakl\u0131\u011f\u0131yla kar\u015f\u0131lar, ancak buradaki ya\u015fam tela\u015fs\u0131z bir ritimde ilerler. Bir ziyaret\u00e7i, temponun &#034;g\u00fcn bat\u0131m\u0131nda yava\u015f&#034; oldu\u011funu g\u00f6zlemledi: \u00f6\u011fleden sonralar\u0131 sessizli\u011fi bozan tek \u015fey s\u0131cakl\u0131kt\u0131r.<\/p>\n<p>Tecopa, b\u00fcy\u00fckl\u00fc\u011f\u00fcne ra\u011fmen birka\u00e7 yerel etkinli\u011fe ev sahipli\u011fi yap\u0131yor. G\u00f6n\u00fcll\u00fc itfaiye te\u015fkilat\u0131 her Kas\u0131m ay\u0131nda itfaiye te\u015fkilat\u0131 i\u00e7in para toplayan bir yemekli ve dansl\u0131 yemek olan &#034;Firehouse Fling&#034; d\u00fczenliyor. Kasaba ayr\u0131ca 2014&#039;ten beri Tecopa Takeover M\u00fczik Festivali&#039;ni d\u00fczenliyor; bu festival, yerel ve ziyaret eden m\u00fczisyenlerin k\u00f6kleri ve halk seslerini sergiledi\u011fi k\u00fc\u00e7\u00fck bir bulu\u015fma. Bu etkinlikler Tecopa&#039;n\u0131n DIY ruhunu ve uzak bir yerde topluluk ba\u011flar\u0131n\u0131 g\u00fc\u00e7l\u00fc tutma hedefini yans\u0131t\u0131yor.<\/p>\n<p>Tecopa izole hissettiriyor, ancak misafirperverlikten uzak de\u011fil. S\u0131n\u0131r kamp\u0131 havas\u0131 yay\u0131yor: tozlu g\u00fcn bat\u0131mlar\u0131, palmiyeler ve kakt\u00fcsler, arada s\u0131rada ge\u00e7en bir kamyonetin g\u00fcr\u00fclt\u00fcs\u00fc. Geceleri, y\u0131ld\u0131zlarla dolu g\u00f6ky\u00fcz\u00fc engin ve parlak. Ger\u00e7ek bir gece hayat\u0131 yok; ak\u015famlar sessizce ge\u00e7iriliyor (genellikle ay \u0131\u015f\u0131\u011f\u0131 alt\u0131nda kapl\u0131calarda). Kalabal\u0131\u011f\u0131n -ve hatta trafik \u0131\u015f\u0131klar\u0131n\u0131n veya benzin istasyonlar\u0131n\u0131n- yoklu\u011fu elle tutulur. Yine de ziyaret\u00e7iler genellikle yerel halk\u0131n arkada\u015f canl\u0131s\u0131 ve merakl\u0131 oldu\u011funu bildiriyor: kafede veya kapl\u0131calarda sohbet etmeye davet edilebilirsiniz veya \u00e7\u00f6l\u00fcn \u00f6tesindeki &#034;\u015fehirdeki&#034; ya\u015fam hakk\u0131nda sorular sorulabilir. K\u0131sacas\u0131, Tecopa uzak ve tefekk\u00fcrl\u00fc hissettiriyor. G\u00fcnl\u00fck rutinlerin b\u00fcy\u00fck bir \u015fehrin saatleri ve arabalar\u0131 taraf\u0131ndan de\u011fil, ihtiya\u00e7lar ve do\u011fa taraf\u0131ndan (bitkileri sulamak, postay\u0131 kontrol etmek, \u0131l\u0131k bir kapl\u0131cada dinlenmek) y\u00f6nlendirildi\u011fi bir yer.<\/p>\n<p>Tecopa&#039;n\u0131n cazibesi do\u011fal ortam\u0131ndan kaynaklanmaktad\u0131r. Kapl\u0131calar ba\u015fl\u0131ca ilgi \u00e7ekici yerlerdir: \u015eehirdeki \u00e7e\u015fitli jeotermal havuzlar ve spa tesisleri, gezginlerin y\u0131l boyunca mineralli suda \u0131slanmalar\u0131na olanak tan\u0131r. Halka a\u00e7\u0131k Tecopa Kapl\u0131calar\u0131 Eyalet Rekreasyon Alan\u0131&#039;nda, Furnace Creek Ranch Kapl\u0131calar\u0131&#039;ndan (eski ad\u0131yla Tecopa Kapl\u0131calar\u0131) gelen suyla beslenen m\u00fctevaz\u0131 a\u00e7\u0131k hava havuzlar\u0131nda y\u0131kanabilirsiniz. G\u00fcneyde k\u0131sa bir s\u00fcr\u00fc\u015f, yemye\u015fil hurma a\u011fa\u00e7lar\u0131yla dolu beklenmedik bir vaha olan China Ranch Date Farm&#039;a \u00e7\u0131kar. Ziyaret\u00e7iler orada bir hurma a\u011fac\u0131 korusunda y\u00fcr\u00fcy\u00fc\u015f yapabilir, hurma shake&#039;leri deneyebilir ve Amargosa Nehri boyunca y\u00fcr\u00fcy\u00fc\u015f yapabilir.<\/p>\n<p>Kaynaklardan \u00f6tede, Death Valley Milli Park\u0131 kolayca araba ile gidilebilecek bir mesafededir (yakla\u015f\u0131k 40 mil kuzeyde). Bir\u00e7ok ki\u015fi Tecopa&#039;y\u0131 park\u0131n yak\u0131n\u0131ndaki \u015firin bir karakol olarak kullan\u0131r. Death Valley&#039;e g\u00fcn\u00fcbirlik bir gezi, Tecopa&#039;n\u0131n k\u00fc\u00e7\u00fck kasaba sessizli\u011fine dramatik bir tamamlay\u0131c\u0131 g\u00f6revi g\u00f6ren muhte\u015fem manzaralar\u0131 (Badwater Basin, Zabriskie Point, Mesquite Flat kumullar\u0131, vb.) ortaya \u00e7\u0131kar\u0131r.<\/p>\n<p>Yak\u0131nlardaki Shoshone, sadece 5 mil kuzeyde, b\u00f6lgenin hikayesine ba\u011flam sa\u011flayan madencilik ve Yerli Amerikan eserleri sunan Shoshone M\u00fczesi&#039;ne (tarihi d\u00f6rt odal\u0131 bir otelin i\u00e7inde) sahiptir. Do\u011fa severler ayr\u0131ca ilgi \u00e7ekici yerler de bulur: Spring Mountain \u00c7iftli\u011fi ve Amargosa Chaos, kanyonlar boyunca k\u0131sa y\u00fcr\u00fcy\u00fc\u015flerdir ve Grimshaw G\u00f6l\u00fc (nadir bir \u00e7\u00f6l rezervuar\u0131) bazen su kaya\u011f\u0131 yapanlar taraf\u0131ndan kullan\u0131l\u0131r.<\/p>\n<p>\u00d6zetle mutlaka g\u00f6r\u00fclmesi gereken deneyimler \u015funlard\u0131r:<\/p>\n<ul>\n<li>Tecopa&#039;n\u0131n halka a\u00e7\u0131k ve tatil k\u00f6ylerinin kapl\u0131calar\u0131nda dinlenmek (genellikle insanlar\u0131n buraya gelme sebebi olarak g\u00f6sterilir).<\/li>\n<li>\u015eehirden ula\u015f\u0131labilen Death Valley NP&#039;yi ke\u015ffetmek.<\/li>\n<li>Hurma \u00fcr\u00fcnlerini tatmak ve nehir k\u0131y\u0131s\u0131nda y\u00fcr\u00fcy\u00fc\u015f yapmak i\u00e7in China Ranch&#039;i ziyaret ediyoruz.<\/li>\n<li>Yerel tarih i\u00e7in k\u00fc\u00e7\u00fck Shoshone M\u00fczesi&#039;ni geziyoruz.<\/li>\n<li>Yak\u0131ndaki Dumont Kumullar\u0131&#039;nda arazi s\u00fcr\u00fc\u015f\u00fc (macera ara\u00e7lar\u0131 i\u00e7in) veya manzaral\u0131 \u00e7\u00f6l patikalar\u0131nda y\u00fcr\u00fcy\u00fc\u015f.<br \/>\nBunlar\u0131n her biri Tecopa&#039;n\u0131n engebeli do\u011fas\u0131 ile ilgin\u00e7 k\u00fc\u00e7\u00fck kasaba cazibesinin birle\u015fimini yans\u0131t\u0131yor.<\/li>\n<\/ul>\n<p>Tecopa&#039;da havaalan\u0131 veya tren istasyonu yoktur. \u00c7o\u011fu ziyaret\u00e7i arabayla gelir. Kasaba, CA Otoyollar\u0131 127 ve 178&#039;in kav\u015fa\u011f\u0131nda yer al\u0131r. Bat\u0131da (g\u00fcneyde) Otoyol 178, Inyokern (Ridgecrest b\u00f6lgesine eri\u015fim ile) \u00fczerinden Kaliforniya&#039;ya 90 mil uzan\u0131rken, do\u011fuda (kuzeyde) Otoyol 127, Baker&#039;da Nevada ve Interstate 15&#039;e ba\u011flan\u0131r. En yak\u0131n b\u00fcy\u00fck havaalanlar\u0131 Las Vegas, NV&#039;de (McCarran Uluslararas\u0131, ~120 mil do\u011fuda) veya Los Angeles, CA&#039;da (LAX, ~230 mil g\u00fcneybat\u0131da) bulunur. Daha yak\u0131n b\u00f6lgesel havaalanlar\u0131 aras\u0131nda Bishop (kuzeyde) veya Las Vegas&#039;\u0131n daha k\u00fc\u00e7\u00fck terminali bulunur. Burada yolcu treni hizmeti yoktur.<\/p>\n<p>Tecopa&#039;n\u0131n kendisi son derece k\u00fc\u00e7\u00fckt\u00fcr ve b\u00fcy\u00fck \u00f6l\u00e7\u00fcde y\u00fcr\u00fcyerek gezilebilir (ma\u011faza, kafe, spa ve konaklama tesisleri tek ana caddesi boyunca k\u00fcmelenmi\u015ftir). Ancak, \u015fehrin \u00f6tesini ke\u015ffetmek i\u00e7in bir araba \u015fartt\u0131r. Yerel &#034;toplu ta\u015f\u0131ma&#034;n\u0131n asgari d\u00fczeyde oldu\u011funu unutmay\u0131n: Tecopa&#039;y\u0131 Pahrump, NV&#039;ye (Eastern Sierra Transit \u00fczerinden) ba\u011flayan ayda iki kez bir otob\u00fcs vard\u0131, ancak hizmet ask\u0131ya al\u0131nd\u0131. Kiral\u0131k arabalar veya ki\u015fisel ara\u00e7lar, kapl\u0131calar\u0131 ve \u00e7evredeki turistik yerleri ziyaret etmenin tek pratik yoludur. Dumont Dunes gibi yerler i\u00e7in arazi ara\u00e7lar\u0131na ihtiya\u00e7 vard\u0131r. Yol ko\u015fullar\u0131 genellikle iyidir (\u00e7ift \u015feritli otoyollar), ancak s\u00fcr\u00fcc\u00fcler \u00e7\u00f6lde geceleri dola\u015fan \u00e7iftlik hayvanlar\u0131na veya vah\u015fi ya\u015fama dikkat etmelidir.<\/p>\n<p>Para birimi ABD dolar\u0131 ve birincil dil \u0130ngilizce&#039;dir. Ziyaret\u00e7iler \u00e7\u00f6l ko\u015fullar\u0131na haz\u0131rl\u0131kl\u0131 olmal\u0131d\u0131r: su ta\u015f\u0131y\u0131n, g\u00fcne\u015f koruyucu kullan\u0131n ve \u00f6\u011flen yaz s\u0131ca\u011f\u0131nda d\u0131\u015far\u0131da efor sarf etmekten ka\u00e7\u0131n\u0131n. Cep telefonu kapsama alan\u0131 zay\u0131ft\u0131r; baz\u0131 b\u00f6lgelerde sinyal olmayabilir. En yak\u0131n marketler Pahrump, NV veya Bishop, CA&#039;dad\u0131r, bu nedenle malzemeleri buna g\u00f6re planlay\u0131n.<\/p>\n<p>Tecopa genel standartlara g\u00f6re olduk\u00e7a g\u00fcvenlidir - k\u00fc\u00e7\u00fck, s\u0131k\u0131 s\u0131k\u0131ya ba\u011fl\u0131 topluluk nedeniyle su\u00e7 neredeyse yoktur. Kom\u015fular birbirlerini s\u0131cak bir \u015fekilde selamlama e\u011filimindedir; ma\u011fazada veya kapl\u0131calarda nazik bir merhaba yayg\u0131nd\u0131r. \u015eehir d\u0131\u015f\u0131ndan gelenler insanlar\u0131 yard\u0131msever bulacakt\u0131r, ancak bunun cilal\u0131 anlamda bir &#034;tatil kasabas\u0131&#034; olmad\u0131\u011f\u0131n\u0131 unutmay\u0131n: m\u00fctevaz\u0131 k\u0131yafetler ve sessiz tav\u0131rlar normdur. Kaliforniya yasalar\u0131n\u0131n \u00f6tesinde yasal tuhafl\u0131klar yoktur (h\u0131z s\u0131n\u0131rlar\u0131na dikkat edin ve yaban hayat\u0131na veya \u00f6zel m\u00fclke zarar vermeyin). K\u0131sacas\u0131, Tecopa&#039;ya sessiz bir k\u0131rsal destinasyon olarak yakla\u015f\u0131n: arkada\u015f canl\u0131s\u0131 olun, rahat bir tempoda kal\u0131n ve hemen uyum sa\u011flars\u0131n\u0131z.<a href=\"https:\/\/travelshelper.com\/tr\/hedefler\/kuzey-amerika\/amerika-birlesik-devletleri\/berkeley-springs\/\" target=\"_self\" aria-labelledby=\"uael-post-8997\"><br \/>\n<\/a><\/p>","protected":false},"excerpt":{"rendered":"<p>Tecopa, Kaliforniya&#039;n\u0131n Inyo County&#039;sinin g\u00fcneydo\u011fu b\u00f6lgesinde bulunan Mojave \u00c7\u00f6l\u00fc&#039;nde bulunan bir n\u00fcfus say\u0131m\u0131 yeridir (CDP). Tarihi \u00f6nemi ve do\u011fal g\u00fczelli\u011fiyle \u00f6ne \u00e7\u0131kan bu k\u00fc\u00e7\u00fck kasaba, y\u0131llar i\u00e7inde \u00f6nemli \u00f6l\u00e7\u00fcde de\u011fi\u015fmi\u015ftir. Koso ve Chemehuevi K\u0131z\u0131lderililerinin gelenek ve k\u00fclt\u00fcrlerini yans\u0131tan Tecopa&#039;n\u0131n ge\u00e7mi\u015fi, onlar\u0131nkiyle s\u0131k\u0131 s\u0131k\u0131ya i\u00e7 i\u00e7edir. Yak\u0131nlardaki madenlerden gelen mineral zenginli\u011fi olas\u0131l\u0131\u011f\u0131yla y\u00f6nlendirilen b\u00f6lge, 19. y\u00fczy\u0131l\u0131n sonlar\u0131nda \u00f6nc\u00fc say\u0131s\u0131nda \u00f6nemli bir art\u0131\u015f g\u00f6rd\u00fc.<\/p>","protected":false},"author":1,"featured_media":17576,"parent":8072,"menu_order":0,"comment_status":"closed","ping_status":"closed","template":"elementor_theme","meta":{"_eb_attr":"","footnotes":""},"class_list":["post-8943","page","type-page","status-publish","has-post-thumbnail"],"_links":{"self":[{"href":"https:\/\/travelshelper.com\/tr\/wp-json\/wp\/v2\/pages\/8943","targetHints":{"allow":["GET"]}}],"collection":[{"href":"https:\/\/travelshelper.com\/tr\/wp-json\/wp\/v2\/pages"}],"about":[{"href":"https:\/\/travelshelper.com\/tr\/wp-json\/wp\/v2\/types\/page"}],"author":[{"embeddable":true,"href":"https:\/\/travelshelper.com\/tr\/wp-json\/wp\/v2\/users\/1"}],"replies":[{"embeddable":true,"href":"https:\/\/travelshelper.com\/tr\/wp-json\/wp\/v2\/comments?post=8943"}],"version-history":[{"count":0,"href":"https:\/\/travelshelper.com\/tr\/wp-json\/wp\/v2\/pages\/8943\/revisions"}],"up":[{"embeddable":true,"href":"https:\/\/travelshelper.com\/tr\/wp-json\/wp\/v2\/pages\/8072"}],"wp:featuredmedia":[{"embeddable":true,"href":"https:\/\/travelshelper.com\/tr\/wp-json\/wp\/v2\/media\/17576"}],"wp:attachment":[{"href":"https:\/\/travelshelper.com\/tr\/wp-json\/wp\/v2\/media?parent=8943"}],"curies":[{"name":"wp","href":"https:\/\/api.w.org\/{rel}","templated":true}]}}