{"id":8931,"date":"2024-09-06T14:44:36","date_gmt":"2024-09-06T14:44:36","guid":{"rendered":"https:\/\/travelshelper.com\/staging\/?page_id=8931"},"modified":"2026-03-13T17:36:17","modified_gmt":"2026-03-13T17:36:17","slug":"calistoga","status":"publish","type":"page","link":"https:\/\/travelshelper.com\/tr\/destinations\/north-america\/united-states\/calistoga\/","title":{"rendered":"Calistoga"},"content":{"rendered":"<p>Calistoga, California, kapl\u0131calar\u0131 ve rahat Napa Vadisi ya\u015fam tarz\u0131yla \u00fcnl\u00fc k\u00fc\u00e7\u00fck bir spa ve \u015farap kasabas\u0131d\u0131r. Napa Vadisi&#039;nin kuzey ucunda yer alan Calistoga&#039;n\u0131n sadece yakla\u015f\u0131k 5.200 sakini vard\u0131r (2020 n\u00fcfus say\u0131m\u0131). N\u00fcfusu hafta sonlar\u0131 turistler ve \u015farap \u00fclkesi ziyaret\u00e7ileriyle birlikte artmaktad\u0131r. Kasaba, San Francisco&#039;nun yakla\u015f\u0131k 75 mil kuzeyinde, Napa County&#039;de yakla\u015f\u0131k 1,8 mil karelik bir alan\u0131 kaplamaktad\u0131r. Mayacamas Da\u011flar\u0131&#039;n\u0131n (Sahil S\u0131rada\u011flar\u0131&#039;n\u0131n bir par\u00e7as\u0131) dibine yak\u0131n bir yerde yer al\u0131r ve kuzeyinde Mount St. Helena (4.300 ft) y\u00fckselir. Calistoga&#039;n\u0131n g\u00fcne\u015fli vadi taban\u0131n\u0131 \u00fcz\u00fcm ba\u011flar\u0131 ve tar\u0131m arazileri \u00e7evreler ve kasaba Napa Nehri&#039;nin hemen do\u011fusundad\u0131r.<\/p>\n<p><strong>Calistoga Rakamlarla:<\/strong><\/p>\n<ul>\n<li><strong>N\u00fcfus:<\/strong> ~5.228 (2020). Irk\/etnik k\u00f6kene g\u00f6re yakla\u015f\u0131k &#039;\u00fc Hispanik olmayan Beyaz ve yakla\u015f\u0131k &#039;i Hispanik veya Latin (herhangi bir \u0131rktan). Ortanca ya\u015f y\u00fcksektir (~49 y\u0131l) \u2013 burada bir\u00e7ok emekli ve \u015farap \u00fcreticisi ya\u015famaktad\u0131r.<\/li>\n<li><strong>Ekonomi:<\/strong> Calistoga&#039;n\u0131n ekonomisi turizm taraf\u0131ndan y\u00f6nlendirilir. Ziyaret\u00e7iler kapl\u0131calar, spalar ve \u015farap imalathaneleri i\u00e7in gelir. Kasaba ayr\u0131ca baz\u0131 restoranlar\u0131, butik d\u00fckkanlar\u0131 ve k\u00fc\u00e7\u00fck imalathaneleri (\u00f6rne\u011fin \u015fi\u015felenmi\u015f maden suyu) destekler. Madencili\u011fin (alt\u0131n ve c\u0131va) ve \u00e7ift\u00e7ili\u011fin ilk g\u00fcnlerinden itibaren yerel ekonomi bo\u015f zaman ve ba\u011fc\u0131l\u0131\u011fa y\u00f6neldi. G\u00fcn\u00fcm\u00fczde, misafirperverlik i\u015fleri ve \u015farap \u00fcretimi hakimdir. Ortalama hane geliri yakla\u015f\u0131k 84.900 dolard\u0131r (2023).<\/li>\n<li><strong>\u0130klim:<\/strong> Calistoga&#039;da klasik bir Akdeniz iklimi vard\u0131r. Yazlar \u00e7ok s\u0131cak ve kurakt\u0131r - s\u0131cakl\u0131klar 100 \u00b0F&#039;nin \u00e7ok \u00fczerine \u00e7\u0131kabilir (Calistoga genellikle Napa&#039;n\u0131n en y\u00fcksek s\u0131cakl\u0131klar\u0131ndan baz\u0131lar\u0131n\u0131 kaydeder; asl\u0131nda, Kaliforniya&#039;n\u0131n rekor s\u0131cakl\u0131klar\u0131ndan baz\u0131lar\u0131 burada meydana gelmi\u015ftir). G\u00fcnd\u00fcz s\u0131cakl\u0131klar\u0131 Temmuz ve A\u011fustos aylar\u0131nda ortalama 90\u201395 \u00b0F civar\u0131ndad\u0131r, ancak geceler \u00f6nemli \u00f6l\u00e7\u00fcde so\u011fur. K\u0131\u015flar \u0131l\u0131k ve ya\u011f\u0131\u015fl\u0131d\u0131r, ya\u011fmur \u00e7o\u011funlukla Kas\u0131m-Mart aylar\u0131 aras\u0131ndad\u0131r. Don ve donlar nadirdir (\u00fcz\u00fcmc\u00fcl\u00fc\u011f\u00fcn geli\u015fmesinin bir nedeni).<\/li>\n<\/ul>\n<p><strong>Konum:<\/strong> Calistoga, San Francisco K\u00f6rfez B\u00f6lgesi&#039;nin Kuzey K\u00f6rfez b\u00f6lgesinde yer al\u0131r. Santa Rosa&#039;n\u0131n yakla\u015f\u0131k 30 mil kuzeyinde ve Sonoma County&#039;deki (STS) b\u00f6lgesel havaalan\u0131n\u0131n kuzeybat\u0131s\u0131na bir saatlik s\u00fcr\u00fc\u015f mesafesindedir. (Not: San Francisco Havaalan\u0131 yakla\u015f\u0131k 80 mil g\u00fcneydedir.) Kasaban\u0131n adrese dayal\u0131 iklimi ve manzaras\u0131, i\u00e7 kesimdeki bir Kuzey Kaliforniya vadisinin tipik \u00f6zellikleridir: d\u00fcz zeminde asmalar ve meyve bah\u00e7eleri, bat\u0131da me\u015fe ormanlar\u0131 ve volkanik tepeler.<\/p>\n<p><strong>Tarihsel Anl\u0131k G\u00f6r\u00fcnt\u00fc:<\/strong> Calistoga&#039;n\u0131n tarihi, giri\u015fimci Sam Brannan&#039;\u0131n (Kaliforniya&#039;daki ilk giri\u015fimcilerden biri) 1868&#039;de, \u015fehri Saratoga Springs, NY&#039;deki \u00fcnl\u00fc kapl\u0131ca tatil yerlerine g\u00f6re tasarlamas\u0131yla ba\u015flad\u0131 (bu nedenle &#034;Calistoga&#034; ad\u0131). On y\u0131l i\u00e7inde, geli\u015fen bir spa k\u00f6y\u00fcne d\u00f6n\u00fc\u015ft\u00fc. \u0130lk oteller ve hamamlar, San Franciscolular\u0131 ve rahats\u0131zl\u0131klar\u0131ndan kurtulmak isteyen turistleri cezbetti. Eski &#034;Olimpiyat boyutundaki&#034; Plunge (b\u00fcy\u00fck, \u0131s\u0131tmal\u0131 bir havuz) ve orijinal hamam, cazibe merkezleri olarak varl\u0131\u011f\u0131n\u0131 s\u00fcrd\u00fcr\u00fcyor. \u00dcnl\u00fc yazar Robert Louis Stevenson&#039;\u0131n 1880&#039;lerde Calistoga&#039;da zaman ge\u00e7irdi\u011fi ve kasaban\u0131n ilk g\u00fcnlerindeki kaba yontulmu\u015f s\u0131n\u0131r ya\u015fam\u0131 hakk\u0131nda &#034;Silverado Squatters&#034; adl\u0131 eserini yazd\u0131\u011f\u0131 dikkat \u00e7ekicidir. Orman yang\u0131nlar\u0131 b\u00f6lgeyi etkiledi - \u00f6rne\u011fin, 2017 ve 2020&#039;de tepe yang\u0131nlar\u0131 tahliyelere yol a\u00e7t\u0131. - bu yemye\u015fil manzaran\u0131n s\u0131cak yazlarda kuru yanabilece\u011finin bir hat\u0131rlat\u0131c\u0131s\u0131.<\/p>\n<p><strong>Yerel K\u00fclt\u00fcr ve Atmosfer:<\/strong> Calistoga, k\u0131rsal bir tatil kasabas\u0131n\u0131n rahat ruhuna sahiptir. \u0130ngilizce evrenseldir, ancak \u015farap imalathanesi \u00e7al\u0131\u015fanlar\u0131 ve ziyaret\u00e7iler aras\u0131nda \u0130spanyolca ve di\u011fer dilleri de duyacaks\u0131n\u0131z. Kasaban\u0131n bat\u0131 temas\u0131, country-western m\u00fczi\u011finde ve \u00e7iftlik tarz\u0131 lokantalarda belirgindir - yerliler, John Wayne&#039;in burada kendini evinde hissedece\u011fi konusunda yar\u0131 \u015fakac\u0131d\u0131r. Ayn\u0131 zamanda, bir &#034;\u015farap \u00fclkesi \u015f\u0131kl\u0131\u011f\u0131&#034; havas\u0131 b\u00fcy\u00fcyor (butik tad\u0131m odalar\u0131, \u015f\u0131k hanlar). Miza\u00e7 genellikle rahatt\u0131r: insanlar g\u00fcl\u00fcmseyerek selam verir ve d\u00fckkan sahipleri bir veya iki ziyaretten sonra ad\u0131n\u0131z\u0131 bilir. Yo\u011fun \u00f6\u011fleden sonralar\u0131nda bile dost canl\u0131s\u0131 bir &#034;k\u00fc\u00e7\u00fck kasaba dalgas\u0131&#034; k\u00fclt\u00fcr\u00fc vard\u0131r.<\/p>\n<p>Festivaller ve gelenekler Calistoga&#039;n\u0131n karakterini vurgular: her Temmuz ay\u0131nda bat\u0131daki en eski 4 Temmuz ge\u00e7it t\u00f6renini, klasik arabalar\u0131n ve bando tak\u0131mlar\u0131n\u0131n oldu\u011fu k\u00fc\u00e7\u00fck bir kasaba ge\u00e7idini yakalayabilirsiniz. Y\u0131ll\u0131k Yeni Y\u0131l Festivali&#039;nde genellikle \u00e7amur banyolar\u0131 yap\u0131l\u0131r! (Evet - Yeni Y\u0131l Arifesinde \u00e7amur banyolar\u0131na girmek iyi \u015fans i\u00e7in ilgin\u00e7 bir yerel gelenektir.) Bir gezginin dedi\u011fi gibi: <em>\u201cCalistoga&#039;n\u0131n ritmi g\u00fcne\u015f ve \u00fcz\u00fcm ba\u011flar\u0131 taraf\u0131ndan belirlenir; sabahlar \u00e7ift\u00e7i pazarlar\u0131yla ba\u015flar ve \u00f6\u011flene do\u011fru kapl\u0131calar kahkahalarla dolar.\u201d<\/em><\/p>\n<p><strong>En \u0130yi Gezilecek Yerler:<\/strong> Calistoga, b\u00fcy\u00fckl\u00fc\u011f\u00fcne ra\u011fmen bir\u00e7ok benzersiz \u00e7ekicili\u011fe sahiptir:<\/p>\n<ul>\n<li><strong>Kapl\u0131calar ve \u00c7amur Banyolar\u0131:<\/strong> \u0130nsanlar\u0131n gelmesinin bir numaral\u0131 nedeni. Indian Springs Resort (tarihi 1913 spas\u0131) \u00e7e\u015fmeden beslenen bir havuza (eski &#034;Olimpiyat boyutunda&#034; Plunge) ve \u00f6zel mineral banyolar\u0131na sahiptir. Yak\u0131ndaki Dr. Wilkinson&#039;s Resort&#039;ta her 30-40 dakikada bir d\u00fczenli olarak p\u00fcsk\u00fcren \u00fcnl\u00fc bir gayzer (evet, Old Faithful tarz\u0131 bir gayzer) vard\u0131r - Kaliforniya&#039;da b\u00fcy\u00fck bir s\u00fcrpriz. Volkanik \u00e7amur banyolar\u0131 ve \u015farap banyolar\u0131n\u0131n yan\u0131 s\u0131ra yemye\u015fil T\u00fcrk ve Roma tarz\u0131 hamamlar ziyaret\u00e7ileri \u015f\u0131mart\u0131r. Palmiyelerin alt\u0131nda mineral a\u00e7\u0131s\u0131ndan zengin sularda \u0131slanarak ge\u00e7irilen bir \u00f6\u011fleden sonra Calistoga&#039;n\u0131n ay\u0131rt edici \u00f6zelli\u011fidir.<\/li>\n<li><strong>\u015earap Fabrikalar\u0131 ve \u015earap Tad\u0131m\u0131:<\/strong> Calistoga, Napa&#039;n\u0131n en iyi AVA&#039;lar\u0131ndan (Amerikan \u00dcz\u00fcm Ba\u011fc\u0131l\u0131\u011f\u0131 Alanlar\u0131) biridir. Yak\u0131nlarda bir\u00e7ok tan\u0131nm\u0131\u015f m\u00fclk (\u00f6rne\u011fin Chateau Montelena, Sterling Vineyards, Castello di Amorosa) bulunmaktad\u0131r. \u015earap turlar\u0131 ve tad\u0131mlar\u0131 \u015fartt\u0131r. Ayr\u0131ca, vadi tepelerinin gizli manzaralar\u0131n\u0131 sunan \u00fcz\u00fcm ba\u011flar\u0131 s\u0131ralar\u0131n\u0131n yan\u0131ndan ge\u00e7en manzaral\u0131 Silverado Trail&#039;de bisikletle veya arabayla gidebilirsiniz.<\/li>\n<li><strong>ABD Ta\u015fla\u015fm\u0131\u015f Orman\u0131:<\/strong> \u015eehrin do\u011fusunda k\u0131sa bir s\u00fcr\u00fc\u015f mesafesinde bulunan bu k\u00fc\u00e7\u00fck do\u011fal alan, 3 milyon y\u0131ll\u0131k sekoya a\u011fac\u0131 kal\u0131nt\u0131lar\u0131na (sonradan ta\u015fa d\u00f6n\u00fc\u015fm\u00fc\u015f) sahiptir. Ziyaret\u00e7iler, tahta kald\u0131r\u0131mda y\u00fcr\u00fcyebilir ve bir volkanik patlama onlar\u0131 g\u00f6md\u00fc\u011f\u00fcnde burada duran fosille\u015fmi\u015f k\u00fct\u00fckleri g\u00f6rebilir.<\/li>\n<li><strong>\u015eehir Merkezi ve Yemek:<\/strong> Calistoga \u015fehir merkezi sevimli ve samimidir. Ana caddesi (Washington St.) \u015farap tad\u0131m barlar\u0131, hediyelik e\u015fya d\u00fckkanlar\u0131 ve rahat restoranlarla doludur (her bloktaki atlar i\u00e7in sulama teknelerine merhaba deyin!). Dikkat \u00e7eken at\u0131\u015ft\u0131rmal\u0131klar aras\u0131nda Evangeline&#039;deki doyurucu Amerikan bistro yemekleri, Sam&#039;s Social Club&#039;daki odun ate\u015finde pizza veya The Brannan Cottage Inn&#039;in efsanevi gastro-pub atmosferi yer al\u0131r. Her yer birka\u00e7 blok \u00f6tede oldu\u011fundan bir kez park edip y\u00fcr\u00fcmek kolayd\u0131r.<\/li>\n<li><strong>A\u00e7\u0131k Hava Aktiviteleri:<\/strong> Yak\u0131ndaki tepelerde y\u00fcr\u00fcy\u00fc\u015fler (Palisades Trail vadi panoramalar\u0131 sunar), \u00e7iftliklerde at binme ve k\u0131rsal yollarda bisiklet s\u00fcrme. Kasabada ayr\u0131ca tenis ve pickleball bulunan bir topluluk park\u0131 vard\u0131r.<\/li>\n<\/ul>\n<p><strong>Pratik \u00d6zet:<\/strong> <strong>Ula\u015f\u0131m:<\/strong> En yak\u0131n b\u00fcy\u00fck havaalan\u0131 San Francisco Uluslararas\u0131 Havaalan\u0131&#039;d\u0131r (SFO) (I-80&#039;de yakla\u015f\u0131k 80 mil g\u00fcneyde). Daha yak\u0131n b\u00f6lgesel u\u00e7u\u015flar Oakland&#039;a (OAK, ~65 mil) veya Sacramento&#039;ya (SMF, ~70 mil) iner - hepsi son etap i\u00e7in araba kiralamay\u0131 gerektirir. Calistoga&#039;n\u0131n kendisi yolcu treni veya b\u00fcy\u00fck bir havaalan\u0131na sahip de\u011fildir; ana otoyol eri\u015fimi Highway 29 (g\u00fcneyden, Napa&#039;dan ba\u015flayarak) veya manzaral\u0131 Silverado Yolu (vadinin do\u011fu taraf\u0131 boyunca uzan\u0131r) \u00fczerindendir.<\/p>\n<p><strong>Ula\u015f\u0131m:<\/strong> Calistoga&#039;y\u0131 en iyi araba veya bisikletle deneyimleyebilirsiniz. Kasaba k\u00fc\u00e7\u00fckt\u00fcr ve park etti\u011finizde y\u00fcr\u00fcyerek \u00e7ok rahat gezebilirsiniz (spadan spaya y\u00fcr\u00fcyebilirsiniz). Rideshare&#039;ler \u00e7al\u0131\u015f\u0131r ancak b\u00fcy\u00fck \u015fehirlere g\u00f6re daha d\u00fc\u015f\u00fck hacimdedir. Daha uzun s\u00fcre kalacaksan\u0131z, yak\u0131ndaki k\u0131rsala ula\u015fmak i\u00e7in bisiklet kiralamak pop\u00fclerdir.<\/p>\n<p><strong>\u0130pu\u00e7lar\u0131 ve Notlar:<\/strong> Para birimi ABD dolar\u0131d\u0131r; \u0130ngilizce yumu\u015fak bir Kaliforniya aksan\u0131yla konu\u015fulur. Yerel tempo tela\u015fs\u0131zd\u0131r - ma\u011fazalar\u0131n ge\u00e7 saatlere kadar a\u00e7\u0131k kalmas\u0131n\u0131 beklemeyin (\u00e7o\u011fu saat 20:00&#039;de kapan\u0131r). Havaya uygun giyinin: yaz g\u00fcnleri s\u0131cakt\u0131r, ancak serin geceler i\u00e7in yan\u0131n\u0131zda bir kazak bulundurun. Restoranlarda ve spa hizmetlerinde -20 bah\u015fi\u015f standartt\u0131r. Calistoga \u00e7ok g\u00fcvenli ve aile dostudur. Su\u00e7 son derece nadirdir; kilitsiz arabalar ve dola\u015fan aileler g\u00f6rmek yayg\u0131nd\u0131r. Yaz yang\u0131n sezonu ana tehlikedir - yaz sonu veya sonbaharda ziyaret ediyorsan\u0131z, yerel hava kalitesini ve yang\u0131n haberlerini kontrol edin (yak\u0131ndaki tepeler ge\u00e7mi\u015f yang\u0131n f\u0131rt\u0131nalar\u0131nda yanm\u0131\u015ft\u0131r). Aksi takdirde, bu b\u00fcy\u00fcleyici kasaban\u0131n tad\u0131n\u0131 \u00e7\u0131kar\u0131n - bir gezgin bunu \u015f\u00f6yle \u00f6zetliyor <em>\u201cSakin, temiz ve rahatlat\u0131c\u0131 \u2013 Napa Vadisi&#039;nde bir vaha.\u201d<\/em><\/p>","protected":false},"excerpt":{"rendered":"<p>Kaliforniya&#039;n\u0131n Napa County b\u00f6lgesinde bulunan Calistoga\u2014Wappo dilinde Nilektsonoma olarak bilinir\u2014b\u00fcy\u00fck bir \u00e7ekicili\u011fe sahip k\u00fc\u00e7\u00fck bir \u015fehirdir. San Francisco K\u00f6rfez B\u00f6lgesi&#039;nin Kuzey K\u00f6rfezi&#039;nde bulunan Calistoga, 2020 say\u0131m\u0131na g\u00f6re 5.228 n\u00fcfusa sahipti. Zengin tarihi, do\u011fal kapl\u0131calar\u0131 ve bu k\u00fc\u00e7\u00fck \u015fehrin Kaliforniya&#039;n\u0131n \u015earap \u00dclkesi&#039;ndeki merkezi \u00f6nemi bu k\u00fc\u00e7\u00fck \u015fehri tan\u0131mlar.<\/p>","protected":false},"author":1,"featured_media":17484,"parent":8072,"menu_order":0,"comment_status":"closed","ping_status":"closed","template":"elementor_theme","meta":{"_eb_attr":"","footnotes":""},"class_list":["post-8931","page","type-page","status-publish","has-post-thumbnail"],"_links":{"self":[{"href":"https:\/\/travelshelper.com\/tr\/wp-json\/wp\/v2\/pages\/8931","targetHints":{"allow":["GET"]}}],"collection":[{"href":"https:\/\/travelshelper.com\/tr\/wp-json\/wp\/v2\/pages"}],"about":[{"href":"https:\/\/travelshelper.com\/tr\/wp-json\/wp\/v2\/types\/page"}],"author":[{"embeddable":true,"href":"https:\/\/travelshelper.com\/tr\/wp-json\/wp\/v2\/users\/1"}],"replies":[{"embeddable":true,"href":"https:\/\/travelshelper.com\/tr\/wp-json\/wp\/v2\/comments?post=8931"}],"version-history":[{"count":0,"href":"https:\/\/travelshelper.com\/tr\/wp-json\/wp\/v2\/pages\/8931\/revisions"}],"up":[{"embeddable":true,"href":"https:\/\/travelshelper.com\/tr\/wp-json\/wp\/v2\/pages\/8072"}],"wp:featuredmedia":[{"embeddable":true,"href":"https:\/\/travelshelper.com\/tr\/wp-json\/wp\/v2\/media\/17484"}],"wp:attachment":[{"href":"https:\/\/travelshelper.com\/tr\/wp-json\/wp\/v2\/media?parent=8931"}],"curies":[{"name":"wp","href":"https:\/\/api.w.org\/{rel}","templated":true}]}}