{"id":8795,"date":"2024-09-05T12:07:13","date_gmt":"2024-09-05T12:07:13","guid":{"rendered":"https:\/\/travelshelper.com\/staging\/?page_id=8795"},"modified":"2026-03-13T17:32:22","modified_gmt":"2026-03-13T17:32:22","slug":"sinsinnati","status":"publish","type":"page","link":"https:\/\/travelshelper.com\/tr\/destinations\/north-america\/united-states\/cincinnati\/","title":{"rendered":"Sinsinnati"},"content":{"rendered":"<p>Bazen &#034;Krali\u00e7e \u015eehir&#034; olarak da an\u0131lan Cincinnati, Ohio Nehri boyunca Ortabat\u0131 ile G\u00fcney aras\u0131nda yer al\u0131r. Chicago ve Dallas&#039;taki benzerlerinden daha k\u00fc\u00e7\u00fck olsa da Cincinnati, zengin bir mirasa, kendine \u00f6zg\u00fc bir k\u00fclt\u00fcre ve misafirperver bir &#034;nehir \u015fehri&#034; atmosferine sahiptir. \u015eehrin n\u00fcfusu 2020&#039;de yakla\u015f\u0131k 309.317 idi ve bu da onu Ohio&#039;nun \u00fc\u00e7\u00fcnc\u00fc b\u00fcy\u00fck \u015fehri (Columbus ve Cleveland&#039;dan sonra) ve \u00fclkenin 66. b\u00fcy\u00fck \u015fehri yap\u0131yor. Sekiz il\u00e7eli metropol alan\u0131 \u00e7ok daha b\u00fcy\u00fckt\u00fcr ve yakla\u015f\u0131k 2,27 milyon ki\u015fidir. B\u00f6lgesel ekonomi g\u00fc\u00e7l\u00fcd\u00fcr: B\u00fcy\u00fck Cincinnati&#039;nin GSY\u0130H&#039;si 2022&#039;de yakla\u015f\u0131k 157 milyar dolard\u0131. Kroger (perakende), Procter &amp; Gamble (t\u00fcketim mallar\u0131) ve Fifth Third Bank gibi Fortune 500&#039;\u00fcn a\u011f\u0131r toplar\u0131 burada merkezlenmi\u015f olup \u00e7e\u015fitli bir ekonomiye demir atm\u0131\u015ft\u0131r. Cincinnati&#039;nin end\u00fcstrileri aras\u0131nda imalat, sa\u011fl\u0131k (\u00f6rne\u011fin Cincinnati \u00c7ocuk Hastanesi) ve yeni teknoloji yer al\u0131r. \u015eehrin b\u00fcy\u00fcmesi istikrarl\u0131 olmu\u015ftur: Rust Belt&#039;teki bir\u00e7ok b\u00f6lgenin aksine, Cincinnati 20. y\u00fczy\u0131l\u0131n sonlar\u0131na do\u011fru geni\u015flemi\u015ftir ve 1990&#039;lardan bu yana \u015fehir merkezindeki canlanma \u00e7eyrek milyondan fazla yeni sakin ve i\u015f \u00e7ekmi\u015ftir.<\/p>\n<p>Cincinnati, g\u00fcneybat\u0131 Ohio&#039;da yer al\u0131r ve g\u00fcney ve bat\u0131da Ohio Nehri (kar\u015f\u0131 yakada Kentucky) ve kuzeyde engebeli tepelerle \u00e7evrilidir. Illinois&#039;in \u00e7ay\u0131rlar\u0131n\u0131n aksine, Cincinnati&#039;nin manzaras\u0131 engebelidir (Appala\u015flar\u0131n etekleri) ve bir\u00e7ok mahalleye geni\u015f nehir manzaralar\u0131 sunar. \u015eehir asl\u0131nda birka\u00e7 dik tepeye yay\u0131lm\u0131\u015ft\u0131r; \u015fehir merkezinin ve Over-the-Rhine&#039;\u0131n baz\u0131 k\u0131s\u0131mlar\u0131 nehre bakan u\u00e7urumlar\u0131n \u00fczerinde yer al\u0131r. Co\u011frafi olarak B\u00fcy\u00fck G\u00f6ller havzas\u0131ndad\u0131r ancak Appala\u015flar\u0131n eteklerinin kenar\u0131ndad\u0131r. Cincinnati&#039;nin iklimi ge\u00e7i\u015flidir: \u00f6nemli mevsimsel de\u011fi\u015fiklikler g\u00f6steren nemli bir karasal iklime sahiptir. Yazlar s\u0131cak ve nemlidir (genellikle 90\u00b0F&#039;ye ula\u015f\u0131r) ve k\u0131\u015flar orta d\u00fczeyde kar ya\u011f\u0131\u015f\u0131yla so\u011fuktur. Daha s\u0131cak ve nemli subtropikal b\u00f6lgenin s\u0131n\u0131r\u0131nda yer ald\u0131\u011f\u0131ndan k\u0131\u015flar kuzey Ortabat\u0131 \u015fehirlerine g\u00f6re daha \u0131l\u0131mand\u0131r. \u0130lkbahar ve sonbahar genellikle \u0131l\u0131man ve ho\u015ftur (ancak Nisan ya\u011fmurlar\u0131 ve ara s\u0131ra ge\u00e7 donlar g\u00f6r\u00fcl\u00fcr).<\/p>\n<p>Cincinnati&#039;nin hikayesi, Ba\u011f\u0131ms\u0131zl\u0131k Sava\u015f\u0131 gazileri Mathias Denman, Robert Patterson ve Israel Ludlow&#039;un 1788&#039;de Ohio Nehri&#039;nin bir k\u0131vr\u0131m\u0131na k\u00f6klerini salmas\u0131yla ba\u015flad\u0131. Arazi \u00f6l\u00e7\u00fcmc\u00fcs\u00fc John Filson, yerle\u015fim yerine ba\u015flang\u0131\u00e7ta &#034;Losantiville&#034; ad\u0131n\u0131 verdi, ancak 1790&#039;da liderleri, Devrim subaylar\u0131n\u0131n \u00f6rg\u00fct\u00fc olan Cincinnati Cemiyeti&#039;nin onuruna ad\u0131n\u0131 Cincinnati olarak de\u011fi\u015ftirdiler. \u015eehir 1802&#039;de t\u00fczel ki\u015filik kazand\u0131 ve k\u0131sa s\u00fcrede Kuzeybat\u0131 Topraklar\u0131 i\u00e7in \u00f6nemli bir nehir liman\u0131 haline geldi. 1850&#039;de Cincinnati, devasa domuz i\u015fleme end\u00fcstrisi nedeniyle &#034;Porkopolis&#034; olarak biliniyordu; Amerika&#039;daki herhangi bir yerden daha fazla domuz kesiyor ve naklediyordu. Demiryolu 19. y\u00fczy\u0131l\u0131n ortalar\u0131nda geldi ve ula\u015f\u0131m merkezi rol\u00fcn\u00fc peki\u015ftirdi.<\/p>\n<p>Cincinnati&#039;nin k\u00fclt\u00fcrel geli\u015fimi canl\u0131yd\u0131: g\u00f6rkemli mimarisi (M\u00fczik Salonu, s\u00fcsl\u00fc Shillito&#039;s ma\u011fazas\u0131 ve Roebling Asma K\u00f6pr\u00fcs\u00fc) sayesinde 1870&#039;lerde &#034;Amerika&#039;n\u0131n Paris&#039;i&#034; lakab\u0131n\u0131 kazanm\u0131\u015f s\u00fcsl\u00fc m\u00fczikholler ve k\u00fct\u00fcphaneler in\u015fa etti. \u015eehir ayr\u0131ca Yeralt\u0131 Demiryolu&#039;nun \u00f6nemli bir dura\u011f\u0131yd\u0131 ve n\u00fcfusunda bir\u00e7ok k\u00f6lelik kar\u015f\u0131t\u0131 vard\u0131 (Cincinnati&#039;de o d\u00f6nemi anan m\u00fczeler ve i\u015faretler var). 19. y\u00fczy\u0131l\u0131n sonu ve 20. y\u00fczy\u0131l\u0131n ba\u015f\u0131nda Alman g\u00f6\u00e7 dalgalar\u0131 g\u00f6r\u00fcld\u00fc ve bu da Amerika&#039;daki 19. y\u00fczy\u0131l \u0130talyan tarz\u0131 binalar\u0131n en b\u00fcy\u00fck koleksiyonuna sahip olan Over-the-Rhine (OTR) gibi mahalleleri \u015fekillendirdi. Cincinnati, ini\u015fler ve \u00e7\u0131k\u0131\u015flarla da olsa 20. y\u00fczy\u0131l boyunca b\u00fcy\u00fcmeye devam etti: banliy\u00f6le\u015fme, sakinleri y\u00fczy\u0131l\u0131n ortalar\u0131nda \u00e7ekirdek mahallelerden uzakla\u015ft\u0131rd\u0131, ancak son y\u0131llarda OTR&#039;yi, nehir k\u0131y\u0131s\u0131n\u0131 ve \u015fehir merkezini yeniden geli\u015ftirmek i\u00e7in bilin\u00e7li bir bask\u0131 oldu.<\/p>\n<p>\u00d6nemli olaylar aras\u0131nda Miami-Erie Kanal\u0131&#039;n\u0131n m\u00fchendisli\u011fine yol a\u00e7an 1884 sel felaketi ve gelecekteki set planlamas\u0131n\u0131 \u015fekillendiren 1913 sel felaketi yer almaktad\u0131r. K\u00fclt\u00fcrel olarak \u015fehir, ilk profesyonel beyzbol tak\u0131m\u0131 (1869 Cincinnati Red Stockings) ve ilk profesyonel kad\u0131n at\u0131c\u0131 gibi yeniliklere yol a\u00e7t\u0131. Ayr\u0131ca, 1937&#039;deki trajik bir sel felaketine ve 1980&#039;lerde nehir k\u0131y\u0131s\u0131 otoyollar\u0131n\u0131n ta\u015f\u0131nmas\u0131na da ev sahipli\u011fi yapt\u0131. Modern zamanlarda, Cincinnati \u00e7evredeki kasabalarla birle\u015fti (1920&#039;de Eastwood&#039;un ilhak\u0131 gibi) ve \u00f6nemli kurumlarla (Cincinnati Operas\u0131, Hayvanat Bah\u00e7esi, Bale) 21. y\u00fczy\u0131la do\u011fru b\u00fcy\u00fcd\u00fc. Cincinnati&#039;nin tarihi bug\u00fcn canl\u0131 tarihi b\u00f6lgelerinde ve Eden Park (kur. 1875) ve \u015fehir merkezindeki &#034;Fountain Square&#034; gibi as\u0131rl\u0131k parklar\u0131nda g\u00f6r\u00fclebilir.<\/p>\n<p>Cincinnati&#039;nin yerel karakteri, Ortabat\u0131&#039;n\u0131n a\u00e7\u0131kl\u0131\u011f\u0131yla s\u0131cak ve gelenekseldir. Birincil dil \u0130ngilizce&#039;dir ve bir\u00e7ok eski gelenek Alman miras\u0131ndan gelir. Yerel leh\u00e7e, baz\u0131 benzersiz kelimelerle (\u00f6rne\u011fin, bir su \u00e7e\u015fmesine &#034;k\u00f6p\u00fcren \u00e7e\u015fme&#034; demek veya halka a\u00e7\u0131k tuvaletlerde &#034;l\u00fctfen&#034; kullanmak - banyolardaki \u00fcnl\u00fc &#034;Cincinnati L\u00fctfen&#034; uyar\u0131s\u0131) yumu\u015fak bir Ortabat\u0131&#039;d\u0131r. Y\u0131ll\u0131k gelenekler miras\u0131n\u0131 vurgular: Oktoberfest Zinzinnati, k\u00fclt\u00fcrel kupalar, polka m\u00fczi\u011fi ve k\u00f6t\u00fc \u015f\u00f6hretli &#034;Wieners Ko\u015fusu&#034; dachshund yar\u0131\u015f\u0131 ile tamamlanan Amerika&#039;n\u0131n en b\u00fcy\u00fck Oktoberfest kutlamas\u0131d\u0131r. Her y\u0131l 30.000 ki\u015fi, Cincinnati&#039;nin Oktoberfest&#039;ine kat\u0131l\u0131r ve burada Cincinnati chili (\u00e7ikolata ve tar\u00e7\u0131nla baharatland\u0131r\u0131lm\u0131\u015f) favori bir ikramd\u0131r. Yemekten bahsetmi\u015fken, Cincinnati, Cincinnati tarz\u0131 chili (spagetti ve peynirle servis edilen Yunan k\u00f6kenli bir chili) ve &#034;Goetta&#034; sosisiyle \u00fcnl\u00fcd\u00fcr.<\/p>\n<p>Cincinnati, yerel lezzeti yans\u0131tan di\u011fer festivallere ev sahipli\u011fi yapar. Flying Pig Marathon (ve Pig Brew Fest), \u015fehrin domuz i\u015fleme tarihini kutlar. M\u00fczik, Cincinnati M\u00fczik Festivali&#039;nde (R&amp;B, soul ve gospel) ve parklardaki a\u00e7\u0131k hava konserlerinde geli\u015fir. Bunbury M\u00fczik Festivali, yaz\u0131n \u00fcnl\u00fc gruplar\u0131 \u00e7eker. Gurur bir di\u011fer \u00f6nemli olayd\u0131r: Cincinnati&#039;nin e\u015fcinsel gurur hafta sonu, Ekim ay\u0131nda \u015fehir merkezini d\u00f6n\u00fc\u015ft\u00fcren etkinliklerle Ohio&#039;nun en b\u00fcy\u00fckleri aras\u0131ndad\u0131r. Krohn Konservatuvar\u0131&#039;ndaki Kas\u0131m I\u015f\u0131k Festivali, mevsimlerin selamlar\u0131n\u0131 \u0131\u015f\u0131k heykelleriyle ayd\u0131nlat\u0131r.<\/p>\n<p>G\u00fcnl\u00fck hayatta Cincinnati&#039;nin orta tempolu bir hayat\u0131 vard\u0131r - Chicago veya Dallas&#039;tan daha az tela\u015fl\u0131 ama k\u00fc\u00e7\u00fck bir kasabadan daha yo\u011fun. Buradaki insanlar genellikle nazik ve toplum odakl\u0131d\u0131r. Mahallelerde blok partileri ve yerel i\u015fletmeli bistrolar vard\u0131r. Cincinnatililer nehrin ve tepelerin tad\u0131n\u0131 \u00e7\u0131kar\u0131r, g\u00fcne\u015fli g\u00fcnlerde Smale Riverfront Park&#039;ta y\u00fcr\u00fcy\u00fc\u015f yapar veya Bengals (NFL) veya Reds (MLB) ma\u00e7lar\u0131nda tezah\u00fcrat eder. \u015eehrin sanat kurumlar\u0131na (m\u00fczikhol, sanat m\u00fczesi) ve toplumsal kat\u0131l\u0131m miras\u0131na sayg\u0131 g\u00f6sterirler. Cincinnati&#039;nin genel hissiyat\u0131 dost canl\u0131s\u0131 ve g\u00f6steri\u015fsizdir - Ortabat\u0131 mahallecili\u011fi ile b\u00fcy\u00fck \u015fehir enerjisi ceplerinin bir kar\u0131\u015f\u0131m\u0131. K\u0131y\u0131 \u015fehirleriyle kar\u015f\u0131la\u015ft\u0131r\u0131ld\u0131\u011f\u0131nda uygun fiyatl\u0131 ve rahatt\u0131r; k\u00fc\u00e7\u00fck kasabalarla kar\u015f\u0131la\u015ft\u0131r\u0131ld\u0131\u011f\u0131nda k\u00fclt\u00fcrel a\u00e7\u0131dan zengin ve dinamiktir.<\/p>\n<p>Cincinnati, mutlaka g\u00f6r\u00fclmesi gereken \u015fa\u015f\u0131rt\u0131c\u0131 bir dizi manzara sunar. Ohio Riverfront bir merkezdir: yak\u0131n zamanda yenilenen Smale Riverfront Park&#039;ta \u00e7e\u015fmeler, oyun alanlar\u0131 ve \u015fehir sil\u00fceti manzaral\u0131 y\u00fcr\u00fcy\u00fc\u015f yollar\u0131 bulunur. G\u00f6rkemli Fountain Square (bir zamanlar Monroe Market House), tarihi binalarla \u00e7evrili ve konserlere ve buz pistlerine ev sahipli\u011fi yapan \u015fehir merkezinin bulu\u015fma noktas\u0131d\u0131r. Over-the-Rhine (OTR) mahallesi, Amerika&#039;n\u0131n en b\u00fcy\u00fck tarihi b\u00f6lgelerinden biri olan en \u00f6nemli \u00e7ekim merkezidir. Burada \u015fehrin 19. y\u00fczy\u0131l miras\u0131, restore edilmi\u015f bira fabrikalar\u0131, el yap\u0131m\u0131 bira fabrikalar\u0131 (Cinci bir bira \u00fcretim kasabas\u0131d\u0131r), kafeler ve butik d\u00fckkanlarla canlan\u0131r. OTR&#039;nin do\u011fusunda, Findlay Market (Ohio&#039;nun en eski s\u00fcrekli i\u015fletilen halka a\u00e7\u0131k pazar\u0131, 1852&#039;den beri) yerel \u00fcr\u00fcnleri ve etnik yiyecekleri tatmak i\u00e7in bir ziyafettir.<\/p>\n<p>\u00dcnl\u00fc mimari \u015fehir manzaras\u0131n\u0131 vurgular: Roebling Asma K\u00f6pr\u00fcs\u00fc (San Francisco&#039;nun Golden Gate&#039;inin \u00f6nc\u00fcs\u00fc), Carew Kulesi (G\u00fcney&#039;in eski en y\u00fcksek binas\u0131, Art Deco g\u00f6zlem g\u00fcvertesi) ve \u00e7arp\u0131c\u0131 art deco M\u00fczik Salonu. Cincinnati, ulusal \u00f6neme sahip k\u00fclt\u00fcrel kurumlara sahiptir: Eden Park&#039;taki Cincinnati Sanat M\u00fczesi, Ulusal Yeralt\u0131 Demiryolu \u00d6zg\u00fcrl\u00fck Merkezi (k\u00f6lelik ve medeni haklar \u00fczerine nehir k\u0131y\u0131s\u0131ndaki m\u00fcze) ve Amerikan \u0130\u015faret M\u00fczesi (neon ve tabelalar\u0131n ilgin\u00e7 tarihi sergisi).<\/p>\n<p>Aileler i\u00e7in Cincinnati Hayvanat Bah\u00e7esi ve Botanik Bah\u00e7esi (ABD&#039;deki en eski hayvanat bah\u00e7elerinden biri, su ayg\u0131r\u0131 Fiona ile \u00fcnl\u00fcd\u00fcr) bulunmaktad\u0131r. Eden Park ayr\u0131ca Krohn Konservatuvar\u0131&#039;na (tropikal bitkiler) ve Cincinnati Do\u011fa Merkezi&#039;ne ev sahipli\u011fi yapmaktad\u0131r. Sporseverler Great American Ball Park&#039;\u0131 (Reds) ve Paycor Stadyumu&#039;nu (Bengals) ziyaret eder. American Sign Museum, orta y\u00fczy\u0131l Americana neonlar\u0131 aras\u0131nda nostaljik bir yolculuk sunar. A\u00e7\u0131k hava merakl\u0131lar\u0131 nehirde kano yapabilir veya Mount Airy veya Ault Park (Romanesk pavyonlar, g\u00fcne\u015fli g\u00f6l) gibi yak\u0131ndaki parklar\u0131n ormanl\u0131k patikalar\u0131nda y\u00fcr\u00fcy\u00fc\u015f yapabilir. Ayr\u0131ca Krohn Konservatuvar\u0131&#039;n\u0131n Tatil G\u00f6sterisi&#039;ni veya \u00e7ocuk dostu e\u011flence i\u00e7in Cincinnati&#039;nin etkile\u015fimli \u00c7ocuk M\u00fczesi&#039;ni ka\u00e7\u0131rmay\u0131n.<\/p>\n<p>Cincinnati&#039;ye ula\u015f\u0131m kolayd\u0131r. Kentucky&#039;deki nehrin hemen kar\u015f\u0131s\u0131ndaki Cincinnati\/Northern Kentucky Uluslararas\u0131 Havaalan\u0131 (CVG), ana hava kap\u0131s\u0131d\u0131r. CVG&#039;nin i\u00e7 hatlar merkezlerine ve baz\u0131 uluslararas\u0131 (Delta, American, vb.) u\u00e7u\u015flar\u0131 vard\u0131r. \u015eehir merkezine ayr\u0131ca Amtrak ile ula\u015f\u0131labilir (Chicago, Washington, NYC&#039;den gelen Cardinal rotas\u0131, Art Deco \u015faheseri Cincinnati Union Terminal&#039;de durur). \u00d6nemli otoyollar burada kesi\u015fir: I-75 (Detroit ve Florida aras\u0131nda kuzey-g\u00fcney) ve I-71 (Cleveland ve Louisville aras\u0131nda) \u015fehir merkezinde bulu\u015fur ve karayoluyla seyahati kolayla\u015ft\u0131r\u0131r.<\/p>\n<p>\u015eehir i\u00e7inde toplu ta\u015f\u0131ma m\u00fctevaz\u0131d\u0131r: Metro otob\u00fcsleri \u00e7o\u011fu alan\u0131 kapsar (ancak baz\u0131 rotalarda hizmet seyrek olabilir). Metro&#039;nun tramvay\u0131 (&#034;The Cincinnati Bell Connector&#034;) \u015fehir merkezini nehir k\u0131y\u0131s\u0131na ve OTR&#039;ye ba\u011flar - turistik ama\u00e7l\u0131 seyahat edenler i\u00e7in kullan\u0131\u015fl\u0131 nostaljik bir hat. Taksiler ve yolcu payla\u015f\u0131m hizmetleri mevcuttur, ancak \u015fehir merkezinin d\u0131\u015f\u0131ndaki banliy\u00f6lere veya parklara ula\u015fmak i\u00e7in ara\u00e7 kiralamak ak\u0131ll\u0131ca olabilir. Cincinnati&#039;nin \u015fehir merkezi ve OTR&#039;si olduk\u00e7a y\u00fcr\u00fcnebilirdir, baz\u0131 yerle\u015fim alanlar\u0131 da \u00f6yledir (\u00f6rne\u011fin nehrin kar\u015f\u0131s\u0131ndaki Mount Adams veya Kuzey Kentucky&#039;nin Covington&#039;\u0131). Bisiklet kullan\u0131m\u0131 art\u0131yor (Red Bike payla\u015f\u0131m program\u0131), \u00f6zellikle nehir k\u0131y\u0131s\u0131nda.<\/p>\n<p>Temel ipu\u00e7lar\u0131: para birimi ABD dolar\u0131d\u0131r; varsay\u0131lan dil \u0130ngilizcedir. Yemek ve taksi bah\u015fi\u015fleri ABD geleneklerine (~-20) uygundur. Cincinnati nispeten g\u00fcvenli kabul edilir, ancak her \u015fehirde oldu\u011fu gibi ziyaret\u00e7iler hava karard\u0131ktan sonra \u00e7ok kullan\u0131lan b\u00f6lgelerde kalmal\u0131d\u0131r. Mahalle bek\u00e7ili\u011fi g\u00fc\u00e7l\u00fcd\u00fcr; su\u00e7 \u00e7o\u011funlukla ana il\u00e7elerin d\u0131\u015f\u0131ndaki birka\u00e7 sorunlu ceple s\u0131n\u0131rl\u0131d\u0131r. Nezaket ve Ortabat\u0131&#039;ya \u00f6zg\u00fc sayg\u0131 normlard\u0131r - kap\u0131y\u0131 tutmak, &#034;l\u00fctfen&#034; ve &#034;te\u015fekk\u00fcr ederim&#034; demek (Cincinnati&#039;nin \u00fcnl\u00fc umumi tuvalet tabelas\u0131 \u015funu hat\u0131rlat\u0131r: tuvalet istedi\u011finizde &#034;l\u00fctfen&#034; deyin, yerel bir g\u00f6rg\u00fc kural\u0131). Yerel iklim, yazlar\u0131n s\u0131cak ve nemli olabilece\u011fi anlam\u0131na gelir, bu nedenle hafif giysiler giymek ve g\u00fcne\u015ften korunmak ak\u0131ll\u0131ca olacakt\u0131r. K\u0131\u015flar kar ve don g\u00f6rebilir, bu nedenle Aral\u0131k-\u015eubat aylar\u0131nda ziyaret ediyorsan\u0131z s\u0131cak giysiler ta\u015f\u0131y\u0131n. Mevsimsel alerjiler dikkat \u00e7ekici olabilir (ilkbahar ve sonbaharda polen mevsimi).<\/p>\n<p>\u00d6z\u00fcnde, Cincinnati &#034;B\u00fcy\u00fck \u015eehir&#034; olanaklar\u0131na sahip ancak k\u00fc\u00e7\u00fck bir kasaba kalbi olan bir \u015fehirdir. Tarihi cazibesi, nehir k\u0131y\u0131s\u0131 manzaralar\u0131 ve misafirperver k\u00fclt\u00fcrel ortam\u0131 onu beklenmedik \u015fekilde keyifli bir mola yeri veya var\u0131\u015f noktas\u0131 haline getirir. Ziyaret\u00e7iler, Alman birahanelerinden son teknoloji giri\u015fimlere kadar, hepsi de dost canl\u0131s\u0131 bir Ortabat\u0131 g\u00fcl\u00fcmsemesiyle, tarih ve inovasyona gururla k\u00f6k salm\u0131\u015f bir \u015fehri ke\u015ffederler.<a href=\"https:\/\/travelshelper.com\/tr\/hedefler\/kuzey-amerika\/amerika-birlesik-devletleri\/berkeley-springs\/\" target=\"_self\" aria-labelledby=\"uael-post-8997\"><br \/>\n<\/a><\/p>","protected":false},"excerpt":{"rendered":"<p>Cincinnati, Ohio&#039;nun g\u00fcneybat\u0131 b\u00f6lgesinde bulunan ve Hamilton County&#039;nin il\u00e7e merkezi olarak i\u015flev g\u00f6ren dinamik bir \u015fehirdir. Ba\u015flang\u0131\u00e7ta 1788&#039;de kurulan Cincinnati, Licking ve Ohio nehirlerinin bulu\u015fma noktas\u0131nda ideal bir konuma sahiptir; ikincisi do\u011fal olarak Ohio&#039;yu Kentucky&#039;den ay\u0131r\u0131r. Amerika Birle\u015fik Devletleri&#039;nde 64. s\u0131rada yer alan Cincinnati, 2020 say\u0131m\u0131na g\u00f6re 309.317 n\u00fcfusa sahiptir ve yaln\u0131zca Columbus ve Cleveland&#039;\u0131n ard\u0131ndan Ohio&#039;nun \u00fc\u00e7\u00fcnc\u00fc en kalabal\u0131k \u015fehridir. 2,265 milyondan fazla n\u00fcfusuyla \u015fehir, Ohio&#039;nun en kalabal\u0131k metro b\u00f6lgesi ve \u00fclkenin en b\u00fcy\u00fck 30. metro b\u00f6lgesi olan Cincinnati metropol alan\u0131n\u0131n ekonomik ve k\u00fclt\u00fcrel merkezidir.<\/p>","protected":false},"author":1,"featured_media":3942,"parent":8072,"menu_order":0,"comment_status":"closed","ping_status":"closed","template":"elementor_theme","meta":{"_eb_attr":"","footnotes":""},"class_list":["post-8795","page","type-page","status-publish","has-post-thumbnail"],"_links":{"self":[{"href":"https:\/\/travelshelper.com\/tr\/wp-json\/wp\/v2\/pages\/8795","targetHints":{"allow":["GET"]}}],"collection":[{"href":"https:\/\/travelshelper.com\/tr\/wp-json\/wp\/v2\/pages"}],"about":[{"href":"https:\/\/travelshelper.com\/tr\/wp-json\/wp\/v2\/types\/page"}],"author":[{"embeddable":true,"href":"https:\/\/travelshelper.com\/tr\/wp-json\/wp\/v2\/users\/1"}],"replies":[{"embeddable":true,"href":"https:\/\/travelshelper.com\/tr\/wp-json\/wp\/v2\/comments?post=8795"}],"version-history":[{"count":0,"href":"https:\/\/travelshelper.com\/tr\/wp-json\/wp\/v2\/pages\/8795\/revisions"}],"up":[{"embeddable":true,"href":"https:\/\/travelshelper.com\/tr\/wp-json\/wp\/v2\/pages\/8072"}],"wp:featuredmedia":[{"embeddable":true,"href":"https:\/\/travelshelper.com\/tr\/wp-json\/wp\/v2\/media\/3942"}],"wp:attachment":[{"href":"https:\/\/travelshelper.com\/tr\/wp-json\/wp\/v2\/media?parent=8795"}],"curies":[{"name":"wp","href":"https:\/\/api.w.org\/{rel}","templated":true}]}}