{"id":8763,"date":"2024-09-04T20:13:20","date_gmt":"2024-09-04T20:13:20","guid":{"rendered":"https:\/\/travelshelper.com\/staging\/?page_id=8763"},"modified":"2026-03-13T17:33:52","modified_gmt":"2026-03-13T17:33:52","slug":"dallas","status":"publish","type":"page","link":"https:\/\/travelshelper.com\/tr\/destinations\/north-america\/united-states\/dallas\/","title":{"rendered":"Dallas"},"content":{"rendered":"<p>Dallas, b\u00fcy\u00fck \u015fehir Teksas ruhunu temsil ediyor: geni\u015f, dinamik ve G\u00fcney tarz\u0131yla dolu. Dallas&#039;\u0131n 2020&#039;de 1.304.379 sakini vard\u0131 ve bu da onu ABD&#039;nin 9. ve Teksas&#039;\u0131n 3. b\u00fcy\u00fck \u015fehri yap\u0131yordu (Houston ve San Antonio&#039;dan sonra). Metropol alan\u0131 (Dallas-Fort Worth) muazzamd\u0131r, 7,63 milyondan fazla insan (ABD&#039;nin 4. b\u00fcy\u00fck metropol\u00fc). Dallas&#039;\u0131n ekonomisi \u00e7ok g\u00fc\u00e7l\u00fc ve \u00e7e\u015fitlidir: metropol GSY\u0130H&#039;si 2022&#039;de yakla\u015f\u0131k 689,9 milyar dolard\u0131. Tarihsel olarak pamuk, s\u0131\u011f\u0131r ve petrol \u00fczerine in\u015fa edilen modern Dallas, savunma, teknoloji, telekom\u00fcnikasyon, bankac\u0131l\u0131k ve ula\u015f\u0131m\u0131n merkezidir. \u015eehir s\u0131n\u0131rlar\u0131 i\u00e7inde AT&amp;T, Southwest Airlines, Texas Instruments ve Tenet Healthcare gibi \u015firketler olan 11 Fortune 500 genel merkezine ev sahipli\u011fi yapmaktad\u0131r. Yak\u0131ndaki Fort Worth ile birle\u015fti\u011finde, metro 23 Fortune 500&#039;e (Teksas&#039;ta 2.) ev sahipli\u011fi yapmaktad\u0131r. Bu finans ve \u015firket sekt\u00f6rleri Dallas&#039;\u0131n karakterini tan\u0131ml\u0131yor: L\u00fcks g\u00f6kdelenleri ve d\u00fcnyan\u0131n en yo\u011funlar\u0131ndan biri olan uluslararas\u0131 havaliman\u0131 (DFW) ile bir i\u015f ba\u015fkenti.<\/p>\n<p>Dallas, G\u00fcney Amerika Birle\u015fik Devletleri&#039;nin d\u00fcz k\u0131y\u0131 ovalar\u0131nda, Kuzey Teksas&#039;ta yer al\u0131r. Okyanustan uzak olmas\u0131 onu \u00fclkenin en b\u00fcy\u00fck i\u00e7 metropollerinden biri yapar. \u015eehrin rak\u0131m\u0131 yakla\u015f\u0131k 500 fittir. Co\u011frafi olarak, Dallas&#039;ta do\u011fal engeller yoktur - me\u015fhur bir \u015fekilde d\u00fcz ve \u0131zgara desenlidir, bu da yay\u0131lmay\u0131 te\u015fvik eder. Trinity Nehri \u015fehrin i\u00e7inden ge\u00e7er ve Dallas Belediye Binas\u0131 ve Klyde Warren Park\u0131 onun biti\u015fi\u011fine in\u015fa edilmi\u015ftir. \u015eehrin iklimi nemli subtropikaldir (K\u00f6ppen Cfa). Yazlar \u00e7ok s\u0131cak ve nemlidir: Temmuz-A\u011fustos aylar\u0131nda ortalama en y\u00fcksek s\u0131cakl\u0131klar 90 \u00b0F&#039;nin ortalar\u0131na ula\u015f\u0131r ve \u0131s\u0131 endeksleri genellikle 105 \u00b0F&#039;yi a\u015far. Ziyaret\u00e7iler kavurucu g\u00fcne\u015f ve ara s\u0131ra \u015fiddetli f\u0131rt\u0131nalar beklemelidir. K\u0131\u015flar \u0131l\u0131mand\u0131r: Ocak ay\u0131n\u0131n ortalama en y\u00fcksek s\u0131cakl\u0131klar\u0131 yakla\u015f\u0131k 57 \u00b0F&#039;dir, nadiren donar ve nadir kar ya\u011far (ortalama kar ya\u011f\u0131\u015f\u0131 sadece ~1,5 in\u00e7tir). Ani so\u011fuk cepheler birka\u00e7 g\u00fcnl\u00fck k\u0131\u015f havas\u0131 getirebilir, ancak genel olarak Dallas k\u0131\u015flar\u0131 k\u0131sa ve \u0131l\u0131mand\u0131r. \u0130lkbahar ve sonbahar, yabani \u00e7i\u00e7eklerin (mavi ba\u015fl\u0131klar) a\u00e7t\u0131\u011f\u0131 ve rahat s\u0131cakl\u0131klar\u0131n oldu\u011fu ho\u015f ge\u00e7i\u015f mevsimleridir.<\/p>\n<p>Dallas bir \u015fehir olmadan \u00f6nce, b\u00f6lge Caddo, Wichita, Tawakoni ve Comanche kabilelerine ev sahipli\u011fi yap\u0131yordu. Teksas 1836&#039;da ba\u011f\u0131ms\u0131zl\u0131\u011f\u0131n\u0131 kazanana kadar nominal olarak \u0130spanyol topra\u011f\u0131yd\u0131 (ve daha sonra Meksika topra\u011f\u0131yd\u0131). Dallas&#039;\u0131n modern tarihi, t\u00fcccar John Neely Bryan&#039;\u0131n Trinity Nehri&#039;nin &#034;beyaz kaya ge\u00e7idinde&#034; bir yeri ara\u015ft\u0131rmas\u0131 ve bir ticaret merkezi kurmas\u0131yla 1841&#039;de ba\u015flad\u0131. \u0130ki y\u0131l sonra oraya kal\u0131c\u0131 olarak yerle\u015fti ve toplulu\u011fa Dallas ad\u0131n\u0131 verdi (muhtemelen Ba\u015fkan Yard\u0131mc\u0131s\u0131 George M. Dallas&#039;\u0131n ad\u0131na, ancak teoriler de\u011fi\u015fiklik g\u00f6steriyor). Teksas Cumhuriyeti b\u00f6lgeyi 1845&#039;te ilhak etti ve Dallas County 1846&#039;da kuruldu. \u015eehir 1856&#039;da kuruldu. Onlarca y\u0131l boyunca m\u00fctevaz\u0131 bir nehir kasabas\u0131 ve s\u0131n\u0131r karakoluydu.<\/p>\n<p>Ger\u00e7ek patlama \u0130\u00e7 Sava\u015f&#039;tan sonra demiryollar\u0131yla geldi. 1880&#039;ler-90&#039;larda Dallas, pamuk i\u00e7in ticari ve end\u00fcstriyel bir merkez (pamuk \u00e7\u0131r\u00e7\u0131rlar\u0131 ve depolar\u0131 in\u015fa ederek) ve Teksas&#039;\u0131 do\u011fuya ba\u011flayan bir demiryolu merkezi haline gelmi\u015fti. Praetorian Binas\u0131 (1909), Mississippi&#039;nin bat\u0131s\u0131ndaki ilk g\u00f6kdelenlerden biriydi ve Dallas&#039;\u0131n b\u00fcy\u00fcyen h\u0131rs\u0131n\u0131 simgeliyordu. 1930&#039;da yak\u0131ndaki Do\u011fu Teksas&#039;ta petrol bulunmas\u0131, Dallas&#039;\u0131 neredeyse bir gecede bir enerji finans ba\u015fkentine d\u00f6n\u00fc\u015ft\u00fcrd\u00fc; bir\u00e7ok banka ve i\u015fletme petrol end\u00fcstrisine hizmet etmek i\u00e7in buraya ta\u015f\u0131nd\u0131. II. D\u00fcnya Sava\u015f\u0131 d\u00f6neminde Dallas, b\u00fcy\u00fck fabrikalarda askeri ara\u00e7lar ve u\u00e7aklar \u00fcreterek end\u00fcstriyel rol\u00fcn\u00fc daha da sa\u011flamla\u015ft\u0131rd\u0131.<\/p>\n<p>Dallas&#039;\u0131n daha karanl\u0131k tarihi an\u0131, 22 Kas\u0131m 1963&#039;te Dealey Plaza&#039;da Ba\u015fkan John F. Kennedy&#039;nin suikasta u\u011framas\u0131yd\u0131. \u015eehir bu mirasla bo\u011fu\u015furken, Texas Okul Kitap Deposu (\u015fimdi Alt\u0131nc\u0131 Kat M\u00fczesi) \u015fehir merkezindeki k\u00fclt\u00fcr turlar\u0131na hakimdir. Sava\u015f sonras\u0131 on y\u0131llarda Dallas, banliy\u00f6leri ilhak ederek ve yeni otoyollar (I-35E, I-30, I-45, I-20) in\u015fa ederek b\u00fcy\u00fcyen bir metropol haline geldi. Finans ve bankac\u0131l\u0131k merkezi haline gelirken (finans alan\u0131nda &#034;B\u00fcy\u00fck D&#034;) canl\u0131 bir sanat sahnesi (Dallas Tiyatro Merkezi, 1990&#039;larda DART hafif rayl\u0131 sistemi) ve k\u00fclt\u00fcrel kimlik (Reunion Kulesi 1978&#039;de a\u00e7\u0131ld\u0131, Sanat B\u00f6lgesi b\u00fcy\u00fcd\u00fc) geli\u015ftirdi. \u00d6nemli olaylar aras\u0131nda 1934 (genel) veya 1960 (deniz kuvvetleri) Petroleum Binas\u0131&#039;n\u0131n bombalanmas\u0131 (i\u00e7 ter\u00f6r olaylar\u0131) ve 2016&#039;da polise yap\u0131lan sald\u0131r\u0131 gibi modern trajediler yer almaktad\u0131r. \u00d6zetle, Dallas&#039;\u0131n tarihi, s\u0131n\u0131r ticaret merkezinden petrol ve teknoloji devi haline gelmenin, patlama, patlama ve yenilenme d\u00f6nemlerinin ya\u015fand\u0131\u011f\u0131 bir d\u00f6n\u00fc\u015f\u00fcm tarihidir.<\/p>\n<p>Dallas, G\u00fcney misafirperverli\u011fini b\u00fcy\u00fck \u015fehir tela\u015f\u0131yla birle\u015ftiriyor. Yerel karakter kendine g\u00fcvenen, nazik ve bazen g\u00f6steri\u015flidir. \u0130nsanlar iyi giyinir (kovboy \u00e7izmeleri veya i\u015f elbiseleri de ayn\u0131 \u015fekilde yayg\u0131nd\u0131r) ve &#034;efendim\/han\u0131mefendi&#034; nezaketi yayg\u0131nd\u0131r. \u015eehrin k\u00fclt\u00fcr\u00fc zengin bir kar\u0131\u015f\u0131md\u0131r: g\u00fc\u00e7l\u00fc Afro-Amerikan, Hispanik ve Asyal\u0131 topluluklar\u0131n hepsi \u015fehrin mozai\u011fine katk\u0131da bulunur. Teksas gururu derindir: Dallas Cowboys futbol tak\u0131m\u0131n\u0131n etkisi her yerde hissedilir (baz\u0131lar\u0131na g\u00f6re eyalette ger\u00e7ek Rolex&#039;lerden daha fazla sahte Rolex vard\u0131r; ve bir\u00e7o\u011fu &#034;Jerry World&#034; \u015fapkalar\u0131 takar). Ancak futbolun \u00f6tesinde, Dallas&#039;\u0131n kozmopolit taraf\u0131 sanat b\u00f6lgesinde, sofistike yemeklerinde (l\u00fcks et lokantalar\u0131, Tex-Mex ve k\u00fcresel mutfak) ve son teknoloji end\u00fcstrilerinde belirgindir.<\/p>\n<p>Dallas&#039;ta bir\u00e7ok festival ve gelenek vard\u0131r. Sanat Ay\u0131 (Ekim), \u00fclkenin en b\u00fcy\u00fck biti\u015fik kentsel sanat b\u00f6lgesinin a\u00e7\u0131l\u0131\u015flarla co\u015fmas\u0131na tan\u0131k olur ve \u00c7a\u011fda\u015f Sanatlar Fuar\u0131 \u015fehre gelir. Dallas Uluslararas\u0131 Film Festivali uluslararas\u0131 sinemay\u0131 sergiler. Pride Dallas b\u00fcy\u00fckt\u00fcr (Dallas, ABD&#039;deki en b\u00fcy\u00fck LGBT topluluklar\u0131ndan birine sahiptir ve misafirperverli\u011fiyle \u00f6v\u00fcn\u00fcr). Juneteenth kutlamalar\u0131 \u00f6nemlidir (Dallas, bayram\u0131n ilk benimseyenlerinden biriydi). Yaz aylar\u0131nda, Texas Eyalet Fuar\u0131 (Ekim ay\u0131nda yak\u0131ndaki Fair Park&#039;ta d\u00fczenlenir) Big Tex, yar\u0131 yol s\u00fcr\u00fc\u015fleri ve k\u0131zarm\u0131\u015f yiyeceklerle (&#034;her \u015fey ger\u00e7ekten daha b\u00fcy\u00fckt\u00fcr&#034;) b\u00fcy\u00fck bir ilgi oda\u011f\u0131d\u0131r. 4 Temmuz&#039;da \u015fehir \u00e7ap\u0131nda havai fi\u015fekler g\u00f6r\u00fcl\u00fcr (&#034;Cowboys stadyumunun yak\u0131n\u0131ndaki &#034;Star&#039;da D\u00f6rd\u00fcnc\u00fc&#034; veya \u015fehir merkezindeki havai fi\u015fekler).<\/p>\n<p>Mahalle hayat\u0131 \u00e7e\u015fitlilik g\u00f6sterir: Deep Ellum canl\u0131 m\u00fczik ve duvar resimleriyle nab\u0131z gibi atar, Uptown Dallas (Oak Lawn Ave boyunca) barlar ve restoranlarla doludur ve Oak Cliff&#039;teki Bishop Arts haval\u0131 bir k\u00f6y gibi hissettirir. Ayr\u0131ca g\u00fc\u00e7l\u00fc bir barbek\u00fc ve Tex-Mex yemek k\u00fclt\u00fcr\u00fc vard\u0131r: taco kamyonlar\u0131, barbek\u00fc yerleri ve Teksas&#039;a \u00f6zg\u00fc rahat yemekler her yerdedir (Dallas&#039;\u0131n kokteyller i\u00e7in kendi &#034;Margarita Mile&#034;\u0131 bile vard\u0131r). Genel olarak, Dallas&#039;\u0131n havas\u0131 s\u0131cak ama h\u0131zl\u0131d\u0131r - anla\u015fmalar\u0131n yap\u0131ld\u0131\u011f\u0131 ve insanlar\u0131n a\u011f kurdu\u011fu bir yer, ancak genellikle g\u00fcn\u00fc buz gibi bir Dr Pepper (Teksas&#039;\u0131n en sevdi\u011fi soda) veya bir dana g\u00f6\u011fs\u00fc taco ile sonland\u0131r\u0131rlar.<\/p>\n<p>Dallas hem simgesel ufuk \u00e7izgisi simgeleri hem de \u00e7e\u015fitli cazibe merkezleri sunar. En tan\u0131nan sembol, GeO-Deck&#039;i 360\u00b0 \u015fehir manzaras\u0131 sunan Trinity Nehri boyunca uzanan top \u015feklindeki g\u00f6zlem kulesi Reunion Tower&#039;d\u0131r. Yak\u0131nlarda, jeoloji, uzay ve dinozor fosilleri \u00fczerine uygulamal\u0131 sergilerle dolu \u00e7arp\u0131c\u0131 bir mimari simge olan Perot Do\u011fa ve Bilim M\u00fczesi bulunur. CityPASS ve turist listeleri, onu Dallas&#039;\u0131n en \u00f6nemli cazibe merkezlerinden biri olarak \u00f6ne \u00e7\u0131kar\u0131r. Dallas Arboretum ve Botanik Bah\u00e7esi (\u015fehrin do\u011fusunda, White Rock G\u00f6l\u00fc \u00fczerinde) mevsimlik \u00e7i\u00e7ek g\u00f6sterileriyle (ilkbahar laleleri, yaz g\u00fclleri, sonbahar krizantemleri) ve y\u0131ll\u0131k bir ilkbahar sergisiyle \u00fcnl\u00fcd\u00fcr.<\/p>\n<p>\u015eehir merkezindeki Sanat B\u00f6lgesi&#039;nde (\u00fclkenin en b\u00fcy\u00fc\u011f\u00fc), Dallas Sanat M\u00fczesi ve Nasher Heykel Merkezi sanatseverleri cezbeder. \u015eehir merkezindeki Dealey Plaza&#039;n\u0131n hemen kar\u015f\u0131s\u0131nda, JFK suikast\u0131yla ilgili Alt\u0131nc\u0131 Kat M\u00fczesi (eski Book Depository&#039;de) bulunur. Dallas Hayvanat Bah\u00e7esi (CityPASS se\u00e7ene\u011fi) ve Dallas D\u00fcnya Akvaryumu (tarihi \u015fehir akvaryumu) \u200b\u200bpop\u00fcler aile mekanlar\u0131d\u0131r. Spor hayranlar\u0131 AT&amp;T Stadyumu&#039;nu veya American Airlines Center&#039;\u0131 gezebilir veya Cowboys, Mavericks (NBA) veya Stars (NHL) ma\u00e7lar\u0131n\u0131 izleyebilir. Yerel tarih i\u00e7in George W. Bush Ba\u015fkanl\u0131k Merkezi (SMU kamp\u00fcs\u00fc) ve Dallas Holokost ve \u0130nsan Haklar\u0131 M\u00fczesi (West End&#039;de) dikkat \u00e7ekicidir.<\/p>\n<p>A\u00e7\u0131k hava rekreasyonu bol miktarda mevcuttur: Katy Trail, Uptown&#039;dan ge\u00e7en 3,5 mil uzunlu\u011funda bir \u015fehir parkurudur; White Rock Lake Park k\u00fcrek \u00e7ekme ve ko\u015fma imk\u00e2n\u0131 sunar; ve Klyde Warren Park (Woodall Rodgers Freeway&#039;in \u00fczerinde yer al\u0131r) yemek kamyonlar\u0131 ve \u00fccretsiz programlar\u0131yla ye\u015fil bir vahad\u0131r. Ayr\u0131ca tarihi Deep Ellum&#039;un sokak sanat\u0131 ve m\u00fczik kul\u00fcplerini, West Dallas&#039;taki restore edilmi\u015f Perot Tiyatrosu&#039;nu ve butik al\u0131\u015fveri\u015f ve kahve i\u00e7in canl\u0131 Bishop Arts B\u00f6lgesi&#039;ni ziyaret edin. K\u0131sacas\u0131, Dallas&#039;\u0131n mutlaka g\u00f6r\u00fclmesi gereken cazibe merkezleri y\u00fckseklerden (Perot M\u00fczesi sergileri, Reunion g\u00fcvertesi) tabana (Sanat B\u00f6lgesi, Bishop Arts yemekleri) kadar uzan\u0131r.<\/p>\n<p>Dallas \u00f6nemli bir transit merkezidir. Dallas\/Fort Worth Uluslararas\u0131 Havaliman\u0131 (DFW) \u2013 Dallas ve Fort Worth aras\u0131nda \u2013 d\u00fcnyan\u0131n en yo\u011fun havalimanlar\u0131ndan biridir ve d\u00fcnya \u00e7ap\u0131nda direkt u\u00e7u\u015flar vard\u0131r. Kuzey Dallas&#039;taki Love Field (DAL) bir\u00e7ok i\u00e7 hat u\u00e7u\u015funu (G\u00fcneybat\u0131, Alaska) ger\u00e7ekle\u015ftirir. Eyaletler aras\u0131 a\u011f kapsaml\u0131d\u0131r: I-35E kuzey-g\u00fcney, I-30 do\u011fu-bat\u0131 \u015fehir merkezinden ge\u00e7er, I-45 g\u00fcney, I-20 g\u00fcney ve I-635 d\u00f6ng\u00fcs\u00fc \u015fehri \u00e7evreler. Dallas Area Rapid Transit (DART) hafif rayl\u0131 sistem (yakla\u015f\u0131k 90 mil kapsayan d\u00f6rt hat) ve otob\u00fcsler sa\u011flar; Green ve Orange hatlar\u0131 havaliman\u0131n\u0131 \u015fehir merkezine ba\u011flar. DART Orange Hatt\u0131, DFW&#039;den \u015fehir merkezine ve Kongre Merkezi yak\u0131nlar\u0131na direkt yolculuk sa\u011flar.<\/p>\n<p>Dallas \u00e7ok araba odakl\u0131d\u0131r - zaman zaman yo\u011fun trafi\u011fe haz\u0131r olun ve daha uzun s\u00fcr\u00fc\u015fler planlay\u0131n. \u015eehir merkezinde park yeri bol miktarda bulunur ancak pahal\u0131 olabilir; bir\u00e7ok ziyaret\u00e7i bundan ka\u00e7\u0131nmak i\u00e7in DART veya rideshare kullan\u0131r. Dallas&#039;\u0131n merkezinde, Uptown, Downtown ve Deep Ellum gibi mahalleler y\u00fcr\u00fcyerek gezilebilir. Bisiklet kullan\u0131m\u0131 artt\u0131 (payla\u015f\u0131m program\u0131 ve ye\u015fil yollar var) ancak s\u0131ca\u011fa dikkat edin.<\/p>\n<p>Dallas, Merkezi Zaman Dilimi&#039;ndedir (UTC-6). \u0130ngilizce ve \u0130spanyolca yayg\u0131n olarak konu\u015fulur. ABD&#039;deki \u00e7o\u011fu \u015fehirde oldu\u011fu gibi, yan\u0131n\u0131zda USD ta\u015f\u0131y\u0131n ve hava durumunu kontrol edin (yaz f\u0131rt\u0131nalar\u0131 dramatik olabilir). Restoranlarda -20 bah\u015fi\u015f normdur. Dallas, turistik b\u00f6lgelerde genellikle g\u00fcvenlidir; \u015fiddet su\u00e7lar\u0131 genellikle G\u00fcney Dallas ve Oak Cliff&#039;in uzak b\u00f6lgelerinde yo\u011funla\u015f\u0131r, bu nedenle standart dikkatli olmak ak\u0131ll\u0131ca olacakt\u0131r. G\u00fcne\u015ften korunmak \u00f6nemlidir (g\u00fcne\u015f yan\u0131\u011f\u0131, yans\u0131yan g\u00f6kdelen camlar\u0131ndan bile gelebilir). \u0130\u00e7ki i\u00e7me ya\u015f\u0131 21&#039;dir ve Teksas&#039;ta mangal g\u00f6rg\u00fc kurallar\u0131na b\u00fcy\u00fck \u00f6nem verilir (Teksas siyaseti hakk\u0131nda konu\u015fmak kabul edilebilir, ancak bir Teksasl\u0131n\u0131n dana g\u00f6\u011fs\u00fcyle u\u011fra\u015fmay\u0131n!).<\/p>\n<p>\u00d6zetle, Dallas derin geleneksel k\u00f6klere sahip enerjik, modern bir \u015fehirdir. Ufuk \u00e7izgisi ve stili cesur bir Teksas ruhunu yans\u0131t\u0131rken, mahalleleri herkesi ger\u00e7ek G\u00fcney s\u0131cakl\u0131\u011f\u0131yla kar\u015f\u0131lar. Y\u00fcksek teknoloji merkezinden d\u00fcnya standartlar\u0131nda sanat b\u00f6lgesine, efsanevi Tex-Mex&#039;ten kovboy efsanesine kadar Dallas karma\u015f\u0131k, kozmopolit bir G\u00fcney deneyimi sunar - hem sa\u011flam temellere dayanan hem de arzulanan bir \u015fehir.<a href=\"https:\/\/travelshelper.com\/tr\/hedefler\/kuzey-amerika\/amerika-birlesik-devletleri\/berkeley-springs\/\" target=\"_self\" aria-labelledby=\"uael-post-8997\"><br \/>\n<\/a><\/p>","protected":false},"excerpt":{"rendered":"<p>Dallas, ABD&#039;nin Teksas eyaletinde bulunan canl\u0131 ve dinamik bir metropold\u00fcr. 7,5 milyonluk bir n\u00fcfusa sahip olan Dallas-Fort Worth metropol b\u00f6lgesinin en kalabal\u0131k \u015fehri, Teksas&#039;\u0131n en kalabal\u0131k metropol alan\u0131 ve Amerika Birle\u015fik Devletleri&#039;nin d\u00f6rd\u00fcnc\u00fc en kalabal\u0131k metropol alan\u0131d\u0131r. Dallas County&#039;nin merkezi olan Dallas, Collin, Denton, Kaufman ve Rockwall il\u00e7elerine kadar uzan\u0131r. Houston ve San Antonio&#039;dan sonra Dallas, 2020 n\u00fcfus say\u0131m\u0131na g\u00f6re Amerika Birle\u015fik Devletleri&#039;nin dokuzuncu en kalabal\u0131k \u015fehri ve Teksas&#039;\u0131n \u00fc\u00e7\u00fcnc\u00fc en kalabal\u0131k \u015fehridir. Kuzey Teksas b\u00f6lgesinde bulunan Dallas, G\u00fcney Amerika Birle\u015fik Devletleri&#039;nin en b\u00fcy\u00fck metropol alan\u0131n\u0131n merkezi ve denize ba\u011flant\u0131s\u0131 olmayan Amerika Birle\u015fik Devletleri&#039;nin en b\u00fcy\u00fck i\u00e7 metropol alan\u0131d\u0131r.<\/p>","protected":false},"author":1,"featured_media":3097,"parent":8072,"menu_order":0,"comment_status":"closed","ping_status":"closed","template":"elementor_theme","meta":{"_eb_attr":"","footnotes":""},"class_list":["post-8763","page","type-page","status-publish","has-post-thumbnail"],"_links":{"self":[{"href":"https:\/\/travelshelper.com\/tr\/wp-json\/wp\/v2\/pages\/8763","targetHints":{"allow":["GET"]}}],"collection":[{"href":"https:\/\/travelshelper.com\/tr\/wp-json\/wp\/v2\/pages"}],"about":[{"href":"https:\/\/travelshelper.com\/tr\/wp-json\/wp\/v2\/types\/page"}],"author":[{"embeddable":true,"href":"https:\/\/travelshelper.com\/tr\/wp-json\/wp\/v2\/users\/1"}],"replies":[{"embeddable":true,"href":"https:\/\/travelshelper.com\/tr\/wp-json\/wp\/v2\/comments?post=8763"}],"version-history":[{"count":0,"href":"https:\/\/travelshelper.com\/tr\/wp-json\/wp\/v2\/pages\/8763\/revisions"}],"up":[{"embeddable":true,"href":"https:\/\/travelshelper.com\/tr\/wp-json\/wp\/v2\/pages\/8072"}],"wp:featuredmedia":[{"embeddable":true,"href":"https:\/\/travelshelper.com\/tr\/wp-json\/wp\/v2\/media\/3097"}],"wp:attachment":[{"href":"https:\/\/travelshelper.com\/tr\/wp-json\/wp\/v2\/media?parent=8763"}],"curies":[{"name":"wp","href":"https:\/\/api.w.org\/{rel}","templated":true}]}}