{"id":8754,"date":"2024-09-04T19:26:15","date_gmt":"2024-09-04T19:26:15","guid":{"rendered":"https:\/\/travelshelper.com\/staging\/?page_id=8754"},"modified":"2026-03-13T17:33:35","modified_gmt":"2026-03-13T17:33:35","slug":"daytona-beach","status":"publish","type":"page","link":"https:\/\/travelshelper.com\/tr\/destinations\/north-america\/united-states\/daytona-beach\/","title":{"rendered":"Daytona Beach"},"content":{"rendered":"<p>Daytona Beach&#039;in geni\u015f, g\u00fcne\u015fli k\u0131y\u0131 \u015feridi \u015fehrin kartvizitidir; &#034;d\u00fcnyaca \u00fcnl\u00fc&#034; stat\u00fcs\u00fc nesiller \u00f6ncesine dayan\u0131r. Bug\u00fcn, Daytona m\u00fctevaz\u0131 b\u00fcy\u00fckl\u00fckte bir k\u0131y\u0131 \u015fehridir: 2020 n\u00fcfus say\u0131m\u0131na g\u00f6re 72.647 sakini vard\u0131 ve 2025&#039;e kadar tahmini olarak 89.290&#039;a y\u00fckselecektir. N\u00fcfus \u00e7e\u015fitlidir: sakinlerin yakla\u015f\u0131k yar\u0131s\u0131 beyaz ve yakla\u015f\u0131k \u00fc\u00e7te biri Afrika k\u00f6kenli Amerikal\u0131d\u0131r, ayr\u0131ca bir Hispanik az\u0131nl\u0131k (yakla\u015f\u0131k ) da mevcuttur. Ortalama hane geliri 50-51 bin dolar aral\u0131\u011f\u0131ndad\u0131r ve ailelerin yakla\u015f\u0131k be\u015fte biri yoksulluk s\u0131n\u0131r\u0131n\u0131n alt\u0131nda ya\u015famaktad\u0131r. Ekonomik olarak, Daytona turizm ve motor sporlar\u0131 ile tan\u0131mlanmaktad\u0131r. Asl\u0131nda, uzun zamand\u0131r Florida&#039;n\u0131n &#034;D\u00fcnya Yar\u0131\u015f Merkezi&#034; olarak faturaland\u0131r\u0131lmaktad\u0131r ve NASCAR Onur Listesi ve International Speedway Corporation&#039;\u0131n genel merkezleri burada bulunmaktad\u0131r. Bu end\u00fcstriler, art\u0131 otel ve restoran i\u015fleri, yerel ekonomiye hakimdir.<\/p>\n<p>Daytona Beach, Florida&#039;n\u0131n Atlantik k\u0131y\u0131s\u0131nda, Volusia County&#039;de, Orlando&#039;nun yakla\u015f\u0131k 51 mil kuzeydo\u011fusunda ve Jacksonville&#039;in 86 mil g\u00fcneydo\u011fusunda yer al\u0131r. \u015eehir, merkezinde yakla\u015f\u0131k 23 mil sert, beyaz kumlu plaj bulunan d\u00fcz k\u0131y\u0131 ovalar\u0131ndan olu\u015fan bir bariyer adas\u0131 boyunca uzan\u0131r. \u0130klim subtropikaldir: yazlar s\u0131cak ve nemlidir (genellikle okyanus esintileriyle yumu\u015fat\u0131l\u0131r) ve k\u0131\u015flar \u0131l\u0131mand\u0131r. Y\u0131lda ortalama 250&#039;den fazla g\u00fcne\u015fli g\u00fcn olan Daytona&#039;n\u0131n havas\u0131 \u00e7o\u011fu zaman s\u0131cak kal\u0131r. Okyanus ak\u0131nt\u0131lar\u0131 ve ara s\u0131ra \u00f6\u011fleden sonra meydana gelen g\u00f6k g\u00fcr\u00fclt\u00fcl\u00fc f\u0131rt\u0131nalar yaz s\u0131ca\u011f\u0131n\u0131 kontrol alt\u0131nda tutmaya yard\u0131mc\u0131 olur. M\u00fctevaz\u0131 arazi, manzaran\u0131n b\u00fcy\u00fck \u00f6l\u00e7\u00fcde kum ve deniz oldu\u011fu anlam\u0131na gelir - ancak hemen i\u00e7 kesimlerde herdem ye\u015fil ormanlar, g\u00f6ller ve Halifax Nehri havzas\u0131n\u0131n tatil beldeleri yer al\u0131r.<\/p>\n<h2>Daytona Beach Rakamlarla (N\u00fcfus, Demografi, Ekonomi)<\/h2>\n<p>Daytona Beach&#039;in n\u00fcfus art\u0131\u015f\u0131 son y\u0131llarda istikrarl\u0131d\u0131r. 2020&#039;de yakla\u015f\u0131k 72,6 bin olan n\u00fcfusun 2020&#039;lerin ortas\u0131nda yakla\u015f\u0131k 90 bine ula\u015fmas\u0131 \u00f6ng\u00f6r\u00fclmektedir. \u015eehrin demografisi, b\u00f6lgesel bir merkez olarak rol\u00fcn\u00fc yans\u0131tmaktad\u0131r: sakinlerin yakla\u015f\u0131k &#039;\u00fc Hispanik olmayan beyaz, yakla\u015f\u0131k &#039;si Afro-Amerikal\u0131 ve geri kalan\u0131 Hispanik veya \u00e7ok \u0131rkl\u0131d\u0131r. (\u00dclke \u00e7ap\u0131nda, Daytona&#039;n\u0131n Hispanik pay\u0131 yakla\u015f\u0131k &#039;du.) Ortanca ya\u015f 30&#039;lar\u0131n ortas\u0131ndad\u0131r ve gen\u00e7 aileler ile emeklilerin bir kar\u0131\u015f\u0131m\u0131d\u0131r.<\/p>\n<p>Daytona&#039;n\u0131n ekonomisi turizm, etkinlikler ve hizmet sekt\u00f6rleri \u00fczerine kuruludur. \u00d6rne\u011fin, ortalama hane geliri ulusal normlara yak\u0131n olan 50.100 dolar civar\u0131ndad\u0131r, ancak sakinlerin tam &#039;i yoksulluk s\u0131n\u0131r\u0131n\u0131n alt\u0131nda ya\u015famaktad\u0131r ve bu da bir\u00e7ok tatil b\u00f6lgesinde tipik olan gelir u\u00e7urumunu yans\u0131tmaktad\u0131r. Ba\u015fl\u0131ca i\u015fverenler aras\u0131nda International Speedway Corporation ve NASCAR genel merkezi, ayr\u0131ca Embry-Riddle Havac\u0131l\u0131k \u00dcniversitesi ve Bethune-Cookman \u00dcniversitesi (20.000&#039;den fazla \u00f6\u011frenciyi bir araya getirir) yer almaktad\u0131r. Perakende, misafirperverlik ve hafif \u00fcretim (g\u0131da i\u015fleme, elektronik, deniz par\u00e7alar\u0131) da katk\u0131da bulunur, ancak Daytona&#039;n\u0131n kamusal y\u00fcz\u00fc ezici bir \u015fekilde plaj turizmi ve motor sporlar\u0131d\u0131r.<\/p>\n<h2>Lokasyon (B\u00f6lge, Manzara, \u0130klim)<\/h2>\n<p>Daytona Beach, Amerika Birle\u015fik Devletleri&#039;nin Do\u011fu Sahili&#039;nde, \u00f6zellikle Florida&#039;n\u0131n &#034;E\u011flence Sahili&#034; b\u00f6lgesinde yer al\u0131r. Bir bariyer adas\u0131ndaki konumu, anakara kentsel alan\u0131n\u0131n bir par\u00e7as\u0131 olmas\u0131na ra\u011fmen ona ada benzeri bir his verir. Plaj\u0131n kendisi, tarihi olarak ara\u00e7lar\u0131n \u00fczerinde s\u00fcrmesine izin veren sert kumdur (d\u00fcnya \u00e7ap\u0131nda yaln\u0131zca birka\u00e7 plajla payla\u015f\u0131lan nadir bir \u00f6zellik). Plaj\u0131n arkas\u0131nda al\u00e7ak kumullar ve k\u0131y\u0131 \u00e7am ormanlar\u0131 vard\u0131r; daha i\u00e7 kesimlerde, orta Florida&#039;n\u0131n hafif\u00e7e yuvarlanan tepeleri y\u00fckselir. Halifax Nehri (Intracoastal Waterway&#039;in bir par\u00e7as\u0131), Daytona Beach&#039;i anakara \u015fehri Daytona ve Ormond Beach&#039;ten ay\u0131r\u0131r.<\/p>\n<p>\u0130klim nemli subtropikaldir (K\u00f6ppen Cfa). Yazlar s\u0131cakt\u0131r, s\u0131k s\u0131k \u00f6\u011fleden sonra g\u00f6k g\u00fcr\u00fclt\u00fcl\u00fc f\u0131rt\u0131nalar olur; Temmuz ve A\u011fustos aylar\u0131nda g\u00fcnd\u00fcz en y\u00fcksek s\u0131cakl\u0131klar ortalama 90\u201392\u00b0F (32\u201333\u00b0C) civar\u0131ndad\u0131r. Okyanus meltemi genellikle nemin i\u00e7 Florida&#039;dakinden daha az bunalt\u0131c\u0131 hissettirmesini sa\u011flar. K\u0131\u015flar kuzey standartlar\u0131na g\u00f6re s\u0131cakt\u0131r: Aral\u0131k&#039;tan \u015eubat&#039;a kadar en y\u00fcksek s\u0131cakl\u0131klar genellikle 60\u00b0F&#039;nin ortalar\u0131na ula\u015f\u0131r, geceler nadiren 50\u00b0F&#039;nin alt\u0131na d\u00fc\u015fer. Daytona y\u0131lda yakla\u015f\u0131k 270\u2013280 g\u00fcne\u015fli g\u00fcn (baz\u0131 say\u0131mlara g\u00f6re) ya\u015far ve \u00e7o\u011fu ay \u0131l\u0131man, \u0131l\u0131man ko\u015fullar vard\u0131r. Tropikal f\u0131rt\u0131nalar kas\u0131rga mevsiminde (Haziran-Kas\u0131m) ziyaret edebilir, ancak karaya \u00e7\u0131kan kas\u0131rgalar nadirdir; so\u011fuk cepheler k\u0131\u015f\u0131n nemi temizlemek i\u00e7in ge\u00e7er. Atlantik&#039;in \u0131l\u0131ml\u0131la\u015ft\u0131r\u0131c\u0131 etkisi nedeniyle g\u00fcnd\u00fcz ve gece s\u0131cakl\u0131klar\u0131 daha karasal iklimlerde oldu\u011fu kadar a\u015f\u0131r\u0131 derecede de\u011fi\u015fmez.<\/p>\n<h2>Tarihsel Anl\u0131k G\u00f6r\u00fcnt\u00fc (K\u00f6kenler ve \u00d6nemli Noktalar)<\/h2>\n<p>Daytona Beach b\u00f6lgesi, Avrupal\u0131larla temasa ge\u00e7meden \u00f6nce yerli halklar (Timuca ve ilgili kabileler) taraf\u0131ndan mesken tutuluyordu. Modern Daytona, k\u00f6kenlerini \u0130\u00e7 Sava\u015f sonras\u0131 d\u00f6neme dayand\u0131r\u0131r. Yar\u0131madadaki bir yerle\u015fim k\u00fcmesi -kurucusu Matthias Day&#039;in ard\u0131ndan Daytona ve Seabreeze, di\u011ferleri aras\u0131nda - giderek birle\u015fti. Resmi kurulu\u015f tarihi genellikle 1870 olarak verilir (Matthias Day&#039;in kasabay\u0131 kurdu\u011fu y\u0131l). Daytona, 1876&#039;da bir kasaba olarak ve daha sonra 1926&#039;da Daytona Beach \u015eehri olarak kuruldu.<\/p>\n<p>1900&#039;lerin ba\u015f\u0131 b\u00fcy\u00fck de\u011fi\u015fiklikler getirdi: Florida&#039;da demiryollar\u0131n\u0131n geli\u015fi ve madencilik patlamalar\u0131 b\u00fcy\u00fcmeyi te\u015fvik etti (Daytona&#039;n\u0131n as\u0131l patlamalar\u0131 madencilikten ziyade turizmdeydi). \u015eehir, 20. y\u00fczy\u0131l\u0131n ba\u015flar\u0131nda ilk organize kara h\u0131z yar\u0131\u015flar\u0131na ev sahipli\u011fi yapan sert plajlar\u0131yla \u00fcnlendi. \u00d6zellikle, Daytona City ve Ormond Beach&#039;teki plaj yar\u0131\u015flar\u0131 1930&#039;lar-50&#039;ler boyunca d\u00fcnya \u00e7ap\u0131nda ilgi g\u00f6rd\u00fc. Daytona Beach Yol Pisti, 1940&#039;lar boyunca Amerikan otomobil yar\u0131\u015flar\u0131n\u0131n merkeziydi. 1959&#039;da ilk Daytona Uluslararas\u0131 Yar\u0131\u015f Pisti a\u00e7\u0131ld\u0131 ve b\u00fcy\u00fck yar\u0131\u015flar (ikonik Daytona 500 dahil) kumdan, hemen i\u00e7 kesimlerde kal\u0131c\u0131 bir piste ta\u015f\u0131nd\u0131. \u015eehir, stok araba yar\u0131\u015flar\u0131n\u0131n onaylay\u0131c\u0131 kurulu\u015fu olarak NASCAR&#039;\u0131n merkezi oldu.<\/p>\n<p>20. y\u00fczy\u0131l boyunca Daytona daha da geli\u015ferek bir tatil \u015fehrine d\u00f6n\u00fc\u015ft\u00fc. 1980&#039;lerde ve 90&#039;larda ailelere ve turistlere y\u00f6nelik etkinliklerle (Daytona Lagoon gibi yeni tema parklar\u0131, bir su park\u0131; otellerin geni\u015fletilmesi; Boardwalk&#039;un yenilenmesi) bir ba\u015fka s\u0131\u00e7rama ya\u015fand\u0131. E\u011fitim kurumlar\u0131 da geni\u015fledi. Daha yak\u0131n zamanda, \u015fehir merkezinin yeniden geli\u015ftirilmesi ve altyap\u0131n\u0131n iyile\u015ftirilmesi (nehir \u00fczerindeki Main Street K\u00f6pr\u00fcs\u00fc&#039;n\u00fcn 1998&#039;de yeniden in\u015fa edilmesi gibi) \u015fehir merkezini modernle\u015ftirdi. Genel olarak, Daytona&#039;n\u0131n tarihi sahil kenar\u0131ndaki e\u011flence ve motor sporlar\u0131 miras\u0131n\u0131n bir kar\u0131\u015f\u0131m\u0131d\u0131r.<\/p>\n<h2>K\u00fclt\u00fcrel Ortam (Yerel Karakter, Gelenekler, Festivaller, Ya\u015fam Tarz\u0131)<\/h2>\n<p>Daytona Beach&#039;in k\u00fclt\u00fcr\u00fc, g\u00fcne\u015fli, rahat k\u0131y\u0131 ya\u015fam\u0131 ve y\u00fcksek enerjili etkinlik g\u00f6sterisinin bir kar\u0131\u015f\u0131m\u0131d\u0131r. Ziyaret\u00e7iler genellikle \u015fehrin motor sporlar\u0131 ruhunu fark eder - t\u00fcm yerel gelenekler yar\u0131\u015f ve bisiklet etraf\u0131nda d\u00f6ner. Daytona gururla kendisini &#034;Yar\u0131\u015f\u0131n D\u00fcnya Merkezi&#034; olarak adland\u0131r\u0131r. Her y\u0131l kalabal\u0131klar Speedweeks&#039;e (\u015eubat ay\u0131nda Daytona 500 ile doru\u011fa ula\u015f\u0131r) ve Mart ay\u0131nda Bike Week&#039;e ve Ekim ay\u0131nda Biketoberfest&#039;e ak\u0131n eder. Bu etkinlikler efsanevidir: \u00f6rne\u011fin Speedweeks, 500 millik NASCAR yar\u0131\u015f\u0131 i\u00e7in 200.000&#039;den fazla ziyaret\u00e7i \u00e7ekebilir. Motosiklet mitingleri de benzer \u015fekilde sokaklar\u0131 d\u00fcnyan\u0131n d\u00f6rt bir yan\u0131ndan gelen motorcularla doldurur. Ayr\u0131ca, Daytona 24 Saati (bir dayan\u0131kl\u0131l\u0131k spor araba yar\u0131\u015f\u0131) ve di\u011fer b\u00fcy\u00fck isimli yar\u0131\u015fmalar Daytona&#039;y\u0131 k\u00fcresel yar\u0131\u015f haritas\u0131na yerle\u015ftirir.<\/p>\n<p>Pist d\u0131\u015f\u0131nda ve sezon d\u0131\u015f\u0131nda, Daytona&#039;n\u0131n ya\u015fam temposu kesinlikle plaj ve rahatt\u0131r. Yerliler, s\u0131cakkanl\u0131 G\u00fcney misafirperverli\u011fiyle bilinir ve yaz ve sonbaharda, s\u00f6rf ve g\u00fcne\u015fin g\u00fcnl\u00fck hayata hakim oldu\u011fu zamanlarda atmosfer rahatt\u0131r. \u0130ngilizce bask\u0131n dildir, ancak turist n\u00fcfusu ve \u0130spanyol az\u0131nl\u0131k nedeniyle \u0130spanyolca ve di\u011fer diller yayg\u0131n olarak duyulur. Mevsimsel turizm, servis \u00e7al\u0131\u015fanlar\u0131n\u0131n ve d\u00fckkan sahiplerinin genellikle birden fazla dil konu\u015fmas\u0131 anlam\u0131na gelir. Florida&#039;n\u0131n resmiyetten uzak havas\u0131, giyimin \u00e7ok rahat oldu\u011fu anlam\u0131na gelir (mayo, \u015fort ve ti\u015f\u00f6rt). Ziyaret\u00e7iler i\u00e7in pratik g\u00f6rg\u00fc kurallar\u0131, ola\u011fan ABD seyahat normlar\u0131n\u0131 i\u00e7erir: restoranlarda bah\u015fi\u015f (-20), &#034;merhaba&#034; ve &#034;te\u015fekk\u00fcr ederim&#034; \u015feklinde kibarca selamlama ve yo\u011fun turistik yerlerde sab\u0131rl\u0131 kalmak.<\/p>\n<p>Yar\u0131\u015flar\u0131n \u00f6tesinde topluluk etkinlikleri bol miktarda bulunur: Daytona&#039;da her y\u0131l m\u00fczik ve sanattan yemek ve k\u00fclt\u00fcrel mirasa kadar her \u015feyi kapsayan 60&#039;tan fazla festival d\u00fczenlenir. \u00d6rne\u011fin, b\u00fcy\u00fck bir Yunan festivali ve bir St. Patrick G\u00fcn\u00fc ge\u00e7it t\u00f6reni vard\u0131r. Halifax b\u00f6lgesinin zengin sakin kar\u0131\u015f\u0131m\u0131 (\u00f6\u011frenciler, emekliler ve y\u0131l boyunca sakinler dahil) \u00e7e\u015fitli yemek ve e\u011flence se\u00e7enekleri sunar. Yerliler Daytona Beach Bandshell&#039;de (eski bir sahil amfi tiyatrosu) bir konser izleyebilir veya Main Street&#039;teki bir tiki barda rahatlayabilir. Genel olarak, \u015fehir y\u0131l\u0131n \u00e7o\u011funda misafirperver ve \u015fenlikli hissettirir - daha so\u011fuk b\u00f6lgelerden gelen ziyaret\u00e7ilerin Daytona&#039;n\u0131n s\u0131cakl\u0131\u011f\u0131nda s\u0131\u011f\u0131nd\u0131\u011f\u0131 k\u0131\u015f aylar\u0131nda daha sakindir ve b\u00fcy\u00fck yar\u0131\u015f ve bisiklet etkinlikleri etraf\u0131nda kutlamalar zirve yapar.<\/p>\n<h2>En \u0130yi Gezilecek Yerler (Mutlaka G\u00f6r\u00fclmesi Gereken Yerler ve Deneyimler)<\/h2>\n<p>Daytona Beach&#039;in en \u00f6nemli cazibe merkezi <strong>plajlar<\/strong> kendileri \u2013 g\u00fcne\u015flenmeye, y\u00fczmeye, s\u00f6rf yapmaya ve hatta plajda araba kullanmaya (belirlenmi\u015f sert alanlarda) davet eden 23 mil uzunlu\u011fundaki Atlantik k\u0131y\u0131 \u015feridi. Kum \u015feridi, cankurtaranlar, \u00fccretsiz park yeri ve uzunlu\u011fu boyunca olanaklarla halka a\u00e7\u0131k bir oyun alan\u0131d\u0131r. Daytona&#039;n\u0131n \u00f6z\u00fcnde olan bir deneyim, okyanus manzaralar\u0131 i\u00e7in sahil \u015feridinde (Eyalet Yolu A1A) araba s\u00fcrmek veya ko\u015fmakt\u0131r. Daytona Beach Boardwalk &amp; Pier (\u015fehrin kuzey ucunda) aile e\u011flencesi i\u00e7in bir m\u0131knat\u0131st\u0131r: okyanusun hemen yan\u0131nda oyun salonlar\u0131, e\u011flence ara\u00e7lar\u0131 ve restoranlar bulunur. Burada renkli orta y\u00fczy\u0131l iskelesinde y\u00fcr\u00fcy\u00fc\u015f yapabilir, taze deniz \u00fcr\u00fcnleri alabilir veya g\u00fcne\u015f suyun \u00fczerinde batarken Daytona Skycoaster ve roller coaster&#039;a binebilirsiniz.<\/p>\n<p>Hi\u00e7bir ziyaret, bir gezi yap\u0131lmadan tamamlanm\u0131\u015f say\u0131lmaz <strong>Daytona Uluslararas\u0131 Yar\u0131\u015f Pisti<\/strong>. Y\u0131ll\u0131k Daytona 500&#039;e ev sahipli\u011fi yapan bu devasa oval pist, turlar ve adrenalini y\u00fcksek bir yar\u0131\u015f tarihi m\u00fczesi sunuyor. Ziyaret\u00e7iler bir h\u0131z arabas\u0131na binebilir veya bir yar\u0131\u015f sim\u00fclat\u00f6r\u00fcn\u00fc deneyebilir. Yar\u0131\u015fla ilgilenmeyenler bile mekan\u0131n geleneklerini ve yar\u0131\u015f arabalar\u0131n\u0131 yak\u0131ndan g\u00f6rme \u015fans\u0131n\u0131 takdir ediyor. (Speedway, \u015fehrin k\u00fclt\u00fcr\u00fcne hakimdir ve genellikle Daytona&#039;n\u0131n herhangi bir g\u00fczergah\u0131nda mutlaka g\u00f6r\u00fclmesi gereken bir yer olarak tan\u0131mlan\u0131r.)<\/p>\n<p>K\u00fclt\u00fcrel ve aile aktiviteleri sunulanlar\u0131 tamaml\u0131yor. Daytona&#039;n\u0131n b\u00fcy\u00fck bilim m\u00fczesi ve planetaryumu olan Sanat ve Bilim M\u00fczesi (MOAS), yerel tarih sergilerinden canl\u0131 hayvan g\u00f6sterilerine kadar her \u015feyi sunarak hem \u00e7ocuklar hem de yeti\u015fkinler aras\u0131nda pop\u00fcler. Yak\u0131nlardaki Daytona Lag\u00fcn\u00fc su park\u0131, s\u0131cak \u00f6\u011fleden sonralar\u0131 i\u00e7in kayd\u0131raklar ve dalga havuzlar\u0131 sunuyor. B\u00fcy\u00fcleyici Angell &amp; Phelps \u00c7ikolata Fabrikas\u0131, turlar ve el yap\u0131m\u0131 tatl\u0131lar\u0131n \u00fccretsiz \u00f6rnekleri sunuyor. Panoramik manzaralar i\u00e7in, Ponce de Leon Inlet Deniz Feneri&#039;ne (teknik olarak Daytona Plaj\u0131&#039;n\u0131n hemen d\u0131\u015f\u0131nda) k\u0131sa bir s\u00fcr\u00fc\u015f mesafesinde, da\u011fc\u0131lara muhte\u015fem okyanus manzaralar\u0131 sunuyor.<\/p>\n<p>Daytona \u015fehir merkezinde (ana kara taraf\u0131nda), Riverside \u0130stasyonu ve Riverfront Park festivallere, konserlere ve Halifax Tarih M\u00fczesi&#039;ne ev sahipli\u011fi yapar. Peabody Oditoryumu Broadway g\u00f6sterileri ve rock konserleri d\u00fczenler. Daytona Boardwalk ise a\u00e7\u0131k hava filmleri ve mevsimlik karnavallar gibi yaz etkinliklerine ev sahipli\u011fi yapar. A\u00e7\u0131k hava tutkunlar\u0131 ayr\u0131ca yak\u0131ndaki parklara da gider: Tomoka Eyalet Park\u0131 (hemen kuzeyde) do\u011fa parkurlar\u0131 ve kano imk\u00e2n\u0131 sunarken, Gamble Rogers Memorial Eyalet Rekreasyon Alan\u0131 (g\u00fcneyde) bir bariyer adas\u0131nda pop\u00fcler bir kamp alan\u0131d\u0131r.<\/p>\n<h2>Pratik Anl\u0131k G\u00f6r\u00fcnt\u00fc (Oraya Ula\u015fmak, Gezinmek, \u0130pu\u00e7lar\u0131)<\/h2>\n<p><strong>Ula\u015f\u0131m:<\/strong> Daytona Beach&#039;e hava, kara ve demir yoluyla kolayca ula\u015f\u0131labilir. \u015eehrin kendi Daytona Beach Uluslararas\u0131 Havaalan\u0131&#039;n\u0131n (DAB) s\u0131n\u0131rl\u0131 ticari hizmeti vard\u0131r (Delta ve American gibi ta\u015f\u0131y\u0131c\u0131lar Atlanta ve Charlotte&#039;a u\u00e7ar). Bir\u00e7ok ziyaret\u00e7i bunun yerine yak\u0131nlardaki daha b\u00fcy\u00fck havaalanlar\u0131n\u0131 kullan\u0131r: Orlando Uluslararas\u0131 (yakla\u015f\u0131k 75 mil g\u00fcneyde) veya Jacksonville Uluslararas\u0131 (yakla\u015f\u0131k 90 mil kuzeyde) - her biri yakla\u015f\u0131k 90 dakikal\u0131k s\u00fcr\u00fc\u015f mesafesindedir. Araba ile, Interstate 95 Daytona&#039;n\u0131n ana kara taraf\u0131 boyunca uzan\u0131r ve I-4 yakla\u015f\u0131k 10 mil g\u00fcneybat\u0131da sona ererek Orlando ve Tampa&#039;ya ba\u011flan\u0131r. Manzaral\u0131 A1A otoyolu yerel s\u00fcr\u00fc\u015f i\u00e7in sahil boyunca uzan\u0131r. Daytona&#039;da b\u00fcy\u00fck bir yolcu tren istasyonu yoktur; Amtrak&#039;\u0131n en yak\u0131n duraklar\u0131 DeLand veya Jacksonville&#039;dedir ve genellikle ba\u011flant\u0131 otob\u00fcs\u00fc gerektirir.<\/p>\n<p><strong>Ula\u015f\u0131m:<\/strong> Daytona Beach&#039;te, t\u00fcm turistik yerleri gezmek i\u00e7in bir arabaya sahip olman\u0131z \u015fiddetle tavsiye edilir. \u015eehir olduk\u00e7a yay\u0131lm\u0131\u015ft\u0131r - plaj, \u015fehir merkezi, \u00fcniversite kamp\u00fcsleri ve yerle\u015fim alanlar\u0131 birka\u00e7 mil uzakl\u0131ktad\u0131r. Ancak, ana plaj ve nehir k\u0131y\u0131s\u0131 alanlar\u0131 yaya dostudur (sahile giden yollar, gezinti yerleri ve k\u0131sa bir \u015fehir merkezi). Volusia County&#039;nin otob\u00fcs sistemi (Votran) \u015fehre hizmet verir ancak s\u0131n\u0131rl\u0131 bir programa sahiptir. Turistler i\u00e7in taksiler veya ara\u00e7 payla\u015f\u0131m hizmetleri (Uber\/Lyft) kolayca bulunur ve bir\u00e7ok otel etkinlikler s\u0131ras\u0131nda servis hizmeti sunar. Park yeri bol miktarda bulunur ve plajlarda genellikle \u00fccretsizdir, ancak \u015fehir merkezinde \u00fccretli garajlar bulunur. Daytona&#039;n\u0131n s\u00fcr\u00fcc\u00fcleri standart ABD kurallar\u0131na uyar: sa\u011fdan s\u00fcr\u00fcn, h\u0131z s\u0131n\u0131rlar\u0131na uyun (b\u00fcy\u00fck etkinlikler s\u0131ras\u0131nda s\u0131k\u0131 bir \u015fekilde uygulanabilir) ve yaya ge\u00e7itlerinde yayalara yol verin.<\/p>\n<p><strong>Temel \u0130pu\u00e7lar\u0131:<\/strong><\/p>\n<ul>\n<li><strong>Para Birimi ve \u00d6deme:<\/strong> ABD Dolar\u0131 kullan\u0131l\u0131r. Kredi kartlar\u0131 yayg\u0131n olarak kabul edilir (sadece m\u00fctevaz\u0131 miktarda nakit ta\u015f\u0131y\u0131n). Restoran ve taksi hizmeti i\u00e7in bah\u015fi\u015f (-20) gelenekseldir.<\/li>\n<li><strong>Dil:<\/strong> \u0130ngilizce birincil dildir. \u0130spanyolca da yayg\u0131nd\u0131r (turizmdeki bir\u00e7ok personel \u0130spanyolca konu\u015fur), Florida&#039;n\u0131n demografisini yans\u0131t\u0131r. Her iki dilde de basit ifadeler yeterlidir.<\/li>\n<li><strong>Giyim:<\/strong> Giyim y\u0131l boyunca rahatt\u0131r. Yaz\u0131n hafif kuma\u015flar, \u015fapkalar ve sandaletler \u015fartt\u0131r. Daha so\u011fuk aylarda ak\u015famlar i\u00e7in hafif bir ceket getirin. G\u00fcne\u015f g\u00f6zl\u00fc\u011f\u00fc ve mayo her zaman \u00f6nerilir; Daytona&#039;n\u0131n g\u00fcne\u015fi yo\u011fun olabilir.<\/li>\n<li><strong>Etiket ve G\u00fcvenlik:<\/strong> Yerliler dost canl\u0131s\u0131 ve naziktir. S\u0131cak bir selamlama ve &#034;l\u00fctfen\/te\u015fekk\u00fcr ederim&#034; \u00e7ok i\u015fe yarar. \u00c7o\u011fu Amerikal\u0131 servis \u00e7al\u0131\u015fanlar\u0131na m\u00fctevaz\u0131 bir bah\u015fi\u015f verir, bu y\u00fczden restoran faturalar\u0131na eklemeyi bekleyin. G\u00fcvenlik genellikle iyidir - yerel turizm kurulunun belirtti\u011fi gibi, Daytona Beach ziyaret\u00e7iler i\u00e7in &#034;g\u00fcvenli bir yer olarak hak edilmi\u015f bir \u00fcne&#034; sahiptir. Yine de sa\u011fduyulu \u00f6nlemler al\u0131n: de\u011ferli e\u015fyalar\u0131n\u0131z\u0131 odan\u0131zda veya araban\u0131zda kilitleyin, yaln\u0131zca asgari d\u00fczeyde nakit ta\u015f\u0131y\u0131n ve hava karard\u0131ktan sonra \u00e7evrenizde olup bitenlerin fark\u0131nda olun. Acil servisler iyidir (acil bir durum i\u00e7in 911&#039;i aray\u0131n). Plaj g\u00fcvenli\u011fi \u00f6nemlidir: cankurtaranl\u0131 alanlar\u0131n yak\u0131n\u0131nda y\u00fcz\u00fcn, ters ak\u0131nt\u0131lar hakk\u0131ndaki uyar\u0131lara kulak verin ve her zaman g\u00fcne\u015f kremi s\u00fcr\u00fcn.<\/li>\n<li><strong>Sa\u011fl\u0131k &amp; \u00c7evre:<\/strong> Daytona&#039;n\u0131n zemin seviyesi y\u00fcksekli\u011fin bir sorun olmad\u0131\u011f\u0131 anlam\u0131na gelir, ancak yaz\u0131n nem sizi susuz b\u0131rakabilir; s\u0131k s\u0131k su i\u00e7in. K\u0131\u015f\u0131n ziyaret ediyorsan\u0131z, bir kazak veya ceket al\u0131n - ak\u015famlar g\u00fcn bat\u0131m\u0131ndan sonra \u015fa\u015f\u0131rt\u0131c\u0131 derecede so\u011fuk olabilir. B\u00f6cekler (sivrisinekler) daha s\u0131cak aylarda suyun yak\u0131n\u0131nda belirebilir, bu nedenle b\u00f6cek kovucu kullan\u0131\u015fl\u0131d\u0131r.<\/li>\n<\/ul>\n<p>Genel olarak, Daytona Beach hem uluslararas\u0131 hem de ABD&#039;li gezginlere s\u0131cak bir ortam sunar. G\u00fcne\u015fli plajlar\u0131 ve b\u00fcy\u00fck etkinlikleri heyecan yarat\u0131rken, m\u00fctevaz\u0131 boyutu ve Florida cazibesi her \u015feyi eri\u015filebilir k\u0131lar. Do\u011fru haz\u0131rl\u0131kla (g\u00fcne\u015ften korunma, sayg\u0131l\u0131 tav\u0131rlar ve bir yar\u0131\u015f veya festivali yakalamak i\u00e7in a\u00e7\u0131k bir program) bu s\u00fcrekli plaj destinasyonunda g\u00fcvenli ve e\u011flenceli bir konaklama i\u00e7in haz\u0131rs\u0131n\u0131z.<a href=\"https:\/\/travelshelper.com\/tr\/hedefler\/kuzey-amerika\/amerika-birlesik-devletleri\/berkeley-springs\/\" target=\"_self\" aria-labelledby=\"uael-post-8997\"><br \/>\n<\/a><\/p>","protected":false},"excerpt":{"rendered":"<p>Florida, Volusia County&#039;de bulunan bir sahil tatil \u015fehri olan Daytona Beach, do\u011fal g\u00fczellik, tarihi \u00f6nem ve heyecan verici motor sporlar\u0131n\u0131n kendine \u00f6zg\u00fc birle\u015fimiyle tan\u0131nan canl\u0131 bir destinasyondur. Amerika Birle\u015fik Devletleri&#039;nin Do\u011fu Sahili&#039;nde bulunan Daytona Beach, 2020 n\u00fcfus say\u0131m\u0131na g\u00f6re 72.647 n\u00fcfusa sahiptir. Deltona\u2013Daytona Beach\u2013Ormond Beach metropol alan\u0131n\u0131n bir par\u00e7as\u0131 olan bu \u015fehir, Florida&#039;n\u0131n Fun Coast b\u00f6lgesinin ana \u015fehridir.<\/p>","protected":false},"author":1,"featured_media":3391,"parent":8072,"menu_order":0,"comment_status":"closed","ping_status":"closed","template":"elementor_theme","meta":{"_eb_attr":"","footnotes":""},"class_list":["post-8754","page","type-page","status-publish","has-post-thumbnail"],"_links":{"self":[{"href":"https:\/\/travelshelper.com\/tr\/wp-json\/wp\/v2\/pages\/8754","targetHints":{"allow":["GET"]}}],"collection":[{"href":"https:\/\/travelshelper.com\/tr\/wp-json\/wp\/v2\/pages"}],"about":[{"href":"https:\/\/travelshelper.com\/tr\/wp-json\/wp\/v2\/types\/page"}],"author":[{"embeddable":true,"href":"https:\/\/travelshelper.com\/tr\/wp-json\/wp\/v2\/users\/1"}],"replies":[{"embeddable":true,"href":"https:\/\/travelshelper.com\/tr\/wp-json\/wp\/v2\/comments?post=8754"}],"version-history":[{"count":0,"href":"https:\/\/travelshelper.com\/tr\/wp-json\/wp\/v2\/pages\/8754\/revisions"}],"up":[{"embeddable":true,"href":"https:\/\/travelshelper.com\/tr\/wp-json\/wp\/v2\/pages\/8072"}],"wp:featuredmedia":[{"embeddable":true,"href":"https:\/\/travelshelper.com\/tr\/wp-json\/wp\/v2\/media\/3391"}],"wp:attachment":[{"href":"https:\/\/travelshelper.com\/tr\/wp-json\/wp\/v2\/media?parent=8754"}],"curies":[{"name":"wp","href":"https:\/\/api.w.org\/{rel}","templated":true}]}}