{"id":8723,"date":"2024-09-04T14:00:30","date_gmt":"2024-09-04T14:00:30","guid":{"rendered":"https:\/\/travelshelper.com\/staging\/?page_id=8723"},"modified":"2026-03-13T17:42:21","modified_gmt":"2026-03-13T17:42:21","slug":"fort-lauderdale","status":"publish","type":"page","link":"https:\/\/travelshelper.com\/tr\/destinations\/north-america\/united-states\/fort-lauderdale\/","title":{"rendered":"Fort Lauderdale"},"content":{"rendered":"<p>Fort Lauderdale, Miami&#039;nin yakla\u015f\u0131k 23 mil kuzeyinde, g\u00fcneydo\u011fu Florida&#039;da orta b\u00fcy\u00fckl\u00fckte bir k\u0131y\u0131 \u015fehridir. Mevcut n\u00fcfusu yakla\u015f\u0131k 185.000&#039;dir ve bu da onu Broward County&#039;nin en b\u00fcy\u00fck \u015fehri ve Miami metropol alan\u0131n\u0131n \u00f6nemli bir dayana\u011f\u0131 yapar. \u015eehrin ekonomisi turizm, denizcilik end\u00fcstrileri ve hizmet sekt\u00f6rlerinin bir kar\u0131\u015f\u0131m\u0131d\u0131r: Port Everglades (yak\u0131ndaki derin su liman\u0131) ve Fort Lauderdale-Hollywood Uluslararas\u0131 Havaalan\u0131 b\u00fcy\u00fck ekonomik motorlard\u0131r. Ki\u015fi ba\u015f\u0131na d\u00fc\u015fen gelir nispeten y\u00fcksektir - son rakamlar ortalama hane gelirinin yakla\u015f\u0131k 128.000 dolar oldu\u011funu g\u00f6stermektedir, ancak sakinlerin yakla\u015f\u0131k &#039;i yoksulluk s\u0131n\u0131r\u0131n\u0131n alt\u0131nda ya\u015famaktad\u0131r. Demografik olarak, Fort Lauderdale \u00e7o\u011funlukla Beyaz (yakla\u015f\u0131k ) olmaya devam etmektedir ve sakinlerin yakla\u015f\u0131k &#039;si kendisini Siyah veya Afrika Amerikal\u0131 olarak tan\u0131mlamaktad\u0131r. N\u00fcfusun neredeyse d\u00f6rtte biri yabanc\u0131 do\u011fumludur, \u00f6zellikle Latin Amerika ve Karayipler&#039;den, bu da \u015fehre zengin bir \u00e7ok dilli karakter kazand\u0131rmaktad\u0131r. \u0130ngilizce hakimdir, ancak \u0130spanyolca ve Haiti Kreol\u00fc de sokaklarda yayg\u0131n olarak duyulmaktad\u0131r. K\u0131sacas\u0131, Fort Lauderdale&#039;in &#034;rakamlarla&#034; profili, g\u00fc\u00e7l\u00fc bir turizm ve hizmet ekonomisine dayanan, \u00e7e\u015fitli ve kozmopolit bir n\u00fcfusa sahip, orta b\u00fcy\u00fckl\u00fckte, varl\u0131kl\u0131 bir Amerikan \u015fehridir.<\/p>\n<p>Co\u011frafi olarak Fort Lauderdale, G\u00fcney Florida&#039;n\u0131n al\u00e7ak k\u0131y\u0131 ovas\u0131n\u0131n bir par\u00e7as\u0131 olan Florida&#039;n\u0131n Atlantik k\u0131y\u0131s\u0131nda yer al\u0131r. Okyanus ile bir dizi bariyer adas\u0131 ve k\u0131y\u0131 i\u00e7i su yollar\u0131 aras\u0131nda dar bir kara \u015feridini kaplar. \u015eehir, 165 mil uzunlu\u011fundaki gezilebilir kanallar\u0131 nedeniyle bazen &#034;Amerika&#039;n\u0131n Venedik&#039;i&#034; olarak adland\u0131r\u0131l\u0131r. Manzara d\u00fcz ve yemye\u015fildir; tropikal\/subtropikal palmiyeler, mangrovlarla kapl\u0131 su yollar\u0131 ve k\u0131y\u0131 sulak alan par\u00e7alar\u0131 vard\u0131r. \u0130klimi me\u015fhur bir \u015fekilde g\u00fcne\u015fli ve s\u0131cakt\u0131r: Fort Lauderdale y\u0131lda ortalama yakla\u015f\u0131k 3.000 saat g\u00fcne\u015f \u0131\u015f\u0131\u011f\u0131 al\u0131r. K\u0131\u015f\u0131n g\u00fcnd\u00fczleri en y\u00fcksek s\u0131cakl\u0131klar 60&#039;lar\u0131n sonu-70&#039;lerin ba\u015f\u0131 \u00b0F (yakla\u015f\u0131k 20\u00b0C) aras\u0131ndad\u0131r ve yazlar d\u00fczenli olarak 80&#039;lerin-90&#039;lar\u0131n \u00b0F (27-35\u00b0C) derecesine \u00e7\u0131kar ve sabit okyanus esintileriyle yumu\u015fat\u0131l\u0131r. Ya\u011f\u0131\u015f mevsimseldir (\u00e7o\u011funlukla yaz f\u0131rt\u0131nalar\u0131) ve donlar neredeyse hi\u00e7 duyulmam\u0131\u015ft\u0131r. K\u0131sacas\u0131, \u015fehir s\u0131cak ve nemli yazlar\u0131, \u0131l\u0131man k\u0131\u015flar\u0131 ve Atlantik&#039;ten esen s\u00fcrekli alize r\u00fczgarlar\u0131yla yar\u0131 tropikal bir iklime sahiptir; bu ko\u015fullar \u015fehrin rahat, g\u00fcne\u015fli ortam\u0131n\u0131 tan\u0131mlar.<\/p>\n<p>Fort Lauderdale&#039;in k\u00f6kenleri eski bir efsaneden ziyade askeri bir karakola dayanmaktad\u0131r. \u015eehir, \u0130kinci Seminole Sava\u015f\u0131 s\u0131ras\u0131nda ABD Ordusu&#039;ndan Binba\u015f\u0131 William Lauderdale taraf\u0131ndan 1838&#039;de New River&#039;da in\u015fa edilen k\u00fc\u00e7\u00fck bir tahkimattan ad\u0131n\u0131 alm\u0131\u015ft\u0131r. Bu askeri ba\u015flang\u0131c\u0131n \u00f6tesinde, b\u00f6lge 19. y\u00fczy\u0131l\u0131n sonlar\u0131na kadar seyrek yerle\u015fimliydi. \u0130stikrarl\u0131 b\u00fcy\u00fcme, Florida Do\u011fu Sahili Demiryolu&#039;nun geli\u015fi ve 1920&#039;lerdeki Florida toprak patlamas\u0131yla ba\u015flad\u0131. Fort Lauderdale resmi olarak 1911&#039;de kuruldu ve 1915&#039;te yeni olu\u015fturulan Broward County&#039;nin merkezi olarak belirlendi. Erken refah, 1926&#039;daki B\u00fcy\u00fck Miami Kas\u0131rgas\u0131 ve geli\u015fmeyi \u00f6nemli \u00f6l\u00e7\u00fcde yava\u015flatan B\u00fcy\u00fck Buhran taraf\u0131ndan neredeyse ray\u0131ndan \u00e7\u0131kar\u0131ld\u0131.<\/p>\n<p>\u015eehrin serveti II. D\u00fcnya Sava\u015f\u0131 s\u0131ras\u0131nda ve sonras\u0131nda yeniden canland\u0131. B\u00fcy\u00fck bir deniz hava \u00fcss\u00fc binlerce askeri getirdi ve sava\u015f sonras\u0131 n\u00fcfus patlamas\u0131n\u0131n tohumlar\u0131n\u0131 att\u0131. 1950&#039;lerde-60&#039;larda, banliy\u00f6 konut alanlar\u0131 geni\u015fledi ve \u015fehir b\u00fcy\u00fck bir tatil beldesine d\u00f6n\u00fc\u015ft\u00fc. Bir zamanlar m\u00fctevaz\u0131 bir bal\u0131k\u00e7\u0131 k\u00f6y\u00fc olan \u015fehir, oteller, al\u0131\u015fveri\u015f b\u00f6lgeleri ve marinalar\u0131n bulundu\u011fu modern bir \u015fehir olarak yeniden icat edildi. 20. y\u00fczy\u0131l\u0131n sonlar\u0131na do\u011fru, Fort Lauderdale d\u00fcnyan\u0131n en b\u00fcy\u00fck yat\u00e7\u0131l\u0131k merkezlerinden biri ve kar ku\u015flar\u0131 i\u00e7in bir &#034;k\u0131\u015f oyun alan\u0131&#034; haline geldi. Kruvaziyer end\u00fcstrisi de burada bir yuva buldu - bug\u00fcn Port Everglades, k\u00fcresel olarak en yo\u011fun kruvaziyer limanlar\u0131ndan biridir. Bu de\u011fi\u015fiklikler boyunca, Fort Lauderdale hastaneler, \u00fcniversiteler (Florida Atlantic \u00dcniversitesi kamp\u00fcs\u00fc dahil) ve bir \u015fehir merkezi finans b\u00f6lgesi in\u015fa ederken bile bir &#034;k\u0131y\u0131 tatil beldesi&#034; kimli\u011fini korudu. Son y\u0131llarda \u015fehir kentsel canlanmaya odakland\u0131: su boyunca yeni g\u00f6kdelenler, restore edilmi\u015f tarihi d\u00f6n\u00fcm noktalar\u0131 ve k\u00fclt\u00fcrel kurumlar sil\u00fcetini yeniden \u015fekillendirdi. Ancak o erken d\u00f6nem y\u00fckseli\u015f ve d\u00fc\u015f\u00fc\u015f y\u0131llar\u0131n\u0131n miras\u0131, Fort Lauderdale&#039;in katmanl\u0131 karakterinde h\u00e2l\u00e2 kendini g\u00f6steriyor: Las Olas&#039;taki 1920&#039;lerin art deco tarz\u0131ndaki dairelerinden Intracoastal&#039;daki ultra modern kulelere.<\/p>\n<p>Bug\u00fcn Fort Lauderdale rahat ama sofistike bir sahil \u015fehri gibi hissettiriyor. Ortam\u0131, \u00e7ok k\u00fclt\u00fcrl\u00fc bir alt ak\u0131mla &#034;G\u00fcney Florida tatil beldesi&#034;nin bir kar\u0131\u015f\u0131m\u0131. Yerel k\u00fclt\u00fcr, b\u00fcy\u00fck \u0130spanyol ve Karayip topluluklar\u0131n\u0131 yans\u0131t\u0131yor. Festivaller ve etkinlikler bol ve \u00e7e\u015fitli - \u00f6rne\u011fin, \u015fehir merkezinde her y\u0131l d\u00fczenlenen St. Patrick G\u00fcn\u00fc ge\u00e7it t\u00f6reni, Karayip temal\u0131 plaj partileri ve b\u00fcy\u00fck tekne \u015fovlar\u0131n\u0131n yan\u0131 s\u0131ra b\u00fcy\u00fck bir ilgi oda\u011f\u0131. Ortak dil \u0130ngilizce, ancak herhangi bir blokta \u0130spanyolca, Haiti Kreol\u00fc veya Frans\u0131zca duyabilirsiniz. Ger\u00e7ekten de, sakinlerin &#039;inden fazlas\u0131 yurtd\u0131\u015f\u0131nda do\u011fmu\u015f, bu da restoranlara ve ma\u011fazalara k\u00fcresel bir tat veriyor (K\u00fcba kafeleri, Jamaika f\u0131r\u0131nlar\u0131, vb.).<\/p>\n<p>Fort Lauderdale yerlileri \u015fehir hayat\u0131n\u0131 rahat ve a\u00e7\u0131k hava odakl\u0131 olarak tan\u0131mlama e\u011filimindedir. Tipik bir rutin, sabah\u0131n erken saatlerinde plaj veya kanal aktiviteleri (ko\u015fu, tekne gezisi, yoga), Las Olas Bulvar\u0131&#039;nda veya su kenar\u0131nda keyifli bir \u00f6\u011fle yeme\u011fi ve ak\u015famlar\u0131 a\u00e7\u0131k hava barlar\u0131nda veya galerilerde bulu\u015fmalar i\u00e7erebilir. Sosyal hayat\u0131n \u00e7o\u011funun a\u00e7\u0131k havada ger\u00e7ekle\u015fti\u011fi bir yerdir: kald\u0131r\u0131m kafeleri, denizcilik festivalleri, golf sahalar\u0131 ve sanat fuarlar\u0131. Coral Ridge ve Victoria Park gibi mahalleler, &#034;Florida rahat&#034; tarz\u0131yla s\u0131cak ve samimi hissettirir. \u0130nsanlar genellikle ula\u015f\u0131labilirdir - s\u00f6rf e\u011fitmenleri ve yoga \u00f6\u011fretmenleri, kongreler i\u00e7in \u015fehirdeki y\u00f6neticilerle kayna\u015f\u0131r. En yo\u011fun turizm sezonunda bile, \u015fehrin palmiyelerle \u00e7evrili bulvarlar\u0131 ve kilometrelerce uzanan sahil parklar\u0131 bir alan ve sakinlik duygusu yarat\u0131r. \u00d6zetle, Fort Lauderdale&#039;in atmosferi kozmopolit konforlar\u0131 rahat bir denizcilik temposuyla birle\u015ftirir; ziyaret\u00e7iler genellikle &#034;Miami&#039;nin k\u00fc\u00e7\u00fck karde\u015fi&#034; kimli\u011finin daha az tela\u015f ve su \u00fczerinde daha fazla g\u00fcne\u015f anlam\u0131na geldi\u011fini belirtiyorlar.<\/p>\n<p>Fort Lauderdale&#039;in ilgi \u00e7ekici yerleri g\u00fcne\u015f, deniz ve k\u00fclt\u00fcr \u00fczerine kuruludur. \u0130lk ve en \u00f6nemlisi, geni\u015f bir palmiye g\u00f6lgeli gezinti yolunun arkas\u0131nda, yedi mil uzunlu\u011funda, p\u00fcr\u00fczs\u00fcz, a\u00e7\u0131k renkli kumlu bir sahil \u015feridi olan Fort Lauderdale Plaj\u0131&#039;d\u0131r. Bu plaj, &#034;Florida&#039;n\u0131n en iyi plajlar\u0131ndan biri&#034; olarak yayg\u0131n olarak be\u011fenilmektedir. S\u0131\u011f \u0131l\u0131k su, cankurtaran g\u00f6zetimindeki k\u0131y\u0131lar ve kolay park imkan\u0131, onu aileler i\u00e7in ideal hale getirir. Plaj\u0131n biti\u015fi\u011finde, \u015fehir merkezini okyanusa ba\u011flayan, bir mil uzunlu\u011fundaki yemek ve al\u0131\u015fveri\u015f caddesi olan Las Olas Bulvar\u0131 yer almaktad\u0131r. Las Olas, d\u00fczinelerce kald\u0131r\u0131m kafesi ve bistrosunun yan\u0131 s\u0131ra 100&#039;den fazla ma\u011faza, butik ve sanat galerisine ev sahipli\u011fi yapmaktad\u0131r. \u00d6zellikle ak\u015famlar\u0131 ve hafta sonlar\u0131, yerel halk\u0131n ve ziyaret\u00e7ilerin kayna\u015ft\u0131\u011f\u0131 \u015fehrin pop\u00fcler gezinti yoludur.<\/p>\n<p>\u0130\u00e7 kesimlerde, Fort Lauderdale Riverwalk (ayr\u0131ca Sanat ve E\u011flence B\u00f6lgesi olarak da bilinir) tempo de\u011fi\u015fikli\u011fi sunar. Bu 2,5 mil uzunlu\u011fundaki nehir kenar\u0131 yolu, New River&#039;\u0131 \u015fehrin merkezi ve m\u00fcze b\u00f6lgesinden takip eder. Riverwalk boyunca parklar, kamusal sanat eserleri ve su kenar\u0131 restoranlar\u0131 bulacaks\u0131n\u0131z. Yatlar\u0131, k\u00fcrekli tekneleri ve ara s\u0131ra gezi gondollar\u0131n\u0131 izleyebilece\u011finiz on do\u011frusal parktan ge\u00e7er (\u00fccretsiz su taksisi bile vard\u0131r). Riverwalk, Sahne Sanatlar\u0131 i\u00e7in Broward Merkezi ve etkile\u015fimli Ke\u015fif ve Bilim M\u00fczesi gibi \u00f6nemli yerleri birbirine ba\u011flar. Do\u011fan\u0131n bir anl\u0131k g\u00f6r\u00fcnt\u00fcs\u00fcn\u00fc almak i\u00e7in, Bonnet House M\u00fczesi ve Bah\u00e7eleri mutlaka g\u00f6r\u00fclmesi gereken bir yerdir: \u015fehrin geli\u015fiminin ortas\u0131nda yer alan 1920&#039;lerden kalma bir m\u00fclk. Y\u00fczy\u0131ll\u0131k Bonnet House (bir ev m\u00fczesi), sanat ve antikalarla dolu tarihi bir evle birlikte 36 d\u00f6n\u00fcml\u00fck yemye\u015fil bah\u00e7elere yay\u0131lm\u0131\u015ft\u0131r. Plajlar, mangrovlar ve bah\u00e7elerin bir arada bulundu\u011fu bu botanik ve mimari vaha, eski Florida&#039;n\u0131n tad\u0131n\u0131 verir. Di\u011fer \u00f6nemli noktalar aras\u0131nda Stranahan Evi (Fort Lauderdale&#039;in ayakta kalan en eski yap\u0131s\u0131, \u015fu anda yerel tarih m\u00fczesi) ve turistik tekne turlar\u0131 ve do\u011fal su yollar\u0131na eri\u015fim imkan\u0131 sunan \u00e7e\u015fitli marinalar yer al\u0131yor.<\/p>\n<p>Golf\u00e7\u00fcler ve al\u0131\u015fveri\u015f tutkunlar\u0131 \u015fehrin bir\u00e7ok golf sahas\u0131n\u0131 ve al\u0131\u015fveri\u015f merkezini (l\u00fcks Galleria Mall ve Sawgrass Mills gibi) en \u00f6nemli turistik yerler olarak g\u00f6r\u00fcyor. Geceleri, \u015fehrin yatlarla \u00e7evrili Las Olas Bulvar\u0131, \u00e7at\u0131 barlar\u0131ndan gelen m\u00fczikle ayd\u0131nlan\u0131yor ve sosyal odak noktas\u0131 olarak hizmet veriyor. Aile e\u011flencesi i\u00e7in ise Discovery &amp; Science M\u00fczesi (dinozor sergileri ve bir IMAX sinemas\u0131yla) her zaman favori bir yer. G\u00f6zden ka\u00e7\u0131r\u0131lmamas\u0131 gereken: Fort Lauderdale&#039;in bir gemi yolculu\u011fu ba\u015fkenti olarak konumu, devasa Port Everglades&#039;in bir\u00e7ok ki\u015finin g\u00f6rd\u00fc\u011f\u00fc bir yer oldu\u011fu anlam\u0131na geliyor - ister Karayipler yolculu\u011funa \u00e7\u0131kmak i\u00e7in ister devasa gemilerin gelip gitmesini izlemek i\u00e7in, kendi ba\u015f\u0131na bir deneyim.<\/p>\n<p>Fort Lauderdale&#039;e ula\u015f\u0131m olduk\u00e7a kolayd\u0131r. Ana havaalan\u0131, yurti\u00e7i ve uluslararas\u0131 u\u00e7u\u015flar i\u00e7in yo\u011fun bir merkez olan Fort Lauderdale\u2013Hollywood Uluslararas\u0131 Havaliman\u0131&#039;d\u0131r (FLL). FLL, 140 var\u0131\u015f noktas\u0131na direkt seferler sunar ve g\u00fcnde 80.000&#039;den fazla yolcuya hizmet verir. \u00dccretsiz bir servis, havaalan\u0131 terminallerini G\u00fcney Florida k\u0131y\u0131s\u0131 boyunca s\u0131k s\u0131k b\u00f6lgesel tren hizmeti sa\u011flayan yak\u0131ndaki Tri-Rail banliy\u00f6 tren istasyonuna (Dania Beach&#039;te) ba\u011flar. (Tri-Rail hatt\u0131, Hollywood-Ft. Lauderdale havaliman\u0131n\u0131n yak\u0131n\u0131nda bir durakla Miami ve Palm Beach&#039;e ba\u011flan\u0131r.) Alternatif olarak, bir\u00e7ok yolcu sadece 30 mil g\u00fcneyde bulunan yak\u0131ndaki Miami Uluslararas\u0131 Havaliman\u0131&#039;na u\u00e7ar ve Fort Lauderdale&#039;e araba veya otob\u00fcsle transfer olur. Arabayla, Interstate 95 \u015fehrin i\u00e7inden kuzeyden g\u00fcneye do\u011fru ilerler ve Florida&#039;n\u0131n Turnpike&#039;\u00fc onu Orlando&#039;ya ve \u00f6tesine ba\u011flar.<\/p>\n<p>Fort Lauderdale \u015fehir merkezi ve plaj alan\u0131, \u00f6zellikle Las Olas ve Riverwalk \u00e7evresinde olduk\u00e7a y\u00fcr\u00fcnebilir. \u015eehir, turistik b\u00f6lgelerde kullan\u0131\u015fl\u0131 olan birka\u00e7 sirk\u00fclat\u00f6r g\u00fczergah\u0131nda \u00fccretsiz bir yerel otob\u00fcs (Sun Trolley) i\u015fletiyor. D\u00fczenli Broward County otob\u00fcsleri \u00e7o\u011fu mahalleyi birbirine ba\u011fl\u0131yor ve Tri-Rail banliy\u00f6 g\u00fczergahlar\u0131na hizmet veriyor. Taksiler ve yolculuk payla\u015f\u0131m hizmetleri yayg\u0131n olarak mevcuttur. Bir\u00e7ok ziyaret\u00e7i, Sawgrass Mills veya Everglades gezileri gibi turistik yerler daha uzakta oldu\u011fundan araba kiralamay\u0131 daha kolay buluyor. Yo\u011fun sezonda (Aral\u0131k-Nisan) ve tatil hafta sonlar\u0131nda trafik yo\u011fun olabilir, bu nedenle ekstra seyahat s\u00fcresine izin vermek ak\u0131ll\u0131ca olacakt\u0131r.<\/p>\n<p>Fort Lauderdale ABD dolar\u0131n\u0131 kullan\u0131r. Resmi dil \u0130ngilizce&#039;dir, ancak bir\u00e7ok yerel halk \u0130spanyolca veya Creole de konu\u015fmaktad\u0131r. Restoranlarda ve taksilerde yakla\u015f\u0131k -20 bah\u015fi\u015f vermek gelenekseldir. Plaj vurgusu nedeniyle hafif yazl\u0131k k\u0131yafetler, mayo ve g\u00fcne\u015ften korunma olmazsa olmazd\u0131r. Karayipler&#039;e \u00f6zg\u00fc bir yer oldu\u011fundan, \u015fafak vakti\/alacakaranl\u0131kta sivrisineklere kar\u015f\u0131 dikkatli olun. Giyim kurallar\u0131 rahatt\u0131r (daha g\u00fczel restoranlarda bile, erkekler i\u00e7in \u015fort ve polo genellikle uygundur). Fort Lauderdale genellikle g\u00fcvenlidir, ancak \u015fehrin ola\u011fan g\u00fcvenlik \u00f6nlemleri ge\u00e7erlidir - de\u011ferli e\u015fyalar\u0131n\u0131z\u0131 g\u00fcvende tutun, kalabal\u0131k kald\u0131r\u0131mlarda dikkatli olun ve geceleri \u0131ss\u0131z plaj alanlar\u0131ndan ka\u00e7\u0131n\u0131n. Genel olarak, his dost canl\u0131s\u0131 ve a\u00e7\u0131kt\u0131r ve \u015fehrin ziyaret\u00e7i odakl\u0131 karakterini yans\u0131t\u0131r.<a href=\"https:\/\/travelshelper.com\/tr\/hedefler\/kuzey-amerika\/amerika-birlesik-devletleri\/berkeley-springs\/\" target=\"_self\" aria-labelledby=\"uael-post-8997\"><br \/>\n<\/a><\/p>","protected":false},"excerpt":{"rendered":"<p>Fort Lauderdale, Miami&#039;nin yakla\u015f\u0131k 30 mil (48 km) kuzeyinde, Atlantik Okyanusu k\u0131y\u0131s\u0131nda, Amerika&#039;n\u0131n Florida eyaletinde bulunan enerjik bir k\u0131y\u0131 \u015fehridir. 2020 n\u00fcfus say\u0131m\u0131nda bildirildi\u011fi \u00fczere, Broward County&#039;nin il\u00e7e merkezi ve en kalabal\u0131k \u015fehri olan Fort Lauderdale, 182.260 vatanda\u015fa sahiptir. 2019&#039;da 6.166.488&#039;lik bir metropol alan\u0131 n\u00fcfusuyla Fort Lauderdale, Miami ve Hialeah&#039;\u0131n ard\u0131ndan Miami metropol alan\u0131nda \u00fc\u00e7\u00fcnc\u00fc en kalabal\u0131k \u015fehirdir. Bu, \u015fehri Florida&#039;n\u0131n en kalabal\u0131k onuncu \u015fehri yapar.<\/p>","protected":false},"author":1,"featured_media":2720,"parent":8072,"menu_order":0,"comment_status":"closed","ping_status":"closed","template":"elementor_theme","meta":{"_eb_attr":"","footnotes":""},"class_list":["post-8723","page","type-page","status-publish","has-post-thumbnail"],"_links":{"self":[{"href":"https:\/\/travelshelper.com\/tr\/wp-json\/wp\/v2\/pages\/8723","targetHints":{"allow":["GET"]}}],"collection":[{"href":"https:\/\/travelshelper.com\/tr\/wp-json\/wp\/v2\/pages"}],"about":[{"href":"https:\/\/travelshelper.com\/tr\/wp-json\/wp\/v2\/types\/page"}],"author":[{"embeddable":true,"href":"https:\/\/travelshelper.com\/tr\/wp-json\/wp\/v2\/users\/1"}],"replies":[{"embeddable":true,"href":"https:\/\/travelshelper.com\/tr\/wp-json\/wp\/v2\/comments?post=8723"}],"version-history":[{"count":0,"href":"https:\/\/travelshelper.com\/tr\/wp-json\/wp\/v2\/pages\/8723\/revisions"}],"up":[{"embeddable":true,"href":"https:\/\/travelshelper.com\/tr\/wp-json\/wp\/v2\/pages\/8072"}],"wp:featuredmedia":[{"embeddable":true,"href":"https:\/\/travelshelper.com\/tr\/wp-json\/wp\/v2\/media\/2720"}],"wp:attachment":[{"href":"https:\/\/travelshelper.com\/tr\/wp-json\/wp\/v2\/media?parent=8723"}],"curies":[{"name":"wp","href":"https:\/\/api.w.org\/{rel}","templated":true}]}}