{"id":8675,"date":"2024-09-04T10:54:39","date_gmt":"2024-09-04T10:54:39","guid":{"rendered":"https:\/\/travelshelper.com\/staging\/?page_id=8675"},"modified":"2026-03-13T18:05:45","modified_gmt":"2026-03-13T18:05:45","slug":"salt-lake-city","status":"publish","type":"page","link":"https:\/\/travelshelper.com\/tr\/destinations\/north-america\/united-states\/salt-lake-city\/","title":{"rendered":"Salt Lake City"},"content":{"rendered":"<p>Salt Lake City, Utah, Wasatch S\u0131rada\u011flar\u0131&#039;n\u0131n ete\u011finde y\u00fcksek bir da\u011f vadisine yay\u0131lm\u0131\u015ft\u0131r. Deniz seviyesinden yakla\u015f\u0131k 4.300 fit y\u00fckseklikte yer al\u0131r ve Uintas ve Wasatch&#039;\u0131n engebeli zirveleri do\u011fuya do\u011fru aniden y\u00fckselir. \u015eehir \u015febekesi (Temple Square&#039;den ba\u015flar) kesin bir kuzey-g\u00fcney\/do\u011fu-bat\u0131 d\u00fczeninde uzan\u0131r. Ufukta Salt Lake Tap\u0131na\u011f\u0131 ve LDS Kilisesi&#039;nin \u015fehir merkezi kompleksi hakimdir. Bir\u00e7ok y\u00f6nden B\u00fcy\u00fck Tuz G\u00f6l\u00fc ve \u00e7\u00f6l havzalar\u0131 ufukta g\u00f6r\u00fclebilir. Genel izlenim, \u00e7\u0131plak, karla kapl\u0131 da\u011f fonuna yerle\u015ftirilmi\u015f temiz, d\u00fczenli bir \u015fehirdir. I\u015f\u0131k genellikle parlakt\u0131r (rak\u0131m ve kuru hava sayesinde) ve k\u0131\u015f, \u00e7evredeki etekleri k\u0131\u015f oyun alan\u0131na d\u00f6n\u00fc\u015ft\u00fcren bol kar ya\u011f\u0131\u015f\u0131na neden olur. Salt Lake City, hem modern (teknoloji end\u00fcstrisi b\u00fcy\u00fcmesiyle) hem de s\u0131n\u0131r (19. y\u00fczy\u0131l Mormon \u00f6nc\u00fc miras\u0131yla) hissettirir.<\/p>\n<p>Salt Lake City, Utah&#039;\u0131n ba\u015fkenti ve en b\u00fcy\u00fck \u015fehridir. N\u00fcfusu 2020&#039;de 199.723 idi ve artmaya devam ediyor: 2023&#039;te yakla\u015f\u0131k 203.888&#039;e ula\u015ft\u0131 (2022&#039;den beri yakla\u015f\u0131k %1,3 art\u0131\u015f). Metropol alan\u0131 yakla\u015f\u0131k 1,2 milyon; birle\u015fik istatistiksel alan (Salt Lake City-Ogden-Provo) 2,7 milyona yak\u0131n. \u015eehrin \u0131rksal\/etnik da\u011f\u0131l\u0131m\u0131 \u00e7o\u011funlukla Beyaz (\u0130spanyol k\u00f6kenli olmayan) , \u0130spanyol veya Latin k\u00f6kenli sakinler yakla\u015f\u0131k %9 ve Asyal\u0131lar %5&#039;tir. (B\u00fcy\u00fck Mormon Kilisesi \u00fcyeli\u011fi aras\u0131nda bir\u00e7ok Latin k\u00f6kenli \u00fcye bulunmaktad\u0131r; eyalet genelinde Utah&#039;\u0131n yakla\u015f\u0131k &#039;\u00fc \u0130spanyol k\u00f6kenlidir.) SLC&#039;deki ortalama hane geliri nispeten y\u00fcksektir, y\u0131lda yakla\u015f\u0131k 75.000 ABD dolar\u0131d\u0131r (g\u00fc\u00e7l\u00fc bir ekonomiyle desteklenen metropol alan\u0131, \u00fclkedeki en y\u00fcksek ortalama gelirlerden birine sahiptir).<\/p>\n<p>Salt Lake City&#039;nin ekonomisi \u00e7e\u015fitlendi. Tarihsel olarak b\u00f6lgesel bir ticaret ve madencilik merkezi olan \u015fehir, bug\u00fcn teknoloji, finans ve sa\u011fl\u0131k hizmetleriyle dikkat \u00e7ekiyor. B\u00f6lgesel bir bankac\u0131l\u0131k merkezi olarak bilinen \u015fehir, Zions Bancorp ve Questar (her ikisi de Fortune 1000) gibi \u015firketlerin merkezidir. Di\u011fer b\u00fcy\u00fck kurumsal isimler aras\u0131nda Intermountain Health (hastaneler), Sinclair Oil ve Smith&#039;s Food &amp; Drug yer al\u0131yor. Son y\u0131llarda SLC, genellikle &#034;Silikon Yama\u00e7lar\u0131&#034;n\u0131n kalbi olarak adland\u0131r\u0131lan bir teknoloji merkezi olarak h\u0131zla b\u00fcy\u00fcd\u00fc. 2022&#039;de \u015fehirde yakla\u015f\u0131k 67.500 teknoloji i\u015fi vard\u0131 ve bu 2019&#039;dan bu yana &#039;lik bir b\u00fcy\u00fcme anlam\u0131na geliyor. \u00d6nemli teknoloji i\u015fverenleri aras\u0131nda Adobe ve Qualtrics&#039;ten bir\u00e7ok yeni \u015firkete kadar \u00e7e\u015fitlilik g\u00f6steriyor. Salt Lake City ayr\u0131ca Utah&#039;\u0131n kayak turizmi sekt\u00f6r\u00fcn\u00fcn de merkezidir. Adobe, eBay ve Qualtrics gibi \u015firketlerin SLC&#039;de b\u00fcy\u00fck ofisleri var ve \u015fehir 2002 K\u0131\u015f Olimpiyatlar\u0131&#039;na ev sahipli\u011fi yapt\u0131 (uluslararas\u0131 profilini y\u00fckseltti).<\/p>\n<p>Salt Lake City, Amerika Birle\u015fik Devletleri&#039;nin Da\u011fl\u0131k Bat\u0131s\u0131nda yer al\u0131r. Kuzey Utah&#039;ta, B\u00fcy\u00fck Tuz G\u00f6l\u00fc&#039;n\u00fcn yakla\u015f\u0131k 20 mil g\u00fcneydo\u011fusundad\u0131r. \u015eehir, do\u011fuda dik Wasatch S\u0131rada\u011flar\u0131 (zirveleri 11.000 fitin \u00fczerinde) ve bat\u0131da Oquirrh Da\u011flar\u0131 ile \u00e7evrili d\u00fcz bir vadide yer al\u0131r. B\u00fcy\u00fck Tuz G\u00f6l\u00fc&#039;n\u00fcn tuzlu sular\u0131, a\u00e7\u0131k g\u00fcnlerde kuzeybat\u0131dan g\u00f6r\u00fclebilir. Bu y\u00fcksek \u00e7\u00f6l vadisi ortam\u0131, yar\u0131 kurak bir iklim anlam\u0131na gelir: k\u0131\u015flar so\u011fuk ve karl\u0131, yazlar ise s\u0131cak ve kurakt\u0131r. K\u00f6ppen s\u0131n\u0131fland\u0131rmas\u0131na g\u00f6re Akdeniz (Csa) ve kuru yaz k\u0131tasal (Dsa) iklimleri aras\u0131ndaki s\u0131n\u0131rda yer al\u0131r. Uygulamada, yazlar uzun, s\u0131cak ve \u00e7o\u011funlukla g\u00fcne\u015flidir (genellikle 85\u201395\u00b0F), k\u0131\u015flar ise so\u011fuktur ve da\u011flarda 50 in\u00e7ten fazla kar vard\u0131r (\u015fehir k\u0131\u015flar\u0131 ortalama 20-40\u00b0F&#039;dir). D\u00fc\u015f\u00fck nem nedeniyle, y\u00fcksek s\u0131cakl\u0131klar genellikle geceleri keskin bir \u015fekilde d\u00fc\u015fer ve g\u00fcne\u015f yo\u011fun olur.<\/p>\n<p>Salt Lake City, Temmuz 1847&#039;de Brigham Young \u00f6nderli\u011findeki Mormon \u00f6nc\u00fcler taraf\u0131ndan kuruldu. Dinlerini \u00f6zg\u00fcrce ya\u015fayabilecekleri bir yer arayan bu yerle\u015fimciler, Salt Lake Vadisi&#039;ne (o zamanlar Meksika&#039;n\u0131n bir par\u00e7as\u0131yd\u0131) girdiler ve yerle\u015fim yerlerine &#034;B\u00fcy\u00fck Salt Lake City&#034; (daha sonra k\u0131salt\u0131ld\u0131) ad\u0131n\u0131 verdiler. Sonraki on y\u0131llarda, sulama projeleri \u00e7\u00f6l vadisini ye\u015fillendirdi ve Salt Lake, b\u00f6lgenin ticari ve k\u00fclt\u00fcrel merkezi olarak b\u00fcy\u00fcd\u00fc. Utah B\u00f6lgesi&#039;nin ba\u015fkenti ve daha sonra eyalet ba\u015fkenti oldu (1896 sonras\u0131). \u00d6nemli d\u00f6n\u00fcm noktalar\u0131 aras\u0131nda, y\u00fckselen kuleleri hala bir \u015fehir sembol\u00fc olan Salt Lake Tap\u0131na\u011f\u0131&#039;n\u0131n (1893) tamamlanmas\u0131 ve Salt Lake&#039;i \u00fclkeye ba\u011flayan k\u0131talararas\u0131 demiryolunun (1869) gelmesi yer almaktad\u0131r.<\/p>\n<p>20. y\u00fczy\u0131lda Salt Lake City, end\u00fcstri (madencilik, savunma ve nakliye) geli\u015ftirdi. \u00d6nemli bir d\u00f6n\u00fcm noktas\u0131, uluslararas\u0131 ilgi \u00e7eken ve yeni mekanlara (\u015fehir d\u0131\u015f\u0131ndaki Olympic Winter Park gibi) yol a\u00e7an 2002 K\u0131\u015f Olimpiyat Oyunlar\u0131&#039;na ev sahipli\u011fi yapmakt\u0131. Son zamanlarda Salt Lake City daha kentsel bir kimli\u011fi benimsedi: \u015fehir merkezini canland\u0131rd\u0131, k\u00fclt\u00fcrel etkinlikleri geni\u015fletti ve kendini a\u00e7\u0131k hava rekreasyon merkezi olarak pazarlad\u0131. Teknoloji ve finans\u0131n b\u00fcy\u00fcmesi de \u015fehri 2010&#039;larda ve sonras\u0131nda d\u00f6n\u00fc\u015ft\u00fcrd\u00fc.<\/p>\n<p>Salt Lake City&#039;nin yerel karakteri Mormon miras\u0131 ve da\u011f ya\u015fam tarz\u0131yla \u015fekillenmi\u015ftir. \u015eehir merkezi, \u0130sa Mesih&#039;in Son Zaman Azizler Kilisesi&#039;nin (LDS Kilisesi) merkezi olan Temple Meydan\u0131&#039;nda merkezlenmi\u015ftir. Burada tarihi Salt Lake Tap\u0131na\u011f\u0131, Tabernacle ve kilise ofisleri sakin, cilal\u0131 bir b\u00f6lge olu\u015fturur. Din (LDS) k\u00fclt\u00fcr\u00fc etkiler: bir\u00e7ok sakin kiliseye gider ve aile dostu de\u011ferler \u00f6ne \u00e7\u0131kar. Genellikle yank\u0131lanan korolar duyars\u0131n\u0131z ve sivri tap\u0131nak mimarisi g\u00f6r\u00fcrs\u00fcn\u00fcz.<\/p>\n<p>Ancak SLC ayn\u0131 zamanda \u015fa\u015f\u0131rt\u0131c\u0131 derecede liberal ve kozmopolittir. Utah&#039;\u0131n muhafazakar itibar\u0131na k\u0131yasla, \u015fehir son se\u00e7imlerde Demokratlara oy veriyor ve b\u00fcy\u00fck bir LGBT toplulu\u011funa sahip. Her y\u0131l iyi kat\u0131l\u0131ml\u0131 bir Utah Onur Festivali&#039;ne ev sahipli\u011fi yap\u0131yor. Bir\u00e7ok eyalet d\u0131\u015f\u0131ndan gelen ki\u015finin (i\u015f ve kayak k\u00fclt\u00fcr\u00fcyle gelen) varl\u0131\u011f\u0131 ilerici bir havaya katk\u0131da bulunuyor. \u015eehirde \u00e7e\u015fitli restoranlar ve gece hayat\u0131 var. Y\u00fcksek rak\u0131m\u0131 ve a\u00e7\u0131k havay\u0131 seven n\u00fcfusu nedeniyle Salt Lake rahat bir atletik havaya sahip - insanlar muhtemelen ge\u00e7en hafta sonu yapt\u0131klar\u0131 kayak gezisi veya da\u011f bisikleti turu hakk\u0131nda sohbet edeceklerdir.<\/p>\n<p>Resmi dil \u0130ngilizce&#039;dir; \u00f6nemli bir Latin az\u0131nl\u0131k \u0130spanyolca konu\u015fmaktad\u0131r. Buradaki ya\u015fam\u0131n dikkate de\u011fer bir y\u00f6n\u00fc misafirperverlik ve g\u00f6n\u00fcll\u00fcl\u00fck ruhudur (LDS toplum hizmeti k\u00fclt\u00fcr\u00fc, art\u0131 s\u0131n\u0131r odakl\u0131 yard\u0131mseverlik). Yaz\u0131n Downtown Farmers Market&#039;ten eyalet fuarlar\u0131na ve sanat festivallerine kadar festivaller ve etkinlikler bol miktarda bulunur. Salt Lake, g\u00fc\u00e7l\u00fc bir m\u00fczik gelene\u011fini yans\u0131tan \u00fcnl\u00fc bir koroya (&#034;The Tabernacle Choir at Temple Square&#034;) ve senfoniye ev sahipli\u011fi yapmaktad\u0131r. Tempo a\u00e7\u0131s\u0131ndan, ne b\u00fcy\u00fck \u015fehirler kadar tela\u015fl\u0131d\u0131r ne de uykuludur; do\u011faya an\u0131nda eri\u015fimle kentsel hareketlili\u011fin bir dengesini sunar. Sakinler genellikle sa\u011fl\u0131k bilincine sahiptir, \u00e7evreye duyarl\u0131d\u0131r (son zamanlardaki hava kalitesi endi\u015felerine dikkat \u00e7ekilmektedir) ve do\u011fal \u00e7evreleriyle gurur duyarlar.<\/p>\n<p><strong>En \u0130yi Gezilecek Yerler:<\/strong><\/p>\n<ul>\n<li><strong>Tap\u0131nak Meydan\u0131<\/strong> \u2013 \u015eehrin manevi ve tarihi kalbi. Salt Lake Tap\u0131na\u011f\u0131&#039;n\u0131 (LDS) ve d\u00fcnyaca \u00fcnl\u00fc Mormon Tabernacle Korosu&#039;nun evi olan Tabernacle&#039;\u0131 bar\u0131nd\u0131r\u0131r. Alan ziyaret\u00e7ilere a\u00e7\u0131kt\u0131r ve g\u00fcnl\u00fck \u00fccretsiz org resitalleri ve rehberli turlar d\u00fczenlenir. Mormon \u00f6nc\u00fcleri taraf\u0131ndan kurulan bir \u015fehir olarak Salt Lake&#039;in kimli\u011finin \u00e7o\u011funu b\u00fcnyesinde bar\u0131nd\u0131r\u0131r.<\/li>\n<li><strong>Clark Planetaryumu ve Discovery Gateway<\/strong> \u2013 \u015eehrin merkezindeki The Gateway semtinin kenar\u0131ndaki planetaryum, uzay bilimi g\u00f6sterileri ve bir IMAX sinemas\u0131 sunuyor. Hemen yan\u0131nda bulunan Discovery Gateway, bilim ve teknoloji \u00fczerine etkile\u015fimli sergiler sunan Utah&#039;\u0131n \u00e7ocuk m\u00fczesidir. (Bu kurumlar alan\u0131 payla\u015f\u0131r ve Salt Lake&#039;in aile dostu e\u011fitim e\u011flencesine verdi\u011fi \u00f6nemi vurgular.)<\/li>\n<li><strong>Utah G\u00fczel Sanatlar M\u00fczesi ve Do\u011fa Tarihi M\u00fczesi<\/strong> \u2013 Utah \u00dcniversitesi kamp\u00fcs\u00fcnde, Bat\u0131&#039;n\u0131n en \u00f6nde gelen sanat koleksiyonlar\u0131ndan biri yer al\u0131r. Yak\u0131nlarda Utah Do\u011fa Tarihi M\u00fczesi (mimari olarak yukar\u0131daki da\u011flardan esinlenmi\u015ftir) bulunur. Birlikte kapsaml\u0131 bir k\u00fclt\u00fcrel gezi sunarlar: antik \u00e7a\u011fdan g\u00fcn\u00fcm\u00fcze kadar uzanan sanat ve do\u011fa tarihi sergileri (dinozor fosilleri, Yerli Amerikan eserleri, vb.). Salt Lake&#039;in uzun k\u0131\u015flar\u0131, kapal\u0131 m\u00fczelerin de\u011ferli oldu\u011fu anlam\u0131na gelir ve bunlar \u00f6ne \u00e7\u0131kanlard\u0131r.<\/li>\n<li><strong>B\u00fcy\u00fck Tuz G\u00f6l\u00fc ve Antelope Adas\u0131 Eyalet Park\u0131<\/strong> \u2013 B\u00fcy\u00fck, tuzlu B\u00fcy\u00fck Tuz G\u00f6l\u00fc \u015fehrin kuzeybat\u0131s\u0131nda yer al\u0131r (bir\u00e7ok noktadan g\u00f6r\u00fclebilir). Bat\u0131 Yar\u0131mk\u00fcre&#039;deki en b\u00fcy\u00fck tuzlu su g\u00f6l\u00fcd\u00fcr. Ziyaret\u00e7iler, bizon s\u00fcr\u00fclerinin aras\u0131nda y\u00fcr\u00fcy\u00fc\u015f yapmak ve olduk\u00e7a hareketli tuzlu sularda y\u00fczmek i\u00e7in g\u00f6ldeki Antelope Adas\u0131&#039;na (Utah&#039;\u0131n en b\u00fcy\u00fck eyalet park\u0131) gidebilirler.<\/li>\n<li><strong>Kayak ve A\u00e7\u0131k Hava Rekreasyonu<\/strong> \u2013 \u015eehrin i\u00e7inde olmasa da Salt Lake City, \u201cMillennium \u2013 Ski City USA\u201d olarak \u00fcnl\u00fcd\u00fcr. \u015eehir merkezine 30-60 dakika mesafede d\u00fcnya standartlar\u0131nda kayak merkezleri (Alta, Snowbird, Park City) bulunmaktad\u0131r. Yaz\u0131n ayn\u0131 da\u011flar y\u00fcr\u00fcy\u00fc\u015f ve da\u011f bisikleti imkan\u0131 sunar. \u015eehrin tam i\u00e7inde Red Butte Garden, Liberty Park ve tekne gezileri i\u00e7in rezervuarlar gibi f\u0131rsatlar vard\u0131r. G\u00fc\u00e7l\u00fc a\u00e7\u0131k hava k\u00fclt\u00fcr\u00fc, ziyaret\u00e7iler ve yerel halk i\u00e7in \u00f6nemli bir \u201c\u00e7ekim noktas\u0131\u201dd\u0131r.<\/li>\n<li><strong>Tarihi Tap\u0131nak Meydan\u0131 (Restoranlar ve Al\u0131\u015fveri\u015f Merkezleri)<\/strong> \u2013 Ak\u015famlar\u0131, Temple Meydan\u0131&#039;n\u0131n \u0131\u015f\u0131klar\u0131n\u0131 ke\u015ffedebilir veya City Creek Center&#039;da (i\u00e7inden bir dere ge\u00e7en a\u00e7\u0131k hava al\u0131\u015fveri\u015f merkezi) dinlenebilirsiniz. Orijinal \u015fehir \u015febekesi ayr\u0131ca tiyatrolara (Eccles Theatre) ve Mormon temal\u0131 \u00e7a\u011fda\u015f mutfa\u011f\u0131 olan b\u00fcy\u00fcyen bir yemek sahnesine (\u00f6rne\u011fin, \u015feflerin i\u015fletti\u011fi restoranlar) kolayca y\u00fcr\u00fcyerek gidilebilece\u011fi anlam\u0131na gelir. \u015eehirde ayr\u0131ca k\u00fc\u00e7\u00fck lig beyzbolu da vard\u0131r (Real Salt Lake futbol tak\u0131m\u0131 art\u0131k \u015fehir merkezindeki yeni bir stadyumda oynuyor), ancak bunlar daha \u00e7ok yerel terimlerledir.<\/li>\n<\/ul>\n<p><strong>Pratik \u00d6zet:<\/strong><\/p>\n<ul>\n<li><strong>Ula\u015f\u0131m:<\/strong> Salt Lake City Uluslararas\u0131 Havaalan\u0131 (SLC), ABD genelinde u\u00e7u\u015flar ve \u00e7e\u015fitli uluslararas\u0131 rotalar sa\u011flayan ana havaalan\u0131d\u0131r. \u015eehir merkezine yakla\u015f\u0131k 5 mil bat\u0131dad\u0131r ve taksi veya Utah Transit Authority (UTA) Trax Blue Line hafif rayl\u0131 sistemiyle kolayca ula\u015f\u0131labilir. S\u00fcr\u00fc\u015f s\u0131ras\u0131nda Salt Lake, iki b\u00fcy\u00fck Eyaletleraras\u0131 otoyolla kesi\u015fir: I-15 (kuzey-g\u00fcney) ve I-80 (do\u011fu-bat\u0131) ikisi de \u015fehir merkezini ge\u00e7er.<\/li>\n<li><strong>Ula\u015f\u0131m:<\/strong> \u015eehirde, TRAX hafif rayl\u0131 sistemi (\u015fehir merkezinden banliy\u00f6lere kadar uzanan \u00fc\u00e7 hat) ve bir otob\u00fcs a\u011f\u0131 da dahil olmak \u00fczere UTA taraf\u0131ndan i\u015fletilen kapsaml\u0131 bir ula\u015f\u0131m sistemi bulunmaktad\u0131r. TRAX Mavi Hatt\u0131, \u015fehir merkezini havaalan\u0131na ve g\u00fcney banliy\u00f6lerine ba\u011flar. \u015eehir merkezi, \u0131zgara d\u00fczeni sayesinde y\u00fcr\u00fcyerek gezilebilir. Ancak, \u015fehrin hemen merkezinden uzakta, araba veya toplu ta\u015f\u0131ma gerekir - vadi b\u00fcy\u00fckt\u00fcr. Bisiklet kullan\u0131m\u0131 da i\u00e7 mahallelerde giderek yayg\u0131nla\u015fmaktad\u0131r. Trafik sabah ve ak\u015fam saatlerinde yo\u011funla\u015fabilir, ancak genellikle yo\u011fun saatler d\u0131\u015f\u0131nda idare edilebilir.<\/li>\n<li><strong>Temel \u0130pu\u00e7lar\u0131:<\/strong> Para birimi ABD dolar\u0131d\u0131r. Resmi dil \u0130ngilizce&#039;dir, ancak bir\u00e7ok lokanta \u0130spanyolca men\u00fcler sunar. Temel g\u00f6rg\u00fc kurallar\u0131: Utahl\u0131lar genellikle &#034;iyi&#034;yi belirtmek i\u00e7in sa\u011f omuzlar\u0131nda iki parmak kullan\u0131rlar (olumlu onaylama). Aile de\u011ferleri g\u00fc\u00e7l\u00fcd\u00fcr, bu nedenle baz\u0131 dini ortamlarda (tap\u0131nak veya Mormon toplant\u0131 evlerini ziyaret ediyorsan\u0131z) giyim m\u00fctevaz\u0131d\u0131r. K\u0131\u015f\u0131n seyahat ediyorsan\u0131z kar k\u0131yafetleri \u015fartt\u0131r. G\u00fcvenlik: Salt Lake nispeten g\u00fcvenlidir; di\u011fer \u015fehirlerde oldu\u011fu gibi geceleri iyi ayd\u0131nlat\u0131lm\u0131\u015f alanlarda kal\u0131n. Hava \u00e7ok kuru olabilir, bu nedenle bol su i\u00e7in. Geleneksel olarak bah\u015fi\u015f (restoranlarda -20) beklenir.<a href=\"https:\/\/travelshelper.com\/tr\/hedefler\/kuzey-amerika\/amerika-birlesik-devletleri\/berkeley-springs\/\" target=\"_self\" aria-labelledby=\"uael-post-8997\"><br \/>\n<\/a><\/li>\n<\/ul>","protected":false},"excerpt":{"rendered":"<p>Genellikle Salt Lake veya SLC olarak an\u0131lan Salt Lake City, Utah&#039;\u0131n ba\u015fkenti ve en kalabal\u0131k \u015fehridir. Eyaletin en kalabal\u0131k il\u00e7esi olan Salt Lake County&#039;nin il\u00e7e merkezidir. 2020 say\u0131m\u0131na g\u00f6re n\u00fcfusu 1.257.936 olan \u015fehir, Salt Lake City Metropol \u0130statistik Alan\u0131&#039;n\u0131n (MSA) merkezini olu\u015fturmaktad\u0131r. Salt Lake City ayr\u0131ca Salt Lake City-Ogden-Provo Birle\u015fik \u0130statistik Alan\u0131 olarak bilinen daha b\u00fcy\u00fck metropol\u00fcn i\u00e7inde yer almaktad\u0131r. 2021 itibar\u0131yla tahmini n\u00fcfusu 2.746.164 olan bu alan, 120 mil (190 km) boyunca uzanan s\u00fcrekli kentsel ve banliy\u00f6 geli\u015fiminin bir koridoru olup \u00fclkenin 22. en b\u00fcy\u00fc\u011f\u00fcd\u00fcr. 2020&#039;de n\u00fcfusu 200.134 olan Salt Lake City, Amerika Birle\u015fik Devletleri&#039;ndeki t\u00fcm \u015fehirler aras\u0131nda 117. s\u0131rada yer almaktad\u0131r. B\u00fcy\u00fck Havza&#039;da bulunan sadece iki ana kentsel alandan biri olan Reno, Nevada di\u011feridir; ayn\u0131 zamanda bunlardan birinin de merkez \u00e7ekirde\u011fidir.<\/p>","protected":false},"author":1,"featured_media":3102,"parent":8072,"menu_order":0,"comment_status":"closed","ping_status":"closed","template":"elementor_theme","meta":{"_eb_attr":"","footnotes":""},"class_list":["post-8675","page","type-page","status-publish","has-post-thumbnail"],"_links":{"self":[{"href":"https:\/\/travelshelper.com\/tr\/wp-json\/wp\/v2\/pages\/8675","targetHints":{"allow":["GET"]}}],"collection":[{"href":"https:\/\/travelshelper.com\/tr\/wp-json\/wp\/v2\/pages"}],"about":[{"href":"https:\/\/travelshelper.com\/tr\/wp-json\/wp\/v2\/types\/page"}],"author":[{"embeddable":true,"href":"https:\/\/travelshelper.com\/tr\/wp-json\/wp\/v2\/users\/1"}],"replies":[{"embeddable":true,"href":"https:\/\/travelshelper.com\/tr\/wp-json\/wp\/v2\/comments?post=8675"}],"version-history":[{"count":0,"href":"https:\/\/travelshelper.com\/tr\/wp-json\/wp\/v2\/pages\/8675\/revisions"}],"up":[{"embeddable":true,"href":"https:\/\/travelshelper.com\/tr\/wp-json\/wp\/v2\/pages\/8072"}],"wp:featuredmedia":[{"embeddable":true,"href":"https:\/\/travelshelper.com\/tr\/wp-json\/wp\/v2\/media\/3102"}],"wp:attachment":[{"href":"https:\/\/travelshelper.com\/tr\/wp-json\/wp\/v2\/media?parent=8675"}],"curies":[{"name":"wp","href":"https:\/\/api.w.org\/{rel}","templated":true}]}}