{"id":8654,"date":"2024-09-04T01:48:30","date_gmt":"2024-09-04T01:48:30","guid":{"rendered":"https:\/\/travelshelper.com\/staging\/?page_id=8654"},"modified":"2026-03-13T21:30:23","modified_gmt":"2026-03-13T21:30:23","slug":"vail","status":"publish","type":"page","link":"https:\/\/travelshelper.com\/tr\/destinations\/north-america\/united-states\/vail\/","title":{"rendered":"Vail"},"content":{"rendered":"<p>Vail, Colorado k\u00fc\u00e7\u00fck bir da\u011f kasabas\u0131d\u0131r; 2020 say\u0131m\u0131na g\u00f6re kal\u0131c\u0131 n\u00fcfusu 4.835&#039;ti. Kasaba, Eagle County&#039;de yakla\u015f\u0131k 4,7 mil karelik bir alan\u0131 kaplar. Bu, patlama y\u0131llar\u0131na g\u00f6re hafif bir d\u00fc\u015f\u00fc\u015ft\u00fcr (n\u00fcfus 2010&#039;da 5.000&#039;in biraz \u00fczerinde zirve yapt\u0131 ve o zamandan beri 4.000-5.000 civar\u0131nda seyretti). \u00d6nemlisi, Vail&#039;in resmi n\u00fcfus say\u0131m\u0131, kiral\u0131k konutlarda ya\u015fayan bir\u00e7ok yar\u0131 zamanl\u0131 sakini ve mevsimlik i\u015f\u00e7iyi hari\u00e7 tutuyor. K\u0131\u015f kayak sezonu ve yaz etkinlikleri s\u0131ras\u0131nda n\u00fcfus etkili bir \u015fekilde iki veya \u00fc\u00e7 kat\u0131na \u00e7\u0131kar.<\/p>\n<p>Vail ezici bir \u015fekilde Beyazd\u0131r. 2020&#039;de sakinlerin &#039;s\u0131ndan fazlas\u0131 Beyaz olarak tan\u0131mland\u0131; Hispanikler\/Latinler kasaban\u0131n yakla\u015f\u0131k &#039;unu olu\u015fturuyor. Vail&#039;de \u00e7ok az Afrikal\u0131-Amerikal\u0131, Yerli Amerikal\u0131 veya Asyal\u0131 ya\u015f\u0131yor (her biri %2&#039;nin alt\u0131nda). Ortanca ya\u015f y\u00fcksektir: 50,2 y\u0131l. Topluluk daha ya\u015fl\u0131d\u0131r, sakinlerin yakla\u015f\u0131k &#039;u 60-79 ya\u015flar\u0131 aras\u0131ndad\u0131r ve sadece yakla\u015f\u0131k %8&#039;i 20 ya\u015f\u0131n alt\u0131ndad\u0131r. Bu hem zengin emekli n\u00fcfusunu hem de ikinci ev sahiplerinin yayg\u0131nl\u0131\u011f\u0131n\u0131 yans\u0131t\u0131r.<\/p>\n<p>Vail&#039;in ekonomisi neredeyse tamamen turizm odakl\u0131d\u0131r. Vail Kayak Merkezi (1962&#039;de a\u00e7\u0131lm\u0131\u015ft\u0131r) ekonominin merkezindedir; bir zamanlar Colorado&#039;nun en b\u00fcy\u00fck kayak da\u011f\u0131yd\u0131 ve \u015fimdi Vail Resorts imparatorlu\u011funun bir par\u00e7as\u0131d\u0131r. K\u0131\u015f ziyaret\u00e7ileri k\u00f6ye ak\u0131n eder, otellerde ve apartman dairelerinde kal\u0131r, d\u0131\u015far\u0131da yemek yer, al\u0131\u015fveri\u015f yapar ve kayak yapar. Yaz\u0131n y\u00fcr\u00fcy\u00fc\u015f, da\u011f bisikleti ve golf (Turtle Creek Golf Sahas\u0131) tatilcileri \u00e7eker. Kasaban\u0131n bir\u00e7ok restoran\u0131 ve sanat galerisi y\u0131l boyunca geli\u015fir, ancak fark edilir mevsimsel zirvelerle. Gelir seviyeleri y\u00fcksektir: ortalama hane geliri (2019) yakla\u015f\u0131k 100.400 dolard\u0131. Burada evler son derece pahal\u0131d\u0131r - ortalama 1 milyon dolar\u0131n \u00fczerinde - ve bir\u00e7ok insan tam zamanl\u0131 yerel halktan ziyade hizmet i\u015flerinde (otel personeli, kayak e\u011fitmenleri vb.) \u00e7al\u0131\u015f\u0131r. Genel olarak, Vail&#039;in ekonomisi b\u00fcy\u00fck \u00f6l\u00e7\u00fcde kayak ve ili\u015fkili end\u00fcstrilerine ve geli\u015fen k\u00fclt\u00fcrel ve konferans etkinliklerine dayanmaktad\u0131r.<\/p>\n<p>Vail, Denver&#039;\u0131n yakla\u015f\u0131k 100 mil bat\u0131s\u0131nda, merkezi Colorado&#039;daki Rocky Da\u011flar\u0131&#039;nda yer almaktad\u0131r. Buzullar\u0131n oydu\u011fu geni\u015f bir da\u011f vadisi olan Eagle River Vadisi&#039;nde yakla\u015f\u0131k 8.000 fit (2.440 m) y\u00fckseklikte yer almaktad\u0131r. Kasaba esasen \u00fc\u00e7 b\u00f6l\u00fcme ayr\u0131lm\u0131\u015ft\u0131r: Do\u011fu Vail, Vail K\u00f6y\u00fc ve Lionshead (bat\u0131 Vail), hepsi Interstate 70 (I-70) boyunca uzanmaktad\u0131r. \u00c7evredeki arazi klasik y\u00fcksek Rockies&#039;tir: y\u00fckselen zirveler (12.000 fitin \u00fczerinde) vadiyi \u00e7evreler, orta rak\u0131mda yo\u011fun i\u011fne yaprakl\u0131 ormanlar ve a\u011fa\u00e7 s\u0131n\u0131r\u0131n\u0131n \u00fczerinde alpin tundra.<\/p>\n<p>Vail, Eagle County&#039;de (eyaletin kuzey-orta kesiminde), Glenwood Springs ve Summit County tatil k\u00f6ylerinin (Breckenridge, Keystone) yakla\u015f\u0131k ortas\u0131nda yer al\u0131r. En yak\u0131n kayak ba\u011flant\u0131l\u0131 kasaba, otoyolla 20 dakika bat\u0131da bulunan Beaver Creek&#039;tir. Jeolojik olarak Vail, hemen do\u011fusunda y\u00fcksek bir su yolu (Vail Pass) bulunan bir platoda (Eagle River Vadisi) yer al\u0131r. Highway 6 ve I-70, Vail&#039;i Denver&#039;a (do\u011fu) ve Glenwood\/Crested Butte&#039;a (bat\u0131) ba\u011flar.<\/p>\n<p>K\u00f6y, uzaktaki Mt. of the Holy Cross ve Buffalo Da\u011f\u0131 ile noktalanm\u0131\u015ft\u0131r. Kasabada, Eagle Nehri akar, ancak kanalize edilir ve yaz aylar\u0131nda genellikle al\u00e7akt\u0131r. Yak\u0131n k\u0131rsal kesimde y\u00fcr\u00fcy\u00fc\u015f ve toprak bisiklet parkurlar\u0131 vard\u0131r ve yaz \u00e7ay\u0131rlar\u0131nda geyik s\u00fcr\u00fcleri g\u00f6r\u00fclebilir. Da\u011f manzaralar\u0131 neredeyse her manzaraya hakimdir.<\/p>\n<p>Vail&#039;de karasal bir da\u011f iklimi vard\u0131r. K\u0131\u015flar so\u011fuk ve karl\u0131d\u0131r (kayak i\u00e7in olmazsa olmazd\u0131r); ortalama Ocak y\u00fckseklikleri 20-30\u00b0F aras\u0131ndad\u0131r ve yo\u011fun kar ya\u011f\u0131\u015f\u0131 vard\u0131r (y\u0131lda ortalama 300 in\u00e7ten fazla). Yazlar \u0131l\u0131man ila s\u0131cakt\u0131r (Temmuz y\u00fckseklikleri 70-75\u00b0F civar\u0131ndad\u0131r, geceler 40-50\u00b0F&#039;ye kadar serinler). Y\u00fcksek rak\u0131m, g\u00fcne\u015fin yo\u011fun oldu\u011fu ve gecelerin y\u0131l boyunca serin oldu\u011fu anlam\u0131na gelir. Ya\u011f\u0131\u015flar\u0131n \u00e7o\u011fu k\u0131\u015f\u0131n kar olarak d\u00fc\u015fer ve yaz musonu \u00f6\u011fleden sonra g\u00f6k g\u00fcr\u00fclt\u00fcl\u00fc sa\u011fanak ya\u011f\u0131\u015flar getirir. Sonu\u00e7, klasik bir d\u00f6rt mevsim ortam\u0131d\u0131r: k\u0131\u015f\u0131n koyu toz ve buzlu geceler, yaz\u0131n yemye\u015fil ve k\u0131r \u00e7i\u00e7ekleri ve kavak korular\u0131nda muhte\u015fem sonbahar renkleri.<\/p>\n<p>Vail&#039;in tarihi k\u0131sad\u0131r ve kayakla ba\u011flant\u0131l\u0131d\u0131r. 20. y\u00fczy\u0131l\u0131n ba\u015flar\u0131nda geli\u015fmemi\u015f bir \u00e7iftlik arazisiydi. <strong>1962:<\/strong> Pete Seibert (II. D\u00fcnya Sava\u015f\u0131 gazisi ve kayak e\u011fitmeni) ve Earl Eaton liderli\u011findeki bir grup b\u00f6lgede bir \u00e7iftlik sat\u0131n ald\u0131. Avrupa tarz\u0131 bir kayak merkezi hayal ettiler. Vail Kayak Merkezi, Aral\u0131k 1962&#039;de tek bir gondol ve iki telesiyejle resmen a\u00e7\u0131ld\u0131. &#034;Vail&#034; isminin se\u00e7ilmesi, Vail Ge\u00e7idi&#039;nden ge\u00e7en erken bir yol (Hwy 6) \u00e7izen bir otoyol m\u00fchendisi (ve Colorado&#039;nun orijinal otoyol komisyon \u00fcyelerinden biri) olan Charles Vail&#039;i onurland\u0131rmak i\u00e7indi.<\/p>\n<p>\u0130lk k\u00f6y kas\u0131tl\u0131 olarak planlanm\u0131\u015ft\u0131. 1966&#039;da Vail bir kasaba olarak dahil edildi. 1960&#039;lar ve 70&#039;ler boyunca Vail Da\u011f\u0131 b\u00fcy\u00fcd\u00fc (yeni asans\u00f6rler, patikalar) ve k\u00f6y Lionshead&#039;in taban\u0131na do\u011fru geni\u015fledi. Turistler ak\u0131n etti: 1969&#039;da Vail zaten Colorado&#039;nun en pop\u00fcler kayak merkeziydi. 1988&#039;de &#034;China Bowl&#034;un tan\u0131t\u0131lmas\u0131 Vail&#039;i Kuzey Amerika&#039;n\u0131n en b\u00fcy\u00fck kayak alanlar\u0131ndan biri yapt\u0131. Zamanla Vail, hem <em>geni\u015f kayak alan\u0131<\/em> ve onun <em>b\u00fcy\u00fcleyici Alp tarz\u0131 k\u00f6yler<\/em>Bavyera mimarisi ve Avrupa esintili dekoruyla (orijinal Homestead ve Cascade Gardens binalar\u0131yla s\u00fcslenmi\u015f) tamamlanm\u0131\u015ft\u0131r.<\/p>\n<p>Vail modernle\u015fmeye devam etti. Di\u011fer tatil k\u00f6yleriyle birle\u015ftikten sonra Vail Kayak Merkezi art\u0131k b\u00fcy\u00fck bir halka a\u00e7\u0131k \u015firket olan Vail Resorts, Inc.&#039;in bir par\u00e7as\u0131. Da\u011f, asans\u00f6rler ve olanaklar eklemeye devam ediyor. Bu arada, Vail Village ve Lionshead, l\u00fcks ma\u011fazalar, sanat galerileri ve uluslararas\u0131 restoranlarla \u00fcst d\u00fczey destinasyonlar haline geldi. 2023&#039;te kasaba, karakterini korumak i\u00e7in yeni i\u015f\u00e7i konutlar\u0131n\u0131 durdurmak i\u00e7in tart\u0131\u015fmal\u0131 bir \u015fekilde \u00f6deme yapmas\u0131yla haberlere bile \u00e7\u0131kt\u0131 - bu, y\u00fcksek m\u00fclk de\u011ferlerinin bir i\u015fareti. Geli\u015fime ra\u011fmen, Vail hala k\u00f6kenlerini \u00f6v\u00fcyor: kayak asans\u00f6rleri, eski zaman binalar\u0131 (1962 Tivoli Lodge gibi) ve y\u0131ll\u0131k festivaller (film, m\u00fczik, dans) \u00f6nc\u00fc ruhunu canl\u0131 tutuyor.<\/p>\n<p>Vail&#039;in k\u00fclt\u00fcr\u00fc, kozmopolit dokunu\u015flarla harmanlanm\u0131\u015f bir da\u011f tatil beldesidir. Neredeyse t\u00fcm sakinler \u0130ngilizce konu\u015fur. Kasaba mevsimsel olarak uluslararas\u0131 bir n\u00fcfusu (d\u00fcnyan\u0131n d\u00f6rt bir yan\u0131ndan kayak e\u011fitmenleri ve otel personeli) \u00e7eker, ancak yerel daimi n\u00fcfus a\u011f\u0131rl\u0131kl\u0131 olarak Beyazd\u0131r ve k\u00fc\u00e7\u00fck bir Hispanik az\u0131nl\u0131k vard\u0131r. G\u00fc\u00e7l\u00fc bir a\u00e7\u0131k hava ve sa\u011fl\u0131kl\u0131 ya\u015fam ruhu vard\u0131r: sakinler fitness, do\u011fa ve mutfak trendlerine \u00e7ok d\u00fc\u015fk\u00fcnd\u00fcr.<\/p>\n<p>Vail, karakterini \u015fekillendiren \u00e7ok \u00e7e\u015fitli festivallere ve etkinliklere ev sahipli\u011fi yapar. Yaz aylar\u0131nda Bravo! Vail klasik m\u00fczik festivali, d\u00fcnya standartlar\u0131nda orkestralar\u0131 da\u011flara getirir. Her bahar d\u00fczenlenen Vail Film Festivali, ba\u011f\u0131ms\u0131z film yap\u0131mc\u0131lar\u0131n\u0131 ve film y\u0131ld\u0131zlar\u0131n\u0131 (genellikle Lionshead&#039;deki Landmark Theatre&#039;da d\u00fczenlenir) \u00e7eker. Vail Uluslararas\u0131 Dans Festivali (yaz\u0131n dans topluluklar\u0131) ve Taste of Vail (yemek ve \u015farap festivali) k\u00fclt\u00fcrel takvime eklenir. K\u0131\u015f\u0131n \u00f6ne \u00e7\u0131kan etkinlikleri aras\u0131nda Burton US Open Snowboarding Championships ve kasaba \u00e7ap\u0131nda d\u00fczenlenen Snow Days kutlamalar\u0131 (kayak yar\u0131\u015flar\u0131, havai fi\u015fekler, vb.) yer al\u0131r. Ayr\u0131ca Lionshead k\u00f6y\u00fcnde 4 haftal\u0131k bir Bluegrass konser serisi ve yerel aileleri turistlerle bir araya getiren y\u0131ll\u0131k bir Paskalya yumurtas\u0131 av\u0131 vard\u0131r.<\/p>\n<p>L\u00fcks yap\u0131s\u0131na ra\u011fmen Vail, samimi, k\u00fc\u00e7\u00fck bir kasaba hissini koruyor. K\u00f6yler (Vail ve Lionshead) a\u00e7\u0131k hava d\u00fckkanlar\u0131, yerel butikler ve kafelerle yaya odakl\u0131 &#034;Ana Caddeler&#034;dir. K\u0131\u015f\u0131n sokaklar tatil \u0131\u015f\u0131klar\u0131yla ve y\u00fcnl\u00fc giysili ailelerle \u015fenliklidir; yaz\u0131n \u00e7i\u00e7ek sepetleri lamba direklerini s\u00fcsl\u00fcyor. Kayak botlar\u0131 y\u00fcr\u00fcy\u00fc\u015f botlar\u0131 kadar yayg\u0131nd\u0131r. Yerliler yama\u00e7larda birbirlerini &#034;Nas\u0131ls\u0131n?&#034; diye selamlayabilir. Genel atmosfer a\u00e7\u0131k hava ile kozmopolitli\u011fin bir araya gelmesidir: d\u00fcnya standartlar\u0131nda tatil k\u00f6yleri ve restoranlar ile k\u00fc\u00e7\u00fck aile i\u015fletmeleri kafeleri ve ikonik Betty Ford Alpine Gardens&#039;\u0131 (d\u00fcnyan\u0131n en y\u00fcksek botanik bah\u00e7esi) bulacaks\u0131n\u0131z. Hem engebeli hem de zarif bir his var. K\u0131sacas\u0131, Vail&#039;deki ya\u015fam da\u011f ve a\u00e7\u0131k hava \u00fczerine kuruludur, ancak Colorado&#039;nun \u00f6z kayak kasabas\u0131 olarak \u00fcn\u00fcne uygun bir zarafet dokunu\u015fuyla yap\u0131lm\u0131\u015ft\u0131r.<\/p>\n<p>Vail&#039;in cazibe merkezleri da\u011f sporlar\u0131 ve alpin cazibesi ile doludur. Ba\u015fl\u0131ca turistik yerler \u015funlard\u0131r:<\/p>\n<ul>\n<li><strong>Vail Kayak Merkezi:<\/strong> Y\u0131l boyunca ana cazibe merkezi. K\u0131\u015f\u0131n 30&#039;dan fazla lift ile 5.000&#039;den fazla kayak yap\u0131labilir d\u00f6n\u00fcm sunuyor. Acemi kayak\u00e7\u0131lar Golden Peak b\u00f6lgesinde \u00f6\u011frenirken, uzmanlar arka \u00e7anaklar\u0131 (Blue Sky Basin gibi) ara\u015ft\u0131r\u0131yor. Yaz aylar\u0131nda, tesis d\u00f6n\u00fc\u015f\u00fcyor: Alp kayd\u0131raklar\u0131, da\u011f trenleri, manzaral\u0131 gondol gezileri, disk golf\u00fc ve y\u00fcr\u00fcy\u00fc\u015f parkurlar\u0131 bol miktarda. Vail Gondola (Golden Peak) ve Eagle Bahn Gondola (Lionshead), \u00e7evredeki zirvelerin nefes kesici manzaralar\u0131n\u0131 sunan kasaban\u0131n imza gezileridir.<\/li>\n<li><strong>Vail K\u00f6y\u00fc ve Lionshead:<\/strong> Bu yaya k\u00f6yleri ba\u015fl\u0131 ba\u015f\u0131na birer cazibe merkezidir. Bavyera tarz\u0131 mimariyle \u00e7evrili k\u00f6ylerde Arnavut kald\u0131r\u0131ml\u0131 y\u00fcr\u00fcy\u00fc\u015f yollar\u0131, bir buz pateni pisti (k\u0131\u015f\u0131n) ve 100&#039;den fazla d\u00fckkan ve restoran bulunur. Bu \u015firin sokaklarda gezinen ziyaret\u00e7iler, meydan sahnelerinde canl\u0131 m\u00fczik gruplar\u0131, kost\u00fcml\u00fc karakterler (s\u00fcslenmi\u015f ay\u0131lar gibi) veya apr\u00e8s-ski mekanlar\u0131nda m\u00fczisyenlerle kar\u015f\u0131la\u015fabilirler. Her iki k\u00f6yde de sahne sanatlar\u0131 mekanlar\u0131 ve \u00fccretsiz yaz konserleri vard\u0131r.<\/li>\n<li><strong>Betty Ford Alp Bah\u00e7eleri:<\/strong> Vail K\u00f6y\u00fc&#039;nde bulunan bu bah\u00e7e, d\u00fcnyan\u0131n en y\u00fcksek botanik bah\u00e7esidir (8.200 ft). Yerel da\u011f bitkilerini sergiler - rengarenk k\u0131r \u00e7i\u00e7ekleri, y\u00fcksek kavaklar ve el yap\u0131m\u0131 heykeller. Bah\u00e7e \u00fccretsizdir ve karma\u015fan\u0131n ortas\u0131nda huzurlu bir ara b\u00f6l\u00fcm sunar.<\/li>\n<li><strong>Macera S\u0131rt\u0131:<\/strong> Lionshead Gondola&#039;n\u0131n yak\u0131n\u0131nda, Adventure Ridge da\u011f\u0131n tepesindeki mini bir tema park\u0131d\u0131r. Kar t\u00fcp\u00fc, bungee trambolini, mini kar motorlar\u0131 (k\u0131\u015f\u0131n) ve zipline ve ok\u00e7uluk (yaz\u0131n) sunmaktad\u0131r. A\u011fa\u00e7lar\u0131n \u00fczerinde aile dostu bir yerdir.<\/li>\n<li><strong>Ford Park\u0131:<\/strong> Do\u011fu Vail&#039;de bir buz pateni pisti (k\u0131\u015f) ve buz hokeyi turnuvalar\u0131 bulunan halka a\u00e7\u0131k bir park. Vail Lacrosse Shootout gibi etkinliklere ev sahipli\u011fi yapar ve yerel halk\u0131n e\u011flence i\u00e7in bir araya geldi\u011fi yerdir.<\/li>\n<li><strong>Vail Do\u011fa Merkezi:<\/strong> \u015eehrin kenar\u0131nda, patika bilgileri, do\u011fa programlar\u0131 ve yaz kamplar\u0131 i\u00e7in bir merkezdir. Bir\u00e7ok kolay y\u00fcr\u00fcy\u00fc\u015f ve yaban hayat\u0131 izleme (geyik, da\u011f s\u0131\u00e7an\u0131, kartal) i\u00e7in bir ge\u00e7ittir.<\/li>\n<li><strong>Tarihi Yerler:<\/strong> Vail, eski belediye binas\u0131 (\u015fimdi postane binas\u0131) ve Tivoli Lodge&#039;un 1962&#039;de tasarlanm\u0131\u015f mimarisi (\u00e7o\u011fu yeniden i\u015flevlendirilmi\u015f olsa da) gibi birka\u00e7 tarihi m\u00fccevheri korumaktad\u0131r. Miras Yolu, \u015fehrin etraf\u0131ndaki eski madencilik ve \u00e7iftlik alanlar\u0131ndan ge\u00e7er.<\/li>\n<\/ul>\n<p>Bir\u00e7ok ziyaret\u00e7i Vail&#039;i daha geni\u015f b\u00f6lgeyi ke\u015ffetmek i\u00e7in bir \u00fcs olarak da kullan\u0131r. Yak\u0131nlardaki Gore Range Trail y\u00fcr\u00fcy\u00fc\u015fleri, manzaral\u0131 s\u00fcr\u00fc\u015fler (\u00f6rne\u011fin yaz\u0131n Independence Pass&#039;tan Aspen&#039;e) ve White River Ulusal Orman\u0131&#039;n\u0131n hepsi bir saatlik s\u00fcr\u00fc\u015f mesafesindedir. Ancak \u00e7o\u011fu ki\u015fi i\u00e7in g\u00f6r\u00fclmesi gereken yerler da\u011flar, k\u00f6y ambiyans\u0131 ve Vail&#039;in mevsimlerini vurgulayan festivallerdir.<\/p>\n<p>Vail&#039;e Interstate 70 \u00fczerinden arabayla ula\u015f\u0131labilir. Denver&#039;dan, I-70&#039;i bat\u0131ya do\u011fru Continental Divide&#039;\u0131n \u00fczerinden (Eisenhower T\u00fcneli&#039;nden) yakla\u015f\u0131k 100 mil boyunca Vail&#039;e (\u00c7\u0131k\u0131\u015f 176) do\u011fru takip edin. K\u0131\u015f\u0131n I-70&#039;in Denver ve Vail aras\u0131nda kapat\u0131labilece\u011fini veya kar zinciri gerektirebilece\u011fini unutmay\u0131n, bu nedenle her zaman yol raporlar\u0131n\u0131 kontrol edin. Eagle County B\u00f6lgesel Havaalan\u0131 (EGE), Vail&#039;in sadece 30 mil bat\u0131s\u0131nda (Gypsum yak\u0131n\u0131nda) yer al\u0131r ve k\u0131\u015f\u0131n bir\u00e7ok ABD \u015fehrinden direkt u\u00e7u\u015flar sunar. B\u00fcy\u00fck havayollar\u0131 (Delta, United, American, vb.) Denver International&#039;a (DEN) y\u0131l boyunca hizmet verir ve otoyolla 2 saat uzakl\u0131ktad\u0131r. Tren istasyonu yoktur; en yak\u0131n Amtrak Glenwood Springs&#039;te (bat\u0131) veya Denver&#039;da (do\u011fu) bulunur. \u015eehirleraras\u0131 otob\u00fcsler (Bustang veya Greyhound) k\u0131\u015f\u0131n Denver&#039;\u0131 Vail&#039;e ba\u011flar ve servisler Aspen ve Eagle havaalanlar\u0131ndan \u00e7al\u0131\u015f\u0131r.<\/p>\n<p>Vail&#039;in iki k\u00f6y\u00fc k\u0131\u015f\u0131n ara\u00e7s\u0131z b\u00f6lgelerdir (park yerleri k\u00f6ylerin d\u0131\u015f\u0131ndad\u0131r) ve Lionshead ile Vail K\u00f6y\u00fc aras\u0131nda \u00fccretsiz bir \u015fehir servisi vard\u0131r. T\u00fcm kasaba park edildikten sonra olduk\u00e7a yaya dostudur. Bir\u00e7ok otel yerel kullan\u0131m i\u00e7in kar ayakkab\u0131s\u0131, bisiklet veya hatta e-scooter kiralar. Taksiler ve Uber\/Lyft d\u00fczenli olarak \u00e7al\u0131\u015f\u0131r. Kasaban\u0131n d\u0131\u015f\u0131na seyahat etmek i\u00e7in arabalar yine en uygun olan\u0131d\u0131r. Kamuya a\u00e7\u0131k otopark garajlar\u0131 (k\u0131\u015f\u0131n \u0131s\u0131t\u0131l\u0131r) bol miktarda bulunur, ancak yo\u011fun tatillerde dolabilirler. K\u00f6y \u015feritleri dar olabilir; yava\u015f hareket eden golf arabalar\u0131, dola\u015fan yayalar ve ara s\u0131ra yolda kat\u0131r geyikleri bekleyin.<\/p>\n<p>Da\u011f havas\u0131na uygun giysiler getirin: kat kat giysiler, k\u0131\u015f\u0131n su ge\u00e7irmez giysiler ve y\u0131l boyunca iyi bir g\u00fcne\u015f kremi (UV 8.000 ft&#039;de g\u00fc\u00e7l\u00fcd\u00fcr). Bol su i\u00e7mek y\u00fckseklik hastal\u0131\u011f\u0131n\u0131 \u00f6nlemeye yard\u0131mc\u0131 olur. ABD oldu\u011fu i\u00e7in para birimi USD&#039;dir ve garsonlara yakla\u015f\u0131k -20 bah\u015fi\u015f vermek standartt\u0131r (restoran yemekleri genellikle pahal\u0131d\u0131r). Ya\u015fam temposu hareketlidir; yerliler genellikle kayak veya y\u00fcr\u00fcy\u00fc\u015fe ara verip sohbet ederler, ancak yo\u011fun mekanlarda servis yine de h\u0131zl\u0131 hissedilebilir. Vail&#039;liler nezakete de\u011fer verir - kap\u0131y\u0131 tutmak, ba\u015f sallayarak selamlamak veya &#034;nas\u0131ls\u0131n\u0131z&#034; demek yayg\u0131nd\u0131r. K\u0131\u015f\u0131n, ba\u015fkalar\u0131n\u0131n ge\u00e7mesine izin vermek i\u00e7in patikalarda kenara \u00e7ekilin. Kayak yap\u0131yorsan\u0131z, da\u011f kurallar\u0131n\u0131 unutmay\u0131n (yoku\u015f a\u015fa\u011f\u0131 yol verin, d\u00fc\u015f\u00fc\u015f \u00e7izgisinde durmay\u0131n, vb.). Vail \u00e7ok g\u00fcvenlidir ve hatta bisiklet dostudur. Sadece de\u011fi\u015fen hava ko\u015fullar\u0131na dikkat edin ve her zaman oldu\u011fu gibi da\u011fl\u0131k alanlarda yaban hayat\u0131na dikkat edin (geyik ve geyik yollar\u0131 ge\u00e7er, bazen \u015fafak vakti\/alacakaranl\u0131kta). Ayr\u0131ca, \u00f6\u011flen kalabal\u0131\u011f\u0131 tela\u015fl\u0131 olabilir; h\u0131z limitlerine ve park kurallar\u0131na dikkatlice uyun. Ve son olarak - musluk suyu me\u015fhur bir \u015fekilde iyidir (&#034;Kayal\u0131k Da\u011flar\u0131&#039;ndan buz gibi so\u011fuk&#034;); musluklardan i\u00e7mek sorun de\u011fil (kasaban\u0131n suyu Eagle Nehri&#039;nden gelir).<\/p>\n<table>\n<thead>\n<tr>\n<th>Kategori<\/th>\n<th>Detaylar<\/th>\n<\/tr>\n<\/thead>\n<tbody>\n<tr>\n<td scope=\"row\">Konum<\/td>\n<td>Vail, Colorado, ABD<\/td>\n<\/tr>\n<tr>\n<td scope=\"row\">Tatil K\u00f6y\u00fc Rak\u0131m\u0131<\/td>\n<td>Tabanda 8.120 ft (2.475 m), zirvede 11.570 ft (3.527 m)<\/td>\n<\/tr>\n<tr>\n<td scope=\"row\">Kayak sezonu<\/td>\n<td>Kas\u0131m sonu - Nisan ortas\u0131<\/td>\n<\/tr>\n<tr>\n<td scope=\"row\">Kayak ge\u00e7i\u015fi fiyatlar\u0131<\/td>\n<td>De\u011fi\u015fir; Epic Day Pass g\u00fcnl\u00fck 95$&#039;dan ba\u015flayan fiyatlarla<\/td>\n<\/tr>\n<tr>\n<td scope=\"row\">A\u00e7\u0131l\u0131\u015f saatleri<\/td>\n<td>09:00 - 16:00<\/td>\n<\/tr>\n<tr>\n<td scope=\"row\">Pist say\u0131s\u0131<\/td>\n<td>195<\/td>\n<\/tr>\n<tr>\n<td scope=\"row\">Toplam pist uzunlu\u011fu<\/td>\n<td>5.289 d\u00f6n\u00fcm (2.141 hektar)<\/td>\n<\/tr>\n<tr>\n<td scope=\"row\">En Uzun Ko\u015fu<\/td>\n<td>Riva S\u0131rt\u0131, 4 mil (6,4 km)<\/td>\n<\/tr>\n<tr>\n<td scope=\"row\">Kolay Pistler<\/td>\n<td>18%<\/td>\n<\/tr>\n<tr>\n<td scope=\"row\">Orta E\u011fimler<\/td>\n<td>29%<\/td>\n<\/tr>\n<tr>\n<td scope=\"row\">\u0130leri E\u011fimler<\/td>\n<td>53%<\/td>\n<\/tr>\n<tr>\n<td scope=\"row\">Yama\u00e7lar\u0131n Y\u00f6nleri<\/td>\n<td>Kuzey, Kuzeydo\u011fu, Do\u011fu<\/td>\n<\/tr>\n<tr>\n<td scope=\"row\">Gece kaya\u011f\u0131<\/td>\n<td>M\u00fcsait de\u011fil<\/td>\n<\/tr>\n<tr>\n<td scope=\"row\">Kar Yap\u0131m\u0131<\/td>\n<td>Evet, 461 d\u00f6n\u00fcm (186 hektar)<\/td>\n<\/tr>\n<tr>\n<td scope=\"row\">Toplam Asans\u00f6rler<\/td>\n<td>31<\/td>\n<\/tr>\n<tr>\n<td scope=\"row\">Yoku\u015f Yukar\u0131 Kapasite<\/td>\n<td>Saatte 63.400 kayak\u00e7\u0131<\/td>\n<\/tr>\n<tr>\n<td scope=\"row\">En Y\u00fcksek Kald\u0131rma<\/td>\n<td>11.570 ft (3.527 m)<\/td>\n<\/tr>\n<tr>\n<td scope=\"row\">Gondollar\/Teleferikler<\/td>\n<td>2<\/td>\n<\/tr>\n<tr>\n<td scope=\"row\">Telesiyejler<\/td>\n<td>17<\/td>\n<\/tr>\n<tr>\n<td scope=\"row\">S\u00fcr\u00fckleme Asans\u00f6rleri<\/td>\n<td>12<\/td>\n<\/tr>\n<tr>\n<td scope=\"row\">Kar Parklar\u0131<\/td>\n<td>3<\/td>\n<\/tr>\n<tr>\n<td scope=\"row\">Kayak kiralama<\/td>\n<td>Mevcut<\/td>\n<\/tr>\n<tr>\n<td scope=\"row\">Kayak sonras\u0131<\/td>\n<td>Vail Village&#039;da \u00e7ok say\u0131da bar, restoran ve e\u011flence se\u00e7ene\u011fi<\/td>\n<\/tr>\n<\/tbody>\n<\/table>","protected":false},"excerpt":{"rendered":"<p>Vail, Rocky Da\u011flar\u0131&#039;nda yer al\u0131r ve Amerika Birle\u015fik Devletleri, Colorado, Eagle County&#039;de yerel bir belediye olarak hizmet verir. Vail, 2020 n\u00fcfus say\u0131m\u0131na g\u00f6re 4.835 n\u00fcfusa sahiptir ve harika do\u011fal g\u00fczelli\u011fi, canl\u0131 toplulu\u011fu ve birinci s\u0131n\u0131f tesisleriyle bilinir. Kasaba, d\u00fcnyan\u0131n d\u00f6rt bir yan\u0131ndan misafirleri \u00e7eken Colorado&#039;nun en b\u00fcy\u00fck kayak da\u011f\u0131 olan Vail Kayak Merkezi ile tan\u0131n\u0131r. L\u00fcks otelleri, \u00e7e\u015fitli yemek se\u00e7enekleri ve Vail Film Festivali, Vail Resorts Snow Days ve Bravo! Vail gibi bir\u00e7ok y\u0131ll\u0131k etkinli\u011finin yan\u0131 s\u0131ra, bu \u00f6nde gelen destinasyon ola\u011fan\u00fcst\u00fc kayak ve snowboard&#039;uyla \u00fcnl\u00fcd\u00fcr.<\/p>","protected":false},"author":1,"featured_media":3879,"parent":8072,"menu_order":0,"comment_status":"closed","ping_status":"closed","template":"elementor_theme","meta":{"_eb_attr":"","footnotes":""},"class_list":["post-8654","page","type-page","status-publish","has-post-thumbnail"],"_links":{"self":[{"href":"https:\/\/travelshelper.com\/tr\/wp-json\/wp\/v2\/pages\/8654","targetHints":{"allow":["GET"]}}],"collection":[{"href":"https:\/\/travelshelper.com\/tr\/wp-json\/wp\/v2\/pages"}],"about":[{"href":"https:\/\/travelshelper.com\/tr\/wp-json\/wp\/v2\/types\/page"}],"author":[{"embeddable":true,"href":"https:\/\/travelshelper.com\/tr\/wp-json\/wp\/v2\/users\/1"}],"replies":[{"embeddable":true,"href":"https:\/\/travelshelper.com\/tr\/wp-json\/wp\/v2\/comments?post=8654"}],"version-history":[{"count":0,"href":"https:\/\/travelshelper.com\/tr\/wp-json\/wp\/v2\/pages\/8654\/revisions"}],"up":[{"embeddable":true,"href":"https:\/\/travelshelper.com\/tr\/wp-json\/wp\/v2\/pages\/8072"}],"wp:featuredmedia":[{"embeddable":true,"href":"https:\/\/travelshelper.com\/tr\/wp-json\/wp\/v2\/media\/3879"}],"wp:attachment":[{"href":"https:\/\/travelshelper.com\/tr\/wp-json\/wp\/v2\/media?parent=8654"}],"curies":[{"name":"wp","href":"https:\/\/api.w.org\/{rel}","templated":true}]}}