{"id":8395,"date":"2024-09-03T19:44:52","date_gmt":"2024-09-03T19:44:52","guid":{"rendered":"https:\/\/travelshelper.com\/staging\/?page_id=8395"},"modified":"2026-03-13T18:41:29","modified_gmt":"2026-03-13T18:41:29","slug":"santa-monica","status":"publish","type":"page","link":"https:\/\/travelshelper.com\/tr\/destinations\/north-america\/united-states\/santa-monica\/","title":{"rendered":"Santa Monica"},"content":{"rendered":"<p>Santa Monica, Santa Monica K\u00f6rfezi&#039;nin Pasifik Okyanusu ile bulu\u015ftu\u011fu Los Angeles County&#039;nin Bat\u0131 Yakas\u0131&#039;nda bulunan bir k\u0131y\u0131 \u015fehridir. Yakla\u015f\u0131k 3 mil uzunlu\u011funda kumlu plaj ve d\u00fcz u\u00e7urum tepeleri boyunca uzan\u0131r. Manzarada geni\u015f, asfaltl\u0131 okyanus k\u0131y\u0131s\u0131 yollar\u0131, bisiklet yollar\u0131 ve denize bakan park alanlar\u0131 (en \u00fcnl\u00fcs\u00fc u\u00e7urumlar\u0131n \u00fczerindeki Palisades Park&#039;t\u0131r) bulunur. \u0130klim y\u0131l boyunca \u0131l\u0131mand\u0131r: s\u0131cak, kuru yazlar ve \u0131l\u0131man k\u0131\u015flar, t\u0131pk\u0131 yak\u0131nlardaki Los Angeles gibi ama genellikle okyanus nedeniyle yaz\u0131n biraz daha serindir. B\u00f6lgede sabah sisi (Haziran kasveti) g\u00f6r\u00fcl\u00fcr ve \u00f6\u011fleden sonra genellikle g\u00fcne\u015fli g\u00f6ky\u00fcz\u00fcne d\u00f6n\u00fc\u015f\u00fcr. Tipik s\u0131cakl\u0131klar yaz\u0131n 70\u00b0F ve k\u0131\u015f\u0131n 60\u00b0F aras\u0131nda de\u011fi\u015fir ve neredeyse hi\u00e7 don olmaz. G\u00fcne\u015f y\u0131lda yakla\u015f\u0131k 310 g\u00fcn parlar ve Santa Monica&#039;y\u0131 esasen plaj dostu bir \u015fehir yapar.<\/p>\n<p>Santa Monica&#039;n\u0131n \u015fehir n\u00fcfusu yakla\u015f\u0131k 88.000&#039;dir (2025 tahmini). Son on y\u0131llarda, k\u00fc\u00e7\u00fck arazi alan\u0131 ve y\u00fcksek konut maliyetlerini yans\u0131tarak 2020 zirvesinden biraz d\u00fc\u015fm\u00fc\u015ft\u00fcr. Ortanca ya\u015f 40&#039;lar\u0131n alt\u0131ndad\u0131r ve ortanca hane geliri yakla\u015f\u0131k 110.000 dolard\u0131r (ABD standartlar\u0131na g\u00f6re \u00e7ok y\u00fcksektir). N\u00fcfusun \u00e7o\u011funlu\u011fu Beyazd\u0131r (yakla\u015f\u0131k ), Asyal\u0131lar (~) ve daha k\u00fc\u00e7\u00fck y\u00fczdelerde Siyahlar (%5) ve Hispanikler (herhangi bir \u0131rktan yakla\u015f\u0131k Hispanik) sakinlerdir. \u015eehir, a\u015fa\u011f\u0131da tart\u0131\u015f\u0131ld\u0131\u011f\u0131 gibi \u00f6nemli bir yarat\u0131c\u0131 s\u0131n\u0131f ve teknoloji i\u015f g\u00fcc\u00fcne sahiptir.<\/p>\n<p>Santa Monica&#039;n\u0131n 2025 tahmini 87.900 sakindir. \u015eehrin yo\u011funlu\u011fu y\u00fcksektir (mil kare ba\u015f\u0131na 10.000&#039;den fazla ki\u015fi). Demografik olarak, &#039;si Beyaz, %9,8&#039;i Asyal\u0131 ve %4,9&#039;u Siyah olarak tan\u0131mlan\u0131yor, di\u011ferleri ve iki veya daha fazla \u0131rk olarak tan\u0131mlananlar geri kalan\u0131 olu\u015fturuyor. Hispanik\/Latin sakinler n\u00fcfusun yakla\u015f\u0131k &#039;ini olu\u015fturuyor. Hanelerin yakla\u015f\u0131k &#039;si evli \u00e7iftlerden olu\u015fuyor.<\/p>\n<p>Yerel ekonomi g\u00fc\u00e7l\u00fc ve \u00e7e\u015fitlidir. Santa Monica, teknoloji ve yarat\u0131c\u0131 end\u00fcstrilerin yo\u011funla\u015fmas\u0131 nedeniyle kendisini &#034;Silikon Plaj\u0131&#034;n\u0131n bir par\u00e7as\u0131 olarak adland\u0131r\u0131r. Ger\u00e7ekten de, yarat\u0131c\u0131 ve teknoloji sekt\u00f6r\u00fc en b\u00fcy\u00fck i\u015fverendir: bilgi teknolojisi, film, video, tasar\u0131m ve reklamc\u0131l\u0131ktaki 3.100&#039;den fazla i\u015fletme (Snap, Hulu, Lionsgate vb. gibi) yakla\u015f\u0131k 29.000 ki\u015fiyi istihdam eder - \u015fehrin i\u015flerinin yakla\u015f\u0131k \u00fc\u00e7te biri. Di\u011fer \u00f6nemli sekt\u00f6rler aras\u0131nda sa\u011fl\u0131k (10.000 i\u015f), e\u011fitim (Santa Monica Koleji) ve turizm\/misafirperverlik (konaklama, restoranlar) yer al\u0131r. Turizm end\u00fcstrisi b\u00fcy\u00fcyor: 2023&#039;te yakla\u015f\u0131k 4,6 milyon ziyaret\u00e7i Santa Monica&#039;ya geldi ve \u00fcnl\u00fc iskele ve plaj ile \u015fehrin al\u0131\u015fveri\u015f b\u00f6lgeleri sayesinde yakla\u015f\u0131k 940 milyon dolarl\u0131k yerel harcama yaratt\u0131. Perakende de dikkat \u00e7ekicidir; SM i\u015fletmeleri 2023&#039;te 3,2 milyar dolar\u0131n \u00fczerinde vergilendirilebilir sat\u0131\u015f g\u00f6rd\u00fc. K\u0131sacas\u0131, Santa Monica&#039;n\u0131n ekonomisi yerel perakende ve hizmet i\u015flerini \u015fa\u015f\u0131rt\u0131c\u0131 derecede b\u00fcy\u00fck bir yarat\u0131c\u0131 teknoloji \u00e7ekirde\u011fiyle harmanl\u0131yor (d\u00fcnyan\u0131n en b\u00fcy\u00fck dijital medya ve e\u011flence firmalar\u0131 konsantrasyonu Los Angeles&#039;\u0131n bat\u0131 yakas\u0131ndad\u0131r).<\/p>\n<p>\u015eehir y\u00fcksek gelirlere sahiptir: ki\u015fi ba\u015f\u0131na d\u00fc\u015fen gelir ~88.900$ ve ortalama hane ~109.700$, ancak yoksulluk oran\u0131 (,6) gelir e\u015fitsizli\u011fini g\u00f6stermektedir. Gayrimenkul ve turizm gelirleri yerel olanaklar\u0131 finanse eder (\u00f6rne\u011fin, i\u015f geli\u015ftirme b\u00f6lgeleri sokak etkinlikleri d\u00fczenler ve \u015fehir merkezinde bak\u0131m yapar). S\u00fcrd\u00fcr\u00fclebilir i\u015f de bir \u00f6nceliktir: Santa Monica ye\u015fil binalar\u0131, bisiklet yollar\u0131n\u0131 te\u015fvik eder ve \u00e7evre politikalar\u0131 nedeniyle &#034;en s\u00fcrd\u00fcr\u00fclebilir&#034; \u015fehirler aras\u0131nda yer alm\u0131\u015ft\u0131r.<\/p>\n<p>Santa Monica, G\u00fcney Kaliforniya&#039;da, Los Angeles \u015eehri&#039;nin (Venice semti) hemen bat\u0131s\u0131nda ve LAX&#039;\u0131n 15 mil kuzeyinde yer al\u0131r. Santa Monica K\u00f6rfezi&#039;nin \u00fczerindeki d\u00fcz kayal\u0131klarda yer al\u0131r. Pacific Palisades park\u0131 ve Santa Monica Da\u011flar\u0131 hemen kuzeyinde yer al\u0131rken, Venice Beach g\u00fcneyde s\u0131n\u0131r kom\u015fusudur. 3 mil uzunlu\u011fundaki sahil \u015feridi, \u00fcnl\u00fc Santa Monica Eyalet Plaj\u0131&#039;n\u0131 (voleybol a\u011flar\u0131 ve geni\u015f kumu) i\u00e7erir. K\u0131y\u0131da, \u015fehir \u00e7o\u011funlukla d\u00fczd\u00fcr ve Palisades&#039;ten suya do\u011fru hafif bir e\u011fim vard\u0131r. Simgesel Santa Monica \u0130skelesi (1909&#039;da in\u015fa edilmi\u015ftir) k\u00f6rfeze do\u011fru uzan\u0131r ve k\u00fc\u00e7\u00fck bir e\u011flence park\u0131, akvaryum ve \u015fehrin sembolleri olan tarihi iskele atl\u0131kar\u0131ncas\u0131na sahiptir. Ana ticari merkez, Third Street ve Broadway \u00e7evresindedir ve Third Street Promenade (canl\u0131 bir yaya al\u0131\u015fveri\u015f merkezi) olarak bilinir ve okyanusa yak\u0131n bloklar (&#034;\u015eehir Merkezi&#034;), hepsi ma\u011fazalar, sokak sanat\u00e7\u0131lar\u0131 ve restoranlarla doludur.<\/p>\n<p>\u0130klim a\u00e7\u0131s\u0131ndan, Santa Monica&#039;n\u0131n k\u0131y\u0131daki konumu \u00e7ok az s\u0131cakl\u0131k dalgalanmas\u0131 sa\u011flar. Wikipedia iklim b\u00f6l\u00fcm\u00fcnde belirtildi\u011fi gibi, Santa Monica k\u0131y\u0131 Akdeniz ikliminin tad\u0131n\u0131 \u00e7\u0131kar\u0131r. K\u0131y\u0131 sisi genellikle ilkbahar sonundan yaza kadar g\u00f6r\u00fcl\u00fcr, ancak \u015fehir genellikle \u00f6\u011flene do\u011fru temizlenir. S\u0131cak i\u00e7 kesim g\u00fcnlerinde bile, okyanus esintileri plaj\u0131 serinletir. Y\u0131ll\u0131k ya\u011f\u0131\u015f miktar\u0131 yakla\u015f\u0131k 15 in\u00e7tir, \u00e7o\u011funlukla k\u0131\u015f\u0131n. Uzun, kuru yazlar ve \u0131l\u0131man k\u0131\u015flar, a\u00e7\u0131k hava kafelerinin ve sokak festivallerinin y\u0131l boyunca ger\u00e7ekle\u015febilece\u011fi anlam\u0131na gelir. Plaj ve u\u00e7urumlar parklarla \u00e7evrilidir (Palisades Park\u0131 u\u00e7urumun tepesine uzan\u0131r, Tongva Park\u0131 \u015fehir merkezindeki daha yeni bir okyanus manzaral\u0131 parkt\u0131r), bu da \u015fehir ve denizin b\u00fct\u00fcnle\u015fmesini g\u00fc\u00e7lendirir.<\/p>\n<p>Santa Monica&#039;n\u0131n hikayesi G\u00fcney Kaliforniya&#039;n\u0131n daha geni\u015f yay\u0131l\u0131m\u0131n\u0131 yans\u0131t\u0131r. B\u00f6lge, 1839 Meksika toprak hibelerinde (Rancho San Vicente y Santa M\u00f3nica) adland\u0131r\u0131lm\u0131\u015f ve talep edilmi\u015ftir. \u015eehir resmi olarak 30 Kas\u0131m 1886&#039;da kurulmu\u015ftur. Santa Monica, ilk y\u0131llar\u0131nda Los Angeles i\u00e7in bir sahil beldesi olarak geli\u015fmi\u015ftir; oteller, hamamlar ve e\u011flence iskeleleri ilgi oda\u011f\u0131 haline gelmi\u015ftir. 20. y\u00fczy\u0131l\u0131n ba\u015flar\u0131nda, feribotlar\u0131 ve onu LA&#039;ye ba\u011flayan Pacific Electric &#034;Red Car&#034; (tramvay) vard\u0131. Asl\u0131nda, E\u011flence iskeleleri b\u00fcy\u00fck bir \u015feydi; Santa Monica \u0130skelesi geni\u015fletildi ve 1920&#039;lerde \u00f6nemli bir cazibe merkezi haline geldi.<\/p>\n<p>\u00d6nemli bir b\u00f6l\u00fcm, 1920&#039;lerde burada b\u00fcy\u00fck bir u\u00e7ak fabrikas\u0131 kuran Douglas Aircraft Company&#039;dir; Santa Monica, 1940&#039;a gelindi\u011finde havac\u0131l\u0131k sekt\u00f6r\u00fcnde on binlerce ki\u015finin \u00e7al\u0131\u015ft\u0131\u011f\u0131 bir sava\u015f zaman\u0131 merkezi haline geldi. II. D\u00fcnya Sava\u015f\u0131&#039;ndan sonra, Douglas\/McDonnell fabrikas\u0131 1970&#039;lere kadar \u00f6nemli olmaya devam etti ve i\u015f olanaklar\u0131 ve RAND d\u00fc\u015f\u00fcnce kurulu\u015fu yaratt\u0131. Douglas tesisinin kapat\u0131lmas\u0131 (1968-70) bir darbeydi, ancak ekonomik \u00e7e\u015fitlili\u011fe giden yolu a\u00e7maya yard\u0131mc\u0131 oldu. \u015eehir, otoyollar\u0131n geni\u015fletilmesine direndi (Santa Monica Otoyolu&#039;nun 1975&#039;te Ocean Park&#039;\u0131 ge\u00e7erek bat\u0131ya do\u011fru devam etmesini engellediler), bu da \u015fehir merkezini yaya dostu tuttu. On y\u0131llar boyunca kozmopolit k\u00fc\u00e7\u00fck bir \u015fehre d\u00f6n\u00fc\u015ft\u00fc: iskele ve plaj simgeler olarak kald\u0131, ancak yeni perakende merkezleri (\u00dc\u00e7\u00fcnc\u00fc Cadde) ve k\u00fc\u00e7\u00fck teknoloji \u015firketleri onu tan\u0131mlamaya ba\u015flad\u0131. \u00d6nemli olaylar: 1980&#039;lerin sonlar\u0131nda geli\u015ftirme ile koruma aras\u0131nda \u00e7at\u0131\u015fmalar ya\u015fand\u0131 (baz\u0131 sahil mahalleleri yeni g\u00f6kdelenlere kar\u015f\u0131 m\u00fccadele etti). G\u00fcn\u00fcm\u00fczde tarihi orta y\u00fczy\u0131l binalar\u0131 ile trend yeni d\u00fckkanlar\u0131n bir araya gelmesi s\u00fcrekli bir de\u011fi\u015fimin kan\u0131t\u0131d\u0131r.<\/p>\n<p>Santa Monica sa\u011fl\u0131kl\u0131, ilerici ve yarat\u0131c\u0131 bir atmosfere sahip olmas\u0131yla bilinir. \u015eehir hem yerle\u015fim hem de ticaret merkezidir; uzun zamand\u0131r sanat\u00e7\u0131lar\u0131, giri\u015fimcileri ve gen\u00e7 profesyonel bir kalabal\u0131\u011f\u0131n yan\u0131 s\u0131ra zengin emeklileri de kendine \u00e7ekmi\u015ftir. \u0130ngilizce evrenseldir ve \u0130spanyolca hizmet \u00e7al\u0131\u015fanlar\u0131 aras\u0131nda ve belirli mahallelerde yayg\u0131n olarak konu\u015fulur. Ya\u015fam tarz\u0131 zindeli\u011fe vurgu yapar: Ocean Avenue&#039;da ko\u015fucular ve bisiklet\u00e7iler, hemen hemen her blokta yoga st\u00fcdyolar\u0131 ve haftan\u0131n bir\u00e7ok g\u00fcn\u00fc a\u00e7\u0131k \u00e7ift\u00e7i pazarlar\u0131 g\u00f6r\u00fcrs\u00fcn\u00fcz. Plaj k\u00fclt\u00fcr\u00fc b\u00fcy\u00fckt\u00fcr - cankurtaran kuleleri, voleybol ma\u00e7lar\u0131 ve g\u00fcnl\u00fck s\u00f6rf d\u00fckkanlar\u0131 her yerdedir. \u015eehir \u00f6zellikle \u00e7ocuk dostudur (oyun alanlar\u0131, okullar) ve ayr\u0131ca evcil hayvan dostudur (belirli saatlerde tasmas\u0131z k\u00f6pekler i\u00e7in plaj).<\/p>\n<p>Politik ve sosyal olarak, Santa Monica olduk\u00e7a liberaldir; belediye politikalar\u0131 bunu yans\u0131t\u0131r. \u015eehir \u00e7evrecilikle \u00f6v\u00fcn\u00fcr (s\u0131k\u0131 geri d\u00f6n\u00fc\u015f\u00fcm, yenilenebilir enerji hedefleri, belirli plastiklere yasaklar). Sanat ve teknoloji burada i\u00e7 i\u00e7edir: sokak resimleri ve galeriler, ortak \u00e7al\u0131\u015fma alanlar\u0131 ve giri\u015fim kulu\u00e7ka merkezlerinin yan\u0131nda yer al\u0131r. Topluluk etkinlikleri yerel karakteri g\u00fc\u00e7lendirir: Parkta haftal\u0131k Konserler, Yaz Film Geceleri ve mevsimsel kutlamalar (Santa Monica \u0130skelesi Alacakaranl\u0131k Konser Serisi gibi) vard\u0131r. \u015eehir y\u00f6netimi ve Ticaret Odas\u0131 genellikle &#034;Yerel Sat\u0131n Al&#034; ve s\u00fcrd\u00fcr\u00fclebilir i\u015fletmeleri vurgular ve bu da topluluk ruhuna odaklan\u0131ld\u0131\u011f\u0131n\u0131 g\u00f6sterir.<\/p>\n<p>Samimiyet a\u00e7\u0131s\u0131ndan, Santa Monica&#039;daki ruh hali genellikle misafirperver ve rahatt\u0131r. \u015eehir merkezinde bile i\u015f k\u0131yafetleri nadirdir; plaj k\u0131yafetleri veya g\u00fcndelik \u015fehir k\u0131yafetleri normdur. \u0130nsanlar g\u00fcl\u00fcmsemeye ve &#034;merhaba&#034; demeye e\u011filimlidir, ancak belki de Santa Barbara&#039;n\u0131n tarz\u0131 kadar \u00e7iftlik kasabas\u0131na \u00f6zg\u00fc de\u011fildir. Kentsel anonimli\u011fin bir ipucu vard\u0131r (herhangi bir LA banliy\u00f6s\u00fcnde oldu\u011fu gibi), ancak \u00e7o\u011fu kom\u015fular\u0131n\u0131 tan\u0131r. Trafik bir yast\u0131r (yerliler yo\u011fun saatlerde LAX&#039;a tepeden araba s\u00fcrmeyi denememeleri gerekti\u011fini bilir), bu nedenle yollarda sab\u0131rl\u0131 olmak s\u00f6ylenmeyen bir kurald\u0131r.<\/p>\n<p>Santa Monica&#039;n\u0131n ilgi \u00e7ekici yerleri deniz k\u0131y\u0131s\u0131na odakl\u0131d\u0131r. Elbette, Santa Monica \u0130skelesi mutlaka g\u00f6r\u00fclmesi gereken bir yerdir. 2. caddedeki atl\u0131kar\u0131nca, d\u00f6nme dolap ve oyun salonlar\u0131 eski moda bir e\u011flence atmosferini an\u0131msat\u0131r ve iskele sahnesi an\u0131nda tan\u0131n\u0131r (LA&#039;deki di\u011fer her \u015feyden farkl\u0131 olarak). \u0130skelenin Pacific Park e\u011flence ara\u00e7lar\u0131, ayr\u0131ca k\u00fc\u00e7\u00fck bir akvaryum ve yemek yerleri ailelere ve s\u0131radan ziyaret\u00e7ilere hitap eder. Biti\u015fi\u011finde okyanusa bakan bir u\u00e7urumun tepesindeki ye\u015fil alan olan Palisades Park vard\u0131r ve bisiklet s\u00fcrmek veya g\u00fcn bat\u0131m\u0131 y\u00fcr\u00fcy\u00fc\u015fleri i\u00e7in idealdir. Burada en ikonik LA manzaralar\u0131ndan birini g\u00f6r\u00fcrs\u00fcn\u00fcz: u\u00e7suz bucaks\u0131z Pasifik ve kuzeyde Malibu&#039;nun ana hatlar\u0131.<\/p>\n<p>Third Street Promenade bir di\u011fer \u00f6nemli \u00e7ekim noktas\u0131d\u0131r: butikler, sokak sanat\u00e7\u0131lar\u0131 ve a\u00e7\u0131k hava kafeleriyle dolu, yaln\u0131zca yayalara a\u00e7\u0131k bir al\u0131\u015fveri\u015f b\u00f6lgesi. Genellikle Amerika&#039;n\u0131n en iyi a\u00e7\u0131k hava al\u0131\u015fveri\u015f merkezlerinden biri olarak an\u0131l\u0131r. Yak\u0131ndaki Santa Monica Place al\u0131\u015fveri\u015f merkezi (l\u00fcks al\u0131\u015fveri\u015f) ve 4.\/Colorado sanat b\u00f6lgesi (SMC Performing Arts Center) cazibesini art\u0131r\u0131r. Plaj\u0131n kendisi -Santa Monica State Beach- geni\u015f ve bak\u0131ml\u0131d\u0131r; voleybol sahalar\u0131 ve Venice Beach&#039;e (g\u00fcneyde) ve Marina del Rey bisiklet yoluna (kuzeyde) ba\u011flanan bisiklet yollar\u0131 vard\u0131r.<\/p>\n<p>Di\u011fer \u00f6nemli noktalar aras\u0131nda Tongva Park &amp; \u200b\u200bGreenbelt (\u015fehir merkezinde oyun bah\u00e7eleri ve \u00e7e\u015fmeleri olan yeni bir \u00e7ok katl\u0131 park) ve Palisades Park (bahsedildi\u011fi gibi) yer al\u0131r. Sahil kenar\u0131nda, tarihi Angels Knight \u0130skelesi (Caruso&#039;nun Plaj Evi) ve Lifeguard Karargah Kulesi dikkat \u00e7ekici yap\u0131lard\u0131r. Spor ve e\u011flence: Muscle Beach (Kaliforniya&#039;n\u0131n orijinal a\u00e7\u0131k hava spor salonu) ve North Beach Oyun Alan\u0131 e\u011flenceli ziyaretlerdir. Ayr\u0131ca, Santa Monica Sanat M\u00fczesi ve Bergamot \u0130stasyonu (d\u00fczinelerce galeriye sahip bir sanat kompleksi) k\u00fclt\u00fcre a\u00e7 ziyaret\u00e7ilere hizmet eder. Yerel olarak demir atm\u0131\u015f hissetmek isteyenler Arizona Caddesi&#039;ndeki \u00c7ift\u00e7i Pazar\u0131&#039;nda (y\u0131l boyunca, \u00c7ar\u015fambalar\u0131 ve Cumartesileri) dola\u015fabilirler.<\/p>\n<p>K\u0131sacas\u0131, yap\u0131lmas\u0131 gerekenler listesi okyanus ve a\u00e7\u0131k hava e\u011flencesiyle tan\u0131mlan\u0131yor: iskeleye bisiklet s\u00fcrmek, g\u00fcn bat\u0131m\u0131nda y\u00fcr\u00fcy\u00fc\u015f yapmak, sahilde paten kaymak ve ayr\u0131ca \u00e7ok say\u0131da sahil restoran\u0131ndan birinde yemek yemek. Santa Monica, trend ma\u011fazalar ve s\u00fcrd\u00fcr\u00fclebilir stil ile modern \u00e7a\u011fa uygun hale getirilmi\u015f klasik bir Kaliforniya sahil \u015fehri deneyimi sunuyor.<\/p>\n<p>Santa Monica&#039;n\u0131n kendi ticari havaliman\u0131 yoktur; ziyaret\u00e7iler genellikle g\u00fcneye do\u011fru sadece 15 dakikal\u0131k s\u00fcr\u00fc\u015f mesafesindeki Los Angeles Uluslararas\u0131 Havaliman\u0131&#039;na (LAX) u\u00e7arlar. Burbank (BUR) ve Long Beach (LGB) havalimanlar\u0131na da araba veya servisle ula\u015f\u0131labilir. Arabayla, I-10 otoyolu Santa Monica&#039;da (Ocean Avenue ile bulu\u015ftu\u011fu yerde) sona erer. Ayr\u0131ca y\u00fczey yollar\u0131yla Bat\u0131 LA&#039;ya ve \u00f6tesine ba\u011flan\u0131r. Amtrak&#039;\u0131n Pacific Surfliner treni yak\u0131ndaki Downtown Santa Monica \u0130stasyonu&#039;nda (4. Cadde&#039;de) durur ve LA-San Diego koridoruna ba\u011flan\u0131r.<\/p>\n<p>Santa Monica nispeten k\u00fc\u00e7\u00fckt\u00fcr. Bir\u00e7ok sakin ve ziyaret\u00e7i, \u00f6zellikle \u015fehir merkezinde ve sahil boyunca y\u00fcr\u00fcyerek veya bisikletle gider. Toplu ta\u015f\u0131ma, Big Blue Bus&#039;\u0131 (Santa Monica&#039;n\u0131n belediye otob\u00fcs sistemi) ve yakla\u015f\u0131k her 8 dakikada bir Santa Monica \u015fehir merkezini (\u015eehir Merkezi \u0130stasyonu) Los Angeles \u015fehir merkezine ve \u00f6tesine ba\u011flayan LA Metro E Hatt\u0131 (Expo Hatt\u0131) hafif rayl\u0131 sistemini i\u00e7erir. Merkezi b\u00f6lgelerde taksiler ve ara\u00e7 payla\u015f\u0131m\u0131 bol miktarda bulunur ancak d\u0131\u015f mahallelerde gece ge\u00e7 saatlerde nadir olabilir. Park yerleri genellikle sokaklarda ve halka a\u00e7\u0131k garajlarda parkmetrelidir; sokak temizleme programlar\u0131na dikkat edin. Trafik otoyol giri\u015flerini t\u0131kayabilece\u011finden, bir\u00e7ok yerel k\u0131sa mesafeler i\u00e7in bisiklet veya scooter kullan\u0131r (scooter ve bisiklet payla\u015f\u0131m programlar\u0131 pop\u00fclerdir).<\/p>\n<p>Her zamanki Kaliforniya bah\u015fi\u015fleri ge\u00e7erlidir. Para birimi ABD dolar\u0131d\u0131r. \u0130ngilizce evrenseldir; \u0130spanyolca bir\u00e7ok hizmet ba\u011flam\u0131nda yayg\u0131nd\u0131r (bir\u00e7ok ma\u011faza tabelas\u0131 iki dillidir). Restoranlar i\u00e7in standart olarak -20 bah\u015fi\u015f verilir. Sandalet ve plaj k\u0131yafetleri g\u00fcn boyunca hemen hemen her yerde kabul edilebilir, ancak kaliteli restoranlar veya barlar i\u00e7in daha \u015f\u0131k k\u0131yafetler se\u00e7ilebilir. Santa Monica genellikle g\u00fcvenlidir; Los Angeles \u015fehir merkezine g\u00f6re \u00e7ok daha d\u00fc\u015f\u00fck bir su\u00e7 oran\u0131na sahiptir. Ancak kalabal\u0131k sokaklarda ve plajlarda e\u015fyalar\u0131n\u0131za dikkat edin. \u015eehir, yaya ve bisiklet dostudur, ancak her zaman yerel bisiklet\/skuter g\u00f6rg\u00fc kurallar\u0131na uyun. Ayr\u0131ca olduk\u00e7a uluslararas\u0131d\u0131r ve kabul g\u00f6r\u00fcr; ziyaret\u00e7iler istediklerini giymekten \u00e7ekinmemelidir. Pratik bir not: yerel politikalar nedeniyle Santa Monica \u00e7ok \u00e7evre bilincine sahiptir; ziyaret\u00e7iler bir\u00e7ok parkta plastik \u015fi\u015feler yerine su doldurma istasyonlar\u0131 (\u00e7e\u015fmeler) bulacak ve restoranlar genellikle yeniden kullan\u0131labilir \u00e7anta kullan\u0131m\u0131n\u0131 te\u015fvik edecektir.<a href=\"https:\/\/travelshelper.com\/tr\/hedefler\/kuzey-amerika\/amerika-birlesik-devletleri\/berkeley-springs\/\" target=\"_self\" aria-labelledby=\"uael-post-8997\"><br \/>\n<\/a><\/p>","protected":false},"excerpt":{"rendered":"<p>Kaliforniya&#039;n\u0131n G\u00fcney Sahili&#039;ndeki pitoresk Santa Monica Koyu boyunca yer alan Santa Monica, Los Angeles County&#039;de canl\u0131 bir \u015fehirdir. 2020 ABD N\u00fcfus Say\u0131m\u0131&#039;na g\u00f6re 93.076 ki\u015filik bir n\u00fcfusa sahip olan Santa Monica, g\u00fczel s\u0131cakl\u0131\u011f\u0131, nefes kesici plajlar\u0131 ve aktif otel i\u015fletmeleriyle \u00f6v\u00fclen iyi bilinen bir tatil beldesidir. \u015eehrin hem i\u015f hem de e\u011flence i\u00e7in \u00f6nemli bir merkez g\u00f6revi g\u00f6ren \u00e7e\u015fitli ekonomisini destekleyen b\u00fcy\u00fck \u015firketler aras\u0131nda Hulu, Universal Music Group, Lionsgate, Illumination ve The Recording Academy yer almaktad\u0131r.<\/p>","protected":false},"author":1,"featured_media":3396,"parent":8072,"menu_order":0,"comment_status":"closed","ping_status":"closed","template":"elementor_theme","meta":{"_eb_attr":"","footnotes":""},"class_list":["post-8395","page","type-page","status-publish","has-post-thumbnail"],"_links":{"self":[{"href":"https:\/\/travelshelper.com\/tr\/wp-json\/wp\/v2\/pages\/8395","targetHints":{"allow":["GET"]}}],"collection":[{"href":"https:\/\/travelshelper.com\/tr\/wp-json\/wp\/v2\/pages"}],"about":[{"href":"https:\/\/travelshelper.com\/tr\/wp-json\/wp\/v2\/types\/page"}],"author":[{"embeddable":true,"href":"https:\/\/travelshelper.com\/tr\/wp-json\/wp\/v2\/users\/1"}],"replies":[{"embeddable":true,"href":"https:\/\/travelshelper.com\/tr\/wp-json\/wp\/v2\/comments?post=8395"}],"version-history":[{"count":0,"href":"https:\/\/travelshelper.com\/tr\/wp-json\/wp\/v2\/pages\/8395\/revisions"}],"up":[{"embeddable":true,"href":"https:\/\/travelshelper.com\/tr\/wp-json\/wp\/v2\/pages\/8072"}],"wp:featuredmedia":[{"embeddable":true,"href":"https:\/\/travelshelper.com\/tr\/wp-json\/wp\/v2\/media\/3396"}],"wp:attachment":[{"href":"https:\/\/travelshelper.com\/tr\/wp-json\/wp\/v2\/media?parent=8395"}],"curies":[{"name":"wp","href":"https:\/\/api.w.org\/{rel}","templated":true}]}}