{"id":8389,"date":"2024-09-03T19:31:42","date_gmt":"2024-09-03T19:31:42","guid":{"rendered":"https:\/\/travelshelper.com\/staging\/?page_id=8389"},"modified":"2026-03-13T18:45:24","modified_gmt":"2026-03-13T18:45:24","slug":"santa-barbara","status":"publish","type":"page","link":"https:\/\/travelshelper.com\/tr\/destinations\/north-america\/united-states\/santa-barbara\/","title":{"rendered":"Santa Barbara"},"content":{"rendered":"<p>Santa Barbara, Los Angeles&#039;\u0131n yakla\u015f\u0131k 100 mil kuzeybat\u0131s\u0131nda, Pasifik Okyanusu ile Santa Ynez Da\u011flar\u0131 aras\u0131nda yer al\u0131r. \u015eehrin k\u00f6rfez k\u0131y\u0131s\u0131ndaki konumu dikkat \u00e7ekicidir: ye\u015fil tepelerle desteklenen kumlu plajlardan olu\u015fan k\u0131vr\u0131ml\u0131 bir k\u0131y\u0131 \u015feridi. Hava, Akdeniz&#039;le s\u0131kl\u0131kla kar\u015f\u0131la\u015ft\u0131r\u0131lan (asl\u0131nda, &#034;Amerikan Rivieras\u0131&#034; olarak da bilinir) me\u015fhur bir \u015fekilde ho\u015ftur. Il\u0131k, kuru yazlar\u0131 ve serin, ya\u011f\u0131\u015fl\u0131 k\u0131\u015flar\u0131 olan s\u0131cak yaz Akdeniz iklimine sahiptir. Ortalama s\u0131cakl\u0131klar k\u0131\u015f\u0131n 50\u00b0F&#039;nin \u00fcst\u00fcnden yaz\u0131n 70\u00b0F&#039;nin ortas\u0131na kadar de\u011fi\u015fir (yazlar 80&#039;lere ula\u015fabilir ancak geceler serinler). G\u00fcne\u015f y\u0131lda 270 g\u00fcnden fazla parlar ve palmiye a\u011fa\u00e7lar\u0131, banyanlar ve \u0130spanyol tarz\u0131 kiremit \u00e7at\u0131larla birlikte b\u00fcy\u00fcr.<\/p>\n<p>Santa Barbara \u015fehir s\u0131n\u0131rlar\u0131 i\u00e7inde yakla\u015f\u0131k 88.000 ki\u015fi ya\u015f\u0131yor (2023 tahmini). \u015eehrin n\u00fcfusu son y\u0131llarda sabit veya hafif d\u00fc\u015f\u00fc\u015fte. Ortanca ya\u015f yakla\u015f\u0131k 39 ve \u015fehir tipik Kaliforniya&#039;dan (bir\u00e7ok emekli ve aile) biraz daha ya\u015fl\u0131. Ekonomik olarak iyi durumda: ortanca hane geliri yakla\u015f\u0131k 101.000 dolar ve yoksulluk oran\u0131 civar\u0131nda. Santa Barbaral\u0131lar\u0131n yakla\u015f\u0131k &#039;\u00fc Hispanik olmayan Beyaz ve yakla\u015f\u0131k &#039;si Hispanik veya Latin (\u00e7o\u011funlukla Meksika k\u00f6kenli) olarak tan\u0131mlan\u0131yor. Asyal\u0131 ve Siyah topluluklar mevcut ancak daha k\u00fc\u00e7\u00fck (her biri birka\u00e7 y\u00fczde). Ortanca ev fiyat\u0131, s\u0131n\u0131rl\u0131 alan ve k\u0131y\u0131 \u015feridinin cazipli\u011fi nedeniyle dikkat \u00e7ekici derecede y\u00fcksek (2023&#039;te 1,4 milyon dolar\u0131n \u00fczerinde).<\/p>\n<p>Son verilere g\u00f6re, Santa Barbara \u015fehrinin n\u00fcfusu yakla\u015f\u0131k 88.000&#039;dir. 2022&#039;den 2023&#039;e kadar biraz d\u00fc\u015ft\u00fc (-%0,7). \u015eehrin ortalama hane geliri (101.672 $) ve ki\u015fi ba\u015f\u0131na d\u00fc\u015fen geliri (~60.000 $) ulusal standartlara g\u00f6re y\u00fcksektir ve bir\u00e7ok profesyonel ve akademik i\u015fi yans\u0131t\u0131r. Etnik olarak, yakla\u015f\u0131k &#039;\u00fc Beyaz \u0130spanyol olmayan, yakla\u015f\u0131k &#039;si \u0130spanyol (herhangi bir \u0131rktan) ve Asyal\u0131lar (\u00e7o\u011funlukla Filipinli ve \u00c7inli) yakla\u015f\u0131k %3-4&#039;\u00fc olu\u015fturmaktad\u0131r.<\/p>\n<p>Santa Barbara&#039;n\u0131n ekonomisi \u00e7e\u015fitlidir ancak daha k\u00fc\u00e7\u00fck \u00f6l\u00e7eklidir. E\u011fitim (yak\u0131ndaki Kaliforniya \u00dcniversitesi, Santa Barbara dahil) b\u00fcy\u00fck bir i\u015fverendir: UCSB tek ba\u015f\u0131na il\u00e7e ekonomisinin %5&#039;inden fazlas\u0131n\u0131 olu\u015fturur. Turizm ve misafirperverlik b\u00fcy\u00fckt\u00fcr - \u015fehrin tarihi \u0130spanyol mimarisi, plajlar\u0131 ve \u015farap \u00fclkesi y\u0131l boyunca ziyaret\u00e7ileri \u00e7eker. Tar\u0131m (\u00e7ilek, avokado, limon, \u00fcz\u00fcm) ve \u015farap \u00fcretimi \u00e7evredeki il\u00e7ede \u00f6nemlidir. Sa\u011fl\u0131k (Cottage Hospital, Pacific Clinics) ve profesyonel hizmetler de yer al\u0131r. Teknoloji sekt\u00f6r\u00fc m\u00fctevaz\u0131d\u0131r ancak b\u00fcy\u00fcmektedir (Santa Barbara telekom ve yaz\u0131l\u0131m firmalar\u0131n\u0131 \u00e7ekmi\u015ftir). Genel olarak, Santa Barbara tek bir dev end\u00fcstri taraf\u0131ndan domine edilmemi\u015ftir; bunun yerine yerel y\u00f6netim, e\u011fitim, turizm ve k\u00fc\u00e7\u00fck i\u015fletmeler ekonomisinin temelini olu\u015fturur.<\/p>\n<p>Santa Barbara, Kaliforniya&#039;n\u0131n Merkez Sahili&#039;nde, Los Angeles ve K\u00f6rfez B\u00f6lgesi&#039;nin yakla\u015f\u0131k ortas\u0131nda (ve San Luis Obispo&#039;dan \u00e7ok da uzak de\u011fil) yer al\u0131r. G\u00fcney ve bat\u0131da Pasifik Okyanusu, kuzeyde Santa Ynez Da\u011flar\u0131 ve do\u011fuda engebeli tepelerle \u00e7evrilidir. Bu co\u011frafya bir &#034;deniz tabakas\u0131&#034; iklimi yarat\u0131r: serin okyanus esintileri da\u011f ge\u00e7itlerinden ge\u00e7erek \u015fehre yaz\u0131n bile konforlu s\u0131cakl\u0131klar sa\u011flar. \u015eehir merkezi sahil \u015feridini (Stearns Wharf) ve State Street&#039;i \u00e7evreler ve mimaride \u0130spanyol S\u00f6m\u00fcrge R\u00f6nesans\u0131 tarz\u0131, pi\u015fmi\u015f toprak \u00e7at\u0131lar ve palmiye a\u011fa\u00e7lar\u0131yla dolu gezinti yollar\u0131 bulunur. Daha i\u00e7 kesimlerde, vadiler Santa Ynez ve Solvang \u015farap \u00fclkesine do\u011fru uzan\u0131r. Genel olarak, manzara (s\u00f6zde &#034;Akdeniz&#034;) ilkbaharda bah\u00e7eler ve hardal sar\u0131s\u0131 tepelerle yemye\u015fildir.<\/p>\n<p>B\u00f6lge resmen \u0131l\u0131mand\u0131r: Hem NOAA hem de US News, Santa Barbara&#039;n\u0131n havas\u0131n\u0131 Amerika&#039;n\u0131n en iyileri aras\u0131nda s\u0131ral\u0131yor. Ortalama ya\u011f\u0131\u015f miktar\u0131 y\u0131lda yakla\u015f\u0131k 20 in\u00e7tir, \u00e7o\u011funlukla k\u0131\u015f aylar\u0131nda. K\u0131y\u0131 sisi (&#034;deniz tabakas\u0131&#034;) genellikle yaz sabahlar\u0131n\u0131 serinletir ve \u00f6\u011flene do\u011fru yanar. K\u0131\u015flar so\u011fuktur ancak nadiren dondurucudur, yazlar ise s\u0131cakt\u0131r ancak a\u015f\u0131r\u0131 de\u011fildir. \u015eehrin iklimi, US News &amp; World Report taraf\u0131ndan 2023&#039;te ABD&#039;de 1 numara olarak derecelendirildi. Bu \u0131l\u0131man iklim (ve manzaral\u0131 okyanus\/da\u011f fonu), Santa Barbara&#039;n\u0131n pastoral, rahat bir yer olarak \u00fcn\u00fcne b\u00fcy\u00fck katk\u0131da bulunmaktad\u0131r.<\/p>\n<p>Santa Barbara&#039;n\u0131n k\u00f6kleri derindir. Yerli Chumash halk\u0131, Avrupal\u0131lar gelmeden \u00f6nce binlerce y\u0131l burada ya\u015fam\u0131\u015ft\u0131r. \u0130spanyol ka\u015fif Juan Rodr\u00edguez Cabrillo 1542&#039;de ziyaret etmi\u015f ve \u015fehrin ad\u0131 azizinin ad\u0131n\u0131 (Aziz Barbara) onurland\u0131rmaktad\u0131r. Modern yerle\u015fim, 1786&#039;da Fransiskenler taraf\u0131ndan kurulan \u0130spanyol Mission Santa Barbara (g\u00f6rkeminden dolay\u0131 &#034;Misyonlar\u0131n Krali\u00e7esi&#034; olarak bilinir) ile ba\u015flam\u0131\u015ft\u0131r. Misyonun etraf\u0131nda k\u00fc\u00e7\u00fck bir pueblo ve Santa Barbara Presidio&#039;su (askeri kale) b\u00fcy\u00fcm\u00fc\u015ft\u00fcr.<\/p>\n<p>1812&#039;deki felaket niteli\u011findeki bir deprem ve tsunami (yakla\u015f\u0131k 7.1 b\u00fcy\u00fckl\u00fc\u011f\u00fcnde) gen\u00e7 kasabay\u0131 ve misyonu deniz seviyesine indirdi. Misyon yeniden in\u015fa edildi ve bug\u00fcn t\u00fcm Kaliforniya misyonlar\u0131n\u0131n en iyi korunmu\u015f olan\u0131d\u0131r (hala aktif bir kilisedir). Meksika&#039;n\u0131n ba\u011f\u0131ms\u0131zl\u0131\u011f\u0131n\u0131 kazanmas\u0131n\u0131n ard\u0131ndan (1821), Santa Barbara bir Meksika toprak hibe b\u00f6lgesi (ranchos) oldu. Kaliforniya, Amerika Birle\u015fik Devletleri&#039;nin bir par\u00e7as\u0131 oldu\u011funda (1848 Guadalupe Hidalgo Antla\u015fmas\u0131&#039;ndan sonra), Santa Barbara yava\u015f yava\u015f Amerikanla\u015ft\u0131. Nakliye eri\u015fimini iyile\u015ftirmek i\u00e7in 1872&#039;de bir iskele (Stearns Wharf) in\u015fa edildi ve demiryollar\u0131 1880&#039;lerde kasabaya ula\u015farak onu daha fazla yerle\u015fimciye ve turiste a\u00e7t\u0131. 1800&#039;lerin sonlar\u0131na do\u011fru bir sahil beldesi olarak tan\u0131t\u0131lmaya ba\u015fland\u0131 (Charles Nordhoff&#039;un yaz\u0131lar\u0131 iklimini \u00f6v\u00fcyordu).<\/p>\n<p>20. y\u00fczy\u0131lda hem patlama hem de felaket ya\u015fand\u0131. 1890&#039;larda a\u00e7\u0131k denizde petrol ke\u015ffedildi ve Kaliforniya&#039;n\u0131n petrol \u00e7a\u011f\u0131 ba\u015flad\u0131 (d\u00fcnyadaki ilk a\u00e7\u0131k deniz sondaj\u0131 burada ger\u00e7ekle\u015fti). 1925&#039;te, 6.3 b\u00fcy\u00fckl\u00fc\u011f\u00fcndeki bir deprem (merkez \u00fcss\u00fc \u015fehrin alt\u0131nda) bir kez daha \u015fehir merkezinin \u00e7o\u011funu y\u0131kt\u0131 ve 13 ki\u015fiyi \u00f6ld\u00fcrd\u00fc. \u015eehir, g\u00fcn\u00fcm\u00fcz \u015fehir merkezine k\u0131rm\u0131z\u0131 kiremitli \u00e7at\u0131lar ve beyaz s\u0131vadan olu\u015fan ay\u0131rt edici g\u00f6r\u00fcn\u00fcm\u00fcn\u00fc veren tutarl\u0131 bir \u0130spanyol-Ma\u011fribi mimari tarz\u0131nda yeniden in\u015fa edildi. Sava\u015f sonras\u0131 b\u00fcy\u00fcme yeni mahalleler, end\u00fcstri (\u00f6rne\u011fin havac\u0131l\u0131k \u015firketleri) ve modern turizm ticareti getirdi. Bug\u00fcn, Santa Barbara&#039;n\u0131n tarihi simge yap\u0131lar\u0131nda a\u00e7\u0131k\u00e7a g\u00f6r\u00fclmektedir: Mission, eski adliye kulesi, Stearns Wharf ve Viktorya d\u00f6nemi ev k\u00fcmeleri.<\/p>\n<p>Santa Barbara&#039;n\u0131n karakteri zarif ama g\u00f6steri\u015fsizdir ve hem G\u00fcney Kaliforniya&#039;n\u0131n rahatl\u0131\u011f\u0131n\u0131 hem de biraz Avrupa havas\u0131n\u0131 yans\u0131t\u0131r. \u0130ngilizce ve \u0130spanyolca yayg\u0131n olarak konu\u015fulur - sakinlerinin \u00fc\u00e7te birinden fazlas\u0131 \u0130spanyol k\u00f6kenlidir. \u015eehir, \u0130spanyol ve Meksika miras\u0131n\u0131 g\u00fc\u00e7l\u00fc bir \u015fekilde kutlar: sokak isimleri \u0130spanyolcad\u0131r (State Street ba\u015flang\u0131\u00e7ta Calle Principal&#039;d\u0131) ve yerel gelenekler aras\u0131nda her A\u011fustos ay\u0131nda d\u00fczenlenen Eski \u0130spanyol G\u00fcnleri Festivali - dans, m\u00fczik ve g\u00f6steri\u015ften olu\u015fan \u00e7ok g\u00fcnl\u00fck bir ge\u00e7it t\u00f6reni ve sokak festivali yer al\u0131r. Bu etkinlik (ve G\u00fcnd\u00f6n\u00fcm\u00fc Ge\u00e7it T\u00f6renleri, Yunan Festivalleri ve Ra\u00edces folklorik danslar\u0131 gibi di\u011ferleri) iki k\u00fclt\u00fcrl\u00fc (Latin) miras\u0131n \u00f6nemini vurgular. Ayn\u0131 zamanda, Santa Barbara sanatsal ve l\u00fcks bir havaya sahiptir: Funk Zone b\u00f6lgesi sanat galerilerine ve \u015farap tad\u0131m odalar\u0131na ev sahipli\u011fi yapar ve opera, tiyatro ve g\u00f6rsel sanatlara g\u00fc\u00e7l\u00fc bir takdir vard\u0131r.<\/p>\n<p>Yerliler buradaki hayat\u0131 genellikle &#034;rahat sofistikelik&#034; olarak tan\u0131ml\u0131yor. B\u00fcy\u00fck \u015fehir standartlar\u0131na g\u00f6re tempo yava\u015f: insanlar parmak aras\u0131 terliklerle State Street&#039;te geziyor, a\u00e7\u0131k havada yemek yiyor veya \u00f6\u011fleden sonralar\u0131n\u0131 sahilde ge\u00e7iriyor. A\u00e7\u0131k hava aktiviteleri g\u00fcnl\u00fck hayat\u0131n bir par\u00e7as\u0131 - s\u00f6rf, y\u00fcr\u00fcy\u00fc\u015f, bisiklet. Fitness ve sa\u011fl\u0131kl\u0131 ya\u015fam k\u00fclt\u00fcr\u00fc g\u00fc\u00e7l\u00fc (bir\u00e7ok yoga st\u00fcdyosu ve organik pazar). Ayn\u0131 zamanda zenginlik de var: baz\u0131 mahalleler (Montecito, Hope Ranch) olduk\u00e7a zengin ve ziyaret\u00e7iler tasar\u0131mc\u0131 butiklerini ve l\u00fcks tatil k\u00f6ylerini fark ediyor. Ancak tutum dost canl\u0131s\u0131 ve toplum odakl\u0131 olmaya devam ediyor: etkile\u015fimler nazik ve bir kafede sohbet ba\u015flatmak yayg\u0131n. Bir \u015fehrin i\u00e7inde k\u00fc\u00e7\u00fck bir kasaba hissi var - \u00e7ift\u00e7i pazar\u0131nda yerel se\u00e7ilmi\u015f yetkilileri g\u00f6rebilirsiniz. K\u0131sacas\u0131, Santa Barbara bir &#034;Amerikan Rivieras\u0131&#034; cazibesini (palmiyeli caddeler, Akdeniz meydan kafeleri) modern ilerici bir bilin\u00e7le (ye\u015fil i\u015f giri\u015fimleri, bisiklet altyap\u0131s\u0131, a\u00e7\u0131k alanlar\u0131n korunmas\u0131) harmanl\u0131yor.<\/p>\n<p>B\u00fcy\u00fck etkinlikler Santa Barbara&#039;ya hava kat\u0131yor: Eski \u0130spanyol G\u00fcnleri Festivali&#039;nin yan\u0131 s\u0131ra, Yaz G\u00fcnd\u00f6n\u00fcm\u00fc Ge\u00e7it T\u00f6reni (yerel sanatlar\u0131 g\u00f6steri\u015fli \u015famand\u0131ralarla kutluyor), Santa Barbara Uluslararas\u0131 Film Festivali (her k\u0131\u015f Hollywood y\u0131ld\u0131zlar\u0131n\u0131 \u00e7ekiyor) ve Bowl&#039;da Yaz Konserleri (y\u0131ld\u0131zlar\u0131n alt\u0131nda da\u011f amfi tiyatrosu konserleri) var. California \u00dcniversitesi, Santa Barbara ayr\u0131ca yak\u0131nlarda b\u00fcy\u00fck bir \u00f6\u011frenci ve k\u00fclt\u00fcr sahnesi (konserler, sanat g\u00f6sterileri) getiriyor. Y\u0131l boyunca, kald\u0131r\u0131m yemekleri, sokak m\u00fczisyenleri ve hafta sonu \u00e7ift\u00e7i pazarlar\u0131, ne\u015feli bir Akdeniz atmosferine katk\u0131da bulunuyor.<\/p>\n<p>Santa Barbara&#039;n\u0131n ilgi \u00e7ekici yerleri tarihini, do\u011fal g\u00fczelli\u011fini ve bo\u015f zaman ya\u015fam tarz\u0131n\u0131 sergiler. Merkezde, ma\u011fazalar, restoranlar ve butikler ve sanat alanlar\u0131yla b\u00fcy\u00fcleyici Funk B\u00f6lgesi sokaklar\u0131n\u0131n bulundu\u011fu geni\u015f bir palmiye ve \u00e7i\u00e7eklerle dolu bulvar olan State Street yer al\u0131r. Sahil boyunca, Stearns Wharf (1872&#039;de in\u015fa edilmi\u015ftir) deniz \u00fcr\u00fcnleri tezgahlar\u0131, bir akvaryum ve panoramik k\u00f6rfez manzaralar\u0131 sunan eski ah\u015fap iskeledir. Santa Barbara \u0130l\u00e7e Adliyesi s\u0131kl\u0131kla g\u00f6r\u00fclmesi gereken bir yer olarak an\u0131l\u0131r: 1929&#039;da in\u015fa edilen bu &#034;muhte\u015fem \u0130spanyol-Ma\u011fribi saray\u0131&#034; s\u00fcsl\u00fc fayans i\u015f\u00e7ili\u011fine, bah\u00e7elere ve t\u0131rmanabilece\u011finiz bir saat kulesine sahiptir. Duvar resimleri ve bah\u00e7eleri \u015fehrin tarihini tasvir eder ve a\u00e7\u0131k g\u00fcnlerde g\u00f6zlem g\u00fcvertesi okyanusa manzaralar sunar.<\/p>\n<p>\u015eehir merkezinin biraz kuzeyinde Old Mission Santa Barbara (1786&#039;da kurulan &#034;Misyonlar\u0131n Krali\u00e7esi&#034;) yer al\u0131r. Misyon ve g\u00fcl bah\u00e7eleri turistleri ve tarih merakl\u0131lar\u0131n\u0131 kendine \u00e7eker. Yak\u0131nlar\u0131nda, Botanik Bah\u00e7esi (yerel bitkilerle) ve Mission G\u00fcl Bah\u00e7esi huzurlu duraklard\u0131r. K\u0131y\u0131da voleybol ve piknikler i\u00e7in pop\u00fcler olan geni\u015f kumlu parklar olan East Beach ve West Beach ve Liman (sakin marinalar ve deniz \u00fcr\u00fcnleri yemeklerinin sunuldu\u011fu) yer al\u0131r. K\u0131y\u0131 boyunca k\u0131sa bir s\u00fcr\u00fc\u015f mesafesinde okyanus manzaral\u0131 bir u\u00e7urumun \u00fczerinde bulunan Santa Barbara Hayvanat Bah\u00e7esi bulunur (k\u00fc\u00e7\u00fck bir hayvanat bah\u00e7esidir ancak aileler i\u00e7in olduk\u00e7a uygundur). A\u00e7\u0131k hava etkinlikleri i\u00e7in Santa Barbara Sanat M\u00fczesi ve SOFO (Figueroa&#039;n\u0131n G\u00fcneyi) k\u00fclt\u00fcrel alanlar sunar ve yak\u0131ndaki tepelerdeki y\u00fcr\u00fcy\u00fc\u015f parkurlar\u0131 (\u00f6rne\u011fin ilham noktas\u0131) \u015fehir ve deniz manzaralar\u0131n\u0131 sunar.<\/p>\n<p>\u015eehrin d\u0131\u015f\u0131na \u00e7\u0131kmak: Channel Islands Milli Park\u0131&#039;na genellikle Santa Barbara&#039;dan tekneyle (Anacapa veya Santa Cruz adalar\u0131na kano ve yaban hayat\u0131 turlar\u0131) ula\u015f\u0131l\u0131r. \u015earap \u00fclkesi (Santa Ynez Vadisi) i\u00e7 kesimlere k\u0131sa bir s\u00fcr\u00fc\u015f mesafesindedir ve tad\u0131m odalar\u0131 ve ay\u00e7i\u00e7e\u011fi tarlalar\u0131 i\u00e7in ziyaret\u00e7ileri \u00e7eker. Genel olarak, mutlaka g\u00f6r\u00fclmesi gereken deneyimler \u0130spanyol mimarisi sokaklar\u0131nda gezinmek, s\u0131cak plajlarda dinlenmek ve yerel \u015farap ve yemekleri tatmak kombinasyonudur. Klasik Kaliforniya cazibesi beklentisiyle gelenler burada keyif alacaklar\u0131 \u00e7ok \u015fey bulacaklar.<\/p>\n<p>Santa Barbara&#039;n\u0131n kendi k\u00fc\u00e7\u00fck SBA Havaalan\u0131&#039;nda \u00e7o\u011funlukla LAX\/SFO\/SLC merkezlerine u\u00e7u\u015flar vard\u0131r. Bir\u00e7ok ki\u015fi Los Angeles&#039;a (LAX) veya Santa Maria&#039;ya (SMX) u\u00e7ar ve US 101 veya manzaral\u0131 Highway 1&#039;den Santa Barbara&#039;ya gider (LAX&#039;tan yakla\u015f\u0131k 1,5-2 saat). Pacific Surfliner Amtrak treni, San Diego&#039;dan LA&#039;ya ve oradan Santa Barbara ve San Luis Obispo&#039;ya kadar sahil boyunca rahat bir tren hizmeti sa\u011flar ve \u015fehir merkezinde Santa Barbara istasyonu vard\u0131r.<\/p>\n<p>\u015eehir olduk\u00e7a kompakt; \u015fehir merkezi ve State Street y\u00fcr\u00fcyerek gezilebilir. Ancak, \u00f6nemli turistik yerler yay\u0131lm\u0131\u015f durumda. Toplu ta\u015f\u0131ma (SBMTD otob\u00fcsleri) \u00e7o\u011fu \u015fehir g\u00fczergah\u0131na hizmet veriyor (\u00f6rne\u011fin, g\u00fcney sahil tren hatlar\u0131na \u00fccretsiz aktarmalar). Bir\u00e7ok ziyaret\u00e7i \u015fehir merkezinin d\u0131\u015f\u0131ndaki plajlara ve mahallelere ula\u015fmak i\u00e7in araba kiral\u0131yor (plaj alanlar\u0131nda park etmek genellikle \u00fccretsiz). Sahile yak\u0131n d\u00fcz alanlarda bisiklete binmek pop\u00fclerdir. Mission veya liman gibi yerlere ula\u015fmak i\u00e7in araba kullanmak veya yerel otob\u00fcs kullanmak en kolay\u0131d\u0131r. H\u0131zl\u0131 bir toplu ta\u015f\u0131ma sistemi yoktur; taksiler ve yolcu payla\u015f\u0131mlar\u0131 \u00e7al\u0131\u015f\u0131r ancak LA&#039;deki kadar yayg\u0131n de\u011fildir.<\/p>\n<p>Para birimi ABD dolar\u0131d\u0131r; her yerde \u0130ngilizce konu\u015fulur, ancak s\u0131kl\u0131kla \u0130spanyolca da duyars\u0131n\u0131z (bir\u00e7ok i\u015fletme iki dilli men\u00fcler ve tabelalar yay\u0131nlar). Bah\u015fi\u015f (+) restoranlarda ve kafelerde standartt\u0131r. Santa Barbara \u00e7ok g\u00fcvenli kabul edilir - turistik b\u00f6lgelerde \u015fiddet su\u00e7lar\u0131 nadirdir - ancak normal \u00f6nlemler uygulan\u0131r (araban\u0131z\u0131 kilitleyin, sahilde e\u015fyalar\u0131n\u0131za g\u00f6z kulak olun). \u015eehrin havas\u0131 rahat ve cilal\u0131d\u0131r: kot pantolon veya \u015fort ve g\u00fczel bir \u00fcst \u00e7o\u011fu ortam i\u00e7in gayet uygundur. Y\u0131l boyunca g\u00fcne\u015f kremi ve \u015fapka \u00f6nerilir (UV g\u00fc\u00e7l\u00fc olabilir). Araba kullan\u0131yorsan\u0131z, \u00e7ift y\u00f6nl\u00fc bisiklet yollar\u0131na ve yayalara dikkat edin. Yerliler nazik ve yard\u0131mseverdir; yabanc\u0131lar\u0131 dost\u00e7a bir &#034;merhaba&#034; veya g\u00fcl\u00fcmsemeyle selamlamak yayg\u0131nd\u0131r. Genel olarak, \u015fehir ziyaret\u00e7ilere kar\u015f\u0131 \u00e7ok dost canl\u0131s\u0131d\u0131r ve \u015fehirdeki tabelalar iyidir (iskelenin yan\u0131ndaki \u015fehir merkezindeki Ziyaret\u00e7i Merkezi kullan\u0131\u015fl\u0131 bir kaynakt\u0131r).<a href=\"https:\/\/travelshelper.com\/tr\/hedefler\/kuzey-amerika\/amerika-birlesik-devletleri\/berkeley-springs\/\" target=\"_self\" aria-labelledby=\"uael-post-8997\"><br \/>\n<\/a><\/p>","protected":false},"excerpt":{"rendered":"<p>Santa Barbara, Kaliforniya&#039;daki Santa Barbara County&#039;nin merkezi olan g\u00fczel bir k\u0131y\u0131 \u015fehridir. Alaska&#039;dan ayr\u0131 olarak, Amerika Birle\u015fik Devletleri&#039;nin Bat\u0131 K\u0131y\u0131s\u0131&#039;ndaki en uzun \u015fehirdir ve k\u0131y\u0131n\u0131n benzersiz g\u00fcneye bakan bir b\u00f6l\u00fcm\u00fcne s\u0131k\u0131\u015fm\u0131\u015ft\u0131r. Kuzeye do\u011fru dik bir \u015fekilde y\u00fckselen Santa Ynez Da\u011flar\u0131 ve g\u00fcneye do\u011fru uzanan Pasifik Okyanusu, Akdeniz benzeri iklimi nedeniyle \u015fehre &#034;Amerikan Rivieras\u0131&#034; lakab\u0131n\u0131 kazand\u0131ran muhte\u015fem bir do\u011fal fon olu\u015fturur.<\/p>","protected":false},"author":1,"featured_media":3858,"parent":8072,"menu_order":0,"comment_status":"closed","ping_status":"closed","template":"elementor_theme","meta":{"_eb_attr":"","footnotes":""},"class_list":["post-8389","page","type-page","status-publish","has-post-thumbnail"],"_links":{"self":[{"href":"https:\/\/travelshelper.com\/tr\/wp-json\/wp\/v2\/pages\/8389","targetHints":{"allow":["GET"]}}],"collection":[{"href":"https:\/\/travelshelper.com\/tr\/wp-json\/wp\/v2\/pages"}],"about":[{"href":"https:\/\/travelshelper.com\/tr\/wp-json\/wp\/v2\/types\/page"}],"author":[{"embeddable":true,"href":"https:\/\/travelshelper.com\/tr\/wp-json\/wp\/v2\/users\/1"}],"replies":[{"embeddable":true,"href":"https:\/\/travelshelper.com\/tr\/wp-json\/wp\/v2\/comments?post=8389"}],"version-history":[{"count":0,"href":"https:\/\/travelshelper.com\/tr\/wp-json\/wp\/v2\/pages\/8389\/revisions"}],"up":[{"embeddable":true,"href":"https:\/\/travelshelper.com\/tr\/wp-json\/wp\/v2\/pages\/8072"}],"wp:featuredmedia":[{"embeddable":true,"href":"https:\/\/travelshelper.com\/tr\/wp-json\/wp\/v2\/media\/3858"}],"wp:attachment":[{"href":"https:\/\/travelshelper.com\/tr\/wp-json\/wp\/v2\/media?parent=8389"}],"curies":[{"name":"wp","href":"https:\/\/api.w.org\/{rel}","templated":true}]}}