{"id":8341,"date":"2024-09-03T16:24:09","date_gmt":"2024-09-03T16:24:09","guid":{"rendered":"https:\/\/travelshelper.com\/staging\/?page_id=8341"},"modified":"2026-03-13T18:07:27","modified_gmt":"2026-03-13T18:07:27","slug":"portland","status":"publish","type":"page","link":"https:\/\/travelshelper.com\/tr\/destinations\/north-america\/united-states\/portland\/","title":{"rendered":"Portland"},"content":{"rendered":"<p>Oregon&#039;daki Portland, Willamette Nehri boyunca, her daim ye\u015fil tepeler ve al\u00e7ak da\u011flar aras\u0131nda uzan\u0131r. \u015eehrin sil\u00fceti m\u00fctevaz\u0131d\u0131r, cam ve \u00e7elik kulelerle noktalanm\u0131\u015ft\u0131r ve do\u011fudaki bulutlar\u0131n aras\u0131ndan Mount Hood s\u0131kl\u0131kla g\u00f6r\u00fclebilir. Engebeli, ya\u011fmurla beslenmi\u015f bir g\u00fczellik \u00e7evreyi tan\u0131mlar; a\u011fa\u00e7lar ve parklar tu\u011fla ve ah\u015fap mahallelerle i\u00e7 i\u00e7edir. Portland&#039;\u0131n modern karakteri, kentsel k\u00fclt\u00fcr ve vah\u015fi do\u011fan\u0131n bir kar\u0131\u015f\u0131m\u0131 olan bu Pasifik Kuzeybat\u0131s\u0131 ortam\u0131nda \u015fekillenmi\u015ftir.<\/p>\n<h2>Portland Rakamlarla<\/h2>\n<p>Portland&#039;\u0131n n\u00fcfusu yakla\u015f\u0131k alt\u0131 y\u00fcz bin civar\u0131ndad\u0131r. 2020 N\u00fcfus Say\u0131m\u0131 verilerine g\u00f6re \u015fehirde 652.503 ki\u015fi ya\u015f\u0131yordu (2010&#039;daki 583.776 ki\u015fiden fazla). G\u00fcncel tahminler son y\u0131llardaki hafif d\u00fc\u015f\u00fc\u015f\u00fc yans\u0131tarak 620-630 bin civar\u0131nda seyrediyor. \u015eehir a\u011f\u0131rl\u0131kl\u0131 olarak Beyazlardan (yakla\u015f\u0131k ) olu\u015fuyor, Asyal\u0131 Amerikal\u0131lar (~%8), Siyah sakinler (~%6) ve Hispanik\/Latinler (~) geri kalan\u0131n \u00e7o\u011funu olu\u015fturuyor. Portland&#039;\u0131n ekonomisi \u00e7e\u015fitlidir: g\u00fc\u00e7l\u00fc bir teknoloji sekt\u00f6r\u00fcne (bazen &#034;Silikon Orman\u0131&#034; olarak adland\u0131r\u0131l\u0131r) ve Nike, Intel ve Columbia Sportswear gibi \u015firketlerin \u00f6nemli bir varl\u0131\u011f\u0131na sahiptir. \u00d6zellikle yar\u0131 iletken \u00e7iplerin ve spor giyim \u00fcr\u00fcnlerinin \u00fcretimi \u00f6nemlidir. Sa\u011fl\u0131k, finans, e\u011fitim ve \u00fcnl\u00fc bir el yap\u0131m\u0131 yiyecek ve bira fabrikas\u0131 sahnesi ekonomiyi tamamlar. B\u00fcy\u00fck i\u015fverenler aras\u0131nda h\u00fck\u00fcmet, ileri teknoloji firmalar\u0131 ve \u00fcniversiteler yer al\u0131r.<\/p>\n<h2>Konum<\/h2>\n<p>Portland, Amerika Birle\u015fik Devletleri&#039;nin (Kuzey Amerika) Pasifik Kuzeybat\u0131s\u0131nda, Oregon eyaletinde yer al\u0131r. Willamette ve Columbia Nehirlerinin birle\u015fti\u011fi yerin yak\u0131n\u0131nda yer al\u0131r. \u015eehir, bat\u0131da ve do\u011fuda al\u00e7ak tepelerle birlikte yakla\u015f\u0131k 15-200 fit y\u00fckseklikte bir vadi ovas\u0131n\u0131 kaplar. Kuzeydo\u011fuya yak\u0131n bir yerde, karla kapl\u0131 volkanlar\u0131 (\u00f6zellikle 50 mil uzakl\u0131ktaki Mount Hood) a\u00e7\u0131k g\u00fcnlerde ufukta beliren Cascade S\u0131rada\u011flar\u0131 y\u00fckselir. Portland&#039;\u0131n iklimi s\u0131cak yaz Akdeniz&#039;dir (K\u00f6ppen Csb): yazlar s\u0131cak ve kurak, k\u0131\u015flar serin, ya\u011f\u0131\u015fl\u0131 ve genellikle kapal\u0131d\u0131r. \u015eehir, yemye\u015fil bitki \u00f6rt\u00fcs\u00fcne yard\u0131mc\u0131 olan k\u0131\u015f\u0131n bol ya\u011f\u0131\u015f al\u0131r, ancak yaz kurakl\u0131klar\u0131 tipiktir. Deniz etkisi sayesinde s\u0131cakl\u0131klar nadiren a\u015f\u0131r\u0131 y\u00fcksek veya d\u00fc\u015f\u00fck seviyelere ula\u015f\u0131r, ancak ara s\u0131ra s\u0131cak hava dalgalar\u0131 veya so\u011fuk hava dalgalar\u0131 meydana gelir.<\/p>\n<h2>Tarihsel Anl\u0131k G\u00f6r\u00fcnt\u00fc<\/h2>\n<p>Portland b\u00f6lgesi ilk olarak Chinookan konu\u015fan yerli Amerikal\u0131lar taraf\u0131ndan iskan edildi. 1840&#039;lar\u0131n ba\u015flar\u0131nda, Francis Pettygrove ve Asa Lovejoy da dahil olmak \u00fczere Amerikal\u0131 yerle\u015fimciler, Portland&#039;\u0131n merkezi olacak topraklar \u00fczerinde hak iddia ettiler. Efsaneye g\u00f6re, 1845&#039;te Pettygrove (&#034;P&#034;) ve Lovejoy (&#034;L&#034;) aras\u0131nda yap\u0131lan bir yaz\u0131 tura, \u015fehrin ad\u0131n\u0131 belirledi; Pettygrove&#039;un penny won&#039;u bize Portland&#039;\u0131 (yani &#034;Boston&#034;u) verdi. Kasaba 8 \u015eubat 1851&#039;de parsellendi. Portland, kereste ve ticaret merkezi olarak h\u0131zla b\u00fcy\u00fcd\u00fc, kereste ve bu\u011fday\u0131 nehirden a\u015fa\u011f\u0131 Kaliforniya&#039;ya ve \u00f6tesine g\u00f6nderdi. 1850&#039;de b\u00f6lge ba\u015fkenti oldu (1855&#039;e kadar). 19. y\u00fczy\u0131l\u0131n sonu ve 20. y\u00fczy\u0131l\u0131n ba\u015flar\u0131nda, Portland &#034;G\u00fcller \u015eehri&#034; (ilk G\u00fcl Festivali&#039;ne 1907&#039;de ev sahipli\u011fi yapt\u0131) gibi lakaplar kazand\u0131 ve ilerici siyasetiyle \u00fcnlendi. \u00d6nemli d\u00f6n\u00fcm noktalar\u0131 aras\u0131nda 1851&#039;deki kurulu\u015f, 1880&#039;lerde demiryollar\u0131n\u0131n geli\u015fi ve \u015fehri sergileyen 1905 Lewis &amp; Clark Centennial Exposition yer al\u0131yor. II. D\u00fcnya Sava\u015f\u0131 ge\u00e7ici bir patlamaya yol a\u00e7t\u0131 (tersaneler ve sava\u015f zaman\u0131 konut toplulu\u011fu olan Vanport&#039;ta bir Kaiser gemi in\u015fa sahas\u0131yla). Bu konut projesini yok eden 1948&#039;deki Vanport Sel felaketi, \u015fehrin n\u00fcfusunda ve konutlar\u0131nda kal\u0131c\u0131 de\u011fi\u015fikliklere yol a\u00e7arak bir ba\u015fka d\u00f6n\u00fcm noktas\u0131 oldu. Son y\u0131llarda, Portland&#039;\u0131n ekonomisi y\u00fcksek teknoloji ve hizmetlere do\u011fru kayd\u0131 ve k\u00fclt\u00fcr\u00fc kentsel s\u00fcrd\u00fcr\u00fclebilirli\u011fi ve sanatlar\u0131 vurgulamaya ba\u015flad\u0131.<\/p>\n<h2>K\u00fclt\u00fcrel Atmosfer<\/h2>\n<p>Portland&#039;\u0131n yerel karakteri eklektik ve gururla kendine \u00f6zg\u00fcd\u00fcr. \u015eehir, zanaat bira fabrikalar\u0131, yemek arabalar\u0131, m\u00fczik festivalleri ve geli\u015fen bir sanat toplulu\u011fu da dahil olmak \u00fczere canl\u0131 k\u00fclt\u00fcrel sahnesiyle insanlar\u0131 kendine \u00e7eker. \u0130ngilizce birincil dildir (\u00e7o\u011fu aile taraf\u0131ndan konu\u015fulur), g\u00f6\u00e7men mahallelerinde biraz \u0130spanyolca ve \u00e7e\u015fitli Asya ve Pasifik dilleri konu\u015fulur. N\u00fcfus genellikle ilerici ve a\u00e7\u0131k hava tutkunudur; bir\u00e7ok sakin d\u00fczenli olarak bisiklete biner veya y\u00fcr\u00fcy\u00fc\u015f yapar. Art\u0131k \u00fcnl\u00fc bir slogan olan &#034;Portland&#039;\u0131 Garip Tut&#034;, ba\u011f\u0131ms\u0131z i\u015fletmeye ve alternatif k\u00fclt\u00fcre de\u011fer veren bir toplulu\u011fu yans\u0131t\u0131r. \u00d6rne\u011fin, Portland, bol miktarda birinci s\u0131n\u0131f \u015fef, yemek arabalar\u0131, pazarlar ve bira fabrikalar\u0131yla yemek k\u00fclt\u00fcr\u00fcyle kutlan\u0131r. Y\u0131ll\u0131k etkinlikler aras\u0131nda Portland G\u00fcl Festivali (yaz ba\u015f\u0131), Oregon Bira Festivali ve \u00e7e\u015fitlili\u011fini yans\u0131tan \u00e7ok say\u0131da k\u00fclt\u00fcrel festival yer al\u0131r. Buradaki ya\u015fam genellikle rahat bir tempoda ilerler: kom\u015fular kafelerde sohbet eder, parklar \u00e7ok kullan\u0131l\u0131r ve y\u00fcr\u00fcy\u00fc\u015f veya bisiklete binme ola\u011fan bir \u015feydir. Portland, b\u00fcy\u00fckl\u00fc\u011f\u00fcne ra\u011fmen mahalle s\u0131cakl\u0131\u011f\u0131n\u0131 ve samimi misafirperverli\u011fini korur. Bir rehberde belirtildi\u011fi gibi, &#034;\u0130nsanlar Portland&#039;a canl\u0131 k\u00fclt\u00fcr\u00fcn\u00fcn bir par\u00e7as\u0131 i\u00e7in ak\u0131n ediyor: yemek, bira, sanat, k\u00fclt\u00fcrel topluluklar, festivaller veya gece hayat\u0131 i\u00e7in&#034;.<\/p>\n<h2><strong>En \u0130yi Gezilecek Yerler<\/strong><\/h2>\n<ul>\n<li><strong>Washington Park\u0131<\/strong> \u2013 \u015eehir merkezinin bat\u0131s\u0131nda b\u00fcy\u00fck, ormanl\u0131k bir park. \u00dcnl\u00fc Uluslararas\u0131 G\u00fcl Test Bah\u00e7esi ve Portland Japon Bah\u00e7esi&#039;ni, ikisi de \u00fcnl\u00fc bah\u00e7eleri; Oregon Hayvanat Bah\u00e7esi&#039;ni ve Hoyt Arboretumu&#039;nu i\u00e7erir. Ziyaret\u00e7iler genellikle burada g\u00fcl yataklar\u0131, koi g\u00f6letleri ve g\u00f6lgeli patikalar aras\u0131nda tam bir g\u00fcn ge\u00e7irirler.<\/li>\n<li><strong>Columbia Nehri Ge\u00e7idi<\/strong> \u2013 \u015eehrin hemen d\u0131\u015f\u0131nda olmas\u0131na ra\u011fmen Columbia Gorge mutlaka g\u00f6r\u00fclmesi gereken bir g\u00fcnl\u00fck gezi. Gorge&#039;a \u00e7\u0131kan manzaral\u0131 otoyolda etkileyici \u015felaleler (y\u00fcksek Multnomah \u015eelalesi dahil) ve Columbia Nehri&#039;nin \u00fczerinde manzaralar bulunur. Portland&#039;\u0131n en iyi gezileri aras\u0131nda s\u0131kl\u0131kla an\u0131l\u0131r.<\/li>\n<li><strong>Pittock Kona\u011f\u0131<\/strong> \u2013 1914&#039;te Henry Pittock (Oregonian gazetesinin kurucusu) taraf\u0131ndan in\u015fa edilen g\u00f6rkemli bir tepe malikanesi. Restore edilmi\u015f ve m\u00fcze olarak a\u00e7\u0131lm\u0131\u015f olan bu malikane, panoramik \u015fehir manzaralar\u0131 ve Portland&#039;\u0131n 20. y\u00fczy\u0131l\u0131n ba\u015flar\u0131ndaki elitlerine dair bir bak\u0131\u015f a\u00e7\u0131s\u0131 sunuyor. (Topluluk \u00e7abalar\u0131 sayesinde 1960&#039;larda y\u0131k\u0131lmaktan kurtuldu.)<\/li>\n<li><strong>Powell&#039;\u0131n Kitap \u015eehri<\/strong> \u2013 D\u00fcnyan\u0131n en b\u00fcy\u00fck ba\u011f\u0131ms\u0131z kitap\u00e7\u0131s\u0131, Portland \u015fehir merkezindeki t\u00fcm bir blo\u011fu kapl\u0131yor. Raflar\u0131nda bir milyondan fazla kullan\u0131lm\u0131\u015f ve yeni kitap var. Ayr\u0131ca okuma k\u00f6\u015feleri ve bir kahve d\u00fckkan\u0131 da bulunuyor. Burada edebi etkinlikler ve yazar s\u00f6yle\u015fileri yayg\u0131nd\u0131r.<\/li>\n<li><strong>Lan Su \u00c7in Bah\u00e7esi<\/strong> \u2013 Old Town Chinatown&#039;da huzurlu, otantik bir Suzhou tarz\u0131 bah\u00e7e. \u00c7in&#039;den gelen zanaatkarlar taraf\u0131ndan in\u015fa edilen bu bah\u00e7e, \u015fehrin ortas\u0131nda huzurlu bir dinlenme yeri olarak hizmet veren k\u0131vr\u0131ml\u0131 patikalar, kapal\u0131 pavyonlar ve g\u00f6let manzaras\u0131 sunmaktad\u0131r.<\/li>\n<li><strong>Oregon Bilim ve End\u00fcstri M\u00fczesi (OMSI)<\/strong> \u2013 Do\u011fu k\u0131y\u0131s\u0131ndaki uygulamal\u0131 bir bilim m\u00fczesi. \u00d6ne \u00e7\u0131kanlar aras\u0131nda bir OMNIMAX tiyatrosu, planetaryum ve ziyaret\u00e7ilerin gezebilece\u011fi emekli bir ABD Donanmas\u0131 denizalt\u0131s\u0131 (USS Blueback) yer al\u0131yor. Enerji, teknoloji ve do\u011fa tarihiyle ilgili etkile\u015fimli sergileriyle aileler aras\u0131nda pop\u00fclerdir.<\/li>\n<li><strong>Portland Cumartesi Pazar\u0131<\/strong> \u2013 Eski \u015eehir \u00c7in Mahallesi b\u00f6lgesinde ilkbahardan aral\u0131k ay\u0131na kadar a\u00e7\u0131k olan a\u00e7\u0131k hava sanat ve el sanatlar\u0131 pazar\u0131. 1974&#039;te kurulan pazar, \u00fclkenin en b\u00fcy\u00fck a\u00e7\u0131k hava pazarlar\u0131ndan biri haline geldi. Zanaatkarlar el yap\u0131m\u0131 m\u00fccevherler, el sanatlar\u0131, giysiler ve yiyecekler sat\u0131yor; her y\u0131l bir milyondan fazla ziyaret\u00e7i \u00e7ekiyor.<\/li>\n<\/ul>\n<h2>Pratik Anl\u0131k G\u00f6r\u00fcnt\u00fc<\/h2>\n<ul>\n<li><strong>Ula\u015f\u0131m:<\/strong> Portland Uluslararas\u0131 Havaalan\u0131 (PDX), bir\u00e7ok ABD \u015fehrine ve uluslararas\u0131 var\u0131\u015f noktas\u0131na direkt u\u00e7u\u015flar\u0131n yap\u0131ld\u0131\u011f\u0131 ana havaalan\u0131d\u0131r. \u015eehir merkezinden, MAX Hafif Rayl\u0131 K\u0131rm\u0131z\u0131 Hat do\u011frudan ba\u011flant\u0131 sa\u011flar: havaalan\u0131na tek y\u00f6nl\u00fc yolculuk yakla\u015f\u0131k 38 dakika s\u00fcrer (\u00fccret 2,80 $). TriMet otob\u00fcsleri de havaalan\u0131na hizmet verir. Trenle, Amtrak&#039;\u0131n Cascades hatt\u0131 Portland&#039;\u0131 Seattle ve Eugene&#039;e ba\u011flar. \u00d6nemli otoyollar (I-5 kuzey-g\u00fcney, I-84 do\u011fu-bat\u0131, US 26) \u015fehri b\u00f6lgesel var\u0131\u015f noktalar\u0131na ba\u011flar.<\/li>\n<li><strong>Ula\u015f\u0131m:<\/strong> TriMet sistemi (hafif rayl\u0131 sistem, tramvay ve otob\u00fcsler) Portland&#039;\u0131n \u00e7o\u011funu kaps\u0131yor. Bisiklete binmek \u00e7ok pop\u00fcler; \u015fehir d\u00fczenli olarak ABD&#039;deki en bisiklet dostu \u015fehirler aras\u0131nda g\u00f6steriliyor. \u015eehir merkezi kompakt ve y\u00fcr\u00fcyerek gezilebilir (\u00f6zellikle Pioneer Courthouse Meydan\u0131 ve Pearl B\u00f6lgesi). Araba kullanmak m\u00fcmk\u00fcn ancak yo\u011fun b\u00f6lgelerde park yeri bulmak zor veya pahal\u0131 olabilir. Bir\u00e7ok Portlandl\u0131 otob\u00fcs ve trenlerde \u00fccret \u00f6demek i\u00e7in Hop kart\u0131 veya mobil uygulama kullan\u0131yor. Yolculuk payla\u015f\u0131m\u0131 hizmetleri (Uber\/Lyft) her yerde mevcut.<\/li>\n<li><strong>Temel \u0130pu\u00e7lar\u0131:<\/strong> Para birimi ABD dolar\u0131d\u0131r. \u0130ngilizce birincil dildir (\u0130spanyolca da bir\u00e7ok sakin taraf\u0131ndan konu\u015fulur, \u00f6zellikle NE Portland&#039;da). Restoranlarda ve taksilerde, hesab\u0131n yakla\u015f\u0131k -20&#039;si kadar bah\u015fi\u015f vermek adettendir. Genel olarak, Portland kentsel standartlara g\u00f6re g\u00fcvenlidir, ancak normal \u015fehir \u00f6nlemleri al\u0131nmal\u0131d\u0131r (geceleri \u0131ss\u0131z alanlardan ka\u00e7\u0131n\u0131n, de\u011ferli e\u015fyalar\u0131n\u0131z\u0131 g\u00fcvende tutun). Yerliler nezaket ve \u00e7evre bilincine de\u011fer verir; rahat giyim normdur.<a href=\"https:\/\/travelshelper.com\/tr\/hedefler\/kuzey-amerika\/amerika-birlesik-devletleri\/berkeley-springs\/\" target=\"_self\" aria-labelledby=\"uael-post-8997\"><br \/>\n<\/a><\/li>\n<\/ul>","protected":false},"excerpt":{"rendered":"<p>Portland, pastoral Pasifik Kuzeybat\u0131s\u0131&#039;nda s\u0131k\u0131\u015fm\u0131\u015f, ABD eyaleti Oregon&#039;un en kalabal\u0131k \u015fehridir. Eyaletin kuzeybat\u0131s\u0131nda kas\u0131tl\u0131 olarak yer alan bu enerjik \u015fehir, Columbia ve Willamette nehirlerinin bulu\u015fma noktas\u0131 olarak hizmet eder. Portland, Oregon&#039;un en kalabal\u0131k il\u00e7esi olan Multnomah \u0130l\u00e7esi&#039;nin il\u00e7e merkezidir, bu nedenle eyaletin idari ve k\u00fclt\u00fcrel \u00e7er\u00e7evesi i\u00e7inde vazge\u00e7ilmez bir yere sahiptir. 2020 say\u0131m\u0131na g\u00f6re 652.503 n\u00fcfusuyla, ABD&#039;nin 26. en kalabal\u0131k \u015fehri olan Portland, Pasifik Kuzeybat\u0131s\u0131&#039;ndaki en kalabal\u0131k \u015fehir olan Seattle ile birlikte, Bat\u0131 Yakas\u0131&#039;n\u0131n ikinci en kalabal\u0131k \u015fehridir. Yakla\u015f\u0131k 2,5 milyon sakini kapsayan Portland metropol alan\u0131, ABD&#039;nin en kalabal\u0131k 25. metropol alan\u0131d\u0131r. Portland metro alan\u0131, Oregon n\u00fcfusunun neredeyse yar\u0131s\u0131na ev sahipli\u011fi yapmas\u0131yla dikkat \u00e7ekici bir \u015fekilde etki ve faaliyet merkezi \u00f6nemini vurgular.<\/p>","protected":false},"author":1,"featured_media":4170,"parent":8072,"menu_order":0,"comment_status":"closed","ping_status":"closed","template":"elementor_theme","meta":{"_eb_attr":"","footnotes":""},"class_list":["post-8341","page","type-page","status-publish","has-post-thumbnail"],"_links":{"self":[{"href":"https:\/\/travelshelper.com\/tr\/wp-json\/wp\/v2\/pages\/8341","targetHints":{"allow":["GET"]}}],"collection":[{"href":"https:\/\/travelshelper.com\/tr\/wp-json\/wp\/v2\/pages"}],"about":[{"href":"https:\/\/travelshelper.com\/tr\/wp-json\/wp\/v2\/types\/page"}],"author":[{"embeddable":true,"href":"https:\/\/travelshelper.com\/tr\/wp-json\/wp\/v2\/users\/1"}],"replies":[{"embeddable":true,"href":"https:\/\/travelshelper.com\/tr\/wp-json\/wp\/v2\/comments?post=8341"}],"version-history":[{"count":0,"href":"https:\/\/travelshelper.com\/tr\/wp-json\/wp\/v2\/pages\/8341\/revisions"}],"up":[{"embeddable":true,"href":"https:\/\/travelshelper.com\/tr\/wp-json\/wp\/v2\/pages\/8072"}],"wp:featuredmedia":[{"embeddable":true,"href":"https:\/\/travelshelper.com\/tr\/wp-json\/wp\/v2\/media\/4170"}],"wp:attachment":[{"href":"https:\/\/travelshelper.com\/tr\/wp-json\/wp\/v2\/media?parent=8341"}],"curies":[{"name":"wp","href":"https:\/\/api.w.org\/{rel}","templated":true}]}}