{"id":8331,"date":"2024-09-03T15:25:07","date_gmt":"2024-09-03T15:25:07","guid":{"rendered":"https:\/\/travelshelper.com\/staging\/?page_id=8331"},"modified":"2026-03-13T18:08:36","modified_gmt":"2026-03-13T18:08:36","slug":"palm-springs","status":"publish","type":"page","link":"https:\/\/travelshelper.com\/tr\/destinations\/north-america\/united-states\/palm-springs\/","title":{"rendered":"Palm Springs"},"content":{"rendered":"<p>Palm Springs, G\u00fcney Kaliforniya&#039;n\u0131n Coachella Vadisi&#039;nde orta b\u00fcy\u00fckl\u00fckte bir \u015fehir ve tatil beldesidir. 2020 n\u00fcfus say\u0131m\u0131na g\u00f6re n\u00fcfusu 44.575&#039;ti. Boyutundaki \u00e7o\u011fu \u015fehrin aksine, Palm Springs b\u00fcy\u00fck bir ge\u00e7ici n\u00fcfusa ev sahipli\u011fi yap\u0131yor: emekliler ve daha so\u011fuk b\u00f6lgelerden gelen &#034;kar ku\u015flar\u0131&#034; k\u0131\u015f\u0131n buraya ak\u0131n ediyor ve ge\u00e7ici olarak eldeki insan say\u0131s\u0131n\u0131 \u00fc\u00e7 kat\u0131na \u00e7\u0131kar\u0131yor. \u00d6zellikle, tam zamanl\u0131 sakinlerin &#039;undan fazlas\u0131 65 ya\u015f ve \u00fczeri ve yakla\u015f\u0131k 55 olan ortalama ya\u015f, emeklilik cenneti olarak \u00fcn\u00fcn\u00fc yans\u0131t\u0131yor. Palm Springs ekonomik olarak turizm, emlak ve hizmet sekt\u00f6rleri taraf\u0131ndan y\u00f6nlendiriliyor. Ortalama hane geliri yakla\u015f\u0131k 57.900 dolar ve yoksulluk yakla\u015f\u0131k ; b\u00f6lgenin arzu edilirli\u011fi nedeniyle m\u00fclk de\u011ferleri y\u00fcksek (ortanca ev ~398.000 dolar). Yerel ekonomi, \u00f6zellikle golf, k\u00fclt\u00fcrel festivaller ve d\u00fc\u011f\u00fcnler i\u00e7in her y\u0131l milyonlarca ziyaret\u00e7i g\u00f6r\u00fcyor, ayr\u0131ca devam eden film ve teknoloji kongreleri var.<\/p>\n<p>Palm Springs, G\u00fcney Kaliforniya&#039;daki Sonora \u00c7\u00f6l\u00fc&#039;nde, Los Angeles&#039;\u0131n yakla\u015f\u0131k 100 mil do\u011fusunda yer al\u0131r. Co\u011frafi olarak, da\u011flarla \u00e7evrili daha geni\u015f Colorado \u00c7\u00f6l\u00fc&#039;n\u00fcn bir par\u00e7as\u0131 olan Coachella Vadisi&#039;nde yer al\u0131r. Bat\u0131da San Jacinto Da\u011flar\u0131 (Mt. San Jacinto&#039;da 10.834 ft&#039;ye ula\u015f\u0131r) ve do\u011fusunda Santa Rosa ve Little San Bernardino da\u011flar\u0131 y\u00fckselir. Vadi taban\u0131 kuru ve d\u00fczd\u00fcr, deniz seviyesinden yakla\u015f\u0131k 479 ft y\u00fcksekliktedir. \u0130klim kurakt\u0131r: Palm Springs, y\u0131lda 300&#039;den fazla g\u00fcne\u015fli g\u00fcnle s\u0131cak \u00e7\u00f6l iklimiyle (K\u00f6ppen BWh) \u00fcnl\u00fcd\u00fcr. Yazlar a\u015f\u0131r\u0131 s\u0131cakt\u0131r (genellikle 110\u00b0F&#039;yi a\u015far) ve k\u0131\u015flar k\u0131sa ve \u0131l\u0131mand\u0131r, genellikle donma noktas\u0131n\u0131n \u00fczerindedir. Ya\u011fmur nadirdir - y\u0131ll\u0131k toplamlar ortalama sadece yakla\u015f\u0131k 5 in\u00e7tir. Bu amans\u0131z g\u00fcne\u015f \u0131\u015f\u0131\u011f\u0131, yaln\u0131zca kurakl\u0131\u011fa dayan\u0131kl\u0131 bitkilerin (palmiye a\u011fa\u00e7lar\u0131, kakt\u00fcsler) sulama olmadan geli\u015fmesine izin verir. Genel olarak Palm Springs&#039;in konumu ve iklimi onu bir kar ku\u015fu cenneti ve \u00e7orak \u00e7\u00f6l\u00fcn ortas\u0131nda ger\u00e7ek bir vaha haline getiriyor.<\/p>\n<p>Palm Springs b\u00f6lgesi, Avrupal\u0131lar gelmeden \u00f6nce y\u00fczy\u0131llar boyunca Cahuilla halk\u0131n\u0131n eviydi. Do\u011fal vahalara Se-Khi (&#034;kaynayan su&#034;) ad\u0131n\u0131 verdiler ve k\u0131\u015f\u0131n s\u0131cak palmiye ve me\u015fe a\u011fa\u00e7lar\u0131yla kapl\u0131 kaynaklar\u0131 bar\u0131nak ve t\u00f6ren i\u00e7in kulland\u0131lar. Cahuilla K\u0131z\u0131lderililerinin Agua Caliente Band&#039;i bug\u00fcn \u015fehrin alt\u0131nda bir rezervasyon s\u00fcrd\u00fcr\u00fcyor. Modern \u015fehir 20. y\u00fczy\u0131l\u0131n ba\u015flar\u0131nda \u015fekillenmeye ba\u015flad\u0131. 1938&#039;de Palm Springs, \u00e7\u00f6l sa\u011fl\u0131k tesisi ve meyve yeti\u015ftirme vahas\u0131 olarak tan\u0131t\u0131ld\u0131ktan sonra resmen kuruldu (erken ekonomide hurma, turun\u00e7giller ve zeytin yeti\u015ftiriliyordu).<\/p>\n<p>Palm Springs, II. D\u00fcnya Sava\u015f\u0131&#039;ndan sonra ger\u00e7ek anlamda patlama ya\u015fad\u0131. Hollywood y\u0131ld\u0131zlar\u0131 ve zenginler vadinin g\u00fcne\u015fli iklimini ke\u015ffettiler ve imzal\u0131 orta y\u00fczy\u0131l modern evleri ve otelleri sipari\u015f ettiler. Frank Sinatra, John Wayne ve Lucille Ball gibi \u00fcnl\u00fcler burada evler in\u015fa ettiler. D\u00f6nemin mimarisi (d\u00fcz y\u00fczeyler, i\u00e7-d\u0131\u015f ya\u015fam) Palm Springs&#039;in kimli\u011finin bir par\u00e7as\u0131 haline geldi. \u015eehrin k\u00fclt\u00fcrel b\u00fcy\u00fcmesi bu zenginli\u011fi yans\u0131t\u0131yordu: tiyatrolar, galeriler ve b\u00fcy\u00fcyen bir sanat sahnesi 1950&#039;ler-60&#039;larda ortaya \u00e7\u0131kt\u0131. Son y\u0131llarda Palm Springs, koruma ve turizm yoluyla orta y\u00fczy\u0131l miras\u0131n\u0131 yeniden canland\u0131rd\u0131. \u015eehir, uluslararas\u0131 alanda &#034;Palm Springs Modern&#034; tasar\u0131m\u0131yla tan\u0131n\u0131yor, mimari turlar\u0131na ve 1950&#039;lerin miras\u0131n\u0131 kutlayan y\u0131ll\u0131k Modernizm Haftas\u0131 festivaline ev sahipli\u011fi yap\u0131yor.<\/p>\n<p>Palm Springs&#039;in kendine \u00f6zg\u00fc bir tatil kasabas\u0131 ambiyans\u0131 vard\u0131r. Resmi dil \u0130ngilizce&#039;dir, ancak bir\u00e7ok sakin \u0130spanyolca veya ba\u015fka diller konu\u015fmaktad\u0131r; \u015fehrin n\u00fcfusunun yakla\u015f\u0131k &#039;u beyaz ve &#039;i Hispanik\/Latin&#039;dir. Uluslararas\u0131 havas\u0131 turizme \u00e7ok \u015fey bor\u00e7ludur: ABD, Kanada ve \u00f6tesinden gelen misafirler golf, spa ve kongreler i\u00e7in gelir. Ya\u015fam tarz\u0131 rahat ve e\u011flence odakl\u0131d\u0131r. G\u00fcnler havuz ba\u015f\u0131nda, golf sahalar\u0131nda veya palmiye a\u011fa\u00e7lar\u0131yla \u00e7evrili sokaklarda gezinerek ge\u00e7irilir. Pop\u00fcler e\u011flenceler aras\u0131nda \u015fafak vakti yoga, eski araba g\u00f6sterileri ve ak\u015famlar\u0131 esintili verandalarda a\u00e7\u0131k havada yemek yemek yer al\u0131r.<\/p>\n<p>Palm Springs ayr\u0131ca canl\u0131 sanat ve festival sahnesiyle de gurur duymaktad\u0131r. Modernizm Haftas\u0131&#039;n\u0131n (\u015eubat ve bazen Ekim ay\u0131ndaki mimari tur etkinlikleri) yan\u0131 s\u0131ra, \u015fehir her Ocak ay\u0131nda \u00fcnl\u00fc bir Uluslararas\u0131 Film Festivali&#039;ne ev sahipli\u011fi yapmaktad\u0131r. B\u00fcy\u00fck bir LGBTQ+ toplulu\u011fu ve ilgili etkinlikler (\u00f6rne\u011fin, Beyaz Parti, Onur) vard\u0131r ve bu da Amerika&#039;n\u0131n en e\u015fcinsel dostu \u015fehirlerinden biri olarak \u00fcn\u00fcn\u00fc yans\u0131t\u0131r. \u015eehir merkezi (Avenida Caballeros ve Palm Canyon Drive) eklektik butikler, sanat galerileri ve tiyatrolar sunmaktad\u0131r. Geceleri, titrek \u0131\u015f\u0131k dizileri restoranlar\u0131 ve barlar\u0131 ayd\u0131nlatarak l\u00fcks-rahat bir gece hayat\u0131na hizmet eder. Genel olarak, atmosfer rahat \u00e7\u00f6l cazibesini etkinlikler s\u0131ras\u0131nda \u015fehir tarz\u0131 enerji patlamalar\u0131yla harmanlamaktad\u0131r. D\u0131\u015far\u0131dan gelenler genellikle \u015fehrin s\u0131cak selamlar\u0131n\u0131 - &#034;Palm Springs g\u00fczel&#034; - yerel tarihe ve y\u00fczy\u0131l ortas\u0131 \u015f\u0131kl\u0131\u011f\u0131na duyulan bilin\u00e7li bir gururun ortas\u0131nda fark ederler.<\/p>\n<p>Palm Springs&#039;e gelen ziyaret\u00e7iler, do\u011fal ve mimari cazibe merkezlerinin birle\u015fimine do\u011fru y\u00f6nelirler. Bunlar\u0131n ba\u015f\u0131nda Palm Springs Aerial Tramway gelir. 10 dakikal\u0131k bir teleferik t\u0131rman\u0131\u015f\u0131nda, Tramway misafirleri \u00e7\u00f6l taban\u0131ndan da\u011f yaylalar\u0131na 5.873 fit ta\u015f\u0131r. D\u00f6nen vagonlar ve da\u011f zirvesi istasyonu (8.516 fitte) vadinin, k\u0131\u015f\u0131n kar\u0131n, y\u00fcr\u00fcy\u00fc\u015f parkurlar\u0131n\u0131n ve restoranlar\u0131n panoramik manzaralar\u0131n\u0131 sunar. 1963&#039;ten kalma bir m\u00fchendislik harikas\u0131d\u0131r (hala orijinal Rotair vagonlar\u0131 kullan\u0131lmaktad\u0131r) ve tek bir yolculukta be\u015f iklim b\u00f6lgesini deneyimlemenin benzersiz bir yoludur.<\/p>\n<p>A\u00e7\u0131k hava merakl\u0131lar\u0131, Indian Kanyonlar\u0131 ve Tahquitz Kanyonu&#039;nu ke\u015ffetmek i\u00e7in \u015fehirden sadece birka\u00e7 dakika uzakl\u0131kta ara\u00e7 kullanabilirler. Bu \u00e7\u00f6l vahalar\u0131, palmiye a\u011fa\u00e7lar\u0131yla g\u00f6lgelenmi\u015f dere yataklar\u0131 ve y\u00fckselen kanyon duvarlar\u0131 boyunca uzanan K\u0131z\u0131lderili y\u00fcr\u00fcy\u00fc\u015f parkurlar\u0131 sunar. Cahuilla \u015eelalesi veya Murray Kanyonu&#039;na do\u011fru yap\u0131lan yo\u011fun bir t\u0131rman\u0131\u015f, mevsimlik \u015felaleleri ve Cahuilla sulama kal\u0131nt\u0131lar\u0131 ortaya \u00e7\u0131kar\u0131r. Daha engebeli \u00e7\u00f6l manzaralar\u0131 i\u00e7in Joshua Tree Ulusal Park\u0131 (k\u0131sa bir do\u011fu s\u00fcr\u00fc\u015f\u00fc mesafesinde) Joshua a\u011fa\u00e7lar\u0131 ve \u00e7arp\u0131c\u0131 kaya olu\u015fumlar\u0131yla ikoniktir ve Palm Springs&#039;ten g\u00fcn\u00fcbirlik bir gezi i\u00e7in mutlaka g\u00f6r\u00fclmesi gereken bir yerdir.<\/p>\n<p>Palm Springs&#039;te ayr\u0131ca bol miktarda k\u00fclt\u00fcrel ve mimari mekan vard\u0131r. Palm Springs Sanat M\u00fczesi, modern ve Yerli Amerikan sanat\u0131na ev sahipli\u011fi yapar. Mimarl\u0131k hayranlar\u0131 \u00fcnl\u00fc evleri gezer: Frank Lloyd Wright&#039;\u0131n yak\u0131ndaki Taliesin West (k\u0131\u015f evi ve mimarl\u0131k okulunun kamp\u00fcs\u00fc) turlara a\u00e7\u0131kt\u0131r. \u015eehrin Modernist konutlar\u0131 - Kaufmann Evi ve Elvis balay\u0131 evi gibi - arabayla veya rehberli turlarla g\u00f6r\u00fclebilir. Vadi taban\u0131nda, Coachella Vadisi Koruma Alan\u0131 ve yaban hayat\u0131 s\u0131\u011f\u0131naklar\u0131 yerel bitki \u00f6rt\u00fcs\u00fcn\u00fc ve faunay\u0131 korurken, Moorten Botanik Bah\u00e7esi, Sonoran \u00c7\u00f6l\u00fc&#039;ne \u00f6zg\u00fc kakt\u00fcsleri ve sukulentleri sergiler.<\/p>\n<p>\u015eehir merkezinin kendisi de ilgi \u00e7ekici yerlerle doludur. Palm Canyon Drive (ana cadde) orta y\u00fczy\u0131l neon tabelalar\u0131 ve \u00fcnl\u00fcleri onurland\u0131ran Walk of Stars kald\u0131r\u0131m\u0131na sahiptir. Yak\u0131nlarda, Hava M\u00fczesi ve IGA Frank Sinatra heykeli \u015fehrin \u015fov d\u00fcnyas\u0131 miras\u0131n\u0131 an\u0131msat\u0131r. Yemek d\u00fc\u015fk\u00fcnleri ve al\u0131\u015fveri\u015f tutkunlar\u0131 haftal\u0131k \u00e7ift\u00e7i pazarlar\u0131n\u0131n ve taze \u00fcr\u00fcnler ile el yap\u0131m\u0131 \u00fcr\u00fcnleri kutlayan y\u0131l boyu \u00e7ift\u00e7i pazarlar\u0131n\u0131n tad\u0131n\u0131 \u00e7\u0131kar\u0131r. K\u0131sacas\u0131, Palm Springs&#039;in mutlaka g\u00f6r\u00fclmesi gereken yerleri \u00e7\u00f6l manzaralar\u0131ndan (Tramvay, kanyonlar) k\u00fclt\u00fcrel alanlara (orta y\u00fczy\u0131l turlar\u0131, m\u00fczeler) kadar uzan\u0131r; hepsi sallanan palmiyeler ve sonsuz g\u00fcne\u015f \u0131\u015f\u0131\u011f\u0131yla birbirine ba\u011flanm\u0131\u015ft\u0131r.<\/p>\n<p>Palm Springs&#039;e ula\u015f\u0131m kolayd\u0131r. Palm Springs Uluslararas\u0131 Havaalan\u0131 (PSP), \u015fehir merkezinin hemen bat\u0131s\u0131nda yer al\u0131r ve b\u00fcy\u00fck merkezlerden (Los Angeles, San Francisco, Phoenix) gelen i\u00e7 hat u\u00e7u\u015flar\u0131n\u0131n yan\u0131 s\u0131ra mevsimsel rotalar\u0131 da idare eder. Los Angeles Uluslararas\u0131 Havaalan\u0131 (LAX) yakla\u015f\u0131k 120 mil bat\u0131dad\u0131r ve I-10 \u00fczerinden 2-2,5 saatlik bir s\u00fcr\u00fc\u015f mesafesindedir. Amtrak&#039;\u0131n Sunset Limited ve Texas Eagle otob\u00fcsleri yak\u0131ndaki Palm Springs&#039;te durur ve uzun mesafe otob\u00fcsleri vadiye hizmet verir. S\u00fcr\u00fcc\u00fcler i\u00e7in, Interstate 10, Palm Springs&#039;ten do\u011fu-bat\u0131 y\u00f6n\u00fcnde uzan\u0131r (Los Angeles bat\u0131ya ve Phoenix\/Arizona do\u011fuya ba\u011flan\u0131r) ve CA-111 ve CA-62 \u00e7evredeki \u00e7\u00f6l alanlar\u0131na eri\u015fim sa\u011flar.<\/p>\n<p>Palm Springs, \u00f6zellikle d\u0131\u015f kanyonlara veya golf sahalar\u0131na ula\u015fmak i\u00e7in olduk\u00e7a araba ba\u011f\u0131ml\u0131d\u0131r. Ancak, \u015fehir merkezi bisiklet ve yaya dostudur ve bir\u00e7ok otel bisiklet kiralama hizmeti sunmaktad\u0131r. Yerel toplu ta\u015f\u0131ma, b\u00fcy\u00fck vadi koridorlar\u0131 boyunca (Palm Canyon Dr ve East Palm Canyon dahil) otob\u00fcsler \u00e7al\u0131\u015ft\u0131ran SunLine Transit Agency taraf\u0131ndan sa\u011flanmaktad\u0131r. B\u00f6lgesel bir hafif rayl\u0131 hat (in\u015fa halinde) sonunda Palm Springs&#039;i di\u011fer Coachella Vadisi \u015fehirlerine ba\u011flayacakt\u0131r. \u00c7o\u011fu ziyaret\u00e7i i\u00e7in kiral\u0131k arabalar veya ara\u00e7 payla\u015f\u0131mlar\u0131 en kolay\u0131d\u0131r. Palm Springs&#039;te cadde \u00fczerinde park yeri bol miktarda bulunur ve genellikle \u00fccretsizdir, ancak \u00fccretli noktalar ve \u00f6zel etkinlik alanlar\u0131 hari\u00e7.<\/p>\n<p>Para birimi ABD dolar\u0131d\u0131r ve \u0130ngilizce herkes taraf\u0131ndan anla\u015f\u0131l\u0131r (\u0130spanyolca da servis personeli aras\u0131nda yayg\u0131nd\u0131r). K\u0131yafet kurallar\u0131 rahat tatil k\u0131yafetleridir - yaz\u0131n \u015fort, sandalet ve g\u00fcne\u015f \u015fapkas\u0131 (art\u0131 k\u0131\u015f \u00e7\u00f6l gecelerinde hafif bir ceket). \u00c7\u00f6l g\u00fcne\u015fi yo\u011fun olabilir; g\u00fcne\u015f kremi ve bol su, \u00f6zellikle y\u00fcr\u00fcy\u00fc\u015f yap\u0131yorsan\u0131z, olmazsa olmazd\u0131r. Bah\u015fi\u015f, standart ABD uygulamas\u0131n\u0131 takip eder (-20 restoranlarda, taksilerde, rehberlerde). Genel nezaket normdur (bir ba\u015f sallama veya &#034;te\u015fekk\u00fcr ederim&#034; \u00e7ok i\u015fe yarar). G\u00fcvenlik genellikle iyidir - Palm Springs&#039;in turistik b\u00f6lgelerinde su\u00e7 oran\u0131 d\u00fc\u015f\u00fckt\u00fcr, ancak her \u015fehir gibi kalabal\u0131k mekanlarda e\u015fyalar\u0131n\u0131za dikkat etmelisiniz. Yaz\u0131n, da\u011flardaki su birikintilerinde a\u015f\u0131r\u0131 s\u0131ca\u011fa ve yaz musonlar\u0131ndan kaynaklanan ani sellere kar\u015f\u0131 dikkatli olun. Genel olarak, burada kalmak y\u00fcksek \u00e7\u00f6l \u00f6zg\u00fcrl\u00fc\u011f\u00fcn\u00fc iyi geli\u015fmi\u015f bir turistik \u015fehrin konforlar\u0131yla birle\u015ftirir.<a href=\"https:\/\/travelshelper.com\/tr\/hedefler\/kuzey-amerika\/amerika-birlesik-devletleri\/berkeley-springs\/\" target=\"_self\" aria-labelledby=\"uael-post-8997\"><br \/>\n<\/a><\/p>","protected":false},"excerpt":{"rendered":"<p>Palm Springs, Amerika Birle\u015fik Devletleri, Kaliforniya&#039;daki Riverside County&#039;de bulunan ve Colorado \u00c7\u00f6l\u00fc&#039;n\u00fcn Coachella Vadisi&#039;nin i\u00e7inde yer alan bir \u00e7\u00f6l tatil \u015fehridir. Yakla\u015f\u0131k 94 mil karelik (240 km\u00b2) bir alan\u0131 kaplayan \u015fehir, kara alan\u0131 bak\u0131m\u0131ndan Riverside County&#039;nin en b\u00fcy\u00fck \u015fehridir. \u015eehrin arazisinin &#039;undan fazlas\u0131n\u0131 kaplayan Agua Caliente Band of Cahuilla Indians rezervasyonu, belirgin bir dama tahtas\u0131 deseni sergiler. \u015eehrin topografyas\u0131n\u0131n \u00f6nemli bir \u00f6zelli\u011fi olmas\u0131n\u0131n yan\u0131 s\u0131ra, bu rezervasyon Kaliforniya&#039;daki en kalabal\u0131k olan\u0131n idari merkezidir.<\/p>","protected":false},"author":1,"featured_media":3401,"parent":8072,"menu_order":0,"comment_status":"closed","ping_status":"closed","template":"elementor_theme","meta":{"_eb_attr":"","footnotes":""},"class_list":["post-8331","page","type-page","status-publish","has-post-thumbnail"],"_links":{"self":[{"href":"https:\/\/travelshelper.com\/tr\/wp-json\/wp\/v2\/pages\/8331","targetHints":{"allow":["GET"]}}],"collection":[{"href":"https:\/\/travelshelper.com\/tr\/wp-json\/wp\/v2\/pages"}],"about":[{"href":"https:\/\/travelshelper.com\/tr\/wp-json\/wp\/v2\/types\/page"}],"author":[{"embeddable":true,"href":"https:\/\/travelshelper.com\/tr\/wp-json\/wp\/v2\/users\/1"}],"replies":[{"embeddable":true,"href":"https:\/\/travelshelper.com\/tr\/wp-json\/wp\/v2\/comments?post=8331"}],"version-history":[{"count":0,"href":"https:\/\/travelshelper.com\/tr\/wp-json\/wp\/v2\/pages\/8331\/revisions"}],"up":[{"embeddable":true,"href":"https:\/\/travelshelper.com\/tr\/wp-json\/wp\/v2\/pages\/8072"}],"wp:featuredmedia":[{"embeddable":true,"href":"https:\/\/travelshelper.com\/tr\/wp-json\/wp\/v2\/media\/3401"}],"wp:attachment":[{"href":"https:\/\/travelshelper.com\/tr\/wp-json\/wp\/v2\/media?parent=8331"}],"curies":[{"name":"wp","href":"https:\/\/api.w.org\/{rel}","templated":true}]}}