{"id":8325,"date":"2024-09-03T15:10:41","date_gmt":"2024-09-03T15:10:41","guid":{"rendered":"https:\/\/travelshelper.com\/staging\/?page_id=8325"},"modified":"2026-03-13T18:07:44","modified_gmt":"2026-03-13T18:07:44","slug":"phoenix","status":"publish","type":"page","link":"https:\/\/travelshelper.com\/tr\/destinations\/north-america\/united-states\/phoenix\/","title":{"rendered":"Phoenix"},"content":{"rendered":"<p>Phoenix, Arizona&#039;n\u0131n geni\u015fleyen ba\u015fkenti ve alan olarak ABD&#039;nin en b\u00fcy\u00fck \u015fehirlerinden biridir. 2020 n\u00fcfus say\u0131m\u0131na g\u00f6re 1.608.139 sakini vard\u0131 ve bu da onu \u00fclkenin be\u015finci b\u00fcy\u00fck \u015fehri ve en kalabal\u0131k eyalet ba\u015fkenti yap\u0131yordu. Phoenix metropol alan\u0131 (Scottsdale ve Mesa gibi banliy\u00f6ler dahil) 5,2 milyondan fazla insana ev sahipli\u011fi yaparak ilk on ABD metrosu aras\u0131nda yer almaktad\u0131r. Phoenix \u00e7e\u015fitlidir: sakinlerinin yakla\u015f\u0131k &#039;si Hispanik\/Latin k\u00f6kenlidir ve bu da G\u00fcneybat\u0131 k\u00fclt\u00fcr\u00fcn\u00fc ve Meksika&#039;ya yak\u0131nl\u0131\u011f\u0131n\u0131 yans\u0131t\u0131r. \u015eehirde ayr\u0131ca giderek artan say\u0131da Asyal\u0131, Afrikal\u0131-Amerikal\u0131 ve Yerli Amerikal\u0131 bulunmaktad\u0131r. Ortanca ya\u015f 30&#039;lar\u0131n ortas\u0131ndad\u0131r. Ekonomik olarak Phoenix sa\u011flamd\u0131r: metro ekonomisi (GSY\u0130H) 2023&#039;te yakla\u015f\u0131k 398 milyar dolard\u0131. Temel end\u00fcstriler aras\u0131nda teknoloji, sa\u011fl\u0131k, e\u011fitim ve in\u015faat yer al\u0131r ve bunlar on y\u0131llard\u0131r s\u00fcren istikrarl\u0131 n\u00fcfus art\u0131\u015f\u0131yla desteklenmektedir (1960-2000 y\u0131llar\u0131 aras\u0131nda y\u0131ll\u0131k ortalama %4 b\u00fcy\u00fcme kaydetti).<\/p>\n<p>Phoenix, g\u00fcney-orta Arizona&#039;daki geni\u015f Salt River Vadisi&#039;nde (genellikle &#034;G\u00fcne\u015f Vadisi&#034; olarak adland\u0131r\u0131l\u0131r) yer al\u0131r. Yakla\u015f\u0131k 1.086 fit y\u00fckseklikte yer al\u0131r ve \u00e7\u00f6l ve da\u011f koruma alanlar\u0131yla \u00e7evrilidir. \u015eehir \u015febekesinin ge\u00e7ti\u011fi yerde arazi d\u00fczd\u00fcr ve Camelback Da\u011f\u0131 ve Piestewa Tepesi (\u015fehrin yakla\u015f\u0131k 2.700 fit \u00fczerinde y\u00fckselir) ve G\u00fcney Da\u011f\u0131 (d\u00fcnyan\u0131n en b\u00fcy\u00fck belediye parklar\u0131ndan biri) gibi yak\u0131nlardaki tepeler ve da\u011flarla noktalan\u0131r. \u015eehir, saguaro kakt\u00fcsleri, mesquite a\u011fa\u00e7lar\u0131 ve kreozot \u00e7al\u0131l\u0131klar\u0131yla karakterize edilen Sonoran \u00c7\u00f6l\u00fc&#039;n\u00fcn bir par\u00e7as\u0131d\u0131r.<\/p>\n<p>\u0130klim \u00e7\u00f6l kurakt\u0131r. Phoenix s\u0131cak yazlar\u0131 ve \u0131l\u0131man k\u0131\u015flar\u0131yla bilinir. Yaz g\u00fcnd\u00fczleri s\u0131cakl\u0131klar genellikle 110\u00b0F&#039;yi a\u015far ve nem oran\u0131 d\u00fc\u015f\u00fckt\u00fcr. Muson ya\u011fmurlar\u0131 yaz \u00f6\u011fleden sonralar\u0131 gelir ve bitki \u00f6rt\u00fcs\u00fcn\u00fc k\u0131sa s\u00fcreli\u011fine so\u011futur ve besler. K\u0131\u015f g\u00fcnleri g\u00fcne\u015fli ve s\u0131cakt\u0131r (60-70\u00b0F) ancak geceler so\u011fuk olabilir. Genel olarak Phoenix y\u0131lda yakla\u015f\u0131k 320 g\u00fcne\u015fli g\u00fcn ge\u00e7irir. Kuru iklimi palmiye a\u011fa\u00e7lar\u0131n\u0131n geli\u015fmesine olanak tan\u0131r (bu nedenle ad\u0131) ve y\u0131l boyunca a\u00e7\u0131k g\u00f6ky\u00fcz\u00fc sa\u011flar.<\/p>\n<p>Phoenix&#039;in k\u00f6kenleri, Bat\u0131 ABD&#039;deki bir \u015fehir i\u00e7in beklenmedik derecede eskidir. \u00c7\u00f6lde \u00e7ift\u00e7ilik yapmak i\u00e7in sulama kanallar\u0131 (eski Hohokam kanal yollar\u0131n\u0131 yeniden kullanarak) in\u015fa eden \u00e7ift\u00e7i Jack Swilling taraf\u0131ndan 1867&#039;de yerle\u015filmi\u015ftir. 1881&#039;de bir \u015fehir olarak kurulmu\u015f ve 1889&#039;da b\u00f6lgesel ba\u015fkent olmu\u015ftur. 20. y\u00fczy\u0131l\u0131n ba\u015flar\u0131nda, tar\u0131m (pamuk, narenciye, s\u0131\u011f\u0131r) egemen hale gelmi\u015ftir \u2014 yerel olarak ekonominin &#034;Be\u015f C&#039;si&#034; olarak bilinir. Demiryolunun geli\u015fi (1895) ve Sky Harbor havaalan\u0131n\u0131n kurulmas\u0131 (1928) b\u00fcy\u00fcmeyi te\u015fvik etmi\u015ftir.<\/p>\n<p>II. D\u00fcnya Sava\u015f\u0131 ve kliman\u0131n tan\u0131t\u0131lmas\u0131 Phoenix&#039;i d\u00f6n\u00fc\u015ft\u00fcrd\u00fc. K\u00fc\u00e7\u00fck bir kasabadan modern bir \u015fehre d\u00f6n\u00fc\u015ft\u00fc. Y\u00fcksek teknoloji \u015firketleri ve askeri hava \u00fcsleri iklimden yararland\u0131; sava\u015f sonras\u0131 gaziler ve nakil olanlar banliy\u00f6 geli\u015ftirmeleri in\u015fa etti. 1960&#039;lara gelindi\u011finde Phoenix, ABD&#039;nin en h\u0131zl\u0131 b\u00fcy\u00fcyen \u015fehirlerinden biriydi. \u015eehir, 1960 Sivil Haklar y\u00fcr\u00fcy\u00fc\u015f\u00fcne ev sahipli\u011fi yapt\u0131 (Kennedy&#039;nin &#034;meydan okuyan Bull Connor&#034;\u0131 vadide s\u00f6ylendi). 20. y\u00fczy\u0131l\u0131n sonlar\u0131nda, \u015fehir merkezinde g\u00f6kdelenler ortaya \u00e7\u0131kt\u0131 ve \u015fehir hizmet ve teknoloji end\u00fcstrilerini benimsedi. G\u00fcn\u00fcm\u00fczde Phoenix, bu modernli\u011fi Eski Bat\u0131 miras\u0131yla gururla dengeliyor; tarihi parklar, erken bat\u0131 k\u00f6ylerinin ve K\u0131z\u0131lderili alanlar\u0131n\u0131n kal\u0131nt\u0131lar\u0131n\u0131 koruyor. \u00d6rne\u011fin, \u015fehir merkezindeki Pueblo Grande arkeolojik alan\u0131, g\u00fcn\u00fcm\u00fcz Phoenix&#039;ini 2.000 y\u0131l geriye ba\u011flayan Hohokam kal\u0131nt\u0131lar\u0131n\u0131 i\u00e7eriyor.<\/p>\n<p>Phoenix, G\u00fcneybat\u0131&#039;n\u0131n kentsel bir mozai\u011fidir. \u0130ngilizce bask\u0131nd\u0131r, ancak \u0130spanyolca da s\u0131kl\u0131kla duyulur. \u015eehrin karakteri, engebeli s\u0131n\u0131r k\u00f6klerini kozmopolit b\u00fcy\u00fcmeyle harmanlamaktad\u0131r. Phoenix&#039;te bir &#034;yapabilirim&#034; tavr\u0131 hissedilir. \u015eehir, Amerika&#039;n\u0131n d\u00f6rt bir yan\u0131ndan yeni gelenleri \u00e7ekmi\u015f ve rahat ama giri\u015fimci bir havaya katk\u0131da bulunmu\u015ftur. Belki de \u00e7\u00f6l ortam\u0131n\u0131n ortak zorlu\u011fuyla \u015fekillenen sakinler aras\u0131nda m\u00fctevaz\u0131 bir samimiyet vard\u0131r.<\/p>\n<p>Mimari ve k\u00fclt\u00fcrel olarak Phoenix, \u00e7\u00f6l ortam\u0131ndan esinlenmi\u015ftir. Bir\u00e7ok topluluk etkinli\u011fi, K\u0131z\u0131lderili ve Meksika-Amerikan miras\u0131n\u0131 kutlar. \u00d6rne\u011fin Heard M\u00fczesi, K\u0131z\u0131lderili sanat\u0131n\u0131 sergiler ve bir\u00e7ok ziyaret\u00e7iyi kendine \u00e7eker. Phoenix A\u00e7\u0131k golf turnuvas\u0131, Phoenix Film Festivali ve Charro Days\/D\u00eda de los Muertos gibi y\u0131ll\u0131k festivaller yerel ilgi alanlar\u0131n\u0131 yans\u0131t\u0131r. A\u00e7\u0131k hava ya\u015fam tarz\u0131 burada bir ya\u015fam bi\u00e7imidir: hafta sonlar\u0131 genellikle da\u011f patikalar\u0131nda y\u00fcr\u00fcy\u00fc\u015f yapmak, \u00e7\u00f6lde kamp yapmak veya golf oynamakla ge\u00e7er. B\u00fcy\u00fcmesine ra\u011fmen, Phoenix baz\u0131 k\u0131s\u0131mlar\u0131nda hala s\u0131n\u0131r hissi verir - \u00e7ok ama\u00e7l\u0131 kanallar (bisiklet i\u00e7in), a\u00e7\u0131k hava al\u0131\u015fveri\u015f merkezleri ve g\u00fcneybat\u0131 tarz\u0131 kamusal sanat a\u011f\u0131na sahiptir. Ayr\u0131ca mimariye kar\u015f\u0131 g\u00fc\u00e7l\u00fc bir takdir vard\u0131r: Frank Lloyd Wright&#039;\u0131n varl\u0131\u011f\u0131 (k\u0131\u015fl\u0131k yerle\u015fkesi olan Taliesin West arac\u0131l\u0131\u011f\u0131yla) y\u00fcksek tasar\u0131m dokunu\u015fu katar. Downtown Roosevelt Row gibi mahallelerde, duvar resimleri ve galerilerle canl\u0131 sanat b\u00f6lgeleri bulabilirsiniz.<\/p>\n<p>Phoenix&#039;teki gece hayat\u0131 da ziyaret\u00e7ileri \u015fa\u015f\u0131rt\u0131yor: Camelback Road&#039;daki mini bir &#034;Melrose B\u00f6lgesi&#034; bira fabrikalar\u0131 ve k\u00fc\u00e7\u00fck kul\u00fcpler sunarken, Scottsdale&#039;de (kom\u015fu \u015fehir) l\u00fcks bir gece hayat\u0131 var. Yine de genel tempo daha b\u00fcy\u00fck \u015fehirlere g\u00f6re sakin - tipik bir ak\u015fam saguaro sil\u00fcetlerinin ard\u0131nda \u00e7\u00f6lde bir g\u00fcn bat\u0131m\u0131n\u0131 izleyerek sona erebilir. K\u0131sacas\u0131, Phoenix modern bir \u00e7\u00f6l \u015fehri gibi hissettiriyor: samimi, g\u00fcne\u015fli ve a\u00e7\u0131k hava ya\u015fam\u0131, teknolojik h\u0131rs ve G\u00fcneybat\u0131 miras\u0131yla tan\u0131mlanm\u0131\u015f.<\/p>\n<p>Phoenix&#039;in ilgi \u00e7ekici yerleri a\u00e7\u0131k hava maceralar\u0131na ve \u00e7\u00f6l k\u00fclt\u00fcr\u00fcne do\u011fru e\u011filim g\u00f6sterir. Bunlar\u0131n ba\u015f\u0131nda kurak bitkilerin 140 d\u00f6n\u00fcml\u00fck canl\u0131 m\u00fczesi olan \u00c7\u00f6l Botanik Bah\u00e7esi gelir. Bu bah\u00e7enin dolamba\u00e7l\u0131 yollar\u0131 ve \u00e7\u00f6l manzaras\u0131 ziyaret\u00e7ilerin dev saguaro&#039;lara, cholla ormanlar\u0131na ve \u00e7i\u00e7ek a\u00e7m\u0131\u015f \u00e7\u00f6l k\u0131r \u00e7i\u00e7eklerine hayran kalmalar\u0131n\u0131 sa\u011flar. Yak\u0131nlarda, Papago Park kolay y\u00fcr\u00fcy\u00fc\u015fler sunar (kumta\u015f\u0131 manzaral\u0131 Hole-in-the-Rock y\u00fcr\u00fcy\u00fc\u015f\u00fc) ve Phoenix Hayvanat Bah\u00e7esi ile Japon Dostluk Bah\u00e7esi&#039;ne ev sahipli\u011fi yapar.<\/p>\n<p>Muhte\u015fem \u015fehir manzaralar\u0131 i\u00e7in Camelback Mountain&#039;\u0131n Echo veya Cholla patikalar\u0131 ikoniktir - bu s\u0131rtlardan t\u00fcm vadiyi g\u00f6rebilirsiniz. Benzer \u015fekilde, South Mountain Park &amp; \u200b\u200bPreserve (d\u00fcnyan\u0131n en b\u00fcy\u00fck \u015fehir parklar\u0131ndan biri) hem zorlu y\u00fcr\u00fcy\u00fc\u015fler hem de \u015fehrin g\u00fcney taraf\u0131n\u0131n \u00fczerinde manzaral\u0131 s\u00fcr\u00fc\u015fler sunar. Phoenix&#039;in y\u0131l boyu s\u00fcren g\u00fcne\u015fi ve temiz havas\u0131 bu gidi\u015f-d\u00f6n\u00fc\u015f y\u00fcr\u00fcy\u00fc\u015fleri \u00f6d\u00fcllendirici hale getirir.<\/p>\n<p>\u015eehirde k\u00fclt\u00fcrel alanlar bol miktarda bulunur. Heard M\u00fczesi, Yerli Amerikan sanat\u0131 ve eserleriyle ulusal \u00e7apta \u00fcnl\u00fcd\u00fcr; her y\u0131l yakla\u015f\u0131k \u00e7eyrek milyon ziyaret\u00e7i \u00e7ekmektedir. Bir di\u011fer benzersiz m\u00fcze ise M\u00fczik Enstr\u00fcmanlar\u0131 M\u00fczesi&#039;dir (2010&#039;da a\u00e7\u0131lm\u0131\u015ft\u0131r) - d\u00fcnyan\u0131n d\u00f6rt bir yan\u0131ndan 15.000&#039;den fazla enstr\u00fcmana ev sahipli\u011fi yaparak t\u00fcr\u00fcn\u00fcn d\u00fcnyadaki en b\u00fcy\u00fck koleksiyonunu olu\u015fturur. Tarih merakl\u0131lar\u0131 Pueblo Grande Harabeleri&#039;ni ve Arizona Capitol M\u00fczesi&#039;ni (1901 b\u00f6lgesel ba\u015fkent binas\u0131nda yer almaktad\u0131r) ziyaret eder. Sanat severler Phoenix Sanat M\u00fczesi&#039;nde (G\u00fcneybat\u0131&#039;n\u0131n en b\u00fcy\u00fck g\u00f6rsel sanat koleksiyonu) vakit ge\u00e7irebilir ve Janet Echelman&#039;\u0131n Civic Space Park&#039;\u0131n \u00fczerindeki &#034;Her Secret Is Patience&#034; adl\u0131 a\u011f heykeli gibi kamusal sanat eserlerini g\u00f6rmek i\u00e7in durabilirler.<\/p>\n<p>Spor ve e\u011flence de \u00f6nemli ilgi \u00e7ekici yerlerdir. Phoenix&#039;in MLB Diamondbacks, NBA Suns ve NFL Cardinals&#039;\u0131 sezonda b\u00fcy\u00fck ilgi g\u00f6rmektedir. Arizona Bilim Merkezi ve \u00c7ocuk M\u00fczesi (\u00fclkenin en iyi \u00e7ocuk m\u00fczelerinden biri) aileleri e\u011flendirmektedir. Mevsimsel etkinlikler aras\u0131nda Fiesta Bowl futbol ma\u00e7lar\u0131, Phoenix Raceway&#039;deki NASCAR yar\u0131\u015flar\u0131 ve Phoenix Open golf bulunmaktad\u0131r. K\u0131sacas\u0131, Phoenix&#039;in mutlaka g\u00f6r\u00fclmesi gereken yerleri aras\u0131nda \u00e7\u00f6l parklar\u0131, k\u00fclt\u00fcrel kurumlar ve e\u011flenceli rekreasyonlar\u0131n bir kar\u0131\u015f\u0131m\u0131 yer almaktad\u0131r: Botanik bah\u00e7esinde bir sabah, \u00f6\u011fleden sonra y\u00fcr\u00fcy\u00fc\u015f\u00fc ve \u015fehir \u0131\u015f\u0131klar\u0131n\u0131 izleyerek bir \u00e7at\u0131 bar\u0131nda ge\u00e7irilen bir ak\u015fam d\u00fc\u015f\u00fcn\u00fcn.<\/p>\n<p>Phoenix&#039;in ba\u015fl\u0131ca havaliman\u0131, merkezi bir konumda bulunan ve t\u00fcm b\u00fcy\u00fck havayollar\u0131na hizmet veren Phoenix Sky Harbor Uluslararas\u0131 Havaliman\u0131&#039;d\u0131r (PHX). ABD&#039;deki \u00e7o\u011fu \u015fehre ve \u00e7e\u015fitli uluslararas\u0131 merkezlere do\u011frudan ba\u011flan\u0131r. Sky Harbor, \u00fclkenin en yo\u011fun havalimanlar\u0131ndan biridir ve kapsaml\u0131 olanaklara sahiptir. Ayr\u0131ca, \u015fehirde do\u011fu-bat\u0131 y\u00f6n\u00fcnde giden b\u00fcy\u00fck bir eyaletleraras\u0131 (I-10) ve kuzey-g\u00fcney y\u00f6n\u00fcnde giden I-17 ile \u015fehirden ge\u00e7en US 60 ve 51 vard\u0131r. Phoenix&#039;in m\u00fckemmel karayolu ba\u011flant\u0131lar\u0131 vard\u0131r ancak s\u00fcr\u00fcc\u00fcler s\u0131cak havaya ve yo\u011fun otoyollardaki yo\u011fun trafi\u011fe (\u00f6zellikle I-10&#039;daki yo\u011fun saatlere) haz\u0131rl\u0131kl\u0131 olmal\u0131d\u0131r. Tren yolcular\u0131 i\u00e7in Amtrak&#039;\u0131n \u015fehir merkezinde Los Angeles ve Chicago&#039;ya giden rotalar\u0131 olan bir istasyonu (Phoenix \u0130stasyonu) vard\u0131r ancak sefer saatleri s\u0131n\u0131rl\u0131d\u0131r. \u015eehirleraras\u0131 otob\u00fcsler (Greyhound, Flixbus) da Phoenix&#039;e hizmet vermektedir.<\/p>\n<p>Phoenix \u00e7ok araba odakl\u0131d\u0131r. \u015eehrin yerle\u015fimi geni\u015ftir ve toplu ta\u015f\u0131ma, boyutuna g\u00f6re s\u0131n\u0131rl\u0131d\u0131r. Valley Metro, metropol alan\u0131 boyunca otob\u00fcsler ve \u015fehir merkezi ve orta \u015fehirden ge\u00e7en bir hafif rayl\u0131 hat i\u015fletmektedir. Hafif rayl\u0131 hat \u015fu anda kuzey Phoenix&#039;ten \u015fehir merkezinden Mesa&#039;ya kadar 38 mil yol kat etmektedir; daha fazla hat planlanmaktad\u0131r. Ancak, \u00e7al\u0131\u015fanlar\u0131n %4&#039;\u00fcnden az\u0131 toplu ta\u015f\u0131may\u0131 kullanmaktad\u0131r, bu nedenle \u00e7o\u011fu ziyaret\u00e7i araba kiralar veya ara\u00e7 payla\u015f\u0131m\u0131n\u0131 kullan\u0131r. Baz\u0131 mahalleler (\u015eehir Merkezi, Encanto B\u00f6lgesi, Roosevelt Row) olduk\u00e7a y\u00fcr\u00fcnebilir ve bir\u00e7ok otel yak\u0131ndaki turistik yerlere \u00fccretsiz servis hizmeti sunmaktad\u0131r. Araba kullan\u0131rken bisiklet\u00e7ilere ve motosiklet\u00e7ilere dikkat edin; Phoenix&#039;te \u00f6zellikle hafta sonlar\u0131 \u00e7ok say\u0131da bisiklet\u00e7i ve motosiklet\u00e7i vard\u0131r.<\/p>\n<p>Para birimi ABD dolar\u0131d\u0131r ve \u0130ngilizce birincildir (geni\u015f Hispanik toplulu\u011fu g\u00f6z \u00f6n\u00fcne al\u0131nd\u0131\u011f\u0131nda \u0130spanyolca da yayg\u0131nd\u0131r). Bah\u015fi\u015f (-20) standartt\u0131r. K\u0131yafetler s\u0131ca\u011f\u0131 yans\u0131tmal\u0131d\u0131r: k\u0131\u015f\u0131n bile, hafif katmanlar rahatt\u0131r; yaz\u0131n, g\u00fcne\u015ften koruyucu giysiler, \u015fapka ve g\u00fcne\u015f g\u00f6zl\u00fc\u011f\u00fc tak\u0131n. Tekrar kullan\u0131labilir bir su \u015fi\u015fesi getirin - susuz kalma riski vard\u0131r. Phoenix, turistik ve i\u015f b\u00f6lgelerinde olduk\u00e7a g\u00fcvenlidir; I-17&#039;nin daha g\u00fcneyinde veya bat\u0131s\u0131ndaki mahalleler, \u00f6zellikle hava karard\u0131ktan sonra daha tehlikeli olabilir, bu nedenle ziyaret\u00e7iler \u015fehrin yo\u011fun trafi\u011fe sahip b\u00f6lgelerinde kalmal\u0131d\u0131r. \u00c7\u00f6l parklar\u0131nda vah\u015fi hayvanlar (\u00e7\u0131ng\u0131rakl\u0131 y\u0131lanlar, akrepler) ya\u015far - kamp yaparken ayakkab\u0131lar\u0131n\u0131z\u0131 \u00e7\u0131kar\u0131n ve \u00e7ad\u0131r tabanlar\u0131n\u0131 kontrol edin. Ayr\u0131ca Arizona&#039;n\u0131n s\u0131cakl\u0131k konusunda kat\u0131 yasalar\u0131 oldu\u011funu unutmay\u0131n: asla \u00e7ocuklar\u0131 veya evcil hayvanlar\u0131 park halindeki bir arabada b\u0131rakmay\u0131n. Son olarak, Phoenix&#039;in g\u00fc\u00e7l\u00fc bir araba k\u00fclt\u00fcr\u00fc vard\u0131r ancak yoldaki di\u011fer yerlileri unutmay\u0131n - her zaman sinyal verin, trafi\u011fe kar\u0131\u015fmas\u0131na izin verin ve South Mountain Drive gibi virajl\u0131 da\u011f yollar\u0131nda \u00f6zellikle dikkatli olun. Bu \u00f6nlemlerle, ziyaret\u00e7iler Phoenix&#039;i araba veya y\u00fcr\u00fcyerek ke\u015ffetmek i\u00e7in samimi ve anla\u015f\u0131l\u0131r bir \u015fehir bulacaklar.<a href=\"https:\/\/travelshelper.com\/tr\/hedefler\/kuzey-amerika\/amerika-birlesik-devletleri\/berkeley-springs\/\" target=\"_self\" aria-labelledby=\"uael-post-8997\"><br \/>\n<\/a><\/p>","protected":false},"excerpt":{"rendered":"<p>Phoenix, 2020 itibar\u0131yla 1.608.139 ki\u015filik bir n\u00fcfusa sahip olan ABD&#039;nin Arizona eyaletinin ba\u015fkenti ve en kalabal\u0131k \u015fehridir. Bu nedenle ABD&#039;nin be\u015finci en kalabal\u0131k \u015fehri ve \u00fclkenin en kalabal\u0131k eyalet ba\u015fkentidir. Phoenix&#039;in \u00f6nemi belediye s\u0131n\u0131rlar\u0131n\u0131n \u00f6tesine ge\u00e7er; bazen G\u00fcne\u015f Vadisi olarak da bilinen Phoenix metropol alan\u0131n\u0131n merkezidir. Yakla\u015f\u0131k 4,85 milyonluk bu metropol alan\u0131, 2020 itibar\u0131yla G\u00fcneybat\u0131 Amerika Birle\u015fik Devletleri&#039;nin en kalabal\u0131k b\u00f6lgesidir. ABD&#039;nin en b\u00fcy\u00fck metropol b\u00f6lgesi olan Salt River Vadisi ve Arizona G\u00fcne\u015f Koridoru&#039;nun bir par\u00e7as\u0131d\u0131r.<\/p>","protected":false},"author":1,"featured_media":4624,"parent":8072,"menu_order":0,"comment_status":"closed","ping_status":"closed","template":"elementor_theme","meta":{"_eb_attr":"","footnotes":""},"class_list":["post-8325","page","type-page","status-publish","has-post-thumbnail"],"_links":{"self":[{"href":"https:\/\/travelshelper.com\/tr\/wp-json\/wp\/v2\/pages\/8325","targetHints":{"allow":["GET"]}}],"collection":[{"href":"https:\/\/travelshelper.com\/tr\/wp-json\/wp\/v2\/pages"}],"about":[{"href":"https:\/\/travelshelper.com\/tr\/wp-json\/wp\/v2\/types\/page"}],"author":[{"embeddable":true,"href":"https:\/\/travelshelper.com\/tr\/wp-json\/wp\/v2\/users\/1"}],"replies":[{"embeddable":true,"href":"https:\/\/travelshelper.com\/tr\/wp-json\/wp\/v2\/comments?post=8325"}],"version-history":[{"count":0,"href":"https:\/\/travelshelper.com\/tr\/wp-json\/wp\/v2\/pages\/8325\/revisions"}],"up":[{"embeddable":true,"href":"https:\/\/travelshelper.com\/tr\/wp-json\/wp\/v2\/pages\/8072"}],"wp:featuredmedia":[{"embeddable":true,"href":"https:\/\/travelshelper.com\/tr\/wp-json\/wp\/v2\/media\/4624"}],"wp:attachment":[{"href":"https:\/\/travelshelper.com\/tr\/wp-json\/wp\/v2\/media?parent=8325"}],"curies":[{"name":"wp","href":"https:\/\/api.w.org\/{rel}","templated":true}]}}