{"id":8312,"date":"2024-09-03T14:51:45","date_gmt":"2024-09-03T14:51:45","guid":{"rendered":"https:\/\/travelshelper.com\/staging\/?page_id=8312"},"modified":"2026-03-13T18:08:17","modified_gmt":"2026-03-13T18:08:17","slug":"filadelfiya","status":"publish","type":"page","link":"https:\/\/travelshelper.com\/tr\/destinations\/north-america\/united-states\/philadelphia\/","title":{"rendered":"Filadelfiya"},"content":{"rendered":"<p>Philadelphia, k\u00f6kl\u00fc bir ge\u00e7mi\u015fe sahip b\u00fcy\u00fck bir Amerikan metropol\u00fcd\u00fcr. 2020&#039;deki n\u00fcfusu 1.603.797 idi ve bu da onu ABD&#039;nin alt\u0131nc\u0131 b\u00fcy\u00fck \u015fehri yap\u0131yordu. Daha geni\u015f metropol alan\u0131nda, do\u011fu Pensilvanya, g\u00fcney New Jersey ve Delaware&#039;i kapsayan 6,2 milyondan fazla ki\u015fi ya\u015f\u0131yor. Philadelphia&#039;n\u0131n ekonomisi \u00f6nemlidir: metropol\u00fcn Gayri Safi Yurti\u00e7i Has\u0131las\u0131 2022&#039;de 518 milyar dolar\u0131 a\u015ft\u0131. \u015eehir \u00e7e\u015fitlidir: sakinlerin yakla\u015f\u0131k &#039;u Siyah\/Afrika k\u00f6kenli Amerikal\u0131 ve yakla\u015f\u0131k &#039;i Hispanik\/Latin k\u00f6kenlidir. Yeti\u015fkinlerin yakla\u015f\u0131k &#039;i lisans derecesine veya daha y\u00fcksek bir dereceye sahiptir ve bu da \u015fehirdeki bir\u00e7ok kolej ve \u00fcniversiteyi yans\u0131t\u0131r. Ortalama hane geliri 52.900 dolar civar\u0131nda seyrediyor ve Philadelphial\u0131lar\u0131n yakla\u015f\u0131k ,8&#039;i yoksulluk s\u0131n\u0131r\u0131n\u0131n alt\u0131nda ya\u015f\u0131yor.<\/p>\n<p>Philadelphia&#039;n\u0131n ekonomisi finans, e\u011fitim ve sa\u011fl\u0131k hizmetleriyle, University City kamp\u00fcs\u00fcndeki istihdam merkezleri, merkezi i\u015f b\u00f6lgesi ve b\u00fcy\u00fcyen bir teknoloji ve giri\u015fimcilik sekt\u00f6r\u00fcyle destekleniyor. Ayn\u0131 zamanda k\u00fclt\u00fcr ve turizmin merkezi; 2016&#039;da \u015fehir tahmini 42 milyon yerli ziyaret\u00e7i \u00e7ekti. Son y\u0131llarda Philadelphia, on y\u0131llar s\u00fcren d\u00fc\u015f\u00fc\u015f\u00fcn ard\u0131ndan m\u00fctevaz\u0131 bir n\u00fcfus art\u0131\u015f\u0131 g\u00f6rd\u00fc; \u015fehir planlamac\u0131lar\u0131, kentsel yo\u011funlu\u011funun ve Kuzeydo\u011fu&#039;daki merkezi rol\u00fcn\u00fcn ona end\u00fcstri ve k\u00fclt\u00fcrde kal\u0131c\u0131 bir \u00f6nem kazand\u0131rd\u0131\u011f\u0131n\u0131 belirtiyor.<\/p>\n<p>Amerika Birle\u015fik Devletleri&#039;nin Orta Atlantik b\u00f6lgesinde bulunan Philadelphia, g\u00fcneydo\u011fu Pensilvanya&#039;da Delaware Nehri k\u0131y\u0131s\u0131nda yer al\u0131r. Delaware K\u00f6rfezi&#039;ne yakla\u015f\u0131k 20 mil ve Atlantik Okyanusu&#039;na 100 mil uzakl\u0131kta, Atlantik k\u0131y\u0131s\u0131n\u0131n hemen bat\u0131s\u0131nda geni\u015f bir k\u0131y\u0131 ovas\u0131ndad\u0131r. \u015eehrin arazisi genellikle d\u00fczd\u00fcr ancak merkezin bat\u0131s\u0131nda Wissahickon Gorge ve Cobbs Creek Park&#039;taki (~480 fit) en y\u00fcksek nokta dahil olmak \u00fczere tepelere do\u011fru y\u00fckselir. Kuzeybat\u0131da al\u00e7ak Pocono Da\u011flar\u0131 uzan\u0131r ve bat\u0131da Appalachian Piedmont y\u00fckselmeye ba\u015flar.<\/p>\n<p>\u0130klimsel olarak Philadelphia nemli bir subtropikal b\u00f6lgenin kenar\u0131nda yer al\u0131r. Yazlar genellikle s\u0131cak ve nemlidir, s\u0131k s\u0131k g\u00f6k g\u00fcr\u00fclt\u00fcl\u00fc f\u0131rt\u0131nalar olur, k\u0131\u015flar ise ara s\u0131ra kar ya\u011f\u0131\u015f\u0131yla orta derecede so\u011fuktur. Sonbahar ve ilkbahar genellikle \u0131l\u0131mand\u0131r ve ho\u015f ancak de\u011fi\u015fken olabilir. \u015eehir y\u0131lda yakla\u015f\u0131k 2.500 saat g\u00fcne\u015f \u0131\u015f\u0131\u011f\u0131 al\u0131r. Delaware ve Schuylkill Nehirleri \u015fehrin i\u00e7inden ge\u00e7er ve bu nehir k\u0131y\u0131lar\u0131ndaki Fairmount Park \u00fclkenin en b\u00fcy\u00fck kentsel park sistemlerinden biridir. Philadelphia&#039;n\u0131n konumu - b\u00fcy\u00fck bir Kuzeydo\u011fu nehir liman\u0131 ve erken ulusal ba\u015fkent - onu tarihsel olarak bir ula\u015f\u0131m kav\u015fa\u011f\u0131 haline getirmi\u015ftir ve bug\u00fcn hala Amtrak&#039;\u0131n Kuzeydo\u011fu Koridoru ve eyaletler aras\u0131 otoyol sistemi (I-95, I-76) \u00fczerinde bir merkez olmaya devam etmektedir.<\/p>\n<p>Philadelphia&#039;n\u0131n tarihi Amerika Birle\u015fik Devletleri i\u00e7in temeldir. 1682&#039;de \u0130ngiliz Quaker William Penn taraf\u0131ndan kurulan \u015fehir, dini ho\u015fg\u00f6r\u00fc ve d\u00fczenli sokaklar\u0131yla bilinen &#034;ye\u015fil bir k\u0131rsal kasaba&#034; olarak planlanm\u0131\u015ft\u0131. Koloniler d\u00f6neminde Pennsylvania Eyaletinin ba\u015fkenti oldu. \u0130ngiltere ile gerginlikler artt\u0131k\u00e7a Philadelphia Amerikan Devrimi&#039;nin merkez \u00fcss\u00fc oldu. \u015eehir Birinci ve \u0130kinci K\u0131ta Kongreleri&#039;ne ev sahipli\u011fi yapt\u0131 ve \u00fclkenin Kurucu Babalar\u0131n\u0131n bulu\u015fma yeriydi. Temmuz 1776&#039;da Ba\u011f\u0131ms\u0131zl\u0131k Bildirgesi Philadelphia&#039;n\u0131n Ba\u011f\u0131ms\u0131zl\u0131k Salonu&#039;nda tart\u0131\u015f\u0131ld\u0131 ve kabul edildi. \u015eehir 1780&#039;lerde k\u0131sa bir s\u00fcre gen\u00e7 cumhuriyetin ba\u015fkenti olarak hizmet verdi ve 1787&#039;de ABD Anayasas\u0131&#039;n\u0131n \u00e7er\u00e7evelenmesine ve imzalanmas\u0131na tan\u0131k oldu.<\/p>\n<p>19. y\u00fczy\u0131l boyunca ve 20. y\u00fczy\u0131l\u0131n ba\u015flar\u0131nda, Philadelphia bir sanayi ve liman \u015fehri olarak h\u0131zla geni\u015fledi. 19. y\u00fczy\u0131ldaki zenginli\u011fi Viktorya d\u00f6nemi malikanelerinde, belediye an\u0131tlar\u0131nda ve Benjamin Franklin Parkway olarak bilinen a\u011fa\u00e7l\u0131 bulvarda (Champs-\u00c9lys\u00e9es&#039;den esinlenerek modellenmi\u015ftir) a\u00e7\u0131k\u00e7a g\u00f6r\u00fclmektedir. \u015eehir, tekstil, bask\u0131, gemi yap\u0131m\u0131 ve daha sonra imalat alan\u0131nda bir g\u00fc\u00e7 merkeziydi. Ayr\u0131ca e\u011fitim ve t\u0131p merkeziydi (erken Amerikan t\u0131p okullar\u0131na ve hastanelerine ev sahipli\u011fi yap\u0131yordu). 20. y\u00fczy\u0131l\u0131n ortalar\u0131nda, Philly&#039;nin n\u00fcfusu zirveye ula\u015ft\u0131 ve ard\u0131ndan end\u00fcstriler de\u011fi\u015ftik\u00e7e azald\u0131, ancak tarihi b\u00f6lgeleri (Eski \u015eehir, Rittenhouse Meydan\u0131) korundu. G\u00fcn\u00fcm\u00fczde Philadelphia, Liberty Bell ve Independence Hall (her ikisi de UNESCO D\u00fcnya Miras\u0131 Alanlar\u0131) gibi simge yap\u0131larla s\u00f6m\u00fcrge miras\u0131n\u0131 onurland\u0131r\u0131yor ve bu miras\u0131 ulusal m\u00fczelerde ve y\u0131ll\u0131k festivallerde kutluyor.<\/p>\n<p>Modern Philadelphia, her biri kendine \u00f6zg\u00fc karaktere sahip mahallelerin bir goblenidir. Bir d\u00fczineden fazla etnik grup \u015fehri \u015fekillendirmi\u015ftir: G\u00fcney Philly&#039;de \u0130talyan Amerikal\u0131lar, Kuzeydo\u011fu Philly&#039;de \u0130rlandal\u0131lar, Bat\u0131 Philly&#039;de Yahudi topluluklar\u0131, Kuzey ve Bat\u0131&#039;da b\u00fcy\u00fck Afro-Amerikan miras mahalleleri ve \u015fehrin &#034;Kuzeydo\u011fu&#034; b\u00f6l\u00fcm\u00fcnde ve G\u00fcneybat\u0131&#039;da canl\u0131 bir Porto Rikolu\/Latin toplulu\u011fu. (Bug\u00fcn \u015fehrin yakla\u015f\u0131k &#039;i Siyah, &#039;\u00fc beyaz ve &#039;i Hispaniktir.) \u0130ngilizce bask\u0131nd\u0131r, ancak \u0130spanyolca yayg\u0131n olarak konu\u015fulur (sakinlerin &#039;undan fazlas\u0131 evde \u0130spanyolca konu\u015fur).<\/p>\n<p>\u015eehrin atmosferi hem sert hem de tutkuludur. Philadelphial\u0131lar \u00fcnl\u00fc bir \u015fekilde a\u00e7\u0131k s\u00f6zl\u00fcd\u00fcr - \u015fehirlerinin dayan\u0131kl\u0131l\u0131\u011f\u0131yla gurur duyarlar. G\u00fcnl\u00fck ya\u015famda insan genellikle dost\u00e7a bir sertlik hisseder: yerliler Eagles (NFL), Phillies (MLB), 76ers (NBA) ve Flyers (NHL) tak\u0131mlar\u0131n\u0131 co\u015fkuyla destekler ve rekabeti (\u00f6zellikle kom\u015fu New York ve Washington ile) sakin kar\u015f\u0131lar. \u015eehir sokaklar\u0131nda insanlar ama\u00e7l\u0131 bir \u015fekilde y\u00fcr\u00fcr; tarihi k\u0131rm\u0131z\u0131 tu\u011flal\u0131 binalar modern g\u00f6kdelenlerin yan\u0131nda yer al\u0131r. Yemek k\u00fclt\u00fcr\u00fc g\u00fcnl\u00fck ya\u015fam\u0131n temel ta\u015f\u0131d\u0131r. Yerel halk ve ziyaret\u00e7iler cheesesteak, hoagie ve pazar tezgahlar\u0131ndan yumu\u015fak pretzel gibi h\u0131zl\u0131 yiyeceklerin tad\u0131n\u0131 \u00e7\u0131kar\u0131rlar. Reading Terminal Market \u015fehir merkezindeki Amish turtalar\u0131, Orta Do\u011fu falafelleri, Hint k\u00f6rileri veya Yahudi simitleri alan \u00e7e\u015fitli kalabal\u0131klarla doludur - ger\u00e7ek bir gurme mutlaka g\u00f6r\u00fclmesi gereken bir yerdir. Sanat ortam\u0131 g\u00fc\u00e7l\u00fcd\u00fcr: Philadelphia Sanat M\u00fczesi (Rocky basamaklar\u0131yla \u00fcnl\u00fcd\u00fcr), Barnes Vakf\u0131, Franklin Enstit\u00fcs\u00fc ve say\u0131s\u0131z galeri gibi \u00f6nemli kurumlar Benjamin Franklin Parkway boyunca s\u0131ralanm\u0131\u015ft\u0131r.<\/p>\n<p>Mahalle festivalleri ve etkinlikleri \u015fehrin \u00e7e\u015fitlili\u011fini vurgular. Yaz aylar\u0131nda etnik sokak festivalleri (\u0130talyan Pazar Festivali, Karayip J&#039;ouvert) ve Delaware Nehri k\u0131y\u0131s\u0131nda 4 Temmuz kutlamalar\u0131 d\u00fczenlenir. Y\u0131lba\u015f\u0131 G\u00fcn\u00fc&#039;nde d\u00fczenlenen y\u0131ll\u0131k Mummers Ge\u00e7it T\u00f6reni (t\u00fcyl\u00fc kost\u00fcmler ve bando tak\u0131mlar\u0131yla) Philadelphia&#039;n\u0131n \u00f6z\u00fcd\u00fcr. Philly, b\u00fcy\u00fckl\u00fc\u011f\u00fcne ra\u011fmen g\u00fc\u00e7l\u00fc bir yerel havay\u0131 korur: k\u00f6\u015fe lokantalar\u0131, gururlu berber d\u00fckkanlar\u0131 ve duvar resimleri (\u015fehirde tam anlam\u0131yla binlercesi vard\u0131r). S\u0131cak yazlar ve \u0131l\u0131man ilkbahar\/sonbaharlarla, sosyal hayat\u0131n \u00e7o\u011fu a\u00e7\u0131k havada ger\u00e7ekle\u015fir - veranda basamaklar\u0131nda, k\u00f6\u015fe barlar\u0131nda ve g\u00fcne\u015fli park \u00e7imlerinde. Yine de \u015fehrin zengin end\u00fcstriyel k\u00f6kleri g\u00f6z \u00f6n\u00fcne al\u0131nd\u0131\u011f\u0131nda, ger\u00e7ek\u00e7i bir \u00e7al\u0131\u015fma eti\u011fi de vard\u0131r. K\u0131sacas\u0131, Philadelphia&#039;n\u0131n &#034;atmosferi&#034; kentsel ve tarihidir, eski d\u00fcnya cazibesini mavi yakal\u0131 otantiklikle harmanlamaktad\u0131r.<\/p>\n<p>Philadelphia, tarihi ve k\u00fclt\u00fcr\u00fcn\u00fc kapsayan cazibe merkezleri a\u00e7\u0131s\u0131ndan zengindir. Merkezi, Eski \u015eehir&#039;deki Ba\u011f\u0131ms\u0131zl\u0131k Ulusal Tarihi Park\u0131&#039;d\u0131r. Burada, ulusun kurucular\u0131n\u0131n bir araya geldi\u011fi Ba\u011f\u0131ms\u0131zl\u0131k Salonu ve \u00d6zg\u00fcrl\u00fck \u00c7an\u0131 bulunur. Ziyaret\u00e7iler, hem Bildirge&#039;nin hem de Anayasa&#039;n\u0131n imzaland\u0131\u011f\u0131 meclis salonunu gezebilirler. Yak\u0131nlarda, Devrim hikayesini koruyan Kongre Salonu ve Betsy Ross&#039;un evi gibi s\u00f6m\u00fcrge d\u00f6nemi mekanlar\u0131 vard\u0131r. Sadece birka\u00e7 blok \u00f6tede, modern cazibe merkezleri bol miktarda bulunur.<\/p>\n<p>Benjamin Franklin Parkway&#039;de -genellikle &#034;Philly&#039;nin M\u00fcze Mili&#034; olarak adland\u0131r\u0131l\u0131r- b\u00fcy\u00fck k\u00fclt\u00fcrel kurumlar k\u00fcmelenmi\u015ftir. Philadelphia Sanat M\u00fczesi (\u015fehrin duvar resimlerine a\u00e7\u0131lan kap\u0131 ve \u00fcnl\u00fc Rocky heykelinin evi) ve Barnes Vakf\u0131 (\u00fcnl\u00fc sanat koleksiyonu) burada yer al\u0131r. Bilim ve tarih m\u00fczeleri (Franklin Enstit\u00fcs\u00fc, Ulusal Anayasa Merkezi, yeni Amerikan Devrimi M\u00fczesi) e\u011fitim \u00e7ekimleri sa\u011flar. Ayr\u0131ca bu b\u00f6lgede, restore edilmi\u015f Do\u011fu Eyalet Hapishanesi (gotik bir hapishane harabesi) 19. y\u00fczy\u0131l hapsedilmesine \u00fcrk\u00fct\u00fcc\u00fc bir bak\u0131\u015f sunar. Yemek severler i\u00e7in Reading Terminal Market (19. y\u00fczy\u0131ldan kalma bir demir yolu barakas\u0131nda bulunan kapal\u0131 bir yiyecek pazar\u0131) mutlaka g\u00f6r\u00fclmesi gereken bir yerdir - Amerika&#039;n\u0131n en iyi yiyecek pazarlar\u0131 aras\u0131nda yer al\u0131r.<\/p>\n<p>Philadelphia&#039;n\u0131n nehir k\u0131y\u0131lar\u0131 canl\u0131 kamusal alanlara yeniden do\u011fdu. Delaware Nehri \u00fczerindeki Spruce Street Harbor Park, hamaklar, yiyecek sat\u0131c\u0131lar\u0131 ve yaz etkinlikleri sunuyor. Schuylkill Nehri \u00fczerinde, Schuylkill Banks gezinti yolu ve kano rampalar\u0131, zindelik ve e\u011flenceye davet ediyor. Tarihi Fairmount Park (\u00fclkenin en b\u00fcy\u00fck kentsel parklar\u0131ndan biri) kilometrelerce patika, tarihi konaklar (Betsy Ross Evi ve Fairmount Su Tesisleri gibi) ve \u00f6vg\u00fcye de\u011fer Philadelphia Hayvanat Bah\u00e7esi&#039;ni kaps\u0131yor.<\/p>\n<p>G\u00fcnl\u00fck zevkler de ilgi \u00e7ekicidir: \u0131zgara peynirli biftek tezgah\u0131 veya f\u0131r\u0131nc\u0131 penceresi, mahalle duvarlar\u0131na boyanm\u0131\u015f renkli duvar resimleri (Philadelphia d\u00fcnyan\u0131n &#034;Duvar Ba\u015fkenti&#034; olarak bilinir) veya Fourth Street \u0130talyan Pazar\u0131 (Amerika&#039;n\u0131n en eski a\u00e7\u0131k hava pazar\u0131). Spor hayranlar\u0131 yerel ruhu hissetmek i\u00e7in ziyaretlerini bir Eagles, Phillies veya Sixers ma\u00e7\u0131na denk getirebilirler. K\u0131\u015f\u0131n, Blue Cross RiverRink, Benjamin Franklin K\u00f6pr\u00fcs\u00fc \u00fczerinde havai fi\u015feklerle nehir kenar\u0131nda mevsimlik bir buz pateni pistidir.<\/p>\n<p>Philadelphia \u00e7ok eri\u015filebilirdir. Ba\u015fl\u0131ca havaalan\u0131, k\u00fcresel ve yerel u\u00e7u\u015flar\u0131n bulundu\u011fu b\u00fcy\u00fck bir merkez olan Philadelphia International&#039;d\u0131r (PHL). Trenle, 30th Street \u0130stasyonu \u015fehrin b\u00fcy\u00fck Amtrak merkezidir ve \u00fclkenin \u00fc\u00e7\u00fcnc\u00fc en yo\u011fun merkezidir ve New York, Washington ve \u00f6tesine s\u0131k seferler vard\u0131r. Eyaletler aras\u0131 otoyollar I-95 (kuzeydo\u011fu-g\u00fcneybat\u0131) ve I-76 (bat\u0131dan Pittsburgh&#039;a) \u015fehrin yak\u0131n\u0131ndan ge\u00e7er, ancak ara\u00e7 kullan\u0131yorsan\u0131z \u015fehir i\u00e7i trafik s\u0131k\u0131\u015f\u0131kl\u0131\u011f\u0131na ve \u00fccretli k\u00f6pr\u00fclere haz\u0131rl\u0131kl\u0131 olun. B\u00f6lgesel seyahat i\u00e7in, New Jersey&#039;nin PATCO Speedline (metro) ve NJ Transit trenleri Philadelphia&#039;y\u0131 Atlantic City&#039;ye ve yerel NJ banliy\u00f6lerine ba\u011flar.<\/p>\n<p>Philadelphia&#039;n\u0131n \u015fehir merkezi (Center City), numaraland\u0131r\u0131lm\u0131\u015f sokaklar ve belirgin mahalle b\u00f6lgeleri ile kompakt ve y\u00fcr\u00fcnebilir bir yerdir. Toplu ta\u015f\u0131ma kapsaml\u0131d\u0131r: SEPTA, metro (Market-Frankford ve Broad Street hatlar\u0131), tramvay hatlar\u0131, b\u00f6lgesel demir yolu trenleri ve otob\u00fcsleri i\u015fletmektedir. Bir\u00e7ok banliy\u00f6 sakini SEPTA&#039;ya g\u00fcvenmektedir - Philadelphial\u0131lar\u0131n yakla\u015f\u0131k &#039;\u00fc i\u015fe gitmek i\u00e7in toplu ta\u015f\u0131may\u0131 kullanmaktad\u0131r. Taksiler ve yolcu payla\u015f\u0131mlar\u0131 \u015fehir merkezinde yayg\u0131nd\u0131r ve University City yak\u0131nlar\u0131nda iki tramvay hatt\u0131 \u00e7al\u0131\u015fmaktad\u0131r. Center City&#039;den her yere y\u00fcr\u00fcyerek veya k\u0131sa bir toplu ta\u015f\u0131ma yolculu\u011fuyla kolayca ula\u015f\u0131labilir.<\/p>\n<p>Para birimi ABD dolar\u0131d\u0131r ve bah\u015fi\u015f beklenir (oturmal\u0131 restoranlarda -20, bagaj g\u00f6revlileri i\u00e7in \u00e7anta ba\u015f\u0131na 1-2 dolar, vb.). Ana diller \u0130ngilizce ve \u0130spanyolcad\u0131r (bir\u00e7ok ma\u011faza ve restoranda \u0130spanyolca tabelalar g\u00f6r\u00fcrs\u00fcn\u00fcz). Sohbet s\u0131ras\u0131nda, Philadelphial\u0131lar a\u00e7\u0131k s\u00f6zl\u00fc samimiyeti takdir eder; yabanc\u0131lara h\u0131zl\u0131ca bir &#034;merhaba&#034; veya &#034;nas\u0131ls\u0131n\u0131z?&#034; demek tipik bir yerel nezakettir. G\u00fcvenlik a\u00e7\u0131s\u0131ndan, Philadelphia&#039;n\u0131n turistik b\u00f6lgeleri (Eski \u015eehir, \u015eehir Merkezi, \u00dcniversite \u015eehri) genellikle g\u00fcnd\u00fczleri g\u00fcvenlidir, ancak daha az kalabal\u0131k b\u00f6lgelerde geceleri her zamanki dikkatlili\u011fi g\u00f6sterin. Yo\u011fun SEPTA istasyonlar\u0131nda e\u015fyalar\u0131n\u0131za dikkat edin. Hava durumu bir fakt\u00f6r olabilir: k\u0131\u015f\u0131n kar, toplu ta\u015f\u0131may\u0131 k\u0131sa s\u00fcreli\u011fine fel\u00e7 edebilir (ekstra zaman ay\u0131r\u0131n) ve yaz\u0131n \u015fiddetli f\u0131rt\u0131na selleri trafi\u011fi aksatabilir. \u015eehir kald\u0131r\u0131mlar\u0131nda y\u00fcr\u00fcrken rahat giyinin (\u00f6zellikle engebeli tu\u011fla veya Arnavut kald\u0131r\u0131ml\u0131 tarihi b\u00f6lgelerde). Yazlar s\u0131cak ve nemli olabilir, bu nedenle hafif giysiler ve \u015femsiye veya ya\u011fmurluk ak\u0131ll\u0131ca olacakt\u0131r. K\u0131sacas\u0131, Philadelphia bir ziyaret\u00e7i olarak keyif alabilece\u011finiz bir \u015fehir: Rehberli tarih turlar\u0131n\u0131 spontane mahalle ke\u015fifleriyle birle\u015ftirmeyi planlay\u0131n.<a href=\"https:\/\/travelshelper.com\/tr\/hedefler\/kuzey-amerika\/amerika-birlesik-devletleri\/berkeley-springs\/\" target=\"_self\" aria-labelledby=\"uael-post-8997\"><br \/>\n<\/a><\/p>","protected":false},"excerpt":{"rendered":"<p>N\u00fcfusu 1.603.796 olan Philadelphia, &#034;Philly&#034; olarak da bilinir, 2020 n\u00fcfus say\u0131m\u0131na g\u00f6re Amerika Birle\u015fik Devletleri&#039;nin alt\u0131nc\u0131 en kalabal\u0131k \u015fehri ve Pensilvanya&#039;n\u0131n en kalabal\u0131k \u015fehridir. Bu enerjik \u015fehir, bazen Philadelphia metropol b\u00f6lgesi olarak da bilinen Delaware Vadisi&#039;nin kentsel \u00e7ekirde\u011fidir. Metropolitan istatistik alan\u0131nda 6,245 milyon ve birle\u015fik istatistik alan\u0131nda 7,366 milyon sakiniyle Amerikan metropol alanlar\u0131 aras\u0131nda sekizinci s\u0131rada yer alan Philadelphia, canl\u0131 bir tarih, k\u00fclt\u00fcr ve aktivite merkezidir.<\/p>","protected":false},"author":1,"featured_media":3027,"parent":8072,"menu_order":0,"comment_status":"closed","ping_status":"closed","template":"elementor_theme","meta":{"_eb_attr":"","footnotes":""},"class_list":["post-8312","page","type-page","status-publish","has-post-thumbnail"],"_links":{"self":[{"href":"https:\/\/travelshelper.com\/tr\/wp-json\/wp\/v2\/pages\/8312","targetHints":{"allow":["GET"]}}],"collection":[{"href":"https:\/\/travelshelper.com\/tr\/wp-json\/wp\/v2\/pages"}],"about":[{"href":"https:\/\/travelshelper.com\/tr\/wp-json\/wp\/v2\/types\/page"}],"author":[{"embeddable":true,"href":"https:\/\/travelshelper.com\/tr\/wp-json\/wp\/v2\/users\/1"}],"replies":[{"embeddable":true,"href":"https:\/\/travelshelper.com\/tr\/wp-json\/wp\/v2\/comments?post=8312"}],"version-history":[{"count":0,"href":"https:\/\/travelshelper.com\/tr\/wp-json\/wp\/v2\/pages\/8312\/revisions"}],"up":[{"embeddable":true,"href":"https:\/\/travelshelper.com\/tr\/wp-json\/wp\/v2\/pages\/8072"}],"wp:featuredmedia":[{"embeddable":true,"href":"https:\/\/travelshelper.com\/tr\/wp-json\/wp\/v2\/media\/3027"}],"wp:attachment":[{"href":"https:\/\/travelshelper.com\/tr\/wp-json\/wp\/v2\/media?parent=8312"}],"curies":[{"name":"wp","href":"https:\/\/api.w.org\/{rel}","templated":true}]}}