{"id":8297,"date":"2024-09-03T14:24:43","date_gmt":"2024-09-03T14:24:43","guid":{"rendered":"https:\/\/travelshelper.com\/staging\/?page_id=8297"},"modified":"2026-03-13T18:02:23","modified_gmt":"2026-03-13T18:02:23","slug":"new-orleans","status":"publish","type":"page","link":"https:\/\/travelshelper.com\/tr\/destinations\/north-america\/united-states\/new-orleans\/","title":{"rendered":"New Orleans"},"content":{"rendered":"<p>G\u00fcneydo\u011fu Louisiana&#039;da Mississippi Nehri&#039;nin alt k\u0131y\u0131s\u0131na yerle\u015fmi\u015f olan New Orleans, bug\u00fcn yakla\u015f\u0131k 380.000 ki\u015filik bir n\u00fcfusa sahip (2020 n\u00fcfus say\u0131m\u0131na g\u00f6re) bir \u015fehir olup, onu Louisiana&#039;n\u0131n en b\u00fcy\u00fck \u015fehri ve Amerikan G\u00fcneyi&#039;nin k\u00fclt\u00fcrel ba\u015fkenti yapmaktad\u0131r. 2025 itibar\u0131yla \u015fehrin n\u00fcfusunun, g\u00f6\u00e7 ve do\u011fal afetler nedeniyle onlarca y\u0131l s\u00fcren dalgalanmalar\u0131n ard\u0131ndan yakla\u015f\u0131k 351.000 oldu\u011fu tahmin edilmektedir. New Orleans&#039;\u0131n demografisi belirgindir - \u00e7o\u011funlu\u011fu Afro-Amerikan bir topluluktur (son tahminlere g\u00f6re yakla\u015f\u0131k &#039;i Siyah) ve \u00f6nemli miktarda Beyaz (yakla\u015f\u0131k ), Hispanik\/Latin k\u00f6kenli ve di\u011fer az\u0131nl\u0131k n\u00fcfuslar\u0131 vard\u0131r. Ekonomisi olduk\u00e7a \u00e7e\u015fitlidir: tarihsel olarak liman, petrol ve petrokimya end\u00fcstrileri \u00fczerine kurulu olan New Orleans, bug\u00fcn ayr\u0131ca y\u00fcksek \u00f6\u011frenim, sa\u011fl\u0131k hizmetleri ve \u00f6zellikle turizm ve yarat\u0131c\u0131 sekt\u00f6rlerle de geli\u015fmektedir. Asl\u0131nda, turizm tek ba\u015f\u0131na 2017&#039;de yakla\u015f\u0131k 5,5 milyar dolarl\u0131k ekonomik etki yaratt\u0131 ve \u015fehrin sat\u0131\u015f vergisi gelirinin yakla\u015f\u0131k &#039;\u0131n\u0131 olu\u015fturdu.<\/p>\n<p>New Orleans \u0131l\u0131man bir subtropikal iklime sahiptir: yemye\u015fil k\u0131\u015flar ve uzun, s\u0131cak yazlar. K\u00f6rfez K\u0131y\u0131s\u0131 boyunca deniz seviyesinde yer al\u0131r; \u015fehrin yar\u0131s\u0131 asl\u0131nda deniz seviyesinde veya alt\u0131nda yer al\u0131r ve ta\u015fk\u0131n kontrol\u00fc i\u00e7in setlere ve pompalara g\u00fcvenir. Y\u0131ll\u0131k ya\u011f\u0131\u015f miktar\u0131 bol miktardad\u0131r (y\u0131lda yakla\u015f\u0131k 50 in\u00e7), nemli yazlar genellikle c\u0131vay\u0131 90\u00b0F&#039;nin (32\u00b0C) \u00fczerine \u00e7\u0131kar\u0131r ve k\u0131\u015flar genellikle donma noktas\u0131n\u0131n \u00e7ok \u00fczerinde kal\u0131r (Ocak ay\u0131nda g\u00fcnl\u00fck ortalama yakla\u015f\u0131k 0,7 \u00b0C). \u015eehrin subtropikal ortam\u0131, s\u0131cak iklimine ve rahat temposuna bir g\u00f6nderme olarak ona &#034;Umursayan \u015eehir&#034; lakab\u0131n\u0131 kazand\u0131rm\u0131\u015ft\u0131r. Batakl\u0131k koylar, me\u015fe a\u011fa\u00e7lar\u0131yla \u00e7evrili parklar ve \u0130spanyol yosunu damlayan canl\u0131 me\u015feler, g\u00f6kdelenler \u015fehir merkezinde y\u00fckselirken bile modern manzarada her yerdedir.<\/p>\n<p>New Orleans, Louisiana&#039;n\u0131n k\u00fclt\u00fcrel, ekonomik ve akademik merkezidir. 2020 ABD N\u00fcfus Say\u0131m\u0131na g\u00f6re, \u015fehir n\u00fcfusu 383.997&#039;ydi (daha geni\u015f New Orleans-Metairie metro alan\u0131 yakla\u015f\u0131k 1 milyon). 2025&#039;te bu say\u0131n\u0131n ~351.000&#039;e biraz d\u00fc\u015fmesi bekleniyor. \u015eehrin \u0131rksal yap\u0131s\u0131 \u00e7o\u011funlukla Afrika k\u00f6kenli Amerikal\u0131lardan (yakla\u015f\u0131k ) olu\u015fuyor ve Beyazlar yakla\u015f\u0131k , Hispanikler\/Latinler ~%5, Asyal\u0131lar %2 ve geri kalan\u0131 Yerli Amerikal\u0131lar veya \u00e7ok \u0131rkl\u0131. Ekonomik olarak, New Orleans y\u0131ll\u0131k Gayri Safi Metropoliten Has\u0131la&#039;da yakla\u015f\u0131k 51 milyar dolar \u00fcretiyor (2023 verileri) ve bu da onu \u00fclkenin en iyi 25 \u015fehir ekonomisi aras\u0131na sokuyor. Wall Street New York&#039;a hakim olabilir, ancak New Orleans K\u00f6rfez K\u0131y\u0131s\u0131 nakliyesine hakim: d\u00fcnyan\u0131n en b\u00fcy\u00fck limanlar\u0131ndan birini i\u015fletiyor ve \u00f6nde gelen bir petrol rafinerisi ve petrokimya \u00fcretimi merkezi. \u015eehir ayn\u0131 zamanda bir e\u011fitim ve sa\u011fl\u0131k merkezidir (Tulane \u00dcniversitesi ve Ochsner Health gibi kurumlara ev sahipli\u011fi yapar) ve b\u00fcy\u00fcyen bir teknoloji merkezidir. En \u00f6nemlisi, misafirperverlik ve yarat\u0131c\u0131 end\u00fcstriler b\u00fcy\u00fck i\u015fverenlerdir; turizm ve kongreler tek ba\u015f\u0131na her y\u0131l milyonlarca dolar getirir. K\u0131sacas\u0131, say\u0131lara g\u00f6re New Orleans, liman\u0131, enerjisi ve k\u00fclt\u00fcrel sekt\u00f6rleri nedeniyle b\u00fcy\u00fck ekonomik etkiye sahip orta b\u00fcy\u00fckl\u00fckte bir G\u00fcney \u015fehridir.<\/p>\n<p>Hilal \u015eehri, Kuzey Amerika&#039;da, Derin G\u00fcney&#039;in kalbinde yer al\u0131r. Co\u011frafi olarak, Mississippi Nehri&#039;nin do\u011fu k\u0131y\u0131s\u0131nda, Meksika K\u00f6rfezi&#039;nden yakla\u015f\u0131k 90 mil yukar\u0131da yer al\u0131r. \u00c7evresi d\u00fcz k\u0131y\u0131 ovas\u0131d\u0131r: g\u00fcneyde batakl\u0131k ve nehir deltas\u0131, do\u011fuda sulak alanlar. Bu al\u00e7ak arazi, New Orleans&#039;\u0131n \u00e7o\u011funlukla deniz seviyesinde veya alt\u0131nda oldu\u011fu anlam\u0131na gelir ve kapsaml\u0131 bir set sistemini zorunlu k\u0131lar. Ovadaki Denver veya da\u011flardaki Denver&#039;\u0131n aksine, New Orleans her y\u00f6nden suyla \u015fekillenen bir nehir \u015fehridir: bat\u0131da b\u00fcy\u00fck nehir, kuzeyde Pontchartrain G\u00f6l\u00fc, g\u00fcneyde K\u00f6rfez. Bir espri, &#034;yery\u00fcz\u00fcnde oturuyor, su \u00fczerinde as\u0131l\u0131&#034; der. Yaz s\u0131ca\u011f\u0131 K\u00f6rfez esintileri ve \u00e7ok say\u0131da kanalla yumu\u015fat\u0131l\u0131r; k\u0131\u015flar \u0131l\u0131kt\u0131r.<\/p>\n<p>New Orleans&#039;\u0131n k\u00f6kenleri 18. y\u00fczy\u0131l\u0131n ba\u015flar\u0131na kadar uzan\u0131r. Jean-Baptiste Le Moyne de Bienville \u00f6nderli\u011findeki Frans\u0131z s\u00f6m\u00fcrgeciler \u015fehri 1718&#039;de Mississippi Nehri&#039;nin hilal \u015feklindeki k\u0131vr\u0131m\u0131nda kurmu\u015flard\u0131r. G\u00f6rkemli Frans\u0131z mimarisi ve yer adlar\u0131 bu s\u00f6m\u00fcrge ge\u00e7mi\u015fini yans\u0131t\u0131r. 1763&#039;te Yedi Y\u0131l Sava\u015f\u0131&#039;n\u0131n ard\u0131ndan Fransa, Napolyon&#039;un 1800&#039;de Frans\u0131zlar\u0131n eline geri vermesinden \u00f6nce Louisiana&#039;y\u0131 (ve New Orleans&#039;\u0131) \u0130spanya&#039;ya devretmi\u015ftir. Sadece \u00fc\u00e7 y\u0131l sonra, 1803&#039;te, Birle\u015fik Devletler Louisiana Sat\u0131n Al\u0131m\u0131&#039;nda New Orleans&#039;\u0131 sat\u0131n alarak Mississippi Nehri&#039;ni Amerikan ticaretine a\u00e7m\u0131\u015ft\u0131r. New Orleans sava\u015f \u00f6ncesi d\u00f6nemde refaha kavu\u015fmu\u015ftur: 1840&#039;a gelindi\u011finde ABD&#039;nin \u00fc\u00e7\u00fcnc\u00fc b\u00fcy\u00fck \u015fehri ve t\u00fcm G\u00fcney&#039;in en b\u00fcy\u00fck \u015fehri olmu\u015ftur. Liman\u0131 hacim olarak Boston ve Philadelphia ile rekabet ediyordu ve pamuk ile \u015feker onu zengin, ancak olduk\u00e7a tabakala\u015fm\u0131\u015f bir \u015fehir haline getirmi\u015ftir. Bir d\u00f6n\u00fcm noktas\u0131 1812 Sava\u015f\u0131 s\u0131ras\u0131nda ya\u015fand\u0131. Ocak 1815&#039;te General Andrew Jackson, karma bir Amerikan kuvvetine liderlik ederek New Orleans Muharebesi&#039;nde \u0130ngilizleri yendi ve \u015fehrin ABD tarihindeki yerini sa\u011flamla\u015ft\u0131rd\u0131.<\/p>\n<p>\u0130\u00e7 Sava\u015f&#039;tan sonra New Orleans, Yeniden Yap\u0131lanma ve Jim Crow d\u00f6nemlerinde yol ald\u0131 ve 20. y\u00fczy\u0131la kadar canl\u0131 bir ticaret merkezi olarak kald\u0131. Caz m\u00fczi\u011fi 1900&#039;lerin ba\u015f\u0131nda burada do\u011fdu ve 1920&#039;lere gelindi\u011finde Frans\u0131z Mahallesi&#039;nin gece hayat\u0131 efsaneviydi. 20. y\u00fczy\u0131l\u0131n sonlar\u0131nda \u015fehir ini\u015f \u00e7\u0131k\u0131\u015flar ya\u015fad\u0131. 2005&#039;te Katrina Kas\u0131rgas\u0131 y\u0131k\u0131c\u0131 bir darbe vurdu. Setlerin y\u0131k\u0131lmas\u0131 nedeniyle \u015fehrin \u00e7o\u011fu sular alt\u0131nda kald\u0131, 1.800&#039;den fazla ki\u015fi hayat\u0131n\u0131 kaybetti ve n\u00fcfus yakla\u015f\u0131k yar\u0131 yar\u0131ya azald\u0131. Baz\u0131 b\u00f6lgelerde toparlanma dramatik oldu: \u015fehir merkezi ve baz\u0131 mahalleler yeniden in\u015fa edildi, di\u011ferleri ise hala yara izlerini ta\u015f\u0131yor. Bug\u00fcn\u00fcn New Orleans&#039;\u0131 t\u00fcm bu d\u00f6nemlerin izlerini ta\u015f\u0131yor. Jackson Meydan\u0131&#039;nda tarihi plaketler s\u0131ralan\u0131yor (Bienville d\u00f6nemine kadar uzan\u0131yor) ancak vitrinler ayn\u0131 zamanda enerji dan\u0131\u015fmanlar\u0131n\u0131n ve teknoloji giri\u015fimlerinin reklam\u0131n\u0131 da yap\u0131yor. Katrina Kas\u0131rgas\u0131 felaketi belirleyici bir d\u00f6n\u00fcm noktas\u0131 olmaya devam ediyor, ancak \u015fehrin ge\u00e7mi\u015fe sayg\u0131 ile modern b\u00fcy\u00fcmeyi dengeleyen yeniden canlanmas\u0131 da belirleyici bir d\u00f6n\u00fcm noktas\u0131.<\/p>\n<p>New Orleans&#039;\u0131n kendine \u00f6zg\u00fc bir k\u00fclt\u00fcrel havas\u0131 vard\u0131r - Frans\u0131z, \u0130spanyol, Afrika, Karayip ve G\u00fcney etkilerinin bir bile\u015fimi. Yerel karakteri u\u00e7aktan veya yolcu gemisinden indi\u011finiz anda belli olur: Frans\u0131zca sokak tabelalar\u0131 (\u00f6rne\u011fin sokak i\u00e7in &#034;Rue&#034;), rahat bir tav\u0131r ve kald\u0131r\u0131mlarda her yerde \u00e7alan m\u00fczik. Frans\u0131z ve Creole miras\u0131 yaln\u0131zca mimaride de\u011fil, ayn\u0131 zamanda ya\u015fayan geleneklerde de varl\u0131\u011f\u0131n\u0131 s\u00fcrd\u00fcrmektedir. Frans\u0131zca konu\u015fanlar ve Louisiana Creole leh\u00e7eleri g\u00fcn\u00fcm\u00fczde nadirdir, ancak birka\u00e7 ya\u015fl\u0131 hala bu dillerde konu\u015fmaktad\u0131r. Daha yayg\u0131n olarak, g\u00fcnl\u00fck Louisiana \u0130ngilizcesi Cajun ve Creole ifadeleriyle baharatlanm\u0131\u015ft\u0131r (&#034;lagniappe&#034;, &#034;lagniappe&#034; &#034;biraz ekstra&#034; anlam\u0131na gelir, vb.). \u015eehir, 2018&#039;de iki y\u00fcz\u00fcnc\u00fc y\u0131l\u0131n\u0131 Frans\u0131zca-Yidi\u015f ne\u015fesiyle kutlad\u0131 ve Frankofon k\u00f6kenlerini kabul etti.<\/p>\n<p>New Orleans&#039;ta gelenek h\u00fck\u00fcm s\u00fcr\u00fcyor. Bir rehberin \u015fiirsel bir dille belirtti\u011fi gibi, &#034;New Orleans, sayg\u0131de\u011fer geleneklere d\u00f6n\u00fc\u015fen al\u0131\u015fkanl\u0131klar\u0131n \u015fehridir.&#034; Pazar k\u0131rm\u0131z\u0131 fasulyeleri, caz cenazeleri ve karnaval maskeli balolar\u0131, g\u00fcnl\u00fck adetler olarak ba\u015flad\u0131 ve \u015fehrin simge yap\u0131lar\u0131 haline geldi. Y\u0131ll\u0131k Mardi Gras ge\u00e7it t\u00f6reni sezonu (Karnaval) bu miras\u0131n en canl\u0131 ifadesidir: maskeli balolar ve kost\u00fcml\u00fc &#034;ekiplerin&#034; sokaklarda boncuk att\u0131\u011f\u0131 gece boyu s\u00fcren ge\u00e7it t\u00f6renleri. Ancak Mardi Gras&#039;\u0131n d\u0131\u015f\u0131nda bile kutlama ruhu s\u00fcreklidir. Her gece Frenchmen Street&#039;teki kul\u00fcplerden canl\u0131 caz m\u00fczi\u011fi d\u00f6k\u00fcl\u00fcr ve festivaller y\u0131l boyunca takvimi doldurur - her baharda Caz ve Miras Festivali&#039;nden yaz\u0131n Kongo Meydan\u0131 Ritimleri&#039;ne, Frans\u0131z Mahallesi Festivali&#039;ne ve say\u0131s\u0131z etnik ge\u00e7it t\u00f6renine.<\/p>\n<p>Di\u011fer b\u00fcy\u00fck \u015fehirlerle kar\u015f\u0131la\u015ft\u0131r\u0131ld\u0131\u011f\u0131nda, New Orleans&#039;taki ya\u015fam h\u0131z\u0131 durgun hissedilir. Yerliler G\u00fcney misafirperverli\u011fi ve s\u0131cakl\u0131\u011f\u0131yla \u00f6v\u00fcn\u00fcrler. Yabanc\u0131lar genellikle bir g\u00fcl\u00fcmsemeyle veya dost\u00e7a bir &#034;Nas\u0131ls\u0131n?&#034; s\u00f6zleriyle selam verirler - hatta \u015fark\u00fcteride veya tamircide bile. Bir ziyaret\u00e7inin belirtti\u011fi gibi, &#034;Yerliler s\u0131cakl\u0131k ve dostluk yay\u0131yor&#034;, bu \u00f6zellik \u015fehrin Hristiyan yard\u0131mseverli\u011fine ve eski d\u00fcnya cazibesine atfedilir. Jackson Meydan\u0131&#039;ndaki kafeler, insanlar\u0131n rahat\u00e7a caf\u00e9 au lait ve beignet i\u00e7erek vakit ge\u00e7irdi\u011fi a\u00e7\u0131k havaya ta\u015far. G\u00fcne\u015fte \u00e7alan sokak m\u00fczisyenleri yollarda kamyonetler kadar yayg\u0131nd\u0131r. Ancak bu ne\u015fenin alt\u0131nda keskin bir zeka yatar: New Orleansl\u0131lar \u015fehrin \u00e7ok rahat oldu\u011funu, &#034;saatlerin bile zaman\u0131n\u0131 ald\u0131\u011f\u0131n\u0131&#034; s\u00f6ylerler.<\/p>\n<p>Bu cazibelere ra\u011fmen, buradaki hayat\u0131n \u00e7etin bir yan\u0131 da var. \u015eehir uzun s\u00fcre ekonomik e\u015fitsizlik ve su\u00e7la bo\u011fu\u015ftu. New Orleans, onlarca y\u0131ld\u0131r Amerika&#039;n\u0131n en y\u00fcksek cinayet oranlar\u0131ndan muzdarip. Bu ger\u00e7eklik, aksi takdirde tuhaf olan imaj\u0131 yumu\u015fat\u0131yor. Son be\u015f y\u0131lda \u015fehir kamu g\u00fcvenli\u011finde baz\u0131 ilerlemeler kaydetti; 2024 ortas\u0131 itibar\u0131yla bildirilen su\u00e7 oran\u0131 bir \u00f6nceki y\u0131la k\u0131yasla yakla\u015f\u0131k azald\u0131. Ziyaret\u00e7iler, \u00f6zellikle hava karard\u0131ktan sonra hala tetikte olmalar\u0131 konusunda uyar\u0131l\u0131yor. Ancak daha s\u0131k olarak, yeni gelenler nazik tramvay s\u00fcr\u00fcc\u00fclerini, manolya a\u011fa\u00e7lar\u0131n\u0131n tatl\u0131 kokusunu ve Caf\u00e9 du Monde&#039;daki insanlar\u0131n rahat kahkahalar\u0131n\u0131 hat\u0131rlayacakt\u0131r. Son say\u0131mda, &#034;Frans\u0131z Mahallesi hissi&#034; - sokak k\u00f6\u015felerindeki samimi Frans\u0131zca konu\u015fan Frans\u0131z Mahallesi tabelas\u0131, k\u0131rm\u0131z\u0131 \u015femsiyeler, ferforje balkonlar - kal\u0131c\u0131 bir izlenim b\u0131rakan \u015feydir.<\/p>\n<p>Herhangi bir gezgin i\u00e7in New Orleans g\u00f6r\u00fclmesi gereken yerler ziyafeti sunar. Bunlar\u0131n ba\u015f\u0131nda 1718&#039;de kurulan tarihi eski \u015fehir olan Frans\u0131z Mahallesi gelir. Kalbi, beyaz ta\u015ftan yap\u0131lm\u0131\u015f St. Louis Katedrali&#039;nin (ABD&#039;deki en eski s\u00fcrekli aktif Katolik katedrali) hakim oldu\u011fu halka a\u00e7\u0131k bir meydan olan Jackson Meydan\u0131&#039;d\u0131r. Meydan\u0131 ve yak\u0131ndaki Bourbon Caddesi&#039;ni \u00e7i\u00e7eklerle kapl\u0131 s\u00fcsl\u00fc demir balkonlara sahip pastel renkli \u015fehir evleri \u00e7evreler. Burada efsanevi noktalara ad\u0131m atabilirsiniz: sallanan veranda m\u00fczisyenleri, heykeller, sokak sanat\u0131 sat\u0131c\u0131lar\u0131 ve pralinli beignet ve hindiba kahvesi servis eden d\u00fcnyaca \u00fcnl\u00fc Caf\u00e9 du Monde. Ayr\u0131ca, Quarter&#039;da her gece akustik caz konserleri i\u00e7in Preservation Hall ve antikalar ve g\u00fczel sanatlar i\u00e7in Royal Street&#039;in butikleri bulunur.<\/p>\n<p>Quarter&#039;\u0131n \u00f6tesinde, bolca ilgi \u00e7ekici yer var. Warehouse District&#039;teki Ulusal II. D\u00fcnya Sava\u015f\u0131 M\u00fczesi, defalarca Amerika&#039;n\u0131n en iyi m\u00fczeleri aras\u0131nda yer ald\u0131 - D-Day \u00e7\u0131kartmalar\u0131, Midway ve daha fazlas\u0131 hakk\u0131nda s\u00fcr\u00fckleyici sergiler askeri tarih merakl\u0131lar\u0131n\u0131 cezbediyor. Sanat severler New Orleans Sanat M\u00fczesi&#039;ne (NOMA) ve biti\u015fi\u011findeki City Park&#039;taki Sydney ve Walda Besthoff Heykel Bah\u00e7esi&#039;ne y\u00f6nelecek. Crescent City yerlileri, \u015fehrin yukar\u0131 kesimindeki Audubon Park ve Hayvanat Bah\u00e7esi&#039;ne ve hatta eski me\u015fe a\u011fa\u00e7lar\u0131 ve botanik bah\u00e7eleriyle yerel olarak sevilen City Park&#039;a hayran kal\u0131yor. Panoramik e\u011flence i\u00e7in, nehir k\u0131y\u0131s\u0131ndaki Steamboat Natchez, ufuk \u00e7izgisinin yan\u0131ndan g\u00fcnl\u00fck \u00e7arkl\u0131 tekne gezileri sunuyor. Ka\u00e7\u0131r\u0131lmamas\u0131 gereken yerler aras\u0131nda yer alan yer \u00fcst\u00fc mezarl\u0131klar (St. Louis No.1 gibi) - New Orleans&#039;l\u0131 nesillere ev sahipli\u011fi yapan s\u00fcsl\u00fc t\u00fcrbelerin bulundu\u011fu \u00fcrk\u00fct\u00fcc\u00fc &#034;\u00d6l\u00fcler \u015eehirleri&#034;.<\/p>\n<p>Klasik manzaralar aras\u0131nda ayr\u0131ca, birka\u00e7 mil yukar\u0131da, g\u00f6rkemli 19. y\u00fczy\u0131l malikanelerinin me\u015fe a\u011fa\u00e7lar\u0131yla g\u00f6lgelenmi\u015f sokaklarda s\u0131raland\u0131\u011f\u0131 Garden District de yer al\u0131r. Tarihi St. Charles Avenue tramvay\u0131na me\u015fe a\u011fa\u00e7lar\u0131n\u0131n g\u00f6lgesinde binip Loyola \u00dcniversitesi&#039;ni ge\u00e7ip Tulane \u00dcniversitesi&#039;nin g\u00f6rkemli s\u00fctunlar\u0131na ula\u015fabilirsiniz. \u015eehirdeki Sanat M\u00fczesi ve Konfederasyon An\u0131t\u0131, daha k\u00fclt\u00fcrel odakl\u0131 duraklar\u0131 tamamlar. Genel olarak, y\u0131pranm\u0131\u015f tarihi mahalleler (eski New Orleans&#039;\u0131n &#034;\u015f\u0131k zarafeti ve nazik \u00e7\u00fcr\u00fcmesi&#034;) ile galeriler ve kafelerle dolu canland\u0131r\u0131lm\u0131\u015f modern b\u00f6lgeler aras\u0131nda ho\u015f bir gerilim vard\u0131r. Her k\u00f6\u015fe, \u015fehrin katmanl\u0131 hikayesinin bir tad\u0131n\u0131 sunar: Bourbon Street&#039;in neon barlar\u0131 Frans\u0131z s\u00f6m\u00fcrge evlerinin yan\u0131nda titre\u015fir; al\u00e7ak setler, g\u00fc\u00e7l\u00fc nehrin ve k\u00f6rfezin asla uzakta olmad\u0131\u011f\u0131n\u0131 hat\u0131rlat\u0131r.<\/p>\n<p>New Orleans iyi ba\u011flant\u0131lara sahiptir. Louis Armstrong New Orleans Uluslararas\u0131 Havaalan\u0131 (MSY), \u015fehir merkezinin yakla\u015f\u0131k 11 mil bat\u0131s\u0131nda yer al\u0131r; d\u00fcnya \u00e7ap\u0131ndaki \u015fehirlere d\u00fczinelerce havayolu ve direkt rota hizmeti verir. Daha yak\u0131nlarda, k\u00fc\u00e7\u00fck Lakefront Havaalan\u0131 s\u0131n\u0131rl\u0131 say\u0131da banliy\u00f6 u\u00e7u\u015fu sunar. B\u00fcy\u00fck otoyollar da burada birle\u015ferek onu K\u00f6rfez K\u0131y\u0131s\u0131&#039;n\u0131n bir kav\u015fa\u011f\u0131 haline getirir: Interstate 10 ve 610 \u015fehri \u00e7evrelerken, I-55 ve I-59 kuzeye do\u011fru gider. Amtrak&#039;\u0131n Crescent hatt\u0131 (New York&#039;tan New Orleans&#039;a) tramvay hatlar\u0131n\u0131n ve otob\u00fcs merkezinin hemen yan\u0131nda bulunan Union Yolcu Terminali&#039;ne her g\u00fcn var\u0131r. Araba ile, nehir (US-61) veya K\u00f6rfez (US-90) boyunca uzanan manzaral\u0131 rotalar unutulmaz yolculuklar sunar.<\/p>\n<p>\u015eehre vard\u0131klar\u0131nda ziyaret\u00e7iler birden fazla ula\u015f\u0131m se\u00e7ene\u011fi bulurlar. \u015eehrin \u00fcnl\u00fc ye\u015fil ve k\u0131rm\u0131z\u0131 tramvaylar\u0131 \u00f6nemli koridorlar\u0131 ge\u00e7er - Riverfront, Canal Street, St. Charles (Garden District&#039;e) ve Rampart-St. Claude hatlar\u0131. Bu b\u00fcy\u00fcleyici eski tramvaylar (baz\u0131lar\u0131 1920&#039;lerden kalma) yer \u00fcst\u00fcnden manzaray\u0131 g\u00f6rmenin kolay bir yolunu sunar. Kapsaml\u0131 bir otob\u00fcs sistemi (RTA) t\u00fcm mahalleleri kapsar ve modern hafif rayl\u0131 tramvay hatt\u0131 uzant\u0131s\u0131 (2016&#039;da a\u00e7\u0131ld\u0131) Tulane Caddesi&#039;ne ula\u015f\u0131r. Taksiler, ara\u00e7 \u00e7a\u011f\u0131rma ve nehir feribotlar\u0131 (Mississippi&#039;nin kar\u015f\u0131s\u0131ndaki Algiers Point&#039;e) bol miktarda bulunur. Frans\u0131z Mahallesi&#039;nin kendisinin y\u00fcr\u00fcyerek gezilebilir oldu\u011funu ve b\u00fcy\u00fck \u00f6l\u00e7\u00fcde ara\u00e7 trafi\u011finden uzak oldu\u011funu unutmay\u0131n. Bir\u00e7ok yerli ve turist y\u00fcr\u00fcyerek veya bisiklet kiralayarak dola\u015f\u0131r.<\/p>\n<p>Para birimi ABD dolar\u0131d\u0131r ve \u0130ngilizce evrensel olarak konu\u015fulur (yine de bir\u00e7ok men\u00fcde yemekler hala Frans\u0131zca isimlerle listelenmektedir). Bah\u015fi\u015f vermek gelenekseldir - restoran ve barlarda yakla\u015f\u0131k -20. \u015eehrin temposu ve giyim kurallar\u0131 gayriresm\u00eedir; rahat giyim hemen hemen her yerde uygundur (yine de l\u00fcks restoranlarda erkekler i\u00e7in ceket zorunlulu\u011fu olabilir). New Orleans&#039;l\u0131lar &#034;ya&#039;ll&#034; diye selam vermeye \u00e7abuktur, bu y\u00fczden yoldan ge\u00e7erken dost\u00e7a bir &#034;bonjour&#034; veya &#034;merci&#034; (te\u015fekk\u00fcrler) ile sohbet etmek her zaman takdir edilir. K\u00fclt\u00fcrel olarak, buradaki insanlar yava\u015f hareket eder - aceleniz varsa, normalden daha fazla zaman planlay\u0131n.<\/p>\n<p>Tarihsel olarak New Orleans bir\u00e7ok \u015fehre g\u00f6re daha y\u00fcksek su\u00e7 oranlar\u0131na sahipti, ancak ko\u015fullar mahalleye g\u00f6re de\u011fi\u015fiyor. En turistik b\u00f6lgeler (French Quarter, CBD, Garden District) genellikle g\u00fcnd\u00fczleri g\u00fcvenlidir. Ziyaret\u00e7iler geceleri normal \u00f6nlemleri almal\u0131, ayd\u0131nlat\u0131lm\u0131\u015f alanlarda kalmal\u0131 ve e\u015fyalar\u0131n\u0131 g\u00fcvende tutmal\u0131d\u0131r. NOPD, genel su\u00e7un 2024&#039;te azald\u0131\u011f\u0131n\u0131 belirtiyor. Her \u015feyden \u00f6nce, mant\u0131kl\u0131 gezgin davran\u0131\u015f\u0131 (de\u011ferli e\u015fyalar\u0131n\u0131 g\u00f6stermemek, m\u00fcmk\u00fcnse karanl\u0131kta gruplar halinde seyahat etmek) keyifli bir yolculu\u011fu garantilemeye yard\u0131mc\u0131 olacakt\u0131r. \u0130lk yard\u0131m veya polis yard\u0131m\u0131 \u015fehir merkezinde kolayca bulunabilir. Bu uyar\u0131lara dikkat edildi\u011finde, New Orleans a\u00e7\u0131k fikirli ziyaret\u00e7ileri unutulmaz m\u00fczik, yemek ve G\u00fcney misafirperverli\u011fiyle \u00f6d\u00fcllendiren misafirperver bir \u015fehir olmaya devam ediyor.<a href=\"https:\/\/travelshelper.com\/tr\/hedefler\/kuzey-amerika\/amerika-birlesik-devletleri\/berkeley-springs\/\" target=\"_self\" aria-labelledby=\"uael-post-8997\"><br \/>\n<\/a><\/p>","protected":false},"excerpt":{"rendered":"<p>New Orleans, genellikle NOLA veya Big Easy olarak an\u0131l\u0131r, Louisiana&#039;n\u0131n g\u00fcneydo\u011fu kesiminde Mississippi Nehri boyunca yer alan birle\u015fik bir \u015fehir-mahalledir. 383.997 n\u00fcfusuyla, 2020 ABD n\u00fcfus say\u0131m\u0131na g\u00f6re bu \u015fehir Louisiana ve Frans\u0131z Louisiana topraklar\u0131ndaki en kalabal\u0131k \u015fehir olarak derecelendirilmi\u015ftir. Derin G\u00fcney&#039;de \u00fc\u00e7\u00fcnc\u00fc en kalabal\u0131k \u015fehir ve Amerika Birle\u015fik Devletleri&#039;nin g\u00fcneydo\u011fusunda on ikinci en kalabal\u0131k \u015fehirdir. Amerika Birle\u015fik Devletleri&#039;nin K\u00f6rfez K\u0131y\u0131s\u0131 b\u00f6lgesi i\u00e7in New Orleans, \u00f6nemli bir liman ve tan\u0131nm\u0131\u015f bir ticari ve ekonomik merkez olarak hizmet vermektedir.<\/p>","protected":false},"author":1,"featured_media":3170,"parent":8072,"menu_order":0,"comment_status":"closed","ping_status":"closed","template":"elementor_theme","meta":{"_eb_attr":"","footnotes":""},"class_list":["post-8297","page","type-page","status-publish","has-post-thumbnail"],"_links":{"self":[{"href":"https:\/\/travelshelper.com\/tr\/wp-json\/wp\/v2\/pages\/8297","targetHints":{"allow":["GET"]}}],"collection":[{"href":"https:\/\/travelshelper.com\/tr\/wp-json\/wp\/v2\/pages"}],"about":[{"href":"https:\/\/travelshelper.com\/tr\/wp-json\/wp\/v2\/types\/page"}],"author":[{"embeddable":true,"href":"https:\/\/travelshelper.com\/tr\/wp-json\/wp\/v2\/users\/1"}],"replies":[{"embeddable":true,"href":"https:\/\/travelshelper.com\/tr\/wp-json\/wp\/v2\/comments?post=8297"}],"version-history":[{"count":0,"href":"https:\/\/travelshelper.com\/tr\/wp-json\/wp\/v2\/pages\/8297\/revisions"}],"up":[{"embeddable":true,"href":"https:\/\/travelshelper.com\/tr\/wp-json\/wp\/v2\/pages\/8072"}],"wp:featuredmedia":[{"embeddable":true,"href":"https:\/\/travelshelper.com\/tr\/wp-json\/wp\/v2\/media\/3170"}],"wp:attachment":[{"href":"https:\/\/travelshelper.com\/tr\/wp-json\/wp\/v2\/media?parent=8297"}],"curies":[{"name":"wp","href":"https:\/\/api.w.org\/{rel}","templated":true}]}}