{"id":8250,"date":"2024-09-02T18:47:07","date_gmt":"2024-09-02T18:47:07","guid":{"rendered":"https:\/\/travelshelper.com\/staging\/?page_id=8250"},"modified":"2026-03-13T18:03:21","modified_gmt":"2026-03-13T18:03:21","slug":"myrtle-beach","status":"publish","type":"page","link":"https:\/\/travelshelper.com\/tr\/destinations\/north-america\/united-states\/myrtle-beach\/","title":{"rendered":"Myrtle Beach"},"content":{"rendered":"<p>Myrtle Beach, ekonomisi ve k\u00fclt\u00fcr\u00fc turizm taraf\u0131ndan domine edilen orta b\u00fcy\u00fckl\u00fckte bir k\u0131y\u0131 \u015fehridir. \u015eehrin n\u00fcfusu artmaktad\u0131r; son tahminler Myrtle Beach&#039;in 2020&#039;den bu yana yakla\u015f\u0131k art\u0131\u015fla 2025&#039;te yakla\u015f\u0131k 42.000 sakini olaca\u011f\u0131n\u0131 \u00f6ng\u00f6rmektedir. (Yak\u0131ndaki banliy\u00f6ler ve belediye d\u0131\u015f\u0131 alanlar dahil, metro alan\u0131 yakla\u015f\u0131k 250.000&#039;dir.) Ortalama hane geliri yakla\u015f\u0131k 53.700 dolard\u0131r - ulusal ortalamaya yak\u0131n - ve yoksulluk yakla\u015f\u0131k &#039;dir. N\u00fcfusun \u00e7o\u011fu Beyazd\u0131r (yakla\u015f\u0131k ), Siyah veya Afrika-Amerikal\u0131lar yakla\u015f\u0131k &#039;\u00fcn\u00fc ve di\u011fer gruplar\u0131n daha k\u00fc\u00e7\u00fck y\u00fczdelerini olu\u015fturur. \u015eehrin nispeten y\u00fcksek bir ortalama ya\u015f\u0131 (47 y\u0131l) vard\u0131r \u00e7\u00fcnk\u00fc bir\u00e7ok emekli ve bir\u00e7ok ailenin buraya tatile gelmesi vard\u0131r.<\/p>\n<p>Myrtle Beach&#039;in ekonomisi misafirperverlik etraf\u0131nda d\u00f6ner: oteller, golf sahalar\u0131, restoranlar ve e\u011flence kompleksleri. Ki\u015fi ba\u015f\u0131na d\u00fc\u015fen gelir ulusal ortalamadan daha d\u00fc\u015f\u00fckt\u00fcr (yakla\u015f\u0131k 36.000 $) ve bu da mevsimsel i\u015f piyasas\u0131n\u0131 yans\u0131t\u0131r (\u00f6zellikle yaz aylar\u0131nda ge\u00e7ici i\u015f\u00e7iler ak\u0131n\u0131 olur). Ba\u015fl\u0131ca i\u015fverenler aras\u0131nda misafirperverlik zincirleri, sa\u011fl\u0131k sistemleri ve Grand Strand b\u00f6lgesi cazibe merkezleri yer al\u0131r. \u015eehir y\u0131lda yakla\u015f\u0131k 15 milyon ziyaret\u00e7i g\u00f6rmektedir ve bu da onu G\u00fcneydo\u011fu&#039;nun en \u00e7ok ziyaret edilen sahil \u015fehirlerinden biri yapar. K\u0131sacas\u0131, Myrtle Beach rakamlara g\u00f6re k\u00fc\u00e7\u00fck bir \u015fehirdir (~40 bin ki\u015fi), istikrarl\u0131 bir b\u00fcy\u00fcme ya\u015famaktad\u0131r, plaj ve golf odakl\u0131 bir ekonomiye ve b\u00fcy\u00fck \u00f6l\u00e7\u00fcde beyaz bir n\u00fcfusa sahiptir ve ortalama gelirler 50 bin dolar civar\u0131ndad\u0131r.<\/p>\n<p>Myrtle Beach, Atlantik k\u0131y\u0131 \u015feridinin bir par\u00e7as\u0131 olan Kuzey Karolina-G\u00fcney Karolina Grand Strand&#039;in merkezinde yer al\u0131r. Co\u011frafi olarak, G\u00fcney Karolina&#039;n\u0131n kuzeydo\u011fusunda (ABD&#039;nin G\u00fcney Atlantik b\u00f6lgesi) yer al\u0131r ve do\u011fusunda Atlantik Okyanusu&#039;na bakar. \u015eehrin kendisi, anakaradan Intracoastal Waterway (1936&#039;dan beri) ile ayr\u0131lan bariyer adalar\u0131 \u00fczerindedir. Arazi, tuz batakl\u0131klar\u0131yla desteklenen d\u00fcz kumlu plaj ve kumullardan olu\u015fur. \u00c7am ormanlar\u0131 ve sulak alanlar hemen i\u00e7 kesimlerde yer al\u0131r. En yak\u0131n metropol alanlar\u0131 Wilmington, NC (74 mil kuzeydo\u011fu) ve Charleston, SC&#039;dir (94 mil g\u00fcneybat\u0131).<\/p>\n<p>Myrtle Beach, di\u011fer Carolina k\u0131y\u0131lar\u0131na benzer nemli bir subtropikal iklime sahiptir. Yazlar s\u0131cak ve \u00e7ok nemlidir; Temmuz ve A\u011fustos aylar\u0131ndaki en y\u00fcksek s\u0131cakl\u0131klar ortalama 80\u00b0F&#039;nin ortas\u0131ndad\u0131r ve s\u0131kl\u0131kla 90&#039;lara \u00e7\u0131kar. \u015eehir y\u0131lda yakla\u015f\u0131k 52 in\u00e7 ya\u011fmur al\u0131r ve yazlar\u0131 s\u0131k s\u0131k g\u00f6k g\u00fcr\u00fclt\u00fcl\u00fc f\u0131rt\u0131nalar g\u00f6r\u00fcl\u00fcr. K\u0131\u015flar \u0131l\u0131mand\u0131r: Ocak ay\u0131nda en y\u00fcksek s\u0131cakl\u0131k 52\u00b0F civar\u0131nda, en d\u00fc\u015f\u00fck s\u0131cakl\u0131k 32\u00b0F civar\u0131ndad\u0131r ve ara s\u0131ra hafif donlar olur (ancak kar ya\u011f\u0131\u015f\u0131 \u00e7ok nadirdir). Haziran&#039;dan ekime kadar kas\u0131rgalar ve tropikal f\u0131rt\u0131nalar tehdit edebilir, ancak b\u00f6lgenin bariyer adalar\u0131 genellikle bir miktar koruma sa\u011flar; yine de, kas\u0131rga mevsimindeki ziyaret\u00e7iler tahminleri izlemelidir. Genel olarak, ziyaret\u00e7iler uzun ve s\u0131cak yazlar\u0131 plaj aktiviteleri i\u00e7in m\u00fckemmel, \u00e7ok \u0131l\u0131man k\u0131\u015flar\u0131 ise sezon d\u0131\u015f\u0131 golf ve y\u00fcr\u00fcy\u00fc\u015fler i\u00e7in ideal bulacakt\u0131r.<\/p>\n<p>Myrtle Beach&#039;in modern tarihi, 19. y\u00fczy\u0131l\u0131n sonu ve 20. y\u00fczy\u0131l\u0131n ba\u015f\u0131ndaki turizmin geli\u015fimiyle yak\u0131ndan ba\u011flant\u0131l\u0131d\u0131r. Bundan \u00f6nce, b\u00f6lge seyrek n\u00fcfusluydu (yerle\u015fimler s\u00f6m\u00fcrge toprak hibelerine dayan\u0131yordu ve 1700-1800&#039;lerde \u00e7ift\u00e7ilik ve ormanc\u0131l\u0131k g\u00f6rd\u00fc). D\u00f6n\u00fcm noktas\u0131, 1900 civar\u0131nda k\u0131y\u0131ya Conway &amp; Seashore Demiryolu in\u015fa edildi\u011finde ger\u00e7ekle\u015fti. 1901&#039;de, orijinal Seaside Inn oteli a\u00e7\u0131ld\u0131 ve kasaba kendini bir tatil yeri olarak pazarlamaya ba\u015flad\u0131. Bir isim verme yar\u0131\u015fmas\u0131nda, bol miktarda bulunan mumlu mersin \u00e7al\u0131s\u0131 &#034;Myrtle Beach&#034; ismine ilham kayna\u011f\u0131 oldu ve toplulu\u011fun postanesi bu ismi benimsedi. Myrtle Beach, 1938&#039;de bir kasaba olarak (ve daha sonra 1957&#039;de bir \u015fehir olarak) kuruldu.<\/p>\n<p>Ba\u015flang\u0131\u00e7ta, geli\u015fme yava\u015ft\u0131. Sadece birka\u00e7 tatil evi ve pavyon (1901&#039;de in\u015fa edildi) k\u0131y\u0131ya serpi\u015ftirilmi\u015fti. II. D\u00fcnya Sava\u015f\u0131&#039;ndan sonra, e\u011flence ama\u00e7l\u0131 seyahatlerde (ve Ba\u015fkan Eisenhower&#039;\u0131n otoyol projelerinde) ya\u015fanan art\u0131\u015f h\u0131zl\u0131 bir b\u00fcy\u00fcmeyi tetikledi. Simgesel Myrtle Beach Boardwalk &amp; SkyWheel \u00e7ok daha sonra geldi (SkyWheel 2011&#039;de a\u00e7\u0131ld\u0131), ancak \u015fehrin bir aile tatil yeri ve golf merkezi olarak y\u00fckseli\u015fi 1970&#039;ler ve 80&#039;lerde sa\u011flamla\u015ft\u0131. Bug\u00fcn, Myrtle Beach, sessiz bir tren istasyonundan b\u00fcy\u00fck bir e\u011flence kompleksine do\u011fru istikrarl\u0131 bir geni\u015fleme ge\u00e7mi\u015fiyle, Carolinas&#039;\u0131n &#034;Aile Plaj\u0131&#034; olarak biliniyor. Kurucu giri\u015fimciler ve y\u00fczy\u0131l\u0131n ortalar\u0131ndaki destek\u00e7iler k\u0131y\u0131 turizmini \u00f6ng\u00f6rd\u00fcler ve bu vizyon sahil otelleri, e\u011flence iskeleleri ve geni\u015f golf sahalar\u0131 arac\u0131l\u0131\u011f\u0131yla ger\u00e7ekle\u015ftirildi.<\/p>\n<p>Myrtle Beach k\u00fclt\u00fcr\u00fc aile e\u011flencesi, G\u00fcney samimiyeti ve tatil kasabas\u0131 havas\u0131yla tan\u0131mlan\u0131r. Yerel karakter a\u011f\u0131rl\u0131kl\u0131 olarak Amerikal\u0131d\u0131r (\u0130ngilizce neredeyse evrensel olarak konu\u015fulur, biraz G\u00fcney aksan\u0131 vard\u0131r) ve kuzeydeki emeklilerden ve misafirperverlik sekt\u00f6r\u00fcnde \u00e7al\u0131\u015fan g\u00f6\u00e7menlerden gelen k\u00fc\u00e7\u00fck etkiler vard\u0131r. Burada birka\u00e7 uluslararas\u0131 yerle\u015fim yeri vard\u0131r; bu, tatil k\u00f6y\u00fc misafirperverli\u011fiyle harmanlanm\u0131\u015f sa\u011flam bir k\u0131rsal-G\u00fcney k\u00fclt\u00fcr\u00fcd\u00fcr.<\/p>\n<p>Gelenekler plaj e\u011flencesi ve e\u011flencesi etraf\u0131nda d\u00f6ner. Kum, g\u00fcne\u015f ve aile zaman\u0131 g\u00fcnl\u00fck ya\u015fam tarz\u0131n\u0131n temelini olu\u015fturur: yerel sabahlar genellikle iskelede ko\u015fu veya bal\u0131k tutma ile ba\u015flar ve ak\u015famlar sahil yolunda havai fi\u015feklerle sonlanabilir. Ya\u015fam temposu rahat ve aile odakl\u0131d\u0131r. \u015eehir y\u0131l boyunca topluluk festivallerine ev sahipli\u011fi yapar: \u00f6rne\u011fin, yak\u0131ndaki Calabash&#039;taki Mavi Yenge\u00e7 Festivali (Ekim) deniz \u00fcr\u00fcnlerini kutlar ve Carolina Country M\u00fczik Festivali (Haziran) konser kalabal\u0131\u011f\u0131n\u0131 \u00e7eker. Noel civar\u0131nda, kasaba tatil ge\u00e7it t\u00f6renleri ve Broadway at the Beach&#039;te bir K\u0131\u015f Harikalar Diyar\u0131 i\u00e7in \u0131\u015f\u0131kland\u0131r\u0131l\u0131r. Golf de k\u00fclt\u00fcrel bir temeldir; yerliler ve turistler ilkbahar ve sonbahar boyunca sahalara giderler.<\/p>\n<p>G\u00fcnl\u00fck rutinlerde, samimiyet bir ay\u0131rt edici \u00f6zelliktir. Yerliler yabanc\u0131lar\u0131 kolayca selamlar ve genellikle misafirperverlik sekt\u00f6r\u00fcnde \u00e7al\u0131\u015f\u0131rlar - bu nedenle hizmet s\u0131cakt\u0131r (bazen de co\u015fkulu bir \u015fekilde). Buradaki turist d\u00f6nemi topluluklar\u0131 genellikle bir &#034;merhaba&#034; ve el sallama k\u00fclt\u00fcr\u00fcne sahiptir. Ayn\u0131 zamanda, ev yap\u0131m\u0131 bir kalite vard\u0131r: k\u00fc\u00e7\u00fck lokantalar karides ve irmik servis eder, radyo istasyonlar\u0131nda s\u00f6rf m\u00fczi\u011fi \u00e7alar ve su park\u0131 atraksiyonlar\u0131 karnavalvari bir havay\u0131 yans\u0131t\u0131r. Bu nedenle, Myrtle Beach&#039;in havas\u0131 g\u00fcne\u015fli, ne\u015feli ve rahat olarak \u00f6zetlenebilir - ailelerin g\u00fcnd\u00fczleri kumda dinlenip geceleri havai fi\u015feklerin veya sahil konserlerinin tad\u0131n\u0131 \u00e7\u0131kard\u0131\u011f\u0131 bir yer.<\/p>\n<p>Myrtle Beach&#039;in en \u00f6nemli turistik yerleri \u00e7o\u011funlukla a\u00e7\u0131k havada ve aile dostudur. Bunlar\u0131n ba\u015f\u0131nda, Myrtle Beach \u015fehir merkezindeki, d\u00fckkanlar, pasajlar ve lokantalarla \u00e7evrili bir mil uzunlu\u011fundaki ah\u015fap gezinti yolu olan Boardwalk &amp; Promenade gelir. Gezinti yolunun biti\u015fi\u011finde, k\u0131y\u0131 \u015feridinin panoramik manzaralar\u0131n\u0131 sunan, tepeden a\u00e7\u0131lan 200 fitlik bir d\u00f6nme dolap olan SkyWheel bulunur. Bunlar, \u015fehrin \u015fehir merkezindeki sahil \u015feridini canland\u0131rmak i\u00e7in yapt\u0131\u011f\u0131 hamle kapsam\u0131nda 2010&#039;larda yeniden geli\u015ftirildi.<\/p>\n<p>Sahil yolunun \u00f6tesinde, plajlar\u0131n kendisi ana cazibe merkezidir - 60 mil kesintisiz kumlu Atlantik k\u0131y\u0131 \u015feridi. Y\u00fczme, para\u015f\u00fctle atlama, jet ski ve korsan gemisi gezileri pop\u00fcler g\u00fcnl\u00fck aktivitelerdir. Aile cazibe merkezleri bol miktardad\u0131r: \u00f6rne\u011fin, Broadway at the Beach&#039;teki Ripley&#039;s Aquarium ve WonderWorks (e\u011fik bir bilim m\u00fczesi) ba\u015fl\u0131ca cazibe merkezleridir. Broadway at the Beach, k\u00fc\u00e7\u00fck bir g\u00f6l\u00fcn etraf\u0131na kurulmu\u015f bir mini \u015fehir gibi ma\u011fazalar, restoranlar, gece hayat\u0131 ve mini golf ile tam bir e\u011flence kompleksidir. Yak\u0131ndaki Barefoot Landing&#039;de (su yolunun \u00fczerinde) tiyatrolar, restoranlar ve y\u0131l boyunca a\u00e7\u0131k \u00e7e\u015fitli ma\u011fazalar vard\u0131r. Di\u011fer \u00f6nemli yerler aras\u0131nda Myrtle Waves Su Park\u0131, Family Kingdom E\u011flence Park\u0131 (klasik sahil gezintileri ve h\u0131z trenleri) ve Family Kingdom bulunur. Golf ve do\u011fa da cazibe merkezleridir: B\u00f6lgeyi (baz\u0131lar\u0131 Tiger Woods gibi efsaneler taraf\u0131ndan tasarlanm\u0131\u015f) sahalar \u00e7evreler ve Myrtle Beach Eyalet Park\u0131 gibi eyalet parklar\u0131 patikalar, tuz batakl\u0131klar\u0131 \u00fczerinde sahil yollar\u0131 ve eski bir iskele sunar. \u00d6zetle, Myrtle Beach&#039;in mutlaka g\u00f6r\u00fclmesi gereken yerleri plaj\u0131 ve sahil yolunun yan\u0131 s\u0131ra SkyWheel ve Ripley&#039;s Akvaryumu gibi aile odakl\u0131 mekanlard\u0131r; hepsi de \u015fehrin e\u011flence dolu okyanus k\u0131y\u0131s\u0131 k\u00fclt\u00fcr\u00fcn\u00fc yans\u0131t\u0131r.<\/p>\n<p>En yak\u0131n havaalan\u0131, \u015fehrin sadece birka\u00e7 mil kuzeybat\u0131s\u0131ndaki Myrtle Beach Uluslararas\u0131 Havaalan\u0131&#039;d\u0131r (MYR). MYR, bir\u00e7ok ABD \u015fehrinden mevsimlik ve y\u0131l boyu u\u00e7u\u015flar sunmaktad\u0131r. Yak\u0131ndaki ba\u015fl\u0131ca merkezler aras\u0131nda Charleston (94 mil SW), Charlotte (170 mil NW) ve Raleigh-Durham (245 mil N) bulunmaktad\u0131r. Arabayla, Myrtle Beach&#039;e Wilmington&#039;dan (kuzeye) veya Charleston&#039;dan (g\u00fcneye) US Highway 17 ve i\u00e7 kesimlerden Interstate 95&#039;ten US 501 \u00fczerinden ula\u015f\u0131labilir. Greyhound otob\u00fcs\u00fc de b\u00f6lgeye hizmet vermektedir.<\/p>\n<p>Araba, sahilin hemen \u00f6tesinde ke\u015ffetmenin en uygun yoludur. \u015eehrin kendisi, araba veya \u00fccretsiz Coast RTA tramvay\u0131 (\u015fehir merkezi, Broadway ve plaj\u0131n etraf\u0131nda d\u00f6ner) ile kolayca gezilebilir. Bir\u00e7ok ilgi \u00e7ekici yer US 17 Business (&#034;Kings Highway&#034;) veya Route 17 Bypass boyunca veya yak\u0131n\u0131nda k\u00fcmelenmi\u015ftir; ancak yaz hafta sonlar\u0131nda trafik yo\u011funla\u015fabilir. \u015eehir merkezinde\/plaj b\u00f6lgesinde k\u0131sa mesafeler i\u00e7in taksiler ve ara\u00e7 payla\u015f\u0131mlar\u0131 mevcuttur ancak bunlar biraz s\u0131n\u0131rl\u0131d\u0131r. Kompakt \u015fehir merkezi ve sahil y\u00fcr\u00fcy\u00fc\u015f yolu olduk\u00e7a y\u00fcr\u00fcnebilir ve \u00e7o\u011fu otel plaja veya meyhanelere y\u00fcr\u00fcme mesafesindedir.<\/p>\n<p>ABD dolar\u0131 ve \u0130ngiliz dolar\u0131 kullan\u0131l\u0131r. Restoranlarda -18 bah\u015fi\u015f vermek gelenekseldir. Giyim son derece rahatt\u0131r (mayo, \u015fort, ti\u015f\u00f6rt, terlik). Plaj g\u00f6rg\u00fc kurallar\u0131, havuz veya sahil yolu yak\u0131n\u0131nda mayo ve \u00fcst giymek ve her zaman g\u00fcne\u015f kremini tekrar uygulamakt\u0131r. G\u00fcne\u015f g\u00fcvenli\u011fi \u00f6nemlidir - Carolina g\u00fcne\u015fi \u00e7abuk yanabilir - ve yaz sonlar\u0131nda denizanas\u0131na dikkat edin. Suda g\u00fc\u00e7l\u00fc ters ak\u0131nt\u0131lar olabilir; cankurtaranlar aras\u0131nda y\u00fcz\u00fcn. Myrtle Beach genellikle g\u00fcvenlidir, ancak kalabal\u0131k plajlarda veya sahil yollar\u0131nda k\u00fc\u00e7\u00fck h\u0131rs\u0131zl\u0131klar meydana gelebilir. Araban\u0131z\u0131n de\u011ferli e\u015fyalar\u0131n\u0131 g\u00f6r\u00fc\u015f alan\u0131ndan uzak tutun ve hava karard\u0131ktan sonra \u0131\u015f\u0131ks\u0131z alanlardan ka\u00e7\u0131n\u0131n. Mevsimlik ziyaret\u00e7iler yaz\u0131n ak\u0131n eder, bu nedenle yo\u011fun sezonda kasaba \u00e7ok kalabal\u0131k olur; konaklama ve ilgi \u00e7ekici yerleri \u00f6nceden ay\u0131rt\u0131n. Sonbahar (Eyl\u00fcl-Kas\u0131m) ve ilkbahar ho\u015f bir \u015fekilde s\u0131cakt\u0131r ve daha az kalabal\u0131kt\u0131r, bu da onlar\u0131 daha sakin bir ziyaret i\u00e7in ideal hale getirir. Son olarak, buradaki G\u00fcneylilerin dost canl\u0131s\u0131 olmalar\u0131yla tan\u0131nd\u0131klar\u0131n\u0131 unutmay\u0131n; bu nazik toplulukta basit bir &#034;evet efendim&#034; ve bir g\u00fcl\u00fcmseme \u00e7ok \u00f6nemlidir.<a href=\"https:\/\/travelshelper.com\/tr\/hedefler\/kuzey-amerika\/amerika-birlesik-devletleri\/berkeley-springs\/\" target=\"_self\" aria-labelledby=\"uael-post-8997\"><br \/>\n<\/a><\/p>","protected":false},"excerpt":{"rendered":"<p>Amerika Birle\u015fik Devletleri&#039;nin Do\u011fu Sahili&#039;ndeki bir tatil \u015fehri olan Myrtle Beach, G\u00fcney Karolina&#039;n\u0131n Horry \u0130l\u00e7esi&#039;nde yer almaktad\u0131r. Myrtle Beach, &#034;Grand Strand&#034; olarak bilinen 60 mil uzunlu\u011fundaki kesintisiz bir sahil \u015feridinin ortas\u0131nda sakl\u0131, canl\u0131 ve hareketli bir konumdur. 2020 say\u0131m\u0131na g\u00f6re y\u0131l boyunca n\u00fcfusu 35.682 olan \u015fehir, G\u00fcney Karolina&#039;daki t\u00fcm \u015fehirler aras\u0131nda 13. s\u0131rada yer almaktad\u0131r.<\/p>","protected":false},"author":1,"featured_media":3259,"parent":8072,"menu_order":0,"comment_status":"closed","ping_status":"closed","template":"elementor_theme","meta":{"_eb_attr":"","footnotes":""},"class_list":["post-8250","page","type-page","status-publish","has-post-thumbnail"],"_links":{"self":[{"href":"https:\/\/travelshelper.com\/tr\/wp-json\/wp\/v2\/pages\/8250","targetHints":{"allow":["GET"]}}],"collection":[{"href":"https:\/\/travelshelper.com\/tr\/wp-json\/wp\/v2\/pages"}],"about":[{"href":"https:\/\/travelshelper.com\/tr\/wp-json\/wp\/v2\/types\/page"}],"author":[{"embeddable":true,"href":"https:\/\/travelshelper.com\/tr\/wp-json\/wp\/v2\/users\/1"}],"replies":[{"embeddable":true,"href":"https:\/\/travelshelper.com\/tr\/wp-json\/wp\/v2\/comments?post=8250"}],"version-history":[{"count":0,"href":"https:\/\/travelshelper.com\/tr\/wp-json\/wp\/v2\/pages\/8250\/revisions"}],"up":[{"embeddable":true,"href":"https:\/\/travelshelper.com\/tr\/wp-json\/wp\/v2\/pages\/8072"}],"wp:featuredmedia":[{"embeddable":true,"href":"https:\/\/travelshelper.com\/tr\/wp-json\/wp\/v2\/media\/3259"}],"wp:attachment":[{"href":"https:\/\/travelshelper.com\/tr\/wp-json\/wp\/v2\/media?parent=8250"}],"curies":[{"name":"wp","href":"https:\/\/api.w.org\/{rel}","templated":true}]}}