{"id":8219,"date":"2024-09-01T20:08:53","date_gmt":"2024-09-01T20:08:53","guid":{"rendered":"https:\/\/travelshelper.com\/staging\/?page_id=8219"},"modified":"2026-03-13T17:59:34","modified_gmt":"2026-03-13T17:59:34","slug":"miami-beach","status":"publish","type":"page","link":"https:\/\/travelshelper.com\/tr\/destinations\/north-america\/united-states\/miami-beach\/","title":{"rendered":"Miami Beach"},"content":{"rendered":"<p>Miami Beach, n\u00fcfusa g\u00f6re daha k\u00fc\u00e7\u00fck bir \u015fehirdir ancak turizmde a\u011f\u0131rl\u0131\u011f\u0131n\u0131n \u00fczerinde bir performans g\u00f6stermektedir. \u015eehrin kendisi, 2020&#039;deki yakla\u015f\u0131k 82.000&#039;den azalarak 2025&#039;te yakla\u015f\u0131k 78.000 sakine sahipti. (Etkili bir \u015fekilde, toplamda 6 milyondan fazla insan\u0131 bar\u0131nd\u0131ran daha b\u00fcy\u00fck Miami metropol alan\u0131n\u0131n bir par\u00e7as\u0131d\u0131r.) Miami Beach&#039;in ortalama ya\u015f\u0131 daha ya\u015fl\u0131d\u0131r - yakla\u015f\u0131k 47 y\u0131l - emekliler ve k\u0131\u015f ziyaret\u00e7ileri aras\u0131ndaki pop\u00fclerli\u011fini yans\u0131tmaktad\u0131r, ancak mevsimsel n\u00fcfus k\u0131\u015f aylar\u0131nda kar ku\u015flar\u0131yla birlikte artmaktad\u0131r. Ekonomik olarak, Miami Beach gayrimenkul ve misafirperverlikle geli\u015fmektedir: varl\u0131kl\u0131 mahalleler ve tatil beldesi odakl\u0131 ekonomi nedeniyle ortalama hane geliri nispeten y\u00fcksektir (yakla\u015f\u0131k 67.000 $). \u0130\u015fsizlik oranlar\u0131 d\u00fc\u015f\u00fck olma e\u011filimindedir, yoksulluk ise ulusal standartlara g\u00f6re d\u00fc\u015f\u00fckt\u00fcr (~). Irksal ve etnik olarak, \u015fehir olduk\u00e7a \u00e7e\u015fitlidir: yakla\u015f\u0131k &#039;s\u0131 Beyaz (\u0130spanyol olmayan) olarak tan\u0131mlanm\u0131\u015ft\u0131r ve b\u00fcy\u00fck \u0130spanyol\/Latin ve di\u011fer az\u0131nl\u0131k topluluklar\u0131 vard\u0131r. \u00dclkede ya\u015fayanlar\u0131n yakla\u015f\u0131k &#039;\u0131 evde \u0130spanyolca konu\u015fuyor ve bu durum Latin Amerika ve Karayipler&#039;den gelen g\u00f6\u00e7\u00fcn yo\u011fun etkisini yans\u0131t\u0131yor.<\/p>\n<p>Miami Beach, Florida&#039;n\u0131n Atlantik k\u0131y\u0131s\u0131ndaki bir bariyer adalar\u0131 zincirinde, anakara \u015fehri Miami&#039;nin hemen do\u011fusunda yer alan tropikal bir tatil \u015fehridir. \u015eehir, Miami Beach Adas\u0131&#039;n\u0131 (South Beach&#039;in bulundu\u011fu yer), Normandiya ve Biscayne Adalar\u0131&#039;n\u0131 ve daha k\u00fc\u00e7\u00fck adalar\u0131 kapsar; hepsi anakaradan Biscayne K\u00f6rfezi ile ayr\u0131l\u0131r. Kuzey Amerika&#039;n\u0131n g\u00fcney ucunda, ABD&#039;nin Florida eyaletindedir ve bu nedenle g\u00fcneydo\u011fu Amerika Birle\u015fik Devletleri&#039;nin bir par\u00e7as\u0131 olarak kabul edilir. Manzara d\u00fcz ve okyanusal olup, do\u011fuda Atlantik Okyanusu&#039;na bakan kilometrelerce kumlu plaj ve bat\u0131da koylar\/lag\u00fcnler vard\u0131r. Da\u011f veya tepe yoktur; sadece palmiye a\u011fa\u00e7lar\u0131, palmiyelerle \u00e7evrili gezinti yerleri ve South Beach&#039;in \u00fcnl\u00fc pastel renkli Art Deco binalar\u0131 vard\u0131r.<\/p>\n<p>\u0130klim ger\u00e7ekten tropikaldir. Miami Beach s\u0131cak, nemli yazlar ve \u0131l\u0131man, s\u0131cak k\u0131\u015flar ya\u015far. &#034;Tropikal muson&#034; b\u00f6lgesinde yer al\u0131r: yaz (May\u0131s&#039;tan Ekim&#039;e) s\u0131k s\u0131k \u00f6\u011fleden sonra sa\u011fanak ya\u011f\u0131\u015flar ve kas\u0131rga riski getirir, g\u00fcnd\u00fcz s\u0131cakl\u0131klar\u0131 genellikle 80-90 \u00b0F&#039;nin (30 \u00b0C&#039;nin \u00fczerinde) \u00fcst\u00fcndedir. K\u0131\u015f aylar\u0131 s\u0131cakt\u0131r (Ocak ay\u0131ndaki s\u0131cakl\u0131klar 60&#039;lar\u0131n sonu ile 70&#039;lerin ba\u015f\u0131 aras\u0131ndad\u0131r) ve s\u0131cakl\u0131klar nadiren 50 \u00b0F&#039;nin alt\u0131na d\u00fc\u015fer. Ya\u011fmur mevsimi yaz sonlar\u0131nda zirveye ula\u015f\u0131r ve ortalama y\u0131ll\u0131k ya\u011f\u0131\u015f miktar\u0131 52 in\u00e7 civar\u0131ndad\u0131r, Temmuz ve Eyl\u00fcl aylar\u0131 \u00f6zellikle ya\u011f\u0131\u015fl\u0131d\u0131r. Kas\u0131rgalar ve tropikal f\u0131rt\u0131nalar Haziran&#039;dan Kas\u0131m&#039;a kadar tehdit olu\u015fturabilir, bu nedenle bu mevsimdeki gezginler tahminleri takip etmelidir. Genel olarak, iklim y\u0131l boyunca plaj dostudur, ancak yaz\u0131n g\u00fcne\u015ften korunmak ve hafif giysiler \u015fartt\u0131r, daha serin k\u0131\u015f ak\u015famlar\u0131 i\u00e7in ise hafif bir ceket yeterlidir.<\/p>\n<p>Miami Beach&#039;in bir tatil yeri olarak ge\u00e7mi\u015fi 20. y\u00fczy\u0131l\u0131n ba\u015flar\u0131na dayan\u0131r. Adalar, ilk set in\u015fa edilene kadar b\u00fcy\u00fck \u00f6l\u00e7\u00fcde \u0131ss\u0131zd\u0131. 1913&#039;te, finans\u00e7\u0131 John S. Collins&#039;in o zamanlar d\u00fcnyan\u0131n en uzun ah\u015fap k\u00f6pr\u00fcs\u00fc olan Biscayne K\u00f6rfezi&#039;nin \u00fczerinden Collins K\u00f6pr\u00fcs\u00fc&#039;n\u00fc tamamlamas\u0131yla geli\u015fme ba\u015flad\u0131. Collins (ve daha sonra otomobil kral\u0131 ve altm\u0131\u015fl\u0131k bir geli\u015ftirici olan Carl Fisher) arazi satmaya ve oteller in\u015fa etmeye ba\u015flad\u0131. &#034;Miami Beach&#034; \u015fehri resmi olarak 1915&#039;te kuruldu. Miami Beach, Florida&#039;daki arazi patlamas\u0131yla 1920&#039;lerde b\u00fcy\u00fcd\u00fc; simgesel Art Deco otellerinin \u00e7o\u011fu 1923-1943 y\u0131llar\u0131na aittir. South Beach&#039;teki Art Deco Tarihi B\u00f6lgesi \u00f6zellikle dikkat \u00e7ekici hale geldi; asl\u0131nda 1979&#039;da d\u00fcnyan\u0131n en b\u00fcy\u00fck Art Deco mimarisi koleksiyonu olarak ABD Ulusal Tarihi Yerler Sicili&#039;ne kaydedildi.<\/p>\n<p>Sonraki on y\u0131llarda ini\u015fler ve \u00e7\u0131k\u0131\u015flar ya\u015fand\u0131. Y\u00fczy\u0131l\u0131n ortalar\u0131nda Miami Beach emekliler ve \u00fcnl\u00fcler i\u00e7in pop\u00fcler bir ka\u00e7\u0131\u015f noktas\u0131 haline geldi. 1960&#039;lar ve 70&#039;ler baz\u0131 turistlerin ba\u015fka yerlere kaymas\u0131yla d\u00fc\u015f\u00fc\u015fe ge\u00e7ti, ancak 1980&#039;ler ve 90&#039;larda Art Deco binalar\u0131n\u0131n korunmas\u0131 \u00e7abalar\u0131 bir canlanmay\u0131 tetikledi. Bug\u00fcn Miami Beach, kendisini bir\u00e7ok kez yeniden icat etmi\u015f bir Art Deco m\u00fcze \u015fehri olarak d\u00fcnyaca \u00fcnl\u00fcd\u00fcr. Collins&#039;in hindistan cevizi bah\u00e7elerinden ve Flamingo Oteli&#039;nden (yakla\u015f\u0131k 1920) g\u00fcn\u00fcm\u00fcz\u00fcn g\u00f6steri\u015fli tatil k\u00f6ylerine kadar erken tarihi, s\u00fcrd\u00fcr\u00fclebilir turizmin ve gayrimenkul odakl\u0131 b\u00fcy\u00fcmenin bir kan\u0131t\u0131d\u0131r.<\/p>\n<p>Miami Beach, Amerikan \u015fehirleri kadar kozmopolittir. \u0130ngilizce ve \u0130spanyolca yayg\u0131nd\u0131r; hatta n\u00fcfusun yar\u0131s\u0131ndan fazlas\u0131 evde \u0130spanyolca konu\u015fmaktad\u0131r. \u015eehrin k\u00fclt\u00fcr\u00fc, yemeklerinde, m\u00fczi\u011finde ve sokak ya\u015fam\u0131nda g\u00f6r\u00fclen K\u00fcba, Haiti, Avrupa ve Amerikan etkilerinin canl\u0131 bir kar\u0131\u015f\u0131m\u0131d\u0131r. Mahallelerinin belirgin karakterleri vard\u0131r: \u015f\u0131k South Beach (SoBe), gece kul\u00fcb\u00fc ihti\u015fam\u0131, Latin ritimleri ve b\u00fcy\u00fck bir LGBT toplulu\u011fuyla bilinir; Mid-Beach ve North Beach daha sakin, aile dostu bir yerle\u015fim ortam\u0131na sahiptir.<\/p>\n<p>Geleneksel olarak, Miami Beach hayat\u0131 plaj ve gece hayat\u0131 k\u00fclt\u00fcr\u00fc etraf\u0131nda d\u00f6ner. \u00d6zellikle South Beach, 24 saat enerjisiyle \u00fcnl\u00fcd\u00fcr: l\u00fcks kul\u00fcpler, havuz partileri ve \u00fcnl\u00fclerle dolu etkinlikler (Ocean Drive veya Club Space&#039;te s\u0131cak geceleri d\u00fc\u015f\u00fcn\u00fcn). G\u00fcnd\u00fczleri g\u00fcne\u015flenmek, su sporlar\u0131 yapmak ve rahat plaj salonu ya\u015fam tarz\u0131 i\u00e7in bir cennettir. Yerliler, sahil yollar\u0131nda a\u00e7\u0131k havada fitness yapman\u0131n keyfini \u00e7\u0131kar\u0131r ve \u015fehirde \u00f6nemli bir moda ve sanat sahnesi vard\u0131r (\u00f6rne\u011fin, Miami Beach her Aral\u0131k ay\u0131nda uluslararas\u0131 kalabal\u0131\u011f\u0131 \u00e7eken y\u0131ll\u0131k Art Basel \u00e7a\u011fda\u015f sanat fuar\u0131na ev sahipli\u011fi yapar). Festivaller bu kar\u0131\u015f\u0131m\u0131 yans\u0131t\u0131r - \u00f6rne\u011fin Little Havana&#039;daki Calle Ocho\/Carnaval Miami (Mart) ve Miami Beach Pride (Mart) Latin ve LGBTQ k\u00fclt\u00fcrlerini kutlarken, South Beach Yemek ve \u015earap Festivali (\u015eubat) ve K\u0131\u015f M\u00fczik Konferans\u0131 (Mart) k\u00fcresel mutfak ve dans m\u00fczi\u011fi kalabal\u0131klar\u0131n\u0131 \u00e7eker.<\/p>\n<p>G\u00fcnl\u00fck ya\u015famda Miami Beach h\u0131zl\u0131 tempolu ve bir nebze g\u00f6z al\u0131c\u0131d\u0131r. Bir\u00e7ok ki\u015fi yak\u0131ndaki Miami&#039;de turizm ve otelcilik sekt\u00f6r\u00fcnde veya finans\/teknoloji sekt\u00f6r\u00fcnde \u00e7al\u0131\u015fmaktad\u0131r. Kafelerle dolu kald\u0131r\u0131mlardan l\u00fcks butiklere ve K\u00fcba kahve d\u00fckkanlar\u0131na kadar g\u00fcndelik l\u00fcks\u00fcn bir alt ak\u0131nt\u0131s\u0131 vard\u0131r. Parti imaj\u0131na ra\u011fmen, yerliler ayn\u0131 zamanda g\u00fc\u00e7l\u00fc bir topluluk duygusunu da korurlar: aileler sahil parklar\u0131n\u0131n tad\u0131n\u0131 \u00e7\u0131kar\u0131r ve insanlar Florida g\u00fcne\u015finin alt\u0131nda birbirlerini selamlad\u0131\u011f\u0131nda rahat bir s\u0131cakl\u0131k vard\u0131r. K\u0131sacas\u0131, Miami Beach atmosferi elektrikli, l\u00fcks ve \u00e7ok k\u00fclt\u00fcrl\u00fcd\u00fcr - Latin Amerika lezzetlerinin, k\u00fcresel sanat\u00e7\u0131lar\u0131n ve okyanus ya\u015fam\u0131n\u0131n g\u00fcnl\u00fck rutinlere kusursuz bir \u015fekilde kar\u0131\u015ft\u0131\u011f\u0131 bir sahil \u015fehri.<\/p>\n<p>Miami Beach&#039;in ilgi \u00e7ekici yerleri b\u00fcy\u00fck \u00f6l\u00e7\u00fcde plajlar\u0131, mimarisi ve k\u00fclt\u00fcrel sahnesidir. En \u00fcnl\u00fcs\u00fc, turkuaz s\u00f6rf ve beyaz kumlu iki mil uzunlu\u011fundaki bir plaj olan South Beach&#039;tir (genellikle SoBe olarak adland\u0131r\u0131l\u0131r). Yan\u0131ndaki Art Deco B\u00f6lgesi (Ocean Drive ve Collins Avenue&#039;nun merkezinde) b\u00fcy\u00fck bir \u00e7ekim merkezidir; 1920&#039;ler-40&#039;larda in\u015fa edilmi\u015f y\u00fczlerce parlak pastel otel, daire ve simge yap\u0131. Bu tarihi b\u00f6lgeyi y\u00fcr\u00fcyerek veya bisikletle (\u00f6rne\u011fin Miami Beach Mimarl\u0131k B\u00f6lgesi turunda) ke\u015ffetmek, \u00f6z\u00fcnde bir deneyimdir.<\/p>\n<p>G\u00f6r\u00fclmesi gereken di\u011fer yerler aras\u0131nda al\u0131\u015fveri\u015f ve yemek yeme imkan\u0131 sunan a\u00e7\u0131k hava yaya al\u0131\u015fveri\u015f merkezi Lincoln Road Mall; Wolfsonian-FIU m\u00fczesi (1920&#039;lerden kalma bir otele d\u00f6n\u00fc\u015ft\u00fcr\u00fclm\u00fc\u015f Art Deco tasar\u0131m m\u00fczesi); Bass Sanat M\u00fczesi (neo-R\u00f6nesans tarz\u0131 bir binada \u00e7a\u011fda\u015f sanat); ve Holokost An\u0131t\u0131 (hareketli bir a\u00e7\u0131k hava heykeli) yer al\u0131r. Do\u011fal g\u00fczellikler i\u00e7in Miami Beach Botanik Bah\u00e7esi ve South Pointe Park (deniz feneri manzaral\u0131 South Beach&#039;in ucunda) dingin inziva yerleridir. Kuzeye do\u011fru millerce uzanan Miami Beach Boardwalk olmadan hi\u00e7bir a\u00e7\u0131klama tamamlanm\u0131\u015f say\u0131lmaz. Ocean Drive&#039;\u0131n neon \u0131\u015f\u0131kl\u0131 kul\u00fcplerinde gece hayat\u0131 ve e\u011flence merkezleri ve ayr\u0131ca birinci s\u0131n\u0131f \u00e7at\u0131 barlar\u0131.<\/p>\n<p>Yak\u0131nlardaki Lincoln Road Market (ayl\u0131k olarak d\u00fczenlenir) el sanatlar\u0131 ve yerel yiyecekler sunar. Ge\u00e7idin hemen \u00f6tesine giderseniz, Art Deco M\u00fczesi ve Miami Beach Kongre Merkezi (Art Basel&#039;in mekan\u0131) dahil edilebilir. \u00d6zetle, Miami Beach&#039;in mutlaka g\u00f6r\u00fclmesi gereken yerleri, g\u00fcne\u015fin tad\u0131n\u0131 \u00e7\u0131karabilece\u011finiz plajlardan d\u00fcnya standartlar\u0131nda sanat fuarlar\u0131na kadar, \u015fehrin sahil kasabas\u0131 cazibesini ve k\u00fcresel havas\u0131n\u0131 yans\u0131tan deniz kenar\u0131 e\u011flencesini sanat ve tasar\u0131mla harmanlar.<\/p>\n<p>Miami Beach&#039;in kendisi ticari bir havaliman\u0131na sahip de\u011fildir, ancak Miami&#039;nin yakla\u015f\u0131k 12 mil i\u00e7 kesiminde bulunan Miami Uluslararas\u0131 Havaliman\u0131 (MIA) \u00fczerinden kolayca ula\u015f\u0131labilir. MIA, \u00e7ok say\u0131da uluslararas\u0131 ve i\u00e7 hat u\u00e7u\u015fu sunmaktad\u0131r. Fort Lauderdale-Hollywood (FLL) ve Palm Beach (PBI) havalimanlar\u0131 da 45-70 mil uzakl\u0131ktad\u0131r ve kullan\u0131labilir. Havaliman\u0131ndan Miami Beach&#039;e taksi, ara\u00e7 payla\u015f\u0131m\u0131 veya Metrobus\/Miami Beach Airport Flyer ile ula\u015fabilirsiniz. Ge\u00e7itler (Julia Tuttle ve Venetian) adalar\u0131 Miami \u015fehrine ba\u011flar.<\/p>\n<p>Miami Beach&#039;te araba iste\u011fe ba\u011fl\u0131d\u0131r. South Beach&#039;te y\u00fcr\u00fcyerek ve bisikletle gidilebilir; \u00fccretsiz Miami Beach Trolley hizmeti birka\u00e7 d\u00f6ng\u00fc rotas\u0131 (South Beach, Collins, Mid-Beach ve North Beach hatlar\u0131) \u00e7al\u0131\u015ft\u0131r\u0131r. Metrorail ve Metrobus sistemleri anakara Miami b\u00f6lgesine hizmet eder ve metrorail havaalan\u0131na ve \u015fehir merkezine ba\u011flan\u0131r. Araba kullan\u0131yorsan\u0131z genellikle bir otopark garaj\u0131na ihtiya\u00e7 duyulur ve SoBe&#039;de sokak park yeri s\u0131k\u0131\u015f\u0131k olabilir. Ride-share taksileri (Uber\/Lyft) ve Miami-Dade otob\u00fcs sistemi de Miami Beach&#039;e hizmet eder. Genellikle, South Beach&#039;te y\u00fcr\u00fcmeyi veya bisikletle gitmeyi ve belki de kuzeye Palm Beach&#039;e veya bat\u0131ya Everglades&#039;e g\u00fcnl\u00fck geziler i\u00e7in bir araba kiralamay\u0131 planlay\u0131n.<\/p>\n<p>Para birimi ABD dolar\u0131d\u0131r; bah\u015fi\u015f (restoranlarda\/barlarda -20) beklenir. \u0130ngilizce ve \u0130spanyolca yayg\u0131n olarak anla\u015f\u0131l\u0131r (bir\u00e7ok men\u00fc ve tabela iki dillidir). Giyim \u00e7ok rahatt\u0131r; plaj k\u0131yafetleri, terlikler ve \u015fortlar g\u00fcnd\u00fczleri yayg\u0131nd\u0131r. \u015eehir turistik b\u00f6lgelerde g\u00fcvenlidir, ancak yankesicilik olabilir; plajda ve kalabal\u0131k verandalarda e\u015fyalar\u0131n\u0131za dikkat edin. G\u00fc\u00e7l\u00fc UV nedeniyle g\u00fcne\u015ften korunmak y\u0131l boyunca \u00e7ok \u00f6nemlidir (g\u00fcne\u015f kremi, \u015fapka). Kas\u0131rga sezonunda (Haziran-Kas\u0131m) ziyaret ediyorsan\u0131z, hava durumu uyar\u0131lar\u0131na dikkat edin (ancak b\u00fcy\u00fck \u00e7apl\u0131 f\u0131rt\u0131nalar nadirdir). Yo\u011fun yaz aylar\u0131nda \u00f6\u011fleden sonra plaja gitmekten ka\u00e7\u0131nmay\u0131 planlay\u0131n (s\u0131cakl\u0131k endeksleri y\u00fckselebilir), bunun yerine erken sabahlar\u0131 veya \u00f6\u011fleden sonralar\u0131 ge\u00e7 saatleri tercih edin. Son olarak, yerel halka kar\u015f\u0131 nezaket g\u00f6stermek ve saat 22:00&#039;den sonra sessiz saatlere sayg\u0131 g\u00f6stermek, plaj severler ve sakinler toplulu\u011fuyla kayna\u015fman\u0131zda \u00e7ok i\u015fe yarayacakt\u0131r.<a href=\"https:\/\/travelshelper.com\/tr\/hedefler\/kuzey-amerika\/amerika-birlesik-devletleri\/berkeley-springs\/\" target=\"_self\" aria-labelledby=\"uael-post-8997\"><br \/>\n<\/a><\/p>","protected":false},"excerpt":{"rendered":"<p>G\u00fcney Florida&#039;daki Miami metropol alan\u0131n\u0131n bir par\u00e7as\u0131 olan Miami Beach, Florida&#039;n\u0131n Miami-Dade \u0130l\u00e7esi&#039;nde bulunan bir k\u0131y\u0131 tatil \u015fehridir ve canl\u0131 ve enerjik bir yerdir. Sakin Biscayne K\u00f6rfezi ile b\u00fcy\u00fck Atlas Okyanusu aras\u0131nda bir dizi do\u011fal ve insan yap\u0131m\u0131 bariyer adas\u0131nda yer alan bu belediye, The Bay, Miami Beach&#039;i ana kara \u015fehri Miami&#039;den do\u011fal olarak ay\u0131r\u0131r. Miami Beach&#039;in \u00e7e\u015fitli mahalleleri aras\u0131nda, South Beach en iyi bilinen 2,5 mil karelik (6,5 km\u00b2) olan\u0131d\u0131r. Downtown Miami ve PortMiami ile birlikte South Beach, G\u00fcney Florida&#039;n\u0131n aktif i\u015f merkezini olu\u015fturur.<\/p>","protected":false},"author":1,"featured_media":3272,"parent":8072,"menu_order":0,"comment_status":"closed","ping_status":"closed","template":"elementor_theme","meta":{"_eb_attr":"","footnotes":""},"class_list":["post-8219","page","type-page","status-publish","has-post-thumbnail"],"_links":{"self":[{"href":"https:\/\/travelshelper.com\/tr\/wp-json\/wp\/v2\/pages\/8219","targetHints":{"allow":["GET"]}}],"collection":[{"href":"https:\/\/travelshelper.com\/tr\/wp-json\/wp\/v2\/pages"}],"about":[{"href":"https:\/\/travelshelper.com\/tr\/wp-json\/wp\/v2\/types\/page"}],"author":[{"embeddable":true,"href":"https:\/\/travelshelper.com\/tr\/wp-json\/wp\/v2\/users\/1"}],"replies":[{"embeddable":true,"href":"https:\/\/travelshelper.com\/tr\/wp-json\/wp\/v2\/comments?post=8219"}],"version-history":[{"count":0,"href":"https:\/\/travelshelper.com\/tr\/wp-json\/wp\/v2\/pages\/8219\/revisions"}],"up":[{"embeddable":true,"href":"https:\/\/travelshelper.com\/tr\/wp-json\/wp\/v2\/pages\/8072"}],"wp:featuredmedia":[{"embeddable":true,"href":"https:\/\/travelshelper.com\/tr\/wp-json\/wp\/v2\/media\/3272"}],"wp:attachment":[{"href":"https:\/\/travelshelper.com\/tr\/wp-json\/wp\/v2\/media?parent=8219"}],"curies":[{"name":"wp","href":"https:\/\/api.w.org\/{rel}","templated":true}]}}