{"id":8139,"date":"2024-09-01T13:05:58","date_gmt":"2024-09-01T13:05:58","guid":{"rendered":"https:\/\/travelshelper.com\/staging\/?page_id=8139"},"modified":"2026-03-13T17:53:48","modified_gmt":"2026-03-13T17:53:48","slug":"kansas-city","status":"publish","type":"page","link":"https:\/\/travelshelper.com\/tr\/destinations\/north-america\/united-states\/kansas-city\/","title":{"rendered":"Kansas City"},"content":{"rendered":"<p>Kansas City, Missouri ve Kansas s\u0131n\u0131r\u0131na yay\u0131lm\u0131\u015ft\u0131r, ancak burada Kansas City, Missouri&#039;ye (genellikle sadece &#034;Kansas City&#034;, n\u00fcfusu ~500.000) odaklanaca\u011f\u0131z. KC, caz m\u00fczi\u011fi, barbek\u00fc mutfa\u011f\u0131 ve \u00e7e\u015fme a\u011f\u0131 gibi k\u00fclt\u00fcrel ayr\u0131cal\u0131klar\u0131yla bilinen b\u00fcy\u00fck bir Ortabat\u0131 metropol\u00fcd\u00fcr. Bug\u00fcn Kansas City, yakla\u015f\u0131k 508.000 ki\u015fiye (2023 tahmini) ev sahipli\u011fi yap\u0131yor ve yakla\u015f\u0131k 2,1 milyonluk geni\u015f bir metropol n\u00fcfusu var. Missouri ve Kansas nehirlerinin birle\u015fti\u011fi noktada (g\u00fcney Missouri) B\u00fcy\u00fck Ovalar b\u00f6lgesinde yer almaktad\u0131r. \u015eehrin kendisi \u00e7o\u011funlukla d\u00fcz bir arazide yer almaktad\u0131r ve Country Club Plaza (\u0130spanyol esintili mimari) gibi mahallelerde \u00fcnl\u00fc ta\u015f ve barbek\u00fc esteti\u011fi vard\u0131r. KC&#039;nin iklimi nemli karasald\u0131r: s\u0131cak, nemli yazlar (s\u0131k s\u0131k g\u00f6k g\u00fcr\u00fclt\u00fcl\u00fc f\u0131rt\u0131nalar) ve so\u011fuk, karl\u0131 k\u0131\u015flar (ilkbaharda hortum riski).<\/p>\n<p>Ekonomik olarak, Kansas City geni\u015f ve \u00e7e\u015fitlendirilmi\u015f bir tabana sahiptir. Metronun GSY\u0130H&#039;si yakla\u015f\u0131k 146 milyar dolard\u0131r. \u00d6nemli end\u00fcstriler aras\u0131nda biyolojik bilimler (hayvan sa\u011fl\u0131\u011f\u0131\/ila\u00e7 ara\u015ft\u0131rmas\u0131 - KC, biyolojik bilimlerle ilgili alanlarda 113.969 \u00e7al\u0131\u015fan\u0131yla k\u00fcresel bir liderdir) ve g\u00fc\u00e7l\u00fc bir teknoloji sekt\u00f6r\u00fc (2024&#039;te teknoloji alan\u0131nda yakla\u015f\u0131k 77.700 ki\u015fi istihdam edilecektir) yer almaktad\u0131r. Lojistik ve da\u011f\u0131t\u0131m, KC&#039;nin &#034;kav\u015fak&#034; konumu (b\u00fcy\u00fck tren istasyonlar\u0131 ve eyaletler aras\u0131 yollar) sayesinde \u00e7ok b\u00fcy\u00fckt\u00fcr ve 105.000&#039;den fazla ki\u015fiye istihdam sa\u011flamaktad\u0131r. Finansal hizmetler ve sigorta (yakla\u015f\u0131k 77.000 i\u015f) da \u00f6ne \u00e7\u0131kmaktad\u0131r. \u00dcretim (\u00f6zellikle Missouri&#039;nin tar\u0131m ba\u011flant\u0131lar\u0131 g\u00f6z \u00f6n\u00fcne al\u0131nd\u0131\u011f\u0131nda g\u0131da i\u015fleme) de ekonominin bir par\u00e7as\u0131 olmaya devam etmektedir. Kansas City, MO&#039;daki ortalama hane geliri yakla\u015f\u0131k 67.449 dolard\u0131r (2023) ve yoksulluk oran\u0131 yakla\u015f\u0131k ,6&#039;d\u0131r. Son y\u0131llarda KC, merkezi ABD konumu ve nispeten d\u00fc\u015f\u00fck ya\u015fam maliyetiyle kurumsal merkezlerin ve yeni kurulan \u015firketlerin ilgisini \u00e7ekiyor.<\/p>\n<h2>Kansas City Rakamlarla<\/h2>\n<p>Kansas City, Missouri&#039;nin \u015fehir merkezi 2023&#039;te yakla\u015f\u0131k 508.233 sakine ev sahipli\u011fi yapt\u0131. Demografik yap\u0131 \u00e7e\u015fitlidir: yakla\u015f\u0131k ,5 Beyaz (\u0130spanyol k\u00f6kenli olmayan), ,5 Afrika k\u00f6kenli Amerikal\u0131 ve ,3 \u0130spanyol veya Latin k\u00f6kenli. Geri kalan\u0131 Asyal\u0131lar ve di\u011fer etnik gruplar olu\u015fturuyor. Bu \u00e7e\u015fitlilik canl\u0131 bir \u00e7ok k\u00fclt\u00fcrl\u00fc sahneyi besliyor (\u015fehrin g\u00fcney ve g\u00fcneybat\u0131 taraf\u0131ndaki \u00f6nemli \u0130spanyol topluluklar\u0131na dikkat edin). Kansas City&#039;nin ortanca ya\u015f\u0131 30&#039;lar\u0131n sonlar\u0131ndad\u0131r. Ortanca hane geliri (~67 bin dolar) ve ev de\u011ferleri m\u00fctevaz\u0131d\u0131r (ev de\u011ferleri ortalama 200 bin dolar\u0131n ortas\u0131ndad\u0131r, ancak baz\u0131 b\u00f6lgeler \u00e7ok daha y\u00fcksektir), Ortabat\u0131 ba\u011flam\u0131n\u0131 yans\u0131t\u0131r.<\/p>\n<p>Metropol \u00f6l\u00e7e\u011fi a\u00e7\u0131s\u0131ndan KC, ABD&#039;nin en b\u00fcy\u00fck metropollerinden biridir: yakla\u015f\u0131k 2,1 milyon ki\u015fi, ulusal olarak 30. en b\u00fcy\u00fck (2020 say\u0131m\u0131na g\u00f6re). Daha geni\u015f metro ekonomisi yakla\u015f\u0131k 146 milyar dolar (2019) olup, onu Plains ve Ozarks&#039;ta i\u015f ve k\u00fclt\u00fcr i\u00e7in g\u00fc\u00e7l\u00fc bir b\u00f6lgesel merkez haline getirir. Ki\u015fi ba\u015f\u0131na d\u00fc\u015fen metroda y\u00fcksek i\u015f g\u00fcc\u00fc kat\u0131l\u0131m\u0131 ve \u00f6nemli kurumsal varl\u0131k vard\u0131r. Spor ve etkinlikler de katk\u0131da bulunur: Kansas City&#039;nin profesyonel tak\u0131mlar\u0131 (NFL&#039;nin Chiefs&#039;i, MLB&#039;nin Royals&#039;\u0131, MLS&#039;nin Sporting KC&#039;si) ulusal ilgi ve ekonomik etki yarat\u0131r.<\/p>\n<h2>Konum<\/h2>\n<p>Kansas City, MO, ABD Ortabat\u0131&#039;nda Missouri-Kansas s\u0131n\u0131r\u0131nda yer al\u0131r. Missouri Nehri&#039;nin (\u015fehir merkezinin birka\u00e7 mil kuzeyinde) ve kolu olan Kansas Nehri&#039;nin (Kansas taraf\u0131ndan ge\u00e7er) birle\u015fti\u011fi noktadad\u0131r. Manzara, \u00f6ncelikle hafif engebeli tepelere sahip ovalardan olu\u015fur; dikkat \u00e7eken y\u00fcksek noktalar aras\u0131nda Penn Vadisi ve Swope Parklar\u0131 bulunur. KC&#039;nin y\u00fcksekli\u011fi deniz seviyesinden yakla\u015f\u0131k 850 fittir (260 m).<\/p>\n<p>\u015eehir bir ula\u015f\u0131m kav\u015fa\u011f\u0131d\u0131r: Interstate 70, KC&#039;den do\u011fu-bat\u0131 y\u00f6n\u00fcnde ge\u00e7er ve St. Louis&#039;i (do\u011fu) ve Denver&#039;\u0131 (bat\u0131) birbirine ba\u011flar; Interstate 35, kuzeye do\u011fru Kansas&#039;a (Des Moines&#039;e) ve g\u00fcneye do\u011fru Oklahoma City&#039;ye gider; Interstate 29, kuzeye do\u011fru Iowa&#039;ya gider. \u015eehrin ABD&#039;nin merkezindeki konumu, Amerika&#039;n\u0131n \u00e7o\u011funa bir g\u00fcnl\u00fck s\u00fcr\u00fc\u015f mesafesinde oldu\u011fu anlam\u0131na gelir.<\/p>\n<p>\u0130klim karasald\u0131r: Yazlar s\u0131cak ve nemlidir (ortalama Temmuz y\u00fckseklikleri ~90\u00b0F\/32\u00b0C, nemli gecelerle). K\u0131\u015flar so\u011fuktur (Ocak y\u00fckseklikleri yakla\u015f\u0131k 35\u00b0F\/2\u00b0C, d\u00fc\u015f\u00fckler onlu F&#039;lerdedir, y\u0131lda yakla\u015f\u0131k 20 in\u00e7 kar ya\u011far). \u0130lkbahar ve sonbahar ge\u00e7i\u015f d\u00f6nemidir, ancak ilkbaharda \u015fiddetli f\u0131rt\u0131nalar (ve ara s\u0131ra kas\u0131rga) meydana gelebilir. A\u00e7\u0131k hava festivalleri ani hava de\u011fi\u015fikliklerine maruz kalabilir. Genel olarak, KC d\u00f6rt belirgin mevsim ya\u015far - ziyaret\u00e7ilerin planlama yaparken dikkate almas\u0131 gereken bir fakt\u00f6r.<\/p>\n<h2>Tarihsel Anl\u0131k G\u00f6r\u00fcnt\u00fc<\/h2>\n<p>Kansas City&#039;nin k\u00f6kenleri 19. y\u00fczy\u0131lda bat\u0131ya do\u011fru geni\u015flemeye dayan\u0131r. Missouri Nehri \u00fczerinde bir nehir liman\u0131 (Westport Landing) olarak ba\u015flad\u0131 ve Kansas Nehri&#039;nin (ve nihayetinde bir K\u0131z\u0131lderili kabilesinin) ad\u0131n\u0131 ald\u0131. \u0130\u00e7 Sava\u015f&#039;tan sonra, demiryolu in\u015faat\u0131 ve Bat\u0131&#039;ya a\u00e7\u0131lan bir kap\u0131 olarak stratejik konumu nedeniyle h\u0131zla b\u00fcy\u00fcd\u00fc. 1870&#039;e gelindi\u011finde KC zaten \u00f6nemli bir \u015fehirdi ve 20. y\u00fczy\u0131l\u0131n ba\u015f\u0131nda \u00fclke i\u00e7in \u00f6nemli bir hayvanc\u0131l\u0131k ve et paketleme merkeziydi. Bu d\u00f6nemde Kansas City ayr\u0131ca caz m\u00fczi\u011fi ve Afrika Amerikan k\u00fclt\u00fcr\u00fcn\u00fcn \u00f6nemli bir merkezi haline geldi (\u00f6zellikle Charlie Parker gibi efsanelerin sahne ald\u0131\u011f\u0131 ve \u015fu anda Negro Leagues Beyzbol M\u00fczesi&#039;nin bulundu\u011fu 18th &amp; Vine b\u00f6lgesinde).<\/p>\n<p>20. y\u00fczy\u0131l boyunca \u015fehir, banliy\u00f6leriyle (1940&#039;lar-1960&#039;lar) b\u00fct\u00fcnle\u015fti ve geni\u015flemeye devam etti. \u00dcnl\u00fc Country Club Plaza al\u0131\u015fveri\u015f b\u00f6lgesi, 1922&#039;de ilk otomobil odakl\u0131 al\u0131\u015fveri\u015f merkezlerinden biri olarak in\u015fa edildi. Y\u00fczy\u0131l ortas\u0131ndaki bir gerilemenin ard\u0131ndan, 1990&#039;larda \u015fehir merkezindeki yenileme ve yeni k\u00fclt\u00fcrel yat\u0131r\u0131mlarla canlanma ba\u015flad\u0131. Son y\u0131llarda KC, modern ofis kuleleri ve otellerden olu\u015fan yeni bir ufuk \u00e7izgisiyle ortaya \u00e7\u0131kt\u0131. (\u00d6nemli geli\u015fmelerden biri, 2011&#039;de a\u00e7\u0131lan ve \u015fehir merkezindeki Power &amp; Light B\u00f6lgesi&#039;nde daha fazla b\u00fcy\u00fcmeye \u00f6nc\u00fcl\u00fck eden Kauffman Sahne Sanatlar\u0131 Merkezi&#039;ydi.) G\u00fcn\u00fcm\u00fczde Kansas City, caz miras\u0131n\u0131 onurland\u0131r\u0131yor (Amerikan Caz M\u00fczesi), spor \u015fampiyonlar\u0131n\u0131 kutluyor (Super Bowl zaferleri, D\u00fcnya Serisi galibiyetleri) ve Ortabat\u0131 misafirperverli\u011fini s\u00fcrd\u00fcr\u00fcyor. Dolay\u0131s\u0131yla tarihi anlat\u0131, s\u0131n\u0131r kap\u0131s\u0131, canl\u0131 k\u00fclt\u00fcrel kav\u015faklar ve dayan\u0131kl\u0131 kentsel yenilenmenin hikayesidir.<\/p>\n<h2>K\u00fclt\u00fcrel Atmosfer<\/h2>\n<p>Kansas City g\u00fc\u00e7l\u00fc ve kendine \u00f6zg\u00fc bir k\u00fclt\u00fcrel kimli\u011fe sahiptir. Caz m\u00fczi\u011fi ilk olarak 1920&#039;lerde ve 1930&#039;larda 18th &amp; Vine&#039;daki kul\u00fcplerde burada geli\u015fti ve bug\u00fcn hala aktif bir gelenek olmaya devam ediyor. \u015eehir her gece d\u00fczinelerce caz mekan\u0131, kul\u00fcb\u00fc ve do\u011fa\u00e7lama seans\u0131n\u0131 destekliyor. American Jazz Museum (tarihi 18th &amp; Vine b\u00f6lgesinde) ve her yaz d\u00fczenlenen y\u0131ll\u0131k Kansas City Jazz &amp; Heritage Festivali bu miras\u0131 yans\u0131t\u0131yor.<\/p>\n<p>KC&#039;nin barbek\u00fc k\u00fclt\u00fcr\u00fc de ayn\u0131 \u015fekilde ikoniktir: \u015eehirde 100&#039;den fazla barbek\u00fc restoran\u0131 oldu\u011funu iddia ediyor ve yerliler yava\u015f t\u00fcts\u00fclenmi\u015f etlerini \u00e7ok ciddiye al\u0131yor. \u00dcnl\u00fc b\u00f6lgesel stillerin her biri (\u00f6rne\u011fin, yan\u0131k u\u00e7lar, tatl\u0131 sos) bulunabilir ve hatta pitmaster&#039;lar\u0131 derecelendiren bir &#034;KC BBQ Experience&#034; mobil uygulamas\u0131 bile var. Barbek\u00fc mekanlar\u0131 (Arthur Bryant&#039;s, Gates, Jack Stack gibi) ziyaret\u00e7ilerin mutlaka denemesi gereken yerler olarak s\u0131kl\u0131kla an\u0131lan yemek simgeleridir.<\/p>\n<p>KC&#039;nin bir di\u011fer ilgin\u00e7 \u00f6zelli\u011fi de \u00e7ok say\u0131da \u00e7e\u015fmesidir. &#034;\u00c7e\u015fmeler \u015eehri&#034; olarak adland\u0131r\u0131lan Kansas City&#039;de 200&#039;den fazla s\u00fcs \u00e7e\u015fmesi vard\u0131r - toplamda Roma&#039;dan sonra ikinci s\u0131radad\u0131r. (\u015eehrin d\u00f6rt bir yan\u0131ndaki parklarda, trafik kav\u015faklar\u0131nda ve avlularda \u00e7e\u015fmeler g\u00f6receksiniz.) Bunlar sadece dekorasyon de\u011fil, ayn\u0131 zamanda sevilen kentsel sembollerdir - KC&#039;nin kentsel gururunun ve kamusal alanlara verdi\u011fi \u00f6nemin bir g\u00f6stergesidir.<\/p>\n<p>Spor ve festivaller a\u00e7\u0131s\u0131ndan Kansas City g\u00fc\u00e7l\u00fc bir yurtta\u015fl\u0131k gururu sergiliyor. Kansas City Chiefs&#039;in son NFL \u015fampiyonluklar\u0131 (2019, 2022 sezonlar\u0131) \u015fehrin co\u015fkusunu yeniden canland\u0131rd\u0131; zafer ge\u00e7it t\u00f6renleri gibi &#034;kutlamalar&#034; b\u00fcy\u00fck topluluk etkinlikleri haline geliyor. Kansas City Royals (MLB) ve Sporting Kansas City (MLS) kendi takip\u00e7ilerini \u00e7ekiyor. \u015eehir ayr\u0131ca \u00fcnl\u00fc etkinliklere de ev sahipli\u011fi yap\u0131yor: American Royal hayvanc\u0131l\u0131k ve rodeo etkinli\u011fi (1899&#039;dan beri), her sonbaharda d\u00fczenlenen b\u00fcy\u00fck bir hayvanc\u0131l\u0131k g\u00f6sterisi ve KC&#039;nin b\u00fcy\u00fcyen zanaat birac\u0131l\u0131\u011f\u0131 sahnesini yans\u0131tan Boulevardia Bira Festivali.<\/p>\n<p>Mahallelerin her biri havaya katk\u0131da bulunur: Westport ve River Market b\u00f6lgeleri gece hayat\u0131 ve yemekleriyle bilinir; Crossroads Sanat B\u00f6lgesi galerilere ve First Friday sanat pazarlar\u0131na sahiptir; 18th &amp; Vine Tarihi Caz \u200b\u200bB\u00f6lgesi (ayn\u0131 zamanda Negro Leagues Beyzbol M\u00fczesi&#039;ne de ev sahipli\u011fi yapar) caz ve medeni haklar tarihinin k\u00fclt\u00fcrel merkezidir. T\u00fcm mahallelerde, yerliler genellikle ger\u00e7ek\u00e7i ve arkada\u015f canl\u0131s\u0131d\u0131r ve Ortabat\u0131 misafirperverli\u011fini yans\u0131t\u0131r. \u0130ngilizce evrenseldir, ancak \u015fehrin g\u00fcney taraf\u0131nda s\u0131k s\u0131k \u0130spanyolca duyars\u0131n\u0131z (baz\u0131 okullarda ve i\u015fletmelerde). Genel olarak, KC s\u0131cak, enerjik bir atmosfer sunar - b\u00fcy\u00fck \u015fehir \u00f6l\u00e7e\u011finde ancak yerel bir kalbe sahip.<\/p>\n<h2>En \u0130yi Gezilecek Yerler<\/h2>\n<p>Kansas City&#039;nin ilgi \u00e7ekici yerleri aras\u0131nda k\u00fclt\u00fcrel kurumlar, tarih ve e\u011flence yer al\u0131r. Ba\u015fl\u0131ca ilgi \u00e7ekici yerler \u015funlard\u0131r:<\/p>\n<ul>\n<li><strong>Ulusal I. D\u00fcnya Sava\u015f\u0131 M\u00fczesi ve An\u0131t\u0131<\/strong> \u2013 \u015eehir merkezindeki Liberty An\u0131t\u0131 kulesinde bulunan buras\u0131, \u00fclkenin en kapsaml\u0131 I. D\u00fcnya Sava\u015f\u0131 m\u00fczelerinden biridir. An\u0131t kulesi ayr\u0131ca \u015fehrin panoramik manzaralar\u0131n\u0131 sunar.<\/li>\n<li><strong>Nelson-Atkins Sanat M\u00fczesi<\/strong> \u2013 Uluslararas\u0131 alanda be\u011feni toplayan bir sanat m\u00fczesi (Shostakovich heykeli ve a\u00e7\u0131k hava \u201cSky Stations\u201d ile \u00fcnl\u00fc). Giri\u015f \u00fccretsizdir ve m\u00fczenin koleksiyonu Asya&#039;dan \u00e7a\u011fda\u015f sanata kadar uzan\u0131r. (Nelson&#039;\u0131n neoklasik binas\u0131 ve yans\u0131t\u0131c\u0131 havuzu ba\u015fl\u0131 ba\u015f\u0131na fotojeniktir.)<\/li>\n<li><strong>Amerikan Caz M\u00fczesi ve Zenci Ligleri Beyzbol M\u00fczesi<\/strong> \u2013 Her ikisi de tarihi 18. ve Vine B\u00f6lgesi&#039;nde. Caz M\u00fczesi, KC&#039;nin caz tarihini (ar\u015fiv kay\u0131tlar\u0131yla) sunarken, Negro Ligleri M\u00fczesi, Afrika-Amerikan beyzbolunun \u00f6nc\u00fclerini kay\u0131t alt\u0131na al\u0131r. (Bu kurumlar, KC&#039;nin \u00f6nemli k\u00fclt\u00fcrel miraslar\u0131n\u0131 vurgular.)<\/li>\n<li><strong>\u00dclke Kul\u00fcb\u00fc Plazas\u0131<\/strong> \u2013 \u0130spanyol mimarisinde tasarlanm\u0131\u015f, \u00e7e\u015fmeleri ve kiremit \u00e7at\u0131lar\u0131 olan l\u00fcks bir a\u00e7\u0131k hava al\u0131\u015fveri\u015f b\u00f6lgesi. \u00d6zellikle \u015e\u00fckran G\u00fcn\u00fc&#039;ndeki y\u0131ll\u0131k Plaza Ayd\u0131nlatma T\u00f6reni s\u0131ras\u0131nda al\u0131\u015fveri\u015f yapmak, yemek yemek ve insanlar\u0131 izlemek i\u00e7in pop\u00fcler bir yer.<\/li>\n<li><strong>Union \u0130stasyonu ve Bilim \u015eehri<\/strong> \u2013 Tarihi Union Station (1914&#039;te in\u015fa edilmi\u015ftir) art\u0131k restoranlar\u0131, etkile\u015fimli bir bilim merkezi (Bilim \u015eehri) ve ara s\u0131ra sergileri olan aile dostu bir cazibe merkezidir. (\u00c7ocuk dostudur ancak yeti\u015fkinler i\u00e7in de ilgi \u00e7ekicidir.)<\/li>\n<li><strong>Ta\u00e7 Merkezi<\/strong> \u2013 Union Station&#039;\u0131n biti\u015fi\u011finde bulunan Crown Center, Hallmark kurumsal merkezi, ma\u011fazalar ve Legoland Discovery Center&#039;\u0131n bulundu\u011fu karma kullan\u0131ml\u0131 bir komplekstir; aileler i\u00e7in harikad\u0131r. Yan\u0131nda, <strong>Crown Center Meydan\u0131<\/strong> mevsimsel etkinliklere (y\u0131ll\u0131k buz pateni pisti gibi) ev sahipli\u011fi yapar.<\/li>\n<li><strong>Kansas City Hayvanat Bah\u00e7esi<\/strong> \u2013 \u00dclkenin en iyi hayvanat bah\u00e7elerinden biri olan Swope Park&#039;ta yer al\u0131r (65 d\u00f6n\u00fcml\u00fck bir g\u00f6l\u00fcn etraf\u0131na in\u015fa edilmi\u015ftir). Filler, z\u00fcrafalar ve b\u00fcy\u00fck kedilerin bulundu\u011fu b\u00fcy\u00fck bir Afrika sergisinin yan\u0131 s\u0131ra Helzberg Penguen Meydan\u0131&#039;na sahiptir.<\/li>\n<li><strong>Bulvar Drive-In Sinemas\u0131<\/strong> \u2013 1950&#039;den beri faaliyet g\u00f6steren klasik bir a\u00e7\u0131k hava sinemas\u0131 deneyimi. Bu nostalji mekan\u0131, y\u0131ld\u0131zlar\u0131n alt\u0131nda yaz aylar\u0131nda \u00e7ift g\u00f6sterimler i\u00e7in yerel halk taraf\u0131ndan \u00e7ok seviliyor.<\/li>\n<li><strong>Nelson-Atkins Heykel Park\u0131 ve Su \u00d6zelli\u011fi<\/strong> \u2013 Nelson&#039;un arazisinde kapal\u0131 m\u00fczenin yan\u0131 s\u0131ra a\u00e7\u0131k hava heykelleri ve yaz ak\u015famlar\u0131nda renkli \u0131\u015f\u0131klarla ayd\u0131nlat\u0131lan devasa bir \u00e7e\u015fme de bulunuyor.<\/li>\n<\/ul>\n<p>Bunlar\u0131n \u00e7o\u011fu, \u00fccretsiz KC Streetcar \u015fehir merkezinde (River Market&#039;i \u015fehir merkezinden Union Station ve Crossroads&#039;a ba\u011flayan 2,2 mil uzunlu\u011funda bir hat) ile ke\u015ffedilebilir. Asl\u0131nda, KC&#039;nin son zamanlardaki kentsel canlanmas\u0131, yeni restoranlar, bira fabrikalar\u0131 ve kamusal sanat (bulvar\u0131n Boulevardia b\u00f6lgesi ve River Market) ile \u015fehir merkezini daha y\u00fcr\u00fcnebilir hale getirdi. T\u00fcm bunlar bir araya geldi\u011finde, cazibe merkezleri Kansas City&#039;nin Ortabat\u0131 miras\u0131n\u0131n (\u00e7e\u015fmeler, barbek\u00fc, caz) ve b\u00fcy\u00fck \u015fehir sanatlar\u0131n\u0131n ve e\u011flencesinin kar\u0131\u015f\u0131m\u0131n\u0131 vurgular.<\/p>\n<h2>Pratik Anl\u0131k G\u00f6r\u00fcnt\u00fc<\/h2>\n<p>Ana havaalan\u0131, \u015fehir merkezinin yakla\u015f\u0131k 15 mil kuzeybat\u0131s\u0131nda bulunan Kansas City Uluslararas\u0131 Havaalan\u0131&#039;d\u0131r (MCI, genellikle MCI \/ Kansas City olarak markalan\u0131r). MCI d\u00fczinelerce i\u00e7 hat u\u00e7u\u015fu (Chicago, Dallas, Denver, New York, vb.) ve birka\u00e7 uluslararas\u0131 rota (\u00f6rne\u011fin Londra veya Mexico City&#039;ye) sunmaktad\u0131r. Araba kullananlar i\u00e7in Kansas City, I-35 ve I-70 \u00fczerinden kolayca ula\u015f\u0131labilir. Trenle geliyorsan\u0131z, Amtrak&#039;\u0131n Kansas City istasyonu (Missouri&#039;de) Southwest Chief hatt\u0131 (k\u0131y\u0131dan k\u0131y\u0131ya rota) \u00fczerinden g\u00fcnl\u00fck seferler d\u00fczenler - ancak sefer saatleri s\u0131n\u0131rl\u0131d\u0131r. B\u00f6lgesel havaalanlar\u0131 (\u00f6rne\u011fin Kansas City, Kansas havaalan\u0131 veya Columbia Regional) \u00e7ok daha k\u00fc\u00e7\u00fckt\u00fcr, bu nedenle \u00e7o\u011fu gezgin MCI&#039;\u0131 kullan\u0131r.<\/p>\n<p>\u015eehir merkezindeki Free (KC) Tramvay sistemi, Main Street ve Grand Blvd boyunca (River Market&#039;ten Crown Center\/Union Station&#039;a kadar) rahat bir seyahat imk\u00e2n\u0131 sa\u011fl\u0131yor ve daha da \u00f6nemlisi, yolculuklar <em>\u00f6zg\u00fcr<\/em> yolculara. (Tramvay kuzeye do\u011fru uzat\u0131l\u0131yor ve 2025&#039;e kadar Westport ve Country Club Plaza&#039;ya ba\u011flanacak.) Ayr\u0131ca, \u015fehir metroyu kapsayan bir otob\u00fcs a\u011f\u0131 (RideKC) i\u015fletiyor; ancak, kentsel yay\u0131lma, banliy\u00f6 b\u00f6lgeleri ve yo\u011fun i\u015f gezileri i\u00e7in bir\u00e7ok ziyaret\u00e7inin kiral\u0131k arabalara, ara\u00e7 payla\u015f\u0131m\u0131na veya taksilere g\u00fcvenmesi anlam\u0131na geliyor. \u015eehir merkezindeki ve banliy\u00f6lerdeki (Hayvanat Bah\u00e7esi, Crown Center) \u00f6nemli turistik yerlere arabayla ula\u015fmak en iyisidir. \u015eehir merkezi ve Kav\u015faklar olduk\u00e7a y\u00fcr\u00fcyerek gezilebilir ve birka\u00e7 parkurda bisiklete binmek pop\u00fclerdir.<\/p>\n<p>Para birimi ABD dolar\u0131d\u0131r ve ana dil \u0130ngilizcedir (sakinlerin yakla\u015f\u0131k &#039;si Hispanik oldu\u011fundan, \u0130spanyolca b\u00f6lgesel olarak en yayg\u0131n ikinci dildir). Bah\u015fi\u015f verme ABD normlar\u0131na uygundur (restoranlarda -20). Kansas City s\u00fcr\u00fcc\u00fcleri ABD&#039;nin di\u011fer yerleriyle ayn\u0131 yol kurallar\u0131na uyar (sa\u011fdan direksiyon). G\u00fcvenlik hakk\u0131nda bir not: Kansas City&#039;nin \u015fehir merkezi genellikle g\u00fcnd\u00fczleri ve ak\u015fam erken saatlerde g\u00fcvenlidir (turistik b\u00f6lgelerde g\u00f6zle g\u00f6r\u00fcl\u00fcr bir polis varl\u0131\u011f\u0131 vard\u0131r), ancak herhangi bir b\u00fcy\u00fck \u015fehir gibi, geceleri \u00e7evrenin fark\u0131nda olunmal\u0131d\u0131r. Missouri Nehri b\u00f6lgesi ilkbaharda ta\u015fk\u0131nlara maruz kalabilir, bu nedenle nehir k\u0131y\u0131s\u0131ndaki parklara gitmeden \u00f6nce mevsimsel uyar\u0131lar\u0131 kontrol edin. Hava durumu i\u00e7in mevsime uygun giyinin - yazlar f\u0131rt\u0131naya meyilli olabilir, k\u0131\u015flar buz getirebilir.<\/p>\n<p>\u00d6zetle, Kansas City&#039;ye gelen bir ziyaret\u00e7i, sade bir havaya sahip b\u00fcy\u00fck \u015fehir olanaklar\u0131 beklemelidir. Altyap\u0131 (yollar, otel zincirleri, restoranlar) modern ve ziyaret\u00e7i dostudur. Sanat ve mutfa\u011fa verilen \u00f6nem, barbek\u00fc lokantalar\u0131n\u0131n yan\u0131nda uluslararas\u0131 yiyecekleri kolayca bulabilece\u011finiz anlam\u0131na gelir ve ge\u00e7inmek i\u00e7in gereken tek \u015fey \u0130ngilizce konu\u015fmakt\u0131r. Kansas City b\u00f6lgesinde birden fazla b\u00fcy\u00fck al\u0131\u015fveri\u015f ve k\u00fclt\u00fcr b\u00f6lgesi vard\u0131r, bu nedenle lojisti\u011fi planlamak yard\u0131mc\u0131 olur: \u00f6rne\u011fin, Downtown, Country Club Plaza ve Westport biti\u015fik de\u011fildir, bu nedenle aralar\u0131nda s\u00fcr\u00fc\u015f s\u00fcresi veya servis transferleri ay\u0131r\u0131n. Ancak genel olarak, KCMO iyi organize edilmi\u015f, arkada\u015f canl\u0131s\u0131d\u0131r ve \u0130ngilizce olarak bol miktarda tabelas\u0131 vard\u0131r, bu nedenle gezginler kendilerini hemen evlerinde hissederler.<a href=\"https:\/\/travelshelper.com\/tr\/hedefler\/kuzey-amerika\/amerika-birlesik-devletleri\/berkeley-springs\/\" target=\"_self\" aria-labelledby=\"uael-post-8997\"><br \/>\n<\/a><\/p>","protected":false},"excerpt":{"rendered":"<p>Kansas City, Missouri (genellikle KC veya KCMO olarak k\u0131salt\u0131l\u0131r), Missouri eyaletinin en kalabal\u0131k ve en geni\u015f \u015fehridir. S\u0131n\u0131rlar\u0131 Clay, Platte ve Cass il\u00e7elerine uzansa da Kansas City&#039;nin \u00e7o\u011fu Jackson \u0130l\u00e7esinde bulunur. Yakla\u015f\u0131k 2.392.035 n\u00fcfusa sahip olan ve Missouri-Kansas eyalet s\u0131n\u0131r\u0131n\u0131 kapsayan bu \u015fehir, Kansas City metropol alan\u0131n\u0131n merkezi merkezidir. 2020 n\u00fcfus say\u0131m\u0131na g\u00f6re, Ortabat\u0131&#039;n\u0131n alt\u0131nc\u0131 en kalabal\u0131k \u015fehri ve Amerika Birle\u015fik Devletleri&#039;nin 37. en kalabal\u0131k \u015fehri olan Kansas City&#039;nin n\u00fcfusu 508.090&#039;d\u0131.<\/p>","protected":false},"author":1,"featured_media":3057,"parent":8072,"menu_order":0,"comment_status":"closed","ping_status":"closed","template":"elementor_theme","meta":{"_eb_attr":"","footnotes":""},"class_list":["post-8139","page","type-page","status-publish","has-post-thumbnail"],"_links":{"self":[{"href":"https:\/\/travelshelper.com\/tr\/wp-json\/wp\/v2\/pages\/8139","targetHints":{"allow":["GET"]}}],"collection":[{"href":"https:\/\/travelshelper.com\/tr\/wp-json\/wp\/v2\/pages"}],"about":[{"href":"https:\/\/travelshelper.com\/tr\/wp-json\/wp\/v2\/types\/page"}],"author":[{"embeddable":true,"href":"https:\/\/travelshelper.com\/tr\/wp-json\/wp\/v2\/users\/1"}],"replies":[{"embeddable":true,"href":"https:\/\/travelshelper.com\/tr\/wp-json\/wp\/v2\/comments?post=8139"}],"version-history":[{"count":0,"href":"https:\/\/travelshelper.com\/tr\/wp-json\/wp\/v2\/pages\/8139\/revisions"}],"up":[{"embeddable":true,"href":"https:\/\/travelshelper.com\/tr\/wp-json\/wp\/v2\/pages\/8072"}],"wp:featuredmedia":[{"embeddable":true,"href":"https:\/\/travelshelper.com\/tr\/wp-json\/wp\/v2\/media\/3057"}],"wp:attachment":[{"href":"https:\/\/travelshelper.com\/tr\/wp-json\/wp\/v2\/media?parent=8139"}],"curies":[{"name":"wp","href":"https:\/\/api.w.org\/{rel}","templated":true}]}}