{"id":8130,"date":"2024-09-01T11:57:43","date_gmt":"2024-09-01T11:57:43","guid":{"rendered":"https:\/\/travelshelper.com\/staging\/?page_id=8130"},"modified":"2026-03-13T17:47:16","modified_gmt":"2026-03-13T17:47:16","slug":"jackson-hole","status":"publish","type":"page","link":"https:\/\/travelshelper.com\/tr\/destinations\/north-america\/united-states\/jackson-hole\/","title":{"rendered":"Jackson Hole"},"content":{"rendered":"<p>Kuzeybat\u0131 Wyoming&#039;in da\u011fl\u0131k arazisinde bulunan Jackson Hole, Amerikan Bat\u0131s\u0131&#039;n\u0131n \u00f6z\u00fcn\u00fc yans\u0131tan y\u00fcksek rak\u0131ml\u0131 bir vadi kasabas\u0131d\u0131r. Jackson kasabas\u0131 (genellikle sadece &#034;Jackson Hole&#034; olarak adland\u0131r\u0131l\u0131r) Teton County&#039;deki en b\u00fcy\u00fck topluluktur, ancak 2023 itibar\u0131yla bile k\u00fc\u00e7\u00fck kalmaya devam etmektedir - yakla\u015f\u0131k 10.700 sakini vard\u0131r. M\u00fctevaz\u0131 n\u00fcfusuna ra\u011fmen Jackson Hole, l\u00fcks bir tatil yeri ve a\u00e7\u0131k hava macera merkezi olarak b\u00fcy\u00fck bir \u00fcne sahiptir. Grand Teton Milli Park\u0131&#039;n\u0131n yak\u0131n\u0131nda (ve k\u0131smen i\u00e7inde) yer al\u0131r; dramatik Teton S\u0131rada\u011flar\u0131 hemen bat\u0131da y\u00fckselir ve Yellowstone&#039;un g\u00fcney s\u0131n\u0131r\u0131 yakla\u015f\u0131k 60 mil kuzeydedir. Bu do\u011fal da\u011f vadisi, 6.000 fit rak\u0131m\u0131n \u00fczerinde, Snake ve Gros Ventre Nehirleri taraf\u0131ndan oyulmu\u015ftur. \u0130klim da\u011f iklimidir: k\u0131sa s\u0131cak yazlar ve uzun, so\u011fuk k\u0131\u015flar. Jackson&#039;daki kasaba hayat\u0131 rahat ve a\u00e7\u0131k hava odakl\u0131d\u0131r; \u0130ngilizce birincil dildir ve 0 ABD vatanda\u015fl\u0131\u011f\u0131 oran\u0131n\u0131 ve \u00e7o\u011funlu\u011fu beyaz olan n\u00fcfusunu yans\u0131t\u0131r. (Yerel n\u00fcfusun yakla\u015f\u0131k \u00fc\u00e7te ikisi beyazd\u0131r ve b\u00fcy\u00fck oranda \u0130spanyolca konu\u015fan mevsimlik ve hizmet i\u015f\u00e7ileri sayesinde yakla\u015f\u0131k ,5&#039;lik b\u00fcy\u00fcyen bir Hispanik toplulu\u011fu vard\u0131r.)<\/p>\n<h2>Jackson Hole Rakamlarla<\/h2>\n<p>Belirtildi\u011fi gibi, Jackson Hole \u015fehir standartlar\u0131na g\u00f6re k\u00fc\u00e7\u00fckt\u00fcr - 2023&#039;te sadece yakla\u015f\u0131k 10,7 bin ki\u015fi. Ayr\u0131ca hane geliri a\u00e7\u0131s\u0131ndan ABD&#039;deki en zengin kasabalardan biridir: ortalama hane geliri y\u0131lda yakla\u015f\u0131k 112.600 dolard\u0131r ve ulusal ortalaman\u0131n \u00e7ok \u00fczerindedir. Ortalama ya\u015f yakla\u015f\u0131k 35&#039;tir (bir\u00e7ok gen\u00e7 yeti\u015fkin ve aileyi ve emekliyi g\u00f6sterir). Kasaba esasen 0 ABD vatanda\u015f\u0131d\u0131r ve &#039;dan fazlas\u0131 Beyazd\u0131r (\u0130spanyol k\u00f6kenli de\u011fildir), ancak belirtildi\u011fi gibi i\u015f g\u00fcc\u00fcn\u00fcn \u00f6nemli bir k\u0131sm\u0131 kendini \u0130spanyol k\u00f6kenli olarak tan\u0131mlamaktad\u0131r. Evde \u00e7ok az dil \u00e7e\u015fitlili\u011fi vard\u0131r - neredeyse t\u00fcm sakinler sadece \u0130ngilizce konu\u015ftuklar\u0131n\u0131 bildirmektedir.<\/p>\n<p>Yerel ekonomi turizm ve ilgili hizmetler etraf\u0131nda d\u00f6ner. Jackson Hole ve Teton County y\u0131lda bir milyondan fazla ziyaret\u00e7i \u00e7eker; 2022&#039;de b\u00f6lgeye yakla\u015f\u0131k 1,69 milyon ziyaret\u00e7i geldi ve yerel ekonomiye yakla\u015f\u0131k 1,65-1,7 milyar dolar enjekte etti. Bu harcama yakla\u015f\u0131k 7.900 i\u015fi (il\u00e7enin istihdam\u0131n\u0131n yakla\u015f\u0131k %7&#039;si) destekledi ve konaklama, yiyecek ve i\u00e7ecek, rekreasyon (kayak, y\u00fcr\u00fcy\u00fc\u015f turlar\u0131, bal\u0131k\u00e7\u0131l\u0131k rehberleri) ve perakendeyi i\u00e7erir. K\u0131sacas\u0131, say\u0131lar Jackson Hole&#039;un ge\u00e7im kayna\u011f\u0131n\u0131n tar\u0131m veya a\u011f\u0131r sanayiden ziyade do\u011fal cazibe merkezlerine - da\u011flar, yaban hayat\u0131, kayak - ba\u011fl\u0131 oldu\u011funu vurgulamaktad\u0131r. (Perspektif i\u00e7in, ki\u015fi ba\u015f\u0131na d\u00fc\u015fen ekonomik faaliyet muazzamd\u0131r; bir ki\u015fi Jackson&#039;\u0131n ekonomisinin turist harcamalar\u0131nda ki\u015fi ba\u015f\u0131na yakla\u015f\u0131k 160.000 dolar oldu\u011funu rahatl\u0131kla g\u00f6zlemleyebilir.)<\/p>\n<h2>Konum<\/h2>\n<p>Jackson Hole, bat\u0131daki Teton S\u0131rada\u011flar\u0131 ile do\u011fudaki Gros Ventre S\u0131rada\u011flar\u0131 aras\u0131nda bulunan yakla\u015f\u0131k 42 mil uzunlu\u011fundaki vadiyi ifade eder. Jackson kasabas\u0131 vadinin g\u00fcney ucuna yak\u0131n, Yellowstone Milli Park\u0131&#039;na yakla\u015f\u0131k 65 mil ve Grand Teton Milli Park\u0131&#039;na 10 mil uzakl\u0131ktad\u0131r. Greater Yellowstone Ekosisteminin bir par\u00e7as\u0131d\u0131r. Vadi taban\u0131 deniz seviyesinden ortalama 6.237 fit (1.900 m) y\u00fcksekliktedir. \u00c7evredeki zirveler etkileyicidir: Grand Teton 13.775 fit y\u00fcksekli\u011fe ula\u015f\u0131r. Bu da\u011flar klasik bir Rocky Da\u011flar\u0131 ortam\u0131 yarat\u0131r: alpin ormanlar, yabani nehirler ve ada\u00e7ay\u0131 \u00e7ay\u0131rlar\u0131. Vadi g\u00fcneyde Wyoming S\u0131rada\u011flar\u0131 ile bulu\u015fur; kuzeyde Snake Nehri Idaho&#039;ya do\u011fru akar.<\/p>\n<p>K\u0131tasal Ay\u0131r\u0131c\u0131 yak\u0131nlardan ge\u00e7er; asl\u0131nda, ABD Rotas\u0131 26\/89\/191, \u015fehrin yakla\u015f\u0131k 16 mil g\u00fcneyinde Teton Ge\u00e7idi&#039;ni (8.431 ft) ge\u00e7erek Idaho&#039;ya girer ve Jackson Hole&#039;u Idaho&#039;nun tatil b\u00f6lgesine (\u00f6rn. Victor, ID) ba\u011flar. K\u0131\u015f\u0131n, bu ge\u00e7it karl\u0131 olabilir, bu nedenle gezginler genellikle planlar\u0131n\u0131 buna g\u00f6re yaparlar. Yerel iklim serindir: ortalama yaz s\u0131cakl\u0131klar\u0131 70-80 \u00b0F (orta 20 \u00b0C) aras\u0131ndad\u0131r ve k\u0131\u015flar ortalama \u2013 ay: \u00f6rn. Ocak y\u00fcksek ~30 \u00b0F, d\u00fc\u015f\u00fck ~10 \u00b0F (\u20131 \u00b0C\/\u201312 \u00b0C). Kar ya\u011f\u0131\u015f\u0131 yo\u011fundur (sezon ba\u015f\u0131na 50+ in\u00e7) ve vadinin d\u00fcnyaca \u00fcnl\u00fc kayak merkezlerinin (Jackson Hole Mountain Resort, Snow King) Kas\u0131m&#039;dan Nisan&#039;a kadar faaliyet g\u00f6stermesini sa\u011flar. Burada al\u0131nt\u0131ya gerek yoktur, ancak veriler tarihsel olarak \u201322 \u00b0F ile +102 \u00b0F aras\u0131nda u\u00e7 de\u011ferler oldu\u011funu g\u00f6stermektedir.<\/p>\n<h2>Tarihsel Anl\u0131k G\u00f6r\u00fcnt\u00fc<\/h2>\n<p>Jackson Hole b\u00f6lgesi binlerce y\u0131ld\u0131r Yerli Amerikal\u0131lar taraf\u0131ndan iskan edilmi\u015ftir. Shoshone ve akraba kabileler (Bannock, Crow, Blackfoot, Gros Ventre) vadiyi mevsimsel olarak avlanma ve bal\u0131k tutma i\u00e7in kullan\u0131rlard\u0131. Kaynaklar ve \u00e7ay\u0131rlar tarafs\u0131z bir zemindi ve Shoshone-Bannock halk\u0131 i\u00e7in k\u00fclt\u00fcrel \u00f6nem ta\u015f\u0131yordu. Onlar i\u00e7in, kapl\u0131calar kutsal &#034;\u015fifal\u0131 sular&#034;d\u0131 ve asl\u0131nda bug\u00fcn bile bir\u00e7ok yerel anlat\u0131 kaynaklar\u0131n manevi de\u011ferini vurgular.<\/p>\n<p>Vadi, 19. y\u00fczy\u0131l\u0131n ba\u015flar\u0131nda Amerikal\u0131 da\u011f adamlar\u0131 ve k\u00fcrk avc\u0131lar\u0131 taraf\u0131ndan &#034;ke\u015ffedildi&#034;. Efsanevi 1822 Astor Seferi&#039;nin bir \u00fcyesi olan k\u00fcrk t\u00fcccar\u0131 David &#034;Davey&#034; Jackson&#039;\u0131n burada k\u0131\u015flad\u0131\u011f\u0131 ve vadiye ad\u0131n\u0131 verdi\u011fi s\u00f6yleniyor (aslen &#034;Davey Jackson&#039;s Hole&#034;). Vadi, onlarca y\u0131l boyunca seyrek yerle\u015fim yeri olarak kald\u0131; 1800&#039;lerin ortalar\u0131nda Oregon Trail ve California Trail rotalar\u0131n\u0131n bir par\u00e7as\u0131yd\u0131 ve g\u00f6\u00e7menler bat\u0131ya giderken yak\u0131nlardan ge\u00e7iyordu.<\/p>\n<p>Kal\u0131c\u0131 yerli olmayan yerle\u015fim ciddi anlamda 19. y\u00fczy\u0131l\u0131n sonlar\u0131nda ba\u015flad\u0131. \u00c7ift\u00e7iler 1870&#039;lerde yap\u0131lan anla\u015fmalar\u0131n ard\u0131ndan Fort Hall K\u0131z\u0131lderili Rezervasyonu topraklar\u0131n\u0131n bir par\u00e7as\u0131 olarak buraya ta\u015f\u0131nd\u0131 ve 1880&#039;lere gelindi\u011finde s\u0131\u011f\u0131r otlatma vadinin ba\u015fl\u0131ca end\u00fcstrisi haline gelmi\u015fti. Jackson kasabas\u0131 (aslen &#034;Jackson&#039;s Hole&#034; veya &#034;Fisher&#039;s Hollow&#034;) 1894&#039;te resmen adland\u0131r\u0131ld\u0131 ve o zamana kadar birka\u00e7 d\u00fczine binaya ve Y\u0131lan Nehri&#039;nin \u00fczerinden ge\u00e7en bir feribota sahipti. 1900&#039;de ilk \u015fehir plan\u0131 \u00e7izildi ve 1903&#039;te Jackson bir kasaba olarak dahil edildi.<\/p>\n<p>20. y\u00fczy\u0131l\u0131n ba\u015flar\u0131nda federal h\u00fck\u00fcmet yerel arazileri kamu parklar\u0131na d\u00f6n\u00fc\u015ft\u00fcrd\u00fc\u011f\u00fcnde bir d\u00f6n\u00fcm noktas\u0131 ya\u015fand\u0131. 1908-1912 y\u0131llar\u0131 aras\u0131nda Kongre, vadinin k\u0131\u015flayan geyikleri i\u00e7in ulusal bir geyik s\u0131\u011f\u0131na\u011f\u0131 yetkilendirdi; Jackson Hole Geyik S\u0131\u011f\u0131na\u011f\u0131 1912&#039;de resmen kuruldu ve binlerce geyik ve bizondan olu\u015fan kal\u0131c\u0131 bir pop\u00fclasyon sa\u011fland\u0131. Bu arada, 1929&#039;da Amerika Birle\u015fik Devletleri bat\u0131daki da\u011flar\u0131 koruyan Grand Teton Milli Park\u0131&#039;n\u0131 kurdu. Bu adland\u0131rmalar vadinin ekonomisini \u00e7ift\u00e7ilikten turizme kayd\u0131rd\u0131. Jackson Hole 1915&#039;te bir kasaba olarak kuruldu (ad\u0131 &#034;Jackson&#034; olarak k\u0131salt\u0131ld\u0131) ve Buhran d\u00f6neminde turizm (yaz otomobil turlar\u0131 ve \u00e7iftlikler) kasabay\u0131 canl\u0131 tuttu.<\/p>\n<p>II. D\u00fcnya Sava\u015f\u0131&#039;ndan sonra e\u011flence faaliyetlerinde patlama ya\u015fand\u0131. 1939&#039;da ilk kayak asans\u00f6r\u00fc kasaban\u0131n tam ortas\u0131ndaki Snow King Da\u011f\u0131&#039;na in\u015fa edildi ve 1954&#039;te kuzeybat\u0131daki Teton K\u00f6y\u00fc&#039;nde Jackson Hole Da\u011f Tatil K\u00f6y\u00fc a\u00e7\u0131ld\u0131. Bu geli\u015fmeler, 1946&#039;da Jackson Hole Havaalan\u0131&#039;n\u0131n ticari u\u00e7u\u015flara a\u00e7\u0131lmas\u0131yla birle\u015fince Jackson&#039;\u0131 ziyaret\u00e7iler i\u00e7in eri\u015filebilir hale getirdi. 20. y\u00fczy\u0131l\u0131n ikinci yar\u0131s\u0131nda Jackson Hole, s\u0131\u011f\u0131r yeti\u015ftiricili\u011fi yap\u0131lan bir topluluktan d\u00fcnyaca \u00fcnl\u00fc bir tatil beldesine d\u00f6n\u00fc\u015ft\u00fc - yine de belirgin bir Bat\u0131l\u0131 &#034;kovboy&#034; kimli\u011fini korudu.<\/p>\n<p>Bug\u00fcn, Jackson&#039;\u0131n ge\u00e7mi\u015finden baz\u0131 unsurlar varl\u0131\u011f\u0131n\u0131 s\u00fcrd\u00fcr\u00fcyor: Town Square&#039;deki klasik boynuz kemerleri (1953&#039;te s\u0131\u011f\u0131nakta toplanan geyik boynuzlar\u0131ndan in\u015fa edildi) s\u0131n\u0131r miras\u0131n\u0131 simgeliyor. Yerel tarihi alanlar (1953&#039;ten Jackson Hole Rodeo arenas\u0131, Point Bar locas\u0131 ve 1922 Stage Barn M\u00fczesi) eski \u00f6nc\u00fc ve \u00e7ift\u00e7ilik k\u00fclt\u00fcr\u00fcn\u00fc koruyor. K\u0131sacas\u0131, Jackson Hole&#039;un tarihi, K\u0131z\u0131lderili y\u00f6netimi, engebeli da\u011f yerle\u015fimi ve son olarak koruma odakl\u0131 turizmin hikayesidir.<\/p>\n<h2>K\u00fclt\u00fcrel Atmosfer<\/h2>\n<p>Jackson Hole&#039;un yerel karakteri, Eski Bat\u0131 cazibesi, a\u00e7\u0131k hava gayriresm\u00eeli\u011fi ve l\u00fcks tatil yeri konforlar\u0131n\u0131n bir kar\u0131\u015f\u0131m\u0131d\u0131r. Neredeyse herkes \u0130ngilizce konu\u015fur; \u0130spanyol toplulu\u011funun b\u00fcy\u00fckl\u00fc\u011f\u00fc g\u00f6z \u00f6n\u00fcne al\u0131nd\u0131\u011f\u0131nda, restoranlarda ve ma\u011fazalarda \u0130spanyolca da duyacaks\u0131n\u0131z (sakinlerin yakla\u015f\u0131k &#039;\u00fc kendilerini \u0130spanyol veya Latin olarak tan\u0131ml\u0131yor). Aile hayat\u0131 ve a\u00e7\u0131k hava rekreasyonu g\u00fcnl\u00fck rutinleri \u015fekillendirir: bir\u00e7ok yerel g\u00fcne kayak veya y\u00fcr\u00fcy\u00fc\u015f yaparak ba\u015flar ve i\u015flerini terlik ve kot pantolonla halleder. Yo\u011fun saatlerde bir zihniyet yoktur - tempo rahat ama \u00e7al\u0131\u015fkand\u0131r. Misafirperverlik s\u0131cakt\u0131r; d\u00fckkan sahipleri ve otel personeli ziyaret\u00e7ileri dost\u00e7a bir &#034;merhaba&#034; veya &#034;Jackson&#039;a ho\u015f geldiniz&#034; ile kar\u015f\u0131lama e\u011filimindedir.<\/p>\n<p>Gelenekler ve festivaller bu Bat\u0131 ruhunu yans\u0131t\u0131r. Jackson Hole Bulu\u015fma G\u00fcnleri (D\u00f6rd\u00fcnc\u00fc Temmuz civar\u0131nda d\u00fczenlenir) ge\u00e7it t\u00f6renleri, yemekli yemek vagonlar\u0131, havai fi\u015fekler ve rodeo ile pop\u00fcler bir miras etkinli\u011fidir. (Y\u0131ll\u0131k 4 Temmuz kutlamas\u0131, hay\u0131r kurumuna yard\u0131m etmek i\u00e7in havai fi\u015fekler ve ne\u015feli bir lastik \u00f6rdek nehir yar\u0131\u015f\u0131 i\u00e7erir.) Snow King Mountain her y\u0131l Ocak ay\u0131nda &#034;Ate\u015f ve Buz&#034;a ev sahipli\u011fi yapar - buz heykel yar\u0131\u015fmalar\u0131, havai fi\u015fekler ve kayak etkinlikleri i\u00e7eren bir k\u0131\u015f karnaval\u0131. Yaz sonlar\u0131nda, Jackson Hole Sonbahar Sanat Festivali (1980&#039;lerden beri) yerel sanat\u00e7\u0131lar\u0131, m\u00fczi\u011fi ve kovboy \u015fiirini sergiler. Yerel kul\u00fcpler ve hay\u0131r kurumlar\u0131 ayr\u0131ca yaz boyunca rodeolar, polo ma\u00e7lar\u0131 ve da\u011f m\u00fczi\u011fi etkinlikleri d\u00fczenler.<\/p>\n<p>Festivalleri bir kenara b\u0131rak\u0131rsak, Jackson&#039;\u0131n k\u00fclt\u00fcrel kalbi do\u011fal d\u00fcnyay\u0131 kucaklamas\u0131ndad\u0131r. Bir\u00e7ok yaz ak\u015fam\u0131 kasabal\u0131lar\u0131 Town Square&#039;de (George Washington Memorial Park) gezinirken, ikonik geyik boynuzu kemerlerinin alt\u0131nda dirseklerini \u00e7arp\u0131\u015ft\u0131r\u0131rken bulabilirsiniz. Sanat galerileri Bat\u0131 temal\u0131 ve yaban hayat\u0131 sanat\u0131na sahiptir (Ulusal Yaban Hayat\u0131 Sanat\u0131 M\u00fczesi geyik s\u0131\u011f\u0131na\u011f\u0131na bakmaktad\u0131r). Sporlarda, hemen hemen her sakin en az\u0131ndan amat\u00f6r bir kayak veya bisiklet tutkunudur. Dikkat \u00e7ekici bir e\u015fitlik\u00e7i \u00e7izgi vard\u0131r: kayak botlar\u0131yla bir milyarderin bir park bek\u00e7isiyle sohbet etti\u011fini g\u00f6rmek nadir de\u011fildir. K\u0131sacas\u0131, Jackson Hole sofistike bir k\u0131rsal k\u00f6y gibi hissettirir: samimi, biraz rustik, ancak \u00e7ok aranan bir yer olmaktan kaynaklanan d\u00fcnyasal bir \u00f6zg\u00fcvenle renklendirilmi\u015f.<\/p>\n<h2>En \u0130yi Gezilecek Yerler<\/h2>\n<p>Jackson Hole&#039;un ilgi \u00e7ekici yerleri \u00e7o\u011funlukla a\u00e7\u0131k hava ve manzara deneyimleridir, ancak ayn\u0131 zamanda benzersiz kapal\u0131 mekan manzaralar\u0131 da i\u00e7erir. G\u00f6r\u00fclmesi gereken \u00f6nemli noktalar \u015funlard\u0131r:<\/p>\n<ul>\n<li><strong>Grand Teton Milli Park\u0131<\/strong> \u2013 \u015eehrin hemen kuzeyindeki bu park, unutulmaz da\u011f manzaralar\u0131 sunar. Ziyaret\u00e7iler Jenny G\u00f6l\u00fc&#039;ne (y\u00fcr\u00fcy\u00fc\u015f, tekne turlar\u0131), Signal Da\u011f\u0131&#039;na (bak\u0131\u015f noktalar\u0131) ve manzaral\u0131 Teton S\u0131rada\u011flar\u0131&#039;na ak\u0131n eder. Yaban hayat\u0131 izleme (geyik, ay\u0131, geyik) \u00f6zellikle sabah\u0131n erken saatlerinde m\u00fckemmeldir.<\/li>\n<li><strong>Ulusal Elk S\u0131\u011f\u0131na\u011f\u0131<\/strong> \u2013 Her k\u0131\u015f binlerce geyi\u011fe ev sahipli\u011fi yapan, Jackson&#039;\u0131n do\u011fusundaki 24.000 d\u00f6n\u00fcml\u00fck s\u0131\u011f\u0131nak, yaban hayat\u0131 safarileri (k\u0131\u015f\u0131n kar arabas\u0131 turlar\u0131) sa\u011fl\u0131yor. S\u0131\u011f\u0131nak, Jackson Hole geyik s\u00fcr\u00fcs\u00fcn\u00fc ve bizonlar\u0131n\u0131 koruyor ve Town Square&#039;deki muhte\u015fem boynuz kemerli &#034;a\u011flar&#034; bu s\u0131\u011f\u0131nakta bulunan geyik boynuzlar\u0131ndan in\u015fa edildi.<\/li>\n<li><strong>Jackson \u015eehir Meydan\u0131<\/strong> \u2013 Rustik ah\u015fap Town Square, d\u00f6rt geyik boynuzu kemeri ve bronz bir geyik heykeliyle \u00f6ne \u00e7\u0131kan Jackson&#039;\u0131n merkezidir. Galeriler, ma\u011fazalar ve tarihi Million Dollar Cowboy Bar (bat\u0131 dekorlu \u00fcnl\u00fc bir bar) ile \u00e7evrilidir. Town Square, yaz ak\u015famlar\u0131nda yerel halk\u0131n ve ziyaret\u00e7ilerin bir araya geldi\u011fi yerdir.<\/li>\n<li><strong>Jackson Hole Da\u011f Tatil K\u00f6y\u00fc (Teton K\u00f6y\u00fc)<\/strong> \u2013 \u015eehrin hemen bat\u0131s\u0131nda d\u00fcnya standartlar\u0131nda bir kayak alan\u0131 (ve yaz tramvay\u0131). K\u0131\u015f\u0131n dik pistler ve derin kar sunuyor; yaz\u0131n ise Rendezvous Peak&#039;e do\u011fru alpin y\u00fcr\u00fcy\u00fc\u015f, da\u011f bisikleti ve panoramik hava tramvay\u0131 yolculuklar\u0131 sunuyor.<\/li>\n<li><strong>Kar Kral\u0131 Da\u011f\u0131<\/strong> \u2013 Jackson&#039;\u0131n tam merkezinde bulunan Snow King, kasaban\u0131n yerel kayak tepesi ve rekreasyon alan\u0131d\u0131r. Yaz\u0131n pop\u00fcler bir da\u011f treni ve yaban hayat\u0131 parkuru vard\u0131r ve k\u0131\u015f\u0131n arazi park\u0131 snowboardcular\u0131 \u00e7eker.<\/li>\n<li><strong>Ulusal Yaban Hayat\u0131 Sanat M\u00fczesi<\/strong> \u2013 \u015eehrin kuzeydo\u011fusundaki Elk S\u0131\u011f\u0131na\u011f\u0131&#039;na bakan bu m\u00fcze, birinci s\u0131n\u0131f bir hayvan ve Bat\u0131 sanat\u0131 koleksiyonuna ev sahipli\u011fi yap\u0131yor. Hatta binan\u0131n kendisi bile (bir kaya \u00e7\u0131k\u0131nt\u0131s\u0131n\u0131n \u015feklinden esinlenerek) foto\u011frafta \u00f6ne \u00e7\u0131kan bir \u00f6zellik.<\/li>\n<li><strong>Jackson Hole Tarih Derne\u011fi ve M\u00fczesi<\/strong> \u2013 Town Square&#039;in yak\u0131n\u0131nda bulunan bu m\u00fcze ve ara\u015ft\u0131rma merkezinde, yerli Amerikan ya\u015fam\u0131ndan, k\u00fcrk avc\u0131l\u0131\u011f\u0131 d\u00f6nemlerinden ve erken Jackson d\u00f6neminden eserler de dahil olmak \u00fczere vadi tarihine dair sergiler yer al\u0131yor.<\/li>\n<li><strong>Jackson Hole Rodeosu<\/strong> \u2013 Haziran&#039;dan A\u011fustos&#039;a kadar, Jackson yak\u0131nlar\u0131ndaki g\u00fczel rodeo arenas\u0131nda haftada \u00fc\u00e7 gece profesyonel rodeolar d\u00fczenleniyor ve bo\u011fa binme, varil yar\u0131\u015f\u0131 ve ip atma gibi kovboy k\u00fclt\u00fcr\u00fcn\u00fcn e\u011flenceli bir par\u00e7as\u0131 sergileniyor. (Burada bo\u011fa binme, Ulusal Final Rodeo elemelerinden biridir.)<\/li>\n<li><strong>Ulusal Yaban Hayat\u0131 Sanat M\u00fczesi<\/strong> \u2013 M\u00fczenin Bat\u0131 ve yaban hayat\u0131 resim ve heykel koleksiyonu d\u00fcnya standartlar\u0131ndad\u0131r. Manzaral\u0131 konumu Ulusal Elk S\u0131\u011f\u0131na\u011f\u0131&#039;na bakmaktad\u0131r ve bu da onu ikili bir cazibe merkezi (sanat art\u0131 panorama) haline getirir.<\/li>\n<\/ul>\n<p>Bu cazibe merkezlerinin her biri, insanlar\u0131n Jackson Hole&#039;a gelme sebebini temsil ediyor: g\u00f6rkemli manzara, yaban hayat\u0131 ve Bat\u0131 miras\u0131n\u0131n tad\u0131. \u0130ster engebeli bir tepeden a\u015fa\u011f\u0131 kayakla kay\u0131n, ister kasabadaki geyik boynuzu kemerlerinin alt\u0131nda y\u00fcr\u00fcy\u00fcn, &#034;hole&#034; - yerlilerin vadiye verdi\u011fi ad - unutulmaz deneyimler sunuyor.<\/p>\n<h2>Pratik Anl\u0131k G\u00f6r\u00fcnt\u00fc<\/h2>\n<p>Jackson Hole&#039;un benzersiz havaliman\u0131 (Jackson Hole Havaliman\u0131, IATA kodu JAC), ABD&#039;de tamamen bir ulusal park\u0131n (Grand Teton NP) i\u00e7inde yer alan tek ticari havaliman\u0131d\u0131r. U\u00e7u\u015flar nispeten s\u0131n\u0131rl\u0131d\u0131r: \u00e7o\u011fu ziyaret\u00e7i Denver, Salt Lake City veya Seattle gibi b\u00fcy\u00fck bat\u0131 \u015fehirlerinden tek durakl\u0131 ba\u011flant\u0131larla gelir. K\u0131\u015f\u0131n, u\u00e7u\u015flara \u00f6zellikle talep vard\u0131r. Havaliman\u0131, \u015fehrin yakla\u015f\u0131k 20 dakika (10-12 mil) g\u00fcneyindedir. Daha geni\u015f u\u00e7u\u015f se\u00e7enekleri i\u00e7in, Salt Lake City (UT) ve Idaho Falls (ID) havalimanlar\u0131 s\u0131ras\u0131yla ~200 ve 100 mil uzakl\u0131ktad\u0131r, ancak buralardan Jackson&#039;a ula\u015fmak uzun s\u00fcr\u00fc\u015fler gerektirir.<\/p>\n<p>Karayoluyla, ABD Rotalar\u0131 26, 89 ve 191&#039;in hepsi Jackson&#039;da birle\u015fir. I-15 yakla\u015f\u0131k 40 mil g\u00fcneydedir (Victor, ID&#039;ye) ve Teton Ge\u00e7idi \u00fczerinden Jackson&#039;a ba\u011flan\u0131r. K\u0131\u015f f\u0131rt\u0131nalar\u0131 s\u0131ras\u0131nda, Teton Ge\u00e7idi rotas\u0131 zorlu olabilir; kar temizleme \u00e7o\u011fu zaman ge\u00e7ilebilir olmas\u0131n\u0131 sa\u011flar, ancak gezginler buna g\u00f6re plan yapmal\u0131d\u0131r. Jackson Hole&#039;a yolcu treni hizmeti yoktur. Yo\u011fun sezonlarda \u015fehirleraras\u0131 otob\u00fcs hizmeti (\u00f6rne\u011fin Express Arrow) Salt Lake City ve Denver&#039;dan \u00e7al\u0131\u015f\u0131r.<\/p>\n<p>Jackson&#039;da, kompakt Town Square b\u00f6lgesinde (ma\u011fazalar\u0131 ve galerileriyle) y\u00fcr\u00fcyerek dola\u015fmak kolayd\u0131r. Kasaba, yaz aylar\u0131nda her 20 dakikada bir sefer yapan \u00fccretsiz bir \u015fehir merkezi servisi (&#034;START Otob\u00fcs\u00fc&#034;) i\u015fletmektedir. Kasaba d\u0131\u015f\u0131ndaki yerler (\u00f6rne\u011fin kayak alanlar\u0131 veya Grand Teton NP) i\u00e7in \u00e7o\u011fu ziyaret\u00e7i araba kiralar veya servis\/taksi kullan\u0131r. Yerel toplu ta\u015f\u0131ma (&#034;START Otob\u00fcs\u00fc&#034;), Teton K\u00f6y\u00fc&#039;ne ve oradan Grand Teton NP&#039;ye kadar da\u011fa do\u011fru \u00fccret bazl\u0131 bir rota i\u00e7erir. Vadinin asfalt yollar\u0131nda bisiklete binmek pop\u00fclerdir ve Uber\/Lyft taksileri burada \u00e7al\u0131\u015f\u0131r (ancak turist sezonlar\u0131nda fiyat art\u0131\u015flar\u0131 olabilir).<\/p>\n<p>Jackson Hole, ABD para birimini (ABD Dolar\u0131) kullan\u0131r ve Amerikan bah\u015fi\u015f gelene\u011fi ge\u00e7erlidir (restoranlarda ve rehberli turlarda yakla\u015f\u0131k -20). Her yerde \u0130ngilizce konu\u015fulur; kasabada yabanc\u0131 dile gerek yoktur. Vadinin y\u00fcksek rak\u0131m\u0131 (6.000+ ft) g\u00fcne\u015fin g\u00fc\u00e7l\u00fc oldu\u011fu anlam\u0131na gelir; ziyaret\u00e7iler g\u00fcne\u015f kremi kullanmal\u0131 ve susuz kalmamal\u0131d\u0131r. K\u0131\u015f ziyaret\u00e7ileri, da\u011f ko\u015fullar\u0131 h\u0131zla de\u011fi\u015febilece\u011finden, g\u00fcn i\u00e7inde bile s\u0131cak katmanlar ta\u015f\u0131mal\u0131d\u0131r. Yaban hayat\u0131n\u0131n g\u00fcvenli\u011fi \u00f6nemlidir: Ay\u0131lardan ve kurtlardan her zaman en az 25 metre ve bizonlardan 100 metre uzak durun (NPS, \u00f6zellikle yavrular\u0131 olan geyiklere uzaktan bakmay\u0131 \u00f6neriyor). B\u00f6lge, su\u00e7 a\u00e7\u0131s\u0131ndan \u00e7ok g\u00fcvenlidir (kasabada kilitli kap\u0131lar bulmak nadirdir); en \u00f6nemli dikkat edilmesi gereken \u015fey, sadece y\u00fcksekli\u011fe ve yaban hayat\u0131na haz\u0131rl\u0131kl\u0131 olmakt\u0131r.<\/p>\n<p>K\u0131sacas\u0131, Jackson Hole rustik Bat\u0131 cazibesi ve modern tatil yeri olanaklar\u0131n\u0131n bir kar\u0131\u015f\u0131m\u0131n\u0131 sunar. Takvimini mevsimsel vurgular\u2014k\u0131\u015f\u0131n kayak, yaz\u0131n y\u00fcr\u00fcy\u00fc\u015f\u2014y\u00f6nlendirir, ancak y\u0131l boyunca ayn\u0131 pratik hususlar ge\u00e7erlidir: \u0130ngilizce konu\u015fan, bah\u015fi\u015f dostu, bol miktarda nakit\/kart kabul eden ve rahat ama bilin\u00e7li bir a\u00e7\u0131k hava ya\u015fam tarz\u0131.<a href=\"https:\/\/travelshelper.com\/tr\/hedefler\/kuzey-amerika\/amerika-birlesik-devletleri\/berkeley-springs\/\" target=\"_self\" aria-labelledby=\"uael-post-8997\"><br \/>\n<\/a><\/p>","protected":false},"excerpt":{"rendered":"<p>\u0130lk ka\u015fifler taraf\u0131ndan bir zamanlar Jackson&#039;\u0131n Deli\u011fi olarak adland\u0131r\u0131lan Jackson Hole, Wyoming&#039;de, Teton County&#039;deki Idaho s\u0131n\u0131r\u0131na yak\u0131n, g\u00f6rkemli Gros Ventre ve Teton s\u0131rada\u011flar\u0131n\u0131n kucaklad\u0131\u011f\u0131 \u00e7arp\u0131c\u0131 bir vadidir. Bazen da\u011f adamlar\u0131 olarak da bilinen ilk tuzak\u00e7\u0131lar, b\u00fcy\u00fck da\u011f vadilerini tan\u0131mlamak i\u00e7in ustal\u0131kla &#034;delik&#034; terimini uydurdular. Yumu\u015fak k\u0131vr\u0131mlar\u0131yla tan\u0131mlanan bu vadiler, b\u00fcy\u00fck da\u011flarla kucaklanm\u0131\u015f ve kunduzlar ve di\u011fer k\u00fcrkl\u00fc hayvanlar i\u00e7in ideal bir s\u0131\u011f\u0131nak yaratmak \u00fczere nehirler ve akarsularla i\u00e7 i\u00e7e ge\u00e7mi\u015ftir. Jackson Hole, 55 milden (89 km) uzunlu\u011fa zarif bir \u015fekilde uzan\u0131r ve 6 ila 13 mil (10 ila 21 km) aras\u0131nda rafine bir geni\u015fli\u011fe sahiptir. Ortalama 6.800 fit (2.100 metre) y\u00fcksekli\u011fe y\u00fckselen buras\u0131, en g\u00fczel g\u00fczelli\u011fi 6.350 fitte (1.940 metre) g\u00fcney park s\u0131n\u0131r\u0131nda bulunan nefes kesici bir graben vadisidir.<\/p>","protected":false},"author":1,"featured_media":3850,"parent":8072,"menu_order":0,"comment_status":"closed","ping_status":"closed","template":"elementor_theme","meta":{"_eb_attr":"","footnotes":""},"class_list":["post-8130","page","type-page","status-publish","has-post-thumbnail"],"_links":{"self":[{"href":"https:\/\/travelshelper.com\/tr\/wp-json\/wp\/v2\/pages\/8130","targetHints":{"allow":["GET"]}}],"collection":[{"href":"https:\/\/travelshelper.com\/tr\/wp-json\/wp\/v2\/pages"}],"about":[{"href":"https:\/\/travelshelper.com\/tr\/wp-json\/wp\/v2\/types\/page"}],"author":[{"embeddable":true,"href":"https:\/\/travelshelper.com\/tr\/wp-json\/wp\/v2\/users\/1"}],"replies":[{"embeddable":true,"href":"https:\/\/travelshelper.com\/tr\/wp-json\/wp\/v2\/comments?post=8130"}],"version-history":[{"count":0,"href":"https:\/\/travelshelper.com\/tr\/wp-json\/wp\/v2\/pages\/8130\/revisions"}],"up":[{"embeddable":true,"href":"https:\/\/travelshelper.com\/tr\/wp-json\/wp\/v2\/pages\/8072"}],"wp:featuredmedia":[{"embeddable":true,"href":"https:\/\/travelshelper.com\/tr\/wp-json\/wp\/v2\/media\/3850"}],"wp:attachment":[{"href":"https:\/\/travelshelper.com\/tr\/wp-json\/wp\/v2\/media?parent=8130"}],"curies":[{"name":"wp","href":"https:\/\/api.w.org\/{rel}","templated":true}]}}