{"id":8116,"date":"2024-09-01T02:05:01","date_gmt":"2024-09-01T02:05:01","guid":{"rendered":"https:\/\/travelshelper.com\/staging\/?page_id=8116"},"modified":"2026-03-13T17:47:37","modified_gmt":"2026-03-13T17:47:37","slug":"indianapolis","status":"publish","type":"page","link":"https:\/\/travelshelper.com\/tr\/destinations\/north-america\/united-states\/indianapolis\/","title":{"rendered":"Indianapolis"},"content":{"rendered":"<p>Indiana&#039;n\u0131n ba\u015fkenti ve en b\u00fcy\u00fck \u015fehri olan Indianapolis, Ortabat\u0131 k\u00fclt\u00fcr\u00fcn\u00fcn ve ticaretinin \u00f6nemli bir merkezidir. Genellikle &#034;\u00c7ember \u015eehir&#034; ve &#034;Amerika&#039;n\u0131n Kav\u015fa\u011f\u0131&#034; lakapl\u0131 Indy, yakla\u015f\u0131k 880.000 n\u00fcfusu (2020 n\u00fcfus say\u0131m\u0131) ve 2 milyondan fazla metropol alan\u0131yla eyaletin kentsel kalbini olu\u015fturur. Orta Indiana&#039;da White Nehri&#039;nin (Fall Creek ile birle\u015fti\u011fi noktada) iki yan\u0131nda yer al\u0131r. G\u00fcn\u00fcm\u00fczde Indianapolis, s\u0131cak ve nemli yazlar ve so\u011fuk k\u0131\u015flar iklimine sahip verimli M\u0131s\u0131r Ku\u015fa\u011f\u0131&#039;nda yer alan \u00f6nemli bir ula\u015f\u0131m ve da\u011f\u0131t\u0131m merkezidir (karayolu, demiryolu ve hava yolu). Ekonomisi geni\u015ftir: Indianapolis, ila\u00e7 ve otomotivden teknoloji ve sa\u011fl\u0131k hizmetlerine kadar end\u00fcstrilerin y\u00f6nlendirdi\u011fi yakla\u015f\u0131k 28. b\u00fcy\u00fck ABD metro ekonomisi olarak s\u0131ralan\u0131r. Ge\u00e7ti\u011fimiz on y\u0131llarda \u015fehrin n\u00fcfusu ve etkisi \u00f6nemli \u00f6l\u00e7\u00fcde artm\u0131\u015f ve art\u0131k \u00e7e\u015fitlendirilmi\u015f bir yerel ekonomiye g\u00fc\u00e7 vermektedir.<\/p>\n<h2>Indianapolis Rakamlarla<\/h2>\n<p>Indianapolis&#039;in kendisi (birle\u015fik \u015fehir-il\u00e7e) 2020 say\u0131m\u0131na g\u00f6re 887.642 sakine sahipti. Son y\u0131llarda \u015fehir n\u00fcfusu bu seviyeye yak\u0131n bir yerde sabitlenirken, daha geni\u015f Indianapolis metropol b\u00f6lgesi 2 milyonu a\u015ft\u0131. Metropol ekonomisi 145 milyar dolar\u0131 a\u015ft\u0131 (2019 verileri), bu da onu \u00fclkenin yakla\u015f\u0131k 28. en b\u00fcy\u00fc\u011f\u00fc yap\u0131yor. \u015eehir, \u0131rk ve etnik k\u00f6kene g\u00f6re giderek daha \u00e7e\u015fitli hale geliyor. Hispanik olmayan beyazlar n\u00fcfusun yakla\u015f\u0131k yar\u0131s\u0131n\u0131 (yakla\u015f\u0131k -54), Afrikal\u0131 Amerikal\u0131lar yakla\u015f\u0131k &#039;ini ve sakinlerin yakla\u015f\u0131k -13&#039;\u00fc kendilerini Hispanik veya Latin olarak tan\u0131ml\u0131yor. Daha k\u00fc\u00e7\u00fck Asyal\u0131lar (yakla\u015f\u0131k %4) ve \u00e7ok \u0131rkl\u0131 topluluklar da katk\u0131da bulunuyor. Ortanca ya\u015f 30&#039;lar\u0131n ortas\u0131nda ve ortanca hane geliri 63.000 dolar civar\u0131nda. Yoksulluk oran\u0131n\u0131n y\u00fczde 10&#039;lar\u0131n ortas\u0131nda oldu\u011fu Indianapolis&#039;in ya\u015fam standard\u0131 ulusal normlarla hemen hemen ayn\u0131 seviyededir (ya\u015fam maliyeti ulusal ortalaman\u0131n yakla\u015f\u0131k y\u00fczde 7 alt\u0131ndad\u0131r).<\/p>\n<p>Ekonomik olarak, Indianapolis ve b\u00f6lgesi geli\u015fmi\u015f \u00fcretim, ya\u015fam bilimleri, lojistik ve hizmet end\u00fcstrilerinin bir kar\u0131\u015f\u0131m\u0131na sahiptir. \u00d6zellikle, \u015fehir bir\u00e7ok Fortune 500 \u015firketine (sa\u011fl\u0131k, sigorta, ila\u00e7) ev sahipli\u011fi yapar ve b\u00f6lge ila\u00e7 ve hayvan sa\u011fl\u0131\u011f\u0131 alan\u0131nda k\u00fcresel bir liderdir. (\u00d6rne\u011fin, Eli Lilly&#039;nin merkezi yak\u0131ndad\u0131r.) Di\u011fer \u00f6nemli sekt\u00f6rler aras\u0131nda otomotiv ve havac\u0131l\u0131k \u00fcretimi, bilgi teknolojisi ve finans yer al\u0131r. Ula\u015f\u0131m merkezidir: Indianapolis&#039;in havaalan\u0131, tren istasyonlar\u0131 ve otoyol kav\u015faklar\u0131 Corn Belt i\u00e7in bir merkez g\u00f6revi g\u00f6r\u00fcr. Asl\u0131nda, yak\u0131n tarihli bir \u00f6zet, Indy&#039;nin ekonomisinin ABD&#039;de 28. s\u0131rada yer ald\u0131\u011f\u0131n\u0131 ve &#034;ila\u00e7lardan ve ula\u015f\u0131mdan teknolojiye ve sa\u011fl\u0131k hizmetlerine&#034; kadar uzanan \u00f6nemli bir end\u00fcstri konsantrasyonuna sahip oldu\u011funu belirtiyor. Sa\u011fl\u0131k hizmetleri de \u00f6nemli bir yerel sekt\u00f6rd\u00fcr (birka\u00e7 b\u00fcy\u00fck hastane sistemi ve Indiana \u00dcniversitesi&#039;nin t\u0131p merkezi ile). Genel olarak, Indianapolis bug\u00fcn Ortabat\u0131 end\u00fcstriyel k\u00f6klerini (\u00fcretim, lojistik) b\u00fcy\u00fcyen y\u00fcksek teknoloji ve ara\u015ft\u0131rma end\u00fcstrileriyle harmanlayan bir ekonomiye sahiptir.<\/p>\n<h2>Konum<\/h2>\n<p>Co\u011frafi olarak Indianapolis, Kuzey Amerika&#039;n\u0131n do\u011fu-orta Ortabat\u0131s\u0131nda, Indiana eyaletinde (Ortabat\u0131 Amerika Birle\u015fik Devletleri) yer al\u0131r. \u015eehir esasen d\u00fcz ila hafif engebelidir ve geni\u015f B\u00fcy\u00fck G\u00f6ller Ovas\u0131 ve Corn Belt b\u00f6lgesinin bir par\u00e7as\u0131d\u0131r. Marion County&#039;nin merkezinde, White Nehri&#039;nin (Fall Creek&#039;in a\u011fz\u0131nda) \u00fczerinde yer al\u0131r. \u00c7evresindeki manzara, da\u011flar veya k\u0131y\u0131lar yerine \u00f6ncelikle tar\u0131m arazileri ve kentsel geli\u015fimdir. \u015eehir, Cincinnati&#039;nin yakla\u015f\u0131k 115 mil bat\u0131s\u0131nda ve Louisville&#039;in 170 mil kuzeyindedir. Eyaletleraras\u0131 Karayollar\u0131 I-65, I-70 ve I-74, \u015fehir merkezinde veya yak\u0131n\u0131nda birle\u015ferek onu kelimenin tam anlam\u0131yla &#034;Amerika&#039;n\u0131n Kav\u015fa\u011f\u0131&#034; yapar.<\/p>\n<p>Indianapolis nemli karasal iklime (K\u00f6ppen Dfa) sahiptir. Yazlar s\u0131cak ila s\u0131cak ve nemlidir, k\u0131\u015flar so\u011fuktur (genellikle karl\u0131) ve ya\u011f\u0131\u015f y\u0131l boyunca orta d\u00fczeydedir. Ortalama yaz s\u0131cakl\u0131klar\u0131 s\u0131kl\u0131kla nemle 80&#039;lerin-90&#039;lar\u0131n \u00b0F&#039;sine (yakla\u015f\u0131k 30-35 \u00b0C) ula\u015f\u0131rken, k\u0131\u015f s\u0131cakl\u0131klar\u0131 ortalama olarak 20 \u00b0F&#039;nin (-6 \u00b0C) alt\u0131na d\u00fc\u015febilir. \u0130lkbahar ve sonbahar olduk\u00e7a \u0131l\u0131mand\u0131r, ancak ge\u00e7i\u015f aylar\u0131nda g\u00f6k g\u00fcr\u00fclt\u00fcl\u00fc f\u0131rt\u0131nalar ve \u015fiddetli hava ko\u015fullar\u0131 (dolu, ara s\u0131ra hortum) meydana gelir. \u015eehir, y\u0131lda yakla\u015f\u0131k 40 in\u00e7 (1000 mm) ya\u011f\u0131\u015fla d\u00f6rt mevsimi de a\u00e7\u0131k\u00e7a g\u00f6r\u00fcr.<\/p>\n<h2>Tarihsel Anl\u0131k G\u00f6r\u00fcnt\u00fc<\/h2>\n<p>Indianapolis, 19. y\u00fczy\u0131l\u0131n ba\u015flar\u0131nda Indiana&#039;n\u0131n eyalet ba\u015fkenti olmak i\u00e7in bilerek kuruldu. 1821&#039;de Indiana eyalet meclisi Indianapolis&#039;i eski Delaware Yerli Amerikan tar\u0131m arazisi \u00fczerine kurdu. Yeni eyaletteki merkezi konumu nedeniyle se\u00e7ilen yer, 1822&#039;de Marion County merkezi oldu ve 1825&#039;te resmen Indiana&#039;n\u0131n ba\u015fkenti olarak belirlendi. Erken b\u00fcy\u00fcme 1800&#039;lerin ortalar\u0131na kadar yava\u015ft\u0131, ancak \u015fehrin Ulusal Yol \u00fczerindeki konumu (1827&#039;de Indianapolis&#039;e tamamland\u0131) ve daha sonra demiryollar\u0131n\u0131n geli\u015fi bir patlamaya yol a\u00e7t\u0131. 1861&#039;de Indianapolis \u00f6nemli bir demiryolu merkeziydi ve \u0130\u00e7 Sava\u015f s\u0131ras\u0131nda demiryolu istasyonlar\u0131 onu \u00f6nemli bir Birlik lojistik merkezi haline getirdi. Sonu\u00e7 olarak, 1860 ile 1870 aras\u0131nda \u015fehrin n\u00fcfusu iki kat\u0131ndan fazla artt\u0131.<\/p>\n<p>19. y\u00fczy\u0131l\u0131n sonlar\u0131nda ve 20. y\u00fczy\u0131l\u0131n ba\u015flar\u0131nda Indianapolis h\u0131zla sanayile\u015fti. Et paketleme, metal i\u015fleme ve sonunda otomobil \u00fcretimi gibi yeni end\u00fcstriler k\u00f6k sald\u0131. 1890&#039;da \u015fehrin n\u00fcfusu 100.000&#039;i ge\u00e7ti. \u00d6nemli olaylardan biri 1909&#039;da (Speedway banliy\u00f6s\u00fcnde) Indianapolis Motor Speedway&#039;in a\u00e7\u0131l\u0131\u015f\u0131yd\u0131; ilk Indianapolis 500 yar\u0131\u015f\u0131 1911&#039;de orada d\u00fczenlendi ve \u015fehrin y\u0131ll\u0131k gelene\u011fi ve sembol\u00fc haline geldi.<\/p>\n<p>1970 y\u0131l\u0131nda Indianapolis \u015fehri ve Marion County h\u00fck\u00fcmetleri &#034;Unigov&#034; alt\u0131nda birle\u015fti\u011finde \u00f6nemli bir d\u00f6n\u00fcm noktas\u0131 ya\u015fand\u0131. Bu, Indianapolis&#039;in s\u0131n\u0131rlar\u0131n\u0131 neredeyse bir gecede sa\u011flamla\u015ft\u0131rd\u0131 ve \u00e7evre kasabalar\u0131 \u015fehir yap\u0131s\u0131na dahil etti. \u015eehir-il\u00e7e konsolidasyonu vergi taban\u0131n\u0131 ve idari eri\u015fimini b\u00fcy\u00fck \u00f6l\u00e7\u00fcde geni\u015fletti (Lawrence ve Beech Grove gibi baz\u0131 kasabalar\u0131 hala bir nebze \u00f6zerk b\u0131rak\u0131rken). 20. y\u00fczy\u0131l\u0131n sonlar\u0131nda Indianapolis bilin\u00e7li olarak kendisini amat\u00f6r ve profesyonel sporlar i\u00e7in bir merkez olarak markalad\u0131 - Lucas Oil Stadyumu&#039;nu (NFL&#039;nin Colts tak\u0131m\u0131n\u0131n evi) in\u015fa etti ve NCAA \u015fampiyonas\u0131 gibi etkinlikleri destekledi - bu da ekonomik b\u00fcy\u00fcmeyi ve turizmi canland\u0131rd\u0131.<\/p>\n<p>G\u00fcn\u00fcm\u00fczde \u015fehrin 19. ve 20. y\u00fczy\u0131l\u0131n ba\u015flar\u0131ndaki mimari miras\u0131, Indiana Eyalet Meclisi (1888&#039;de tamamland\u0131) ve Askerler ve Denizciler An\u0131t\u0131 (1902&#039;de Monument Circle&#039;da a\u00e7\u0131ld\u0131) gibi simge yap\u0131larda g\u00f6r\u00fclmektedir. Fort Benjamin Harrison (1903&#039;te \u015fehrin do\u011fusunda kuruldu) ve I. D\u00fcnya Sava\u015f\u0131 an\u0131tlar\u0131 (\u015fehir merkezinin kuzeyindeki Plaza&#039;da) Indianapolis&#039;in kentsel geli\u015fimini yans\u0131t\u0131r. Genel olarak, Indianapolis&#039;in tarihi, s\u0131n\u0131r kasabas\u0131ndan modern \u015fehre do\u011fru h\u0131zl\u0131 bir 19. y\u00fczy\u0131l b\u00fcy\u00fcmesinin ard\u0131ndan 20. y\u00fczy\u0131l\u0131n ortalar\u0131nda geni\u015fleme ve 20. y\u00fczy\u0131l\u0131n sonlar\u0131nda spor, kongre i\u015fletmecili\u011fi ve turizme do\u011fru k\u00fclt\u00fcrel bir de\u011fi\u015fimdir.<\/p>\n<h2>K\u00fclt\u00fcrel Atmosfer<\/h2>\n<p>Indianapolis bug\u00fcn Ortabat\u0131 misafirperverli\u011fini b\u00f6lgesi i\u00e7in \u015fa\u015f\u0131rt\u0131c\u0131 derecede kozmopolit bir ambiyansla harmanl\u0131yor. Bask\u0131n dil Amerikan \u0130ngilizcesi ve \u015fehir geleneksel olarak \u00e7o\u011funlukla beyazlardan olu\u015fuyor; ancak yukar\u0131da belirtildi\u011fi gibi, Afro-Amerikan ve Hispanik topluluklar \u00f6ne \u00e7\u0131k\u0131yor ve b\u00fcy\u00fcyor. Yerel halk kendilerine genellikle &#034;Hoosiers&#034; (eyaletin takma ad\u0131) diyor ve samimi, ger\u00e7ek\u00e7i tav\u0131rlar\u0131yla tan\u0131n\u0131yorlar. Mahallelerin kendine \u00f6zg\u00fc tatlar\u0131 var: \u00f6rne\u011fin, \u015fehir merkezinin k\u00fclt\u00fcrel merkezi Monument Circle (&#034;Circle City&#034;), hareketli ama rahat; Broad Ripple (kuzeyde) haval\u0131 ve sanatsal; \u015fehir merkezinin do\u011fusundaki Mass Ave (Massachusetts Avenue) b\u00f6lgesi restoranlar\u0131 ve canl\u0131 tiyatrosuyla tan\u0131n\u0131yor; Carmel ve Fishers gibi banliy\u00f6 b\u00f6lgeleri metroyu banliy\u00f6 aile havas\u0131yla \u00e7evreliyor.<\/p>\n<p>Y\u0131ll\u0131k k\u00fclt\u00fcrel etkinlikler hem gelene\u011fi hem de \u00e7e\u015fitlili\u011fi yans\u0131t\u0131r. En \u00fcnl\u00fcs\u00fc, May\u0131s yar\u0131\u015f sezonu bir ay s\u00fcren 500 Festivali&#039;ni i\u00e7erir ve ge\u00e7it t\u00f6renleri ve havai fi\u015feklerle \u015fehir \u00e7ap\u0131nda bir kutlama olan Indianapolis 500 motor yar\u0131\u015f\u0131 ile doru\u011fa ula\u015f\u0131r. Yaz, b\u00f6lgenin en b\u00fcy\u00fcklerinden biri olan Indiana Eyalet Fuar\u0131&#039;n\u0131 (Temmuz sonu) getirir; tar\u0131m sergileri, bir yar\u0131 yol, konserler ve 4H yar\u0131\u015fmalar\u0131 i\u00e7erir. Yaz sonu ayr\u0131ca Prairie&#039;deki Senfoni ve b\u00fcy\u00fck 4 Temmuz havai fi\u015fek g\u00f6sterisini (genellikle White River Eyalet Park\u0131&#039;ndaki USS Indianapolis An\u0131t\u0131&#039;nda d\u00fczenlenir) i\u00e7erir. Yaz ba\u015f\u0131nda Indy Caz Festivali ve Hindistan festivali \u015fehir merkezinde ger\u00e7ekle\u015firken, yaz\u0131n ilerleyen d\u00f6nemlerinde Indiana Black Expo Yaz Kutlamas\u0131 (b\u00fcy\u00fck bir k\u00fclt\u00fcrel festival) d\u00fczenlenir. Sonbaharda mahalle festivalleri eklenir (Irvington Cad\u0131lar Bayram\u0131 Festivali ve yak\u0131ndaki \u00fcniversitelerde \u00e7e\u015fitli kolej futbolu etkinlikleri gibi). K\u0131\u015f\u0131n, a\u011fa\u00e7 \u0131\u015f\u0131kland\u0131rmalar\u0131 ve \u015fehir merkezindeki bir hayvanat bah\u00e7esi \u0131\u015f\u0131k g\u00f6sterisi sezonu i\u015faret eder.<\/p>\n<p>Spor k\u00fclt\u00fcr\u00fc g\u00fcnl\u00fck hayata da i\u015flenmi\u015ftir. Indy&#039;nin bir\u00e7ok b\u00fcy\u00fck sporda profesyonel tak\u0131mlar\u0131 vard\u0131r: NFL&#039;nin Indianapolis Colts (futbol) ve NBA&#039;in Indiana Pacers (basketbol) tak\u0131mlar\u0131 \u015fehir merkezindeki stadyumlarda oynar ve ikisi de tutkulu taraftar kitleleri \u00e7eker. \u0130lkbaharda, NCAA genel merkezi \u00fcniversite spor etkinliklerini buraya getirir; \u015fehir ayr\u0131ca s\u0131kl\u0131kla Olimpiyat denemelerine ve arena futboluna ev sahipli\u011fi yapar. Otomobil yar\u0131\u015f\u0131 efsanevi olmaya devam etmektedir (y\u0131ll\u0131k IndyCar yar\u0131\u015f\u0131 k\u00fcresel ilgi \u00e7ekmektedir). Ayr\u0131ca \u00e7ok say\u0131da park ve patika (\u00f6rne\u011fin Monon Trail) taraf\u0131ndan te\u015fvik edilen g\u00fc\u00e7l\u00fc bir ko\u015fu ve bisiklet toplulu\u011fu da vard\u0131r.<\/p>\n<p>Mutfak ve sanat sahneleri son zamanlarda canland\u0131. \u015eehir, zanaat bira fabrikalar\u0131 ve yarat\u0131c\u0131 gastronomi ile \u00fcn kazand\u0131; yerel favoriler aras\u0131nda domuz bonfile sandvi\u00e7leri, Hoosier \u015feker kremal\u0131 turta ve Indy 500 pit alan\u0131nda yeniden canland\u0131r\u0131lan d\u00fcnya standartlar\u0131nda Bask yemekleri yer al\u0131yor. Sanat organizasyonlar\u0131 - klasikten (Hilbert Circle Theatre&#039;da Indianapolis Senfonisi) \u00e7a\u011fda\u015fa (Butler \u00dcniversitesi kamp\u00fcs\u00fcnde Clowes Memorial Hall) - k\u00fclt\u00fcrel bir ritim kat\u0131yor. K\u0131sacas\u0131, Indianapolis dengeli bir &#034;orta bat\u0131 \u015fehri&#034; havas\u0131 sunuyor: samimi ve eri\u015filebilir, m\u00fczeler ve \u00fcniversiteler gibi \u015fehir olanaklar\u0131yla, ancak Hoosier memleketinin s\u0131cakl\u0131\u011f\u0131ndan asla mahrum de\u011fil.<\/p>\n<h2>En \u0130yi Gezilecek Yerler<\/h2>\n<p>Indianapolis, ikonik an\u0131tlardan ola\u011fan\u00fcst\u00fc m\u00fczelere kadar ziyaret\u00e7iler i\u00e7in bir\u00e7ok cazibe merkezine sahiptir. Dikkat \u00e7eken yerler \u015funlard\u0131r:<\/p>\n<ul>\n<li><strong>Indianapolis \u00c7ocuk M\u00fczesi<\/strong> \u2013 D\u00fcnyan\u0131n en b\u00fcy\u00fck \u00e7ocuk m\u00fczesi (kurulu\u015f 1926), \u00fclkenin d\u00f6rt bir yan\u0131ndan ailelerin ilgi oda\u011f\u0131 olan etkile\u015fimli bir m\u00fczedir.<\/li>\n<li><strong>Beyaz Nehir Eyalet Park\u0131<\/strong> \u2013 Indianapolis Hayvanat Bah\u00e7esi ve Eiteljorg Amerikan Yerlileri ve Bat\u0131 Sanat\u0131 M\u00fczesi&#039;ni bar\u0131nd\u0131ran White River boyunca uzanan manzaral\u0131 bir \u015fehir park\u0131. Park ayr\u0131ca NCAA Genel Merkezi&#039;ne ve \u015eampiyonlar Salonu&#039;na ev sahipli\u011fi yap\u0131yor ve patikalar ve nehir k\u0131y\u0131s\u0131nda ye\u015fil alan sa\u011fl\u0131yor.<\/li>\n<li><strong>Indianapolis Motor Yar\u0131\u015f Pisti (IMS)<\/strong> \u2013 \u015eehrin hemen d\u0131\u015f\u0131nda bulunan bu efsanevi yar\u0131\u015f pisti (Indianapolis 500&#039;\u00fcn evi), turlar ve biti\u015fikteki <strong>\u015e\u00f6hretler M\u00fczesi<\/strong> (tarihi yar\u0131\u015f arabalar\u0131n\u0131 sergiliyor). Yar\u0131\u015f hayran\u0131 olmayanlar bile motor sporlar\u0131 bilgisini ilgi \u00e7ekici buluyor.<\/li>\n<li><strong>An\u0131t \u00c7emberi ve Asker ve Denizciler An\u0131t\u0131<\/strong> \u2013 \u015eehrin merkezi olan Monument Circle (1902&#039;de tamamland\u0131) 284 fit y\u00fcksekli\u011findeki Indiana Askerleri ve Denizcileri An\u0131t\u0131&#039;na ev sahipli\u011fi yap\u0131yor. Etraf\u0131ndaki meydan Indiana&#039;n\u0131n sava\u015f gazilerini onurland\u0131r\u0131yor ve ge\u00e7it t\u00f6renleri ve toplant\u0131lar i\u00e7in bir odak noktas\u0131 sa\u011fl\u0131yor. Yak\u0131nlarda Indiana Eyalet Meclisi ve Sava\u015f An\u0131t\u0131 Meydan\u0131 (1930&#039;lar) bulunuyor, hepsi yerel kire\u00e7 ta\u015f\u0131ndan in\u015fa edilmi\u015f ve \u015fehrin miras\u0131n\u0131 yans\u0131t\u0131yor.<\/li>\n<li><strong>Indianapolis Sanat M\u00fczesi (Newfields)<\/strong> \u2013 \u015eehir merkezinden birka\u00e7 mil kuzeyde bulunan Newfields, geni\u015f bah\u00e7elere sahip b\u00fcy\u00fck bir sanat m\u00fczesidir. Koleksiyonu 5.000 y\u0131ll\u0131k sanat\u0131 kapsar ve arazide 100 Acres park\u0131 ve Lilly House bulunur.<\/li>\n<li><strong>K\u00fclt\u00fcr Yolu ve Mass Avenue Sanat B\u00f6lgesi<\/strong> \u2013 Indianapolis K\u00fclt\u00fcr Yolu, \u015fehir merkezindeki mahalleleri birbirine ba\u011flayan 8 mil uzunlu\u011funda bir kentsel y\u00fcr\u00fcy\u00fc\u015f\/bisiklet yoludur. Massachusetts Avenue (\u201cMass Ave\u201d) b\u00f6lgesi boyunca tiyatrolar, galeriler, butikler ve restoranlar sergilenir ve Indy&#039;nin geli\u015fen sanat sahnesini yans\u0131t\u0131r.<\/li>\n<li><strong>Eyalet Ba\u015fkenti ve Valinin Konutu<\/strong> \u2013 Indiana&#039;n\u0131n zarif Eyalet Meclisi (1888) turlara a\u00e7\u0131kt\u0131r. Ayr\u0131ca Valinin Konutu&#039;nu (resmi ev) ve yenilenmi\u015f Indiana Sava\u015f An\u0131t\u0131&#039;n\u0131 (II. D\u00fcnya Sava\u015f\u0131 m\u00fczesi ve bah\u00e7eleri) da g\u00f6r\u00fcn.<\/li>\n<li><strong>Lucas Oil Stadyumu ve Gainbridge Spor Salonu<\/strong> \u2013 Sporseverler i\u00e7in NFL (Colts) veya NBA (Pacers\/Fever) ma\u00e7lar\u0131n\u0131 izlemek, iki son teknoloji arenada (s\u0131ras\u0131yla 2008 ve 1999&#039;da a\u00e7\u0131ld\u0131) tipik bir Indy deneyimi sunuyor.<\/li>\n<\/ul>\n<p>Bu cazibe merkezlerinin her birine \u015fehir merkezinden kolayca ula\u015f\u0131labilir. \u015eehrin yaya dostu \u015fehir merkezi ve s\u0131k k\u00fclt\u00fcrel etkinlikler (mevsimsel festivaller, a\u00e7\u0131k hava konserleri, \u00e7ift\u00e7i pazarlar\u0131) turistik yerleri daha da zenginle\u015ftirir. Bir\u00e7ok ziyaret\u00e7i, m\u00fcze ziyaretleri veya White River Eyalet Park\u0131&#039;nda y\u00fcr\u00fcy\u00fc\u015f\u00fcn ard\u0131ndan \u015fehir merkezi Circle&#039;da &#034;an\u0131t y\u00fcr\u00fcy\u00fc\u015fleri&#034; yapmaktan keyif al\u0131r.<\/p>\n<h2>Pratik Anl\u0131k G\u00f6r\u00fcnt\u00fc<\/h2>\n<p>Ana hava kap\u0131s\u0131, \u015fehir merkezinin yakla\u015f\u0131k 15 mil g\u00fcneybat\u0131s\u0131nda bulunan Indianapolis Uluslararas\u0131 Havaalan\u0131&#039;d\u0131r (IND). IND, \u00e7ok say\u0131da i\u00e7 hat ba\u011flant\u0131s\u0131 (Atlanta, Chicago, Denver, vb.) ve birka\u00e7 uluslararas\u0131 rota sunmaktad\u0131r. Indianapolis&#039;e do\u011frudan Amtrak tren hizmeti yoktur; \u015fehirleraras\u0131 otob\u00fcsler (Greyhound, Barons) \u015fehir merkezindeki \u015fehrin intermodal istasyonuna var\u0131r. \u00d6nemli otoyollar (Chicago\/Alabama&#039;dan I-65, Ohio\/Kentucky&#039;den I-70, Illinois&#039;den I-74) Indianapolis&#039;te birle\u015ferek arabayla kolayca ula\u015f\u0131labilir hale getirir.<\/p>\n<p>\u015eehre vard\u0131\u011f\u0131n\u0131zda, Indianapolis \u015fehir merkezi nispeten kompaktt\u0131r. Circle ve Canal b\u00f6lgesini g\u00f6rmenin pop\u00fcler bir yolu Joliet-Indianapolis g\u00f6ky\u00fcz\u00fc y\u00fcr\u00fcy\u00fc\u015f yolu ve bisiklet yolu veya daha s\u0131cak aylarda at arabas\u0131 turu yapmakt\u0131r. \u015eehrin toplu ta\u015f\u0131ma operat\u00f6r\u00fc olan IndyGo, \u015fehir ve banliy\u00f6 boyunca otob\u00fcs g\u00fczergahlar\u0131 i\u015fletmektedir (\u00e7o\u011fu k\u00fc\u00e7\u00fck bir \u00fccret talep eder; Red Line h\u0131zl\u0131 otob\u00fcs\u00fcn\u00fcn daha yeni ve s\u0131k sefer yapan bir hat oldu\u011funu unutmay\u0131n). Ancak, Indianapolis&#039;in k\u00fclt\u00fcr\u00fcn\u00fcn ve gece hayat\u0131n\u0131n \u00e7o\u011fu yay\u0131lm\u0131\u015ft\u0131r, bu nedenle bir\u00e7ok ziyaret\u00e7i kolayl\u0131k i\u00e7in taksileri veya ara\u00e7 payla\u015f\u0131m\u0131n\u0131 (Uber\/Lyft) tercih eder. \u015eehir merkezinde ve banliy\u00f6 cazibe merkezlerinde park yeri bol miktarda bulunur (genellikle \u00fccretsiz veya d\u00fc\u015f\u00fck maliyetlidir). Bisikletler ve e-scooter&#039;lar, \u00f6zellikle g\u00fczel havalarda, asfalt yollarda (Monon Yolu gibi) pop\u00fclerdir.<\/p>\n<p>Para birimi ABD dolar\u0131d\u0131r. Bah\u015fi\u015f vermek gelenekseldir (restoranlarda veya tur hizmetlerinde yakla\u015f\u0131k -20). \u0130ngilizce evrensel olarak konu\u015fulur, ancak sakinler aras\u0131nda \u0130spanyolca veya ba\u015fka diller duyacaks\u0131n\u0131z. B\u00f6lge genellikle gezginler i\u00e7in \u00e7ok g\u00fcvenlidir; hafta sonlar\u0131 \u015fehir merkezi ak\u015fam\u0131n ilerleyen saatlerine kadar hareketlidir, ancak \u015fehrin k\u00fc\u00e7\u00fck h\u0131rs\u0131zl\u0131klara kar\u015f\u0131 ola\u011fan uyar\u0131s\u0131 ge\u00e7erlidir. \u00c7o\u011fu Amerikal\u0131 yolun sa\u011f taraf\u0131nda ara\u00e7 kullan\u0131r ve 120 voltluk elektrik prizlerini (Tip A\/B fi\u015fleri) kullan\u0131r. Kuzey Amerika veya Avrupa&#039;dan gelen gezginler i\u00e7in \u00f6zel a\u015f\u0131 veya vize gerekmez. Havaalan\u0131 g\u00fcvenlik sistemi i\u00e7 hat u\u00e7u\u015flar\u0131 i\u00e7in foto\u011frafl\u0131 kimlik gerektirir ve standart ABD TSA kurallar\u0131 (s\u0131v\u0131 limitleri, vb.) ge\u00e7erlidir.<\/p>\n<p>Genel olarak, Indianapolis ilk kez gelen ziyaret\u00e7ilere Ortabat\u0131 ABD \u015fehir hayat\u0131na kolay bir giri\u015f sunuyor: \u0130ngilizce konu\u015fan yerliler, iyi yollar, tahmin edilebilir hava ko\u015fullar\u0131 ve t\u00fcm \u00f6nemli modern kolayl\u0131klar. Ziyaret\u00e7iler, Amerikan tarz\u0131 t\u00fcketici hizmetlerinin (kredi kartlar\u0131, ATM makineleri, eczaneler) her yerde oldu\u011funa g\u00fcvenerek d\u00fcnya standartlar\u0131nda m\u00fczelerden mahalle festivallerine kadar \u00e7e\u015fitli bir \u015fehrin tad\u0131n\u0131 g\u00fcvenle \u00e7\u0131karabilirler. Tek bir seyahatte, iyi organize edilmi\u015f bir kentsel ortamda Hoosier k\u00fclt\u00fcr\u00fcn\u00fc, mimarisini ve misafirperverli\u011fini deneyimleyebilirsiniz.<a href=\"https:\/\/travelshelper.com\/tr\/hedefler\/kuzey-amerika\/amerika-birlesik-devletleri\/berkeley-springs\/\" target=\"_self\" aria-labelledby=\"uael-post-8997\"><br \/>\n<\/a><\/p>","protected":false},"excerpt":{"rendered":"<p>Indianapolis, yayg\u0131n olarak Indy olarak bilinir, ABD&#039;nin Indiana eyaletinin ba\u015fkenti ve en kalabal\u0131k \u015fehri olmas\u0131n\u0131n yan\u0131 s\u0131ra Marion County&#039;nin merkezidir. Eyaletin White River&#039;\u0131n bat\u0131 \u00e7atal\u0131 boyunca uzanan merkezi till ova b\u00f6lgesinde bulunan Indianapolis, resmi olarak &#034;Crossroads of America&#034; \u200b\u200bad\u0131n\u0131 alm\u0131\u015ft\u0131r. Bu slogan, hem ula\u015f\u0131m merkezi olarak tarihi \u00f6nemini hem de di\u011fer b\u00fcy\u00fck Kuzey Amerika pazarlar\u0131na olan g\u00f6receli yak\u0131nl\u0131\u011f\u0131n\u0131 yans\u0131t\u0131r.<\/p>","protected":false},"author":1,"featured_media":3199,"parent":8072,"menu_order":0,"comment_status":"closed","ping_status":"closed","template":"elementor_theme","meta":{"_eb_attr":"","footnotes":""},"class_list":["post-8116","page","type-page","status-publish","has-post-thumbnail"],"_links":{"self":[{"href":"https:\/\/travelshelper.com\/tr\/wp-json\/wp\/v2\/pages\/8116","targetHints":{"allow":["GET"]}}],"collection":[{"href":"https:\/\/travelshelper.com\/tr\/wp-json\/wp\/v2\/pages"}],"about":[{"href":"https:\/\/travelshelper.com\/tr\/wp-json\/wp\/v2\/types\/page"}],"author":[{"embeddable":true,"href":"https:\/\/travelshelper.com\/tr\/wp-json\/wp\/v2\/users\/1"}],"replies":[{"embeddable":true,"href":"https:\/\/travelshelper.com\/tr\/wp-json\/wp\/v2\/comments?post=8116"}],"version-history":[{"count":0,"href":"https:\/\/travelshelper.com\/tr\/wp-json\/wp\/v2\/pages\/8116\/revisions"}],"up":[{"embeddable":true,"href":"https:\/\/travelshelper.com\/tr\/wp-json\/wp\/v2\/pages\/8072"}],"wp:featuredmedia":[{"embeddable":true,"href":"https:\/\/travelshelper.com\/tr\/wp-json\/wp\/v2\/media\/3199"}],"wp:attachment":[{"href":"https:\/\/travelshelper.com\/tr\/wp-json\/wp\/v2\/media?parent=8116"}],"curies":[{"name":"wp","href":"https:\/\/api.w.org\/{rel}","templated":true}]}}