{"id":7707,"date":"2024-08-28T14:43:40","date_gmt":"2024-08-28T14:43:40","guid":{"rendered":"https:\/\/travelshelper.com\/staging\/?page_id=7707"},"modified":"2026-03-13T23:35:55","modified_gmt":"2026-03-13T23:35:55","slug":"ushuaia","status":"publish","type":"page","link":"https:\/\/travelshelper.com\/tr\/destinations\/south-america\/argentina\/ushuaia\/","title":{"rendered":"Ushuaia"},"content":{"rendered":"<p>Ushuaia \u015fehri, huzursuz Beagle Kanal\u0131&#039;n\u0131n And Da\u011flar\u0131&#039;n\u0131n omuzlar\u0131yla \u00e7arp\u0131\u015ft\u0131\u011f\u0131, ya\u015fanabilir d\u00fcnyan\u0131n tam kenar\u0131nda yer al\u0131r. Macerac\u0131lar\u0131n, ara\u015ft\u0131rmac\u0131lar\u0131n ve merakl\u0131 turistlerin ilgin\u00e7 bir kar\u0131\u015f\u0131m\u0131n\u0131 kendine \u00e7eker; a\u015f\u0131r\u0131 enlemlerde ve sadece buz ve denizin k\u0131y\u0131s\u0131nda bulunan sessiz g\u00fczellikte heyecanlanan insanlar. Genellikle romantik &#034;D\u00fcnyan\u0131n Sonu&#034; lakab\u0131yla s\u00fcslense de, Ushuaia&#039;n\u0131n hikayesi uzak bir karakoldan daha derinlere uzan\u0131r; insan dayan\u0131kl\u0131l\u0131\u011f\u0131n\u0131n, do\u011fal ihti\u015fam\u0131n ve b\u00fcy\u00fcme ile koruma aras\u0131ndaki hassas dans\u0131n ya\u015fayan bir kan\u0131t\u0131d\u0131r.<\/p>\n<p>Isla Grande de Tierra del Fuego&#039;nun g\u00fcney k\u0131y\u0131s\u0131na s\u0131k\u0131\u015fm\u0131\u015f Ushuaia, yama\u00e7lar ve zirvelerden olu\u015fan do\u011fal bir amfitiyatroya sahiptir. Martial Da\u011flar\u0131, Ushuaia K\u00f6rfezi&#039;nin \u00fczerinde n\u00f6bet tutar, ta\u015f y\u00fczleri binlerce y\u0131ll\u0131k r\u00fczgar ve buzul buzuyla oyulmu\u015ftur. A\u015fa\u011f\u0131da, Beagle Kanal\u0131&#039;n\u0131n dalgalar\u0131 bir zamanlar gemileri g\u00fcney f\u0131rt\u0131nalar\u0131ndan uzak tutan korunakl\u0131 bir liman\u0131 yalar. Bu denizcilik kucakla\u015fmas\u0131, kutup alt\u0131 okyanus iklimini yumu\u015fat\u0131r: yazlar serin 10 \u00b0C civar\u0131nda seyreder, k\u0131\u015flar donma noktas\u0131n\u0131n hemen alt\u0131na d\u00fc\u015fer ve f\u0131rt\u0131nalar uyar\u0131 vermeden ortaya \u00e7\u0131kabilir. Yine de kar ve sulu kar\u0131 ta\u015f\u0131yan ayn\u0131 da\u011flar, en \u015fiddetli r\u00fczgarlar\u0131 da tamponlayarak yerel halk\u0131n de\u011fer vermeyi \u00f6\u011frendi\u011fi sakin cepler yarat\u0131r.<\/p>\n<p>Kaydedilen tarihten \u00e7ok \u00f6nce, Y\u00e1mana ve Selk&#039;nam halklar\u0131 bu denizlerde kanolarla geziniyor, kabuklu deniz hayvanlar\u0131n\u0131 topluyor ve guanakolar\u0131 takip ediyorlard\u0131. Ancak, on dokuzuncu y\u00fczy\u0131l\u0131n b\u00fcy\u00fck b\u00f6l\u00fcm\u00fcnde, Tierra del Fuego sisli bir efsanenin i\u00e7inde kald\u0131. 12 Ekim 1884&#039;te, Arjantinli deniz komutan\u0131 Augusto Lasserre, Thomas Bridges&#039;in eski Anglikan misyonunun bulundu\u011fu Fuerte Ushuaia&#039;n\u0131n \u00fczerine bir bayrak \u00e7ekti. Bu eylem, Ushuaia&#039;n\u0131n k\u0131r\u0131lgan bir dayanaktan Patagonya&#039;n\u0131n ba\u015fl\u0131ca g\u00fcney liman\u0131na d\u00f6n\u00fc\u015f\u00fcm\u00fcn\u00fc ba\u015flatt\u0131; bu kimlik, nesiller boyunca ekonomisi ve k\u00fclt\u00fcr\u00fcnde dalga dalga yay\u0131lacakt\u0131.<\/p>\n<p>Ushuaia&#039;n\u0131n etkileyici manzaras\u0131 hayat\u0131n her alan\u0131n\u0131 \u015fekillendirir. Kuzeyde, And Da\u011flar\u0131 s\u0131rtlardan olu\u015fan bir merdiven gibi a\u015fa\u011f\u0131 do\u011fru akar ve y\u00fcr\u00fcy\u00fc\u015f\u00e7\u00fclere buz alanlar\u0131, lenga ormanlar\u0131 ve ayna gibi lag\u00fcnler sunar. G\u00fcneyde, Beagle Kanal\u0131 r\u00fczgar\u0131 ve tuzu y\u00f6nlendirir, fiyortlar\u0131 oyar ve karabataklar ve deniz aslanlar\u0131yla dolu adac\u0131klar\u0131 da\u011f\u0131t\u0131r. Deniz etkisi s\u0131cakl\u0131k dalgalanmalar\u0131n\u0131 yumu\u015fat\u0131r ancak neredeyse sabit nem getirir ve hava birka\u00e7 dakika i\u00e7inde parlak g\u00fcne\u015ften sulu karla sar\u0131lm\u0131\u015f karanl\u0131\u011fa d\u00f6n\u00fc\u015febilir. Yerel \u00e7ift\u00e7iler dayan\u0131kl\u0131 koyunlar ve sera domatesleri yeti\u015ftirirken, sakinler g\u00fcn \u0131\u015f\u0131\u011f\u0131n\u0131n Aral\u0131k ay\u0131nda sonsuza kadar uzad\u0131\u011f\u0131 ve Haziran ay\u0131nda neredeyse tamamen \u00e7ekildi\u011fi mevsimlere uyum sa\u011flar.<\/p>\n<p>Yakla\u015f\u0131k 82.615 sakini olan Ushuaia, d\u00fcnyan\u0131n en g\u00fcneydeki \u015fehri olma stat\u00fcs\u00fcn\u00fc gururla ta\u015f\u0131yor. Sokaklar\u0131 bal\u0131k\u00e7\u0131lar, h\u00fck\u00fcmet memurlar\u0131, esnaf ve bilim insanlar\u0131yla dolu. Navarino Adas\u0131&#039;ndaki yak\u0131nlardaki Puerto Williams ile ate\u015fli bir rekabet ya\u015fan\u0131yor. Bu adan\u0131n birka\u00e7 bin sakini ve 0,99 km\u00b2&#039;lik samimi ayak izi, UNESCO ve BM istatistik\u00e7ilerinin \u015fehir stat\u00fcs\u00fcn\u00fc sorgulamas\u0131na neden oluyor. Bu uluslararas\u0131 kriterlere g\u00f6re, Ushuaia&#039;n\u0131n daha geni\u015f altyap\u0131s\u0131 ve n\u00fcfusu, Guinness&#039;e lay\u0131k iddias\u0131n\u0131 g\u00fcvence alt\u0131na al\u0131yor; ancak dost\u00e7a \u00e7eki\u015fme, D\u00fcnya&#039;n\u0131n vah\u015fi s\u0131n\u0131rlar\u0131nda ya\u015faman\u0131n cazibesini vurguluyor.<\/p>\n<p>Tekd\u00fcze bir seyahat kasabas\u0131ndan uzakta olan Ushuaia, \u00e7ok y\u00f6nl\u00fc bir ekonomiye sahiptir. Liman mare\u015falleri, Antarktika&#039;ya giden yolcu gemileri, bal\u0131k\u00e7\u0131 trolleri ve g\u00fcney ticaret yollar\u0131na hizmet eden konteyner gemilerine hizmet eder. D\u00fczenli sanayi parklar\u0131nda, fabrikalar kral yengeci, mezgit ve Patagonya taraklar\u0131n\u0131 i\u015flerken, elektronik at\u00f6lyeleri hassas bile\u015fenler monte eder. Bu i\u015fletmeler, k\u0131\u015f\u0131n donu yolcu gemilerini ve heyecan arayanlar\u0131 cayd\u0131rd\u0131\u011f\u0131nda s\u00fcr\u00fcnerek ilerleyen bir toplulu\u011fa istikrar getirir. Eyalet h\u00fck\u00fcmet ofisleri ve konsolosluklar idari sekt\u00f6r\u00fc destekler ve s\u0131n\u0131r kasabalar\u0131nda nadir g\u00f6r\u00fclen bir \u00f6l\u00e7ekte kamu sekt\u00f6r\u00fc istihdam\u0131 sunar.<\/p>\n<p>Ancak turizm, Ushuaia&#039;n\u0131n nabz\u0131 olmaya devam ediyor. Her yaz, ziyaret\u00e7iler Martial Grande&#039;nin \u00fczerinde \u0131\u015f\u0131l \u0131\u015f\u0131l g\u00fcn bat\u0131mlar\u0131na tan\u0131k olmak, Tierra del Fuego Milli Park\u0131&#039;ndaki patikalarda y\u00fcr\u00fcmek ve Cape Horn gezilerinde Charles Darwin&#039;in ayak izlerini takip etmek i\u00e7in feribotlara ve Zodyaklara ak\u0131n ediyor. Balina g\u00f6zlemcili\u011fi ve ku\u015f g\u00f6zlemcili\u011fi tekne turlar\u0131 deniz aslanlar\u0131yla dolu adac\u0131klar\u0131n yan\u0131ndan ge\u00e7erken, l\u00fcks yolcu gemileri beyaz k\u0131taya aylarca s\u00fcrecek yolculuklara haz\u0131rlan\u0131rken iskeleyi g\u00f6lgede b\u0131rak\u0131yor. Bir\u00e7oklar\u0131 i\u00e7in Ushuaia bir mola yerinden daha fazlas\u0131d\u0131r; Antarktika&#039;n\u0131n e\u015fi\u011fidir, son yak\u0131t ikmal istasyonlar\u0131n\u0131n geride kald\u0131\u011f\u0131 ve buzda\u011flar\u0131n\u0131n ufukta b\u00fcy\u00fck g\u00f6r\u00fcnd\u00fc\u011f\u00fc bir yerdir.<\/p>\n<p>Ushuaia&#039;n\u0131n kimli\u011fi, Norve\u00e7&#039;teki Hammerfest ve Alaska&#039;daki Utqia\u0121vik ile resmi karde\u015flik yoluyla Arjantin&#039;in g\u00fcney ucunun \u00f6tesine uzan\u0131r. Bu a\u015f\u0131r\u0131 enlem \u015fehirleri, kar temizleme, kutup gecelerinde ruh sa\u011fl\u0131\u011f\u0131 deste\u011fi ve s\u00fcrd\u00fcr\u00fclebilir bal\u0131k\u00e7\u0131l\u0131k y\u00f6netimi konusunda teknik bilgi al\u0131\u015fveri\u015finde bulunur. K\u00fclt\u00fcrel festivaller, \u0130spanyol, S\u00e1mi joik ve I\u00f1upiat bo\u011faz \u015fark\u0131lar\u0131 aras\u0131nda d\u00f6n\u00fc\u015f\u00fcml\u00fc olarak ger\u00e7ekle\u015fir ve ortak bir inanc\u0131 vurgulayan beklenmedik akrabal\u0131klar olu\u015fturur: s\u0131n\u0131rda ya\u015fam, mesafeye ve iklime ra\u011fmen topluluklar\u0131 birle\u015ftirir.<\/p>\n<p>\u0130klim de\u011fi\u015fikli\u011finin s\u00fcrekli de\u011fi\u015fen s\u0131n\u0131rlar\u0131na yak\u0131n bir konumda bulunan Ushuaia, 47 km\u00b2&#039;lik belediye s\u0131n\u0131r\u0131ndan \u00e7ok daha b\u00fcy\u00fck bir sorumlulu\u011fun sorumlulu\u011funu \u00fcstleniyor. Deniz Bilimleri Merkezi&#039;ndeki ara\u015ft\u0131rmac\u0131lar Beagle Kanal\u0131&#039;ndaki okyanus tuzlulu\u011funu ve ak\u0131nt\u0131lar\u0131n\u0131 takip ediyor; buzul bilimciler geri \u00e7ekilen buz alanlar\u0131n\u0131 inceliyor; ku\u015f uzmanlar\u0131 Tierra del Fuego&#039;nun g\u00fcney adalar\u0131ndaki Macellan ve kral penguen kolonilerini izliyor. \u015eehir, plastik at\u0131klar\u0131 azaltmak, yolcu gemisi de\u015farjlar\u0131n\u0131 d\u00fczenlemek ve hassas turba batakl\u0131klar\u0131n\u0131 korumak i\u00e7in kendi \u00e7evre kodunu \u00f6rd\u00fc. \u00dcniversite tan\u0131t\u0131m programlar\u0131yla desteklenen yerel aktivizm, Ushuaia&#039;y\u0131 kutup ekosistemleri hakk\u0131ndaki k\u00fcresel sohbette hem g\u00f6zlemci hem de savunucu olarak konumland\u0131r\u0131yor.<\/p>\n<p>Seyahatin s\u0131kl\u0131kla bilindik rotalar\u0131 izledi\u011fi bir d\u00fcnyada, Ushuaia ayr\u0131 bir yerde duruyor; insan dayan\u0131kl\u0131l\u0131\u011f\u0131n\u0131n temel g\u00fc\u00e7lerle bulu\u015ftu\u011fu bir yer. Liman\u0131 h\u00e2l\u00e2 iklim bilimcileri ve g\u00fcne\u015f \u015fapkal\u0131 turistlerin yan\u0131 s\u0131ra fok avc\u0131lar\u0131n\u0131 ve t\u00fcccarlar\u0131 a\u011f\u0131rl\u0131yor. K\u00fcresel s\u0131cakl\u0131klar y\u00fckselirken bile zirveleri h\u00e2l\u00e2 y\u00fczy\u0131llard\u0131r var\u0131lan buzullar i\u00e7in kar topluyor. Ve hepsinin alt\u0131nda bir adaptasyon hikayesi yat\u0131yor: Yerli avc\u0131lar, Anglikan misyonerler, deniz ke\u015fifleri ve modern giri\u015fimciler, her biri h\u0131rslar\u0131n\u0131 D\u00fcnya&#039;n\u0131n son s\u0131n\u0131rlar\u0131ndan birine kaz\u0131m\u0131\u015f durumda. \u0130ster Beagle Otoyolu&#039;ndan otob\u00fcsle, ister Punta Arenas&#039;tan gemiyle, ister bulutlarla kapl\u0131 da\u011flardan u\u00e7akla gelin, Ushuaia tam olarak kalbe var\u0131yor; uzak, cilas\u0131z, d\u00fcnyan\u0131n sonunda tamamen canl\u0131.<\/p>","protected":false},"excerpt":{"rendered":"<p>Situated at the southernmost point of South America, where the turbulent Beagle Channel meets the tough Andes Mountains, a city captures the imagination of both adventurers and tourists. Officially known as Ushuaia, the City of Ushuaia is evidence of the attraction of Earth&#8217;s far-off frontiers and human endurance. Often referred to as &#8220;The End of the World,&#8221; this fascinating urban center is not only a physical wonder but also a hive of industry, culture, and natural beauty.<\/p>","protected":false},"author":1,"featured_media":3292,"parent":7678,"menu_order":0,"comment_status":"closed","ping_status":"closed","template":"elementor_theme","meta":{"_eb_attr":"","footnotes":""},"class_list":["post-7707","page","type-page","status-publish","has-post-thumbnail"],"_links":{"self":[{"href":"https:\/\/travelshelper.com\/tr\/wp-json\/wp\/v2\/pages\/7707","targetHints":{"allow":["GET"]}}],"collection":[{"href":"https:\/\/travelshelper.com\/tr\/wp-json\/wp\/v2\/pages"}],"about":[{"href":"https:\/\/travelshelper.com\/tr\/wp-json\/wp\/v2\/types\/page"}],"author":[{"embeddable":true,"href":"https:\/\/travelshelper.com\/tr\/wp-json\/wp\/v2\/users\/1"}],"replies":[{"embeddable":true,"href":"https:\/\/travelshelper.com\/tr\/wp-json\/wp\/v2\/comments?post=7707"}],"version-history":[{"count":0,"href":"https:\/\/travelshelper.com\/tr\/wp-json\/wp\/v2\/pages\/7707\/revisions"}],"up":[{"embeddable":true,"href":"https:\/\/travelshelper.com\/tr\/wp-json\/wp\/v2\/pages\/7678"}],"wp:featuredmedia":[{"embeddable":true,"href":"https:\/\/travelshelper.com\/tr\/wp-json\/wp\/v2\/media\/3292"}],"wp:attachment":[{"href":"https:\/\/travelshelper.com\/tr\/wp-json\/wp\/v2\/media?parent=7707"}],"curies":[{"name":"wp","href":"https:\/\/api.w.org\/{rel}","templated":true}]}}