{"id":7628,"date":"2024-08-27T21:07:30","date_gmt":"2024-08-27T21:07:30","guid":{"rendered":"https:\/\/travelshelper.com\/staging\/?page_id=7628"},"modified":"2026-03-13T23:47:54","modified_gmt":"2026-03-13T23:47:54","slug":"brasilia","status":"publish","type":"page","link":"https:\/\/travelshelper.com\/tr\/destinations\/south-america\/brazil\/brasilia\/","title":{"rendered":"Bras\u00edlia"},"content":{"rendered":"<p>Brezilya&#039;n\u0131n i\u00e7 yaylalar\u0131n\u0131n u\u00e7suz bucaks\u0131z alan\u0131nda, soluk bir cadde \u015feridi bi\u00e7ilmi\u015f \u00e7imenler ve yontulmu\u015f bah\u00e7elerin aras\u0131ndan ge\u00e7er. Burada, beton e\u011friler ve a\u00e7\u0131k g\u00f6ky\u00fcz\u00fc \u015fehri olan Bras\u00edlia, y\u00fczy\u0131llar s\u00fcren b\u00fcy\u00fcmeyle de\u011fil, tek bir h\u0131rsl\u0131 planlama hamlesiyle tasarlanm\u0131\u015ft\u0131r. Ba\u015fkan Juscelino Kubitschek y\u00f6netiminde 21 Nisan 1960&#039;ta a\u00e7\u0131l\u0131\u015f\u0131ndan bu yana, Bras\u00edlia beklentilerin a\u011f\u0131rl\u0131\u011f\u0131n\u0131 ta\u015f\u0131m\u0131\u015ft\u0131r: geni\u015fleyen bir ulusu bir araya getirmek, modernitenin vaadini onurland\u0131rmak ve Brezilya&#039;n\u0131n \u00f6zlemlerinin ya\u015fayan bir sembol\u00fc olarak hizmet etmek. Bug\u00fcn, \u00fclkenin \u00fc\u00e7\u00fcnc\u00fc en kalabal\u0131k \u015fehridir -S\u00e3o Paulo ve Rio de Janeiro&#039;dan sonra- ve hem siyasi merkeziyetinin hem de ekonomik dinamizminin kan\u0131t\u0131 olarak, b\u00fcy\u00fck Latin Amerika metropolleri aras\u0131nda ki\u015fi ba\u015f\u0131na en y\u00fcksek GSY\u0130H&#039;ye sahiptir.<\/p>\n<p>1950&#039;lerin sonlar\u0131nda, Brezilya&#039;n\u0131n liderli\u011fi ba\u015fkentin kalabal\u0131k k\u0131y\u0131dan daha merkezi bir yere ta\u015f\u0131nmas\u0131 gerekti\u011fine karar verdi ve b\u00f6ylece farkl\u0131 b\u00f6lgeler aras\u0131nda bir birlik duygusu te\u015fvik edildi. Ba\u015fkan Kubitschek&#039;in cesur hamlesi \u00fc\u00e7 vizyoneri i\u015fe ald\u0131: \u015fehir planc\u0131s\u0131 L\u00facio Costa, mimar Oscar Niemeyer ve yap\u0131 m\u00fchendisi Joaquim Cardozo. Costa&#039;n\u0131n ana plan\u0131, bir u\u00e7ak \u015feklinde bir \u015fehir tasarlad\u0131 - g\u00f6vdesi geni\u015f bir ana eksen, kokpiti iktidar\u0131n merkezi - ve oteller, finans, el\u00e7ilikler, konut ve daha fazlas\u0131 i\u00e7in farkl\u0131 sekt\u00f6rlere ayr\u0131ld\u0131. Niemeyer bu iskelete beyaz, \u00e7a\u011fda\u015f formlar yontarken, peyzaj mimar\u0131 Roberto Burle Marx, par\u0131ldayan \u015fehri tropikal savan ba\u011flam\u0131na sabitleyen yemye\u015fil yerel bitki \u00f6rt\u00fcs\u00fc \u015feritleri ekledi.<\/p>\n<p>Genel etki devrim niteli\u011findeydi. Bras\u00edlia yeni bir kentsel ethos&#039;u temsil ediyordu: ama\u00e7 netli\u011fi, i\u015flevsel imar ve mimari safl\u0131k. Her e\u011fri, s\u00fctun ve yans\u0131t\u0131c\u0131 havuz bir anlam ta\u015f\u0131yordu, daha \u00f6nceki ba\u015fkentleri karakterize eden organik yay\u0131lman\u0131n kas\u0131tl\u0131 bir tersine \u00e7evrilmesi. H\u00fck\u00fcmet bakanl\u0131klar\u0131n\u0131 tam olarak numaraland\u0131r\u0131lm\u0131\u015f s\u00fcper bloklar boyunca yerle\u015ftirerek ve ticaret ve k\u00fclt\u00fcr i\u00e7in ayr\u0131lm\u0131\u015f \u015feritler ay\u0131rarak Costa, \u015fiirsel oldu\u011fu kadar rasyonel de olan bir mant\u0131k kurdu.<\/p>\n<p>Bras\u00edlia Katedrali&#039;nin geni\u015f parabolik kemerlerinin alt\u0131nda y\u00fcr\u00fcy\u00fcn - hiperboloid yap\u0131s\u0131 on alt\u0131 ince s\u00fctun taraf\u0131ndan yukar\u0131da tutuluyor - ve sanki havan\u0131n kendisi \u0131\u015f\u0131k taraf\u0131ndan \u015fekillendirilmi\u015f gibi sessiz bir zarafet hissediyorsunuz. 1970&#039;te tamamlanan bu kutsal alan, Niemeyer&#039;in an\u0131tsall\u0131\u011f\u0131 a\u011f\u0131rl\u0131ks\u0131z zarafetle birle\u015ftirme yetene\u011fini yakal\u0131yor. Ba\u015fka bir yerde, Ulusal Kongre binas\u0131, biri ters \u00e7evrilmi\u015f, ikiz kulelerle \u00e7evrili iki geni\u015f \u00e7anak gibi y\u00fckseliyor: meclislerin yasama dengesi i\u00e7in g\u00f6rsel bir k\u0131saltma.<\/p>\n<p>&#034;U\u00e7a\u011f\u0131n&#034; kalbinde, Pra\u00e7a dos Tr\u00eas Poderes, Bras\u00edlia&#039;n\u0131n kokpiti olarak hizmet veriyor. Geni\u015f, ayna benzeri bir yans\u0131t\u0131c\u0131 havuzun etraf\u0131nda d\u00fczenlenmi\u015f olan Pal\u00e1cio do Planalto (y\u00fcr\u00fctme), Kongre (yasama) ve Y\u00fcksek Federal Mahkeme (yarg\u0131) sessiz bir diyalog i\u00e7inde oturuyor. An\u0131tsal Eksen boyunca -g\u00f6vde- iki geni\u015f, paralel cadde, her bakanl\u0131\u011f\u0131n kendi \u00e7im ve cam \u015feridini i\u015fgal etti\u011fi, merkezi bir omurgadan uzanan ayr\u0131 kanatlar gibi, Esplanada dos Minist\u00e9rios&#039;u kucakl\u0131yor.<\/p>\n<p>\u015eehrin konut kanatlar\u0131, s\u00f6zde &#034;kanat A&#034; ve &#034;kanat B&#034;, h\u00fck\u00fcmet \u00e7al\u0131\u015fanlar\u0131 ve aileleri i\u00e7in tasarlanm\u0131\u015f apartman s\u00fcper bloklar\u0131na ev sahipli\u011fi yap\u0131yor. Her s\u00fcper blok, Costa&#039;n\u0131n mimarinin hem kolektif ihtiya\u00e7lara hem de ki\u015fisel konfora hizmet etmesi gerekti\u011fine olan inanc\u0131n\u0131 yans\u0131tan ortak ye\u015fil alanlar ve oyun alanlar\u0131 etraf\u0131nda k\u00fcmeler halinde binalar bar\u0131nd\u0131r\u0131yor. Burle Marx&#039;\u0131n bitkileri -uzun otlar, alev k\u0131rm\u0131z\u0131s\u0131 krotonlar ve k\u0131vr\u0131ml\u0131 yollar- beton ufku yumu\u015fatarak \u00f6\u011fle g\u00fcne\u015finden kurtulma imkan\u0131 sunuyor.<\/p>\n<ul>\n<li>Brasilia Katedrali: Hiperboloid bi\u00e7imi ve tavandan tabana vitraylar\u0131yla \u00fcnl\u00fc olan katedralin ince s\u00fctunlar\u0131 g\u00f6\u011fe do\u011fru a\u00e7\u0131l\u0131yor ve g\u00fcne\u015f \u0131\u015f\u0131\u011f\u0131n\u0131n mermer zemin \u00fczerinde oynamas\u0131na izin veriyor.<\/li>\n<li>Pal\u00e1cio da Alvorada: Cumhurba\u015fkan\u0131n\u0131n resmi konutu, m\u00fctevaz\u0131 ama bir o kadar da \u00e7arp\u0131c\u0131d\u0131r. Yans\u0131mal\u0131 bir havuzun \u00fczerinde y\u00fckselir ve s\u00fctunlu yap\u0131n\u0131n sil\u00fceti durgun suda yans\u0131r.<\/li>\n<li>Ulusal Kongre: \u0130kiz kuleler ve kase \u015feklindeki yasama odalar\u0131, demokratik y\u00f6netimin do\u011fas\u0131nda var olan gerginlik ve dengeyi temsil ediyor.<\/li>\n<li>Y\u00fcksek Federal Mahkeme: Daha kompakt, kavisli bir yap\u0131 olan bu yap\u0131, Pra\u00e7a dos Tr\u00eas Poderes&#039;teki \u00fc\u00e7l\u00fcy\u00fc tamaml\u0131yor; sade cam cephesi \u015feffafl\u0131k ve m\u00fczakereyi \u00e7a\u011fr\u0131\u015ft\u0131r\u0131yor.<\/li>\n<\/ul>\n<p>Bras\u00edlia&#039;n\u0131n cesur deneyi fark edilmeden kalmad\u0131. 1987&#039;de UNESCO \u015fehri D\u00fcnya Miras\u0131 listesine ald\u0131 ve &#034;mimarl\u0131k ve \u015fehir planlamada modernist hareketin ola\u011fan\u00fcst\u00fc bir \u00f6rne\u011fi&#034; olarak \u00f6vd\u00fc. Otuz y\u0131l sonra, 2017&#039;de UNESCO, Bras\u00edlia&#039;y\u0131 yarat\u0131c\u0131 end\u00fcstriler ve mimari s\u00f6ylem \u00fczerindeki devam eden etkisini takdir ederek &#034;Tasar\u0131m \u015eehri&#034; olarak onurland\u0131rd\u0131. Bu unvanlar, galerilerin, st\u00fcdyolar\u0131n ve festivallerin h\u00fck\u00fcmet b\u00f6lgeleri aras\u0131nda verimli bir zemin buldu\u011fu bir yenilik laboratuvar\u0131 olarak \u015fehrin kimli\u011fini g\u00fc\u00e7lendirdi.<\/p>\n<p>Brezilya&#039;n\u0131n siyasi sinir merkezi rol\u00fcn\u00fcn \u00f6tesinde, Bras\u00edlia uluslararas\u0131 ili\u015fkiler i\u00e7in \u00f6nemli bir merkez i\u015flevi g\u00f6rmektedir. 120&#039;den fazla yabanc\u0131 el\u00e7ilik, El\u00e7ilik Sekt\u00f6r\u00fc&#039;n\u00fc s\u0131ralayarak k\u00fcresel diplomasinin bir mikrokozmosunu olu\u015fturur. El\u00e7iler, akasya a\u011fa\u00e7lar\u0131n\u0131n g\u00f6lgesinde bir \u015fans\u00f6lyeden di\u011ferine dola\u015f\u0131rken, k\u00fclt\u00fcrel ata\u015feler uzak k\u00fclt\u00fcrlerin par\u00e7alar\u0131n\u0131 bu planl\u0131 ba\u015fkente getiren sergileri koordine eder.<\/p>\n<p>Seyahat edenler, Bras\u00edlia&#039;y\u0131 t\u00fcm b\u00fcy\u00fck i\u00e7 hat destinasyonlar\u0131na ve b\u00fcy\u00fcyen uluslararas\u0131 rotalar listesine ba\u011flayan Brezilya&#039;n\u0131n \u00fc\u00e7\u00fcnc\u00fc en yo\u011fun havaliman\u0131ndan geliyor. Jetler her g\u00fcn yetkilileri, i\u015f insanlar\u0131n\u0131 ve turistleri \u015fehre ta\u015f\u0131yarak Bras\u00edlia&#039;n\u0131n idari bir merkez ve k\u00fcresel de\u011fi\u015fimin kav\u015fa\u011f\u0131 olarak ikili kimli\u011fini vurguluyor.<\/p>\n<p>Bras\u00edlia uluslararas\u0131 spor sahnesinde kendini kan\u0131tlad\u0131. 2013&#039;te FIFA Konfederasyon Kupas\u0131 ma\u00e7lar\u0131na ev sahipli\u011fi yapt\u0131 ve bir y\u0131l sonra, ekvator g\u00f6klerinin alt\u0131nda par\u0131ldayan stadyumuyla 2014 D\u00fcnya Kupas\u0131 i\u00e7in binlerce futbol taraftar\u0131n\u0131 a\u011f\u0131rlad\u0131. Rio 2016 Yaz Olimpiyatlar\u0131 s\u0131ras\u0131nda \u015fehir, k\u00fcresel \u00e7apta etkinlikleri destekleme kapasitesini g\u00f6stererek \u00f6n eleme futbol fikst\u00fcrlerine ev sahipli\u011fi yapt\u0131. Bu etkinlikler, son d\u00fcd\u00fckten uzun s\u00fcre sonra bile sakinlere fayda sa\u011flayan y\u00fckseltilmi\u015f altyap\u0131 miras\u0131 b\u0131rakt\u0131: yeni yollar, geni\u015fletilmi\u015f ula\u015f\u0131m hatlar\u0131 ve yenilenmi\u015f spor tesisleri.<\/p>\n<p>Yasal olarak, Bras\u00edlia bir belediye de\u011fil, kendi valisi ve yasama meclisi olan bir idari alan olan Federal B\u00f6lge&#039;nin bir par\u00e7as\u0131d\u0131r. B\u00f6lge, her biri bir dereceye kadar yerel \u00f6zerkli\u011fe sahip 33 idari b\u00f6lgeyi kapsar. \u00d6z\u00fcnde, Costa taraf\u0131ndan tasarlanan orijinal &#034;pilot plan&#034; olan Plano Piloto yer al\u0131r. Bu ince, ha\u00e7 bi\u00e7imli b\u00f6lge, h\u00fck\u00fcmet binalar\u0131n\u0131, konut s\u00fcper bloklar\u0131n\u0131 ve k\u00fclt\u00fcrel kurumlar\u0131 i\u00e7erir - ba\u015fkentin atan kalbi. S\u0131n\u0131rlar\u0131n\u0131n \u00f6tesine ge\u00e7en ziyaret\u00e7iler, Bras\u00edlia&#039;n\u0131n hem bir metropol hem de Brezilya i\u00e7 b\u00f6lgelerinin bir kan\u0131t\u0131 oldu\u011funu hat\u0131rlatan daha k\u00fc\u00e7\u00fck kasabalar ve k\u0131rsal manzaralar bulurlar.<\/p>\n<p>Bras\u00edlia&#039;da dola\u015fmak \u00f6l\u00e7ek ve samimiyetin etkile\u015fimiyle kar\u015f\u0131la\u015fmak demektir. An\u0131tsal Eksen&#039;i ge\u00e7en yaya \u00fcst ge\u00e7itlerinden birinin \u00fczerinde durdu\u011funuzda, sonsuz bulvarlar aras\u0131nda kendinizi c\u00fcce gibi hissedeceksiniz, ancak g\u00f6lgeli parklardan birine girdi\u011finizde veya sokak kenar\u0131ndaki bir tezgahta tapioka krepi i\u00e7in durdu\u011funuzda, \u015fehrin s\u0131cakl\u0131\u011f\u0131 i\u00e7inize s\u0131z\u0131yor. Buradaki geceler serin esintilerle yumu\u015fat\u0131l\u0131yor ve kavisli cephelerdeki sokak lambalar\u0131n\u0131n yumu\u015fak par\u0131lt\u0131s\u0131yla noktalan\u0131yor. M\u00fczisyenler, aileler \u00e7imenlerde piknik yaparken Ulusal M\u00fcze&#039;nin d\u0131\u015f\u0131ndaki \u00e7imenlikte toplan\u0131yor, akorlar\u0131 t\u0131ng\u0131rdat\u0131yor. Uzaktaki trafik u\u011fultusuna ra\u011fmen bir sakinlik hissi hakim.<\/p>\n<p>Bras\u00edlia kolay bir kar\u015f\u0131la\u015ft\u0131rmaya meydan okur. Ne antiktir ne de geneldir; bir \u00fclkenin kaderini \u015fekillendirme kararl\u0131l\u0131\u011f\u0131n\u0131n fiziksel tezah\u00fcr\u00fcd\u00fcr. Mimarinin \u00e7ok \u015fey anlatt\u0131\u011f\u0131, planlaman\u0131n \u015fiire d\u00f6n\u00fc\u015ft\u00fc\u011f\u00fc yerlere \u00e7ekilen gezginler i\u00e7in ba\u015fkent, hem dersler hem de zevkler sunar. Caddelerinde y\u00fcr\u00fcy\u00fcn, Niemeyer&#039;in kemerlerinin alt\u0131nda durun ve yaln\u0131zca ideolojinin a\u011f\u0131rl\u0131\u011f\u0131n\u0131 de\u011fil, ayn\u0131 zamanda ta\u015f ve g\u00f6ky\u00fcz\u00fcne yans\u0131yan insan h\u0131rs\u0131n\u0131n k\u0131r\u0131lgan g\u00fczelli\u011fini de hissedeceksiniz. Bras\u00edlia&#039;da her k\u00f6\u015fe bir hikaye bar\u0131nd\u0131r\u0131r ve her hikaye bize en dikkatlice planlanm\u0131\u015f \u015fehrin bile dinlemek i\u00e7in zaman ay\u0131ranlar\u0131 \u015fa\u015f\u0131rtabilece\u011fini hat\u0131rlat\u0131r.<\/p>","protected":false},"excerpt":{"rendered":"<p>Bras\u00edlia, which stands in the Brazilian highlands, epitomizes modernist architectural ideas and creative urban planning. Originally founded on April 21, 1960, under President Juscelino Kubitschek, this city was meant to replace Rio de Janeiro as the next capital of Brazil. After S\u00e3o Paulo and Rio de Janeiro, Bras\u00edlia is today the third most populous city in Brazil as well as the seat of government. Its economic relevance is shown by its greatest GDP per capita among big Latin American cities.<\/p>","protected":false},"author":1,"featured_media":4060,"parent":7508,"menu_order":0,"comment_status":"closed","ping_status":"closed","template":"elementor_theme","meta":{"_eb_attr":"","footnotes":""},"class_list":["post-7628","page","type-page","status-publish","has-post-thumbnail"],"_links":{"self":[{"href":"https:\/\/travelshelper.com\/tr\/wp-json\/wp\/v2\/pages\/7628","targetHints":{"allow":["GET"]}}],"collection":[{"href":"https:\/\/travelshelper.com\/tr\/wp-json\/wp\/v2\/pages"}],"about":[{"href":"https:\/\/travelshelper.com\/tr\/wp-json\/wp\/v2\/types\/page"}],"author":[{"embeddable":true,"href":"https:\/\/travelshelper.com\/tr\/wp-json\/wp\/v2\/users\/1"}],"replies":[{"embeddable":true,"href":"https:\/\/travelshelper.com\/tr\/wp-json\/wp\/v2\/comments?post=7628"}],"version-history":[{"count":0,"href":"https:\/\/travelshelper.com\/tr\/wp-json\/wp\/v2\/pages\/7628\/revisions"}],"up":[{"embeddable":true,"href":"https:\/\/travelshelper.com\/tr\/wp-json\/wp\/v2\/pages\/7508"}],"wp:featuredmedia":[{"embeddable":true,"href":"https:\/\/travelshelper.com\/tr\/wp-json\/wp\/v2\/media\/4060"}],"wp:attachment":[{"href":"https:\/\/travelshelper.com\/tr\/wp-json\/wp\/v2\/media?parent=7628"}],"curies":[{"name":"wp","href":"https:\/\/api.w.org\/{rel}","templated":true}]}}