{"id":7508,"date":"2024-08-26T15:17:32","date_gmt":"2024-08-26T15:17:32","guid":{"rendered":"https:\/\/travelshelper.com\/staging\/?page_id=7508"},"modified":"2026-03-13T23:35:44","modified_gmt":"2026-03-13T23:35:44","slug":"brezilya","status":"publish","type":"page","link":"https:\/\/travelshelper.com\/tr\/destinations\/south-america\/brazil\/","title":{"rendered":"Brezilya"},"content":{"rendered":"<p>Brezilya, Atlantik&#039;in g\u00fcne\u015fli k\u0131y\u0131lar\u0131ndan Amazon&#039;un yo\u011fun ye\u015fil kalbine kadar uzan\u0131r; nehirler, yaylalar ve k\u0131y\u0131 \u015feritleriyle oyulmu\u015f bir z\u0131tl\u0131klar diyar\u0131d\u0131r. G\u00fcney Amerika&#039;n\u0131n y\u00fczeyinin yar\u0131s\u0131ndan fazlas\u0131n\u0131 kaplayan bu 26 eyalet ve bir Federal B\u00f6lge federasyonu, \u00fclkenin ba\u015fkenti Bras\u00edlia&#039;y\u0131 a\u00e7\u0131k savan ve engebeli platolar aras\u0131nda sarar. Yine de, \u015fehirlerin palmiyelerle \u00e7evrili plajlarla bulu\u015ftu\u011fu do\u011fu s\u0131n\u0131r\u0131nda, Brezilya&#039;n\u0131n nabz\u0131n\u0131 en canl\u0131 \u015fekilde hissedersiniz: Rio&#039;daki huzursuz s\u00f6rf, seslerin ve motorlar\u0131n huzursuz bir u\u011fultuya kar\u0131\u015ft\u0131\u011f\u0131 S\u00e3o Paulo&#039;nun sonsuz yay\u0131l\u0131m\u0131.<\/p>\n<p>Ekvatordan 34\u00b0 g\u00fcney enlemine kadar, Brezilya d\u00f6rt zaman dilimine ve iki b\u00fcy\u00fck iklim ku\u015fa\u011f\u0131na yay\u0131lm\u0131\u015ft\u0131r. Bir sabah Manaus&#039;ta hava nemle doludur; \u00f6\u011fleden sonra Porto Alegre&#039;de serin bir esinti Pampas&#039;taki alt\u0131n rengi otlar\u0131 harekete ge\u00e7irir. Serra do Mar&#039;\u0131n engebeli s\u0131rtlar\u0131 g\u00fcneydo\u011fu k\u0131y\u0131s\u0131 boyunca sisle \u00f6rt\u00fcl\u00fc vadileri \u00e7er\u00e7evelerken, kuzeydeki Guyana Yaylalar\u0131 hem Amazon hem de Orinoco havzalar\u0131na do\u011fru sular\u0131 ay\u0131r\u0131r. Yakla\u015f\u0131k \u00fc\u00e7 kilometre y\u00fcksekli\u011findeki Pico da Neblina, \u00fclkenin en b\u00fcy\u00fck nehrinin yank\u0131s\u0131 olan ve D\u00fcnya&#039;daki di\u011fer t\u00fcm sistemlerden daha fazla su ta\u015f\u0131yan u\u00e7suz bucaks\u0131z Amazon ya\u011fmur ormanlar\u0131n\u0131n ortas\u0131nda sessiz bir n\u00f6bet\u00e7i gibi durur.<\/p>\n<p>Brezilya&#039;n\u0131n hikayesini 212 milyondan fazla ses \u015fekillendiriyor. 1500&#039;den beri kesintisiz olan Portekizce, sahil kafelerini orman k\u00f6ylerine tek ve melodik bir dille ba\u011fl\u0131yor. Yerli diller, Xavante, Guaran\u00ed gibi ceplerde, \u00f6nceki y\u00fczy\u0131llar\u0131n f\u0131s\u0131lt\u0131lar\u0131nda varl\u0131\u011f\u0131n\u0131 s\u00fcrd\u00fcr\u00fcyor. 12 milyondan fazla insana ev sahipli\u011fi yapan S\u00e3o Paulo&#039;nun kentsel yay\u0131l\u0131m\u0131, do\u011fuya do\u011fru vadilere ve banliy\u00f6lere do\u011fru yay\u0131l\u0131rken, Rio de Janeiro granit zirvelere, beyaz kumlu koylara ve bir karnaval ritmine tutunuyor. Afrika, Avrupa ve yerli miras\u0131n\u0131n alt ak\u0131nt\u0131lar\u0131 birbirine kar\u0131\u015f\u0131yor, sohbetlerde oldu\u011fu kadar capoeira \u00e7evrelerinde veya palmiye ya\u011f\u0131 k\u00f6zlerinde pi\u015fen acaraj\u00e9&#039;nin tatl\u0131 aromas\u0131nda da hissedilen bir kar\u0131\u015f\u0131m.<\/p>\n<p>Cabral&#039;\u0131n Nisan 1500&#039;deki geli\u015finden \u00e7ok \u00f6nce, yerli topluluklar k\u0131y\u0131lar ve nehirler boyunca geli\u015fiyordu. Portekiz saray\u0131n\u0131n 1808&#039;de Rio&#039;ya ka\u00e7\u0131\u015f\u0131yla, Brezilya k\u0131sa bir s\u00fcreli\u011fine k\u00fcresel bir imparatorlu\u011fun kalbi haline geldi. 1822&#039;de Prens Pedro \u00f6zerkli\u011fini ilan ederek, ilk anayasas\u0131 ibadet ve bas\u0131n \u00f6zg\u00fcrl\u00fc\u011f\u00fcn\u00fc g\u00fcvence alt\u0131na alan ancak 1888&#039;de kademeli olarak da\u011f\u0131lmas\u0131 sona erene kadar k\u00f6leli\u011fi oldu\u011fu gibi b\u0131rakan bir imparatorlu\u011fu ba\u015flatt\u0131. Bir y\u0131l sonra, monar\u015fi askeri bir darbeyle d\u00fc\u015ft\u00fc ve cumhuriyet ba\u015flad\u0131. Devrimler, Get\u00falio Vargas y\u00f6netimindeki pop\u00fclist y\u00f6netim ve 1964&#039;ten 1985&#039;e kadar s\u00fcren askeri rejim modern siyaseti \u015fekillendirdi. G\u00fcn\u00fcm\u00fcz\u00fcn 1988 anayasas\u0131 demokratik bir federasyonu sa\u011flamla\u015ft\u0131r\u0131yor, Ulusal Kongresi ise Bras\u00edlia&#039;n\u0131n y\u00fckselen beton tuvallerinden gelen tart\u0131\u015fmalar\u0131 yans\u0131t\u0131yor.<\/p>\n<p>Brezilya&#039;n\u0131n karma\u015f\u0131k ekonomisi d\u00fcnyan\u0131n en b\u00fcy\u00fck on ekonomisi aras\u0131nda yer al\u0131r. Cerrado&#039;nun verimli ovalar\u0131 soya ve \u015feker kam\u0131\u015f\u0131 \u00fcretir; s\u0131\u011f\u0131rlar Mato Grosso do Sul&#039;daki geni\u015f otlaklarda otlamaktad\u0131r; Minas Gerais&#039;teki derin madenler demir cevheri ve alt\u0131n tedarik etmektedir. S\u00e3o Paulo ve Belo Horizonte&#039;deki kentsel fabrikalar bu kaynaklar\u0131 \u00e7elik, elektronik ve u\u00e7ak par\u00e7alar\u0131na d\u00f6n\u00fc\u015ft\u00fcrmektedir. Brezilya her k\u0131tadaki pazarlara kahve, s\u0131\u011f\u0131r eti, demir cevheri ve u\u00e7ak g\u00f6ndermektedir. BM&#039;nin kurucu \u00fcyeli\u011finden BRICS, G20 ve Mercosur&#039;daki koltuklara kadar kurumlar sesini y\u00fckseltmektedir. Yine de ekonomik u\u00e7urumlar devam etmektedir: s\u0131k\u0131 s\u0131k\u0131ya ba\u011fl\u0131 favelalar, servet ve f\u0131rsat\u0131n e\u015fitsiz bir \u015fekilde da\u011f\u0131ld\u0131\u011f\u0131n\u0131 hat\u0131rlatan parlak g\u00f6kdelenlere bakmaktad\u0131r.<\/p>\n<p>Amazon&#039;un y\u00fczde altm\u0131\u015f\u0131 Brezilya s\u0131n\u0131rlar\u0131 i\u00e7inde yer al\u0131r ve D\u00fcnya&#039;daki bilinen t\u00fcm t\u00fcrlerin onda birine ev sahipli\u011fi yapar. D\u00fc\u015fm\u00fc\u015f yapraklarla \u00f6rt\u00fcl\u00fc patikalardan y\u00fckselen y\u00fcksek destek k\u00f6kleri; tapirler kara su derelerini ge\u00e7erken z\u00fcmr\u00fct papa\u011fanlar ba\u015f\u0131n\u0131z\u0131n \u00fcst\u00fcnde \u00e7\u0131\u011fl\u0131k at\u0131yor. Ya\u011fmur orman\u0131n\u0131n \u00f6tesinde, Pantanal her mevsim ta\u015far ve \u00e7ekilir ve binlerce g\u00f6\u00e7men ku\u015fu \u00e7eker. Cerrado&#039;nun yabani otlar\u0131 ve galeri ormanlar\u0131 jaguarlara, yeleli kurtlara ve kar\u0131ncayiyenlere ev sahipli\u011fi yapar; Atlantik k\u0131y\u0131s\u0131 boyunca kambur balinalar engebeli u\u00e7urumlar\u0131n yak\u0131nlar\u0131ndan ge\u00e7er. Koruma b\u00f6lgeleri haritada nokta nokta yer al\u0131r, ancak ormans\u0131zla\u015fma ve kalk\u0131nma bu ekosistemlere bask\u0131 yapar, kaderleri k\u00fcresel iklim ve biyolojik \u00e7e\u015fitlilikle i\u00e7 i\u00e7edir.<\/p>\n<p>Ziyaret\u00e7iler binlerce ki\u015fi olarak geliyor. Salvador&#039;un Pelourinho semtinde s\u00f6m\u00fcrge d\u00f6nemi cepheleri sabah\u0131n erken saatlerinde parl\u0131yor, uzaktaki davul sesleri ise gizli avlulardan geliyor. Bahia&#039;daki plaj severler, kumullar\u0131 oyan gelgitlere tan\u0131k olmak i\u00e7in g\u00fcn do\u011fumundan \u00f6nce kalk\u0131yor, sonra da hindistan cevizi kokulu dalgalar\u0131n yan\u0131nda uzan\u0131yor. Daha g\u00fcneyde, Florian\u00f3polis plajlar\u0131 ve \u00e7am a\u011fa\u00e7lar\u0131yla kapl\u0131 tepeleri bir araya getirerek s\u00f6rf\u00e7\u00fcler ve y\u00fcr\u00fcy\u00fc\u015f\u00e7\u00fcler i\u00e7in bir s\u0131\u011f\u0131nak olu\u015fturuyor. Ekoturistler cam tabanl\u0131 kanolarla nehrin yukar\u0131s\u0131na do\u011fru ilerliyor, yaprakl\u0131 kanopilerin alt\u0131nda timsah ve nehir yunuslar\u0131n\u0131 g\u00f6r\u00fcyor. S\u00e3o Paulo&#039;daki \u015fehir tatili arayanlar m\u00fczelerde geziyor, u\u011fultulu restoranlarda feijoada tad\u0131yor ve dar sokaklarda sert kahveler i\u00e7iyor.<\/p>\n<p>Pedro \u00c1lvares Cabral&#039;\u0131n geli\u015fi Manueline kemerlerini ve barok sunaklar\u0131n\u0131 yeni yerle\u015fim yerlerine getirdi. Ouro Preto ve Olinda&#039;da, oyma ta\u015f kiliseler ve s\u00f6m\u00fcrge malikaneleri alt\u0131n h\u00fccumu zenginli\u011finin kan\u0131t\u0131d\u0131r. 20. y\u00fczy\u0131l temiz \u00e7izgili bir modernizm ba\u015flatt\u0131: Oscar Niemeyer&#039;in k\u0131vr\u0131mlar\u0131, Bras\u00edlia&#039;n\u0131n Kongresi&#039;ni ve katedralini, beyaz betonda y\u00fckselen bir vizyon olarak tan\u0131ml\u0131yor. G\u00fcn\u00fcm\u00fczde, \u00e7a\u011fda\u015f mimarlar favelalar\u0131 canl\u0131 tuvaller olarak yeniden hayal ediyor, duvarlar\u0131 parlak tonlarda boyuyor, bir zamanlar sadece ara sokaklar\u0131n oldu\u011fu yerlerde toplum merkezleri olu\u015fturuyor. Galeriler Barok&#039;tan modern soyutlamaya kadar eserleri sergilerken, Rio&#039;daki film festivalleri Brezilya sinemas\u0131na uluslararas\u0131 spot \u0131\u015f\u0131klar\u0131 tutuyor.<\/p>\n<p>Alacakaranl\u0131kta, samba okullar\u0131 okalipt\u00fcs kanopilerinin alt\u0131nda hayat\u0131 canland\u0131r\u0131r. Arnavut kald\u0131r\u0131ml\u0131 meydanlarda capoeira rodas olu\u015fur, dans\u00e7\u0131 \u00e7iftleri do\u011fa\u00e7lama bir sohbet gibi etkile\u015fime girer. Karnaval\u0131n \u00e7\u0131lg\u0131nl\u0131\u011f\u0131 -fl\u00fctler, surdolar, kurdeleler- uzun s\u00fcredir devam eden direni\u015f ve kutlama geleneklerinden kaynaklan\u0131r. Yerli zanaatkarlar sepetler, t\u00fcyl\u00fc ba\u015fl\u0131klar ve \u00e7anak \u00e7\u00f6mlekler yapar, nesiller boyunca aktar\u0131lan el sanatlar\u0131n\u0131 korurlar. Yiyecek pazarlar\u0131 a\u00e7a\u00ed meyveleri, tapioka krepleri ve ya\u011fda buharla\u015fan pasteilerle doludur, her lokma y\u00fczy\u0131llar\u0131n i\u00e7 i\u00e7e ge\u00e7mi\u015f bir g\u00f6r\u00fcnt\u00fcs\u00fcn\u00fc yans\u0131t\u0131r. Burada ge\u00e7mi\u015f her zaman mevcuttur: rit\u00fcellerde, tariflerde ve topra\u011f\u0131n ya\u015fayan dilinde.<\/p>\n<p>Brezilya geni\u015f, evet\u2014\u00e7e\u015fitlilikle dolu bir toprak. Yine de \u00f6z\u00fc, g\u00fcnl\u00fck anlarda ortaya \u00e7\u0131kar: g\u00fcn do\u011fumunda dalgalar\u0131 kovalayan \u00e7ocuklar, jakaranda a\u011fa\u00e7lar\u0131n\u0131n alt\u0131nda cacha\u00e7a yudumlayan ya\u015fl\u0131lar, nemli bir vadide \u00e7alan bir katedral \u00e7an\u0131. \u00dclkenin hikayesi, co\u011frafya, tarih, k\u00fclt\u00fcr, ekoloji gibi katmanlar halinde ortaya \u00e7\u0131kar\u2014insanlar\u0131n\u0131n dayan\u0131kl\u0131l\u0131\u011f\u0131 ve yarat\u0131c\u0131l\u0131\u011f\u0131yla birbirine \u00f6r\u00fclm\u00fc\u015f. Sokaklar\u0131nda y\u00fcr\u00fcmek veya nehirlerinde k\u00fcrek \u00e7ekmek, canl\u0131, huzursuz ve s\u0131n\u0131rs\u0131z, b\u00fcy\u00fck bir k\u0131tan\u0131n do\u011fu ucundaki bu yer taraf\u0131ndan sonsuza dek \u015fekillendirilen ve \u015fekillendirilen bir \u015feye dokunmakt\u0131r.<\/p>","protected":false},"excerpt":{"rendered":"<p>Brazil, the largest nation in South America, exemplifies numerous superlative characteristics. Covering an area of more than 8.5 million square kilometers, Brazil offers a wide range of settings, cultures, and experiences that appeal to both residents and visitors. From the Amazon rainforest to the energetic metropolitan area of S\u00e3o Paulo, Brazil shows unmatched variation.<\/p>","protected":false},"author":1,"featured_media":4114,"parent":24096,"menu_order":0,"comment_status":"closed","ping_status":"closed","template":"elementor_theme","meta":{"_eb_attr":"","footnotes":""},"class_list":["post-7508","page","type-page","status-publish","has-post-thumbnail"],"_links":{"self":[{"href":"https:\/\/travelshelper.com\/tr\/wp-json\/wp\/v2\/pages\/7508","targetHints":{"allow":["GET"]}}],"collection":[{"href":"https:\/\/travelshelper.com\/tr\/wp-json\/wp\/v2\/pages"}],"about":[{"href":"https:\/\/travelshelper.com\/tr\/wp-json\/wp\/v2\/types\/page"}],"author":[{"embeddable":true,"href":"https:\/\/travelshelper.com\/tr\/wp-json\/wp\/v2\/users\/1"}],"replies":[{"embeddable":true,"href":"https:\/\/travelshelper.com\/tr\/wp-json\/wp\/v2\/comments?post=7508"}],"version-history":[{"count":0,"href":"https:\/\/travelshelper.com\/tr\/wp-json\/wp\/v2\/pages\/7508\/revisions"}],"up":[{"embeddable":true,"href":"https:\/\/travelshelper.com\/tr\/wp-json\/wp\/v2\/pages\/24096"}],"wp:featuredmedia":[{"embeddable":true,"href":"https:\/\/travelshelper.com\/tr\/wp-json\/wp\/v2\/media\/4114"}],"wp:attachment":[{"href":"https:\/\/travelshelper.com\/tr\/wp-json\/wp\/v2\/media?parent=7508"}],"curies":[{"name":"wp","href":"https:\/\/api.w.org\/{rel}","templated":true}]}}