{"id":7469,"date":"2024-08-25T23:32:06","date_gmt":"2024-08-25T23:32:06","guid":{"rendered":"https:\/\/travelshelper.com\/staging\/?page_id=7469"},"modified":"2026-03-13T23:58:18","modified_gmt":"2026-03-13T23:58:18","slug":"sili","status":"publish","type":"page","link":"https:\/\/travelshelper.com\/tr\/destinations\/south-america\/chile\/","title":{"rendered":"\u015eili"},"content":{"rendered":"<p>\u015eili, G\u00fcney Amerika&#039;n\u0131n g\u00fcneybat\u0131 kenar\u0131 boyunca uzanan ince bir \u015ferit halinde uzan\u0131r ve enlem, da\u011f ve deniz u\u00e7lar\u0131yla tan\u0131mlanan bir \u00fclkedir. Anakarada yakla\u015f\u0131k 756.000 kilometrekarelik topraklar\u0131, kuzeydeki Atacama \u00c7\u00f6l\u00fc&#039;n\u00fcn kurak topraklar\u0131ndan (D\u00fcnya&#039;n\u0131n en kurak yerlerinden biri) g\u00fcney ucundaki Patagonya&#039;n\u0131n karma\u015f\u0131k su yollar\u0131na ve buzullar\u0131na kadar uzan\u0131r. Kuzeyde y\u00fcksek And Da\u011flar\u0131&#039;n\u0131n \u00f6tesinde Peru, kuzeydo\u011fuda Bolivya ve do\u011fuda Arjantin ile s\u0131n\u0131r kom\u015fusu olan \u015eili, Antarktika&#039;ya do\u011fru kaybolurken Drake Ge\u00e7idi&#039;ne dokunur. K\u0131tasal k\u00fctlesinin \u00f6tesinde, cumhuriyet Pasifik karakollar\u0131 (Paskalya Adas\u0131, Juan Fern\u00e1ndez ve di\u011fer adac\u0131klar) \u00fczerinde yetki kullan\u0131r ve Antarktika Antla\u015fmas\u0131 uyar\u0131nca yakla\u015f\u0131k 1,25 milyon kilometrekarelik Antarktika \u00fczerinde ask\u0131ya al\u0131nm\u0131\u015f bir iddiay\u0131 s\u00fcrd\u00fcr\u00fcr.<\/p>\n<p>\u015eili ismi yerli ve s\u00f6m\u00fcrgeci anlat\u0131lar\u0131n bir gobleninden ortaya \u00e7\u0131km\u0131\u015ft\u0131r. On alt\u0131nc\u0131 ve on yedinci y\u00fczy\u0131l kronikleri, \u00e7e\u015fitli \u015fekillerde bir kabile reisi, Aconcagua vadisi veya so\u011fuk, deniz ku\u015flar\u0131 veya en uzak kara par\u00e7alar\u0131n\u0131 ifade eden yerel kelimelerle ba\u011flant\u0131l\u0131 olan bir \u0130nka tan\u0131m\u0131 olan Chili&#039;yi hat\u0131rlar. \u0130spanyol fatihler, Diego de Almagro&#039;nun 1535-36&#039;da g\u00fcneye yapt\u0131\u011f\u0131 seferden sonra terimi benimsedi ve kendilerini &#034;Chilli adamlar\u0131&#034; ilan ettiler ve bu unvan, yirminci y\u00fczy\u0131l\u0131n ba\u015flar\u0131na kadar \u0130ngilizce&#039;de &#034;Chili&#034; olarak yaz\u0131ld\u0131 ve daha sonra \u015eili olarak yerle\u015fti.<\/p>\n<p>\u0130spanyollar\u0131n geli\u015finden \u00f6nce, g\u00fcn\u00fcm\u00fcz \u015eili&#039;sinin kuzey yar\u0131s\u0131, k\u0131y\u0131 vadilerine yay\u0131lan y\u00fcksek plato geleneklerinin oldu\u011fu bir b\u00f6lge olan \u0130nka etkisi alt\u0131ndayd\u0131. Daha g\u00fcneyde, \u00f6zerk Mapuche topluluklar\u0131 egemendi; \u0130nka istilas\u0131na direndiler ve daha sonra tekrarlanan s\u00f6m\u00fcrgeci sald\u0131r\u0131lara meydan okudular. Fatihler 1500&#039;lerin ortalar\u0131nda kal\u0131c\u0131 yerle\u015fim yerleri kurduklar\u0131nda, sakinlerinin \u00f6zerkliklerini \u015fiddetle savundu\u011fu vadiler, nehirler ve ormanlardan olu\u015fan bir manzarayla kar\u015f\u0131la\u015ft\u0131lar. \u0130ki y\u00fczy\u0131l boyunca, s\u00f6m\u00fcrge yetkilileri yerle\u015fim yerlerini Orta Vadi boyunca geni\u015flettiler ancak B\u00edo-B\u00edo Nehri&#039;nin g\u00fcneyindeki Mapuche kalbini asla tamamen ele ge\u00e7iremediler.<\/p>\n<p>1818&#039;deki ba\u011f\u0131ms\u0131zl\u0131k ilan\u0131ndan sonra \u015eili, otoriter ba\u015fkanlar alt\u0131nda nispeten istikrarl\u0131 bir cumhuriyete d\u00f6n\u00fc\u015ft\u00fc. Gen\u00e7 ulus, \u00e7at\u0131\u015fma ve m\u00fczakereler yoluyla topraklar\u0131n\u0131 geni\u015fletti. 1880&#039;lerin ortalar\u0131nda, uzun s\u00fcredir devam eden &#034;Araucan\u00eda&#039;n\u0131n Pasifle\u015ftirilmesi&#034; \u00f6rg\u00fctl\u00fc Mapuche direni\u015fini sona erdirdi ve Peru ve Bolivya&#039;ya kar\u015f\u0131 Pasifik Sava\u015f\u0131 (1879-1883) \u015eili&#039;nin nitrat ve bak\u0131r a\u00e7\u0131s\u0131ndan zengin olan mevcut kuzey s\u0131n\u0131r\u0131n\u0131 g\u00fcvence alt\u0131na ald\u0131. Mineral ihracat\u0131na ve Orta Vadi&#039;nin tar\u0131msal kolonizasyonuna dayanan ekonomik b\u00fcy\u00fcme, \u00fclkenin demografik ve sosyal yap\u0131s\u0131n\u0131 d\u00f6n\u00fc\u015ft\u00fcrd\u00fc.<\/p>\n<p>Yirminci y\u00fczy\u0131l demokratikle\u015fme, kentsel g\u00f6\u00e7 ve ekonomik \u00e7e\u015fitlenme dalgalar\u0131na tan\u0131k oldu. N\u00fcfus art\u0131\u015f\u0131 h\u0131zland\u0131, \u015fehirler madencilik ve tar\u0131m merkezleri etraf\u0131nda b\u00fcy\u00fcd\u00fc ve \u015eili bak\u0131r end\u00fcstrisi arac\u0131l\u0131\u011f\u0131yla k\u00fcresel pazarlara giderek daha fazla entegre oldu. Ancak 1960&#039;larda ve 1970&#039;lerin ba\u015f\u0131nda siyasi kutupla\u015fma derinle\u015fti. Eyl\u00fcl 1973&#039;te askeri bir cunta, demokratik olarak se\u00e7ilmi\u015f Salvador Allende h\u00fck\u00fcmetini devirdi. General Augusto Pinochet&#039;nin on alt\u0131 y\u0131ll\u0131k iktidar\u0131 alt\u0131nda, 1980 anayasas\u0131 Ort\u00fazar Komisyonu&#039;nun girdileriyle haz\u0131rland\u0131 ve kapsaml\u0131 siyasi ve ekonomik reformlar y\u00fcr\u00fcrl\u00fc\u011fe kondu. O y\u0131llar bask\u0131 da getirdi: \u00fc\u00e7 binden fazla vatanda\u015f hayat\u0131n\u0131 kaybetti veya kayboldu. 1988&#039;deki bir plebisit \u00fclkeyi sivil y\u00f6netime geri d\u00f6nme yoluna soktu ve 1990&#039;da merkez sol koalisyon iktidara gelerek \u015eili&#039;yi yirmi y\u0131ll\u0131k demokratik konsolidasyon boyunca y\u00f6nlendirdi.<\/p>\n<p>\u015eili bug\u00fcn Latin Amerika&#039;n\u0131n en istikrarl\u0131 ve zengin ekonomileri aras\u0131nda yer almaktad\u0131r. Ki\u015fi ba\u015f\u0131na d\u00fc\u015fen geliri onu y\u00fcksek gelirli bir \u00fclke konumuna getirir ve sa\u011flam y\u00f6netim g\u00f6stergeleri ve e\u011fitim ve altyap\u0131ya s\u00fcrekli yat\u0131r\u0131m yapmas\u0131yla b\u00f6lgesel olarak \u00f6ne \u00e7\u0131kar. Birle\u015fmi\u015f Milletler&#039;in kurucu \u00fcyesi olan \u015eili, Latin Amerika ve Karayip Devletleri Toplulu\u011fu&#039;nun (CELAC) ve Pasifik \u0130ttifak\u0131&#039;n\u0131n kurulmas\u0131na yard\u0131mc\u0131 oldu ve 2010 y\u0131l\u0131nda Ekonomik \u0130\u015fbirli\u011fi ve Kalk\u0131nma \u00d6rg\u00fct\u00fc&#039;ne kat\u0131ld\u0131.<\/p>\n<p>\u015eili&#039;nin anakaras\u0131 kuzeyden g\u00fcneye 4.300 kilometreden fazla uzan\u0131r, ancak geni\u015fli\u011fi nadiren 350 kilometreyi a\u015far. Volkanik omurgas\u0131 -And Da\u011flar\u0131- do\u011fu s\u0131n\u0131r\u0131 boyunca y\u00fckselir ve ba\u015fkent Santiago&#039;ya ev sahipli\u011fi yapan Merkez Vadisi&#039;nin havzalar\u0131n\u0131 oymaktad\u0131r. Kuzeyde, Atacama \u00c7\u00f6l\u00fc de\u011ferli mineral yataklar\u0131 sa\u011flarken, g\u00fcneyde ormanlar ve otlaklar g\u00f6ller ve volkanlarla noktalanm\u0131\u015f manzaray\u0131 \u00f6rter. Fiyortlar, kanallar ve yar\u0131madalardan olu\u015fan sahil labirenti Patagonya ve Tierra del Fuego&#039;ya yakla\u015f\u0131m\u0131 belirler.<\/p>\n<p>1978&#039;de cumhuriyet, kuzeyden g\u00fcneye do\u011fru bir Roma rakam\u0131 ta\u015f\u0131yan on alt\u0131 b\u00f6lgeye yeniden d\u00fczenlendi, Santiago Metropol B\u00f6lgesi hari\u00e7 - ve ayr\u0131ca eyaletlere ve belediyelere b\u00f6l\u00fcnd\u00fc. 2007&#039;de (Arica ve Parinacota; Los R\u00edos) ve 2018&#039;de (\u00d1uble) olu\u015fturulan yeni b\u00f6lgeler orijinal numaraland\u0131rmay\u0131 de\u011fi\u015ftirdi, ancak yap\u0131 yerel y\u00f6netimin temeli olarak varl\u0131\u011f\u0131n\u0131 s\u00fcrd\u00fcr\u00fcyor.<\/p>\n<p>Turizm, \u015eili ekonomisinin bir dire\u011fi haline geldi. Uzak kuzeyde, San Pedro de Atacama ziyaret\u00e7ileri \u0130spanyol \u00f6ncesi kal\u0131nt\u0131lara, y\u00fcksek rak\u0131ml\u0131 g\u00f6llere ve Ay Vadisi olarak adland\u0131r\u0131lan yere \u00e7ekiyor. Orta And Da\u011flar\u0131&#039;ndaki kayak merkezleri\u2014Portillo, Valle Nevado, Termas de Chill\u00e1n\u2014k\u0131\u015f sporlar\u0131 merakl\u0131lar\u0131na hitap ediyor. G\u00fcney arazisi, Conguill\u00edo ve Nahuelbuta milli parklar\u0131n\u0131 ke\u015ffetmeye davet ediyor, Chilo\u00e9 tak\u0131madalar\u0131 ve Laguna San Rafael ve Torres del Paine dahil olmak \u00fczere Patagonya&#039;n\u0131n labirent kanallar\u0131 ise buzul buz ve kar vah\u015fi do\u011fas\u0131n\u0131 sunuyor. Valpara\u00edso&#039;nun \u00e7ok renkli tepeleri ve tarihi f\u00fcnik\u00fclerleri UNESCO listesinde yer alan bir kentsel miras olarak duruyor ve uzak Paskalya Adas\u0131, Rapa Nui&#039;nin an\u0131tsal moai&#039;sini koruyor.<\/p>\n<p>Aral\u0131k ay\u0131ndan Mart ay\u0131na kadar yerli gezginler k\u0131y\u0131 \u015feridindeki yaz tatil beldelerine ak\u0131n ediyor: Arica ve Iquique gibi kuzey limanlar\u0131; La Serena ve Coquimbo plajlar\u0131; g\u00fcneydeki g\u00f6l k\u0131y\u0131s\u0131ndaki Puc\u00f3n; ve \u00f6zellikle \u00fcnl\u00fc m\u00fczik yar\u0131\u015fmas\u0131yla zengin olan Valpara\u00edso B\u00f6lgesi&#039;nin sahil kasabalar\u0131 Vi\u00f1a del Mar. K\u0131rsal s\u00f6rf\u00e7\u00fclerin cenneti Pichilemu da mevsimsel ak\u0131n g\u00f6r\u00fcyor.<\/p>\n<p>2005 y\u0131l\u0131nda h\u00fck\u00fcmet, \u015eili&#039;nin \u00e7e\u015fitlili\u011fini sergilemek i\u00e7in uluslararas\u0131 bir kampanya ba\u015flatt\u0131. Daha yak\u0131n zamanda, koruma \u00f6nc\u00fcleri taraf\u0131ndan tasarlanan 2.800 kilometrelik korunan alanlar koridoru olan Park Rotas\u0131, Patagonya&#039;n\u0131n omurgas\u0131 boyunca s\u00fcrd\u00fcr\u00fclebilir seyahati te\u015fvik etti.<\/p>\n<p>\u015eili&#039;nin zorlu topografyas\u0131 kapsaml\u0131 bir ula\u015f\u0131m a\u011f\u0131 gerektiriyor. 2020&#039;ye kadar cumhuriyeti yakla\u015f\u0131k 86.000 kilometrelik otoyollar kat etti ve bunlar\u0131n 21.000 kilometreden fazlas\u0131 asfaltland\u0131. \u00d6nemli koridorlar\u0131n stratejik olarak \u00e7o\u011falt\u0131lmas\u0131 (\u00f6zellikle Pan-Amerikan Otoyolu (Rota 5)) Atacama&#039;dan \u015eili&#039;nin merkezinden Puerto Montt&#039;a ba\u011flant\u0131y\u0131 iyile\u015ftirdi. Uzun mesafeli otob\u00fcsler, Santiago-Arica (30 saat) ve Santiago-Punta Arenas (40 saat, Osorno&#039;da aktarmal\u0131) gibi rotalar\u0131 kapsayan \u015fehirleraras\u0131 seyahatlere hakimdir.<\/p>\n<p>Hava yolculu\u011fu uzak b\u00f6lgeleri birbirine ba\u011flar: 372 pist aras\u0131nda, Paskalya Adas\u0131&#039;ndaki Mataveri Uluslararas\u0131 Havaliman\u0131 d\u00fcnyan\u0131n en izole havaliman\u0131 olma ayr\u0131cal\u0131\u011f\u0131n\u0131 iddia ederken, Santiago&#039;daki Arturo Merino Ben\u00edtez y\u0131lda on iki milyondan fazla yolcuya hizmet veriyor. Di\u011fer b\u00fcy\u00fck havalimanlar\u0131 Arica, Iquique, Antofagasta, Concepci\u00f3n, Puerto Montt, Punta Arenas ve Temuco&#039;ya hizmet veriyor.<\/p>\n<p>2017 n\u00fcfus say\u0131m\u0131nda yakla\u015f\u0131k 17,6 milyon ki\u015fi kaydedildi. On y\u0131llar s\u00fcren y\u00fcksek b\u00fcy\u00fcmenin ard\u0131ndan do\u011fum oran\u0131 d\u00fc\u015ft\u00fc ve n\u00fcfus art\u0131\u015f\u0131 yava\u015flad\u0131; tahminler y\u00fczy\u0131l\u0131n ortas\u0131na kadar yakla\u015f\u0131k 20,2 milyon ki\u015fi olaca\u011f\u0131n\u0131 \u00f6ng\u00f6r\u00fcyor. Kent merkezleri, \u00f6zellikle Santiago, k\u0131rsaldan kente g\u00f6\u00e7\u00fcn devam etti\u011fini yans\u0131tarak vatanda\u015flar\u0131n \u00e7o\u011funlu\u011funu olu\u015fturuyor.<\/p>\n<p>\u015eili&#039;nin k\u00fclt\u00fcrel dokusu yerli, \u0130spanyol ve daha sonra Avrupa etkilerini i\u00e7 i\u00e7e ge\u00e7irir. Kuzey And gelenekleri yayla kasabalar\u0131nda devam eder; g\u00fcneyde, Alman yerle\u015fimci topluluklar Valdivia ve Puerto Varas gibi \u015fehirlerde Bavyera mimari formlar\u0131n\u0131 ve mutfak zevklerini yans\u0131t\u0131r. Ulusal mutfak, topraklar\u0131n \u00e7e\u015fitlili\u011fini yans\u0131t\u0131r: k\u0131y\u0131 boyunca deniz \u00fcr\u00fcnleri, ovalarda s\u0131\u011f\u0131r eti ve kuzu eti, Orta Vadi&#039;nin meyveleri ve sebzeleri. \u0130mza yemekleri aras\u0131nda cazuela (et ve sebzelerden olu\u015fan doyurucu bir g\u00fcve\u00e7), empanadas, pastel de choclo (m\u0131s\u0131r ve etli b\u00f6rek), curanto (bir \u00e7ukurda pi\u015firilmi\u015f kabuklu deniz \u00fcr\u00fcnleri ve et) ve sopaipillas (k\u0131zarm\u0131\u015f hamur) bulunur. Crudos olarak bilinen \u00e7i\u011f haz\u0131rlama, And, \u0130spanyol ve Alman unsurlar\u0131n\u0131 harmanlar: ince k\u0131y\u0131lm\u0131\u015f lama (veya daha yayg\u0131n olarak s\u0131\u011f\u0131r eti), narenciye, so\u011fan ve mayonez ve yo\u011furt gibi Avrupa soslar\u0131.<\/p>\n<p>\u015eili&#039;nin miras\u0131 hem somut olmayan geleneklerde (m\u00fczik, dans, festivaller, el sanatlar\u0131) hem de somut alanlarda korunmaktad\u0131r. Be\u015f yer UNESCO D\u00fcnya Miras\u0131 stat\u00fcs\u00fcne sahiptir: Rapa Nui Milli Park\u0131 (1995), Chilo\u00e9 Kiliseleri (2000), Valpara\u00edso&#039;nun tarihi mahallesi (2003), Humberstone ve Santa Laura G\u00fcher\u00e7ile Fabrikas\u0131 (2005) ve Sewell maden kasabas\u0131 (2006). 1999&#039;dan beri her May\u0131s ay\u0131nda K\u00fclt\u00fcrel Miras G\u00fcn\u00fc bu miras\u0131n \u00fclke \u00e7ap\u0131nda tan\u0131nmas\u0131n\u0131 davet ediyor.<\/p>\n<p>\u015eili, uzunlu\u011fu boyunca iklim ve k\u00fclt\u00fcr\u00fcn, yerli devaml\u0131l\u0131\u011f\u0131n ve g\u00f6\u00e7men miras\u0131n\u0131n, engebeli vah\u015fi do\u011fan\u0131n ve kozmopolit \u015fehrin z\u0131tl\u0131klar\u0131n\u0131 ortaya koyar. Hikayesi, a\u015f\u0131r\u0131l\u0131klara, do\u011fa g\u00fc\u00e7lerine ve tarihin ak\u0131mlar\u0131na uyum sa\u011flama hikayesidir, ancak her zaman uzun, dar topraklar\u0131n\u0131 yuva olarak adland\u0131ranlar taraf\u0131ndan \u015fekillendirilmi\u015ftir.<\/p>","protected":false},"excerpt":{"rendered":"<p>Chile, located in western South America, has a population of 17.5 million according to the 2017 census and covers a territorial area of 756,102 square kilometers. Bound to the north by Peru, to the northeast by Bolivia, and to the east by Argentina, this long, thin country runs along the western coast of the continent. With land closest to Antarctica, the Republic of Chile\u2014as it is formally known\u2014stands as the southernmost nation in the world.<\/p>","protected":false},"author":1,"featured_media":2869,"parent":24096,"menu_order":0,"comment_status":"closed","ping_status":"closed","template":"elementor_theme","meta":{"_eb_attr":"","footnotes":""},"class_list":["post-7469","page","type-page","status-publish","has-post-thumbnail"],"_links":{"self":[{"href":"https:\/\/travelshelper.com\/tr\/wp-json\/wp\/v2\/pages\/7469","targetHints":{"allow":["GET"]}}],"collection":[{"href":"https:\/\/travelshelper.com\/tr\/wp-json\/wp\/v2\/pages"}],"about":[{"href":"https:\/\/travelshelper.com\/tr\/wp-json\/wp\/v2\/types\/page"}],"author":[{"embeddable":true,"href":"https:\/\/travelshelper.com\/tr\/wp-json\/wp\/v2\/users\/1"}],"replies":[{"embeddable":true,"href":"https:\/\/travelshelper.com\/tr\/wp-json\/wp\/v2\/comments?post=7469"}],"version-history":[{"count":0,"href":"https:\/\/travelshelper.com\/tr\/wp-json\/wp\/v2\/pages\/7469\/revisions"}],"up":[{"embeddable":true,"href":"https:\/\/travelshelper.com\/tr\/wp-json\/wp\/v2\/pages\/24096"}],"wp:featuredmedia":[{"embeddable":true,"href":"https:\/\/travelshelper.com\/tr\/wp-json\/wp\/v2\/media\/2869"}],"wp:attachment":[{"href":"https:\/\/travelshelper.com\/tr\/wp-json\/wp\/v2\/media?parent=7469"}],"curies":[{"name":"wp","href":"https:\/\/api.w.org\/{rel}","templated":true}]}}