{"id":7414,"date":"2024-08-25T18:11:58","date_gmt":"2024-08-25T18:11:58","guid":{"rendered":"https:\/\/travelshelper.com\/staging\/?page_id=7414"},"modified":"2026-03-14T00:12:18","modified_gmt":"2026-03-14T00:12:18","slug":"medellin","status":"publish","type":"page","link":"https:\/\/travelshelper.com\/tr\/destinations\/south-america\/colombia\/medellin\/","title":{"rendered":"Medell\u00edn"},"content":{"rendered":"<p>Medell\u00edn, \u015fehrin kalbine do\u011fru e\u011fimli dik And Da\u011flar\u0131 yama\u00e7lar\u0131yla \u00e7evrili Aburr\u00e1 Vadisi&#039;nde geni\u015f bir rafta yer al\u0131r. Dar Medell\u00edn Nehri&#039;nin ge\u00e7ti\u011fi sokak \u015febekesi, m\u00fctevaz\u0131 bir s\u00f6m\u00fcrge \u00e7ekirde\u011finden do\u011fuya do\u011fru El Poblado ve Envigado&#039;ya do\u011fru uzan\u0131r. Deniz seviyesinden 1.495 metre y\u00fckseklikteki \u015fehir, genellikle &#034;ebedi bahar&#034; olarak adland\u0131r\u0131lan \u0131l\u0131man bir iklime sahiptir; bu iklimde begonviller tu\u011fla cepheleri kaplar ve palmiyeler ferforje balkonlardan \u0131l\u0131k esintileri s\u00fczer. Belediye, Kolombiya&#039;n\u0131n ikinci en kalabal\u0131k \u015fehridir ve s\u0131n\u0131rlar\u0131 i\u00e7inde yakla\u015f\u0131k 2,4 milyon ve metropol b\u00f6lgesinde 4 milyondan fazla n\u00fcfusa ev sahipli\u011fi yapmaktad\u0131r.<\/p>\n<p>1616&#039;da Francisco de Herrera Campuzano, g\u00fcn\u00fcm\u00fczde El Poblado semti olan yerde San Lorenzo de Aburr\u00e1 ismiyle yerli ailelerden olu\u015fan k\u00fc\u00e7\u00fck bir yerle\u015fim yeri kurdu. Bu m\u00fctevaz\u0131 k\u00fcme, vadi taban\u0131na do\u011fru akan bir su yolu boyunca uzan\u0131yordu. Yakla\u015f\u0131k altm\u0131\u015f y\u0131l sonra, 2 Kas\u0131m 1675&#039;te, Avusturya Krali\u00e7esi Mariana&#039;n\u0131n ferman\u0131, g\u00fcn\u00fcm\u00fczde \u015fehir merkezi olan b\u00f6lgedeki merkezi bir meydan\u0131n etraf\u0131nda daha geni\u015f bir kasaba olan Villa de Nuestra Se\u00f1ora de la Candelaria de Medell\u00edn&#039;i y\u00fckseltti. Yeni yerle\u015fim, ad\u0131n\u0131 \u0130spanya&#039;n\u0131n Extremadura b\u00f6lgesindeki bir kasabadan ald\u0131, ancak konturlar\u0131 k\u0131sa s\u00fcrede kendilerine ait bir kimlik iddia edecekti.<\/p>\n<p>\u0130spanya&#039;dan ba\u011f\u0131ms\u0131zl\u0131\u011f\u0131n\u0131 takiben Medell\u00edn, 1826&#039;da Gran Colombia Kongresi alt\u0131nda Antioquia&#039;n\u0131n b\u00f6l\u00fcm ba\u015fkenti stat\u00fcs\u00fcn\u00fc kazand\u0131. Verimli tepelerle \u00e7evrili co\u011frafyas\u0131 ve alt\u0131n zengini akarsulara yak\u0131nl\u0131\u011f\u0131 erken ticareti ilerletti. Y\u00fczy\u0131l\u0131n ortalar\u0131na gelindi\u011finde, Antioquian t\u00fcccarlar\u0131 de\u011ferli metal ihracat\u0131ndan kahveye y\u00f6nelmi\u015f, \u00e7uvallar\u0131 nehir a\u015fa\u011f\u0131 Cartagena&#039;ya g\u00f6ndermi\u015fti. \u015eehrin \u015febekesi hacienda tarz\u0131 konutlarla doluyken, dar sokaklar yerel pazarlar\u0131 ve depo evlerini birbirine ba\u011fl\u0131yordu.<\/p>\n<p>On dokuzuncu y\u00fczy\u0131l\u0131n sonlar\u0131nda nehir k\u0131y\u0131lar\u0131nda tekstil fabrikalar\u0131 ve \u00e7elik d\u00f6k\u00fcmhaneleri y\u00fckseli\u015fe ge\u00e7ti. Yeni bir burjuvazi d\u00fckkanlar in\u015fa etti ve tramvay hatlar\u0131n\u0131 finanse etti; fabrikalar da\u011f sisleriyle kar\u0131\u015fan al\u00e7ak duman s\u00fctunlar\u0131 p\u00fcsk\u00fcrtt\u00fc. Yine de yirminci y\u00fczy\u0131l\u0131n ortalar\u0131na gelindi\u011finde, sanayi siyasi t\u00fcrb\u00fclans\u0131n ortas\u0131nda t\u00f6kezlemi\u015fti. Medell\u00edn ancak 1990&#039;larda s\u00fcrd\u00fcr\u00fclebilir bir kentsel yenilenmeye giri\u015fti. Medell\u00edn Metrosu&#039;nun 1995&#039;te a\u00e7\u0131l\u0131\u015f\u0131 sembolik bir d\u00f6n\u00fcm noktas\u0131n\u0131 i\u015faret etti. A ve B hatlar\u0131, \u00e7evre yerle\u015fim yerlerini tarihi merkeze ba\u011fl\u0131yordu. Topluluk temelli teleferikler (J ve K Hatlar\u0131) dik yoku\u015flu i\u015fe gidi\u015f geli\u015fleri kolayla\u015ft\u0131rarak yama\u00e7taki barrio&#039;lara e\u011fitim ve sa\u011fl\u0131k hizmetlerine yeni eri\u015fim sa\u011flad\u0131.<\/p>\n<p>Uluslararas\u0131 g\u00f6zlemciler k\u0131sa s\u00fcrede bunu fark ettiler. 2013 y\u0131l\u0131nda Urban Land Institute, Medell\u00edn&#039;i g\u00f6ky\u00fcz\u00fcndeki k\u00fct\u00fcphaneler, gayriresmi yerle\u015fim yerlerindeki y\u00fcr\u00fcyen merdivenler ve bir topluluk okullar\u0131 a\u011f\u0131 gibi \u00f6zellikleriyle d\u00fcnyan\u0131n en yenilik\u00e7i \u015fehri olarak adland\u0131rd\u0131. Ertesi y\u0131l, BM Habitat&#039;\u0131n D\u00fcnya Kent Forumu&#039;na ev sahipli\u011fi yapt\u0131; 2016 y\u0131l\u0131nda s\u00fcrd\u00fcr\u00fclebilir kentsel \u00e7\u00f6z\u00fcmler i\u00e7in Lee Kuan Yew D\u00fcnya Kent \u00d6d\u00fcl\u00fc&#039;n\u00fc ald\u0131. Yerel akademisyenler, belediye yetkilileri, \u00fcniversiteler ve sivil toplum kurulu\u015flar\u0131n\u0131n kapsay\u0131c\u0131 yat\u0131r\u0131m etraf\u0131nda bir araya geldi\u011fi bir &#034;geli\u015fme devleti&#034; modeline i\u015faret ediyor.<\/p>\n<p>Medell\u00edn, Antioquia&#039;n\u0131n GSY\u0130H&#039;sinin &#039;sini olu\u015fturuyor ve Kolombiya ekonomisinin yakla\u015f\u0131k &#039;ine katk\u0131da bulunuyor. \u00d6zel sekt\u00f6r liderlerinden olu\u015fan bir konsorsiyum olan Grupo Empresarial Antioque\u00f1o, bankac\u0131l\u0131k, g\u0131da i\u015fleme, \u00e7imento ve sigortay\u0131 y\u00f6nlendiriyor, yakla\u015f\u0131k 17 milyar ABD dolar\u0131 tutar\u0131nda birle\u015fik piyasa de\u011ferine sahip ve 80.000&#039;den fazla \u00e7al\u0131\u015fan\u0131 istihdam ediyor. Tekstil, \u015fekerleme, ila\u00e7, \u00e7elik, rafine ya\u011f ve \u00e7i\u00e7ek yeti\u015ftiricili\u011fi uzun s\u00fcredir devam eden end\u00fcstriyel k\u00fcmeleri s\u00fcrd\u00fcr\u00fcyor. Son y\u0131llarda moda, k\u00fclt\u00fcrel bir end\u00fcstri olarak ortaya \u00e7\u0131kt\u0131: Her Temmuz ay\u0131nda d\u00fczenlenen Colombiamoda, Latin Amerika&#039;n\u0131n en b\u00fcy\u00fck giyim fuar\u0131 olarak s\u0131ralan\u0131yor.<\/p>\n<p>\u015eehir ayr\u0131ca iki havaalan\u0131na sahiptir. Medell\u00edn&#039;in tam i\u00e7inde yer alan Olaya Herrera, b\u00f6lgesel ta\u015f\u0131y\u0131c\u0131lara ve genel havac\u0131l\u0131\u011fa hizmet eder. Jos\u00e9 Mar\u00eda C\u00f3rdova Havaalan\u0131, Rionegro&#039;da 29 km do\u011fuda yer al\u0131r ve Kuzey ve G\u00fcney Amerika merkezlerine do\u011frudan ba\u011flant\u0131lara sahiptir. Avianca ve Aerom\u00e9xico gibi eski havayollar\u0131, d\u00fc\u015f\u00fck maliyetli ta\u015f\u0131y\u0131c\u0131larla birlikte faaliyet g\u00f6sterir. Bogot\u00e1 rotas\u0131 ve \u00f6tesindeki yolcu b\u00fcy\u00fcmesi, C\u00f3rdova&#039;y\u0131 Kolombiya&#039;n\u0131n en yo\u011fun i\u00e7 ve d\u0131\u015f hat giri\u015flerinden biri haline getirmi\u015ftir.<\/p>\n<p>Medell\u00edn&#039;in parklar\u0131, kentsel \u015febekesine bir kar\u015f\u0131 nokta olu\u015fturur. Merkezde, Berr\u00edo ve Bol\u00edvar Parklar\u0131, y\u00fckselen tu\u011fla nefinin kentsel ya\u015fama ba\u015fkanl\u0131k etti\u011fi Metropolitan Katedrali&#039;nin s\u0131n\u0131r\u0131ndad\u0131r. G\u00fcneyde, Laureles Park yerle\u015fim b\u00f6lgelerini sabitlerken, El Poblado Park kafeler ve galerilerin ortas\u0131nda yer al\u0131r. Deneysel alanlar\u2014yapay nehir yata\u011f\u0131yla Barefoot Park, Explora Park&#039;\u0131n uygulamal\u0131 bilim sergileri ve Bicentennial Park&#039;\u0131n kentsel orman\u0131\u2014hem e\u011flence hem de e\u011fitim sunar.<\/p>\n<p>\u015eehir s\u0131n\u0131rlar\u0131n\u0131n \u00f6tesinde, Arv\u00ed Ekoturizm Park\u0131 20.000 hektarl\u0131k bulut orman\u0131na yay\u0131lm\u0131\u015ft\u0131r. Patikalar, kano, da\u011f bisikleti ve rehberli botanik y\u00fcr\u00fcy\u00fc\u015flerinin And Da\u011flar\u0131 floras\u0131n\u0131 ortaya \u00e7\u0131kard\u0131\u011f\u0131 y\u00fcksek vadileri kapsar. L Hatt\u0131 \u00fczerindeki d\u00f6rt teleferik istasyonu ziyaret\u00e7ileri bu korunan rezerve b\u0131rak\u0131r ve a\u015fa\u011f\u0131daki \u015fehrin panoramalar\u0131n\u0131 \u00e7er\u00e7eveler.<\/p>\n<p>Yedi tepe\u2014El Volador, Nutibara, Pan de Az\u00facar ve di\u011ferleri\u2014ufuk \u00e7izgisini vurgular. Zirvelerinde, g\u00f6zetleme noktalar\u0131 ve dini t\u00fcrbeler hafta sonu hac\u0131lar\u0131n\u0131 \u00e7eker. 1960&#039;ta kurulan Santa Fe Hayvanat Bah\u00e7esi, \u00fc\u00e7 k\u0131tadan t\u00fcrlere ev sahipli\u011fi yapar. Mimari meydanlar\u2014Fernando Botero&#039;nun b\u00fcy\u00fck bronz heykellerini sergileyen Botero Meydan\u0131, \u0131\u015f\u0131kl\u0131 direk orman\u0131yla Plaza Cisneros\u2014\u015fehir oturma odalar\u0131 olarak hizmet verir, festivaller ve halka a\u00e7\u0131k sergiler d\u00fczenler.<\/p>\n<p>Medell\u00edn Metrosu, be\u015f hatt\u0131 vadi boyunca uzanan rayl\u0131 bir metro sistemi olarak Kolombiya&#039;da tek ba\u015f\u0131na duruyor. 2011&#039;de a\u00e7\u0131lan bir otob\u00fcs h\u0131zl\u0131 transit koridoru olan Metroplus, a\u011f\u0131 tamamlayarak emisyonlar\u0131 azalt\u0131yor ve i\u015fe gidip gelmeleri kolayla\u015ft\u0131r\u0131yor. Taksiler ve geleneksel otob\u00fcsler bo\u015fluklar\u0131 doldururken, kuzey ve g\u00fcney u\u00e7lar\u0131ndaki b\u00f6lgesel terminaller kom\u015fu belediyelere hizmet g\u00f6nderiyor. Modlar\u0131n entegrasyonu -metro, teleferik, tramvay ve otob\u00fcs- ge\u00e7mi\u015fteki trafik s\u0131k\u0131nt\u0131lar\u0131yla keskin bir tezat olu\u015fturan tutarl\u0131 bir \u00e7er\u00e7eve olu\u015fturuyor.<\/p>\n<p>2018&#039;de Medell\u00edn belediye s\u0131n\u0131rlar\u0131 i\u00e7inde 2.427.129 sakin kaydetti; metropol alan\u0131 4 milyondan fazlayd\u0131. Sakinlerin y\u00fczde 60&#039;\u0131ndan fazlas\u0131 do\u011fumlar\u0131n\u0131 \u015fehrin kendisine dayand\u0131r\u0131rken, geri kalan\u0131 di\u011fer Kolombiya b\u00f6lgelerinden veya yurtd\u0131\u015f\u0131ndan geliyor. Havzan\u0131n okuma yazma bilmeme oran\u0131 y\u00fczde 6&#039;n\u0131n alt\u0131nda seyrediyor ve neredeyse t\u00fcm haneler elektrik ve i\u00e7me suyuna sahip. K\u00fct\u00fcphanelere, parklara ve k\u00fclt\u00fcr merkezlerine yap\u0131lan kamu yat\u0131r\u0131mlar\u0131, \u00f6zellikle tarihsel olarak d\u0131\u015flanm\u0131\u015f b\u00f6lgelerde e\u011flence ve \u00f6\u011frenmeye eri\u015fimi geni\u015fletti.<\/p>\n<p>Medell\u00edn&#039;in kimli\u011fi paisa ethos&#039;uyla derinden i\u00e7 i\u00e7edir: belirgin bir aksan, g\u00fc\u00e7l\u00fc misafirperverlik ve doyurucu yemekler. Dini ba\u011fl\u0131l\u0131k say\u0131s\u0131z kilisede -San Ignacio, Nuestra Senora de Bel\u00e9n ve Candelaria Bazilikas\u0131- g\u00f6r\u00fcn\u00fcr olmaya devam ediyor; bunlar\u0131n sanat\u0131 ve mimarisi Barok, Neoklasik ve Cumhuriyet\u00e7i etkileri yans\u0131t\u0131yor. Her Aral\u0131k ay\u0131nda milyonlarca insan Alumbrados i\u00e7in La Playa Caddesi boyunca toplan\u0131yor: nehir k\u0131y\u0131lar\u0131n\u0131 ayd\u0131nlat\u0131lm\u0131\u015f bir galeriye d\u00f6n\u00fc\u015ft\u00fcren karma\u015f\u0131k \u0131\u015f\u0131k g\u00f6sterileri.<\/p>\n<p>Y\u0131ll\u0131k \u00c7i\u00e7ek Festivali, Antioquia&#039;n\u0131n k\u0131rsal miras\u0131n\u0131 \u00e7a\u011fr\u0131\u015ft\u0131r\u0131r. Silleteros, bir zamanlar da\u011f yollar\u0131nda dola\u015fan kat\u0131r do\u011fumlu sat\u0131c\u0131lar\u0131 an\u0131msatan s\u00fcsl\u00fc \u00e7i\u00e7ek aranjmanlar\u0131 (silletas) \u015fehir sokaklar\u0131 boyunca ta\u015f\u0131r. M\u00fczik ve dans meydanlara ta\u015farken, zanaatkar pazarlar\u0131 mahalle ana caddelerini s\u00fcsler.<\/p>\n<p>G\u00f6rsel sanatlar st\u00fcdyolarda ve cephelerde de geli\u015fir. Rodrigo Arenas Betancur ve Fernando Botero&#039;nun eserleri, yeni ortaya \u00e7\u0131kan sokak sanat\u0131 kolektiflerinin duvar resimlerinin yan\u0131nda yer al\u0131r. M\u00fczeler (toplamda k\u0131rk kadar\u0131) yerel tarihi, \u00e7a\u011fda\u015f uygulamalar\u0131 ve Kolomb \u00f6ncesi kal\u0131nt\u0131lar\u0131 g\u00f6sterir. K\u00fclt\u00fcr Saray\u0131 ve yak\u0131ndaki botanik bah\u00e7eleri y\u0131l boyunca konserlere, okumalara ve akademik sempozyumlara ev sahipli\u011fi yapar.<\/p>\n<p>Medell\u00edn&#039;deki yemekler genellikle s\u0131cak \u00e7ikolata ile ba\u015flar ve tatl\u0131 ve tuzlu hamur i\u015fleri olarak bilinen parva&#039;y\u0131 tamamlamak i\u00e7in peynirle e\u015fle\u015ftirilir: pan de queso, bu\u00f1uelos ve pan de bono. Bandeja paisa b\u00f6lgenin imza taba\u011f\u0131 olarak h\u00fck\u00fcm s\u00fcrer - fasulye, pirin\u00e7, chicharr\u00f3n, chorizo, k\u0131zarm\u0131\u015f yumurta, muz ve avokado tahta bir tepsiye y\u0131\u011f\u0131l\u0131r. \u00d6\u011f\u00fct\u00fclm\u00fc\u015f m\u0131s\u0131rdan yap\u0131lan arepalar neredeyse her yeme\u011fe e\u015flik eder.<\/p>\n<p>Yerel i\u00e7ecekler bitkisel aguardiente Antioque\u00f1o&#039;dan Postob\u00f3n me\u015frubatlar\u0131na kadar \u00e7e\u015fitlilik g\u00f6sterir. \u00c7ikolata barlar\u0131 ve guava tatl\u0131lar\u0131 da dahil olmak \u00fczere \u015fekerlemeler hem yerel malzemeleri hem de \u0130spanyol esintili teknikleri yans\u0131t\u0131r. Giderek artan say\u0131da kafe ve bakkal, yak\u0131ndaki da\u011f \u00e7iftliklerinden gelen tek k\u00f6kenli kahveleri \u00f6ne \u00e7\u0131kar\u0131r.<\/p>\n<p>Medell\u00edn, on yedinci y\u00fczy\u0131ldaki k\u00f6kenlerinden yirmi birinci y\u00fczy\u0131ldaki r\u00f6nesans\u0131na kadar b\u00fcy\u00fcme, kriz ve yenilenme d\u00f6ng\u00fclerinde yol ald\u0131. Konturlar\u0131 \u00e7al\u0131\u015fkan \u00f6nc\u00fclerin, zanaatkarlar\u0131n ve giri\u015fimcilerin, toplum \u00f6rg\u00fct\u00e7\u00fclerinin ve sosyal politika mimarlar\u0131n\u0131n izlerini ta\u015f\u0131yor. And Da\u011flar\u0131 k\u0131vr\u0131mlar\u0131n\u0131n ortas\u0131nda, \u00e7elik ve \u00e7i\u00e7eklenmenin, tarih ve yenili\u011fin k\u0131r\u0131lgan bir uyum i\u00e7inde bir arada var oldu\u011fu kentsel ya\u015fam\u0131n katmanl\u0131 karma\u015f\u0131kl\u0131\u011f\u0131n\u0131n bir kan\u0131t\u0131 olmaya devam ediyor.<\/p>","protected":false},"excerpt":{"rendered":"<p>Medell\u00edn, situated in a narrow valley and enveloped by the majestic Andes Mountains, captivates visitors with its year-round agreeable climate, innovative spirit, and vivacious energy. As Colombia\u2019s second-largest city and the capital of the Antioquia\u00a0department,\u00a0Medell\u00edn\u00a0has transformed itself from a troubled past to become one of\u00a0South America\u2019s most progressive and dynamic urban centres.<\/p>","protected":false},"author":1,"featured_media":3870,"parent":7405,"menu_order":0,"comment_status":"closed","ping_status":"closed","template":"elementor_theme","meta":{"_eb_attr":"","footnotes":""},"class_list":["post-7414","page","type-page","status-publish","has-post-thumbnail"],"_links":{"self":[{"href":"https:\/\/travelshelper.com\/tr\/wp-json\/wp\/v2\/pages\/7414","targetHints":{"allow":["GET"]}}],"collection":[{"href":"https:\/\/travelshelper.com\/tr\/wp-json\/wp\/v2\/pages"}],"about":[{"href":"https:\/\/travelshelper.com\/tr\/wp-json\/wp\/v2\/types\/page"}],"author":[{"embeddable":true,"href":"https:\/\/travelshelper.com\/tr\/wp-json\/wp\/v2\/users\/1"}],"replies":[{"embeddable":true,"href":"https:\/\/travelshelper.com\/tr\/wp-json\/wp\/v2\/comments?post=7414"}],"version-history":[{"count":0,"href":"https:\/\/travelshelper.com\/tr\/wp-json\/wp\/v2\/pages\/7414\/revisions"}],"up":[{"embeddable":true,"href":"https:\/\/travelshelper.com\/tr\/wp-json\/wp\/v2\/pages\/7405"}],"wp:featuredmedia":[{"embeddable":true,"href":"https:\/\/travelshelper.com\/tr\/wp-json\/wp\/v2\/media\/3870"}],"wp:attachment":[{"href":"https:\/\/travelshelper.com\/tr\/wp-json\/wp\/v2\/media?parent=7414"}],"curies":[{"name":"wp","href":"https:\/\/api.w.org\/{rel}","templated":true}]}}