{"id":7405,"date":"2024-08-25T17:42:51","date_gmt":"2024-08-25T17:42:51","guid":{"rendered":"https:\/\/travelshelper.com\/staging\/?page_id=7405"},"modified":"2026-03-13T23:55:37","modified_gmt":"2026-03-13T23:55:37","slug":"kolombiya","status":"publish","type":"page","link":"https:\/\/travelshelper.com\/tr\/destinations\/south-america\/colombia\/","title":{"rendered":"Kolombiya"},"content":{"rendered":"<p>Kolombiya, kar\u015f\u0131tl\u0131klar\u0131n bir \u00fclkesi olarak ortaya \u00e7\u0131k\u0131yor: kentsel enerjiyle u\u011fuldayan y\u00fcksek And Da\u011flar\u0131 platolar\u0131; Amazon&#039;un ye\u015fil sessizli\u011finin hakim oldu\u011fu buharl\u0131 ova ormanlar\u0131; s\u0131cak denizlerle \u00e7evrili Karayip k\u0131y\u0131lar\u0131; ve sis ve yo\u011fun mangrovlarla \u00f6rt\u00fcl\u00fc Pasifik k\u0131y\u0131lar\u0131. 1.141.748 kilometrekarelik bir alan\u0131 kaplayan Kolombiya, Kuzey Amerika sular\u0131na dokunan adalar\u0131 ve G\u00fcney Amerika&#039;da demirlemi\u015f ana karas\u0131yla iki k\u0131tada e\u015fsiz bir yer iddia ediyor. Panama, Venezuela, Brezilya, Peru ve Ekvador ile payla\u015ft\u0131\u011f\u0131 s\u0131n\u0131rlar\u0131, kimli\u011fi co\u011frafya kadar tarih, k\u00fclt\u00fcr ve geli\u015fen bir vatanda\u015fl\u0131k duygusu taraf\u0131ndan da \u015fekillendirilmi\u015f bir ulusun izlerini ta\u015f\u0131yor.<\/p>\n<p>Kolombiya&#039;n\u0131n kalbinde, \u00fclkenin omurgas\u0131n\u0131 \u015fekillendiren ve en kalabal\u0131k \u015fehirlerini bar\u0131nd\u0131ran \u00fc\u00e7 s\u0131rada\u011fdan olu\u015fan And Da\u011flar\u0131 yer al\u0131r. Bat\u0131da, Cordillera Occidental Pasifik&#039;i \u00e7evreler, zirveleri ya\u011fmur ormanlar\u0131yla dolu ve genellikle sisle \u00f6rt\u00fcl\u00fc k\u0131y\u0131 ovalar\u0131n\u0131n \u00fczerinde y\u00fckselir. Cauca Nehri&#039;nin ge\u00e7ti\u011fi Cali, do\u011fu eteklerinde yer al\u0131r. Cauca ve Magdalena vadileri aras\u0131nda, y\u00fckseklikleri 5.000 metrenin \u00fczerine \u00e7\u0131kan Cordillera Central bulunur. Burada, Medell\u00edn&#039;in huzursuz sokaklar\u0131 ve kahve yeti\u015ftirilen kasabalar\u0131, orkide ve kavrulmu\u015f \u00e7ekirdeklerin kokusuyla canl\u0131 bir \u015fekilde yama\u00e7lara tutunur. Cordillera Oriental, kuzeydo\u011fuya do\u011fru Guajira Yar\u0131madas\u0131&#039;na do\u011fru uzan\u0131r ve yakla\u015f\u0131k 2.600 metre y\u00fckseklikte d\u00fcnyan\u0131n en y\u00fcksek ba\u015fkentlerinden biri olan Bogota&#039;ya ev sahipli\u011fi yapar ve Bucaramanga ve C\u00facuta&#039;ya kadar uzan\u0131r.<\/p>\n<p>Da\u011flar\u0131n do\u011fusunda, geni\u015f Llanos \u00e7ay\u0131rlar\u0131 Orinoco havzas\u0131na d\u00f6k\u00fcl\u00fcr, mevsimsel seller s\u0131\u011f\u0131r \u00e7iftliklerini ve yaban hayat\u0131 koridorlar\u0131n\u0131 besler. Daha g\u00fcneyde, Amazon ya\u011fmur orman\u0131 biyolojik \u00e7e\u015fitlili\u011fin ye\u015fil bir katedralinde kendini g\u00f6sterir. K\u0131y\u0131 ovalar\u0131 belirgin \u015fekilde farkl\u0131d\u0131r: Kuzey Karayip k\u0131y\u0131s\u0131 \u00e7o\u011funlukla g\u00fcne\u015fte kavrulmu\u015f \u00e7al\u0131l\u0131klar alt\u0131nda kal\u0131r, Sierra Nevada de Santa Marta hari\u00e7 - 5.700 metrenin \u00fczerine aniden y\u00fckselen bir k\u0131y\u0131 da\u011f s\u0131ras\u0131 - Pasifik k\u0131y\u0131s\u0131 dar, ya\u011fmurla \u0131slanm\u0131\u015f ve hafif yerle\u015fimlidir. Kolombiya&#039;n\u0131n Atlantik ve Pasifik&#039;teki ikili k\u0131y\u0131 \u015feritleri onu k\u0131tada ay\u0131r\u0131r; deniz s\u0131n\u0131rlar\u0131 Kosta Rika, Nikaragua, Honduras, Jamaika, Haiti ve Dominik Cumhuriyeti&#039;nin s\u0131n\u0131rlar\u0131na dokunur.<\/p>\n<p>Bu b\u00f6lgedeki insan varl\u0131\u011f\u0131, avc\u0131-toplay\u0131c\u0131lar\u0131n \u00e7e\u015fitli ekosistemlerini ge\u00e7ti\u011fi en az 14.000 y\u0131l \u00f6ncesine dayan\u0131r. Avrupal\u0131lar geldi\u011finde (\u0130spanyol ka\u015fifler 1499&#039;da La Guajira&#039;ya ayak bast\u0131\u011f\u0131nda) y\u00fcksek ve al\u00e7ak b\u00f6lgelerde geli\u015fmi\u015f yerli siyasi yap\u0131lar geli\u015fmi\u015fti. \u0130spanyol tac\u0131, idari kalbi Santa Fe de Bogot\u00e1 olan Granada Yeni Krall\u0131\u011f\u0131&#039;n\u0131 on alt\u0131nc\u0131 y\u00fczy\u0131l\u0131n ortalar\u0131nda olu\u015fturdu. Y\u00fczy\u0131llar s\u00fcren s\u00f6m\u00fcrge y\u00f6netimi boyunca, n\u00fcfuslar hastal\u0131k ve fetih nedeniyle \u00e7\u00f6kt\u00fc, ancak kreol toplumlar\u0131 ortaya \u00e7\u0131kt\u0131k\u00e7a yava\u015f\u00e7a toparland\u0131.<\/p>\n<p>Ba\u011f\u0131ms\u0131zl\u0131k 1810&#039;da ilan edildi, ancak m\u00fccadele Sim\u00f3n Bol\u00edvar&#039;\u0131n kampanyalar\u0131 1819&#039;da kurtulu\u015fu g\u00fcvence alt\u0131na alana ve k\u0131sa \u00f6m\u00fcrl\u00fc Gran Colombia cumhuriyeti \u015fekillenene kadar devam etti. Federalizm ve merkeziyet\u00e7ilikle ilgili deneyler Granadin Konfederasyonu (1858), Kolombiya Birle\u015fik Devletleri (1863) ve son olarak 1886&#039;da Kolombiya Cumhuriyeti ile devam etti. Panama&#039;n\u0131n 1903&#039;te uluslararas\u0131 bask\u0131 alt\u0131nda kaybedilmesi s\u0131n\u0131rlar\u0131n\u0131 yeniden \u00e7izdi. Yirminci y\u00fczy\u0131l boyunca, 1960&#039;larda ve 1990&#039;larda yo\u011funla\u015fan i\u00e7 \u00e7at\u0131\u015fmalar ve siyasi \u015fiddet ulusal hikayeyi belirledi. 2000&#039;lerin ortalar\u0131ndan itibaren g\u00fcvenlik iyile\u015ftirmeleri, kurumsal reformlar ve ekonomik b\u00fcy\u00fcme sosyal manzaray\u0131 yeniden \u015fekillendirmeye ba\u015flad\u0131.<\/p>\n<p>Modern Kolombiya, her biri se\u00e7ilmi\u015f bir vali ve meclis taraf\u0131ndan y\u00f6netilen 32 departmana ve bir Ba\u015fkent B\u00f6lgesine\u2014Bogot\u00e1\u2014b\u00f6l\u00fcnm\u00fc\u015ft\u00fcr. Departmanlar belediyelere b\u00f6l\u00fcn\u00fcr, daha sonra corregimientos (k\u0131rsal b\u00f6lgeler) ve comunas (kentsel b\u00f6lgeler) olarak alt b\u00f6l\u00fcmlere ayr\u0131l\u0131r, her biri yerel konseylere sahiptir. \u00d6zel b\u00f6lgeler\u2014Barranquilla, Cartagena, Santa Marta ve Buenaventura\u2014deniz, k\u00fclt\u00fcrel veya stratejik \u00f6nemlerini yans\u0131tan idari stat\u00fcye sahiptir. Bu katmanl\u0131 y\u00f6netim yap\u0131s\u0131, b\u00f6lgesel \u00e7e\u015fitlili\u011fi ulusal tutarl\u0131l\u0131kla dengelemeyi ama\u00e7lamaktad\u0131r.<\/p>\n<p>Yakla\u015f\u0131k 52 milyonluk bir n\u00fcfusa ev sahipli\u011fi yapan Kolombiya, Latin Amerika&#039;da n\u00fcfusa g\u00f6re \u00fc\u00e7\u00fcnc\u00fc s\u0131rada yer almaktad\u0131r. Demografik y\u00f6r\u00fcngesi (yirminci y\u00fczy\u0131l\u0131n ba\u015f\u0131nda d\u00f6rt milyon olan n\u00fcfus, bug\u00fcn elli milyonun \u00fczerine \u00e7\u0131km\u0131\u015ft\u0131r) do\u011furganl\u0131k ve \u00f6l\u00fcm oranlar\u0131ndaki d\u00fc\u015f\u00fc\u015fleri ve k\u0131rsal ya\u015famdan kentsel ya\u015fama ge\u00e7i\u015fi yans\u0131tmaktad\u0131r. N\u00fcfusun y\u00fczde yetmi\u015f alt\u0131s\u0131 art\u0131k \u015fehirlerde, \u00f6zellikle And Da\u011flar\u0131&#039;n\u0131n yayla koridorlar\u0131nda ya\u015famaktad\u0131r. Bogota&#039;n\u0131n kendi n\u00fcfusu 1930&#039;larda birka\u00e7 y\u00fcz binden neredeyse sekiz milyona \u00e7\u0131km\u0131\u015ft\u0131r. Y\u00fczy\u0131l\u0131n ortalar\u0131nda n\u00fcfus ya\u015flanmaktad\u0131r: Altm\u0131\u015f be\u015fin \u00fczerindeki n\u00fcfus oran\u0131 belirgin \u015fekilde artmaya ba\u015flam\u0131\u015ft\u0131r. Yerli toplumlar\u0131n torunlar\u0131, \u0130spanyol ve di\u011fer Avrupal\u0131 \u200b\u200byerle\u015fimciler, Afrika diasporas\u0131 topluluklar\u0131 ve Orta Do\u011fu ve di\u011fer g\u00f6\u00e7men dalgalar\u0131 gibi etnik k\u00f6kenlerin bir dokusu Kolombiya&#039;n\u0131n k\u00fclt\u00fcrel dinamizmini beslemektedir. \u0130spanyolca \u00fclkeyi bir arada tutarken, \u0130ngilizce, Creole ve yakla\u015f\u0131k altm\u0131\u015f d\u00f6rt yerli dil b\u00f6lgesel tan\u0131n\u0131rl\u0131\u011fa sahiptir.<\/p>\n<p>On yedi &#034;mega\u00e7e\u015fitli&#034; \u00fclkeden biri olarak belirlenen Kolombiya, di\u011fer t\u00fcm \u00fclkelerden daha fazla t\u00fcr\u00fc mil kare ba\u015f\u0131na bar\u0131nd\u0131rmaktad\u0131r. Amazon ormanlar\u0131, And Da\u011flar\u0131&#039;n\u0131n p\u00e1ramosu, Pasifik mangrovlar\u0131 ve Karayip kuru ormanlar\u0131 ba\u015fka hi\u00e7bir yerde bulunmayan say\u0131s\u0131z bitki ve hayvana ev sahipli\u011fi yapmaktad\u0131r. Alt\u0131 ana do\u011fal b\u00f6lge -And Da\u011flar\u0131, Pasifik k\u0131y\u0131s\u0131, Karayip k\u0131y\u0131s\u0131, Llanos, Amazon ve ada topraklar\u0131- bir ya\u015fam alan\u0131 mozai\u011fi olu\u015fturur. Magdalena ve Cauca gibi nehirler, hem ekolojik koridorlar hem de ticaret arterleri olarak hizmet veren vadiler oymaktad\u0131r. Depremler ve volkanlar y\u00fczeyin alt\u0131nda titrer, \u00fclkenin Pasifik Ate\u015f \u00c7emberi&#039;ndeki yerini hat\u0131rlat\u0131r.<\/p>\n<p>G\u00fcney Amerika&#039;n\u0131n \u00fc\u00e7\u00fcnc\u00fc b\u00fcy\u00fck ekonomisi olan Kolombiya&#039;n\u0131n ekonomisi, geleneksel ihracatlar\u0131 (petrol, k\u00f6m\u00fcr, kahve ve kesme \u00e7i\u00e7ekler) yeni geli\u015fen y\u00fcksek teknoloji, hizmet ve turizm sekt\u00f6rleriyle birle\u015ftiriyor. Son on y\u0131llardaki makroekonomik istikrar yabanc\u0131 yat\u0131r\u0131m\u0131 \u00e7ekerken, yoksulluk oranlar\u0131 d\u00fc\u015ft\u00fc ve b\u00fcy\u00fcyen bir orta s\u0131n\u0131f ortaya \u00e7\u0131kt\u0131. D\u00fcnya Sa\u011fl\u0131k \u00d6rg\u00fct\u00fc taraf\u0131ndan Latin Amerika&#039;n\u0131n en g\u00fc\u00e7l\u00fcs\u00fc olarak \u00f6v\u00fclen sa\u011fl\u0131k sistemi, insan sermayesi geli\u015fimini destekliyor. B\u00fcy\u00fck kentsel merkezler (Bogot\u00e1, Medell\u00edn, Cali, Barranquilla ve Cartagena) finansal, end\u00fcstriyel ve k\u00fclt\u00fcrel motorlar olarak i\u015flev g\u00f6r\u00fcyor.<\/p>\n<p>Kolombiya k\u00fclt\u00fcr\u00fc, Kolomb \u00f6ncesi medeniyetlerin yank\u0131lar\u0131, \u0130spanyol s\u00f6m\u00fcrge kurumlar\u0131, Afrika miras\u0131 ve Avrupa ve Orta Do\u011fu&#039;dan gelen g\u00f6\u00e7men etkileriyle yank\u0131lan\u0131r. M\u00fczik, And Da\u011flar\u0131 bambucolar\u0131ndan Afro-Karayip cumbia&#039;s\u0131na kadar uzan\u0131r; edebiyat, yerli s\u00f6zl\u00fc geleneklerden Nobel \u00f6d\u00fcll\u00fc Gabriel Garc\u00eda M\u00e1rquez&#039;in b\u00fcy\u00fcl\u00fc ger\u00e7ek\u00e7i anlat\u0131lar\u0131na kadar uzan\u0131r. Festivaller\u2014Carnaval de Barranquilla, Feria de las Flores in Medell\u00edn\u2014m\u00fczik, dans ve rit\u00fceli canl\u0131 kamusal g\u00f6sterilerde harmanlar.<\/p>\n<p>Mutfa\u011f\u0131 b\u00f6lgesel \u00f6zelliklerden bahseder. Yaylalarda, patates, m\u0131s\u0131r ve tavuk \u00e7orbas\u0131 olan ajiaco serin da\u011f havas\u0131n\u0131 \u0131s\u0131t\u0131r; Karayip k\u0131y\u0131s\u0131nda, hindistan cevizi pirinci ve k\u0131zarm\u0131\u015f bal\u0131k hem yerli hem de Afrika k\u00f6klerini hat\u0131rlat\u0131r. Arepas (sade veya doldurulmu\u015f m\u0131s\u0131r kekleri) her \u00f6\u011f\u00fcnde bulunurken, fasulye, muz ve guan\u00e1bana, lulo ve maracuy\u00e1 gibi tropikal meyveler \u00fclke \u00e7ap\u0131nda masalar\u0131 ayd\u0131nlat\u0131r. Sokak tezgahlar\u0131nda empanadas, aborrajados (peynirli tatl\u0131 muz) ve bu\u00f1uelos servis edilir; ev mutfaklar\u0131nda natillas ve tres leches keki gibi tatl\u0131lar \u00fcretilir. \u0130\u00e7ecekler sert tinto kahvesinden \u015feker kam\u0131\u015f\u0131 aguardiente&#039;sine, champ\u00fas&#039;tan (meyve ve m\u0131s\u0131r i\u00e7ece\u011fi) \u00fclkenin meyve bah\u00e7esi zenginli\u011fini kutlayan taze meyve sular\u0131na kadar uzan\u0131r.<\/p>\n<p>Kolombiya&#039;n\u0131n hikayesi ne dura\u011fan ne de tekd\u00fczedir. Y\u00fcksek da\u011f ba\u015fkentleri ve nehir k\u0131y\u0131s\u0131 k\u0131rsallar\u0131, \u00e7at\u0131\u015fma an\u0131lar\u0131 ve bar\u0131\u015f \u00f6zlemleri, zengin biyolojik \u00e7e\u015fitlili\u011fi ve kalk\u0131nma bask\u0131lar\u0131 aras\u0131nda s\u00fcrekli m\u00fczakere eden bir ulustur. \u0130dari reformlar, altyap\u0131 projeleri, koruma \u00e7abalar\u0131 ve k\u00fclt\u00fcrel canlanma hareketleri, hem geriye hem de ileriye bakan, birbirine ba\u011fl\u0131 bir d\u00fcnyada yeni yollar a\u00e7arken atalar\u0131n\u0131n k\u00f6klerini onurland\u0131rmaya \u00e7al\u0131\u015fan bir toplumun kan\u0131t\u0131d\u0131r. Kolombiya, enginli\u011fi ve \u00e7e\u015fitlili\u011fiyle hem tan\u0131d\u0131k hem de \u015fa\u015f\u0131rt\u0131c\u0131 olmaya devam ediyor, yollar\u0131n\u0131 kat eden, nehirlerinde yol alan ve birlikte geli\u015fen anlat\u0131s\u0131n\u0131 olu\u015fturan bir\u00e7ok sesi dinleyenler i\u00e7in kal\u0131c\u0131 bir d\u00fc\u015f\u00fcnme konusu.<\/p>","protected":false},"excerpt":{"rendered":"<p>Located at the northwestern extremity of South America,\u00a0Colombia\u00a0is characterized by significant\u00a0diversity\u00a0and striking contrasts. Officially the\u00a0Republic of Colombia, this colorful nation covers more than 1.1 million square kilometers, ranking 26th among all the countries in the globe.\u00a0Colombia\u00a0acts as a\u00a0geographical\u00a0and\u00a0cultural link\u00a0between\u00a0South and Central America\u00a0with its strategic position between the\u00a0Pacific and Caribbean Seas.<\/p>","protected":false},"author":1,"featured_media":3844,"parent":24096,"menu_order":0,"comment_status":"closed","ping_status":"closed","template":"elementor_theme","meta":{"_eb_attr":"","footnotes":""},"class_list":["post-7405","page","type-page","status-publish","has-post-thumbnail"],"_links":{"self":[{"href":"https:\/\/travelshelper.com\/tr\/wp-json\/wp\/v2\/pages\/7405","targetHints":{"allow":["GET"]}}],"collection":[{"href":"https:\/\/travelshelper.com\/tr\/wp-json\/wp\/v2\/pages"}],"about":[{"href":"https:\/\/travelshelper.com\/tr\/wp-json\/wp\/v2\/types\/page"}],"author":[{"embeddable":true,"href":"https:\/\/travelshelper.com\/tr\/wp-json\/wp\/v2\/users\/1"}],"replies":[{"embeddable":true,"href":"https:\/\/travelshelper.com\/tr\/wp-json\/wp\/v2\/comments?post=7405"}],"version-history":[{"count":0,"href":"https:\/\/travelshelper.com\/tr\/wp-json\/wp\/v2\/pages\/7405\/revisions"}],"up":[{"embeddable":true,"href":"https:\/\/travelshelper.com\/tr\/wp-json\/wp\/v2\/pages\/24096"}],"wp:featuredmedia":[{"embeddable":true,"href":"https:\/\/travelshelper.com\/tr\/wp-json\/wp\/v2\/media\/3844"}],"wp:attachment":[{"href":"https:\/\/travelshelper.com\/tr\/wp-json\/wp\/v2\/media?parent=7405"}],"curies":[{"name":"wp","href":"https:\/\/api.w.org\/{rel}","templated":true}]}}