{"id":7331,"date":"2024-08-25T12:58:27","date_gmt":"2024-08-25T12:58:27","guid":{"rendered":"https:\/\/travelshelper.com\/staging\/?page_id=7331"},"modified":"2026-03-14T00:05:32","modified_gmt":"2026-03-14T00:05:32","slug":"guyana","status":"publish","type":"page","link":"https:\/\/travelshelper.com\/tr\/destinations\/south-america\/guyana\/","title":{"rendered":"Guyana"},"content":{"rendered":"<p>Guyana, G\u00fcney Amerika&#039;n\u0131n kuzey kenar\u0131 boyunca uzan\u0131r, ince k\u0131y\u0131 \u015feridi Atlas Okyanusu&#039;nun dalgalar\u0131na dokunur. 214.969 kilometrekarelik alan\u0131 kaplayan bu \u00fclke, k\u0131tan\u0131n en k\u00fc\u00e7\u00fck \u00fc\u00e7\u00fcnc\u00fc \u00fclkesidir, ancak geni\u015f vah\u015fi alanlar\u0131 ona d\u00fcnyan\u0131n en d\u00fc\u015f\u00fck n\u00fcfus yo\u011funluklar\u0131ndan birini verir. Ba\u015fkent Georgetown, Demerara Nehri&#039;nin do\u011fu k\u0131y\u0131s\u0131nda y\u00fckselir; pastel cepheleri ve s\u00f6m\u00fcrge mimarisi, ticaret ve h\u00fck\u00fcmetin u\u011fultusu sokaklar\u0131nda yank\u0131lan\u0131rken bile y\u00fczy\u0131llard\u0131r s\u00fcren de\u011fi\u015fimi yans\u0131t\u0131r.<\/p>\n<p>Bat\u0131da, Essequibo Nehri, Atlantik&#039;e d\u00f6k\u00fclmeden \u00f6nce ovalardan geni\u015f kanallar a\u00e7ar. G\u00fcneyde ve g\u00fcneybat\u0131da, Brezilya&#039;n\u0131n u\u00e7suz bucaks\u0131z ormanlar\u0131 Guyana s\u0131n\u0131r\u0131na dayan\u0131r. Do\u011fu kanad\u0131nda Surinam bulunurken, Venezuela Cuyuni Nehri&#039;nin dikenli k\u0131vr\u0131mlar\u0131n\u0131n \u00f6tesinde n\u00f6bet tutar. Bu s\u0131n\u0131rlar Guyana&#039;y\u0131 bir zamanlar Britanya Bat\u0131 Hint Adalar\u0131 olarak adland\u0131r\u0131lan, Karayip d\u00fcnyas\u0131 ile k\u0131tasal geni\u015flik aras\u0131nda ya\u015fayan bir k\u00f6pr\u00fcn\u00fcn i\u00e7ine yerle\u015ftirir.<\/p>\n<p>Ancak buray\u0131 tan\u0131mlayan tek \u015fey k\u0131y\u0131 veya ba\u015fkent de\u011fildir. \u0130\u00e7 kesimlerde arazi yumu\u015fak tepelere, ard\u0131ndan Prekambriyen kalkan kaya platolar\u0131na, &#034;bir\u00e7ok suyun \u00fclkesi&#034;ne do\u011fru y\u00fckselir. Kristal berrakl\u0131\u011f\u0131ndaki akarsular fay hatlar\u0131n\u0131 izler ve ya\u011fmur suyunun binlerce y\u0131ld\u0131r yollar a\u015f\u0131nd\u0131rd\u0131\u011f\u0131 yerlerde \u015felaleler olu\u015fturur. Bir parmaktan daha dar olan k\u0131y\u0131 ku\u015fa\u011f\u0131, mangrov batakl\u0131klar\u0131na kar\u015f\u0131 pirin\u00e7 tarlalar\u0131 ve \u015feker tarlalar\u0131 ta\u015f\u0131rken, \u00f6tesinde Guyana&#039;n\u0131n y\u00fczeyinin \u00fc\u00e7te ikisine yay\u0131lan, D\u00fcnya&#039;n\u0131n en b\u00fcy\u00fck tropikal ya\u011fmur orman\u0131 olan Amazon&#039;un m\u00fcthi\u015f ye\u015fili uzan\u0131r.<\/p>\n<p>Bu orman be\u015fi\u011fi, jaguarlar\u0131 ve kara timsahlar\u0131 kadar insan sakinlerine de aittir. Dokuz yerli ulus\u2014Wai Wai, Macushi, Patamona, Lokono, Kalina, Wapishana, Pemon, Akawaio ve Warao\u2014bu ekosistemlerle ve ekosistemlerin i\u00e7inde ya\u015far. Avrupal\u0131lar Guyana&#039;n\u0131n nehirlerinin a\u011f\u0131zlar\u0131na yelken a\u00e7madan \u00e7ok \u00f6nce, Lokono ve Kalina halk\u0131 topra\u011f\u0131n birincil koruyucular\u0131yd\u0131. K\u00f6yleri, bal\u0131k\u00e7\u0131l\u0131k ve manyok yeti\u015ftiricili\u011finin g\u00fcnl\u00fck ya\u015fam i\u00e7in hala \u00f6nemli oldu\u011fu nehir k\u0131y\u0131lar\u0131 ve a\u00e7\u0131kl\u0131klar boyunca k\u00fcmelenmi\u015ftir.<\/p>\n<p>S\u00f6zl\u00fc gelenekler ay \u0131\u015f\u0131\u011f\u0131nda kanallarda kayan kanolardan, sab\u0131r ve beceriyle at\u0131lan bal\u0131k a\u011flar\u0131ndan bahseder. Ya\u015fl\u0131lar taraf\u0131ndan hala konu\u015fulan dilleri, s\u00f6m\u00fcrge haritalar\u0131ndan daha eski yer adlar\u0131 ta\u015f\u0131r; kayal\u0131k \u00e7\u0131k\u0131nt\u0131lar\u0131n, gizli havuzlar\u0131n veya avlanma alanlar\u0131n\u0131n i\u015faretleri. Misyonerlik g\u00f6revleri ve ulusal politikalar yerli k\u00fclt\u00fcr\u00fcn baz\u0131 y\u00f6nlerini yeniden \u015fekillendirmi\u015f olsa da, g\u00fcn\u00fcm\u00fczdeki topluluklar toprak tapular\u0131 \u00fczerinde hak iddia ediyor ve kaybolma tehdidi alt\u0131ndaki el sanatlar\u0131n\u0131, t\u00f6renleri ve hikayeleri yeniden canland\u0131r\u0131yor.<\/p>\n<p>17. y\u00fczy\u0131l\u0131n ba\u015flar\u0131nda, Hollandal\u0131 t\u00fcccarlar Pomeroon ve Berbice nehirleri boyunca karakollar kurdular. Ah\u015fap kaleler ve depolar, dokunmu\u015f kuma\u015f ve demir aletler kar\u015f\u0131l\u0131\u011f\u0131nda wampum ve t\u00fcy takas eden Amerikan yerli yerle\u015fimleri aras\u0131nda duruyordu. 1700&#039;lerin sonlar\u0131na do\u011fru, \u0130ngilizler Hollandal\u0131lar\u0131n yerini alm\u0131\u015f ve \u00fc\u00e7 koloniyi -Demerara, Essequibo ve Berbice- \u0130ngiliz Guyanas\u0131&#039;nda birle\u015ftirmi\u015fti. S\u00f6m\u00fcrge y\u00f6netimi alt\u0131nda, k\u00f6lele\u015ftirilmi\u015f Afrikal\u0131lar ve k\u00f6leli\u011fin kald\u0131r\u0131lmas\u0131ndan sonra Hindistan, \u00c7in ve Portekiz&#039;den gelen s\u00f6zle\u015fmeli i\u015f\u00e7iler taraf\u0131ndan desteklenen pirin\u00e7 tarlalar\u0131 ve \u015feker plantasyonlar\u0131 i\u00e7 kesimlere do\u011fru geni\u015fledi.<\/p>\n<p>Plantasyon ya\u015fam\u0131, Amerikan yerlilerinin k\u00f6ylerindeki ya\u015famla keskin bir tezat olu\u015fturuyordu. Tu\u011fla bacalar duman kusuyordu, g\u00f6zetmenlerin sesleri tarlalarda duyuluyordu ve baston kesicilerin tak\u0131rt\u0131lar\u0131 makinelerin \u00e7\u0131nlamas\u0131yla kar\u0131\u015f\u0131yordu. Yine de bu s\u0131ralar\u0131n \u00f6tesinde yollarla i\u015faretlenmemi\u015f ormanlar ve maun ve ye\u015fil kalplerin tepede y\u00fckseldi\u011fi ovalar uzan\u0131yordu. Bu ikilik\u2014eski vah\u015fi do\u011fan\u0131n s\u0131n\u0131r\u0131nda yo\u011fun ekim\u2014Guyana&#039;n\u0131n ekonomisini ve k\u00fclt\u00fcr\u00fcn\u00fc y\u00fczy\u0131llar boyunca \u015fekillendirecekti.<\/p>\n<p>26 May\u0131s 1966&#039;da Birle\u015fik Krall\u0131k bayra\u011f\u0131 indirildi ve ba\u011f\u0131ms\u0131z Guyana&#039;n\u0131n mavi-ye\u015fil-beyaz bayra\u011f\u0131 Georgetown&#039;\u0131n \u00fczerinde y\u00fckseldi. D\u00f6rt y\u0131l sonra, 1970&#039;te \u00fclke, \u0130ngiliz Milletler Toplulu\u011fu i\u00e7inde bir cumhuriyet oldu, \u00f6zy\u00f6netimi onaylad\u0131 ve \u0130ngiliz monar\u015fisinin ortak kurumlar\u0131yla ba\u011flar\u0131n\u0131 korudu. \u0130ngiliz y\u00f6netiminin miras\u0131 hala g\u00f6r\u00fcn\u00fcr durumda: \u0130ngilizce resmi dil olarak h\u00fck\u00fcm s\u00fcr\u00fcyor, yarg\u0131 sistemi genel hukuk geleneklerini izliyor ve kriket sahalar\u0131 hala \u015fehir parklar\u0131n\u0131 s\u00fcsl\u00fcyor.<\/p>\n<p>Ancak Queen&#039;s English&#039;in yan\u0131 s\u0131ra, g\u00fcnl\u00fck konu\u015fma Guyanal\u0131 Kreol dilinde ak\u0131yor - Bat\u0131 Afrika, Hint, Hollanda ve yerli ahenklerle dolu melodik, \u0130ngilizce tabanl\u0131 bir dil. Pazar tezgahlar\u0131nda ve oturma odalar\u0131ndaki sohbetlerde dola\u015farak, Hint, Afrika, \u00c7in, Portekiz, Avrupa ve kar\u0131\u015f\u0131k k\u00f6kenli insanlar aras\u0131nda ortak bir doku \u00f6r\u00fcyor.<\/p>\n<p>Guyana nadir bir konuma sahiptir: Yasa gere\u011fi \u0130ngilizce konu\u015fan, ancak k\u00fclt\u00fcrel olarak Anglofon Karayipler&#039;e dokunmu\u015f tek G\u00fcney Amerika \u00fclkesidir. K\u00fc\u00e7\u00fck ada devletlerinin ve k\u0131ta kom\u015fular\u0131n\u0131n ekonomik ve sosyal politikalar\u0131 uyumlu hale getirmek i\u00e7in bir araya geldi\u011fi Karayip Toplulu\u011fu CARICOM&#039;un merkezine ev sahipli\u011fi yapmaktad\u0131r. Guyana, 2008&#039;de G\u00fcney Amerika Milletleri Birli\u011fi&#039;ni kurarak altyap\u0131 ve \u00e7evre y\u00f6netimi gibi alanlarda k\u0131ta i\u015f birli\u011fine olan ba\u011fl\u0131l\u0131\u011f\u0131n\u0131 g\u00f6stermi\u015ftir.<\/p>\n<p>Festivaller ve yemekler bu ikili\u011fi yans\u0131t\u0131r. Cumhuriyet stat\u00fcs\u00fcn\u00fc anan Mashramani s\u0131ras\u0131nda sokak ge\u00e7it t\u00f6renleri canl\u0131 kost\u00fcmler giymi\u015f \u00e7elik tava gruplar\u0131 ve dans\u00e7\u0131larla doludur. \u0130lkbaharda, Phagwah (veya Holi) kasabalar\u0131 renkli toz ve tatl\u0131larla doldururken, Deepavali ak\u015famlar\u0131 \u0131\u015f\u0131\u011f\u0131n karanl\u0131\u011fa kar\u015f\u0131 zaferini simgeleyen kil lamba s\u0131ralar\u0131yla parlar. Her kutlama, k\u00f6ri ve roti ile baharatland\u0131r\u0131lm\u0131\u015f pirin\u00e7 yemeklerinin biberli g\u00fcve\u00e7 ve manyok ekme\u011fiyle masalar\u0131 payla\u015ft\u0131\u011f\u0131, atalardan kalma gelenekleri birle\u015ftiren Hintli g\u00f6\u00e7menlerin izlerini ta\u015f\u0131r.<\/p>\n<p>Tar\u0131m, madencilik ve ormanc\u0131l\u0131k, 20. y\u00fczy\u0131l\u0131n b\u00fcy\u00fck b\u00f6l\u00fcm\u00fcnde Guyana ekonomisinin omurgas\u0131n\u0131 olu\u015fturdu. Boksit ocaklar\u0131 ve alt\u0131n madenleri ihracat geliri getirirken, geni\u015f tik ve ye\u015fil kalp ormanlar\u0131 yurtd\u0131\u015f\u0131ndaki kereste pazarlar\u0131na tedarik sa\u011flad\u0131. Yine de, 2017 itibar\u0131yla vatanda\u015flar\u0131n &#039;i yoksulluk s\u0131n\u0131r\u0131n\u0131n alt\u0131nda ya\u015f\u0131yordu; bu, kaynak zenginli\u011fine ra\u011fmen \u00e7arp\u0131c\u0131 e\u015fitsizliklerin bir hat\u0131rlat\u0131c\u0131s\u0131yd\u0131.<\/p>\n<p>2015&#039;te sismik ara\u015ft\u0131rmalar \u00f6nemli miktarda a\u00e7\u0131k deniz petrol rezervini ortaya \u00e7\u0131kard\u0131. 2019&#039;da, sondaj kuleleri Atlantik&#039;ten y\u00fckseldi ve 2020&#039;de \u00fclkenin GSY\u0130H&#039;si yakla\u015f\u0131k oran\u0131nda s\u0131\u00e7rad\u0131 ve bu da d\u00fcnyan\u0131n herhangi bir yerindeki en h\u0131zl\u0131 geni\u015flemelerden birini i\u015faret etti. Son tahminler, geri kazan\u0131labilir rezervleri yakla\u015f\u0131k 11 milyar varil olarak belirledi; bu da Guyana&#039;y\u0131 2025&#039;e kadar ki\u015fi ba\u015f\u0131na d\u00fc\u015fen en b\u00fcy\u00fck petrol \u00fcreticileri aras\u0131na sokmaya yetecek kadar. 1970&#039;lerden bu yana k\u00fcresel petrol rezervlerine yap\u0131lan en \u00f6nemli ekleme olarak duruyor ve h\u00fck\u00fcmet gelirleri, yabanc\u0131 yat\u0131r\u0131m ve b\u00f6lgesel jeopolitika beklentilerini yeniden \u015fekillendiriyor.<\/p>\n<p>Petrol\u00fcn a\u011f\u0131r vaadi, acil zorluklar\u0131n ortas\u0131nda geliyor. D\u00fcnya Bankas\u0131&#039;n\u0131n 2023 tarihli bir raporu, Guyana&#039;n\u0131n \u0130nsan Geli\u015fim Endeksi&#039;nde 2015&#039;ten bu yana iyile\u015fmeler oldu\u011funu belirtti - daha iyi sa\u011fl\u0131k, e\u011fitim ve gelir g\u00f6stergelerinin bir i\u015fareti - ancak yoksulluk bir\u00e7ok toplulukta devam ediyor. Georgetown gibi geli\u015fen kent merkezleri ile uzak i\u00e7 kesimler aras\u0131ndaki e\u015fitsizlikler, yollar, hastaneler ve okullar ayak uydurmaya \u00e7al\u0131\u015f\u0131rken geni\u015fliyor.<\/p>\n<p>\u00c7evresel kayg\u0131lar a\u011f\u0131r bas\u0131yor. A\u00e7\u0131k deniz sondaj\u0131 k\u0131y\u0131 bal\u0131k\u00e7\u0131l\u0131\u011f\u0131n\u0131 ve mercan resiflerini tahrip edebilecek petrol s\u0131z\u0131nt\u0131s\u0131 riskine yol a\u00e7arken, karadaki geli\u015ftirme jaguarlara, harpi kartallar\u0131na ve y\u00fczlerce orkide t\u00fcr\u00fcne ev sahipli\u011fi yapan ya\u011fmur orman\u0131 ya\u015fam alanlar\u0131na tecav\u00fcz edebilir. H\u00fck\u00fcmet ve uluslararas\u0131 ortaklar, bunu kabul ederek s\u00fcrd\u00fcr\u00fclebilir \u00e7\u0131karma, gelir payla\u015f\u0131m\u0131 ve koruma b\u00f6lgeleri i\u00e7in politikalar olu\u015fturmaya ba\u015flad\u0131. \u0130\u00e7 kesimlerdeki alt\u0131n yataklar\u0131na giden yollar erozyon kontrolleriyle in\u015fa ediliyor ve egemen bir servet fonu i\u00e7in planlar gelecek nesilleri petrol piyasalar\u0131n\u0131n oynakl\u0131\u011f\u0131ndan korumay\u0131 ama\u00e7l\u0131yor.<\/p>\n<p>Guyana&#039;n\u0131n do\u011fal zenginlikleri, \u015felaleleri, savanlar\u0131, tepui benzeri da\u011flar\u0131 ve nehir a\u011flar\u0131, kaynak \u00e7\u0131karmaya bir alternatif sunuyor. Ekotur operat\u00f6rleri ziyaret\u00e7ileri dev kar\u0131ncayiyenlerin dola\u015ft\u0131\u011f\u0131 3.700 kilometrekarelik bir rezerv olan Iwokrama&#039;ya ve tek bir su damlas\u0131n\u0131n 226 metre y\u00fckseklikten ye\u015fim ye\u015fili bir havuza d\u00fc\u015ft\u00fc\u011f\u00fc Kaieteur \u015eelalesi&#039;ne g\u00f6t\u00fcr\u00fcyor. Y\u0131ld\u0131zlar\u0131n alt\u0131nda kamp ate\u015fi ak\u015fam yemekleri koruma hakk\u0131nda sessiz sohbetler ba\u015flat\u0131rken, sabah\u0131n erken saatlerindeki y\u00fcr\u00fcy\u00fc\u015fler nehir k\u0131y\u0131lar\u0131nda beslenen k\u0131z\u0131l ibis s\u00fcr\u00fclerini ortaya \u00e7\u0131kar\u0131yor.<\/p>\n<p>Yerel topluluklar, Amerindian el sanatlar\u0131n\u0131 ve hikayelerini payla\u015fan ev pansiyonlar\u0131 ve k\u00fclt\u00fcrel at\u00f6lyeler sunarak turizm gelirlerinden giderek daha fazla yararlan\u0131yor. Bu giri\u015fimler ormanlar\u0131 ve su yollar\u0131n\u0131 korumak i\u00e7in somut te\u015fvikler sa\u011fl\u0131yor. Guyana yeni gelir kaynaklar\u0131 ke\u015ffettik\u00e7e, eko-turizm dengeli b\u00fcy\u00fcmenin bir modeli olarak \u00f6ne \u00e7\u0131k\u0131yor; ekonomik kazan\u0131mlar kadar bozulmam\u0131\u015f ekosistemleri de \u00f6d\u00fcllendiren bir model.<\/p>\n<p>Guyana&#039;n\u0131n k\u00fclt\u00fcr\u00fc, s\u00f6zle\u015fmeli \u00e7al\u0131\u015fma, k\u00f6lele\u015ftirme, g\u00f6\u00e7 ve m\u00fcbadele izlerini ta\u015f\u0131r. \u00c7e\u015fitli Bat\u0131 Afrika toplumlar\u0131ndan kopar\u0131lan k\u00f6lele\u015ftirilmi\u015f Afrikal\u0131lar, \u0130ngiliz s\u00f6m\u00fcrge \u00e7er\u00e7evesi i\u00e7inde yeni inan\u00e7 ve rit\u00fcel kal\u0131plar\u0131 \u00f6rd\u00fcler. Onlar\u0131n torunlar\u0131 bug\u00fcn Hristiyan bayramlar\u0131n\u0131 kutluyor ve atalar\u0131n\u0131n ritimlerini yans\u0131tan halk \u015fark\u0131lar\u0131n\u0131 s\u00fcrd\u00fcr\u00fcyor. \u00d6zg\u00fcrle\u015fmeden sonra s\u00f6zle\u015fmeli olarak gelen Hintli i\u015f\u00e7iler, hala takvimi i\u015faretleyen Hindu ve M\u00fcsl\u00fcman geleneklerini ta\u015f\u0131d\u0131lar, mutfaklar\u0131 biberli tencere ve bal\u0131k k\u00f6ftesinin yan\u0131nda mercimek ve k\u00f6rili ke\u00e7i etiyle doluydu.<\/p>\n<p>\u00c7inli ve Portekizli g\u00f6\u00e7menler, say\u0131lar\u0131 az olsa da, kasaba ve k\u00f6ylere s\u0131zan mutfak ve ticari uygulamalar\u0131 tan\u0131tt\u0131lar. Her yerde, karma evlilikler ve payla\u015f\u0131lan zorluklar, net etnik s\u0131n\u0131rlar\u0131 bulan\u0131kla\u015ft\u0131ran karma mirasl\u0131 topluluklar\u0131n ortaya \u00e7\u0131kmas\u0131na neden oldu. Georgetown&#039;da, birka\u00e7 blok \u00f6tede bir Sih tap\u0131na\u011f\u0131, bir Pentekostal kilisesi ve bir cami g\u00f6r\u00fclebilirdi; hareket ve adaptasyon tarihlerinden kaynaklanan bir inan\u00e7 mimarisi.<\/p>\n<p>Guyana bir\u00e7ok a\u00e7\u0131dan d\u00fcnyalar aras\u0131nda duruyor: G\u00fcney Amerika co\u011frafyas\u0131 ve Karayip k\u00fclt\u00fcr\u00fc, modern petrol sahalar\u0131 ve kadim ormanlar, k\u0131y\u0131 metropolleri ve i\u00e7 kesim k\u00f6yleri. Geni\u015f nehirleri hem a\u00e7\u0131k denize hem de k\u0131tan\u0131n vah\u015fi kalbine giden rotalar izliyor. Festivaller, Warao ve Macushi&#039;ye kadar uzanan davul ritimlerine kar\u015f\u0131 Asya, Afrika ve Avrupa&#039;dan tatlar\u0131 ve sesleri bir araya getiriyor.<\/p>\n<p>Bu \u00fclkenin d\u00fcr\u00fcst bir portresini arayan okuyucular i\u00e7in Guyana basit kar\u015f\u0131tl\u0131klara uymuyor. Savan yollar\u0131n\u0131n tozunu ve ya\u011fmur orman\u0131 kanopilerinin par\u0131lt\u0131s\u0131n\u0131, a\u00e7\u0131k deniz platformlar\u0131n\u0131n v\u0131z\u0131lt\u0131s\u0131n\u0131 ve \u00e7\u0131plak ayaklar\u0131n alt\u0131ndaki yaprak \u00e7\u00f6plerinin h\u0131\u015f\u0131rt\u0131s\u0131n\u0131 sunuyor. Halk\u0131 -Hint-Guyanal\u0131lar, Afro-Guyanal\u0131lar, Amerikan yerlileri ve daha fazlas\u0131- hem ekonomik vaatleri hem de ekolojik s\u0131n\u0131rlar\u0131 onurland\u0131rmas\u0131 gereken bir gelecek in\u015fa ediyor.<\/p>\n<p>Mangrovlar\u0131n gelgitlere kar\u015f\u0131 koydu\u011fu su kenar\u0131nda, ufukta hem petrol kuleleri hem de bal\u0131k\u00e7\u0131 tekneleri var. \u0130\u00e7 kesimlerde, ye\u015fil g\u00f6lgelerin g\u00fcne\u015f \u0131\u015f\u0131\u011f\u0131yla ayd\u0131nlanan tepelerin alt\u0131nda hareket etti\u011fi yerde, uluyan maymunlar\u0131n \u00e7a\u011fr\u0131lar\u0131 ve nehir k\u0131y\u0131lar\u0131nda yar\u0131\u015fan \u00e7ocuklar\u0131n kahkahalar\u0131 duyuluyor. Buras\u0131 Guyana: su, insanlar ve ilerleme ile koruma aras\u0131ndaki hassas dengeyle tan\u0131mlanan bir toprak.<\/p>","protected":false},"excerpt":{"rendered":"<p>Guyana, formally designated as the\u00a0Co-operative Republic of Guyana, is situated on the northern coastline of\u00a0South America.\u00a0Guyana, with one of the lowest population densities globally, encompasses a geographical area of 214,969 square kilometers, rendering it the third smallest sovereign state by size in continental\u00a0South America, behind\u00a0Uruguay\u00a0and\u00a0Suriname.\u00a0Georgetown, the capital city, is the largest urban center in the country and functions as the political and economic nucleus.<\/p>","protected":false},"author":1,"featured_media":3020,"parent":24096,"menu_order":0,"comment_status":"closed","ping_status":"closed","template":"elementor_theme","meta":{"_eb_attr":"","footnotes":""},"class_list":["post-7331","page","type-page","status-publish","has-post-thumbnail"],"_links":{"self":[{"href":"https:\/\/travelshelper.com\/tr\/wp-json\/wp\/v2\/pages\/7331","targetHints":{"allow":["GET"]}}],"collection":[{"href":"https:\/\/travelshelper.com\/tr\/wp-json\/wp\/v2\/pages"}],"about":[{"href":"https:\/\/travelshelper.com\/tr\/wp-json\/wp\/v2\/types\/page"}],"author":[{"embeddable":true,"href":"https:\/\/travelshelper.com\/tr\/wp-json\/wp\/v2\/users\/1"}],"replies":[{"embeddable":true,"href":"https:\/\/travelshelper.com\/tr\/wp-json\/wp\/v2\/comments?post=7331"}],"version-history":[{"count":0,"href":"https:\/\/travelshelper.com\/tr\/wp-json\/wp\/v2\/pages\/7331\/revisions"}],"up":[{"embeddable":true,"href":"https:\/\/travelshelper.com\/tr\/wp-json\/wp\/v2\/pages\/24096"}],"wp:featuredmedia":[{"embeddable":true,"href":"https:\/\/travelshelper.com\/tr\/wp-json\/wp\/v2\/media\/3020"}],"wp:attachment":[{"href":"https:\/\/travelshelper.com\/tr\/wp-json\/wp\/v2\/media?parent=7331"}],"curies":[{"name":"wp","href":"https:\/\/api.w.org\/{rel}","templated":true}]}}