{"id":7291,"date":"2024-08-25T11:17:05","date_gmt":"2024-08-25T11:17:05","guid":{"rendered":"https:\/\/travelshelper.com\/staging\/?page_id=7291"},"modified":"2026-03-14T00:15:32","modified_gmt":"2026-03-14T00:15:32","slug":"karakas","status":"publish","type":"page","link":"https:\/\/travelshelper.com\/tr\/destinations\/south-america\/venezuela\/caracas\/","title":{"rendered":"Karakas"},"content":{"rendered":"<p>Santiago de Le\u00f3n de Caracas, Venezuela&#039;n\u0131n kuzeyindeki Guaire Nehri boyunca dar bir yar\u0131k i\u015fgal eder. 1567&#039;de kurulan, Venezuela K\u0131y\u0131 S\u0131rada\u011flar\u0131&#039;n\u0131n bir cebinde yer al\u0131r ve kuzeyde Cerro El \u00c1vila ile ta\u00e7land\u0131r\u0131lm\u0131\u015f 2.200 metrelik bir s\u0131rt ve g\u00fcneyde dalgal\u0131 tepelerle \u00e7evrilidir. Bu vadinin engebeli taban\u0131 deniz seviyesinden 870 ila 1.043 metre y\u00fcksekliktedir, bu nedenle tarihi \u00e7ekirde\u011fi -Bolivar Meydan\u0131&#039;ndaki Katedral \u00e7evresinde- yakla\u015f\u0131k 900 metredir. S\u00f6m\u00fcrge \u015febekesinin \u00f6tesinde, konturlar dikle\u015fir ve s\u0131rtlar aras\u0131ndaki bo\u015fluklar, sadece 15 kilometre uzakl\u0131kta olmas\u0131na ra\u011fmen yo\u011fun orman ve dik kaya ile ayr\u0131lm\u0131\u015f Karayipler&#039;e do\u011fru ani manzaralar sunar.<\/p>\n<p>Vadinin d\u00fczensiz ana hatlar\u0131, kentsel b\u00fcy\u00fcmeyi su yollar\u0131na tutunan veya s\u0131rtlar aras\u0131nda s\u0131k\u0131\u015fan ceplere ve \u015feritlere y\u00f6nlendirmi\u015ftir. H\u0131zl\u0131 demografik geni\u015fleme, yerle\u015fimleri yama\u00e7lara do\u011fru itmi\u015ftir; burada yama\u00e7 k\u00fcmeleri (yerel olarak ranchos olarak bilinir) gayri resmi katmanlar halinde y\u00fckselir. Dar \u015feritleri arazinin konturlar\u0131n\u0131 izleyerek, a\u015fa\u011f\u0131daki d\u00fcz caddelerle tezat olu\u015fturan d\u00fczensiz bloklar olu\u015fturur. Art\u0131k sakinlerin yakla\u015f\u0131k &#039;i, B\u00fcy\u00fck Caracas&#039;\u0131n yaln\u0131zca d\u00f6rtte birini kaplayan ancak yamal\u0131 \u00e7at\u0131lar ve k\u0131vr\u0131ml\u0131 patikalarla sil\u00fcetini \u015fekillendiren bu t\u00fcr yerle\u015fimlerde ya\u015famaktad\u0131r.<\/p>\n<p>\u015eehrin alt\u0131nda, Ge\u00e7 Kretase d\u00f6neminde olu\u015fan metamorfik kaya\u00e7lar vadinin temel kayas\u0131 olarak varl\u0131\u011f\u0131n\u0131 s\u00fcrd\u00fcr\u00fcyor. El \u00c1vila&#039;da do\u011fan y\u00fczey akarsular\u0131, Tuy havzas\u0131na do\u011fru do\u011fuya do\u011fru akan Guaire Nehri&#039;ni besliyor. \u0130ki rezervuar\u2014La Mariposa ve Camatagua\u2014belediye suyunun \u00e7o\u011funu sa\u011fl\u0131yor, ancak Guaire&#039;nin kendisi uzun zamand\u0131r kirlili\u011fe ve periyodik ta\u015fk\u0131nlara maruz kal\u0131yor.<\/p>\n<p>Sismik sars\u0131nt\u0131lar y\u00fczy\u0131llard\u0131r Caracas&#039;\u0131 sarst\u0131; 1641 ve 1967&#039;deki depremler, sakinlere k\u0131y\u0131 \u015feridinin tektonik stres alt\u0131nda k\u0131r\u0131ld\u0131\u011f\u0131n\u0131 hat\u0131rlat\u0131yor. Yine de da\u011flar ara s\u0131ra olumlu sonu\u00e7lar veriyor: yo\u011fun ya\u011fmurlar yama\u00e7lardaki yemye\u015fil bulut ormanlar\u0131n\u0131 besliyor ve granit \u00e7\u0131k\u0131nt\u0131lar a\u015fa\u011f\u0131daki kentsel sokaklarla tezat olu\u015fturan y\u00fcr\u00fcy\u00fc\u015f rotalar\u0131 sa\u011fl\u0131yor.<\/p>\n<p>Tropiklerde yer almas\u0131na ra\u011fmen, y\u00fckseklik Caracas&#039;\u0131n havas\u0131n\u0131 yumu\u015fat\u0131r. Y\u0131ll\u0131k ya\u011f\u0131\u015f ortalamas\u0131, alt b\u00f6lgelerde 900 ila 1.300 milimetre aras\u0131ndad\u0131r ve da\u011f yama\u00e7lar\u0131nda 2.000 milimetreye kadar \u00e7\u0131kar. S\u0131cakl\u0131klar dar bir 2,8 \u00b0C band\u0131nda dalgalan\u0131r: Ocak ay\u0131ndaki d\u00fc\u015f\u00fck ortalama 21,7 \u00b0C, May\u0131s ay\u0131ndaki y\u00fcksek ortalama 24,5 \u00b0C&#039;dir. Geceler aniden d\u00fc\u015febilir\u2014\u00f6zellikle Aral\u0131k ve Ocak aylar\u0131nda\u2014yerel olarak Pacheco olarak bilinen sisli, serin bir katman termometreleri 8 \u00b0C&#039;ye d\u00fc\u015f\u00fcrebilir. Dolu nadirdir; elektrik f\u0131rt\u0131nalar\u0131 Haziran&#039;dan Ekim&#039;e kadar vadi s\u0131k\u0131\u015fmas\u0131 ve orografik y\u00fckselme nedeniyle s\u0131kla\u015f\u0131r.<\/p>\n<p>2011 n\u00fcfus say\u0131m\u0131nda Ba\u015fkent B\u00f6lgesi&#039;nde yakla\u015f\u0131k 1,9 milyon sakin kaydedilirken, metropol y\u00f6r\u00fcngesi - Gran Caracas - o y\u0131l neredeyse 3 milyona ula\u015ft\u0131 ve \u015fimdi 5 milyona yakla\u015f\u0131yor. \u00c7o\u011fu sakin kar\u0131\u015f\u0131k bir mirasa sahip: Avrupa, Yerli ve Afrika soyu g\u00fcnl\u00fck hayatta kar\u0131\u015f\u0131yor. Afro-Venezuela topluluklar\u0131 kendine \u00f6zg\u00fc m\u00fczik ve mutfa\u011f\u0131n\u0131 korurken, 20. y\u00fczy\u0131l g\u00f6\u00e7menlerinin dalga dalga gelmesi - \u0130spanya, Portekiz, \u0130talya, Orta Do\u011fu, \u00c7in, Almanya ve \u00f6tesinden - yeni dil, inan\u00e7 ve festival katmanlar\u0131 ekledi. Bu etkiler, End\u00fcl\u00fcs tarz\u0131 tapaslardan L\u00fcbnan pastalar\u0131na ve Do\u011fu Asya sokak yemeklerine kadar yerel gastronomiye n\u00fcfuz ediyor.<\/p>\n<p>Ancak ekonomik s\u0131k\u0131nt\u0131 n\u00fcfusun yar\u0131s\u0131ndan fazlas\u0131n\u0131 etkiliyor. 2020&#039;ye gelindi\u011finde, en yoksul y\u00fczde 55, dengesiz yama\u00e7lar\u0131n ve asgari hizmetlerin riski art\u0131rd\u0131\u011f\u0131 topraklar\u0131n \u00fc\u00e7te birinde gecekondu ko\u015fullar\u0131nda ya\u015f\u0131yordu. Buna ra\u011fmen, gayr\u0131 resmi pazarlar geli\u015fiyor; dar sokaklar boyunca tezgahlar taze \u00fcr\u00fcnler ve el yap\u0131m\u0131 el sanatlar\u0131 sat\u0131yor ve belediye sistemleri aksad\u0131\u011f\u0131nda toplum merkezleri su ve elektrik da\u011f\u0131t\u0131yor.<\/p>\n<p>Caracas, Venezuela&#039;n\u0131n hizmet sekt\u00f6r\u00fcn\u00fc demirliyor. Ofis kuleleri El Rosal ve Las Mercedes&#039;te yo\u011funla\u015f\u0131yor, bankalar, dan\u0131\u015fmanl\u0131klar ve al\u0131\u015fveri\u015f kompleksleri bar\u0131nd\u0131r\u0131yor. Caracas Borsas\u0131 ve devlet petrol \u015firketi Petr\u00f3leos de Venezuela (PDVSA) merkezlerini \u015fehir merkezinde tutuyor. PDVSA t\u00fcm ihracat anla\u015fmalar\u0131n\u0131 m\u00fczakere ediyor ve \u00fclkenin en b\u00fcy\u00fck kurumsal varl\u0131\u011f\u0131 olmaya devam ediyor. \u00d6zel bir yiyecek ve i\u00e7ecek konglomeras\u0131 olan Empresas Polar da yak\u0131nlarda b\u00fcy\u00fck tesisler i\u015fletiyor.<\/p>\n<p>\u00dcretim metropol\u00fcn kenar\u0131nda varl\u0131\u011f\u0131n\u0131 s\u00fcrd\u00fcr\u00fcyor: tekstil fabrikalar\u0131, kimya fabrikalar\u0131, deri tabakhaneleri ve \u00e7imento fabrikalar\u0131 anayollar\u0131 kapl\u0131yor. K\u00fc\u00e7\u00fck at\u00f6lyeler mobilya, kau\u00e7uk \u00fcr\u00fcnleri ve i\u015flenmi\u015f g\u0131dalar \u00fcretiyor. Ancak jeopolitik de\u011fi\u015fimler ve enflasyon nominal \u00e7\u0131kt\u0131y\u0131 k\u00fc\u00e7\u00fcltt\u00fc. Para birimi \u00e7alkant\u0131lar\u0131ndan \u00f6nce, Caracas&#039;\u0131n GSY\u0130H&#039;si 70 milyar ABD dolar\u0131na yak\u0131nd\u0131 ve ki\u015fi ba\u015f\u0131na d\u00fc\u015fen sat\u0131n alma g\u00fcc\u00fc ayarl\u0131 gelir yakla\u015f\u0131k 24.000 ABD dolar\u0131yd\u0131. 2009 Birle\u015fmi\u015f Milletler endeksi yerel ya\u015fam maliyetlerini New York&#039;un &#039;u olarak belirlese de, bu k\u0131yaslama 2003 d\u00f6viz kurunu kullan\u0131yor ve son fiyat art\u0131\u015flar\u0131n\u0131 g\u00f6z ard\u0131 ediyor.<\/p>\n<p>Turizm m\u00fctevaz\u0131 kalmaya devam ediyor. 2013 y\u0131l\u0131nda, D\u00fcnya Ekonomik Forumu anketi Venezuela&#039;y\u0131 ziyaret\u00e7ilere y\u00f6nelik k\u00fcresel pazarlamada en d\u00fc\u015f\u00fck s\u0131raya koydu; bu s\u0131n\u0131rl\u0131 ula\u015f\u0131m se\u00e7enekleri, y\u00fcksek su\u00e7 oran\u0131 ve teredd\u00fctl\u00fc yerel tutumlar\u0131n bir yans\u0131mas\u0131yd\u0131. O y\u0131l, h\u00fck\u00fcmet turizm i\u00e7in 173,8 milyon bol\u00edvar b\u00fct\u00e7elendirdi, bu gen\u00e7lik ve savunma tahsislerinin bir k\u0131sm\u0131yd\u0131. Yine de, Hotel Alba Caracas gibi giri\u015fimler konaklamay\u0131 modernize etmeyi ama\u00e7l\u0131yordu. Y\u0131ll\u0131k ziyaret\u00e7i geliri GSY\u0130H&#039;n\u0131n %4&#039;\u00fcnden az katk\u0131da bulunuyor, ancak 2022&#039;ye y\u00f6nelik projeksiyonlar hafif bir art\u0131\u015f \u00f6ng\u00f6r\u00fcyordu.<\/p>\n<p>Konsens\u00fcse g\u00f6re, Caracas Venezuela&#039;n\u0131n k\u00fclt\u00fcrel merkezidir. Galeriler kiliselerdeki s\u00f6m\u00fcrge dini sanat\u0131ndan, G\u00fcney Amerika&#039;n\u0131n \u00f6nde gelenlerinden biri olan \u00c7a\u011fda\u015f Sanat M\u00fczesi&#039;ndeki avangard koleksiyonlara kadar uzan\u0131r. Tiyatro \u015firketleri d\u00fczenli olarak \u015fehir merkezindeki mekanlar\u0131 doldururken, Sabana Grande&#039;deki \u00f6zel galeriler yeni ressamlar\u0131 sergiler. Restoranlar aile i\u015fletmesi arepa d\u00fckkanlar\u0131ndan otel kulelerindeki kaliteli yemek mekanlar\u0131na kadar \u00e7e\u015fitlilik g\u00f6sterir. Bir zamanlar yenilik olan al\u0131\u015fveri\u015f merkezleri art\u0131k banliy\u00f6leri demirlemi\u015f, markal\u0131 ma\u011fazalar\u0131 zanaatkar tezgahlar\u0131yla kar\u0131\u015ft\u0131r\u0131yor.<\/p>\n<p>Kamusal alanlar Plaza Venezuela ve Bol\u00edvar Meydan\u0131 \u00e7evresinde yo\u011funla\u015f\u0131r. Turistler genellikle Katedralin neoklasik cephesinde durur, ard\u0131ndan orta y\u00fczy\u0131l mimarisinin konser salonlar\u0131na ve m\u00fczelere ev sahipli\u011fi yapt\u0131\u011f\u0131 Los Caobos&#039;taki a\u011fa\u00e7larla \u00e7evrili caddelerde y\u00fcr\u00fcy\u00fc\u015f yaparlar. Kalabal\u0131\u011fa ra\u011fmen Simon Bolivar Park\u0131 gibi kentsel ye\u015fil alanlar incir ve jakaranda a\u011fa\u00e7lar\u0131n\u0131n aras\u0131nda bah\u00e7e teraslar\u0131 ve ko\u015fu parkurlar\u0131 sunar.<\/p>\n<p>S\u0131n\u0131rl\u0131 d\u00fcz zemin yukar\u0131 do\u011fru in\u015faat\u0131 zorunlu k\u0131ld\u0131. Latin Amerika&#039;n\u0131n en y\u00fcksekleri aras\u0131nda yer alan Parque Central&#039;\u0131n ikiz kuleleri, \u00e7evredeki c\u00fcce bloklar. Y\u00fcksek katl\u0131 apartmanlar, a\u00e7\u0131k bah\u00e7eleri \u00e7at\u0131 teraslar\u0131 ve uzak da\u011f manzaralar\u0131yla de\u011fi\u015ftirerek, kilit koridorlar boyunca uzan\u0131yor.<\/p>\n<p>S\u0131k\u0131\u015f\u0131kl\u0131\u011f\u0131 azaltmak i\u00e7in planlamac\u0131lar, 1983&#039;teki a\u00e7\u0131l\u0131\u015f\u0131ndan bu yana Metro de Caracas&#039;\u0131 geni\u015fletti. D\u00f6rt ana hat art\u0131k 47 istasyona ula\u015f\u0131yor ve g\u00fcnl\u00fck yakla\u015f\u0131k iki milyon yolcu ta\u015f\u0131yor. Uzant\u0131lar Los Teques Metro&#039;suna ba\u011flan\u0131yor ve Guarenas-Guatire sistemine ba\u011flanarak kom\u015fu eyaletlere eri\u015fimi geni\u015fletecek.<\/p>\n<p>Y\u00fczey besleyicileri\u2014Metrob\u00fas ve BusCaracas\u2014metro merkezlerinden yer alt\u0131 hatlar\u0131na uygun olmayan mahallelere do\u011fru dallan\u0131r. 2010 y\u0131l\u0131nda, Metrocable dik gecekondu mahallelerine teleferikler getirerek otob\u00fcslerin t\u0131rmanamad\u0131\u011f\u0131 yerlere eri\u015fimi kolayla\u015ft\u0131rd\u0131. Ek hava tramvaylar\u0131 ve kablo rotalar\u0131, yama\u00e7 yerle\u015fimlerini daha eksiksiz bir \u015fekilde entegre etmeyi ama\u00e7layan tekliflerde g\u00f6r\u00fcnmeye devam ediyor.<\/p>\n<p>Demiryolu hatlar\u0131 Tuy Vadisi&#039;ni ge\u00e7erek Charallave ve C\u00faa&#039;dan Ezequiel Zamora \u0130stasyonu&#039;na yolcu ta\u015f\u0131yor. Maiquet\u00eda&#039;daki uluslararas\u0131 havaalan\u0131 yirmi kilometre kuzeyde yer al\u0131yor; yollar, La Guaira, Tuy b\u00f6lgesi ve orta Venezuela&#039;y\u0131 da birbirine ba\u011flayan karma\u015f\u0131k bir otoyol a\u011f\u0131 \u00fczerinden Caracas&#039;tan gelen trafi\u011fi y\u00f6nlendiriyor. Central Regional ve Gran Mariscal de Ayacucho otoyollar\u0131 aras\u0131nda planlanan bir ba\u011flant\u0131, \u015fehir i\u00e7i trafi\u011fi azaltarak \u00fclke \u00e7ap\u0131ndaki trafi\u011fi y\u00f6nlendirmeyi ama\u00e7l\u0131yor.<\/p>\n<p>\u015eehir planc\u0131lar\u0131, miras kalan s\u00f6m\u00fcrge \u015febekelerini arazi odakl\u0131 b\u00fcy\u00fcmeyle dengeler. 19. y\u00fczy\u0131l projelerinden kalan geni\u015f caddeler, ticari b\u00f6lgeleri sabitlerken yama\u00e7 \u015feritleri organik e\u011frileri korur. Y\u00fckseltilmi\u015f sekt\u00f6rler daha serin s\u0131cakl\u0131klardan ve daha temiz havadan faydalan\u0131r ancak heyelanlar ve par\u00e7al\u0131 altyap\u0131yla bo\u011fu\u015fur.<\/p>\n<p>B\u00fcy\u00fck Caracas uydu kentlere do\u011fru ilerledik\u00e7e, tek bir metropol alan\u0131 ortaya \u00e7\u0131kt\u0131. Mevcut zorluklar aras\u0131nda yama\u00e7 yerle\u015fimlerini resmile\u015ftirmek, kamu hizmetlerini iyile\u015ftirmek ve toplu ta\u015f\u0131may\u0131 geni\u015fletmek yer al\u0131yor. Ekonomik oynakl\u0131k ve politik de\u011fi\u015fimler uzun vadeli yat\u0131r\u0131m\u0131 zorla\u015ft\u0131r\u0131yor, ancak sivil toplum gruplar\u0131 ve sosyal giri\u015fimler su ve g\u00fc\u00e7 i\u00e7in d\u00fc\u015f\u00fck maliyetli konutlar\u0131, topluluk bah\u00e7elerini ve mikro \u015febekeleri test ediyor.<\/p>\n<p>Caracas, da\u011f ve deniz aras\u0131nda bir yol izler, tarihi s\u00f6m\u00fcrge meydanlar\u0131nda, modern kulelerde ve harap yama\u00e7larda yaz\u0131l\u0131d\u0131r. \u0130klimi, rak\u0131mla yumu\u015fayan s\u0131cakl\u0131klar sayesinde tropikal beklentilere meydan okurken, vadi s\u0131n\u0131rlar\u0131 hem yerle\u015fim hem de ula\u015f\u0131m a\u011flar\u0131n\u0131 belirler.<\/p>\n<p>K\u00fclt\u00fcrel ya\u015fam, ekonomik zorluklar g\u00fcnl\u00fck rutinleri \u015fekillendirirken bile m\u00fczelerde ve tiyatrolarda geli\u015fir. Son y\u0131llarda, metro hatlar\u0131 ve teleferikler giderek daha y\u00fckse\u011fe ula\u015farak farkl\u0131 mahalleleri tek bir b\u00fct\u00fcn halinde birle\u015ftirdi. Ve gayr\u0131 resmi konutlar hala s\u0131rtlar\u0131 i\u015faretlese de, bu topluluklar\u0131 b\u00fct\u00fcnle\u015ftirme \u00e7abalar\u0131 daha geni\u015f eri\u015fim ve ba\u011flant\u0131ya sahip bir gelece\u011fi \u00f6neriyor.<\/p>\n<p>Caracas z\u0131tl\u0131klar\u0131n \u015fehri olmaya devam ediyor: ayn\u0131 anda hem ulusal bir sinir merkezi hem de \u00e7ak\u0131l ta\u015fl\u0131 yollar ve panoramik zirveler, katedral \u00e7anlar\u0131 ve metro trenlerinin u\u011fultusu taraf\u0131ndan \u015fekillendirilmi\u015f yerelle\u015ftirilmi\u015f mahallelerin bir mozai\u011fi. Hikayesi her k\u0131vr\u0131ml\u0131 sokakta varl\u0131\u011f\u0131n\u0131 s\u00fcrd\u00fcr\u00fcyor ve her ziyaret\u00e7inin dinlemesini bekliyor.<\/p>","protected":false},"excerpt":{"rendered":"<p>Caracas, the capital of Venezuela, presents a fascinating juxtaposition of urban vitality and cultural depth that frequently astonishes its visitors. For those who are ready to look further, this busy city offers a fascinating experience even though many tourists visiting Venezuela mostly choose other cities.<\/p>","protected":false},"author":1,"featured_media":4628,"parent":7237,"menu_order":0,"comment_status":"closed","ping_status":"closed","template":"elementor_theme","meta":{"_eb_attr":"","footnotes":""},"class_list":["post-7291","page","type-page","status-publish","has-post-thumbnail"],"_links":{"self":[{"href":"https:\/\/travelshelper.com\/tr\/wp-json\/wp\/v2\/pages\/7291","targetHints":{"allow":["GET"]}}],"collection":[{"href":"https:\/\/travelshelper.com\/tr\/wp-json\/wp\/v2\/pages"}],"about":[{"href":"https:\/\/travelshelper.com\/tr\/wp-json\/wp\/v2\/types\/page"}],"author":[{"embeddable":true,"href":"https:\/\/travelshelper.com\/tr\/wp-json\/wp\/v2\/users\/1"}],"replies":[{"embeddable":true,"href":"https:\/\/travelshelper.com\/tr\/wp-json\/wp\/v2\/comments?post=7291"}],"version-history":[{"count":0,"href":"https:\/\/travelshelper.com\/tr\/wp-json\/wp\/v2\/pages\/7291\/revisions"}],"up":[{"embeddable":true,"href":"https:\/\/travelshelper.com\/tr\/wp-json\/wp\/v2\/pages\/7237"}],"wp:featuredmedia":[{"embeddable":true,"href":"https:\/\/travelshelper.com\/tr\/wp-json\/wp\/v2\/media\/4628"}],"wp:attachment":[{"href":"https:\/\/travelshelper.com\/tr\/wp-json\/wp\/v2\/media?parent=7291"}],"curies":[{"name":"wp","href":"https:\/\/api.w.org\/{rel}","templated":true}]}}