{"id":7175,"date":"2024-08-22T21:13:46","date_gmt":"2024-08-22T21:13:46","guid":{"rendered":"https:\/\/travelshelper.com\/staging\/?page_id=7175"},"modified":"2026-03-14T00:29:05","modified_gmt":"2026-03-14T00:29:05","slug":"peru","status":"publish","type":"page","link":"https:\/\/travelshelper.com\/tr\/destinations\/south-america\/peru\/","title":{"rendered":"Peru"},"content":{"rendered":"<p>Peru, Pasifik Okyanusu&#039;nun y\u00fckselen And Da\u011flar\u0131 zirveleri ve geni\u015f Amazon havzas\u0131yla bulu\u015ftu\u011fu, G\u00fcney Amerika&#039;n\u0131n bat\u0131s\u0131ndaki ince bir \u015feridi kaplar. 1.285.216 kilometrekarelik kara k\u00fctlesi, \u00fclkeler aras\u0131nda on dokuzuncu ve k\u0131tada \u00fc\u00e7\u00fcnc\u00fc s\u0131rada yer al\u0131r. Kuzeyde, s\u0131n\u0131rlar Ekvador ve Kolombiya&#039;ya dokunur; do\u011fu s\u0131n\u0131r\u0131 Brezilya&#039;yla bulu\u015fur; g\u00fcneydo\u011fuda Bolivya yer al\u0131r; \u015eili g\u00fcneyi s\u0131n\u0131rlar; Pasifik ise bat\u0131 k\u0131y\u0131s\u0131n\u0131 yalar. Ba\u015fkent ve ba\u015fl\u0131ca liman olan Lima, 32 milyonu a\u015fan n\u00fcfusuyla \u00fclkenin n\u00fcfusunun neredeyse \u00fc\u00e7te birine ev sahipli\u011fi yapar.<\/p>\n<p>Peru&#039;nun dikkat \u00e7ekici bir \u00f6zelli\u011fi ekolojik \u00e7e\u015fitlili\u011fidir. Kurak k\u0131y\u0131 \u015feridi boyunca, nehir vadileriyle noktalanm\u0131\u015f dar k\u0131y\u0131 ovalar\u0131 \u015eili s\u0131n\u0131r\u0131ndan Ekvador s\u0131n\u0131r\u0131na kadar uzan\u0131r. Bu ovalar\u0131n arkas\u0131nda, And Da\u011flar\u0131&#039;n\u0131n tepeleri aniden y\u00fckselir: Huascar\u00e1n (6.768 metre) gibi zirveler \u00e7e\u015fitli iklimler ve ya\u015fam alanlar\u0131 belirler. Altiplano platosunun Titicaca gibi g\u00f6lleri bar\u0131nd\u0131rd\u0131\u011f\u0131 yaylalar\u0131n \u00f6tesinde, arazi Amazon havzas\u0131na do\u011fru iner, bu ormanl\u0131k alan topraklar\u0131n neredeyse y\u00fczde altm\u0131\u015f\u0131n\u0131 kaplar ve ba\u015fl\u0131ca atardamar\u0131 Amazon Nehri olarak bilinen ve Peru s\u0131n\u0131rlar\u0131 i\u00e7inde do\u011fan nehir sistemini besler.<\/p>\n<p>Peru&#039;nun su yollar\u0131 \u00fc\u00e7 ana havzaya ayr\u0131l\u0131r. Bat\u0131ya do\u011fru Pasifik&#039;e akan akarsular genellikle dik ve mevsimseldir; do\u011fuya do\u011fru Amazon&#039;a akanlar hacim ve uzunluk olarak artar, da\u011flardan \u00e7\u0131kt\u0131klar\u0131nda yumu\u015fak kanallar olu\u015ftururlar; daha k\u00fc\u00e7\u00fck bir nehir grubu Titicaca G\u00f6l\u00fc&#039;ne akar. En uzunlar\u0131 aras\u0131nda Ucayali, Mara\u00f1\u00f3n ve Huallaga bulunur. Bu nehirler, yakla\u015f\u0131k elli k\u00fc\u00e7\u00fck k\u0131y\u0131 havzas\u0131yla birlikte \u00fclkeye d\u00fcnyan\u0131n tatl\u0131 suyunun yakla\u015f\u0131k y\u00fczde d\u00f6rd\u00fcn\u00fc sa\u011flar.<\/p>\n<p>\u00dclkenin iklimi, \u00e7e\u015fitli topografyas\u0131n\u0131 yans\u0131t\u0131r. K\u0131y\u0131 b\u00f6lgeleri \u0131l\u0131man s\u0131cakl\u0131klar, yetersiz ya\u011f\u0131\u015f ve y\u00fcksek nem ya\u015far. Y\u00fcksek kesimlerde yaz ya\u011fmurlar\u0131 s\u0131kl\u0131kla ya\u011farken s\u0131cakl\u0131klar en y\u00fcksek zirvelerin kal\u0131c\u0131 karlar\u0131na kadar y\u00fckselir. Amazon b\u00f6lgesi yo\u011fun tropikal ya\u011f\u0131\u015flara ve s\u00fcrekli s\u0131cak ko\u015fullara dayan\u0131r, ancak g\u00fcney ucunda daha so\u011fuk k\u0131\u015flar ve belirgin bir kurak mevsim g\u00f6r\u00fcl\u00fcr. Okyanus ak\u0131nt\u0131lar\u0131 - so\u011fuk Humboldt ve s\u0131cak El Ni\u00f1o - yerel hava modellerini daha da de\u011fi\u015ftirerek k\u0131y\u0131 boyunca mikro iklimler \u00fcretir.<\/p>\n<p>Peru&#039;nun insanl\u0131k tarihi on iki bin y\u0131ldan daha uzun bir s\u00fcreyi kapsar. M\u00d6 onuncu biny\u0131l kadar erken bir d\u00f6nemde geli\u015fen Caral-Supe k\u00fclt\u00fcr\u00fc, Amerika&#039;daki en eski organize yerle\u015fim merkezlerinden birini temsil eder. Nazca, Wari ve Tiwanaku gibi sonraki toplumlar, bin y\u0131llar boyunca kendine \u00f6zg\u00fc sanatlar ve sosyal sistemler geli\u015ftirdiler. On be\u015finci y\u00fczy\u0131la gelindi\u011finde, Cusco Krall\u0131\u011f\u0131, zirve d\u00f6neminde g\u00fcn\u00fcm\u00fcz Ekvador&#039;undan Orta \u015eili&#039;ye kadar uzanan ve Kolomb \u00f6ncesi Amerika&#039;daki en b\u00fcy\u00fck siyasi yap\u0131y\u0131 temsil eden \u0130nka \u0130mparatorlu\u011fu&#039;nun do\u011fu\u015funa yol a\u00e7m\u0131\u015ft\u0131.<\/p>\n<p>\u0130spanyol kuvvetleri on alt\u0131nc\u0131 y\u00fczy\u0131l\u0131n ba\u015flar\u0131nda geldi. Francisco Pizarro liderli\u011findeki askeri seferlerin ard\u0131ndan \u0130spanyollar s\u00f6m\u00fcrge y\u00f6netimini dayatt\u0131 ve 1542&#039;de ba\u015fkenti Lima olan Peru Genel Valili\u011fi&#039;ni kurdu. Bu \u015fehir k\u0131sa s\u00fcrede bir y\u00f6netim, ticaret ve y\u00fcksek \u00f6\u011frenim merkezi haline geldi; 1551&#039;de kurulan San Marcos Ulusal \u00dcniversitesi, Amerika&#039;daki en eski resmi olarak tan\u0131nan \u00fcniversite olma ayr\u0131cal\u0131\u011f\u0131na sahiptir.<\/p>\n<p>Yakla\u015f\u0131k \u00fc\u00e7 y\u00fczy\u0131l s\u00fcren s\u00f6m\u00fcrge y\u00f6netiminin ard\u0131ndan Peru, 28 Temmuz 1821&#039;de ba\u011f\u0131ms\u0131zl\u0131\u011f\u0131n\u0131 ilan etti. Jos\u00e9 de San Mart\u00edn, Sim\u00f3n Bol\u00edvar ve Bernardo O&#039;Higgins gibi isimlerin askeri \u00e7abalar\u0131, 9 Aral\u0131k 1824&#039;te \u0130spanya&#039;dan kurtulu\u015fu m\u00fch\u00fcrleyen Ayacucho Muharebesi&#039;nde doru\u011fa ula\u015ft\u0131. Bunu izleyen on dokuzuncu y\u00fczy\u0131l, ekonomik patlamalarla serpi\u015ftirilmi\u015f siyasi \u00e7alkant\u0131 d\u00f6nemlerine tan\u0131k oldu; en \u00f6nemlisi, altyap\u0131y\u0131 finanse eden ancak ayn\u0131 zamanda Pasifik Sava\u015f\u0131&#039;nda (1879-1884) patlak veren diplomatik \u00e7at\u0131\u015fman\u0131n tohumlar\u0131n\u0131 eken guano ticaretiydi.<\/p>\n<p>Yirminci y\u00fczy\u0131l daha fazla dalgalanma getirdi. Devlet g\u00fc\u00e7leri ile silahl\u0131 ayaklanmalar aras\u0131ndaki \u00e7at\u0131\u015fmalarla i\u015faretlenen i\u00e7 \u00e7eki\u015fmeler, b\u00fcy\u00fcme a\u015famalar\u0131yla d\u00f6n\u00fc\u015f\u00fcml\u00fc olarak ger\u00e7ekle\u015fti. 1990&#039;larda Plan Verde olarak bilinen bir i\u00e7 g\u00fcvenlik plan\u0131 Alberto Fujimori&#039;nin y\u00fckseli\u015fini kolayla\u015ft\u0131rd\u0131. Neoliberal politika \u00e7er\u00e7evelerinden etkilenen y\u00f6netimi, dan\u0131\u015fman Vladimiro Montesinos ile birlikte ola\u011fan\u00fcst\u00fc \u00f6nlemlerle y\u00f6netirken ekonomik liberalle\u015fmeyi ilerletti. 2000&#039;lerdeki s\u00f6zde geni\u015fleme on y\u0131l\u0131, yoksullukta \u00f6nemli azalmalar sa\u011flad\u0131; ancak 2010&#039;lara gelindi\u011finde yap\u0131sal zay\u0131fl\u0131klar ortaya \u00e7\u0131kt\u0131. Siyasi anla\u015fmazl\u0131klar COVID-19 krizi s\u0131ras\u0131nda doruk noktas\u0131na ula\u015ft\u0131 ve 2022&#039;den itibaren yayg\u0131n toplumsal huzursuzlu\u011fun habercisi oldu.<\/p>\n<p>Peru bug\u00fcn temsili demokratik bir cumhuriyet olarak i\u015flev g\u00f6rmektedir. Topraklar\u0131 yirmi be\u015f b\u00f6lgeye ayr\u0131l\u0131r: yirmi d\u00f6rt departman art\u0131 Anayasal Callao Eyaleti ve ba\u011f\u0131ms\u0131z Lima Eyaleti. Se\u00e7ilmi\u015f valiler ve d\u00f6rt y\u0131ll\u0131k d\u00f6nemler i\u00e7in g\u00f6rev yapan konseyler taraf\u0131ndan y\u00f6netilen b\u00f6lgesel h\u00fck\u00fcmetler, derhal yeniden se\u00e7ilmeden b\u00fct\u00e7eleri, kamu yat\u0131r\u0131mlar\u0131n\u0131 ve kalk\u0131nma giri\u015fimlerini denetler. Lima gibi eyalet idareleri, belediye ba\u015fkanlar\u0131 taraf\u0131ndan y\u00f6netilen belediye konseylerinden olu\u015fur. En \u00f6nemlisi, Amerika&#039;n\u0131n metropolleri aras\u0131nda yedinci s\u0131rada yer alan Lima&#039;n\u0131n kentsel yay\u0131l\u0131m\u0131 olan metropol alanlar\u0131, birden fazla b\u00f6lgeyi kapsar.<\/p>\n<p>Ekonomik faaliyet madencilik, imalat, tar\u0131m ve bal\u0131k\u00e7\u0131l\u0131\u011fa dayan\u0131rken, geli\u015fmekte olan sekt\u00f6rler aras\u0131nda telekom\u00fcnikasyon ve biyoteknoloji yer almaktad\u0131r. Pasifik k\u0131y\u0131 ekonomilerinden olu\u015fan bir kolektif olan Pasifik Pumas bayra\u011f\u0131 alt\u0131nda Peru, s\u00fcrd\u00fcr\u00fclebilir makroekonomik istikrar ve uluslararas\u0131 ticarete a\u00e7\u0131kl\u0131k kaydetti. Asya-Pasifik Ekonomik \u0130\u015fbirli\u011fi, Pasifik \u0130ttifak\u0131 ve Trans-Pasifik Ortakl\u0131\u011f\u0131 i\u00e7in Kapsaml\u0131 ve \u0130lerici Anla\u015fma gibi forumlarda \u00fcyeli\u011fini s\u00fcrd\u00fcr\u00fcyor. Sat\u0131n alma g\u00fcc\u00fc paritesine g\u00f6re k\u0131rk sekizinci s\u0131rada yer alan, \u00fcst-orta gelir s\u0131n\u0131fland\u0131rmas\u0131 ve 2024&#039;te yakla\u015f\u0131k 0,767&#039;lik bir HDI ile Peru a\u015f\u0131r\u0131 yoksullu\u011fu azaltm\u0131\u015f olsa da e\u015fitsizlikle m\u00fccadele ediyor. Enflasyon 2023&#039;te y\u00fczde 8,6&#039;ya ula\u015ft\u0131 ve i\u015fsizlik y\u00fczde d\u00f6rt civar\u0131nda seyrediyor.<\/p>\n<p>Ula\u015f\u0131m altyap\u0131s\u0131 yakla\u015f\u0131k 175.589 kilometrelik bir yol a\u011f\u0131n\u0131 kaps\u0131yor ve bunun yakla\u015f\u0131k yirmi dokuz bini asfaltlanm\u0131\u015f. Ana arterler -Pan Amerikan ve Okyanuslararas\u0131 otoyollar- k\u0131y\u0131y\u0131 i\u00e7 b\u00f6lgelere ve kom\u015fu \u00fclkelere ba\u011fl\u0131yor. Demiryollar\u0131 s\u0131n\u0131rl\u0131 kalmaya devam ediyor ve toplam iki bin kilometrenin alt\u0131nda. Uluslararas\u0131 seyahat Lima, Cusco ve Arequipa&#039;daki havaalanlar\u0131na dayan\u0131yor. Jorge Ch\u00e1vez Uluslararas\u0131 Havaalan\u0131, pistini, terminalini ve destek tesislerini 2024 sonuna kadar y\u0131lda k\u0131rk milyon yolcuyu a\u011f\u0131rlayabilecek bir &#034;Havaalan\u0131 \u015eehri&#034;ne d\u00f6n\u00fc\u015ft\u00fcr\u00fcyor. Da\u011fl\u0131k b\u00f6lgelerde, yeni Chinchero Uluslararas\u0131 Havaalan\u0131, Cusco&#039;daki Velasco Astete tesisinin yerini alacak ve Lima&#039;dan transit ge\u00e7i\u015f olmadan do\u011frudan uluslararas\u0131 ba\u011flant\u0131lar sunacak.<\/p>\n<p>Deniz ticareti Callao gibi limanlarda yo\u011funla\u015f\u0131yor ve Latin Amerika&#039;n\u0131n en b\u00fcy\u00fc\u011f\u00fc olmas\u0131 beklenen ortak bir \u00c7in-Peru giri\u015fimi olan Chancay Liman Terminali&#039;nin geli\u015fimi devam ediyor. Amazon ve Titicaca&#039;daki g\u00f6l rotalar\u0131 da dahil olmak \u00fczere i\u00e7 su yollar\u0131, toplu y\u00fck ve yolcu ta\u015f\u0131mac\u0131l\u0131\u011f\u0131n\u0131 destekliyor.<\/p>\n<p>Turizm, bal\u0131k\u00e7\u0131l\u0131k ve madencilikten sonra \u00fclkenin \u00fc\u00e7\u00fcnc\u00fc b\u00fcy\u00fck end\u00fcstrisini temsil ediyor. Ziyaret\u00e7iler, \u00e7al\u0131\u015fmalar\u0131n y\u00fczde doksan\u0131n \u00fczerinde oranlar bildirmesiyle y\u00fcksek memnuniyet g\u00f6steriyor. Her y\u0131l, var\u0131\u015flar son y\u0131llarda yakla\u015f\u0131k y\u00fczde yirmi be\u015f oran\u0131nda artarak GSY\u0130H&#039;n\u0131n yakla\u015f\u0131k y\u00fczde yedisine katk\u0131da bulunuyor ve yakla\u015f\u0131k yar\u0131m milyon do\u011frudan i\u015f yarat\u0131yor. Peru \u0130hracat ve Turizmi Geli\u015ftirme Komisyonu politikay\u0131 denetlerken, Marca Per\u00fa giri\u015fimi ihracat, turizm ve yat\u0131r\u0131m genelinde ulusal \u00fcr\u00fcnleri pazarl\u0131yor.<\/p>\n<p>Turistik turlar, Lima, Ica, Nazca, Arequipa, Puno, Cusco ve Machu Picchu&#039;da doru\u011fa ula\u015fan Kutsal Vadi&#039;yi birbirine ba\u011flayan g\u00fcney rotas\u0131 ve y\u00fcksek rak\u0131ml\u0131 tar\u0131m\u0131 ve geli\u015fen da\u011f b\u00f6lgesi mutfa\u011f\u0131yla \u00fcnl\u00fc \u00c1ncash&#039;taki Callej\u00f3n de Huaylas&#039;a geni\u015f \u00f6l\u00e7\u00fcde ayr\u0131l\u0131r. Di\u011fer geziler Mantaro ve Tarma vadilerini, Chan Chan&#039;\u0131n kerpi\u00e7 kalesi olan Trujillo&#039;yu, Huanchaco kapl\u0131ca kasabas\u0131n\u0131 ve Iquitos ve Puerto Maldonado gibi orman ge\u00e7itlerini ke\u015ffeder. Peru, her biri biyolojik \u00e7e\u015fitlili\u011fin ve k\u00fclt\u00fcrel miras\u0131n y\u00f6nlerini koruyan on d\u00f6rt UNESCO D\u00fcnya Miras\u0131 Alan\u0131 ve on bir milli parka ev sahipli\u011fi yapmaktad\u0131r.<\/p>\n<p>Demografik olarak, Peru&#039;nun 2022 projeksiyonlar\u0131na g\u00f6re n\u00fcfusu yakla\u015f\u0131k 33,4 milyondu ve kilometrekare ba\u015f\u0131na yakla\u015f\u0131k 26 ki\u015filik bir yo\u011funluk ortaya \u00e7\u0131kt\u0131. K\u0131y\u0131 kesimleri n\u00fcfusun neredeyse y\u00fczde altm\u0131\u015f\u0131n\u0131 olu\u015fturuyor ve bunlar\u0131n y\u00fczde yirmi yedisi da\u011fl\u0131k alanlarda, y\u00fczde on d\u00f6rd\u00fc ise ormanl\u0131k alanlarda ya\u015f\u0131yor. Kentle\u015fme istikrarl\u0131 bir \u015fekilde artt\u0131; 2020&#039;ye gelindi\u011finde n\u00fcfusun y\u00fczde sekseni \u015fehirlerde ya\u015f\u0131yordu. B\u00fcy\u00fcme oranlar\u0131 1950&#039;deki y\u00fczde 2,6&#039;dan bug\u00fcn yakla\u015f\u0131k y\u00fczde 1,1&#039;e d\u00fc\u015ft\u00fc ve y\u00fczy\u0131l\u0131n ortas\u0131na kadar n\u00fcfusun k\u0131rk iki milyona yak\u0131n olaca\u011f\u0131 tahmin ediliyor. Etnik yap\u0131, Amerikan yerlisi, Avrupal\u0131, Afrikal\u0131 ve Asyal\u0131 soylar aras\u0131ndaki y\u00fczy\u0131llard\u0131r s\u00fcren al\u0131\u015fveri\u015fi yans\u0131t\u0131yor. \u0130spanyolca bask\u0131n dil olarak hizmet etse de, Quechua, Aymara ve di\u011fer Yerli dilleri bir\u00e7ok toplulukta hayati \u00f6nem ta\u015f\u0131yor.<\/p>\n<p>Perulu k\u00fclt\u00fcrel ifade binlerce y\u0131ll\u0131k zanaat ve sanattan yararlan\u0131r. \u0130nka \u00f6ncesi seramikler, tekstiller ve metalurji, \u0130nka&#039;n\u0131n an\u0131tsal mimari, \u00f6zellikle Machu Picchu&#039;nun teraslar\u0131 ve ta\u015f i\u015f\u00e7ili\u011fi yoluyla geli\u015ftirdi\u011fi teknik standartlar\u0131 belirledi. S\u00f6m\u00fcrge y\u00f6netimi, And Da\u011flar\u0131 kiliselerinde ve Cusco Okulu&#039;nun resimlerinde belirgin olan Barok esteti\u011fini tan\u0131tt\u0131. Ba\u011f\u0131ms\u0131zl\u0131ktan sonra sanatsal yenilik yava\u015flad\u0131 ancak yirminci y\u00fczy\u0131lda Indigenismo hareketi ve k\u00fcresel ve yerel etkileri harmanlayan sonraki \u00e7o\u011ful ak\u0131mlarla yeniden ortaya \u00e7\u0131kt\u0131.<\/p>\n<p>Mutfak, co\u011frafyalar\u0131n ve insanlar\u0131n bir araya gelmesini temsil eder. Temel g\u0131da maddeleri aras\u0131nda, m\u0131s\u0131r, kinoa, pirin\u00e7 ve baklagillerin yan\u0131 s\u0131ra \u00fc\u00e7 binden fazla patates \u00e7e\u015fidinden olu\u015fan bir dizi yerli yumru yer al\u0131r. \u0130spanyol, Afrika, \u00c7in, Japon ve di\u011fer g\u00f6\u00e7men gelenekleri, anticuchos, ceviche ve pachamanca gibi yemekler \u00fcretmek i\u00e7in yerel uygulamalarla birle\u015fti. \u015eef Gast\u00f3n Acurio y\u00f6netimindeki Lima&#039;n\u0131n Central Restaurante&#039;\u0131, k\u0131y\u0131dan, yaylalardan ve ormandan mevsimlik malzemeleri \u00f6zenle haz\u0131rlanm\u0131\u015f men\u00fclerde sunarak ulusal mutfa\u011f\u0131 \u00f6rneklemektedir.<\/p>\n<p>Peru, \u00e7evre, tarih ve k\u00fclt\u00fcr\u00fcn karma\u015f\u0131k bir etkile\u015fimini sunar. K\u0131y\u0131lar\u0131, da\u011flar\u0131 ve ormanlar\u0131 akademisyenler, ziyaret\u00e7iler ve i\u015fletmeler i\u00e7in ke\u015fif alanlar\u0131 olmaya devam ediyor. E\u015fitsizlik ve y\u00f6neti\u015fimin s\u00fcrekli zorluklar\u0131 aras\u0131nda, \u00fclkenin katmanl\u0131 miras\u0131 ve kaynak taban\u0131 y\u00f6r\u00fcngesini bilgilendirmeye devam ediyor.<\/p>","protected":false},"excerpt":{"rendered":"<p>Peru, a country tucked away on South America&#8217;s western coast, is a tribute to both the diversity of human culture and the wonders of nature. Covering 1,285,216 square kilometers and with a population of more than 32 million, this nation offers researchers and visitors a unique mix of ancient history, cultural variety, and natural beauties.<\/p>","protected":false},"author":1,"featured_media":4270,"parent":24096,"menu_order":0,"comment_status":"closed","ping_status":"closed","template":"elementor_theme","meta":{"_eb_attr":"","footnotes":""},"class_list":["post-7175","page","type-page","status-publish","has-post-thumbnail"],"_links":{"self":[{"href":"https:\/\/travelshelper.com\/tr\/wp-json\/wp\/v2\/pages\/7175","targetHints":{"allow":["GET"]}}],"collection":[{"href":"https:\/\/travelshelper.com\/tr\/wp-json\/wp\/v2\/pages"}],"about":[{"href":"https:\/\/travelshelper.com\/tr\/wp-json\/wp\/v2\/types\/page"}],"author":[{"embeddable":true,"href":"https:\/\/travelshelper.com\/tr\/wp-json\/wp\/v2\/users\/1"}],"replies":[{"embeddable":true,"href":"https:\/\/travelshelper.com\/tr\/wp-json\/wp\/v2\/comments?post=7175"}],"version-history":[{"count":0,"href":"https:\/\/travelshelper.com\/tr\/wp-json\/wp\/v2\/pages\/7175\/revisions"}],"up":[{"embeddable":true,"href":"https:\/\/travelshelper.com\/tr\/wp-json\/wp\/v2\/pages\/24096"}],"wp:featuredmedia":[{"embeddable":true,"href":"https:\/\/travelshelper.com\/tr\/wp-json\/wp\/v2\/media\/4270"}],"wp:attachment":[{"href":"https:\/\/travelshelper.com\/tr\/wp-json\/wp\/v2\/media?parent=7175"}],"curies":[{"name":"wp","href":"https:\/\/api.w.org\/{rel}","templated":true}]}}