{"id":6705,"date":"2024-08-19T09:41:47","date_gmt":"2024-08-19T09:41:47","guid":{"rendered":"https:\/\/travelshelper.com\/staging\/?page_id=6705"},"modified":"2026-03-14T00:18:05","modified_gmt":"2026-03-14T00:18:05","slug":"uruguay","status":"publish","type":"page","link":"https:\/\/travelshelper.com\/tr\/destinations\/south-america\/uruguay\/","title":{"rendered":"Uruguay"},"content":{"rendered":"<p>Uruguay, g\u00fcneyde R\u00edo de la Plata ile kuzeyde Cuchillas&#039;\u0131n engebeli al\u00e7ak tepeleri aras\u0131nda ince bir toprak \u015feridini i\u015fgal eder. Yakla\u015f\u0131k 176.215 kilometrekarelik bir alan\u0131 kaplayan Uruguay, G\u00fcney Amerika anakaras\u0131ndaki en k\u00fc\u00e7\u00fck ikinci ba\u011f\u0131ms\u0131z \u00fclke olmaya devam etmektedir. Ba\u015fkenti ve ba\u015fl\u0131ca liman\u0131 olan Montevideo, g\u00fcney k\u0131y\u0131s\u0131n\u0131 demirleyerek yakla\u015f\u0131k iki milyon sakini eski surlar, modernist bulvarlar ve sessiz yerle\u015fim mahallelerinden olu\u015fan bir metropol mozai\u011fine \u00e7eker. Bu kentsel kalbin \u00f6tesinde, yakla\u015f\u0131k 3,4 milyonluk bir n\u00fcfus verimli otlaklara, nehir k\u0131y\u0131s\u0131ndaki ovalara ve ara s\u0131ra g\u00f6r\u00fclen ormanl\u0131k y\u00fckseltilere da\u011f\u0131lm\u0131\u015ft\u0131r.<\/p>\n<p>Co\u011frafya yumu\u015fak hatlarla geli\u015fir. Hi\u00e7bir da\u011f s\u0131ras\u0131 araziyi b\u00f6lmez; bunun yerine, al\u00e7ak tepe s\u0131ralar\u0131 m\u00fctevaz\u0131 y\u00fcksekliklere y\u00fckselir, en y\u00fcksek nokta -Cerro Catedral- deniz seviyesinden 514 metre y\u00fcksekli\u011fe ula\u015f\u0131r. Bu tepeler, bir su yollar\u0131 kafesiyle sahneyi payla\u015f\u0131r. Bat\u0131 s\u0131n\u0131r\u0131n\u0131 belirleyen Uruguay Nehri, g\u00fcneybat\u0131 k\u00f6\u015fesinde R\u00edo de la Plata hali\u00e7ine kat\u0131l\u0131r. \u0130\u00e7 kesimlerde, R\u00edo Negro \u00fclkeyi ikiye b\u00f6ler, ak\u0131\u015f\u0131 1945&#039;te durdurularak Rinc\u00f3n del Bonete rezervuar\u0131n\u0131 olu\u015fturur. Atlantik k\u0131y\u0131s\u0131 boyunca, bir dizi lag\u00fcn ve sulak alan, Uruguay savan\u0131 olarak bilinen \u00e7e\u015fitli bir ekosistemi destekler. On milli park, sulak alan, tepelik \u00fclke ve k\u0131y\u0131 orman\u0131 alanlar\u0131n\u0131 korur, ancak m\u00fctevaz\u0131 bir Orman Manzaras\u0131 B\u00fct\u00fcnl\u00fc\u011f\u00fc Endeksi puan\u0131, orijinal a\u011fa\u00e7 \u00f6rt\u00fcs\u00fcn\u00fcn \u00e7o\u011funun otla\u011fa d\u00f6n\u00fc\u015ft\u00fc\u011f\u00fcn\u00fc g\u00f6sterir.<\/p>\n<p>O\u011flak D\u00f6nencesi&#039;nin tamamen g\u00fcneyinde yer alan Uruguay, tekd\u00fcze \u0131l\u0131man bir iklime sahiptir. Yazlar Aral\u0131k&#039;tan Mart&#039;a kadar s\u00fcrer ve Atlantik esintileriyle yumu\u015fat\u0131l\u0131rken, k\u0131\u015flar Haziran&#039;dan Eyl\u00fcl&#039;e kadar s\u00fcrer ve y\u0131ll\u0131k donlar ancak nadiren \u015fiddetli so\u011fuklar g\u00f6r\u00fcl\u00fcr. Ya\u011f\u0131\u015f y\u0131l boyunca e\u015fit \u015fekilde yay\u0131l\u0131r; ara s\u0131ra a\u00e7\u0131k ovalarda f\u0131rt\u0131nalar eserek f\u0131rt\u0131na, dolu veya nadiren kas\u0131rga getirir. Sis nehir vadileri ve k\u0131y\u0131 ovalar\u0131 boyunca yerle\u015fir; nem oran\u0131 y\u00fcksek kal\u0131r.<\/p>\n<p>Buradaki insan varl\u0131\u011f\u0131, avc\u0131-toplay\u0131c\u0131 gruplar\u0131n ovalar boyunca av hayvanlar\u0131n\u0131 takip etti\u011fi 13.000 y\u0131ldan daha eskilere dayan\u0131r. Avrupal\u0131lar\u0131n geli\u015finin arifesinde, Charr\u00faa halk\u0131, kuzeydeki Guaran\u00ed topluluklar\u0131 ve su yollar\u0131 boyunca Chan\u00e1 gruplar\u0131yla birlikte, \u015fu anda merkezi Uruguay olan b\u00f6lgede egemenlik kurmu\u015ftur. Portekizli yerle\u015fimciler, 1680&#039;de R\u00edo de la Plata k\u0131y\u0131s\u0131nda Colonia do Sacramento&#039;yu kurmu\u015f ve bu da \u0130spanyol valileri y\u00fczy\u0131l\u0131n ortas\u0131ndan \u00f6nce Montevideo&#039;yu kurmaya te\u015fvik etmi\u015ftir.<\/p>\n<p>On dokuzuncu y\u00fczy\u0131l\u0131n ba\u015flar\u0131nda, bu s\u00f6m\u00fcrge karakollar\u0131 \u0130spanya, Portekiz ve daha sonra Arjantin ve Brezilya&#039;n\u0131n y\u00fckselen cumhuriyetlerinin rekabet eden iddialar\u0131n\u0131n tiyatrosu haline geldi. 1811 ve 1828 y\u0131llar\u0131 aras\u0131nda, d\u00f6rtl\u00fc bir m\u00fccadele Uruguay&#039;\u0131n ba\u011f\u0131ms\u0131zl\u0131\u011f\u0131yla sonu\u00e7land\u0131. Yine de yeni devlet, y\u00fczy\u0131l\u0131n ortalar\u0131na kadar yabanc\u0131 etki ve m\u00fcdahaleye maruz kald\u0131. Sonraki on y\u0131llarda, bir dizi sosyal ve ekonomik reform kapsaml\u0131 bir refah sisteminin temelini att\u0131. Kamu e\u011fitimi, i\u015f\u00e7i korumalar\u0131 ve emeklilik programlar\u0131 1880&#039;ler ve 1920&#039;ler aras\u0131nda k\u00f6k sald\u0131. D\u00f6nemin g\u00f6zlemcileri toplumsal \u00e7er\u00e7eveyi \u0130svi\u00e7re&#039;ye benzettiler; bu kar\u015f\u0131la\u015ft\u0131rma Uruguay&#039;a &#034;Amerika&#039;n\u0131n \u0130svi\u00e7re&#039;si&#034; lakab\u0131n\u0131 kazand\u0131rd\u0131.<\/p>\n<p>Bu y\u00f6r\u00fcnge yirminci y\u00fczy\u0131l\u0131n sonlar\u0131nda de\u011fi\u015fti. 1960&#039;lardaki ekonomik krizler, 1973&#039;te bir darbeye yol a\u00e7an kentsel gerilla faaliyetleriyle \u00e7ak\u0131\u015ft\u0131. Sivil-askeri bir y\u00f6netim 1985&#039;e kadar s\u0131k\u0131 kontroller uygulad\u0131. Anayasal y\u00f6netimin yeniden kurulmas\u0131ndan bu yana Uruguay demokratik kurumlar\u0131 sa\u011flamla\u015ft\u0131rd\u0131. Ba\u015fkan hem devlet ba\u015fkan\u0131 hem de h\u00fck\u00fcmet ba\u015fkan\u0131 olarak g\u00f6rev yap\u0131yor. 2023 Economist Demokrasi Endeksi&#039;nde Uruguay, tam demokrasi olarak s\u0131n\u0131fland\u0131r\u0131lan birka\u00e7 \u00fclke aras\u0131nda yer ald\u0131. \u00dclke ayr\u0131ca h\u00fck\u00fcmet \u015feffafl\u0131\u011f\u0131, ekonomik \u00f6zg\u00fcrl\u00fck ve sosyal ilerleme de\u011ferlendirmelerinde de g\u00fc\u00e7l\u00fc bir performans g\u00f6steriyor.<\/p>\n<p>Son y\u0131llardaki yasal reformlar, sosyal politikaya y\u00f6nelik \u00f6l\u00e7\u00fcl\u00fc bir yakla\u015f\u0131m\u0131 yans\u0131t\u0131yor. Uruguay, kenevir \u00fcretimi, da\u011f\u0131t\u0131m\u0131 ve kullan\u0131m\u0131 i\u00e7in d\u00fczenlenmi\u015f bir \u00e7er\u00e7eve olu\u015fturan ilk \u00fclke oldu. E\u015fcinsel evlilik ve k\u00fcrtaj haklar\u0131 parlamento onay\u0131 ve uygulamas\u0131 alarak \u00fclkeyi b\u00f6lgedeki medeni \u00f6zg\u00fcrl\u00fcklerin \u00f6n saflar\u0131na ta\u015f\u0131d\u0131.<\/p>\n<p>\u0130dari otorite ulusu on dokuz departmana b\u00f6ler. Her departman, y\u00fcr\u00fctme i\u015flevlerini denetlemek i\u00e7in bir m\u00fcd\u00fcr ve mevzuat i\u00e7in bir departman kurulu se\u00e7er. Bu yap\u0131, b\u00f6lgesel d\u00fczeyde ulusal g\u00fc\u00e7ler ayr\u0131l\u0131\u011f\u0131n\u0131 taklit eder. Bu t\u00fcr bir ademi merkeziyet\u00e7ilik, kent merkezleri, pastoral araziler ve k\u0131y\u0131 tatil beldeleri genelinde yerel y\u00f6netimi destekler.<\/p>\n<p>Turizm b\u00fcy\u00fcyen bir ekonomik sekt\u00f6r olarak ortaya \u00e7\u0131km\u0131\u015ft\u0131r. 2012&#039;de GSY\u0130H&#039;n\u0131n yakla\u015f\u0131k %9&#039;unu ve yakla\u015f\u0131k 97.000 i\u015fi olu\u015fturuyordu; 2023&#039;e kadar yakla\u015f\u0131k 3,8 milyon ziyaret\u00e7i geldi, \u00e7o\u011fu kom\u015fu Arjantin ve Brezilya&#039;dan, ard\u0131ndan \u015eili, Paraguay, Amerika Birle\u015fik Devletleri ve Avrupa&#039;dan daha k\u00fc\u00e7\u00fck gruplar geldi. Colonia del Sacramento&#039;nun restore edilmi\u015f s\u00f6m\u00fcrge mahallesi, ta\u015f sokaklar\u0131, calicanto duvarlar\u0131 ve on dokuzuncu y\u00fczy\u0131l \u0130spanyol surlar\u0131n\u0131n g\u00f6lgesiyle gezginleri cezbediyor. Montevideo&#039;da k\u00fclt\u00fcrel g\u00fczergahlar aras\u0131nda Jos\u00e9 Gurvich Galerisi, modernist ressam Joaqu\u00edn Torres Garc\u00eda&#039;n\u0131n eserlerine ev sahipli\u011fi yapan Torres Garc\u00eda M\u00fczesi ve 1930&#039;da ilk FIFA D\u00fcnya Kupas\u0131 finaline ev sahipli\u011fi yapan stadyum olan Estadio Centenario yer al\u0131yor.<\/p>\n<p>Daha do\u011fuda, Punta del Este, Mansa K\u00f6rfezi&#039;nin sakin sular\u0131 ile Brava k\u0131y\u0131s\u0131n\u0131n a\u00e7\u0131k okyanusu aras\u0131nda dar bir yar\u0131madada yer al\u0131r. L\u00fcks m\u00fclkler ve \u00e7a\u011fda\u015f galeriler yirmi birinci y\u00fczy\u0131l e\u011flencesine selam verir; hafta sonu kalabal\u0131klar\u0131 limanda, deniz fenerinde ve geni\u015f Playa Brava&#039;da toplan\u0131r. Yak\u0131nlardaki tatil k\u00f6yleri\u2014La Barra ve Jos\u00e9 Ignacio\u2014daha sakin kum alanlar\u0131 ve bir dizi kumullarla \u00e7evrili plaj sunar. 1997&#039;de a\u00e7\u0131lan ve Carlos Ott taraf\u0131ndan tasarlanan Punta del Este Uluslararas\u0131 Havaalan\u0131, \u00fclkenin ikinci en yo\u011fun havaalan\u0131 olarak hizmet vermektedir.<\/p>\n<p>Deniz ticaretinin \u00f6z\u00fcne geri d\u00f6nersek, Montevideo Liman\u0131 y\u0131lda 1,1 milyondan fazla konteyneri elle\u00e7liyor, r\u0131ht\u0131mlar\u0131 draft\u0131 14 metreye kadar olan gemileri bar\u0131nd\u0131r\u0131yor. Vin\u00e7ler saatte seksen ila y\u00fcz sefer h\u0131z\u0131nda kargo kald\u0131r\u0131yor. Nehrin yukar\u0131s\u0131nda, Nueva Palmira b\u00f6lgesel mallar i\u00e7in bir aktarma merkezi olarak faaliyet g\u00f6steriyor ve devlet taraf\u0131ndan i\u015fletilen ve \u00f6zel tesisleri birle\u015ftiriyor.<\/p>\n<p>Hava yolculu\u011fu ayr\u0131ca, ilk olarak 1947&#039;de a\u00e7\u0131lan ve 2009&#039;da Rafael Vi\u00f1oly Architects taraf\u0131ndan 165 milyon ABD dolar\u0131 tutar\u0131nda bir geni\u015fleme kapsam\u0131nda modernize edilen Carrasco Uluslararas\u0131 Havaalan\u0131&#039;na odaklan\u0131yor. I\u015f\u0131k ve camdan bir salon olan yolcu terminali, her y\u0131l 4,5 milyona kadar yolcuyu y\u00f6netiyor. Uruguay&#039;\u0131n bayrak ta\u015f\u0131y\u0131c\u0131s\u0131 olan PLUNA, da\u011f\u0131l\u0131ncaya kadar operasyonlar\u0131n\u0131 burada y\u00fcr\u00fct\u00fcyordu.<\/p>\n<p>Uruguay&#039;\u0131n demografisi g\u00f6\u00e7 dalgalar\u0131n\u0131 yans\u0131t\u0131r. 2023 n\u00fcfus say\u0131m\u0131, sakinlerin yakla\u015f\u0131k &#039;inin kendisini beyaz olarak tan\u0131mlad\u0131\u011f\u0131n\u0131 buldu; bu rakam, on dokuzuncu ve yirminci y\u00fczy\u0131l\u0131n ba\u015flar\u0131nda \u0130spanya, \u0130talya, Almanya, Fransa ve Britanya&#039;dan gelen g\u00f6\u00e7le \u015fekillendi. S\u00f6m\u00fcrge d\u00f6neminde getirilen Afrikal\u0131 halklardan gelen bir topluluk, n\u00fcfusun yakla\u015f\u0131k %5&#039;ini olu\u015fturuyor. Japon k\u00f6kenli ve kar\u0131\u015f\u0131k mirasl\u0131 topluluklardan olu\u015fan daha k\u00fc\u00e7\u00fck gruplar, kom\u015fu Arjantin ve G\u00fcney Brezilya eyaletlerine benzer bir toplumsal mozaik olu\u015fturuyor.<\/p>\n<p>\u0130spanyolca ulusal yerel dil olarak i\u015flev g\u00f6r\u00fcr, Uruguayl\u0131 \u00e7e\u015fidi Rioplatense kal\u0131plar\u0131, voseo \u00e7ekimleri ve ye\u00edsmo konu\u015fma kaymalar\u0131yla vurgulan\u0131r. \u0130talyan leh\u00e7eleri yerel argoya n\u00fcfuz ederken, s\u0131n\u0131r b\u00f6lgelerinde resmi bir kodlama olmaks\u0131z\u0131n bir Portekizce-\u0130spanyolca melezi dola\u015f\u0131r. \u0130ngilizce e\u011fitimi okul m\u00fcfredatlar\u0131nda \u00f6nemli bir yer tutar ve Uruguayl\u0131lar\u0131 ticaret ve diplomasi i\u00e7in haz\u0131rlar.<\/p>\n<p>K\u00fclt\u00fcrel ya\u015fam, Avrupa sanat ak\u0131mlar\u0131n\u0131n ve gaucho&#039;nun \u015fekillendirdi\u011fi yerel ethos&#039;un izlerini ta\u015f\u0131r. \u00c7ift\u00e7ilik gelenekleri folkloru, edebiyat\u0131 ve g\u00f6rsel sanatlar\u0131 bilgilendirir ve bir zamanlar s\u0131\u011f\u0131r aramak i\u00e7in pampalar\u0131 ge\u00e7en yaln\u0131z atl\u0131y\u0131 onurland\u0131r\u0131r. Hem kentsel hem de k\u0131rsal ortamlarda, festivaller mevsimlik emek d\u00f6ng\u00fclerini, dini t\u00f6renleri ve \u00fclkenin karma\u015f\u0131k miras\u0131n\u0131 i\u015faret eder.<\/p>\n<p>Uruguay&#039;\u0131n \u00fc\u00e7 y\u00fczy\u0131ll\u0131k y\u00f6r\u00fcngesi, a\u00e7\u0131k arazide insan \u00e7abas\u0131n\u0131n istikrarl\u0131 bir katmanla\u015fmas\u0131n\u0131 sergiliyor. \u0130lk avc\u0131-toplay\u0131c\u0131lar\u0131n meskenlerinden Montevideo sokaklar\u0131n\u0131n \u015febekesine, s\u00f6m\u00fcrge karakollar\u0131ndan modern havaalanlar\u0131na kadar, \u00fclke \u00f6l\u00e7\u00fcl\u00fc de\u011fi\u015fimin bir \u00e7al\u0131\u015fmas\u0131n\u0131 sunuyor. Il\u0131man ovalar\u0131, toplumsal ilerlemenin, siyasi d\u00f6n\u00fc\u015f\u00fcm\u00fcn ve k\u00fclt\u00fcrel de\u011fi\u015fimin izlerini ta\u015f\u0131yor. Burada, ekonomi ve \u00e7evre i\u00e7 i\u00e7e ge\u00e7mi\u015f durumda, y\u00f6netim yerel ve ulusal kat\u0131l\u0131ma dayan\u0131yor ve ovalar ve limanlar\u0131n miras\u0131, halk\u0131n\u0131n g\u00fcnl\u00fck hareketlerinde varl\u0131\u011f\u0131n\u0131 s\u00fcrd\u00fcr\u00fcyor.<\/p>","protected":false},"excerpt":{"rendered":"<p>Uruguay, a small but intriguing nation situated between Brazil and Argentina, frequently goes unnoticed by many travelers. This nation offers a unique mix of natural, historical, and cultural aspects that could challenge those of its more well-known neighbors. Beyond its breathtaking beaches and mesmerizing sunsets, Uruguay offers a convincing case for investigation marked by its outstanding coastline, energetic metropolitan centers, and rich agricultural areas.<\/p>","protected":false},"author":1,"featured_media":4280,"parent":24096,"menu_order":0,"comment_status":"closed","ping_status":"closed","template":"elementor_theme","meta":{"_eb_attr":"","footnotes":""},"class_list":["post-6705","page","type-page","status-publish","has-post-thumbnail"],"_links":{"self":[{"href":"https:\/\/travelshelper.com\/tr\/wp-json\/wp\/v2\/pages\/6705","targetHints":{"allow":["GET"]}}],"collection":[{"href":"https:\/\/travelshelper.com\/tr\/wp-json\/wp\/v2\/pages"}],"about":[{"href":"https:\/\/travelshelper.com\/tr\/wp-json\/wp\/v2\/types\/page"}],"author":[{"embeddable":true,"href":"https:\/\/travelshelper.com\/tr\/wp-json\/wp\/v2\/users\/1"}],"replies":[{"embeddable":true,"href":"https:\/\/travelshelper.com\/tr\/wp-json\/wp\/v2\/comments?post=6705"}],"version-history":[{"count":0,"href":"https:\/\/travelshelper.com\/tr\/wp-json\/wp\/v2\/pages\/6705\/revisions"}],"up":[{"embeddable":true,"href":"https:\/\/travelshelper.com\/tr\/wp-json\/wp\/v2\/pages\/24096"}],"wp:featuredmedia":[{"embeddable":true,"href":"https:\/\/travelshelper.com\/tr\/wp-json\/wp\/v2\/media\/4280"}],"wp:attachment":[{"href":"https:\/\/travelshelper.com\/tr\/wp-json\/wp\/v2\/media?parent=6705"}],"curies":[{"name":"wp","href":"https:\/\/api.w.org\/{rel}","templated":true}]}}