{"id":35842,"date":"2024-12-01T12:49:50","date_gmt":"2024-12-01T12:49:50","guid":{"rendered":"https:\/\/travelshelper.com\/staging\/?page_id=35842"},"modified":"2026-03-11T01:22:01","modified_gmt":"2026-03-11T01:22:01","slug":"muharrak","status":"publish","type":"page","link":"https:\/\/travelshelper.com\/tr\/destinations\/asia\/bahrain\/muharraq\/","title":{"rendered":"Muharrak"},"content":{"rendered":"<p>Muharraq, ba\u015fkent Manama&#039;ya 2,5 km&#039;lik bir ge\u00e7itle ba\u011fl\u0131 olan Bahreyn&#039;in Muharraq Adas\u0131&#039;nda yer al\u0131r. Bir zamanlar Bahreyn&#039;in ba\u015fkenti olan (1932&#039;ye kadar) Muharraq, bug\u00fcn yakla\u015f\u0131k 263.000 n\u00fcfusa sahip dar sokaklar ve tarihi semtlerden olu\u015fan bir \u015fehirdir. Bahreyn Uluslararas\u0131 Havaalan\u0131 kuzey k\u0131y\u0131s\u0131n\u0131 i\u015fgal eder ve ada hem dar hem de kozmopolit hissettirir: dar bir koydan feribotla ge\u00e7en bir\u00e7ok sakin her g\u00fcn Manama&#039;n\u0131n i\u015f b\u00f6lgelerine gidip gelirken, Gulf Air&#039;in genel merkezi ve di\u011fer acenteler burada konu\u015flanm\u0131\u015ft\u0131r. K\u0131\u015f\u0131n do\u011fudan esen bir esinti denizin tuzlu kokusunu ve yerel evlerden gelen t\u00fcts\u00fc duman\u0131n\u0131 getirir; Muharraq&#039;\u0131n Manama&#039;n\u0131n g\u00f6kdelenlerine sadece bir ta\u015f at\u0131m\u0131 uzakl\u0131kta olmas\u0131na ra\u011fmen eski Arap karakterini korudu\u011funu hat\u0131rlat\u0131r.<\/p>\n\n\n\n<h2 class=\"wp-block-heading\">Antik \u00c7a\u011fdan Modern \u00c7a\u011fa Tarih<\/h2>\n\n\n\n<p>Arkeolojik buluntular Muharrak&#039;\u0131n K\u00f6rfez&#039;deki erken bir ticaret devleti olan Tun\u00e7 \u00c7a\u011f\u0131 Dilmun uygarl\u0131\u011f\u0131n\u0131n bir par\u00e7as\u0131 oldu\u011funu \u00f6ne s\u00fcr\u00fcyor. Klasik co\u011frafyac\u0131lar daha sonra Bahreyn&#039;i Tylos veya &#034;Arwad&#034; ile e\u015fitlediler ve buray\u0131 Fenike&#039;nin efsanevi be\u015fi\u011fi olarak g\u00f6rd\u00fcler. Ahameni\u015f Persleri \u00e7ekildikten sonra Muharrak Helenistik (Seleukkos) etkisi alt\u0131na girdi ve \u00f6k\u00fcz tanr\u0131s\u0131 Awal&#039;in pagan k\u00fclt\u00fc burada merkezlendi.<\/p>\n\n\n\n<p>MS 5. y\u00fczy\u0131lda kasaba, Nesturi Hristiyanl\u0131\u011f\u0131n\u0131n geli\u015fen bir merkezi haline gelmi\u015fti; \u00f6yle ki yerel yer adlar\u0131 bu an\u0131y\u0131 koruyor. (Al-Dair k\u00f6y\u00fc tam anlam\u0131yla &#034;manast\u0131r&#034; anlam\u0131na gelir ve Qalali &#034;ke\u015fi\u015fin manast\u0131r\u0131&#034; anlam\u0131na gelir.) Portekizliler 1521&#039;de Bahreyn&#039;i ve ard\u0131ndan 1602&#039;de Persler&#039;i ele ge\u00e7irdi\u011finde Muharrak adan\u0131n ana liman\u0131 ve yerle\u015fim yeri olmaya devam etti.<\/p>\n\n\n\n<p>Son olarak, 1783&#039;te Muharrak, Bahreyn&#039;in geri kalan\u0131yla birlikte \u015eeyh \u0130sa bin Ali El Halife&#039;nin y\u00f6netimi alt\u0131na girdi. 19. y\u00fczy\u0131l boyunca Muharrak, El Halife \u015feyhlerinin saray \u015fehri olarak hizmet etti; \u015eeyh \u0130sa (h\u00fck\u00fcmdarl\u0131\u011f\u0131 1869\u20131932) hala ad\u0131n\u0131 ta\u015f\u0131yan b\u00fcy\u00fck avlulu evi in\u015fa etti. 20. y\u00fczy\u0131lda petrol\u00fcn ke\u015ffedilmesiyle Manama h\u0131zla b\u00fcy\u00fcd\u00fc, ancak Muharrak, ya\u015fan\u0131lan geleneksel bir kasaba hissini asla kaybetmedi.<\/p>\n\n\n\n<h2 class=\"wp-block-heading\">Dini Miras<\/h2>\n\n\n\n<p>Muharrak&#039;\u0131n ge\u00e7mi\u015findeki inan\u00e7 katmanlar\u0131 elle tutulur. Ge\u00e7 antik \u00e7a\u011f\u0131n Nesturi Hristiyanlar\u0131 d\u0131\u015f\u0131nda, Muharrak&#039;\u0131n modern dini manzaras\u0131 a\u011f\u0131rl\u0131kl\u0131 olarak \u0130slamidir. Hala sokak aralar\u0131na s\u0131k\u0131\u015fm\u0131\u015f erken d\u00f6nem camilerini ve Sufi t\u00fcrbelerini (Fareej olarak bilinen mahalleler) ziyaret edebilirsiniz. Eski Muharrak leh\u00e7esi ve yerel gelenekler Bedevilerden denizcilik k\u00f6kenlerine d\u00f6n\u00fc\u015fm\u00fc\u015fleri yans\u0131t\u0131r. Al-Dair (arkeologlar\u0131n mevcut caminin alt\u0131nda Bizans d\u00f6neminden kalma bir kilise buldu\u011fu yer) ve Qalali gibi k\u00f6yler kelimenin tam anlam\u0131yla Yunan ve S\u00fcryani ge\u00e7mi\u015fini yans\u0131t\u0131r: isimleri Hristiyan d\u00f6neminin kal\u0131nt\u0131lar\u0131d\u0131r. El Halife iktidara geldikten sonra, S\u00fcnni Arap kabile aileleri buraya yerle\u015fti (Manama&#039;n\u0131n merkezindeki \u015eii mahallelerinin aksine). Zengin ailelerin g\u00f6rkemli r\u00fczgar kuleli evleri genellikle \u00f6zel avlular ve camilerin etraf\u0131na in\u015fa edilirdi. \u00d6zetle, Muharrak dini tarihini b\u00fcy\u00fck an\u0131tlarda de\u011fil, k\u00f6y isimlerinde ve toplum camilerinin mimarisinde sessizce ta\u015f\u0131r.<\/p>\n\n\n\n<p>Muharrak&#039;\u0131n deniz duvar\u0131 boyunca ve eski \u015fehrinde \u0130nci Yolu olarak bilinen bir y\u00fcr\u00fcy\u00fc\u015f yolu uzan\u0131r. Bu rota, bir zamanlar inci t\u00fcccarlar\u0131na ait olan 17 restore edilmi\u015f t\u00fcccar evini, eski d\u00fckkanlar\u0131 ve depolar\u0131 birbirine ba\u011flar. Bu b\u00f6lge, 2012 y\u0131l\u0131nda UNESCO taraf\u0131ndan &#034;\u0130nci, Bir Ada Ekonomisinin Tan\u0131kl\u0131\u011f\u0131&#034; olarak kaydedildi. D\u00fcnya Miras\u0131 alan\u0131, g\u00fcneydeki Bu Maher (Abu Mahir) Kalesi ve \u00fc\u00e7 a\u00e7\u0131k deniz istiridye yata\u011f\u0131n\u0131 i\u00e7erir. Yol (Arap\u00e7ada Masar al-Lulu) yakla\u015f\u0131k 3,5 km uzan\u0131r ve ziyaret\u00e7ileri eski e\u015fiklerden ge\u00e7irerek limana g\u00f6t\u00fcr\u00fcr. Yolun zirvesi Halat Bu Maher&#039;deki Bu Maher Kalesi&#039;dir. 1840 y\u0131l\u0131nda in\u015fa edilen bu m\u00fctevaz\u0131 k\u0131y\u0131 kalesi, bir zamanlar inci k\u0131y\u0131lar\u0131na do\u011fru yelken a\u00e7an tekneleri izliyordu; bug\u00fcn ise patikan\u0131n sonunda denizin sesini \u00e7er\u00e7eveliyor.<\/p>\n\n\n\n<h2 class=\"wp-block-heading\">Tarihi Evler ve Kaleler<\/h2>\n\n\n\n<p>\u0130nci Yolu boyunca do\u011fuya do\u011fru ilerlerken Muharrak&#039;\u0131n en \u00fcnl\u00fc restore edilmi\u015f evlerine ula\u015f\u0131l\u0131r. Siyadi Evi (Bayt Siyadi) ilk durak noktalar\u0131ndan biridir. 19. y\u00fczy\u0131l\u0131n sonlar\u0131nda inci t\u00fcccarlar\u0131ndan olu\u015fan bir hanedan olan Siyadi ailesi taraf\u0131ndan yapt\u0131r\u0131lm\u0131\u015ft\u0131r. Komplekste \u00f6zel bir cami (Muharrak&#039;\u0131n s\u00fcrekli kullan\u0131lan en eski camilerinden biri) ve bir meclis (misafir kabul salonu) bulunmaktad\u0131r ve hepsi bir avlunun etraf\u0131nda d\u00fczenlenmi\u015ftir. Yak\u0131nlarda, h\u00fck\u00fcmdar \u015feyhinin eski saray\u0131 olan \u015eeyh \u0130sa bin Ali Evi (1869-70&#039;te in\u015fa edilmi\u015ftir) bulunmaktad\u0131r. Basit beyaz d\u0131\u015f cephesi, dar sokaklarla birbirine ba\u011flanan d\u00f6rt avlu ve odadan olu\u015fan bir labirenti gizler. Evin en dikkat \u00e7ekici \u00f6zellikleri, bir zamanlar a\u015fa\u011f\u0131daki salonlara serin esintiler \u00e7eken uzun r\u00fczgar kuleleridir (badgirler). 19. y\u00fczy\u0131la ait haline uygun \u015fekilde restore edilen \u015eeyh \u0130sa&#039;n\u0131n evi, kraliyet hayat\u0131na dair samimi bir bak\u0131\u015f sunuyor ve sivri kemerli giri\u015fleri ve kafes i\u015f\u00e7ili\u011fi tipik K\u00f6rfez \u0130slam mimarisini yans\u0131t\u0131yor.<\/p>\n\n\n\n<p>Bu konaklar\u0131n i\u00e7inde bile Muharraq&#039;\u0131n in\u015faat\u00e7\u0131lar\u0131n\u0131n \u0131\u015f\u0131k ve hava ile nas\u0131l \u00e7al\u0131\u015ft\u0131\u011f\u0131n\u0131 hissediyorsunuz. \u015eeyh \u0130sa&#039;n\u0131n evinde, g\u00fcne\u015f \u0131\u015f\u0131\u011f\u0131 soluk s\u0131va ve ah\u015fap kafes \u00fczerinde oynuyor. R\u00fczgar kulelerinin di\u015fli benzeri \u015faftlar\u0131 d\u00fcz \u00e7at\u0131lar\u0131n \u00fczerinden bakarken, g\u00f6lgeli revaklar serin bir merkezi avluyu \u00e7evreliyor. Her oymal\u0131 kap\u0131 ve konsollu k\u00f6\u015fe, modern kliman\u0131n olmad\u0131\u011f\u0131 bir zaman\u0131 anlat\u0131yor. Daha ileride, Arad Kalesi liman giri\u015fini koruyor. Bu kompakt tahkimat 15. y\u00fczy\u0131la dayan\u0131yor ve bir zamanlar k\u00fc\u00e7\u00fck bir adada oturuyordu; bug\u00fcn tamamen Muharraq Adas\u0131&#039;na ba\u011fl\u0131. Geleneksel \u0130slami askeri tasar\u0131m\u0131n \u00f6rnekleri olan sa\u011flam duvarlar\u0131 ve kuleleri kapsaml\u0131 bir \u015fekilde restore edilmi\u015f ve hatta siperlerini vurgulamak i\u00e7in geceleri ayd\u0131nlat\u0131l\u0131yor.<\/p>\n\n\n\n<p>Suyun kar\u015f\u0131s\u0131nda \u00e7ok uzakta olmayan Bu Maher Kalesi (s\u00f6zde Abu Mahir Kalesi) bulunmaktad\u0131r. Dikd\u00f6rtgen planl\u0131 ve d\u00f6rt adet dairesel k\u00f6\u015fe kulesi bulunan kale, Abdullah bin Ahmed Al Khalifa taraf\u0131ndan 1840 y\u0131l\u0131nda Arad Kalesi&#039;nin ikiz koruyucusu olarak in\u015fa edilmi\u015ftir. 1868&#039;de \u00e7at\u0131\u015fmada k\u0131smen y\u0131k\u0131lm\u0131\u015f olsa da daha sonra yeniden in\u015fa edilmi\u015f ve en sonunda \u0130nci Yolu&#039;na dahil edilmi\u015ftir. Bu Maher art\u0131k m\u00fcze benzeri bir harabedir. Hemen yan\u0131nda k\u0131y\u0131ya yana\u015fm\u0131\u015f ah\u015fap kay\u0131klar ve dhow&#039;lar vard\u0131r - bu kalelerin bir zamanlar feribotlar ve jet skiler yerine yelken a\u00e7an inci teknelerinin oldu\u011fu \u00e7ok farkl\u0131 bir deniz manzaras\u0131na h\u00fckmetti\u011fini hat\u0131rlat\u0131r.<\/p>\n\n\n\n<h2 class=\"wp-block-heading\">Gelenek M\u00fczeleri<\/h2>\n\n\n\n<p>Kaleler ve camiler aras\u0131nda Muharrak, \u00f6zel miras\u0131 koruyan m\u00fczelere de ev sahipli\u011fi yap\u0131yor. Bin Matar Evi, adan\u0131n en \u00f6nemli inci t\u00fcccarlar\u0131ndan biri olan Salman H\u00fcseyin Bin Matar&#039;\u0131n meclisiydi. 1905&#039;te geleneksel malzemelerden (palmiye g\u00f6vdeleri, deniz ta\u015f\u0131 ve al\u00e7\u0131ta\u015f\u0131) in\u015fa edilen ev, yeniden geli\u015ftirme nedeniyle neredeyse kayboluyordu. 2009&#039;da bir k\u00fclt\u00fcr vakf\u0131 taraf\u0131ndan restore edildikten sonra \u0130nci M\u00fczesi olarak yeniden a\u00e7\u0131ld\u0131. \u0130\u00e7eride, kaba yontulmu\u015f kiri\u015fleri ve r\u00fczgar kuleleri sa\u011flam ve sergiler inci dal\u0131\u015f\u0131n\u0131n mekani\u011fini ve Bahreyn geleneklerini a\u00e7\u0131kl\u0131yor. Yak\u0131nlarda, Abdulla Al Zayed Bas\u0131n Miras\u0131 Evi yerel tarihin ba\u015fka bir y\u00f6n\u00fcn\u00fc an\u0131yor: Bahreyn&#039;in ilk haftal\u0131k gazetesini kuran adam\u0131n eviydi. 2003&#039;te restore edilen Zayed Evi art\u0131k eski bask\u0131 makineleri, foto\u011fraflar ve gazeteler i\u00e7eriyor ve Al Khalifah y\u00f6netimi alt\u0131ndaki Muharrak&#039;\u0131n \u00f6zg\u00fcr bas\u0131n\u0131n\u0131n hikayesini koruyor.<\/p>\n\n\n\n<p>Bir di\u011fer k\u00fclt\u00fcrel alan ise bir zamanlar Oraifi ailesinin evi olan yerde bulunan k\u00fc\u00e7\u00fck bir sanat galerisi olan Rashid Al-Oraifi M\u00fczesi. Mimari a\u00e7\u0131dan ev modern dokunu\u015flara sahip ancak i\u00e7eride Dilmun d\u00f6nemi arkeolojisinden ve Bahreyn geleneklerinden ilham alan yerel bir sanat\u00e7\u0131 olan Rashid Al Oraifi&#039;nin resimleri sergileniyor. M\u00fczenin havadar avlusu ve parlak beyaz \u00e7er\u00e7eveleri, adan\u0131n kadim ge\u00e7mi\u015fi ile ya\u015fayan sanatlar\u0131 aras\u0131ndaki ba\u011f\u0131 onurland\u0131ran \u00e7a\u011fda\u015f Muharrak&#039;\u0131n bir \u00fcr\u00fcn\u00fc gibi hissettiriyor.<\/p>\n\n\n\n<h2 class=\"wp-block-heading\">Pazarlar ve Sokak Hayat\u0131<\/h2>\n\n\n\n<p>Eski Muharraq&#039;\u0131n kalbi \u00e7ar\u015f\u0131s\u0131 ve \u00e7evresindeki mahalle d\u00fckkanlar\u0131d\u0131r. \u00d6\u011fleden sonra ge\u00e7 saatlerde \u00e7ar\u015f\u0131 sokaklar\u0131 baharat, t\u00fcts\u00fc ve tatl\u0131 kokular\u0131yla canlan\u0131r. Muharraq \u00c7ar\u015f\u0131s\u0131 m\u00fctevaz\u0131 bir b\u00fcy\u00fckl\u00fc\u011fe sahip olmas\u0131na ra\u011fmen helva veya \u015fekerleme d\u00fckkanlar\u0131yla \u00fcnl\u00fcd\u00fcr. Buradaki helva Bat\u0131 \u015fekerlemelerine benzemez; uzman halwachi f\u0131r\u0131nc\u0131lar\u0131 taraf\u0131ndan b\u00fcy\u00fck bak\u0131r kazanlarda kaynat\u0131lan kal\u0131n, yap\u0131\u015fkan bir pudingdir. G\u00fcl suyu, kakule ve safran telleri kaynayan \u015feker kar\u0131\u015f\u0131m\u0131na kar\u0131\u015ft\u0131r\u0131l\u0131r ve so\u011fumas\u0131 i\u00e7in d\u00f6k\u00fcld\u00fc\u011f\u00fcnde c\u00f6mert\u00e7e badem, f\u0131st\u0131k veya cevizle s\u00fcslenir. S\u0131cak helva yo\u011fun bir \u015fekilde tatl\u0131d\u0131r ve sat\u0131c\u0131lar genellikle yoldan ge\u00e7enlere bir tepsi \u00fczerinde k\u00fc\u00e7\u00fck bir numune (ta\u02bfam ad\u0131 verilir) sunar. M\u00fc\u015fteriler po\u015fetler halinde sat\u0131n almak i\u00e7in s\u0131raya girer ve yerel bir helva d\u00fckkan\u0131 olan Hussein Mohamed Showaiter Sweets, y\u00fczy\u0131ll\u0131k tarifleriyle \u00fcnl\u00fcd\u00fcr. \u00c7ar\u015f\u0131da \u015fekerlemelerin yan\u0131 s\u0131ra kuma\u015f dokumac\u0131lar\u0131n\u0131n, bak\u0131r i\u015f\u00e7ilerinin ve kuyumcular\u0131n d\u00fckkanlar\u0131 da yer al\u0131yor; ancak ak\u0131llarda en \u00e7ok kalan \u015fey helva yap\u0131m\u0131n\u0131n g\u00f6sterisi.<\/p>\n\n\n\n<h2 class=\"wp-block-heading\">Mahalleler ve Topluluk<\/h2>\n\n\n\n<p>Turistik \u00e7evrenin d\u0131\u015f\u0131nda, Muharrak&#039;\u0131n kimli\u011fi s\u0131radan mahallelerinde ya\u015far. \u015eehir geleneksel olarak, genellikle ortak bir cami etraf\u0131nda merkezlenmi\u015f kompakt b\u00f6lgeler olan fareejlere (telaffuzu &#034;firjan&#034;) ayr\u0131lm\u0131\u015ft\u0131r. En eskisi, 17. y\u00fczy\u0131lda S\u00fcnni El Bin Ali kabilesinin \u00fcyeleri taraf\u0131ndan kurulan Fareej El Bin Ali&#039;dir. Bug\u00fcn bile, Muharrak&#039;\u0131n fareejlerinin \u00e7o\u011fu S\u00fcnni topluluklar olarak kalmaya devam ediyor. (Bu, ge\u00e7idin kar\u015f\u0131s\u0131ndaki Manama&#039;n\u0131n \u015eii \u00e7o\u011funluklu \u00e7ar\u015f\u0131lar\u0131 ve sokaklar\u0131yla dikkate de\u011fer bir tezat olu\u015fturuyor.) Her fareejde aileler birbirlerini tan\u0131ma e\u011filimindedir ve k\u00fc\u00e7\u00fck camileri ve toplant\u0131 salonlar\u0131 hala sosyal merkezler olarak hizmet vermektedir. Bu sokaklarda y\u00fcr\u00fcrken, nesillerdir ailelerde kalm\u0131\u015f geleneksel Bahreyn evlerini (al\u00e7ak \u00e7at\u0131l\u0131, uzun, tek katl\u0131 evler) g\u00f6rebilirsiniz. \u015eehrin k\u00f6\u015feleri sohbetlerle canlanm\u0131\u015ft\u0131r: caminin yan\u0131nda \u00e7ay yudumlayan ya\u015fl\u0131lar, bir sokakta top oynayan \u00e7ocuklar, sundurmalarda sohbet eden esnaf. Bu g\u00fcndelik sahneler Muharrak&#039;a s\u0131cak, ya\u015fanm\u0131\u015f bir his veriyor; buradaki tarih camlar\u0131n ard\u0131nda sakl\u0131 de\u011fil, insanlar\u0131 taraf\u0131ndan gelece\u011fe ta\u015f\u0131n\u0131yor.<\/p>\n\n\n\n<h2 class=\"wp-block-heading\">Sanat, M\u00fczik ve Spor<\/h2>\n\n\n\n<p>Muharrak&#039;\u0131n k\u00fclt\u00fcrel hayat\u0131 m\u00fczik ve spora kadar uzan\u0131r. Bahreyn&#039;in en \u00fcnl\u00fc modern m\u00fczisyenini yeti\u015ftirmi\u015ftir: Al Ekhwa grubunun gitarist-\u015fark\u0131c\u0131lar\u0131ndan Ali Bahar, Muharrak&#039;ta do\u011fmu\u015f ve b\u00fcy\u00fcm\u00fc\u015ft\u00fcr. Bahar (takma ad\u0131 &#034;Dilmun Kral\u0131&#034;) geleneksel K\u00f6rfez melodilerini rock ritimleriyle harmanlam\u0131\u015ft\u0131r ve \u015fark\u0131lar\u0131 Bahreyn ve K\u00f6rfez&#039;de pop\u00fclerli\u011fini s\u00fcrd\u00fcrmektedir. Ada ayr\u0131ca daha eski m\u00fczik k\u00f6klerine de sayg\u0131 g\u00f6sterir: pazar\u0131n yak\u0131n\u0131nda, k\u00fc\u00e7\u00fck Mohamed bin Fares M\u00fczesi, kentsel halk m\u00fczi\u011finde uzmanla\u015fm\u0131\u015f \u00fcnl\u00fc bir ud sanat\u00e7\u0131s\u0131 ve besteciyi (Al-Sout) anmaktad\u0131r. \u0130\u00e7eride eski kay\u0131tlar\u0131, enstr\u00fcmanlar\u0131 ve ki\u015fisel hat\u0131ralar\u0131 bulunmaktad\u0131r - Bahreyn m\u00fczi\u011finin Muharrak t\u00fcr\u00fcne bir tan\u0131kl\u0131k.<br>Sporda Muharraq Kul\u00fcb\u00fc bir kurumdur. 1928&#039;de kurulan kul\u00fcp, Bahreyn&#039;in en eski ve en ba\u015far\u0131l\u0131 futbol tak\u0131m\u0131d\u0131r. K\u0131rm\u0131z\u0131 giysili taraftarlar genellikle cumartesi \u00f6\u011fleden sonralar\u0131 adadaki basit bir stadyumda toplan\u0131r ve \u015fehrin ad\u0131n\u0131 ta\u015f\u0131yan bir tak\u0131m\u0131 desteklerler. Kul\u00fcp bayraklar\u0131 yerel \u00e7at\u0131 katlar\u0131nda dalgalan\u0131r ve hatta baz\u0131 dar sokaklar ve d\u00fckkan vitrinleri bile kul\u00fcb\u00fcn amblemini sergiler. Muharraq&#039;ta bu yerel tak\u0131ma duyulan gurur, herhangi bir tarihi t\u00fcrbeye duyulan gururla yar\u0131\u015f\u0131r; bir\u00e7ok aile i\u00e7in Muharraq Kul\u00fcb\u00fc&#039;n\u00fcn ma\u00e7\u0131n\u0131 izlemek, eski inci dal\u0131\u015f\u0131 hikayeleri kadar gelenektir.<\/p>\n\n\n\n<h2 class=\"wp-block-heading\">Modern Muharrak: K\u00fcresel Ba\u011flant\u0131lar<\/h2>\n\n\n\n<p>Zengin ge\u00e7mi\u015fine ra\u011fmen Muharraq zamanda donmu\u015f de\u011fil. Sokaklar\u0131 art\u0131k motorlu scooter&#039;larla ve park edilmi\u015f araba s\u0131ralar\u0131yla u\u011fulduyor ve geleneksel saz ve al\u00e7\u0131 evleri modern beton evlerin yan\u0131nda yer al\u0131yor. Bahreyn Uluslararas\u0131 Havaalan\u0131 (krall\u0131\u011f\u0131n tek ticari havaalan\u0131) \u015fehrin hemen kuzeyinde, Arad Kalesi&#039;nin \u00f6tesinde yer al\u0131yor. U\u00e7aklar gece g\u00fcnd\u00fcz inip kalk\u0131yor ve Muharraq&#039;\u0131n sil\u00fcetine ara s\u0131ra bulutlar\u0131 kesen bir jet izi veriyor. Yak\u0131nlarda, adan\u0131n yerel ya\u015fam ile k\u00fcresel seyahat aras\u0131ndaki k\u00f6pr\u00fcs\u00fcn\u00fc simgeleyen Gulf Air genel merkezi bulunuyor.<\/p>\n\n\n\n<p>\u015eehrin bir ucunda Gulf Air ofis kuleleri eski evlerin sessiz sokaklar\u0131na bak\u0131yor. Di\u011fer u\u00e7ta, Bu Maher Kalesi&#039;nin \u00f6tesinde, y\u00fczy\u0131llard\u0131r oldu\u011fu gibi \u00e7al\u0131\u015fmalar devam ediyor: Muharraq&#039;\u0131n geleneksel dhow tersanesinde yetenekli marangozlar hala elle ah\u015fap yelkenli tekneler in\u015fa ediyor. Bu, Bahreyn&#039;deki son aktif dhow tersanesi ve bal\u0131k\u00e7\u0131 liman\u0131n\u0131n yan\u0131ndaki modern bir \u00e7itin arkas\u0131na gizlenmi\u015f. Orada, tik a\u011fac\u0131n\u0131n kaba kokusu ve in\u015fa halindeki yeni bir dhow&#039;daki eklemlerin g\u0131c\u0131rt\u0131s\u0131 Muharraq&#039;\u0131n denizcilik miras\u0131n\u0131 \u00e7a\u011fr\u0131\u015ft\u0131r\u0131yor. Bir bak\u0131ma, tekne yap\u0131mc\u0131lar\u0131n\u0131n ilahiye benzer \u00e7a\u011fr\u0131lar\u0131 ve gerilmi\u015f omuzlar\u0131 eski inci dalg\u0131\u00e7lar\u0131n\u0131n ruhunu ta\u015f\u0131yor.<\/p>\n\n\n\n<p>Bug\u00fcn bu sokaklarda y\u00fcr\u00fcrken ziyaret\u00e7iler Muharraq&#039;\u0131n eski ve yeni hayatlar\u0131n\u0131n do\u011fal bir \u015fekilde bir arada var oldu\u011funu hissedebilirler. \u00d6\u011fleden sonra ge\u00e7 saatlerdeki \u0131\u015f\u0131k bir r\u00fczgar kulesinin \u00fczerinden alt\u0131n renginde e\u011filir; yak\u0131nlarda trafi\u011fin aral\u0131ks\u0131z t\u0131slamas\u0131 duyulur. Geleneksel k\u0131yafetler i\u00e7indeki bir yoldan ge\u00e7en, beyzbol \u015fapkal\u0131 gen\u00e7 bir adama selam verebilir. \u015eehrin ay\u0131rt edici \u00f6zelli\u011fi, \u00e7a\u011flar\u0131n bu nazik kar\u0131\u015f\u0131m\u0131d\u0131r - her zaman d\u0131\u015far\u0131ya (denizlere ve \u00f6tesine) bakan ancak haf\u0131zan\u0131n mekanlar\u0131n\u0131 dikkatlice koruyan bir ada toplulu\u011fu. Durup dinleyenler i\u00e7in Muharraq hikayesini a\u00e7\u0131k\u00e7a anlat\u0131r - sokak ve cami adlar\u0131nda, K\u00f6rfez&#039;den gelen her tuzlu esintide ve sessiz bir k\u00f6\u015fedeki bir helva d\u00fckkan\u0131n\u0131n s\u0131cak tatl\u0131l\u0131\u011f\u0131nda. Her tu\u011fla ve esinti bir tarih sayfas\u0131d\u0131r, ancak \u015fehir tamamen canl\u0131 ve insani hissettirir, bir kal\u0131nt\u0131dan uzakt\u0131r ve ziyaret\u00e7iyi ritmine ve geleneklerine davet eder.<\/p>","protected":false},"excerpt":{"rendered":"<p>Muharrak, Bahreyn&#039;in \u00fc\u00e7\u00fcnc\u00fc b\u00fcy\u00fck \u015fehri olup 1932&#039;de Manama&#039;n\u0131n yerini almas\u0131na kadar \u00fclkenin ba\u015fkentiydi. Muharrak&#039;\u0131n n\u00fcfusu 2012 itibar\u0131yla 176.583&#039;t\u00fc.<\/p>\n<p>\u015eehir Muharrak adas\u0131nda yer almaktad\u0131r.<\/p>","protected":false},"author":1,"featured_media":35397,"parent":35335,"menu_order":0,"comment_status":"closed","ping_status":"closed","template":"elementor_theme","meta":{"_eb_attr":"","footnotes":""},"class_list":["post-35842","page","type-page","status-publish","has-post-thumbnail"],"_links":{"self":[{"href":"https:\/\/travelshelper.com\/tr\/wp-json\/wp\/v2\/pages\/35842","targetHints":{"allow":["GET"]}}],"collection":[{"href":"https:\/\/travelshelper.com\/tr\/wp-json\/wp\/v2\/pages"}],"about":[{"href":"https:\/\/travelshelper.com\/tr\/wp-json\/wp\/v2\/types\/page"}],"author":[{"embeddable":true,"href":"https:\/\/travelshelper.com\/tr\/wp-json\/wp\/v2\/users\/1"}],"replies":[{"embeddable":true,"href":"https:\/\/travelshelper.com\/tr\/wp-json\/wp\/v2\/comments?post=35842"}],"version-history":[{"count":0,"href":"https:\/\/travelshelper.com\/tr\/wp-json\/wp\/v2\/pages\/35842\/revisions"}],"up":[{"embeddable":true,"href":"https:\/\/travelshelper.com\/tr\/wp-json\/wp\/v2\/pages\/35335"}],"wp:featuredmedia":[{"embeddable":true,"href":"https:\/\/travelshelper.com\/tr\/wp-json\/wp\/v2\/media\/35397"}],"wp:attachment":[{"href":"https:\/\/travelshelper.com\/tr\/wp-json\/wp\/v2\/media?parent=35842"}],"curies":[{"name":"wp","href":"https:\/\/api.w.org\/{rel}","templated":true}]}}