{"id":35488,"date":"2024-11-30T23:23:21","date_gmt":"2024-11-30T23:23:21","guid":{"rendered":"https:\/\/travelshelper.com\/staging\/?page_id=35488"},"modified":"2026-03-11T02:09:40","modified_gmt":"2026-03-11T02:09:40","slug":"bahreynde-guvende-ve-saglikli-kalin","status":"publish","type":"page","link":"https:\/\/travelshelper.com\/tr\/destinations\/asia\/bahrain\/stay-safe-healthy-in-bahrain\/","title":{"rendered":"Bahreyn&#039;de G\u00fcvende ve Sa\u011fl\u0131kl\u0131 Kal\u0131n"},"content":{"rendered":"<h2 class=\"wp-block-heading\">Bahreyn&#039;de G\u00fcvende Kal\u0131n<\/h2>\n\n\n\n<p>Bahreyn&#039;de 2011&#039;de neredeyse i\u00e7 sava\u015f ya\u015fand\u0131, y\u00fczlerce \u00f6l\u00fc, y\u00fczlerce yaral\u0131 ve \u00f6nemli say\u0131da aktivist ve sa\u011fl\u0131k \u00e7al\u0131\u015fan\u0131 hapse at\u0131ld\u0131 ve i\u015fkence g\u00f6rd\u00fc. B\u00fcy\u00fck protestolar ac\u0131mas\u0131zca bast\u0131r\u0131lm\u0131\u015f olsa da, ortam hala de\u011fi\u015fken ve protestolar, isyanlar ve polis cinayetleri her an ger\u00e7ekle\u015febilir. Seyahat edenler \u00fclkenin kuzeybat\u0131 k\u0131rsal b\u00f6lgelerinden ve topluluklar\u0131ndan uzak durmal\u0131d\u0131r. B\u00fcy\u00fck protestolar her an ger\u00e7ekle\u015febilir ve zaman zaman \u015fiddetli olabilseler de, nadiren Bat\u0131 kar\u015f\u0131t\u0131d\u0131rlar. B\u00fcy\u00fck gruplar\u0131n topland\u0131\u011f\u0131 yerlerden ka\u00e7\u0131n\u0131n.<\/p>\n\n\n\n<p>Bahreyn&#039;de, sosyal su\u00e7lar\u0131n ortalama g\u00f6r\u00fclme s\u0131kl\u0131\u011f\u0131 d\u00fc\u015f\u00fckken, \u015fiddet i\u00e7eren su\u00e7lar nadirdir. Yine de soygun, h\u0131rs\u0131zl\u0131k ve yankesicilik meydana gelir. Portf\u00f6y h\u0131rs\u0131zl\u0131\u011f\u0131 ve portf\u00f6y h\u0131rs\u0131zl\u0131\u011f\u0131 gibi k\u00fc\u00e7\u00fck su\u00e7lar, \u00f6zellikle souk olarak bilinen eski pazar b\u00f6lgelerinde kaydedilmi\u015ftir. \u00c7o\u011fu otelin gece kul\u00fcpleri baz\u0131 k\u00f6t\u00fc niyetli ki\u015filer taraf\u0131ndan s\u0131k s\u0131k ziyaret edilir. Otellerde kameralar da dahil olmak \u00fczere yeterli g\u00fcvenlik \u00f6nlemleri olmas\u0131na ra\u011fmen, ziyaret\u00e7ilerin odalar\u0131n\u0131 ald\u0131\u011f\u0131 durumlar olmu\u015ftur.<\/p>\n\n\n\n<p>Exhibition Avenue&#039;daysan\u0131z (Hoora&#039;n\u0131n yak\u0131n\u0131nda), dikkatli olun \u00e7\u00fcnk\u00fc han\u0131mlar (\u00e7o\u011funlukla) sarho\u015f Suudilerle tats\u0131z kar\u015f\u0131la\u015fmalar ya\u015fayabilir. Oraya giderseniz yan\u0131n\u0131zda bir erkek bulundurman\u0131z iyi bir fikirdir (\u00f6zellikle geceleri).<\/p>\n\n\n\n<h3 class=\"wp-block-heading\">Su\u00e7<\/h3>\n\n\n\n<p>Bahreyn&#039;de yakla\u015f\u0131k 4.000 \u0130ngiliz vatanda\u015f\u0131 ya\u015f\u0131yor ve her y\u0131l binlercesi daha ziyaret ediyor. \u00c7o\u011fu ziyaret olays\u0131z ge\u00e7iyor. Su\u00e7un \u00e7o\u011fu b\u00f6lgede seyrek olmas\u0131na ra\u011fmen turistler, g\u00fcvenilir taksi hizmetlerini kullanmak da dahil olmak \u00fczere \u00f6nlemler almal\u0131d\u0131r.<\/p>\n\n\n\n<h3 class=\"wp-block-heading\">\u0130la\u00e7lar<\/h3>\n\n\n\n<p>Yasad\u0131\u015f\u0131 maddelerin eser miktarlar\u0131 bile kesinlikle k\u0131s\u0131tlanm\u0131\u015ft\u0131r. Bir \u00fclkeden di\u011ferine bir havaalan\u0131ndan ge\u00e7iyor olsan\u0131z bile, yasad\u0131\u015f\u0131 uyu\u015fturucu t\u00fcketmek veya ta\u015f\u0131mak hapse at\u0131lma ve s\u0131n\u0131r d\u0131\u015f\u0131 edilmeyle sonu\u00e7lanabilir. Yasad\u0131\u015f\u0131 uyu\u015fturucu ve uyu\u015fturucu sat\u0131n almak veya satmak, m\u00fcebbet hapis cezas\u0131na kadar varan ciddi bir su\u00e7tur.<\/p>\n\n\n\n<p>Bahreyn&#039;de baz\u0131 kozmetik \u00fcr\u00fcnleri ve e-sigara yedekleri, CBD ya\u011f\u0131 gibi yasakl\u0131 maddeler i\u00e7erebilir.<\/p>\n\n\n\n<p>Re\u00e7eteli ila\u00e7lar kullan\u0131yorsan\u0131z yan\u0131n\u0131zda bir doktor mektubu bulundurman\u0131z ak\u0131ll\u0131ca olacakt\u0131r. Re\u00e7eteli ila\u00e7lar\u0131 Bahreyn&#039;e ithal etmeyi d\u00fc\u015f\u00fcn\u00fcyorsan\u0131z, yetkililerden \u00f6nceden izin alman\u0131z gerekebilir. Seyahat etmeden \u00f6nce, en yak\u0131n Bahreyn B\u00fcy\u00fckel\u00e7ili\u011fi veya konsoloslu\u011fuyla ileti\u015fime ge\u00e7melisiniz.<\/p>\n\n\n\n<h3 class=\"wp-block-heading\">Alkol<\/h3>\n\n\n\n<p>Bahreyn&#039;de \u00e7ok say\u0131da bar, ruhsatl\u0131 restoran ve i\u00e7ki d\u00fckk\u00e2n\u0131 bulundu\u011fundan alkol yasald\u0131r; ancak, kamusal alanda sarho\u015fluk davran\u0131\u015f\u0131 veya alkol\u00fcn etkisi alt\u0131nda ara\u00e7 kullanmak yasad\u0131\u015f\u0131d\u0131r ve su\u00e7luyu para cezas\u0131, hapis cezas\u0131 ve\/veya s\u0131n\u0131r d\u0131\u015f\u0131 etme ve ehliyetinin ask\u0131ya al\u0131nmas\u0131yla kar\u015f\u0131 kar\u015f\u0131ya b\u0131rak\u0131r. Alkol\u00fcn etkisi alt\u0131ndayken fiziksel sald\u0131r\u0131 ve kamu mal\u0131na zarar verme, hapis cezas\u0131yla sonu\u00e7lanabilecek bir su\u00e7tur.<\/p>\n\n\n\n<h3 class=\"wp-block-heading\">S\u00fcr\u00fc\u015f<\/h3>\n\n\n\n<p>Bahreyn&#039;de i\u00e7ki i\u00e7ip ara\u00e7 kullanmaya kar\u015f\u0131 s\u0131f\u0131r tolerans vard\u0131r. Sisteminizde eser miktarda bile alkol yakalan\u0131rsan\u0131z, su\u00e7lamalarla ve hapis cezas\u0131yla kar\u015f\u0131 kar\u015f\u0131ya kalabilirsiniz. Yasa ihlalleri, arkadan \u00e7arpma, h\u0131z yapma, yar\u0131\u015fma, \u015ferit atlama ve ara\u00e7 kullan\u0131rken cep telefonu kullanma gibi eylemlerin hepsi a\u011f\u0131r para cezalar\u0131na yol a\u00e7abilir. Yollarda ve otoyollarda \u00e7ok say\u0131da h\u0131z kameras\u0131 vard\u0131r. Emniyet kemeri kullan\u0131m\u0131 zorunludur. Bunu yapmamak para cezas\u0131yla sonu\u00e7lanabilir.<\/p>\n\n\n\n<p><strong>Trafik Kanunlar\u0131<\/strong><\/p>\n\n\n\n<ul class=\"wp-block-list\">\n<li>Trafik sa\u011fdan ak\u0131yor.<\/li>\n\n\n\n<li>Kav\u015faklarda (d\u00f6ng\u00fclerde), \u00e7ember i\u00e7indeki ara\u00e7lar, girmeye \u00e7al\u0131\u015fan ara\u00e7lara g\u00f6re ge\u00e7i\u015f hakk\u0131na sahiptir.<\/li>\n\n\n\n<li>S\u00fcr\u00fcc\u00fcler, para cezalar\u0131 ve olas\u0131 hapis cezalar\u0131 da dahil olmak \u00fczere a\u011f\u0131r cezalara ra\u011fmen s\u0131kl\u0131kla h\u0131z yap\u0131yor.<\/li>\n\n\n\n<li>Polis, s\u00fcr\u00fcc\u00fcleri trafik ihlalleri nedeniyle g\u00f6zalt\u0131na alabilir.<\/li>\n\n\n\n<li>Araba kullan\u0131rken cep telefonu kullanmak yasakt\u0131r, ancak \u00e7ok yayg\u0131nd\u0131r.<\/li>\n\n\n\n<li>S\u00fcr\u00fcc\u00fclerin emniyet kemeri takmalar\u0131 zorunludur.<\/li>\n\n\n\n<li>Hafta sonlar\u0131 kom\u015fu \u00fclkelerden gelen ara\u00e7lar\u0131n ak\u0131n\u0131yla trafik daha da yo\u011funla\u015f\u0131yor.<\/li>\n<\/ul>\n\n\n\n<h3 class=\"wp-block-heading\">Giyim Kurallar\u0131<\/h3>\n\n\n\n<p>Bahreynliler genellikle geleneksel k\u0131yafetler i\u00e7inde muhafazakar giyinirler ve ba\u015fkalar\u0131 k\u00f6t\u00fc giyindi\u011finde veya \u0130slami normlara ayk\u0131r\u0131 davrand\u0131\u011f\u0131nda \u00f6fkelenebilirler.<\/p>\n\n\n\n<p>Al\u0131\u015fveri\u015f merkezleri, restoranlar ve parklar gibi halka a\u00e7\u0131k yerlerde uygun k\u0131yafetler giyilmesi te\u015fvik edilir. K\u0131yafetler transparan olmamal\u0131, v\u00fccudun baz\u0131 b\u00f6lgelerini uygunsuz bir \u015fekilde g\u00f6stermemeli veya ho\u015f olmayan g\u00f6r\u00fcnt\u00fcler veya mesajlar g\u00f6stermemelidir. Bu mekanlardan birini uygunsuz bir \u015fekilde giyinmi\u015f olarak ziyaret ederseniz, ayr\u0131lman\u0131z istenebilir (b\u00fcy\u00fck al\u0131\u015fveri\u015f merkezlerinin \u00e7o\u011funda sayg\u0131n k\u0131yafetler giyilmesi gerekti\u011fi konusunda uyar\u0131 tabelalar\u0131 bulunur). Her t\u00fcrl\u00fc \u00e7\u0131plakl\u0131k, hatta \u00fcsts\u00fcz g\u00fcne\u015flenmek bile kesinlikle yasakt\u0131r. Tevazunun te\u015fvik edildi\u011fi Ramazan ay\u0131nda, bu ilkeler daha da s\u0131k\u0131 bir \u015fekilde korunur.<\/p>\n\n\n\n<h3 class=\"wp-block-heading\">Din<\/h3>\n\n\n\n<p>Bahreyn&#039;de \u0130slami dini inan\u00e7lar son derece sayg\u0131 g\u00f6r\u00fcr. Dini fikirlere veya uygulamalara kar\u015f\u0131 herhangi bir sayg\u0131s\u0131zl\u0131k son derece sayg\u0131s\u0131z olarak kabul edilir ve b\u00fcy\u00fck olas\u0131l\u0131kla a\u011f\u0131r bir para cezas\u0131 ve\/veya hapis cezas\u0131yla sonu\u00e7lan\u0131r. Di\u011fer dinlere sayg\u0131 duyulur ve Bahreyn&#039;de serbest\u00e7e uygulanabilir. Birka\u00e7 basit sayg\u0131 kural\u0131n\u0131 izleyin:<\/p>\n\n\n\n<p>M\u00fcsl\u00fcmanlar be\u015f vakit namaz k\u0131larlar. Camilerin ibadet edenleri namaza \u00e7a\u011f\u0131rmak i\u00e7in hoparl\u00f6r kulland\u0131\u011f\u0131n\u0131 fark edeceksiniz. Camiye yak\u0131n olmayan arabalar\u0131n gizlice namaz k\u0131lmak i\u00e7in bir kenara \u00e7ekilebilece\u011fini unutmay\u0131n.<\/p>\n\n\n\n<p>M\u00fcsl\u00fcmanlar kutsal Ramazan ay\u0131 boyunca \u015fafak vaktinden g\u00fcn bat\u0131m\u0131na kadar oru\u00e7 tutarlar. Ramazan ay\u0131 boyunca, g\u00fcnd\u00fcz saatlerinde yemek yemek, i\u00e7mek, sigara i\u00e7mek, y\u00fcksek sesle m\u00fczik dinlemek ve kamusal alanda dans etmek, M\u00fcsl\u00fcman olmayanlar i\u00e7in bile yasakt\u0131r ve yasalarca cezaland\u0131r\u0131l\u0131r.<\/p>\n\n\n\n<h3 class=\"wp-block-heading\">\u0130klim ve do\u011fal afetler<\/h3>\n\n\n\n<p>Bahreyn&#039;de genellikle a\u015f\u0131r\u0131 y\u00fcksek s\u0131cakl\u0131klar olur. Haziran&#039;dan A\u011fustos&#039;a kadar s\u0131cakl\u0131k 50\u00b0C&#039;nin \u00fczerinde olabilir.<\/p>\n\n\n\n<p>S\u0131cak \u00e7arpmas\u0131 ve susuz kalmay\u0131 \u00f6nlemek i\u00e7in:<\/p>\n\n\n\n<ul class=\"wp-block-list\">\n<li>bol su i\u00e7<\/li>\n\n\n\n<li>uzun s\u00fcre s\u0131cakta kalmaktan ka\u00e7\u0131n\u0131n<\/li>\n<\/ul>\n\n\n\n<p>Kum ve toz f\u0131rt\u0131nalar\u0131 s\u0131kl\u0131kla meydana gelir.<\/p>\n\n\n\n<h3 class=\"wp-block-heading\">G\u00f6steriler<\/h3>\n\n\n\n<p>Zaman zaman g\u00f6steriler ve protestolar m\u00fcmk\u00fcnd\u00fcr. Bu, trafi\u011fi kesintiye u\u011fratma giri\u015fimlerinin yan\u0131 s\u0131ra k\u0131rsal alanlarda ve ekonomik merkezlerin yak\u0131n\u0131nda kar\u0131\u015f\u0131kl\u0131klara da yol a\u00e7abilir. Nadiren, bu, h\u00fck\u00fcmet g\u00fcvenlik g\u00fc\u00e7leri ve g\u00f6stericiler aras\u0131nda yerel \u00e7at\u0131\u015fmalara yol a\u00e7ar. Zaman zaman, Bahreyn&#039;deki \u00f6nemli olaylar\u0131n y\u0131ld\u00f6n\u00fcmleri kendili\u011finden g\u00f6sterilerin olas\u0131l\u0131\u011f\u0131n\u0131 art\u0131r\u0131r. Ge\u00e7mi\u015fte, Sitra, Bani Jamra, Karbabad, Saar, Karzakan, Budaiya Otoyolu ve kom\u015fu k\u00f6ylerde benzer durumlar ya\u015fand\u0131.<\/p>\n\n\n\n<p>\u015eu ana kadar \u0130ngiliz vatanda\u015flar\u0131na y\u00f6nelik do\u011frudan bir tehdit veya sald\u0131r\u0131 olmasa da dikkatli olmal\u0131, yerel yetkililerin tavsiyelerine uymal\u0131 ve adan\u0131n neresinde olursan\u0131z olun \u00e7evrenize dikkat etmelisiniz.<\/p>\n\n\n\n<p>\u015eiddet i\u00e7eren bir g\u00f6sterinin yak\u0131n\u0131nda yanl\u0131\u015fl\u0131kla bulunanlar risk alt\u0131ndad\u0131r.<\/p>\n\n\n\n<p>B\u00fcy\u00fck bir halk toplant\u0131s\u0131 veya g\u00f6steri ile kar\u015f\u0131la\u015f\u0131rsan\u0131z, alan\u0131 h\u0131zla bo\u015faltmal\u0131s\u0131n\u0131z. \u015e\u00fcpheli bir nesne g\u00f6r\u00fcrseniz, ona yakla\u015fmaktan veya dokunmaktan ka\u00e7\u0131n\u0131n. Uzakla\u015f\u0131n ve 999&#039;u veya Polis Acil Durum Hatt\u0131 8000 8008&#039;i aray\u0131n.<\/p>\n\n\n\n<p>G\u00fcn \u0131\u015f\u0131\u011f\u0131nda, ana otoyollarda seyahat genellikle d\u00fczenlidir. Birka\u00e7 polis kontrol noktas\u0131 mevcuttur.<\/p>\n\n\n\n<p>G\u00f6steriler s\u0131ras\u0131nda yollar ge\u00e7ilmez hale gelebilir ve bu da dolamba\u00e7l\u0131 yollara ba\u015fvurmay\u0131 gerektirebilir. Bunlar sizi bilinmeyen b\u00f6lgelere y\u00f6nlendirebilir. Di\u011fer yollara a\u015fina olmal\u0131s\u0131n\u0131z.<\/p>\n\n\n\n<p>B\u00f6lgedeki yerel kamuoyu b\u00f6lgesel geli\u015fmelerden etkilenmeye devam ediyor. Bu konulardaki yerel hassasiyetlerin fark\u0131nda olmal\u0131s\u0131n\u0131z. Haberleri takip edin ve kamuoyunda huzursuzlu\u011fa yol a\u00e7abilecek yerel ve b\u00f6lgesel geli\u015fmelerden haberdar olun.<\/p>\n\n\n\n<p>\u0130\u00e7i\u015fleri Bakanl\u0131\u011f\u0131, t\u00fcm sakinlerin ve misafirlerin resimli kimlik ta\u015f\u0131mas\u0131 gerekti\u011fini hat\u0131rlatt\u0131. Bahreyn h\u00fck\u00fcmetinin bir \u00fcyesi taraf\u0131ndan istendi\u011finde resimli kimlik g\u00f6steremezseniz, Bahreyn mevzuat\u0131n\u0131n gerektirdi\u011fi \u015fekilde 300 BHD&#039;ye kadar para cezas\u0131 uygulanabilir.<\/p>\n\n\n\n<h2 class=\"wp-block-heading\">Bahreyn&#039;de Sa\u011fl\u0131kl\u0131 Kal\u0131n<\/h2>\n\n\n\n<p>Bol su i\u00e7ti\u011finizden emin olun. Nisan ay\u0131ndan a\u011fustos ay\u0131na kadar a\u015f\u0131r\u0131 s\u0131cak (50 santigrat dereceye kadar) ve nemli olabilir. \u015eemsiye kullanarak kendinizi g\u00fcne\u015ften koruyun. \u00d6zellikle g\u00fcn boyunca d\u0131\u015far\u0131daysan\u0131z, susuz kalmamak \u00e7ok \u00f6nemlidir. \u015ei\u015felenmi\u015f su, \u015fehrin hemen her yerinde, &#034;So\u011fuk Depolar&#034; ve k\u00fc\u00e7\u00fck lokantalarda son derece ucuz fiyatlara sat\u0131n al\u0131nabilir.<\/p>\n\n\n\n<p>Sokak sat\u0131c\u0131lar\u0131 \u00e7ar\u015f\u0131da k\u00fc\u00e7\u00fck so\u011fuk \u015fi\u015feler satarlar, ancak \u015fi\u015fenin de\u011ferinden daha fazla harcama yapabilirsiniz. Bahreyn&#039;de uzun s\u00fcre kalmak istiyorsan\u0131z, yerel bir So\u011fuk D\u00fckkan&#039;\u0131n dairenize \u015fi\u015felenmi\u015f su getirmesini ayarlayabilir veya adadaki bir\u00e7ok i\u015fletmeden biri arac\u0131l\u0131\u011f\u0131yla su teslimat\u0131 i\u00e7in kaydolabilirsiniz. Bir\u00e7ok so\u011fuk d\u00fckkan (ve ayr\u0131ca belirli oteller) mallar\u0131n\u0131 (veya yemeklerini) otelinize veya dairenize \u00fccretsiz olarak getirecektir.<\/p>\n\n\n\n<h3 class=\"wp-block-heading\">COVID-19<\/h3>\n\n\n\n<p>Halka a\u00e7\u0131k alanlarda COVID-19 s\u0131n\u0131rlamas\u0131 yoktur ve ma\u011fazalar, bankalar ve restoranlar dahil t\u00fcm i\u015fletmeler her zamanki gibi faaliyet g\u00f6stermektedir. Maskeler hem i\u00e7 hem de d\u0131\u015f mekanlarda (sa\u011fl\u0131k tesisleri hari\u00e7) iste\u011fe ba\u011fl\u0131d\u0131r.<\/p>\n\n\n\n<p>Oteller ve \u00f6zel kiral\u0131k birimler dahil olmak \u00fczere konaklama ve tesislerin mevcudiyeti konusunda COVID-19 ile ilgili herhangi bir s\u0131n\u0131rlama yoktur.<\/p>\n\n\n\n<p>COVID-19 semptomlar\u0131 ya\u015fad\u0131\u011f\u0131n\u0131z\u0131 d\u00fc\u015f\u00fcn\u00fcyorsan\u0131z, 444 numaral\u0131 yerel yard\u0131m hatt\u0131n\u0131 aramal\u0131 ve yetkililerin tavsiyelerine uymal\u0131s\u0131n\u0131z. Bahreyn&#039;deki COVID-19 ile ilgili genel sorular\u0131n\u0131z i\u00e7in l\u00fctfen Sa\u011fl\u0131k Bakanl\u0131\u011f\u0131 ile covid19@moh.gov.bh adresinden ileti\u015fime ge\u00e7in. COVID-19 testi pozitif \u00e7\u0131kan ki\u015filer yetkililer taraf\u0131ndan &#039;BeAware&#039; uygulamas\u0131 arac\u0131l\u0131\u011f\u0131yla aranacak ve enfeksiyon tarihinden itibaren 7 g\u00fcn (tam a\u015f\u0131lanm\u0131\u015flarsa) veya 10 g\u00fcn (a\u015f\u0131lanmam\u0131\u015flarsa) boyunca evde veya otelde kendi kendilerini izole etmek zorunda kalacaklard\u0131r. \u00d6zel bir hastaneden negatif PCR sonucu al\u0131narak kendi kendini izole etme s\u00fcresi daha erken tamamlanabilir. Gerekti\u011finde COVID-19 tedavisi \u00fccretsiz olarak sa\u011flanacakt\u0131r.<\/p>","protected":false},"excerpt":{"rendered":"<p>Bahreyn&#039;de 2011&#039;de neredeyse i\u00e7 sava\u015f ya\u015fand\u0131, y\u00fczlerce \u00f6l\u00fc, y\u00fczlerce yaral\u0131 ve \u00f6nemli say\u0131da aktivist ve sa\u011fl\u0131k \u00e7al\u0131\u015fan\u0131 hapse at\u0131ld\u0131 ve i\u015fkence g\u00f6rd\u00fc. B\u00fcy\u00fck protestolar ac\u0131mas\u0131zca bast\u0131r\u0131lm\u0131\u015f olsa da, ortam hala de\u011fi\u015fken ve protestolar, isyanlar ve polis cinayetleri her an ger\u00e7ekle\u015febilir. Seyahat edenler \u00fclkenin kuzeybat\u0131 k\u0131rsal b\u00f6lgelerinden ve topluluklar\u0131ndan uzak durmal\u0131d\u0131r. B\u00fcy\u00fck protestolar her an ger\u00e7ekle\u015febilir ve zaman zaman \u015fiddetli olabilseler de, nadiren Bat\u0131 kar\u015f\u0131t\u0131d\u0131rlar. B\u00fcy\u00fck gruplar\u0131n topland\u0131\u011f\u0131 yerlerden ka\u00e7\u0131n\u0131n.<\/p>","protected":false},"author":1,"featured_media":35491,"parent":35335,"menu_order":0,"comment_status":"closed","ping_status":"closed","template":"elementor_theme","meta":{"_eb_attr":"","footnotes":""},"class_list":["post-35488","page","type-page","status-publish","has-post-thumbnail"],"_links":{"self":[{"href":"https:\/\/travelshelper.com\/tr\/wp-json\/wp\/v2\/pages\/35488","targetHints":{"allow":["GET"]}}],"collection":[{"href":"https:\/\/travelshelper.com\/tr\/wp-json\/wp\/v2\/pages"}],"about":[{"href":"https:\/\/travelshelper.com\/tr\/wp-json\/wp\/v2\/types\/page"}],"author":[{"embeddable":true,"href":"https:\/\/travelshelper.com\/tr\/wp-json\/wp\/v2\/users\/1"}],"replies":[{"embeddable":true,"href":"https:\/\/travelshelper.com\/tr\/wp-json\/wp\/v2\/comments?post=35488"}],"version-history":[{"count":0,"href":"https:\/\/travelshelper.com\/tr\/wp-json\/wp\/v2\/pages\/35488\/revisions"}],"up":[{"embeddable":true,"href":"https:\/\/travelshelper.com\/tr\/wp-json\/wp\/v2\/pages\/35335"}],"wp:featuredmedia":[{"embeddable":true,"href":"https:\/\/travelshelper.com\/tr\/wp-json\/wp\/v2\/media\/35491"}],"wp:attachment":[{"href":"https:\/\/travelshelper.com\/tr\/wp-json\/wp\/v2\/media?parent=35488"}],"curies":[{"name":"wp","href":"https:\/\/api.w.org\/{rel}","templated":true}]}}