{"id":35472,"date":"2024-11-30T22:59:50","date_gmt":"2024-11-30T22:59:50","guid":{"rendered":"https:\/\/travelshelper.com\/staging\/?page_id=35472"},"modified":"2026-03-11T02:07:26","modified_gmt":"2026-03-11T02:07:26","slug":"bahreynde-gelenekler-ve-gorenekler","status":"publish","type":"page","link":"https:\/\/travelshelper.com\/tr\/destinations\/asia\/bahrain\/traditions-customs-in-bahrain\/","title":{"rendered":"Bahreyn&#039;deki Gelenekler ve G\u00f6renekler"},"content":{"rendered":"<p>Bahreyn misafirperver bir ev sahibi \u00fclkedir, ancak k\u00fclt\u00fcrel gelenekleriniz ve dininiz konusunda her zaman sayg\u0131 ve nezaket g\u00f6stermelisiniz. Yerel Araplar\u0131n s\u0131k s\u0131k ziyaret etti\u011fi b\u00f6lgeleri ziyaret ederken \u015fort yerine uzun pantolon giymek tercih edilir ve bayanlar \u015feffaf elbiseler giymekten ka\u00e7\u0131nmal\u0131d\u0131r.<\/p>\n\n\n\n<p>Mayo, bikini ve \u015fortlar plaj kul\u00fcplerinde ve otellerde kabul edilebilir k\u0131yafetlerdir. Kamusal alanda, kar\u015f\u0131 cinsten bireylere sevgi belirtileri g\u00f6stermeyin. Kar\u015f\u0131 cinsten insanlar kamusal alanda \u00f6p\u00fc\u015ft\u00fckleri i\u00e7in tutuklanm\u0131\u015ft\u0131r ve sosyal olarak kabul edilemezdirler. Her zaman kavga etmekten ka\u00e7\u0131n\u0131n ve asla tart\u0131\u015fmaya girmeyin, \u00f6zellikle de yerel biriyle.<\/p>\n\n\n\n<p>Krall\u0131\u011f\u0131n resmi dini \u0130slam&#039;d\u0131r. N\u00fcfusun &#039;inden fazlas\u0131 bu dine inanmaktad\u0131r. Hristiyanlar, Budistler ve Hindular geri kalan k\u0131sm\u0131 olu\u015fturmaktad\u0131r. Sakinlerin k\u00fc\u00e7\u00fck bir k\u0131sm\u0131 herhangi bir dini ba\u011fl\u0131l\u0131k iddia etmemektedir. Kilise ve devlet ayr\u0131 de\u011fildir. Bu durumda \u015feriat (\u0130slam hukuku) ge\u00e7erlidir. Dini \u00f6zg\u00fcrl\u00fck kavram\u0131 Anayasa&#039;da yer almaktad\u0131r. Bu bir ger\u00e7ektir. Burada dini zul\u00fcm yoktur. \u00c7e\u015fitli dinlerin temsilcilerinin rit\u00fcellerini \u00f6zg\u00fcrce yerine getirmelerine ve bayramlar\u0131n\u0131 kutlamalar\u0131na izin verilmektedir.<\/p>\n\n\n\n<p>M\u00fcsl\u00fcman toplumu heterojendir. S\u00fcnni M\u00fcsl\u00fcmanlar Bedevileri atalar\u0131 olarak g\u00f6r\u00fcrler. \u015eiiler inan\u00e7lar\u0131na g\u00f6re Peygamber&#039;in soyundan gelirler. \u015eiilerin \u00e7o\u011funlu\u011fu Baharna etnik ve dini toplulu\u011funa aittir. Geleneksel ve dindard\u0131rlar. S\u00fcnniler ve \u015eiiler ayr\u0131 topluluklar kurarlar. Hukuki anla\u015fmazl\u0131klar\u0131 ayr\u0131 mahkeme otoriteleri taraf\u0131ndan \u00e7\u00f6z\u00fcl\u00fcr.<\/p>\n\n\n\n<p>Bahreyn&#039;de kad\u0131nlar\u0131n sosyal konumu Arap \u00fclkelerinin \u00e7o\u011fundan \u00fcst\u00fcnd\u00fcr. Burada kad\u0131nlar \u00e7al\u0131\u015fabilir. \u00dclkenin i\u015f g\u00fcc\u00fcn\u00fcn neredeyse \u00fc\u00e7te birini olu\u015ftururlar. E\u011fitim ve sa\u011fl\u0131k hizmetlerine eri\u015febilirler. Kad\u0131nlar\u0131n yakla\u015f\u0131k &#039;\u0131 \u00fcniversite derecesine sahiptir. \u0130\u015f d\u00fcnyas\u0131nda \u00e7ok say\u0131da kad\u0131n vard\u0131r. Kad\u0131nlar siyasette hala yeterince temsil edilmemektedir. H\u00fck\u00fcmet otoritesinde yer almamaktad\u0131rlar. Kad\u0131nlar\u0131n haklar\u0131n\u0131 ihlal eden resmi yasalar yoktur. Ancak d\u00fczenleme, kad\u0131nlar\u0131n y\u00fczlerini ve v\u00fccutlar\u0131n\u0131 \u00f6rtmelerini zorunlu k\u0131lan \u015eeriat yasalar\u0131yla \u00e7eli\u015fmektedir. \u00c7o\u011fu kad\u0131n y\u00fczlerini \u00f6rtmeyen bir \u00e7ar\u015faf giymektedir. Niqab, daha geleneksel ailelerden gelen kad\u0131nlar\u0131n y\u00fczlerini tamamen gizler. Yabanc\u0131 kad\u0131nlar yerliler taraf\u0131ndan ho\u015f g\u00f6r\u00fclmektedir. Ancak omuzlar\u0131n\u0131z\u0131 ve bacaklar\u0131n\u0131z\u0131 \u00f6rtmelisiniz. Ek olarak, yabanc\u0131 erkekler i\u00e7in de gereklilikler vard\u0131r. \u015eort ve spor k\u0131yafetleri giyerek kamusal alanda g\u00f6r\u00fcnmek yasakt\u0131r.<\/p>\n\n\n\n<p>Bu demokrasi, \u00e7ok say\u0131da yabanc\u0131y\u0131 \u00e7eken Bahreyn&#039;in h\u0131zla y\u00fckselen ekonomisinin sonucudur. Bahreyn, M\u00fcsl\u00fcman \u00fclkeler aras\u0131nda en \u00f6zg\u00fcr olan\u0131d\u0131r. Di\u011fer Arap \u00fclkelerinin sakinleri s\u0131k s\u0131k burada tatil yaparlar. \u00dclke alkol satar ve t\u00fcketir. Ramazan ay\u0131nda ahlaki standartlar daha s\u0131k\u0131 hale gelir. Bu d\u00f6nemde inananlar oru\u00e7 tutar. M\u00fcsl\u00fcmanlar\u0131n bu d\u00f6nem boyunca g\u00fcnd\u00fcz saatlerinde yemek yemeleri ve i\u00e7meleri yasakt\u0131r.<\/p>\n\n\n\n<p>Din, g\u00f6rg\u00fc kurallar\u0131na etki eder. Sol el, ki\u015fisel hijyen i\u00e7in kullan\u0131ld\u0131\u011f\u0131 i\u00e7in geleneksel olarak pis kabul edilir. Yiyecek ve paray\u0131 kabul etmek kabul edilebilir, ancak yaln\u0131zca sa\u011f elle. Bir eve veya camiye girerken ayakkab\u0131lar \u00e7\u0131kar\u0131lmal\u0131d\u0131r. Ayaklar\u0131n\u0131z\u0131 muhatab\u0131n\u0131za do\u011frultamazs\u0131n\u0131z, muhatab\u0131n\u0131z\u0131n g\u00f6zlerine dikkatle bakamazs\u0131n\u0131z, y\u00fcr\u00fcrken yemek yiyemezsiniz veya bir konu\u015fma s\u0131ras\u0131nda aktif olarak jest yapamazs\u0131n\u0131z.<\/p>\n\n\n\n<p>Aile, \u00fclkenin vatanda\u015flar\u0131 i\u00e7in \u00e7ok \u00f6nemlidir. Kad\u0131nlar \u00e7ok gen\u00e7 ya\u015fta, 14 ya\u015f\u0131nda evlenir. Erkekler 20 ila 22 ya\u015flar\u0131 aras\u0131nda evlenir. Gelinleri fidye kar\u015f\u0131l\u0131\u011f\u0131nda almak yayg\u0131n bir uygulamad\u0131r. \u00c7ok e\u015flilik \u015eeriat yasalar\u0131na g\u00f6re caizdir. Ancak her e\u015fin kendi rahat ikametgah\u0131 olmal\u0131d\u0131r. Ayr\u0131ca, ge\u00e7ici evlilikler (muta) vard\u0131r. Bunlar yaln\u0131zca \u015eii&#039;ler taraf\u0131ndan kabul edilir. B\u00f6yle bir evlili\u011fin sonunda kad\u0131na bir \u00f6d\u00fcl verilir. Resmen, bir kad\u0131n\u0131n haklar\u0131 s\u0131radan bir e\u015fin haklar\u0131na e\u015fde\u011ferdir. \u00c7ocuklar\u0131 da ayn\u0131 \u015fekilde me\u015fru kabul edilir. Bir mehir (kocas\u0131ndan hediye) almaya hak kazan\u0131r. Evlilik s\u00fcresi belirsiz say\u0131da uzat\u0131labilir. Bir kad\u0131n, ba\u015far\u0131s\u0131z bir evlilikten sonra yeniden evlenmeden \u00f6nce bir ara vermelidir. Bu ara, hamilelik olas\u0131l\u0131\u011f\u0131n\u0131 ortadan kald\u0131rmak i\u00e7in gereklidir. Bu d\u00f6rt ila yirmi haftal\u0131k ara s\u0131ras\u0131nda, koca kar\u0131s\u0131na yard\u0131m etmeye devam eder.<\/p>\n\n\n\n<p>\u00dclkenin 1971&#039;deki ba\u011f\u0131ms\u0131zl\u0131\u011f\u0131n\u0131n ard\u0131ndan Bahreyn&#039;in k\u00fclt\u00fcr\u00fc \u00f6nemli \u00f6l\u00e7\u00fcde geli\u015fmeye ba\u015flad\u0131. Geleneksel sanat\u0131n geli\u015fmesine ek olarak, modern sanat da b\u00fcy\u00fcyor. Empresyonizm, ekspresyonizm ve s\u00fcrrealizm pop\u00fclerlik kazan\u0131yor. Modern sanat\u0131n s\u0131k s\u0131k sergileri d\u00fczenleniyor. Bu ama\u00e7la bir\u00e7ok m\u00fcze ve galeri kullan\u0131l\u0131yor. Geleneksel Arap kaligrafisi, seramik, m\u00fccevher ve demircilik sanatlar\u0131 dikkat \u00e7ekicidir. Ayr\u0131ca 20. y\u00fczy\u0131l\u0131n sonunda h\u0131zla geli\u015fmeye ba\u015flayan edebiyatt\u0131. G\u00fc\u00e7l\u00fc Bat\u0131 etkisi bunun do\u011fas\u0131nda var. Bahreyn, di\u011fer \u0130slam \u00fclkelerinin aksine, eserlerini yay\u0131nlayan \u00e7ok say\u0131da kad\u0131n \u015faire sahiptir.<\/p>\n\n\n\n<p>Arap, Hint ve Fars m\u00fczi\u011fi Bahreyn&#039;in geleneksel m\u00fczi\u011fini etkilemi\u015ftir. En pop\u00fcler stiller Saut, Fijri ve Liwa&#039;d\u0131r. Bahreyn vatanda\u015flar\u0131 uzun zamand\u0131r inci madencili\u011fiyle u\u011fra\u015fmaktad\u0131r. \u0130nci dalg\u0131\u00e7lar\u0131 m\u00fczik de dahil olmak \u00fczere kendi k\u00fclt\u00fcrlerini geli\u015ftirmi\u015ftir. Fijri, inci dalg\u0131\u00e7lar\u0131n\u0131n m\u00fczi\u011fidir. K\u0131y\u0131 \u015fark\u0131lar\u0131 ve deniz \u015fark\u0131lar\u0131 oldu\u011funu belirtmek \u00f6nemlidir. Liwa, Afrika halk\u0131n\u0131n m\u00fczi\u011fidir. Saut olarak bilinen Arap m\u00fczi\u011fi ud, vurmal\u0131 \u00e7alg\u0131 ve rebab ile icra edilir. Modern m\u00fczik de mevcuttur. Rock m\u00fczik \u00e7alan gruplar vard\u0131r. Bahreyn&#039;de ayr\u0131ca kay\u0131t st\u00fcdyolar\u0131 vard\u0131r. Sinema yasad\u0131\u015f\u0131 de\u011fildir. Ancak yerel filmler neredeyse hi\u00e7 yap\u0131lmaz.<\/p>","protected":false},"excerpt":{"rendered":"<p>Bahreyn misafirperver bir ev sahibi \u00fclkedir, ancak k\u00fclt\u00fcrel gelenekleriniz ve dininiz konusunda her zaman sayg\u0131 ve nezaket g\u00f6stermelisiniz. Yerel Araplar\u0131n s\u0131k s\u0131k ziyaret etti\u011fi b\u00f6lgeleri ziyaret ederken \u015fort yerine uzun pantolon giymek tercih edilir ve bayanlar \u015feffaf elbiseler giymekten ka\u00e7\u0131nmal\u0131d\u0131r.<\/p>","protected":false},"author":1,"featured_media":35474,"parent":35335,"menu_order":0,"comment_status":"closed","ping_status":"closed","template":"elementor_theme","meta":{"_eb_attr":"","footnotes":""},"class_list":["post-35472","page","type-page","status-publish","has-post-thumbnail"],"_links":{"self":[{"href":"https:\/\/travelshelper.com\/tr\/wp-json\/wp\/v2\/pages\/35472","targetHints":{"allow":["GET"]}}],"collection":[{"href":"https:\/\/travelshelper.com\/tr\/wp-json\/wp\/v2\/pages"}],"about":[{"href":"https:\/\/travelshelper.com\/tr\/wp-json\/wp\/v2\/types\/page"}],"author":[{"embeddable":true,"href":"https:\/\/travelshelper.com\/tr\/wp-json\/wp\/v2\/users\/1"}],"replies":[{"embeddable":true,"href":"https:\/\/travelshelper.com\/tr\/wp-json\/wp\/v2\/comments?post=35472"}],"version-history":[{"count":0,"href":"https:\/\/travelshelper.com\/tr\/wp-json\/wp\/v2\/pages\/35472\/revisions"}],"up":[{"embeddable":true,"href":"https:\/\/travelshelper.com\/tr\/wp-json\/wp\/v2\/pages\/35335"}],"wp:featuredmedia":[{"embeddable":true,"href":"https:\/\/travelshelper.com\/tr\/wp-json\/wp\/v2\/media\/35474"}],"wp:attachment":[{"href":"https:\/\/travelshelper.com\/tr\/wp-json\/wp\/v2\/media?parent=35472"}],"curies":[{"name":"wp","href":"https:\/\/api.w.org\/{rel}","templated":true}]}}