{"id":35405,"date":"2024-11-30T21:18:48","date_gmt":"2024-11-30T21:18:48","guid":{"rendered":"https:\/\/travelshelper.com\/staging\/?page_id=35405"},"modified":"2026-03-11T02:08:23","modified_gmt":"2026-03-11T02:08:23","slug":"bahreynde-gorulecek-seyler","status":"publish","type":"page","link":"https:\/\/travelshelper.com\/tr\/destinations\/asia\/bahrain\/things-to-see-in-bahrain\/","title":{"rendered":"Bahreyn'de G\u00f6r\u00fclecek \u015eeyler"},"content":{"rendered":"<p>Bahreyn, binlerce y\u0131l \u00f6ncesine dayanan zengin bir tarihe sahip bir ada \u00fclkesidir ve k\u00fclt\u00fcrel geziler, e\u011flence ve dinlenmenin e\u015fsiz bir kar\u0131\u015f\u0131m\u0131n\u0131 sunar. B\u00f6lgede, ilk devlet M\u00d6 \u00fc\u00e7\u00fcnc\u00fc biny\u0131l kadar erken bir tarihte var olmu\u015ftur. Tarihin \u00e7e\u015fitli d\u00f6nemlerinde, topraklar Sasani krall\u0131\u011f\u0131na, Arap Halifeli\u011fine, Portekiz&#039;e ve \u0130ran&#039;a aitti. \u00dclke bir s\u00fcre \u0130ngiliz himayesinde kald\u0131. T\u00fcm bu tarihi a\u015famalar \u00fclkenin manzaras\u0131nda izlerini b\u0131rakm\u0131\u015ft\u0131r. Bu nedenle, burada \u00e7ok say\u0131da ilgi \u00e7ekici yer bulunmaktad\u0131r.<\/p>\n\n\n\n<p>\u00c7ok say\u0131da arkeolo\u011fa g\u00f6re, adalar bir zamanlar Dilmun devletine ev sahipli\u011fi yap\u0131yordu. S\u00fcmerler bunun medeniyetin k\u00f6keni oldu\u011funu d\u00fc\u015f\u00fcn\u00fcyorlard\u0131. Qal&#039;at al-Bahreyn, bu kadim k\u00fclt\u00fcr\u00fcn kal\u0131nt\u0131lar\u0131n\u0131n bulundu\u011fu yerdir. Bilim insanlar\u0131, Portekiz kalesi de dahil olmak \u00fczere \u00e7ok say\u0131da k\u00fclt\u00fcrel katman\u0131n alt\u0131nda g\u00f6m\u00fcl\u00fc yakla\u015f\u0131k 4.000 y\u0131ll\u0131k sokaklar, tap\u0131naklar, ma\u011fazalar ve saraylar ke\u015ffettiler. Kaz\u0131 bug\u00fcn devam ediyor. Bug\u00fcn, b\u00f6lgenin yakla\u015f\u0131k d\u00f6rtte biri eri\u015filebilir durumda. Tepenin \u00fczerinde Qal&#039;at al-Burtughal adl\u0131 bir Portekiz kalesi duruyor. On yedinci y\u00fczy\u0131la tarihleniyor. Tahkimat hala bozulmam\u0131\u015f durumda.<\/p>\n\n\n\n<p>Kuzeyde, Bronz \u00c7a\u011f\u0131 Umm Al Nar uygarl\u0131\u011f\u0131n\u0131n geni\u015f nekropollerini i\u00e7eren birka\u00e7 b\u00f6lge bulunmaktad\u0131r. Bunlar g\u00fcn\u00fcm\u00fcze kadar ayakta kalm\u0131\u015f en b\u00fcy\u00fck antik nekropollerdir. Ta\u015f mezarlar\u0131n \u00e7ap\u0131 4,5 ila 9 metre, y\u00fcksekli\u011fi ise 1-2 metredir. Mezarlarda \u00e7anak \u00e7\u00f6mlek, ta\u015f veya deniz kabu\u011fu m\u00fch\u00fcrleri, silahlar ve kemik eserler bulunmu\u015ftur. Bu mezarlar\u0131n y\u00fcz binden fazlas\u0131 Bahreyn topraklar\u0131nda bulunmaktad\u0131r. Manama Saar Tap\u0131na\u011f\u0131 ve biti\u015fik mezarlar ayn\u0131 tarihi d\u00f6neme aittir.<\/p>\n\n\n\n<p>Portekizliler ayr\u0131ca Abu Mahir Kalesi&#039;ni de in\u015fa ettiler. Bu, deniz ticaret rotas\u0131n\u0131 koruyan \u00e7ok say\u0131da tahkimattan biridir. Tahkimat k\u00f6t\u00fc durumdad\u0131r. Ancak m\u00fczeye kendi arazisinden eri\u015filebilir. Yap\u0131n\u0131n tarihine ek olarak, Bahreyn&#039;deki inci kaz\u0131c\u0131l\u0131\u011f\u0131n\u0131n tarihini de \u00f6\u011frenebilirsiniz.<\/p>\n\n\n\n<p>Genellikle Hayat A\u011fac\u0131 olarak bilinen \u015eeceret\u00fc&#039;l-Hayat, yakla\u015f\u0131k 400 y\u0131ll\u0131k bir a\u011fa\u00e7t\u0131r. \u00c7\u00f6lde ba\u011f\u0131ms\u0131z olarak b\u00fcy\u00fcmesi \u015fa\u015f\u0131rt\u0131c\u0131d\u0131r. \u00c7ok say\u0131da hikaye ve varsay\u0131m bu yeri kaplamaktad\u0131r. Cennet Bah\u00e7esi&#039;ndeki son a\u011fa\u00e7 olarak kabul edilir. Ayr\u0131ca, bir yeralt\u0131 nehrinin k\u00f6klerini besledi\u011fi varsay\u0131lmaktad\u0131r. A\u011fa\u00e7, Prosopis cineraria t\u00fcr\u00fcn\u00fcn Mimosa alt t\u00fcr\u00fcne aittir. Bu a\u011fa\u00e7lar \u00e7ok fazla su gerektirmeden 50 derece Fahrenheit&#039;e kadar s\u0131cakl\u0131klara dayanabilir. Tuzlu topraklarda da ya\u015fayabilir. K\u00f6kleri b\u00fcy\u00fck derinliklere (d\u00fczinelerce metre) ula\u015f\u0131r ve en k\u00fc\u00e7\u00fck miktarda suyu bile emebilir. Yapraklar\u0131 \u00e7evrelerinden nemi emer.<\/p>\n\n\n\n<p>Arad Kalesi, Muharrak Adas\u0131&#039;n\u0131 savunmak i\u00e7in 15. y\u00fczy\u0131lda in\u015fa edilmi\u015ftir. Arap tahkimatlar\u0131 tarz\u0131nda in\u015fa edilmi\u015ftir. Kale kare ve kompaktt\u0131r. D\u00f6rt k\u00f6\u015fesinde silindir \u015feklinde kuleler vard\u0131r. Kale, k\u0131y\u0131 savunmas\u0131 ve g\u00f6zlem i\u00e7in m\u00fckemmel bir \u015fekilde uygundur. Yak\u0131n zamanda, b\u00fcy\u00fck bir yeniden in\u015fa ger\u00e7ekle\u015ftirildi. Geceleri, tarihi tahkimat ayd\u0131nlat\u0131l\u0131r. Nefes kesici bir manzarad\u0131r. Riffa Kalesi 1812&#039;de in\u015fa edilmi\u015ftir. Bununla birlikte, baz\u0131 arkeologlar kurulu\u015funu on yedinci y\u00fczy\u0131la tarihlemektedir. Kale, \u015eeyh Salman bin Ahmed&#039;in eviydi. Orada bulunan di\u011fer h\u00fck\u00fcmet kurumlar\u0131 da vard\u0131. Bahreyn y\u00f6neticilerinden biri olan \u0130sa bin Ali El Halife, kalede do\u011fmu\u015ftur.<\/p>\n\n\n\n<p>\u0130sa bin Ali El Halife&#039;nin ikametgah\u0131, kraliyet ikametgah\u0131n\u0131n m\u00fckemmel bir \u00f6rne\u011fidir. Klasik Arap tarz\u0131nda in\u015fa edilmi\u015ftir. \u0130kametgahta bir so\u011futma sistemi bulunmaktad\u0131r. Bu, binaya so\u011fuk hava sa\u011flayan bir r\u00fczgar kulesidir. Kule k\u0131\u015f i\u00e7in kapat\u0131lm\u0131\u015ft\u0131r. Kemerler, ah\u015fap mobilyalar, kap\u0131lar, tavanlar ve vitray pencereler i\u00e7 mekanlar\u0131 s\u00fcsl\u00fcyor.<\/p>\n\n\n\n<p>El-Fatih Camii d\u00fcnyan\u0131n en b\u00fcy\u00fckleri aras\u0131ndad\u0131r. Ana kubbe fiberglastan yap\u0131lm\u0131\u015ft\u0131r. Ger\u00e7ek bir m\u00fchendislik \u015faheseridir. Yap\u0131 moderndir. 1987&#039;de in\u015fas\u0131 tamamlanm\u0131\u015ft\u0131r. Giri\u015f cuma g\u00fcnleri (M\u00fcsl\u00fcmanlar\u0131n kutsal g\u00fcn\u00fc) ve di\u011fer dini bayramlarda kapat\u0131l\u0131r. El-Hamis Camii \u00fclkenin en eski dini yap\u0131s\u0131d\u0131r. Tap\u0131na\u011f\u0131n temelinin ilk ta\u015f\u0131n\u0131n yedinci y\u00fczy\u0131lda yerle\u015ftirildi\u011fi d\u00fc\u015f\u00fcn\u00fclmektedir. Cami bir\u00e7ok kez yenilenmi\u015ftir. Bile\u015fenlerinin en eskisi on d\u00f6rd\u00fcnc\u00fc y\u00fczy\u0131la aittir. Mihrap olarak 12. y\u00fczy\u0131ldan kalma bir levha kullan\u0131lm\u0131\u015ft\u0131r (Mekke&#039;nin bulundu\u011fu y\u00f6n\u00fc g\u00f6steren bir ni\u015f).<\/p>\n\n\n\n<p>Little India, Bahreyn&#039;in ba\u015fkentinden \u00e7ok Delhi&#039;ye benzeyen Manama&#039;daki bir mahalledir. Krishna Tap\u0131na\u011f\u0131 buradad\u0131r. \u0130ki y\u00fcz y\u0131ldan daha eskidir. Hint a\u011fac\u0131ndan yap\u0131lm\u0131\u015f \u00e7ok say\u0131da antika ah\u015fap ev, hediyelik e\u015fya d\u00fckkanlar\u0131 ve kafeler vard\u0131r. Al-Bahar&#039;daki mini kanyonlar do\u011fal bir cazibe merkezidir. \u00c7ok say\u0131da ku\u015f i\u00e7in k\u0131\u015f ya\u015fam alan\u0131 sa\u011flayan \u015fa\u015f\u0131rt\u0131c\u0131 \u015fekilde \u015fekillendirilmi\u015f alt\u0131n rengi kaya olu\u015fumlar\u0131.<\/p>\n\n\n\n<p>Wahooo, Orta Do\u011fu&#039;nun en yenilik\u00e7i ve \u00e7a\u011fda\u015f su parklar\u0131ndan biridir. 15.000 metrekareyi a\u015fan bir b\u00fcy\u00fckl\u00fc\u011fe sahiptir. Oyunlar, gezintiler, kayd\u0131raklar ve havuzlar kullanan su park\u0131 milyonlarca insan\u0131 kendine \u00e7ekmektedir. Su park\u0131n\u0131n tasar\u0131m tarz\u0131 &#034;subtropikal cennet&#034;tir. Merkezinde demirlemi\u015f bir yelkenli vard\u0131r. Bu, her ya\u015ftan insan i\u00e7in harika bir konumdur. Parkta a\u00e7\u0131k hava ve kapal\u0131 alan etkinlikleri vard\u0131r. Bu, hava ko\u015fullar\u0131ndan ba\u011f\u0131ms\u0131z olarak keyifli bir ziyaret sa\u011flar. Ayr\u0131ca, su park\u0131n\u0131n \u015fehrin merkezinde yer almas\u0131 nedeniyle konuklar \u00e7ok say\u0131da ma\u011fazada dola\u015fabileceklerdir. Al\u0131\u015fveri\u015fe veya b\u00f6lgesel yemekler sunan bir restoranda yemek yemeye birka\u00e7 saat ay\u0131rma f\u0131rsat\u0131n\u0131z olacak.<\/p>\n\n\n\n<p>Asya Ku\u015f Krall\u0131\u011f\u0131 tek ba\u015f\u0131na y\u00f6netilen bir ya\u015fam alan\u0131d\u0131r. D\u00fcnyan\u0131n d\u00f6rt bir yan\u0131ndan yetmi\u015ften fazla ku\u015f t\u00fcr\u00fc burada ya\u015famaktad\u0131r. Burada 500 \u00e7al\u0131\u015fan bulunmaktad\u0131r. Bu t\u00fcrlerden baz\u0131lar\u0131 tehdit alt\u0131ndad\u0131r. Korunmalar\u0131na yard\u0131mc\u0131 olmak i\u00e7in Asya Ku\u015f Krall\u0131\u011f\u0131&#039;nda esaret alt\u0131nda dikkatlice \u00fcretilir ve yeti\u015ftirilirler. Ortam sadece t\u00fcm aileyi b\u00fcy\u00fclemek ve e\u011flendirmek i\u00e7in de\u011fil, ayn\u0131 zamanda gen\u00e7lere ve ebeveynlerine e\u011fitici bir \u00f6\u011frenme t\u00fcr\u00fc sa\u011flamak i\u00e7in de geli\u015ftirilmi\u015ftir. Bu labirentlerde dola\u015f\u0131rken, turistler g\u00fczel foto\u011fraflar \u00e7ekebilecek ve harika duygular deneyimleyebilecekler.<\/p>\n\n\n\n<h2 class=\"wp-block-heading\">Bahreyn&#039;deki kaleler<\/h2>\n\n\n\n<h3 class=\"wp-block-heading\">Arad Kalesi<\/h3>\n\n\n\n<p><em>Arad Kalesi, Yol No 4233, Arad, Bahreyn<\/em><\/p>\n\n\n\n<p>Arad Kalesi, 15. y\u00fczy\u0131l\u0131n sonundan 16. y\u00fczy\u0131l\u0131n ba\u015f\u0131na kadar Umman askeri in\u015fas\u0131n\u0131n ba\u015fl\u0131ca \u00f6rne\u011fidir. Bu kale y\u00fczy\u0131llar boyunca Bahreyn&#039;in ya\u011fmac\u0131lara kar\u015f\u0131 savunmas\u0131nda \u00f6nemli bir rol oynam\u0131\u015ft\u0131r, ancak ne zaman in\u015fa edildi\u011fi belirsizdir. 1980&#039;lerde tamamen orijinal malzemeler kullan\u0131larak restore edilen kale, geceleri \u00e7ekici bir \u015fekilde ayd\u0131nlat\u0131l\u0131r ve periyodik \u015fenlikler d\u00fczenler.<\/p>\n\n\n\n<h3 class=\"wp-block-heading\">Bahreyn Kalesi ve M\u00fczesi<\/h3>\n\n\n\n<p><em>Seef B\u00f6lgesi Karbabad, Ba\u015fkent Valili\u011fi<\/em><\/p>\n\n\n\n<p>Seef&#039;te bulunan ve eskiden Portekiz Liman\u0131 olarak bilinen Bahreyn Kalesi veya &#034;Qal&#039;at al-Bahrain&#034; 180.000 fit kare b\u00fcy\u00fckl\u00fc\u011f\u00fcndedir. M\u00d6 2300&#039;den 16. y\u00fczy\u0131la kadar kalede yerle\u015fim olmu\u015ftur. Kale, Dilmun medeniyetinin ba\u015fkentinde yer al\u0131yordu ve Qal&#039;at al-Burtughal&#039;dan sonra adland\u0131r\u0131lm\u0131\u015ft\u0131r.<\/p>\n\n\n\n<p>Kalenin kaz\u0131lan alan\u0131, konut, kamu, ticari, dini ve askeri i\u015flevlere hizmet etti\u011fini ortaya koyuyor. Arkeolojik kaz\u0131lar, Dilmun Damga m\u00fch\u00fcrleri, bal\u0131k\u00e7\u0131l\u0131k ekipmanlar\u0131 ve Umman ve Mezopotamya&#039;dan gelen pi\u015firme ve yiyecek ta\u015f\u0131ma kaplar\u0131 da dahil olmak \u00fczere \u00e7e\u015fitli ara\u00e7lar ve eserler ortaya \u00e7\u0131kard\u0131. Bahreyn&#039;deki \u00fc\u00e7 UNESCO D\u00fcnya Miras\u0131 Alan\u0131ndan biri olan Bahreyn Kalesi, Bahreyn&#039;in k\u00f6kl\u00fc tarihini onurland\u0131ran etkileyici bir yap\u0131d\u0131r.<\/p>\n\n\n\n<h3 class=\"wp-block-heading\">\u015eeyh Salman Bin Ahmed El Fetih Kalesi<\/h3>\n\n\n\n<p><em>\u015eeyh Salman Bin Ahmed El Fetih Kalesi, Yol No 368, Riffa<\/em><\/p>\n\n\n\n<p>Riffa&#039;daki konumu nedeniyle \u015eeyh Salman bin Ahmed Al-Fateh Kalesi, Riffa Kalesi olarak da bilinir. Bu tarihi alan, Bahreyn tarihinin en \u00f6nemli anlar\u0131ndan birine tan\u0131kl\u0131k eder; Bahreyn&#039;in h\u00fck\u00fcm s\u00fcren ailesi olan Al Khalifas, muhte\u015fem mimarisinin i\u00e7inde an\u0131l\u0131r.<\/p>\n\n\n\n<p>Aile a\u011fac\u0131n\u0131, ki\u015fisel e\u015fyalar\u0131n\u0131 ve en sevdi\u011fi e\u011flenceleri i\u00e7eren \u00f6zenle se\u00e7ilmi\u015f sergiler arac\u0131l\u0131\u011f\u0131yla Al Khalifa ailesi hakk\u0131nda bilgi edinin. Ayr\u0131ca, kalede manzaral\u0131 Al-Haniniya Vadisi&#039;ne bakan Saffron Caf\u00e9 bulunmaktad\u0131r.<\/p>\n\n\n\n<h2 class=\"wp-block-heading\">Bahreyn&#039;deki M\u00fczeler<\/h2>\n\n\n\n<h3 class=\"wp-block-heading\">Bahreyn Ulusal M\u00fczesi<\/h3>\n\n\n\n<p>15 Aral\u0131k 1988&#039;de Bahreyn Ulusal M\u00fczesi, merhum Emir HH \u015eeyh \u0130sa Bin Salman El-Halife taraf\u0131ndan a\u00e7\u0131ld\u0131. K\u00f6rfez b\u00f6lgesindeki t\u00fcr\u00fcn\u00fcn en prestijli m\u00fczelerinden biri olarak kabul edildi. Bahreyn Ulusal M\u00fczesi \u015fu anda adan\u0131n en \u00f6nemli k\u00fclt\u00fcrel simgelerinden biridir.<\/p>\n\n\n\n<p>Krohn ve Hartvig Rasmussen taraf\u0131ndan tasarlanan ve tasarlanan ola\u011fan\u00fcst\u00fc bina, beyaz traverten mermer d\u0131\u015f cepheye sahiptir ve Muharraq adas\u0131na bakan yapay bir yar\u0131mada \u00fczerinde stratejik bir konuma sahiptir. M\u00fcze kompleksi, yakla\u015f\u0131k 20.000 metrekare toplam taban alan\u0131na sahip iki ba\u011flant\u0131l\u0131 binadan olu\u015fmaktad\u0131r. Ana yap\u0131, kal\u0131c\u0131 sergileme alan\u0131, ge\u00e7ici sergi salonlar\u0131, bir sanat galerisi, bir konferans salonu, bir kafe ve bir hediyelik e\u015fya d\u00fckkan\u0131n\u0131 i\u00e7erir. \u0130dari bina, idari ofisleri, k\u00fcrat\u00f6rl\u00fck ara\u015ft\u0131rma odalar\u0131n\u0131, koruma laboratuvarlar\u0131n\u0131, sergileme in\u015faat\u0131n\u0131 ve koleksiyon depolama alanlar\u0131n\u0131 bar\u0131nd\u0131r\u0131r.<\/p>\n\n\n\n<p>Bahreyn&#039;in 6.000 y\u0131ll\u0131k tarihi m\u00fczede korunmaktad\u0131r. Mezar Salonlar\u0131, Dilmun, Tylos ve \u0130slam, Gelenekler ve G\u00f6renekler, Geleneksel Ticaret ve El Sanatlar\u0131 ve Belgeler ve El Yazmalar\u0131 Bahreyn&#039;in tarihini canland\u0131r\u0131r. B\u00fcy\u00fck fuaye, zemin ve birinci katlarda bulunan ve zemin ve birinci katlarda bulunan sergi odalar\u0131na giri\u015f sa\u011flar. Fuaye, do\u011fal \u0131\u015f\u0131k huzmeleriyle vurgulanan devasa bir dramatik aland\u0131r ve &#034;K\u00fclt\u00fcre Yat\u0131r\u0131m&#034; sergisine ev sahipli\u011fi yapar.<\/p>\n\n\n\n<h2 class=\"wp-block-heading\">Bahreyn&#039;deki camiler<\/h2>\n\n\n\n<h3 class=\"wp-block-heading\">El Fetih Ulu Camii<\/h3>\n\n\n\n<p><em>Al Fateh Ulu Camii, Awal Caddesi K\u00f6\u015fesi Al Fatih Otoyolu<\/em><\/p>\n\n\n\n<p>Al Fateh B\u00fcy\u00fck Camii, Bahreyn&#039;in en b\u00fcy\u00fck camisi ve d\u00fcnyan\u0131n en b\u00fcy\u00fck camilerinden biridir. 1987&#039;de merhum \u015eeyh \u0130sa bin Salman Al Khalifa&#039;n\u0131n sponsorlu\u011funda in\u015fa edilmi\u015f ve Ahmed Al Fateh ismi verilmi\u015ftir. Cami, 7.000&#039;e kadar ibadet edeni a\u011f\u0131rlayabilir ve d\u00fcnyan\u0131n en b\u00fcy\u00fck fiberglas kubbesiyle kapl\u0131d\u0131r. Duvarlar\u0131, Kufi hat sanat\u0131yla zarif bir \u015fekilde s\u00fcslenmi\u015ftir.<\/p>\n\n\n\n<h3 class=\"wp-block-heading\">El-Hamis Camii<\/h3>\n\n\n\n<p><em>Bilad Al Qadim, \u015eeyh Salman Yolu<\/em><\/p>\n\n\n\n<p>MS 692 y\u0131l\u0131nda in\u015fa edilen El-Hamis Camii, Arap d\u00fcnyas\u0131n\u0131n en eski camilerinden biridir. 14. ve 15. y\u00fczy\u0131llarda yeniden in\u015fa edilen cami, 11. y\u00fczy\u0131la dayanmaktad\u0131r.<\/p>\n\n\n\n<p>Tarihi \u0130slami yap\u0131ya onar\u0131m\u0131 s\u0131ras\u0131nda ayn\u0131 ikiz minareler eklenmi\u015f, b\u00f6ylece yap\u0131 hemen tan\u0131nabilir hale getirilmi\u015ftir.<\/p>\n\n\n\n<h3 class=\"wp-block-heading\">Beyt\u00fcl-Kur&#039;an<\/h3>\n\n\n\n<p><em>Bina No.17, Yol No.1901, Diplomatik B\u00f6lge, Manama.<\/em><\/p>\n\n\n\n<p>Bu prestijli m\u00fcze, Arap\u00e7a yaz\u0131larla s\u00fcslenmi\u015f bir binada yedinci y\u00fczy\u0131la kadar uzanan b\u00fcy\u00fck bir Kuran el yazmas\u0131 ve kutsal yaz\u0131 koleksiyonuna ev sahipli\u011fi yapmaktad\u0131r. Kendileri sanat eseri olan bir\u00e7ok Kuran kopyas\u0131 vard\u0131r. Baz\u0131 k\u00fc\u00e7\u00fck kopyalar avuca s\u0131\u011facak kadar k\u00fc\u00e7\u00fckt\u00fcr ve hatta pirin\u00e7 tanelerine Kuran ifadeleri kaz\u0131nm\u0131\u015ft\u0131r. \u00d6nemli tarihi koleksiyonuna ek olarak, Bait al Quran sergi alan\u0131 s\u0131kl\u0131kla \u00e7e\u015fitli sanat sergilerine, k\u00fc\u00e7\u00fck bir camiye, se\u00e7kin bir k\u00fct\u00fcphaneye ve \u0130slami e\u011fitim i\u00e7in bir \u00f6\u011frenme ortam\u0131na ev sahipli\u011fi yapmaktad\u0131r.<\/p>\n\n\n\n<h2 class=\"wp-block-heading\">Bahreyn&#039;deki Parklar<\/h2>\n\n\n\n<p>Bahreyn, k\u00fcresel topluluk i\u00e7in yeni bir deneyimdir. &#034;Z\u0131tl\u0131klar \u00fclkesi&#034; ifadesi a\u015f\u0131r\u0131 kullan\u0131lm\u0131\u015f olabilir. Ancak gezginler \u00fclkeyi okyanuslar\u0131n ortas\u0131ndaki tek bir inci olarak g\u00f6r\u00fcyor. Son teknolojiyle dolu iyi ayarlanm\u0131\u015f otomobillerden daha \u00e7ok deve yar\u0131\u015f\u0131na ev sahipli\u011fi yapan kasvetli bir ay ortam\u0131na kar\u015f\u0131, muhte\u015fem manzara tasar\u0131m\u0131 mimari bir g\u00fc\u00e7t\u00fcr. \u00dclke 700 kilometrekare b\u00fcy\u00fckl\u00fc\u011f\u00fcndedir. Yakla\u015f\u0131k 161 kilometrelik bir k\u0131y\u0131 \u015feridi vard\u0131r. En b\u00fcy\u00fck adalar aras\u0131nda Muharraq, Sitrah, Umm a Nasan ve Hawar Grubu bulunur.<\/p>\n\n\n\n<p>Bahreyn, n\u00fcfusun \u00e7e\u015fitlili\u011fi ve ho\u015fg\u00f6r\u00fcs\u00fcnden de anla\u015f\u0131laca\u011f\u0131 \u00fczere s\u0131kl\u0131kla &#034;Basra K\u00f6rfezi&#039;ne A\u00e7\u0131lan Kap\u0131&#034; olarak an\u0131l\u0131r. Buradaki resmi dil Arap\u00e7ad\u0131r. Ancak, \u0130ngilizce i\u015f d\u00fcnyas\u0131nda s\u0131kl\u0131kla kullan\u0131l\u0131r ve okullarda zorunludur. Bahreyn&#039;de ya\u015fayan \u00e7ok say\u0131da gurbet\u00e7i nedeniyle, Fars\u00e7a ve Urduca gibi di\u011fer diller hem geleneksel hem de modern pazarlarda konu\u015fulur. Jeologlar 1932&#039;de petrol ke\u015ffettiler. Bu, Basra K\u00f6rfezi&#039;nin Arap taraf\u0131nda ilk kez &#034;kara alt\u0131n&#034; ke\u015ffedildi\u011fi zamand\u0131.<\/p>\n\n\n\n<p>Bir zamanlar, bu k\u00fc\u00e7\u00fck ada yemye\u015fil, verimli, yemye\u015fil bir s\u0131\u011f\u0131nakt\u0131. \u00dclkenin temeli, bir\u00e7o\u011fu bitki \u00fcr\u00fcnleri ve tar\u0131msal uzmanl\u0131\u011f\u0131yla \u00fcnl\u00fc eski Dilmun medeniyetinin yerinde hala var olan kaynak zenginli\u011fiydi. Bir\u00e7ok nesil boyunca kentle\u015fme ve arazi \u0131slah\u0131, \u00fclkenin giderek Basra K\u00f6rfezi kom\u015fular\u0131na benzemesine neden oldu: kurak, tar\u0131msal \u00fcr\u00fcnlerin \u00e7o\u011funun \u00fcretimi i\u00e7in uygunsuz.<\/p>\n\n\n\n<p>Prens Halife Bin Salman Park\u0131 muhte\u015femdir. Arazisinde bir g\u00f6l, patikalar, restoranlar, ticari merkezler, \u00f6zel dinlenme alanlar\u0131 ve bol miktarda bitki \u00f6rt\u00fcs\u00fc bulunmaktad\u0131r. 80 bin metrekarelik bu park yakla\u015f\u0131k alt\u0131 milyon dinar maliyetle yarat\u0131lm\u0131\u015ft\u0131r. Bahreyn&#039;in en b\u00fcy\u00fck parklar\u0131ndan biridir. Parkta ayr\u0131ca paten, pedal bot ve bisiklet kiralayabilirsiniz. Tesis b\u00fcnyesindeki olanaklar aras\u0131nda oyun alan\u0131, gezintiler ve hava hokeyi bulunan bir oyun odas\u0131 bulunmaktad\u0131r. 360 derece g\u00f6l manzaras\u0131na sahip kuledeki Chai &amp; Chapati veya Koffiatto restoran\u0131nda yemek yiyebilirsiniz.<\/p>\n\n\n\n<p>Bahreyn&#039;in yazlar\u0131 \u00f6zellikle s\u0131cakt\u0131r. K\u0131\u015f s\u0131cakl\u0131klar\u0131 nadiren 17 santigrat derecenin alt\u0131na d\u00fc\u015fer. Burada s\u0131k s\u0131k ya\u011fmur ya\u011fmaz. \u00c7o\u011funlukla k\u0131\u015f\u0131n ya\u011far. Bu b\u00f6lgede \u00e7ok az verimli toprak vard\u0131r. Arazinin sadece %8&#039;i tar\u0131msal ama\u00e7lar i\u00e7in kullan\u0131l\u0131r. Burada ayr\u0131ca bir tatl\u0131 su sorunu da vard\u0131r. Adalar\u0131n bitki \u00f6rt\u00fcs\u00fc ve yaban hayat\u0131 \u00f6zellikle zengin de\u011fildir. 195 bitki t\u00fcr\u00fc, 17 memeli t\u00fcr\u00fc, 14 s\u00fcr\u00fcngen t\u00fcr\u00fc ve tek bir amfibi t\u00fcr\u00fc vard\u0131r. Burada bir\u00e7ok g\u00f6\u00e7men ku\u015f k\u0131\u015f\u0131 ge\u00e7irir. Baz\u0131 ku\u015f t\u00fcrleri adalarda yuva yapar. \u00c7ok say\u0131da Bahreyn bitki t\u00fcr\u00fc \u00e7\u00f6l ve tuzlu topraklara iyi uyum sa\u011flam\u0131\u015ft\u0131r. Muazzam derinliklerden su \u00e7ekebilir ve atmosferdeki nemi emebilirler. Adalarda birka\u00e7 b\u00fcy\u00fck hayvan ya\u015far. Bunlar aras\u0131nda kum ceylan\u0131 vard\u0131r. Burada ayr\u0131ca kum kestaneleri, Arap tav\u015fanlar\u0131 ve Hint mangustlar\u0131 da bulunur. \u00c7\u00f6ller \u00e7e\u015fitli yarasa t\u00fcrlerine ev sahipli\u011fi yapar.<\/p>\n\n\n\n<p>Bahreyn, \u00e7evre koruma konusunda endi\u015fe duyan birka\u00e7 Basra K\u00f6rfezi \u00fclkesinden biridir. Al Areen Yaban Hayat\u0131 Park\u0131, b\u00f6lgenin e\u015fsiz biyolojik \u00e7e\u015fitlili\u011fini korumak i\u00e7in 1976 y\u0131l\u0131nda kurulmu\u015ftur. Bahreyn&#039;in yerel bitki ve hayvanlar\u0131na ek olarak, Afrika ve Asya&#039;n\u0131n faunas\u0131n\u0131n temsilcileri de bulunmaktad\u0131r. Parkta 100.000&#039;den fazla bitki t\u00fcr\u00fc, 45 hayvan t\u00fcr\u00fc ve 82 ku\u015f t\u00fcr\u00fc bulunmaktad\u0131r. \u00c7ok say\u0131da t\u00fcr tehlike alt\u0131ndad\u0131r. Bu listeye Arap Antilobu, G\u00fcney Afrika \u00e7itas\u0131, bozk\u0131r monit\u00f6r kertenkelesi, \u0130ran ceylan\u0131, ceylan ve Afrika yaban k\u00f6pe\u011fi dahildir. Park\u0131n politikas\u0131, e\u015fsiz t\u00fcrlerin korunmas\u0131n\u0131, nesli t\u00fckenmekte olan hayvan pop\u00fclasyonlar\u0131n\u0131n rekreasyonunu ve hayvanlar\u0131n esaret alt\u0131nda yeti\u015ftirilmesini \u00f6nceliklendirmektedir. Park\u0131n bir k\u0131sm\u0131 halka a\u00e7\u0131kt\u0131r. Her y\u0131l yakla\u015f\u0131k 200.000 ziyaret\u00e7i almaktad\u0131r. Rekreasyon alan\u0131 halka kapal\u0131d\u0131r. Veterinerler, park personeli ve \u00e7e\u015fitli profesyoneller taraf\u0131ndan ziyaret edilmektedir.<\/p>\n\n\n\n<p>Tubli Koyu, \u00fclkenin do\u011fu kesiminde Bahreyn ve Sitrah adalar\u0131 aras\u0131nda yer al\u0131r. Nabih Saleh Adas\u0131 burada bulunur. K\u00f6rfez, bol miktarda deniz ya\u015fam\u0131 ve ku\u015f pop\u00fclasyonuyla \u00fcnl\u00fcd\u00fcr. Kenarlar\u0131 mangrovlarla kapl\u0131d\u0131r. K\u00f6rfez, \u00e7ok say\u0131da bal\u0131k ve karides t\u00fcr\u00fc i\u00e7in yumurtlama alan\u0131 sa\u011flar. Birka\u00e7 ku\u015f t\u00fcr\u00fc burada k\u0131\u015flar. Kirlilik ve zararl\u0131 end\u00fcstri sonu\u00e7lar\u0131 nedeniyle, rezervin miktar\u0131 \u00f6nemli \u00f6l\u00e7\u00fcde azald\u0131. Ancak 1997&#039;den beri b\u00f6lgenin kendine \u00f6zg\u00fc ekosistemini korumak i\u00e7in \u00e7aba sarf edilmektedir.<\/p>\n\n\n\n<p>Basra K\u00f6rfezi&#039;nde Hawar Tak\u0131madalar\u0131 bulunur. Adalar neredeyse tamamen bo\u015falt\u0131lm\u0131\u015ft\u0131r. Bedevi kabilesi bir zamanlar bu b\u00f6lgede ya\u015fard\u0131. Ancak bug\u00fcn k\u00f6yleri terk edilmi\u015ftir. Adalarda sadece polis karakolu ve otel kalm\u0131\u015ft\u0131r. Belirli bir bal\u0131k\u00e7\u0131l\u0131k lisans\u0131 gereklidir. Adalar bir\u00e7ok ku\u015f t\u00fcr\u00fcne ev sahipli\u011fi yapmaktad\u0131r. Burada nadir bir karabatak t\u00fcr\u00fc \u00fcrer. Adalarda altm\u0131\u015ftan fazla g\u00f6\u00e7men ku\u015f t\u00fcr\u00fc k\u0131\u015f\u0131 ge\u00e7irir. Bu ku\u015flar ilkbaharda \u00fcreme alanlar\u0131na g\u00f6\u00e7 eder. Yuvalayan ku\u015flar yuvalar\u0131na geri d\u00f6ner. Burada Arap Antilobu ve \u00e7\u00f6l ceylan\u0131 gibi benzersiz yarat\u0131klar bulunur. Adalar\u0131n yak\u0131n\u0131nda \u00f6nemli bir dugong kolonisi suda ya\u015famaktad\u0131r. 1997&#039;den beri b\u00f6lge devlet korumas\u0131 alt\u0131ndad\u0131r.<\/p>\n\n\n\n<p>Arab K\u00f6rfezi bir koruma alan\u0131d\u0131r. Yak\u0131n zamanda Arad \u015fehrinin yak\u0131nlar\u0131ndaki Muharrak adas\u0131nda kurulmu\u015ftur. Amac\u0131 b\u00f6lgenin e\u015fsiz deniz ekosistemini korumakt\u0131r. Genellikle yunuslar ve domuz bal\u0131klar\u0131 Bahreyn yak\u0131nlar\u0131ndaki sularda ya\u015far. Burada balinalar ve katil balinalarla kar\u015f\u0131la\u015fma olas\u0131l\u0131\u011f\u0131n\u0131z daha d\u00fc\u015f\u00fckt\u00fcr. Dugonglar (deniz inekleri) k\u0131y\u0131 b\u00f6lgelerinde s\u0131kl\u0131kla g\u00f6r\u00fcl\u00fcr. Bunlar en tuhaf deniz memelileridir. Basra K\u00f6rfezi sular\u0131nda yakla\u015f\u0131k 700 t\u00fcr bal\u0131k vard\u0131r. Bunlar\u0131n y\u00fczde 80&#039;inden fazlas\u0131 resiflerde, \u00f6zellikle mercanlarda ya\u015far. Arap K\u00f6rfezi&#039;nde otuz t\u00fcr k\u00f6pek bal\u0131\u011f\u0131 vard\u0131r. 16&#039;s\u0131 nesli t\u00fckenme tehlikesi alt\u0131nda kabul edilir. Bahreyn sular\u0131nda her yerden daha fazla inci istiridyesi ke\u015ffedilir. Bu nedenle inci madencili\u011fi bu b\u00f6lgede \u00e7ok yerle\u015fiktir.<\/p>\n\n\n\n<p>Umm a Nasan adas\u0131 Tac&#039;a aittir. B\u00f6lge s\u0131radan insanlara kapal\u0131d\u0131r. Adada k\u00fc\u00e7\u00fck bir vida boynuzlu ke\u00e7i pop\u00fclasyonu vard\u0131r. Bat\u0131 k\u0131y\u0131s\u0131nda k\u00fc\u00e7\u00fck bir topluluk yer almaktad\u0131r. Burada \u00e7ok say\u0131da g\u00f6\u00e7ebe aile ya\u015famaktad\u0131r. Adan\u0131n yerle\u015fik geyik ve ceylanlar\u0131na bakarlar. Son y\u0131llarda, end\u00fcstriyel birimlerin ve tuzdan ar\u0131nd\u0131rma tesislerinin i\u015fletilmesi k\u0131y\u0131 a\u00e7\u0131klar\u0131ndaki deniz canl\u0131lar\u0131 \u00fczerinde \u00f6nemli bir olumsuz etki yaratm\u0131\u015ft\u0131r. H\u00fck\u00fcmet, Adalar\u0131n ve k\u0131y\u0131 su yollar\u0131n\u0131n kendine \u00f6zg\u00fc do\u011fas\u0131n\u0131 korumak i\u00e7in ad\u0131mlar atmaktad\u0131r.<\/p>","protected":false},"excerpt":{"rendered":"<p>Bahreyn, binlerce y\u0131l \u00f6ncesine dayanan zengin bir tarihe sahip bir ada \u00fclkesidir ve k\u00fclt\u00fcrel geziler, e\u011flence ve dinlenmenin e\u015fsiz bir kar\u0131\u015f\u0131m\u0131n\u0131 sunar. B\u00f6lgede, ilk devlet M\u00d6 \u00fc\u00e7\u00fcnc\u00fc biny\u0131l kadar erken bir tarihte var olmu\u015ftur. Tarihin \u00e7e\u015fitli d\u00f6nemlerinde, topraklar Sasani krall\u0131\u011f\u0131na, Arap Halifeli\u011fine, Portekiz&#039;e ve \u0130ran&#039;a aitti. \u00dclke bir s\u00fcre \u0130ngiliz himayesinde kald\u0131. T\u00fcm bu tarihi a\u015famalar \u00fclkenin manzaras\u0131nda izlerini b\u0131rakm\u0131\u015ft\u0131r. Bu nedenle, burada \u00e7ok say\u0131da ilgi \u00e7ekici yer bulunmaktad\u0131r.<\/p>","protected":false},"author":1,"featured_media":35408,"parent":35335,"menu_order":0,"comment_status":"closed","ping_status":"closed","template":"elementor_theme","meta":{"_eb_attr":"","footnotes":""},"class_list":["post-35405","page","type-page","status-publish","has-post-thumbnail"],"_links":{"self":[{"href":"https:\/\/travelshelper.com\/tr\/wp-json\/wp\/v2\/pages\/35405","targetHints":{"allow":["GET"]}}],"collection":[{"href":"https:\/\/travelshelper.com\/tr\/wp-json\/wp\/v2\/pages"}],"about":[{"href":"https:\/\/travelshelper.com\/tr\/wp-json\/wp\/v2\/types\/page"}],"author":[{"embeddable":true,"href":"https:\/\/travelshelper.com\/tr\/wp-json\/wp\/v2\/users\/1"}],"replies":[{"embeddable":true,"href":"https:\/\/travelshelper.com\/tr\/wp-json\/wp\/v2\/comments?post=35405"}],"version-history":[{"count":0,"href":"https:\/\/travelshelper.com\/tr\/wp-json\/wp\/v2\/pages\/35405\/revisions"}],"up":[{"embeddable":true,"href":"https:\/\/travelshelper.com\/tr\/wp-json\/wp\/v2\/pages\/35335"}],"wp:featuredmedia":[{"embeddable":true,"href":"https:\/\/travelshelper.com\/tr\/wp-json\/wp\/v2\/media\/35408"}],"wp:attachment":[{"href":"https:\/\/travelshelper.com\/tr\/wp-json\/wp\/v2\/media?parent=35405"}],"curies":[{"name":"wp","href":"https:\/\/api.w.org\/{rel}","templated":true}]}}