{"id":17417,"date":"2024-09-26T13:27:29","date_gmt":"2024-09-26T13:27:29","guid":{"rendered":"https:\/\/travelshelper.com\/staging\/?page_id=17417"},"modified":"2026-03-13T23:34:55","modified_gmt":"2026-03-13T23:34:55","slug":"aziz-pedro-sulari","status":"publish","type":"page","link":"https:\/\/travelshelper.com\/tr\/destinations\/south-america\/brazil\/aguas-de-sao-pedro\/","title":{"rendered":"Aziz Pedro Sular\u0131"},"content":{"rendered":"<p>Sadece 3,61 kilometrekarelik bir alana yay\u0131lm\u0131\u015f olmas\u0131na ra\u011fmen (bu da onu Brezilya&#039;n\u0131n alan bak\u0131m\u0131ndan ikinci en k\u00fc\u00e7\u00fck belediyesi yap\u0131yor) \u00c1guas de S\u00e3o Pedro, s\u0131n\u0131rlar\u0131n\u0131n ima etti\u011finden \u00e7ok daha b\u00fcy\u00fck bir yerin a\u011f\u0131rl\u0131\u011f\u0131n\u0131 ta\u015f\u0131yor. S\u00e3o Paulo \u015fehrinin yakla\u015f\u0131k 184 kilometre kuzeybat\u0131s\u0131ndaki engebeli Itaqueri S\u0131rt\u0131&#039;na s\u0131k\u0131\u015fm\u0131\u015f olan bu yer, sanki tepeler ve kaynaklar hem do\u011faya hem de insan ihtiya\u00e7lar\u0131na g\u00f6re ayarlanm\u0131\u015f bir toplulu\u011fu \u015fekillendirmek i\u00e7in bir araya gelmi\u015f gibi, ayn\u0131 anda hem samimi hem de eksiksiz hissettiriyor. 2020&#039;de sadece 3.521 sakini kaydedilen bu k\u00fc\u00e7\u00fck yerle\u015fim, termal sular, yemye\u015fil parklar ve dikkatli planlaman\u0131n do\u011furdu\u011fu sessiz bir g\u00fcvenle tan\u0131mlanan bir hayatla nab\u0131z at\u0131yor.<\/p>\n<p>\u201c\u00c1guas de S\u00e3o Pedro\u201d\u2014kelimenin tam anlam\u0131yla, \u201cAziz Petrus Sular\u0131\u201d\u2014do\u011frudan kasaban\u0131n \u00f6z\u00fcne hitap ediyor. Burada, her \u00e7e\u015fme, hamam ve kamusal meydan kutsal ile d\u00fcnyevi aras\u0131ndaki ba\u011fa i\u015faret ediyor gibi g\u00f6r\u00fcn\u00fcyor. Geleneksel olarak cennetin anahtarlar\u0131n\u0131n bek\u00e7isi olan Aziz Petrus, hem fiziksel rahatlamay\u0131 hem de i\u00e7sel huzuru a\u00e7\u0131\u011fa \u00e7\u0131kard\u0131\u011f\u0131 d\u00fc\u015f\u00fcn\u00fclen sulara ad\u0131n\u0131 veriyor. Yine de ba\u015fl\u0131k, kasaban\u0131n, 1940&#039;larda planl\u0131 bir topluluk olarak ayr\u0131lmadan \u00f6nce bu kaynaklar\u0131 talep eden daha b\u00fcy\u00fck kom\u015fusu S\u00e3o Pedro belediyesiyle yak\u0131n akrabal\u0131\u011f\u0131na da i\u015faret ediyor.<\/p>\n<p>Tupi-Guaran\u00ed dilinden \u00f6d\u00fcn\u00e7 al\u0131nan ve &#034;yatan ta\u015f&#034; anlam\u0131na gelen &#034;Itaqueri&#034; ismi, \u00c1guas de S\u00e3o Pedro&#039;yu be\u015fi\u011finde tutan tepelerin yava\u015f ve sab\u0131rl\u0131 bir \u015fekilde \u015fekillendirilmesini \u00e7a\u011fr\u0131\u015ft\u0131r\u0131yor. Her taraf\u0131 S\u00e3o Pedro ile \u00e7evrili olan bu yerle\u015fim b\u00f6lgesi hem korunakl\u0131 hem de tekil hissettiriyor; Brezilya&#039;daki yaln\u0131zca d\u00f6rt belediye b\u00f6lgesinden biri. D\u00f6rt mahallesi -kuzeydo\u011fuda Jardim Jerubia\u00e7aba, do\u011fuda Jardim Iporanga, merkezde Centro ve g\u00fcneyde Jardim Porangaba- sadakat, nehirler ve geni\u015f manzaralar \u00e7a\u011fr\u0131\u015ft\u0131ran Tupi-Guaran\u00ed isimleri ta\u015f\u0131yor. G\u00f6lgeli bir yerle\u015fim caddesinden, yak\u0131ndaki \u00e7e\u015fmelerin sessizli\u011finin \u00f6\u011fle vaktini bile yumu\u015fak bir odakta tuttu\u011fu, beklenmedik a\u00e7\u0131k Centro meydan\u0131na ad\u0131m atabilirsiniz.<\/p>\n<p>Y\u0131ll\u0131k ortalama 22,4 \u00b0C (72,3 \u00b0F) olan buradaki hava, tomurcuklar\u0131 ve g\u00f6\u00e7men ku\u015flar\u0131 d\u0131\u015far\u0131 \u00e7\u0131karmak i\u00e7in yeterli s\u0131cakl\u0131\u011f\u0131 tutarken, yaz\u0131n par\u0131lt\u0131s\u0131nda asla \u00e7ok uzun s\u00fcre kalmaz. B\u00fcy\u00fck yeniden ormanla\u015ft\u0131r\u0131lm\u0131\u015f alanlar, insan ayak izini yerel bitki \u00f6rt\u00fcs\u00fcne ba\u011flayan bilin\u00e7li bir se\u00e7im olarak kasaban\u0131n i\u00e7inden ge\u00e7er. Bu ye\u015fil arterler iki ana parka ve kompakt bir belediye bah\u00e7esine \u00e7\u0131kar; her biri yerel halk\u0131n y\u00fcr\u00fcy\u00fc\u015f yapt\u0131\u011f\u0131, ko\u015ftu\u011fu veya yaprak \u00e7\u00f6plerinin aras\u0131nda ko\u015fan coatileri izlemek i\u00e7in arkalar\u0131na yasland\u0131\u011f\u0131 birer nefes alma alan\u0131d\u0131r.<\/p>\n<p>Dr. Octavio Moura Andrade Park\u0131&#039;nda, bir milyondan fazla metrekarelik alan, toplamda 6,5 \u200b\u200bkilometreye uzanan on alt\u0131 i\u015faretli patikaya a\u00e7\u0131l\u0131yor. Rotalar boyunca, yakla\u015f\u0131k 250 ku\u015f t\u00fcr\u00fc bromeliadlar ve e\u011frelti otlar\u0131 aras\u0131nda u\u00e7u\u015fuyor; sesleri hafta sonu y\u00fcr\u00fcy\u00fc\u015f\u00e7\u00fcleri i\u00e7in bir fon m\u00fczi\u011fi olu\u015fturuyor. \u00c7al\u0131l\u0131klar ara s\u0131ra, al\u00e7ak dallar\u0131n karma\u015fas\u0131 alt\u0131nda geri \u00e7ekilmeden \u00f6nce ziyaret\u00e7ileri s\u00fczen bir coatinin temkinli bak\u0131\u015flar\u0131n\u0131 ortaya \u00e7\u0131karmak i\u00e7in a\u00e7\u0131l\u0131yor. \u015eehrin kar\u015f\u0131 ucunda, Parque das \u00c1guas &#034;Jos\u00e9 Benedito Zani&#034;, aktiviteyi 6.400 metrekareye s\u0131k\u0131\u015ft\u0131r\u0131yor, enerjiyle u\u011fuldayan bir kaykay rampas\u0131, \u00e7evresini \u00e7izen ah\u015fap bir bisiklet yolu ve ya\u015fl\u0131 sakinlerin a\u00e7\u0131k hava spor seans\u0131ndan sonra topland\u0131klar\u0131 banklar sunuyor.<\/p>\n<p>\u00c1guas de S\u00e3o Pedro&#039;yu her gezginin haritas\u0131na koyan \u015fey, k\u00fck\u00fcrtl\u00fc, mineral a\u00e7\u0131s\u0131ndan zengin, derinliklerinde \u00fcrk\u00fct\u00fcc\u00fc olan sudur. S\u00e3o Paulo eyaleti, b\u00f6lgedeki yaln\u0131zca on birinden biri olan hidromineral spa olarak resmi stat\u00fc vermi\u015f ve kaynaklar\u0131n\u0131n tedavi edici \u00fcn\u00fcn\u00fc takdir etmi\u015ftir. \u00dc\u00e7 kuyu derin kuyulardan su \u00e7ekmektedir:<\/p>\n<ul>\n<li>Fonte Juventude, 348,59 metre a\u015fa\u011f\u0131dan y\u00fckselerek d\u00fcnyan\u0131n en k\u00fck\u00fcrtl\u00fc ikinci suyunu ak\u0131t\u0131yor ve Amerika&#039;daki en g\u00fc\u00e7l\u00fc su olma iddias\u0131nda bulunuyor. Ziyaret\u00e7iler, cilt bak\u0131mlar\u0131 ve g\u00f6zenekler boyunca hafif bir parlakl\u0131k b\u0131rakan s\u0131cak su banyolar\u0131 i\u00e7in koyu, yumurta kokulu sular\u0131na yaslan\u0131yor.<\/li>\n<li>Sodyum s\u00fclfat ile tan\u0131mlanan Fonte Gioconda, sindirim sorunlar\u0131 ya\u015fayanlara hitap ediyor; tad\u0131 hafif tuzluluk ve dilde kar\u0131ncalanma hissi uyand\u0131ran bir miktar demir i\u00e7eriyor.<\/li>\n<li>Fonte Almeida Salles, ad\u0131n\u0131 20. y\u00fczy\u0131l\u0131n ba\u015flar\u0131nda sodyum bikarbonat i\u00e7erdi\u011fini fark eden ve bunu karaci\u011fer ve mide rahats\u0131zl\u0131klar\u0131 i\u00e7in re\u00e7ete eden tarih\u00e7i Dr. Salles&#039;den almaktad\u0131r.<\/li>\n<\/ul>\n<p>Uzun tatillerde, 30.000&#039;e kadar insan bu sokaklarda dola\u015f\u0131yor -yerle\u015fimci say\u0131s\u0131n\u0131n neredeyse on kat\u0131- rutin hafta sonlar\u0131 n\u00fcfusun d\u00f6rt kat\u0131na \u00e7\u0131kt\u0131\u011f\u0131n\u0131 g\u00f6rebiliyoruz. \u00d6zellikle karnaval, yerel d\u00fckkanlara, restoranlara ve hamamlara milyonlarca real d\u00f6k\u00fcyor.<\/p>\n<p>Bahsedilecek tar\u0131msal bir hinterland olmadan, \u00c1guas de S\u00e3o Pedro hizmet odakl\u0131 bir ekonomiye g\u00fcveniyor. 2016&#039;da GSY\u0130H&#039;si 132.616.500 R$&#039;a ula\u015ft\u0131 ve bu da ki\u015fi ba\u015f\u0131na d\u00fc\u015fen sa\u011fl\u0131kl\u0131 bir rakam olan 41.378,02 R$&#039;a denk geliyor. A\u011fa\u00e7lar\u0131n g\u00f6lgeledi\u011fi caddelerde oteller s\u0131ralan\u0131yor; kafeler eski d\u00fcnya pastelaria tarz\u0131nda siyah kahve ve guava pastalar\u0131 sat\u0131yor. K\u00fc\u00e7\u00fck butikler ah\u015fap oymalar, \u015fi\u015felenmi\u015f kaynak suyu ve okalipt\u00fcs veya lavanta kokulu el yap\u0131m\u0131 sabunlar sat\u0131yor. Her i\u015flemde, refah\u0131n toprak s\u00f6m\u00fcr\u00fcs\u00fcnden de\u011fil, nadir bir kayna\u011f\u0131n idaresinden kaynakland\u0131\u011f\u0131 hissi var.<\/p>\n<p>K\u00fc\u00e7\u00fck \u00f6l\u00e7e\u011fine ra\u011fmen -veya belki de bu y\u00fczden- \u00c1guas de S\u00e3o Pedro, 0,854&#039;l\u00fck bir \u0130nsani Geli\u015fim Endeksi iddia ediyor ve bu da onu hem eyalette hem de \u00fclkede ikinci s\u0131raya koyuyor. Klinikler dakik bir verimlilikle \u00e7al\u0131\u015f\u0131yor; okullar sedir ve jakaranda a\u011fa\u00e7lar\u0131n\u0131n alt\u0131nda a\u00e7\u0131k hava derslerini te\u015fvik ediyor. Sokaklar, alacakaranl\u0131kta e\u011filen dans\u00e7\u0131lar gibi k\u0131vr\u0131lan lamba direkleriyle ayd\u0131nlat\u0131larak hafif\u00e7e yoku\u015f yukar\u0131 do\u011fru uzan\u0131yor. Sabah\u0131n erken saatlerinde, kap\u0131lar a\u00e7\u0131lmadan \u00f6nce belediye f\u0131r\u0131n\u0131n\u0131n \u00f6n\u00fcnde genellikle bir s\u0131ra olu\u015fuyor ve yerliler parkta vah\u015fi ya\u015fam g\u00f6zlemleriyle ilgili haberler payla\u015f\u0131yor.<\/p>\n<p>Burada zaman geni\u015fliyor gibi g\u00f6r\u00fcn\u00fcyor. K\u00fck\u00fcrt kokulu bir banyodan sonra \u00f6\u011fle g\u00fcne\u015fi daha yumu\u015fak hissediliyor. Jardim Jerubia\u00e7aba&#039;dan Centro&#039;ya basit bir y\u00fcr\u00fcy\u00fc\u015f, belediye bah\u00e7esinde bir mola gerektiriyor; burada palmiyeler ve orkidelerin sessizli\u011fi ge\u00e7en arabalar\u0131 bast\u0131r\u0131yor. En aceleci ziyaret\u00e7i bile kasaban\u0131n kas\u0131tl\u0131 temposuna ayak uydurarak kendini yava\u015flarken buluyor.<\/p>\n<p>\u00d6z\u00fcnde, \u00c1guas de S\u00e3o Pedro bir vaade dayan\u0131r: bir yerin geli\u015fmesi i\u00e7in yay\u0131lmas\u0131 gerekmez. Bir zamanlar planl\u0131 bir \u015fehrin k\u0131v\u0131lc\u0131m\u0131 olan termal kaynaklar\u0131, art\u0131k do\u011fa ve \u015fehir hayat\u0131, yerel ihtiya\u00e7lar ve turist d\u00fcrt\u00fcleri aras\u0131nda devam eden bir denge deneyini s\u00fcrd\u00fcr\u00fcyor. Sessiz anlarda, g\u00f6lgeli bir yolda s\u00fcr\u00fcklenen ya\u015fl\u0131 bir \u00e7ifti, kald\u0131r\u0131mlar\u0131n temiz oldu\u011fu ve ilk spa pavyonlar\u0131n\u0131n in\u015fa edildi\u011fi zamanlar\u0131 hat\u0131rlayarak yakalayabilirsiniz. Ya da gen\u00e7 bir rehberin, \u015fifal\u0131 su ak\u0131nt\u0131lar\u0131n\u0131n kabartma olarak oydu\u011fu bu tepelere Aziz Petrus&#039;un ziyaretinin efsanesini payla\u015ft\u0131\u011f\u0131n\u0131 duyabilirsiniz.<\/p>\n<p>Bu t\u00fcr k\u0131sa \u00f6yk\u00fclerde, belediye kendini yaln\u0131zca bir haritadaki bir nokta olarak de\u011fil, an\u0131lar ve rutinler koleksiyonu olarak ortaya koyar. Bir termal havuzdan y\u00fckselen buhar\u0131n t\u0131slamas\u0131nda, e\u011frelti otlar\u0131yla kapl\u0131 bir patikada kanat \u00e7\u0131rpmas\u0131nda, bir sabah kafesinde fincanlar\u0131n \u00f6l\u00e7\u00fcl\u00fc \u015f\u0131ng\u0131rt\u0131s\u0131nda\u2014buradaki ya\u015fam\u0131n daha b\u00fcy\u00fck melodisini olu\u015fturan ince notalardad\u0131r. Ve e\u011fer \u00f6tedeki d\u00fcnya giderek daha huzursuz ve engin g\u00f6r\u00fcn\u00fcyorsa, \u00c1guas de S\u00e3o Pedro, k\u00fc\u00e7\u00fckl\u00fc\u011f\u00fcyle, zenginli\u011fin boyutta veya g\u00fcr\u00fclt\u00fcde de\u011fil, ya\u015fam\u0131n derinli\u011finde yatt\u0131\u011f\u0131n\u0131 hat\u0131rlat\u0131r.<\/p>","protected":false},"excerpt":{"rendered":"<p>Although small, the little municipality of \u00c1guas de S\u00e3o Pedro in S\u00e3o Paulo state, Brazil, deserves appreciation. Just 3.61 square kilometers, it is the second-smallest municipality in Brazil by area. The urban enclave claimed 3,521 residents as of 2020. Notwithstanding its small population, \u00c1guas de S\u00e3o Pedro has developed a reputation for great quality of living, a rich historical history, and a booming tourism industry based on its famous thermal springs.<\/p>","protected":false},"author":1,"featured_media":17515,"parent":7508,"menu_order":0,"comment_status":"closed","ping_status":"closed","template":"elementor_theme","meta":{"_eb_attr":"","footnotes":""},"class_list":["post-17417","page","type-page","status-publish","has-post-thumbnail"],"_links":{"self":[{"href":"https:\/\/travelshelper.com\/tr\/wp-json\/wp\/v2\/pages\/17417","targetHints":{"allow":["GET"]}}],"collection":[{"href":"https:\/\/travelshelper.com\/tr\/wp-json\/wp\/v2\/pages"}],"about":[{"href":"https:\/\/travelshelper.com\/tr\/wp-json\/wp\/v2\/types\/page"}],"author":[{"embeddable":true,"href":"https:\/\/travelshelper.com\/tr\/wp-json\/wp\/v2\/users\/1"}],"replies":[{"embeddable":true,"href":"https:\/\/travelshelper.com\/tr\/wp-json\/wp\/v2\/comments?post=17417"}],"version-history":[{"count":0,"href":"https:\/\/travelshelper.com\/tr\/wp-json\/wp\/v2\/pages\/17417\/revisions"}],"up":[{"embeddable":true,"href":"https:\/\/travelshelper.com\/tr\/wp-json\/wp\/v2\/pages\/7508"}],"wp:featuredmedia":[{"embeddable":true,"href":"https:\/\/travelshelper.com\/tr\/wp-json\/wp\/v2\/media\/17515"}],"wp:attachment":[{"href":"https:\/\/travelshelper.com\/tr\/wp-json\/wp\/v2\/media?parent=17417"}],"curies":[{"name":"wp","href":"https:\/\/api.w.org\/{rel}","templated":true}]}}