{"id":17324,"date":"2024-09-26T09:19:57","date_gmt":"2024-09-26T09:19:57","guid":{"rendered":"https:\/\/travelshelper.com\/staging\/?page_id=17324"},"modified":"2026-03-12T23:46:40","modified_gmt":"2026-03-12T23:46:40","slug":"bad-ragaz","status":"publish","type":"page","link":"https:\/\/travelshelper.com\/tr\/destinations\/europe\/switzerland\/bad-ragaz\/","title":{"rendered":"Bad Ragaz"},"content":{"rendered":"<p>Bad Ragaz, \u0130svi\u00e7re&#039;nin St. Gallen kantonunun g\u00fcneydo\u011fu k\u00f6\u015fesindeki Tamina Ge\u00e7idi&#039;nin sonundaki dar bir vadi taban\u0131n\u0131 kaplar. 25,4 kilometrekarelik bir alan\u0131 kaplayan belediye, 31 Aral\u0131k 2020 itibar\u0131yla 6.467 n\u00fcfusa sahiptir ve bunlar\u0131n d\u00f6rtte birinden biraz fazlas\u0131 \u0130svi\u00e7re vatanda\u015f\u0131 de\u011fildir. Hem Almanya ve \u0130talya&#039;y\u0131 birbirine ba\u011flayan kuzey-g\u00fcney ana yolunun hem de Graub\u00fcnden Alpleri&#039;nin alt\u0131ndan ge\u00e7en do\u011fu-bat\u0131 koridorunun \u00fczerinde konumlanan Bad Ragaz, Orta \u00c7a\u011f&#039;dan beri bir ge\u00e7i\u015f ve dinlenme merkezi olarak \u00f6nemini korumu\u015ftur.<\/p>\n<p>Belediyenin arazisi, neredeyse e\u015fit tar\u0131msal ve orman \u00f6rt\u00fcs\u00fc k\u0131s\u0131mlar\u0131na ayr\u0131lm\u0131\u015ft\u0131r. Arazinin yakla\u015f\u0131k y\u00fczde k\u0131rk be\u015fi ekili tarlalara ve meralara ayr\u0131lm\u0131\u015fken, y\u00fczde otuz be\u015fin biraz alt\u0131nda ormanla kapl\u0131d\u0131r. Yollar ve binalardan olu\u015fan yerle\u015fik b\u00f6lgeler, toplam\u0131n y\u00fczde onundan daha az\u0131n\u0131 kaplar ve geri kalan\u0131 h\u0131zl\u0131 akan akarsular ve di\u011fer \u00fcretken olmayan y\u00fczeylerle kapl\u0131d\u0131r. Bu mekansal d\u00fczenleme, hem b\u00f6lgenin tar\u0131msal miras\u0131n\u0131 hem de ormanl\u0131k yama\u00e7lar ve \u00e7ay\u0131rlar aras\u0131nda bir s\u0131\u011f\u0131nak olarak kal\u0131c\u0131 cazibesini destekler.<\/p>\n<p>Bad Ragaz, Sargans Bezirk&#039;indeki Sarganserland Wahlkreis&#039;in bir par\u00e7as\u0131d\u0131r. Tamina ve Ren vadilerinin birle\u015fti\u011fi noktadan sadece birka\u00e7 kilometre uzakta yer al\u0131r ve Chur-Rorschach hatt\u0131nda, kuzeye Sargans&#039;a ve g\u00fcneye Chur&#039;a d\u00fczenli b\u00f6lgesel hizmetlerle demir yolu ba\u011flant\u0131lar\u0131ndan yararlan\u0131r. \u015eehrin d\u0131\u015f\u0131ndaki m\u00fctevaz\u0131 bir havaalan\u0131 \u00f6zel havac\u0131l\u0131k ve plan\u00f6r merakl\u0131lar\u0131na hizmet verirken, yak\u0131nlardaki Wartenstein&#039;a giden eski f\u00fcnik\u00fcler t\u0131rman\u0131\u015f\u0131 -1892&#039;den 1964&#039;e kadar faaliyetteydi- Alp m\u00fchendisli\u011finin bir ba\u015far\u0131s\u0131 olarak kolektif haf\u0131zada yer eder. Kara yolu eri\u015fimi, 19. y\u00fczy\u0131lda Pf\u00e4fers&#039;a ilk ba\u011flant\u0131 ve daha yak\u0131n zamanda Bad Ragaz&#039;\u0131n Graub\u00fcnden&#039;e ana giri\u015f kap\u0131s\u0131 rol\u00fcn\u00fc sa\u011flamla\u015ft\u0131ran Heidiland otoyol istasyonu ile daha da iyile\u015ftirildi.<\/p>\n<p>Belgesel kan\u0131tlar ilk olarak yerle\u015fimin bilindi\u011fi ad\u0131yla Ragaces&#039;i 843 y\u0131l\u0131 civar\u0131nda g\u00f6sterir. Sonraki y\u00fczy\u0131llarda k\u00f6y, k\u00f6kenleri erken orta\u00e7a\u011f manast\u0131r temeline dayanan Benedictine Pf\u00e4fers Manast\u0131r\u0131&#039;n\u0131n etkisi alt\u0131nda kald\u0131. Manast\u0131r\u0131n Statthalter&#039;\u0131, idari merkez olarak hizmet veren ve yerle\u015fimin hem dini karakol hem de k\u0131rsal merkez olarak i\u015flevini g\u00fc\u00e7lendiren bir malikane kompleksi olan Hof Ragaz&#039;da ikamet etti. Manast\u0131r\u0131n arazi m\u00fclkiyeti ve su haklar\u0131 konusundaki ayr\u0131cal\u0131klar\u0131, toplulu\u011fun evrimini on dokuzuncu y\u00fczy\u0131l\u0131n ortalar\u0131na kadar \u015fekillendirdi.<\/p>\n<p>Yerel y\u0131ll\u0131klarda bir sava\u015f olay\u0131 \u00f6nemli bir yer tutar: Ragaz Muharebesi olarak bilinen ve 6 Mart 1446&#039;da Eski Z\u00fcrih Sava\u015f\u0131 s\u0131ras\u0131nda yap\u0131lan \u00e7at\u0131\u015fma. Z\u00fcrih kantonundan gelen kuvvetler, Toggenburg miras\u0131n\u0131n tart\u0131\u015f\u0131lmas\u0131 konusunda di\u011fer yedi Konfederasyonlunun ittifak\u0131yla kar\u015f\u0131 kar\u015f\u0131ya geldi. \u00c7at\u0131\u015fman\u0131n kendisi karars\u0131z olsa da, Ragaz&#039;\u0131n ovalar\u0131nda ger\u00e7ekle\u015fmesi, k\u00f6y\u00fcn kuzey ve g\u00fcney b\u00f6lgeleri aras\u0131ndaki rota \u00fczerindeki stratejik \u00f6nemini peki\u015ftirdi.<\/p>\n<p>S\u0131k\u0131nt\u0131lar yang\u0131nlar ve su bask\u0131nlar\u0131 \u015feklinde tekrarland\u0131. 1750, 1762 ve 1868&#039;deki \u00f6nemli seller, toplulu\u011fun dayan\u0131kl\u0131l\u0131\u011f\u0131n\u0131 test ederken, ard\u0131\u015f\u0131k yang\u0131nlar kapsaml\u0131 bir yeniden yap\u0131lanmaya yol a\u00e7t\u0131. Ancak bu aksilikler Ragaz&#039;\u0131n y\u00f6r\u00fcngesini durdurmak i\u00e7in pek bir \u015fey yapmad\u0131; aksine, on dokuzuncu y\u00fczy\u0131lda artan bir ivmeyle ortaya \u00e7\u0131kacak bir d\u00f6n\u00fc\u015f\u00fcm\u00fcn habercisiydi.<\/p>\n<p>Bu d\u00f6n\u00fc\u015f\u00fcm, Tamina Ge\u00e7idi&#039;nin kalbinden \u00e7\u0131kan termal su kayna\u011f\u0131na dayan\u0131yordu. Pf\u00e4fers&#039;in manast\u0131r toplulu\u011fu taraf\u0131ndan uzun zamand\u0131r bilinen mineralli sular, on sekizinci y\u00fczy\u0131l\u0131n son on y\u0131llar\u0131na kadar yaln\u0131zca m\u00fctevaz\u0131 bir ilgi g\u00f6rd\u00fc. Mart 1838&#039;de Papa Gregory XVI&#039;nin kararnamesiyle Manast\u0131r&#039;\u0131n laikle\u015ftirilmesinin ve ard\u0131ndan ayn\u0131 y\u0131l\u0131n Kas\u0131m ay\u0131nda m\u00fclklerinin St. Gallen kantonu taraf\u0131ndan al\u0131nmas\u0131n\u0131n ard\u0131ndan, kapl\u0131calar kamu y\u00f6netimine girdi. M\u00fchendisler 36,5 \u00b0C&#039;lik sular\u0131 Hof Ragaz&#039;a y\u00f6nlendirdiler ve Bad Pf\u00e4fers&#039;e giden bir araba yolu in\u015fa edilmesi, hidroterapi turizminin bir d\u00f6nemini ba\u015flatt\u0131.<\/p>\n<p>1868&#039;de giri\u015fimci Bernhard Simon of Niederurnen eski manast\u0131r alan\u0131n\u0131 sat\u0131n alarak bir otel ve misafirhane in\u015faat\u0131 dalgas\u0131n\u0131 harekete ge\u00e7irdi. Yerle\u015fimin y\u00f6nelimi kesin bir \u015fekilde spa m\u00fc\u015fterilerine do\u011fru kayd\u0131 ve Avrupa&#039;n\u0131n d\u00f6rt bir yan\u0131ndan ziyaret\u00e7ileri \u00e7ekti. Rus ve di\u011fer k\u0131ta aristokrasileri yeni in\u015fa edilen tesislerde konaklama al\u0131rken, restoran i\u015fletmecileri, \u015fekerlemeciler ve hizmet sekt\u00f6r\u00fc destekleyici bir a\u011f kurdu. 1911&#039;de Ragaz-Pf\u00e4fers Bath and Spa Company tesislerin denetimini \u00fcstlendi ve g\u00fcn\u00fcm\u00fcze kadar devam eden ticari ve operasyonel \u00e7er\u00e7eveyi resmile\u015ftirdi.<\/p>\n<p>Bu geli\u015fmelerin ortas\u0131nda, Freudenberg Kalesi olarak bilinen orta\u00e7a\u011f kalesi\u2014on \u00fc\u00e7\u00fcnc\u00fc y\u00fczy\u0131l\u0131n ilk yar\u0131s\u0131na tarihlenen\u2014k\u00f6y\u00fcn \u00fczerindeki ormanl\u0131k bir burunda pitoresk bir harabeye d\u00f6n\u00fc\u015ft\u00fc. Y\u0131k\u0131lan kuleleri ve par\u00e7alanm\u0131\u015f perde duvarlar\u0131, modern e\u011flence k\u00fclt\u00fcr\u00fcyle yer de\u011fi\u015ftiren feodal otoritenin bir simgesi olarak duruyor. Ziyaret\u00e7iler, b\u00f6lgenin katmanl\u0131 tarihine sessiz bir tan\u0131kl\u0131k olarak vadi yollar\u0131ndan kal\u0131nt\u0131lar\u0131 g\u00f6rebilirler.<\/p>\n<p>Ragaz&#039;\u0131n k\u00fclt\u00fcrel yank\u0131s\u0131, spa gelene\u011finin \u00f6tesine uzan\u0131r. 1880 civar\u0131nda romanc\u0131 Johanna Spyri, k\u00f6y\u00fcn eteklerinde gen\u00e7 bir Alp \u00e7ocu\u011fu olan Heidi&#039;nin \u00f6yk\u00fcs\u00fcn\u00fc yazd\u0131; \u00e7a\u011fr\u0131\u015f\u0131ml\u0131 ortam, daha sonra d\u00fcnya \u00e7ap\u0131nda okuyucular\u0131 b\u00fcy\u00fcleyen pastoral sahneleri \u015fekillendirdi. Yirminci y\u00fczy\u0131l\u0131n ba\u015flar\u0131nda Rainer Maria Rilke&#039;nin Duineser Elegien&#039;inin b\u00f6l\u00fcmlerini -en \u00f6nemlisi &#034;Hiersein ist herrlich&#034; dizesiyle ba\u015flayan yedinci a\u011f\u0131t- Ragaz&#039;da veya yak\u0131n\u0131nda kal\u0131rken yazd\u0131\u011f\u0131 s\u00f6ylenir. Bu t\u00fcr \u00e7a\u011fr\u0131\u015f\u0131mlar, hem yaln\u0131zl\u0131k hem de ilham arayan edebi fig\u00fcrler i\u00e7in bu yerin \u00e7ekicili\u011fini vurgular.<\/p>\n<p>Tamina Ge\u00e7idi&#039;nin dar ge\u00e7idinde bulunan Pf\u00e4fers&#039;in Eski Hamamlar\u0131, \u0130svi\u00e7re&#039;nin en eski Barok spa yap\u0131s\u0131n\u0131 olu\u015fturur. Bir zamanlar Paracelsus&#039;un kendisi taraf\u0131ndan bak\u0131lan bu sayg\u0131de\u011fer odalar, art\u0131k Bad Ragaz ve kom\u015fu Pf\u00e4fers&#039;teki termal banyolar\u0131n evrimini anlatan bir m\u00fczeye ev sahipli\u011fi yapmaktad\u0131r. Sergiler, t\u0131bbi teorileri, mimari evreleri ve kamusal eri\u015fimin kademeli geni\u015flemesini izler ve modern spa kompleksi i\u00e7in ba\u011flam sa\u011flar.<\/p>\n<p>Demografik e\u011filimler istikrarl\u0131 b\u00fcy\u00fcmeyi ve \u00e7e\u015fitlili\u011fi yans\u0131tmaktad\u0131r. 2000&#039;den 2020&#039;ye n\u00fcfus yakla\u015f\u0131k %8 artarak 6.467 ki\u015fiye ula\u015fm\u0131\u015ft\u0131r. 2007&#039;de yabanc\u0131 uyruklular toplam n\u00fcfusun ,1&#039;ini olu\u015fturuyordu; bunlar aras\u0131nda Almanya, \u0130talya, eski Yugoslavya ve Avusturya&#039;dan gelen ki\u015filer ba\u015fl\u0131ca gruplar\u0131 olu\u015fturuyordu. 2000&#039;den gelen dil verileri, n\u00fcfusun ,9&#039;unun Almanca konu\u015ftu\u011funu, bunu %4,3 ile S\u0131rp-H\u0131rvat\u00e7a ve %2,9 ile \u0130talyancan\u0131n izledi\u011fini g\u00f6stermektedir. \u0130svi\u00e7re Roman dillerini konu\u015fanlar\u0131n say\u0131s\u0131, Frans\u0131z, \u0130talyan ve Roman\u015f topluluklar\u0131n\u0131n toplam\u0131nda iki y\u00fczden azd\u0131r.<\/p>\n<p>Ekonomi, geleneksel tar\u0131m\u0131 end\u00fcstriyel ve hizmet sekt\u00f6rleriyle dengeler. 2005 y\u0131l\u0131nda birincil segment yirmi \u00fc\u00e7 i\u015fletmede 103 \u00e7al\u0131\u015fan\u0131 istihdam ederken, ikincil sekt\u00f6r yetmi\u015f bir firmada 687 i\u015fi temsil ediyordu. \u00dc\u00e7\u00fcnc\u00fcl alan - misafirperverlik, perakende ve profesyonel hizmetlerin birle\u015fti\u011fi nokta - 244 i\u015fletmede 1.911 pozisyon sa\u011fl\u0131yordu. \u0130\u015fsizlik 2007&#039;de %1,62 olarak \u00f6l\u00e7\u00fcld\u00fc ve Ekim 2009&#039;da k\u0131sa bir s\u00fcre %3&#039;e y\u00fckseldi. Yolcu de\u011fi\u015fim kal\u0131plar\u0131, yakla\u015f\u0131k 1.510 sakinin yerel olarak \u00e7al\u0131\u015ft\u0131\u011f\u0131n\u0131, 1.217&#039;sinin d\u0131\u015far\u0131ya seyahat etti\u011fini ve 1.189&#039;unun i\u00e7eri do\u011fru i\u015fe gitti\u011fini ortaya koyuyor.<\/p>\n<p>End\u00fcstriyel endi\u015feler aras\u0131nda gaz analizi, alg\u0131lama ve kontrol enstr\u00fcmantasyonu \u00fcreticisi olan INFICON, k\u00fcresel merkezini Bad Ragaz&#039;da konumland\u0131r\u0131yor. B\u00f6ylesine y\u00fcksek teknolojili bir firman\u0131n varl\u0131\u011f\u0131, belediyenin hizmet odakl\u0131 profilini tamaml\u0131yor, b\u00f6lgesel istihdama katk\u0131da bulunuyor ve i\u015f g\u00fcc\u00fcnde teknik uzmanl\u0131\u011f\u0131 te\u015fvik ediyor.<\/p>\n<p>1961 ile 1990 aras\u0131ndaki iklim g\u00f6zlemleri, ya\u011fmur veya kara maruz kalan y\u0131ll\u0131k ortalama 120,5 g\u00fcn ve toplam ya\u011f\u0131\u015f\u0131n 830 milimetre oldu\u011funu kaydeder. Yaz sonu, A\u011fustos&#039;un 12,7 g\u00fcn boyunca ortalama 109 mm&#039;ye ula\u015fmas\u0131yla nemin zirvesini belirtirken, Ekim ayn\u0131 say\u0131da g\u00fcn boyunca y\u0131l\u0131n en d\u00fc\u015f\u00fck seviyesi olan 49 mm&#039;yi kaydeder. Bu desen, hem yaz gezileri hem de k\u0131\u015f rekreasyonu i\u00e7in elveri\u015fli \u0131l\u0131man bir ortam sa\u011flar.<\/p>\n<p>Yirminci y\u00fczy\u0131l geli\u015fiminin seyri, 1941&#039;deki bir yang\u0131n\u0131n Grandhotel Quellenhof&#039;u harap etmesiyle \u0130kinci D\u00fcnya Sava\u015f\u0131 s\u0131ras\u0131nda kesintiye u\u011frad\u0131. Ulusal meclis \u00fcyesi Hans Albrecht, ba\u015fl\u0131ca spa tesisini restore ederek ve misafirperverlik hizmetlerinin s\u00fcreklili\u011fini koruyarak yeniden in\u015fas\u0131na \u00f6nc\u00fcl\u00fck etti. Yirmi birinci y\u00fczy\u0131l\u0131n ba\u015flar\u0131nda Pizol da\u011f demir yolu kapsaml\u0131 bir yenilemeden ge\u00e7ti ve 2007&#039;de Bad Ragaz&#039;dan Alp Pardiel&#039;e kesintisiz bir gondol asans\u00f6r\u00fcn\u00fcn getirilmesiyle sonu\u00e7land\u0131. Bu modernizasyon, hem yaz y\u00fcr\u00fcy\u00fc\u015f\u00e7\u00fcleri hem de k\u0131\u015f sporlar\u0131 merakl\u0131lar\u0131 i\u00e7in Alp arazisine eri\u015fimi iyile\u015ftirdi.<\/p>\n<p>Bad Ragaz, evrimi boyunca ilk ziyaret\u00e7ilerini ilk \u00e7eken niteliklerini korumu\u015ftur: derin bir kire\u00e7ta\u015f\u0131 ge\u00e7idinden \u00e7\u0131kan mineral a\u00e7\u0131s\u0131ndan zengin sular, ormanl\u0131k yama\u00e7larla korunan \u0131l\u0131man bir vadi ve daha geni\u015f ticaret ve k\u00fclt\u00fcr yollar\u0131na ba\u011flant\u0131lar. Belediyenin 1200 y\u0131ll\u0131k tarihi - manast\u0131r derneklerinden ve orta\u00e7a\u011f yar\u0131\u015fmalar\u0131ndan spa kasabas\u0131 \u00fcst\u00fcnl\u00fc\u011f\u00fcne ve \u00e7a\u011fda\u015f \u00e7e\u015fitlili\u011fine kadar - k\u00fc\u00e7\u00fck bir toplulu\u011fun co\u011frafya ve tarih taraf\u0131ndan \u015fekillendirilen karakteri korurken uyum sa\u011flama kapasitesini \u00f6rneklemektedir. Bad Ragaz, \u015fu anki haliyle hem sa\u011fl\u0131k ve e\u011flence i\u00e7in bir s\u0131\u011f\u0131nak hem de do\u011fal kaynaklar\u0131n, insan \u00e7abas\u0131n\u0131n ve k\u00fclt\u00fcrel yarat\u0131m\u0131n etkile\u015fiminin bir kan\u0131t\u0131 olarak durmaktad\u0131r.<\/p>","protected":false},"excerpt":{"rendered":"<p>Yakla\u015f\u0131k 6.000 n\u00fcfuslu sevimli bir kasaba olan Bad Ragaz, \u0130svi\u00e7re&#039;nin St. Gallen kantonunda sakl\u0131d\u0131r. Ba\u015flang\u0131\u00e7ta Tamina Vadisi ile Ren Ovas\u0131&#039;n\u0131n bat\u0131 ucunun birle\u015fti\u011fi yerde k\u00fc\u00e7\u00fck bir \u00e7ift\u00e7ilik toplulu\u011fu olan bu k\u00fc\u00e7\u00fck kasaba, Avrupa&#039;n\u0131n her yerinden ve \u00f6tesinden misafirleri \u00e7eken tan\u0131nm\u0131\u015f bir sa\u011fl\u0131k merkezine d\u00f6n\u00fc\u015fm\u00fc\u015ft\u00fcr.<\/p>","protected":false},"author":1,"featured_media":17523,"parent":12907,"menu_order":0,"comment_status":"closed","ping_status":"closed","template":"elementor_theme","meta":{"_eb_attr":"","footnotes":""},"class_list":["post-17324","page","type-page","status-publish","has-post-thumbnail"],"_links":{"self":[{"href":"https:\/\/travelshelper.com\/tr\/wp-json\/wp\/v2\/pages\/17324","targetHints":{"allow":["GET"]}}],"collection":[{"href":"https:\/\/travelshelper.com\/tr\/wp-json\/wp\/v2\/pages"}],"about":[{"href":"https:\/\/travelshelper.com\/tr\/wp-json\/wp\/v2\/types\/page"}],"author":[{"embeddable":true,"href":"https:\/\/travelshelper.com\/tr\/wp-json\/wp\/v2\/users\/1"}],"replies":[{"embeddable":true,"href":"https:\/\/travelshelper.com\/tr\/wp-json\/wp\/v2\/comments?post=17324"}],"version-history":[{"count":0,"href":"https:\/\/travelshelper.com\/tr\/wp-json\/wp\/v2\/pages\/17324\/revisions"}],"up":[{"embeddable":true,"href":"https:\/\/travelshelper.com\/tr\/wp-json\/wp\/v2\/pages\/12907"}],"wp:featuredmedia":[{"embeddable":true,"href":"https:\/\/travelshelper.com\/tr\/wp-json\/wp\/v2\/media\/17523"}],"wp:attachment":[{"href":"https:\/\/travelshelper.com\/tr\/wp-json\/wp\/v2\/media?parent=17324"}],"curies":[{"name":"wp","href":"https:\/\/api.w.org\/{rel}","templated":true}]}}