{"id":17275,"date":"2024-09-25T23:51:48","date_gmt":"2024-09-25T23:51:48","guid":{"rendered":"https:\/\/travelshelper.com\/staging\/?page_id=17275"},"modified":"2026-03-12T22:42:32","modified_gmt":"2026-03-12T22:42:32","slug":"sliac","status":"publish","type":"page","link":"https:\/\/travelshelper.com\/tr\/destinations\/europe\/slovakia\/sliac\/","title":{"rendered":"Slia\u010d"},"content":{"rendered":"<p>Slovakya&#039;n\u0131n merkezinde yer alan gizli bir m\u00fccevher olan Slia\u010d, be\u015f binden az n\u00fcfusu olan (2018 itibariyle 4.986) kompakt bir kapl\u0131ca kasabas\u0131d\u0131r. Hron Nehri&#039;nin yumu\u015fak ak\u0131\u015f\u0131 boyunca, tarihi Zvolen \u015fehrinin yakla\u015f\u0131k d\u00f6rt kilometre kuzeyinde ve b\u00f6lgesel merkez Bansk\u00e1 Bystrica&#039;ya e\u015fit uzakl\u0131kta yer al\u0131r; Zvolen Havzas\u0131&#039;n\u0131n m\u00fctevaz\u0131 bir b\u00f6l\u00fcm\u00fcn\u00fc kaplayan kasaba, eski H\u00e1jniky ve Ryb\u00e1re k\u00f6ylerinin d\u00fcz alanlar\u0131n\u0131 ve ad\u0131n\u0131 Slovak\u00e7a&#039;da mineral veya ek\u015fi kaynak anlam\u0131na gelen slatina kelimesinden alan ve varl\u0131k nedenini kristal berrakl\u0131\u011f\u0131nda ilan eden K\u00fapele olarak bilinen engebeli do\u011fu s\u0131rt\u0131n\u0131 kapsar.<\/p>\n<p>Derin zaman\u0131n panoramik taramas\u0131nda, Slia\u010d&#039;\u0131n arazisi, erken tar\u0131m ya\u015fam\u0131n\u0131n arkeolojik izlerinin de \u00f6nerdi\u011fi gibi, ortak \u00e7a\u011fdan iki bin y\u0131l \u00f6ncesine uzanan insan yerle\u015fiminin izini ta\u015f\u0131r; Slav yerle\u015fimciler, MS alt\u0131nc\u0131 y\u00fczy\u0131lda kendilerini kurmu\u015flard\u0131 ve y\u00fczy\u0131llar sonra orta\u00e7a\u011f t\u00fcz\u00fcklerinde kaydedilecek topluluklar i\u00e7in temel atm\u0131\u015flard\u0131. H\u00e1jniky b\u00f6lgesi olacak olan yerdeki kutsal bir yap\u0131dan ilk belgelenmi\u015f s\u00f6z, b\u00f6lgenin Macaristan Krall\u0131\u011f\u0131&#039;n\u0131n yarg\u0131 yetkisi alt\u0131na girdi\u011fi 1263 y\u0131l\u0131na dayan\u0131r; \u00e7okgen \u015feklinde sonlanan papaz evi ve sa\u011flam kulesiyle bu Erken Gotik Aziz Nikolaos Kilisesi\u2014on d\u00f6rd\u00fcnc\u00fc y\u00fczy\u0131l\u0131n ilk \u00e7eyre\u011finde in\u015fa edilmi\u015ftir\u2014on be\u015finci y\u00fczy\u0131l\u0131n ge\u00e7 Gotik tonozlar\u0131ndan 1804&#039;te ba\u011f\u0131ms\u0131z bir \u00e7an kulesinin eklenmesine kadar art arda mimari palimpsestlere u\u011frayacakt\u0131r; ikincisi, hala k\u00f6y sil\u00fcetini vurgulayan tu\u011fla ve ah\u015fap bir yap\u0131d\u0131r.<\/p>\n<p>Kral IV. B\u00e9la d\u00f6neminde, yak\u0131nlardaki Zvolen \u015fehri \u00f6zg\u00fcr bir kraliyet \u015fehri stat\u00fcs\u00fcne y\u00fckseltildi ve toprak s\u0131n\u0131rlar\u0131n\u0131n belirlenmesinde, Slia\u010d&#039;\u0131n mineral kaynaklar\u0131 1244 gibi erken bir tarihte belirtilmi\u015f olup, y\u00fczy\u0131llar boyunca b\u00f6lgeyi tan\u0131mlayacak balneolojik miras\u0131n habercisiydi; 1657&#039;de resmi tedavi faaliyetleri ba\u015flam\u0131\u015f, \u00e7e\u015fitli hastal\u0131klardan kurtulmak isteyen \u00e7ok say\u0131da ziyaret\u00e7i \u00e7ekmi\u015f, &#039;i a\u015fan ola\u011fan\u00fcst\u00fc bir karbondioksit i\u00e7eri\u011fi ve 33,2 \u00b0C&#039;lik nadir bir izotermal s\u0131cakl\u0131kla karakterize edilen sular, Macaristan Krall\u0131\u011f\u0131&#039;n\u0131n t\u0131p uygulay\u0131c\u0131lar\u0131 aras\u0131nda \u00fcn kazanmaya ba\u015flam\u0131\u015ft\u0131.<\/p>\n<p>Kentin 19. y\u00fczy\u0131ldaki evrimi, b\u00f6lgesel sa\u011fl\u0131k turizminde temel bir rol \u00fcstlenen geli\u015fen kapl\u0131ca i\u015fletmeleriyle ayr\u0131lmaz bir \u015fekilde ba\u011flant\u0131l\u0131yd\u0131; d\u00f6nemin klasik \u00fcslubuyla in\u015fa edilen bir dizi zarif yap\u0131 ve kapl\u0131ca pavyonu, Macar devrimci Lajos Kossuth, \u00c7ek romanc\u0131 Bo\u017eena N\u011bmcov\u00e1 ve iki d\u00fcnya sava\u015f\u0131 aras\u0131 d\u00f6nemde filozof-devlet adam\u0131 TG Masaryk gibi se\u00e7kin isimlerin \u00fcn\u00fcn\u00fc kazand\u0131\u011f\u0131 Slia\u010d&#039;\u0131n geli\u015fen k\u00fclt\u00fcrel itibar\u0131na tan\u0131kl\u0131k ediyor; bu isimlerin her biri, kapl\u0131calar\u0131n iyile\u015ftirici niteliklerini Orta Avrupa&#039;da yank\u0131 uyand\u0131ran ifadelerle destekledi.<\/p>\n<p>Yirminci y\u00fczy\u0131l\u0131n karga\u015fas\u0131 hem bozulmay\u0131 hem de yeniden icat etmeyi beraberinde getirdi. 1918&#039;de Avusturya-Macaristan \u0130mparatorlu\u011fu&#039;nun da\u011f\u0131lmas\u0131yla Slia\u010d, yeni ba\u011f\u0131ms\u0131z \u00c7ekoslovakya&#039;ya dahil edildi; 1939&#039;dan 1945&#039;e kadar sava\u015f zaman\u0131 Slovak Cumhuriyeti&#039;nin bir par\u00e7as\u0131 olarak bir ba\u015fka yeniden yap\u0131land\u0131rmaya daha katland\u0131; bu s\u00fcre zarf\u0131nda spa&#039;n\u0131n sakin rutinleri ge\u00e7ici olarak Mihver g\u00fc\u00e7leriyle uyumlu y\u00f6netimin zorunluluklar\u0131na tabi tutuldu. Yine de spa altyap\u0131s\u0131, \u00e7evredeki manzara yeni do\u011fan sosyalist devletin daha geni\u015f siyasi fay hatlar\u0131 taraf\u0131ndan yaralanm\u0131\u015f olsa bile, sava\u015f sonras\u0131 d\u00f6nemde faaliyetlerine devam edebilecek kadar sa\u011flam kald\u0131.<\/p>\n<p>Slia\u010d&#039;\u0131n modern anlat\u0131s\u0131n\u0131n belki de en dramatik b\u00f6l\u00fcm\u00fc, 1944 Slovak Ulusal Ayaklanmas\u0131 s\u0131ras\u0131nda ya\u015fand\u0131. O d\u00f6nemde yak\u0131nlardaki havaalan\u0131 (uzun s\u00fcredir yerel ad\u0131yla Letisko Tri Duby veya &#034;\u00dc\u00e7 Me\u015fe Havaalan\u0131&#034; olarak biliniyordu) hem bir operasyon \u00fcss\u00fc hem de hava ikmal misyonlar\u0131n\u0131n yeri olarak stratejik \u00f6nem kazand\u0131; kasabada kurulan ayaklanma hastanesi direni\u015fin simgesi haline geldi ve ge\u00e7ici ko\u011fu\u015flar\u0131, Slovak partizanlar\u0131n i\u015fgalci g\u00fc\u00e7lere kar\u015f\u0131 m\u00fccadelesindeki kararl\u0131l\u0131\u011f\u0131na tan\u0131kl\u0131k etti.<\/p>\n<p>Sonraki on y\u0131llarda, Sovyet varl\u0131\u011f\u0131 Slia\u010d&#039;\u0131n \u00fczerinde uzun bir g\u00f6lge b\u0131rakt\u0131. 1968&#039;den 1991&#039;e kadar, kasaba ve \u00e7evresi, radyo-teknik istasyonlar\u0131ndan ve hava k\u0131\u015flalar\u0131ndan, m\u00fchimmat depolar\u0131na ve yak\u0131nlardaki Bad\u00edn&#039;deki bir ni\u015fangah cihaz\u0131na kadar bir dizi askeri tesise ev sahipli\u011fi yapt\u0131; spa ve sivil mahalleler ise Sovyet subaylar\u0131 i\u00e7in konut b\u00f6lgeleri bar\u0131nd\u0131rd\u0131. Demir Perde&#039;nin y\u0131k\u0131lmas\u0131ndan yakla\u015f\u0131k \u00e7eyrek y\u00fczy\u0131l sonra, Haziran 2016&#039;ya kadar, Ba\u015fkan Andrej Kiska, Sovyet birliklerinin geri \u00e7ekilmesini anmak i\u00e7in Slovakya&#039;daki ilk an\u0131t\u0131, bir zamanlar bu subaylar\u0131n i\u015fgal etti\u011fi konut alan\u0131na yerle\u015ftirilmi\u015f, \u00fczerinde bir zaman \u00e7izelgesi bulunan \u00e7elik bir bayrak i\u015faretini a\u00e7t\u0131.<\/p>\n<p>Bu jeopolitik alt ak\u0131mlar\u0131n ortas\u0131nda, Slia\u010d&#039;\u0131n medeni kimli\u011fi resmi bir konsolidasyona u\u011frad\u0131: 1959&#039;da H\u00e1jniky, Ryb\u00e1re k\u00f6ylerinin ve Slia\u010d-K\u00fapele kapl\u0131ca b\u00f6lgesinin idari birle\u015fmesi, toplulu\u011fa \u015fu anki ad\u0131n\u0131 verirken, 1979&#039;da Sampor belediyesinin daha fazla ilhak edilmesi, yetki alan\u0131n\u0131 geni\u015fletti. Arkeologlar daha sonra Sampor b\u00f6lgesinde, Aziz Mikail Ba\u015fmelek&#039;e adanm\u0131\u015f, bir zamanlar unutulmu\u015f bir Gotik \u015fapelin temellerini ortaya \u00e7\u0131karacaklard\u0131; bu, ard\u0131\u015f\u0131k d\u00f6nemlerde yerle\u015fimin derinli\u011fini ve s\u00fcreklili\u011fini vurgulayan orta\u00e7a\u011f d\u00f6neminin bir yank\u0131s\u0131yd\u0131.<\/p>\n<p>Havaalan\u0131n\u0131n kendisi -16 Haziran 2011&#039;de sivil trafi\u011fe yeniden a\u00e7\u0131ld\u0131\u011f\u0131nda Slia\u010d Havaalan\u0131 olarak yeniden adland\u0131r\u0131ld\u0131- T\u00fcmgeneral Otto Smik&#039;in Taktik Kanad\u0131 ile birlikte faaliyet g\u00f6stererek ve bu yaz\u0131n\u0131n yaz\u0131ld\u0131\u011f\u0131 tarih itibar\u0131yla, 2021 ile 2023 aras\u0131nda askeri tesislerinin kapsaml\u0131 bir yeniden in\u015fas\u0131ndan ge\u00e7erek, yolcu operasyonlar\u0131n\u0131 ge\u00e7ici olarak engelledi\u011fi, askeri ve ticari rollerde ikili hizmet vermeye devam ediyor. Orijinal ad\u0131n\u0131 veren kadim me\u015fe a\u011fa\u00e7lar\u0131yla \u00e7evrili pistleri, kasaban\u0131n terap\u00f6tik inziva ile askeri zorunluluk aras\u0131ndaki stratejik kesi\u015fiminin canl\u0131 bir hat\u0131rlat\u0131c\u0131s\u0131 olarak hizmet ediyor.<\/p>\n<p>Bug\u00fcn, Slia\u010d kapl\u0131cas\u0131 Slovakya&#039;da kardiyovask\u00fcler rahats\u0131zl\u0131klar\u0131n tedavisine adanm\u0131\u015f tek kurulu\u015f olarak e\u015fsiz stat\u00fcs\u00fcn\u00fc koruyor, do\u011fal CO\u2082 a\u00e7\u0131s\u0131ndan zengin sular\u0131, sentetik olarak \u00fcretilen gazlara dayanmadan mineral kaynaklar\u0131n\u0131n i\u00e7sel \u00f6zelliklerinden yararlanan karbon terapisinde kullan\u0131l\u0131yor; bu, \u00fclkenin di\u011fer kapl\u0131calar\u0131 aras\u0131nda benzeri olmayan bir uygulama. Hastalar ve misafirler, balneoterapi ve hidroterapiden fizyoterapi ve elektroterapiye kadar uzanan k\u0131rk be\u015ften fazla farkl\u0131 tedaviden se\u00e7im yapabilirler; \u00f6zellikle su karbondioksit banyolar\u0131, gaz karbon banyolar\u0131 ve kayna\u011f\u0131n yerinde do\u011fal gaz kayna\u011f\u0131n\u0131 kullanan gaz enjeksiyonlar\u0131 gibi farkl\u0131 teklifler sunarlar.<\/p>\n<p>Uygun rak\u0131m\u0131 ve yakla\u015f\u0131k 8,2 \u00b0C&#039;lik y\u0131ll\u0131k ortalama s\u0131cakl\u0131\u011f\u0131yla ortam iklimi, spa&#039;n\u0131n cazibesini daha da art\u0131r\u0131rken, Zvolen Havzas\u0131&#039;n\u0131n a\u00e7\u0131k manzaralar\u0131, tedavi salonlar\u0131ndaki iyile\u015ftirici faaliyetlerle uyumlu g\u00f6rsel bir dinginlik sa\u011flar. Kov\u00e1\u010dov\u00e1 ve Bansk\u00e1 Bystrica&#039;y\u0131 birbirine ba\u011flayan I\/69 otoyolu ve kasaban\u0131n s\u0131n\u0131rlar\u0131 i\u00e7inde duran ana Zvolen-Vr\u00fatky demiryolu hatt\u0131 da dahil olmak \u00fczere kara ve demir yolu arterleri, Slia\u010d&#039;\u0131n \u015fifal\u0131 sular\u0131n\u0131 arayan hem yerel hem de uluslararas\u0131 ziyaret\u00e7iler i\u00e7in eri\u015filebilir kalmas\u0131n\u0131 sa\u011flar.<\/p>\n<p>Demografik olarak, kasaban\u0131n n\u00fcfusu ezici bir \u015fekilde Slovak&#039;t\u0131r - 2001 n\u00fcfus say\u0131m\u0131na g\u00f6re ,1, \u00c7ek az\u0131nl\u0131\u011f\u0131 ise %2,3&#039;t\u00fcr - dini ba\u011fl\u0131l\u0131k Roma Katolikleri (,1), Lutheran inanc\u0131n\u0131n taraftarlar\u0131 (,1) ve \u00f6nemli bir oran (,7) aras\u0131nda b\u00f6l\u00fcnm\u00fc\u015ft\u00fcr ve hi\u00e7bir dini ba\u011fl\u0131l\u0131\u011f\u0131 olmad\u0131\u011f\u0131n\u0131 beyan eder. Bu k\u00fclt\u00fcrel ve manevi kimliklerin etkile\u015fimi, Slia\u010d&#039;a \u00f6l\u00e7ek olarak m\u00fctevaz\u0131 olsa da, merkezi Slovak ya\u015fam\u0131n\u0131n daha geni\u015f kal\u0131plar\u0131n\u0131 yans\u0131tan bir sosyal doku a\u015f\u0131lar.<\/p>\n<p>K\u00f6y merkezlerinde mimari miras h\u00e2l\u00e2 hissedilir durumdad\u0131r: H\u00e1jniky&#039;deki Aziz Nikolaos Kilisesi, y\u00fcksekteki yerinde n\u00f6bet tutar, Osmanl\u0131 tehditleri s\u0131ras\u0131nda in\u015fa edilen surlar\u0131 ve 1627&#039;deki hasar, s\u0131n\u0131r ya\u015fam\u0131n\u0131n ini\u015f \u00e7\u0131k\u0131\u015flar\u0131na tan\u0131kl\u0131k eder; 1688&#039;de nefin merkezi bir s\u00fctun kullan\u0131larak tonozlanmas\u0131 ve daha sonra yap\u0131lan \u015fapel eklemesi, g\u00fcn\u00fcm\u00fcze kadar devam eden toplumsal ba\u011fl\u0131l\u0131\u011f\u0131n alt\u0131n\u0131 \u00e7izer.<\/p>\n<p>Sessiz boyutlar\u0131na ra\u011fmen, Slia\u010d&#039;\u0131n tarihi ve co\u011frafi s\u0131rtlar\u0131 katmanl\u0131 bir palimpsest olu\u015fturuyor: antik kaynaklar, orta\u00e7a\u011f kilise temelleri, on dokuzuncu y\u00fczy\u0131l spa pavyonlar\u0131, sava\u015f zaman\u0131 hava alan\u0131 ve modern havaliman\u0131 - hepsi y\u00fczy\u0131llard\u0131r terap\u00f6tik gelenek ve stratejik \u00f6nemin bir arada var oldu\u011fu bir yeri tan\u0131mlamak i\u00e7in bir araya geliyor. G\u00f6steri\u015ften uzak ancak anlat\u0131 derinli\u011fi a\u00e7\u0131s\u0131ndan zengin kompakt kentsel dokusu, Orta Avrupa&#039;n\u0131n karma\u015f\u0131k miras\u0131yla s\u00fcr\u00fckleyici bir kar\u015f\u0131la\u015fma sunuyor.<\/p>\n<p>Zamansal katmanlar\u0131n bu birle\u015fmesinde - tarih \u00f6ncesi yerle\u015fimlerin yerini orta\u00e7a\u011f mahallelerine b\u0131rakt\u0131\u011f\u0131, Habsburg spa k\u00fclt\u00fcr\u00fcn\u00fcn yirminci y\u00fczy\u0131l totaliter dayatmalar\u0131yla bulu\u015ftu\u011fu ve post-sosyalist gen\u00e7le\u015fmenin kararl\u0131 mineral kaynaklar\u0131yla birlikte ortaya \u00e7\u0131kt\u0131\u011f\u0131 yerde - Slia\u010d kal\u0131c\u0131 bir s\u00fcreklili\u011fin merkezi olarak ortaya \u00e7\u0131kar. Sular\u0131 derin su katmanlar\u0131ndan y\u00fckselmeye devam eder, karbon y\u00fckl\u00fc ak\u0131nt\u0131lar\u0131 \u015fifa gelene\u011fini s\u00fcrd\u00fcr\u00fcr; pistleri hem yukar\u0131daki g\u00f6klere hem de Slovak kimli\u011finin s\u00fcrekli de\u011fi\u015fen hatlar\u0131na do\u011fru uzan\u0131r.<\/p>\n<p>Dolay\u0131s\u0131yla Slia\u010d, kilometrelerce alan\u0131 ve n\u00fcfusuyla \u00f6l\u00e7\u00fclse de ge\u00e7mi\u015finin yank\u0131lar\u0131 ve gelece\u011finin vaatleri bak\u0131m\u0131ndan u\u00e7suz bucaks\u0131z bir yerin \u00f6rne\u011fi olarak kar\u015f\u0131m\u0131za \u00e7\u0131k\u0131yor: \u0130smiyle ya\u015fam\u0131n temel kayna\u011f\u0131 olan mineral kayna\u011f\u0131n\u0131 \u00e7a\u011fr\u0131\u015ft\u0131ran ve hikayesi binlerce y\u0131ld\u0131r insan \u00e7abas\u0131n\u0131n temellerinden \u00f6r\u00fclm\u00fc\u015f bir kapl\u0131ca kasabas\u0131.<\/p>","protected":false},"excerpt":{"rendered":"<p>Hron Nehri k\u0131y\u0131s\u0131ndaki k\u00fc\u00e7\u00fck bir spa kasabas\u0131 olan Slia\u010d, merkezi Slovakya&#039;n\u0131n k\u0131rsal ortam\u0131nda sakl\u0131d\u0131r. 5.000&#039;den az sakini olan bu k\u00fc\u00e7\u00fck ama \u00f6nemli yer, daha b\u00fcy\u00fck \u015fehir olan Bansk\u00e1 Bystrica ve Zvolen aras\u0131nda yer almaktad\u0131r. Slia\u010d, hem e\u011flence hem de Slovakya&#039;n\u0131n zengin ge\u00e7mi\u015fine bir bak\u0131\u015f arayan herkes i\u00e7in dikkate de\u011fer bir yerdir \u00e7\u00fcnk\u00fc stratejik konumu ve ay\u0131rt edici \u00f6zellikleri, tarih boyunca kimli\u011fini tan\u0131mlam\u0131\u015ft\u0131r.<\/p>","protected":false},"author":1,"featured_media":17535,"parent":13300,"menu_order":0,"comment_status":"closed","ping_status":"closed","template":"elementor_theme","meta":{"_eb_attr":"","footnotes":""},"class_list":["post-17275","page","type-page","status-publish","has-post-thumbnail"],"_links":{"self":[{"href":"https:\/\/travelshelper.com\/tr\/wp-json\/wp\/v2\/pages\/17275","targetHints":{"allow":["GET"]}}],"collection":[{"href":"https:\/\/travelshelper.com\/tr\/wp-json\/wp\/v2\/pages"}],"about":[{"href":"https:\/\/travelshelper.com\/tr\/wp-json\/wp\/v2\/types\/page"}],"author":[{"embeddable":true,"href":"https:\/\/travelshelper.com\/tr\/wp-json\/wp\/v2\/users\/1"}],"replies":[{"embeddable":true,"href":"https:\/\/travelshelper.com\/tr\/wp-json\/wp\/v2\/comments?post=17275"}],"version-history":[{"count":0,"href":"https:\/\/travelshelper.com\/tr\/wp-json\/wp\/v2\/pages\/17275\/revisions"}],"up":[{"embeddable":true,"href":"https:\/\/travelshelper.com\/tr\/wp-json\/wp\/v2\/pages\/13300"}],"wp:featuredmedia":[{"embeddable":true,"href":"https:\/\/travelshelper.com\/tr\/wp-json\/wp\/v2\/media\/17535"}],"wp:attachment":[{"href":"https:\/\/travelshelper.com\/tr\/wp-json\/wp\/v2\/media?parent=17275"}],"curies":[{"name":"wp","href":"https:\/\/api.w.org\/{rel}","templated":true}]}}