{"id":17269,"date":"2024-09-25T23:43:43","date_gmt":"2024-09-25T23:43:43","guid":{"rendered":"https:\/\/travelshelper.com\/staging\/?page_id=17269"},"modified":"2026-03-12T22:42:56","modified_gmt":"2026-03-12T22:42:56","slug":"rajecke-teplice","status":"publish","type":"page","link":"https:\/\/travelshelper.com\/tr\/destinations\/europe\/slovakia\/rajecke-teplice\/","title":{"rendered":"Rajeck\u00e9 Teplice"},"content":{"rendered":"<p>Slovakya&#039;n\u0131n \u017dilina B\u00f6lgesi&#039;nde yer alan kompakt bir belediye olan Rajeck\u00e9 Teplice, n\u00fcfusa g\u00f6re \u00fclkenin d\u00f6rd\u00fcnc\u00fc en k\u00fc\u00e7\u00fck \u015fehrini olu\u015fturur - yakla\u015f\u0131k 2.800 ki\u015fi - ve \u017dilina&#039;n\u0131n tam g\u00fcneyinde yakla\u015f\u0131k on kilometre uzakl\u0131ktaki Rajec Havzas\u0131&#039;n\u0131n ince bir \u015feridini kaplar. Otuz sekiz santigrat derecede kaynayan termal kaynaklar\u0131yla \u00fcnl\u00fc olan bu yer, hem tarihi kapl\u0131ca b\u00f6lgesini hem de Poluvsie b\u00f6lgesini tek bir belediye idaresi alt\u0131nda kapsar ve I\/64 ana yolu ve \u017dilina-Rajec demiryolu hatt\u0131 taraf\u0131ndan eri\u015fim sa\u011flan\u0131r. Hidrotermal k\u00f6kenin ve vadi co\u011frafyas\u0131n\u0131n bu zarif birle\u015fimi, Rajeck\u00e9 Teplice&#039;yi balneolojik uygulama ve pastoral dinlenmenin kal\u0131c\u0131 bir merkezi haline getirir.<\/p>\n<p>Bu sular\u0131n insan fark\u0131ndal\u0131\u011f\u0131n\u0131n kroni\u011fi, 1376 tarihli bir kartografik \u00e7izimin ilk olarak siteyi -Thermae- belirledi\u011fi ve Kral Louis the Great&#039;in &#034;Villa Tapolcha&#034;y\u0131 onaylayan bir kraliyet t\u00fcz\u00fc\u011f\u00fc, kaynaklar\u0131n ilk yaz\u0131l\u0131 onay\u0131n\u0131 sa\u011flad\u0131\u011f\u0131 on d\u00f6rd\u00fcnc\u00fc y\u00fczy\u0131l\u0131n ortalar\u0131na kadar uzan\u0131yor. \u0130ki y\u00fczy\u0131l sonra, 1496&#039;da, Kral Vladislaus II, \u0160tefan Z\u00e1po\u013esk\u00fd&#039;ye yapt\u0131\u011f\u0131 bir ba\u011f\u0131\u015f senedinde, \u015fifal\u0131 akiferin etraf\u0131nda yerle\u015fik bir b\u00f6lgenin ortaya \u00e7\u0131k\u0131\u015f\u0131n\u0131 ima eden &#034;possessio Thoplycza&#034;dan bahsetti. Bu erken tan\u0131kl\u0131klar arac\u0131l\u0131\u011f\u0131yla Rajeck\u00e9 Teplice, jeoloji ve y\u00f6netimin kesi\u015fti\u011fi bir yer rol\u00fcn\u00fc \u00fcstlendi, ilkinin yeralt\u0131 s\u0131cakl\u0131\u011f\u0131 hem bedenleri hem de b\u00fcrokratik ilgiyi besledi.<\/p>\n<p>On yedinci y\u00fczy\u0131l\u0131n ba\u015flar\u0131nda, Lietava b\u00f6lgesi\u2014kaynaklar\u0131n geni\u015f etki alan\u0131na d\u00fc\u015ft\u00fc\u011f\u00fc\u2014ilk geli\u015fmeleri ger\u00e7ekle\u015ftirmi\u015fti: ilkel bir kapl\u0131ca evi ve zengin m\u00fc\u015fteriler i\u00e7in bir han, b\u00f6ylece g\u00fcn\u00fcm\u00fcz\u00fcn kapl\u0131ca kasabas\u0131na d\u00f6n\u00fc\u015fecek yerle\u015fimin temellerini atm\u0131\u015ft\u0131. Profes\u00f6r Christoph Wilhelm Hufeland&#039;\u0131n \u00e7a\u011fda\u015f\u0131 Profes\u00f6r David Gottfried Cranz taraf\u0131ndan kaleme al\u0131nan ilk ayr\u0131nt\u0131l\u0131 balneografi anlat\u0131m\u0131, m\u00fctevaz\u0131 bir \u015fekilde \u00e7at\u0131s\u0131 olan \u00fc\u00e7 havuzu kayda ge\u00e7irmi\u015f ve sular\u0131n fel\u00e7, romatizma, \u00f6dem ve dermatolojik rahats\u0131zl\u0131klar \u00fczerindeki yararl\u0131 etkilerini \u00f6vm\u00fc\u015ft\u00fc\u2014sitenin terap\u00f6tik prestijinin erken bir kan\u0131t\u0131.<\/p>\n<p>\u0130n\u015faat, 1604 tarihli bir belgenin de do\u011frulad\u0131\u011f\u0131 gibi, kaynaklar\u0131 o kadar de\u011ferli bulan Palatine Juraj Thurzo&#039;nun himayesinde 1610&#039;da h\u0131z kazand\u0131. Thurzo, kapl\u0131calara o kadar de\u011fer veriyordu ki, alt\u0131 misafir odas\u0131ndan olu\u015fan bir tu\u011fla malikane yapt\u0131rd\u0131. Ancak \u00f6l\u00fcm\u00fcnden sonra, Lietava b\u00f6lgesinin b\u00f6l\u00fcnmesi, kapl\u0131can\u0131n altyap\u0131s\u0131n\u0131n zay\u0131flad\u0131\u011f\u0131 bir ihmal d\u00f6nemini h\u0131zland\u0131rd\u0131. Yenilenme, ancak on sekizinci y\u00fczy\u0131l\u0131n sonlar\u0131na do\u011fru, Baron J\u00e1n Kalis&#039;in (kendisi de orijinal b\u00f6lgenin bir varisi) on d\u00f6rt daireyi bar\u0131nd\u0131ran yeni bir tu\u011fla pavyona \u00f6nemli \u00f6l\u00e7\u00fcde yat\u0131r\u0131m yapmas\u0131yla ba\u015flad\u0131 ve b\u00f6ylece Rajeck\u00e9 Teplice&#039;nin, \u00fc\u00e7 belirlenmi\u015f havuzdan birine kat\u0131lan soylular, burjuvalar ve s\u0131radan insanlar i\u00e7in bir var\u0131\u015f noktas\u0131 olma stat\u00fcs\u00fcn\u00fc yeniden tesis etti.<\/p>\n<p>Sular ilk olarak 1776&#039;da Pavol Adami&#039;nin bile\u015fimlerinin en erken mevcut tan\u0131m\u0131n\u0131 sundu\u011funda bilimsel olarak d\u00fc\u015f\u00fcn\u00fcld\u00fc; on yedi y\u0131l sonra, 1793&#039;te, Tur\u010dianska B\u00f6lgesi&#039;ne hekim olarak hizmet veren Dr. Amad\u00e9 Kelin, Viyana&#039;da a\u00e7\u0131l\u0131\u015f monografisini yay\u0131nlad\u0131 ve b\u00f6ylece Rajeck\u00e9 Teplice&#039;nin erdemlerini Macaristan Krall\u0131\u011f\u0131 genelinde duyurdu. Bundan sonra, on dokuzuncu y\u00fczy\u0131l boyunca, kasaba aristokrasi ve zengin burjuvazi i\u00e7in tercih edilen bir yazl\u0131k inziva yeri olarak geli\u015fti, tedavi alanlar\u0131n\u0131n ve konaklama yerlerinin koordineli geni\u015flemesi, b\u00fcy\u00fcyen bir m\u00fc\u015fteri kitlesine tan\u0131kl\u0131k etti.<\/p>\n<p>Birinci D\u00fcnya Sava\u015f\u0131&#039;n\u0131n kas\u0131rgalar\u0131 belirgin bir gerilemeye yol a\u00e7t\u0131: yabanc\u0131 ziyaret\u00e7iler azald\u0131 ve kasaban\u0131n \u00fcn\u00fc yaln\u0131zca yerel \u00f6neme geriledi. Yine de, sava\u015flar aras\u0131 d\u00f6nem (1925\u20131937) simgesel tesislerin in\u015fas\u0131na tan\u0131k oldu: Spa Evi, Ban\u00edk Spa Enstit\u00fcs\u00fc ve Ve\u013ek\u00e1 Fatra ve Mal\u00e1 Fatra Otelleri. Her yap\u0131 \u00e7a\u011fda\u015f mimari duyarl\u0131l\u0131klar\u0131 ve terap\u00f6tik yenili\u011fe yenilenmi\u015f bir ba\u011fl\u0131l\u0131\u011f\u0131 yans\u0131t\u0131yordu.<\/p>\n<p>Slovak Devleti d\u00f6neminde 1941&#039;de kapl\u0131can\u0131n y\u00f6netimi, a\u00e7\u0131k hava termal y\u00fczme havuzunu hizmete sokan ve b\u00f6ylece \u015fifal\u0131 sulara eri\u015fimi demokratikle\u015ftiren \u0130\u015f\u00e7i Sosyal Sigorta \u015eirketi&#039;ne ge\u00e7ti. 1959&#039;da ulusal yetkililer Rajeck\u00e9 Teplice&#039;ye resmi kapl\u0131ca kasabas\u0131 stat\u00fcs\u00fcn\u00fc verdi, kaynaklar i\u00e7in koruyucu s\u0131n\u0131rlar \u00e7izdi ve b\u00f6lgenin balneolojik \u00f6nemini kanunla\u015ft\u0131rd\u0131. \u0130kinci D\u00fcnya Sava\u015f\u0131 sonras\u0131 on y\u0131llar, t\u0131bbi cihazlara ve konaklamaya yap\u0131lan yat\u0131r\u0131mlar\u0131n artmas\u0131yla kapl\u0131can\u0131n en b\u00fcy\u00fck zirvesini ba\u015flatt\u0131 ve kasaban\u0131n 1989&#039;da \u015fehir stat\u00fcs\u00fcne y\u00fckselmesiyle sonu\u00e7land\u0131.<\/p>\n<p>G\u00fcn\u00fcm\u00fczde Raj\u010danka Nehri vadisinde ve S\u00fa\u013eov Tepeleri ve L\u00fa\u010dansk\u00e1 Mal\u00e1 Fatra Da\u011flar\u0131&#039;n\u0131n yaprak d\u00f6ken ve i\u011fne yaprakl\u0131 yama\u00e7lar\u0131yla \u00e7evrili Rajeck\u00e9 Teplice, \u015fifal\u0131 altyap\u0131 ve orman dinginli\u011finin bir duvar hal\u0131s\u0131n\u0131 sunmaktad\u0131r. Ziyaret\u00e7iler, \u015fehir merkezindeki spa havuzunda y\u00fcr\u00fcy\u00fc\u015f yapabilir, sa\u011fl\u0131k kompleksinde hidroterapi prosed\u00fcrlerinden yararlanabilir veya nadir \u00e7i\u00e7ek topluluklar\u0131yla noktalanm\u0131\u015f ve antik dolomitlere oyulmu\u015f kaya olu\u015fumlar\u0131, ma\u011faralar ve \u00e7atlaklar\u0131n panoramalar\u0131n\u0131 sunan 91,58 hektarl\u0131k bir yerle\u015fim yeri olan Kozol Do\u011fa Koruma Alan\u0131&#039;na \u00e7\u0131kan say\u0131s\u0131z y\u00fcr\u00fcy\u00fc\u015f parkurunu ge\u00e7ebilir.<\/p>\n<p>K\u00fclt\u00fcrel miras, hem inanc\u0131 hem de haf\u0131zay\u0131 dile getiren \u015fapellerde ve toplant\u0131 odalar\u0131nda bulunur: Meryem Ana&#039;n\u0131n G\u00f6\u011fe Kabul\u00fc \u015eapeli, \u0130sa&#039;n\u0131n \u0130lahi Kalbi Kilisesi ve Poluvsie&#039;deki Azizler Kiril ve Metodius Kilisesi\u2014hepsi Birinci D\u00fcnya Sava\u015f\u0131&#039;nda \u00f6lenleri anan ciddi bir an\u0131t\u0131n yan\u0131nda bir arada bulunur. \u015eehir merkezindeki ara sokaklarda, cepheleri spa&#039;n\u0131n katmanl\u0131 tarihini \u00e7a\u011fr\u0131\u015ft\u0131ran hamamlar g\u00f6r\u00fcl\u00fcrken, modern tesisler\u2014fitness merkezleri, tenis kortlar\u0131, mini golf ve disk golf\u00fc alanlar\u0131 ve Rajec Golf Park\u0131\u2014terap\u00f6tik rejimi e\u011flence ama\u00e7l\u0131 aktivitelerle zenginle\u015ftirir.<\/p>\n<p>Kasaban\u0131n \u00e7a\u011fda\u015f kimli\u011finin merkezinde jeotermal kayna\u011f\u0131 vard\u0131r: 38 \u00b0C&#039;de \u00e7\u0131kan, kimyasal i\u015flemden etkilenmeyen ve kas-iskelet sisteminin i\u015flevsel ve dejeneratif rahats\u0131zl\u0131klar\u0131, b\u00fcy\u00fck eklemlerin ameliyat sonras\u0131 iyile\u015fmesi ve omurga m\u00fcdahaleleri ile se\u00e7ilmi\u015f sinir sistemi rahats\u0131zl\u0131klar\u0131 i\u00e7in re\u00e7ete edilen bikarbonat-kalsiyum-magnezyum kayna\u011f\u0131. Kapsaml\u0131 bir spa tedavisi ba\u011flam\u0131nda, konuklar hidroterapi, elektroterapi y\u00f6ntemleri, parafin uygulamalar\u0131, manip\u00fclatif teknikler, gaz enjeksiyonlar\u0131 ve hem bireysel hem de grup beden e\u011fitimi al\u0131rlar; bu, Rajeck\u00e9 Teplice&#039;nin Avrupa&#039;n\u0131n balneolojik panteonunda yerini sa\u011flamla\u015ft\u0131ran b\u00fct\u00fcnle\u015fik bir yakla\u015f\u0131md\u0131r.<\/p>\n<p>Porsuklara, tilkilere, sansarlara, k\u0131z\u0131l geyiklere, bayku\u015flara ve kartallara ev sahipli\u011fi yapan \u00e7evredeki ormanl\u0131k alanlar ve yerel atmosferin berrakl\u0131\u011f\u0131 (neredeyse partik\u00fcl maddeden yoksun) \u015fehri yaln\u0131zca Slovak iyile\u015fmekte olan hastalar i\u00e7in de\u011fil ayn\u0131 zamanda \u00c7ek Cumhuriyeti, Polonya ve Almanya&#039;dan gelen m\u00fc\u015fteriler i\u00e7in de tercih edilen bir dinlenme yeri haline getirmi\u015ftir. Bisiklet rotalar\u0131 vadi taban\u0131n\u0131 takip ederken, g\u00f6lgeli patikalar y\u00fcr\u00fcy\u00fc\u015f\u00e7\u00fcleri Karpat floras\u0131n\u0131n bollu\u011funu g\u00f6zlemlemeye te\u015fvik eder. Rajeck\u00e9 Teplice her mevsimde t\u0131bbi kesinlik ve do\u011fal ihti\u015fam\u0131n bir sentezini sunar: y\u00fczy\u0131llar\u0131n ritminin termal sular\u0131n f\u0131s\u0131lt\u0131s\u0131 alt\u0131nda yumu\u015fak bir \u015fekilde yank\u0131land\u0131\u011f\u0131 bir yer.<\/p>","protected":false},"excerpt":{"rendered":"<p>Slovakya&#039;n\u0131n \u017dilina B\u00f6lgesi&#039;nde bulunan Rajeck\u00e9 Teplice, \u00fclkenin d\u00f6rd\u00fcnc\u00fc en k\u00fc\u00e7\u00fck n\u00fcfusuna sahip k\u00fc\u00e7\u00fck bir kasabad\u0131r. \u015eifal\u0131 sular\u0131 ve sakin \u00e7evresiyle, do\u011fal termal kaynaklar\u0131yla bilinen bu g\u00fczel tatil kasabas\u0131, as\u0131rlard\u0131r konuklar\u0131n\u0131 b\u00fcy\u00fclemi\u015ftir. Rajecka havzas\u0131n\u0131n kuzey kesiminde, \u017dilina&#039;n\u0131n yakla\u015f\u0131k 10 kilometre g\u00fcneyinde bulunan Rajeck\u00e9 Teplice, b\u00f6lgenin zengin tarihi ve do\u011fal g\u00fczelli\u011fine dair kan\u0131tlar sunmaktad\u0131r.<\/p>","protected":false},"author":1,"featured_media":17604,"parent":13300,"menu_order":0,"comment_status":"closed","ping_status":"closed","template":"elementor_theme","meta":{"_eb_attr":"","footnotes":""},"class_list":["post-17269","page","type-page","status-publish","has-post-thumbnail"],"_links":{"self":[{"href":"https:\/\/travelshelper.com\/tr\/wp-json\/wp\/v2\/pages\/17269","targetHints":{"allow":["GET"]}}],"collection":[{"href":"https:\/\/travelshelper.com\/tr\/wp-json\/wp\/v2\/pages"}],"about":[{"href":"https:\/\/travelshelper.com\/tr\/wp-json\/wp\/v2\/types\/page"}],"author":[{"embeddable":true,"href":"https:\/\/travelshelper.com\/tr\/wp-json\/wp\/v2\/users\/1"}],"replies":[{"embeddable":true,"href":"https:\/\/travelshelper.com\/tr\/wp-json\/wp\/v2\/comments?post=17269"}],"version-history":[{"count":0,"href":"https:\/\/travelshelper.com\/tr\/wp-json\/wp\/v2\/pages\/17269\/revisions"}],"up":[{"embeddable":true,"href":"https:\/\/travelshelper.com\/tr\/wp-json\/wp\/v2\/pages\/13300"}],"wp:featuredmedia":[{"embeddable":true,"href":"https:\/\/travelshelper.com\/tr\/wp-json\/wp\/v2\/media\/17604"}],"wp:attachment":[{"href":"https:\/\/travelshelper.com\/tr\/wp-json\/wp\/v2\/media?parent=17269"}],"curies":[{"name":"wp","href":"https:\/\/api.w.org\/{rel}","templated":true}]}}