{"id":17250,"date":"2024-09-25T23:25:22","date_gmt":"2024-09-25T23:25:22","guid":{"rendered":"https:\/\/travelshelper.com\/staging\/?page_id=17250"},"modified":"2026-03-12T22:43:57","modified_gmt":"2026-03-12T22:43:57","slug":"kovacova","status":"publish","type":"page","link":"https:\/\/travelshelper.com\/tr\/destinations\/europe\/slovakia\/kovacova\/","title":{"rendered":"Kova\u00e7ova"},"content":{"rendered":"<p>Kov\u00e1\u010dov\u00e1, Slovakya&#039;n\u0131n Zvolen Havzas\u0131&#039;n\u0131n tam kalbinde yer al\u0131r, k\u00f6y merkezi deniz seviyesinden 303 metre y\u00fcksektedir ve 288 ila 489 metre aras\u0131nda de\u011fi\u015fen bir araziye yay\u0131lm\u0131\u015ft\u0131r. 2016 y\u0131l\u0131 itibar\u0131yla 1.541 n\u00fcfusa ev sahipli\u011fi yapan yerle\u015fim, Zvolen&#039;in be\u015f kilometre bat\u0131s\u0131nda ve Bansk\u00e1 Bystrica&#039;ya on sekiz kilometre uzakl\u0131kta stratejik bir konumda yer al\u0131r ve Slia\u010d kapl\u0131ca kasabas\u0131 kuzey s\u0131n\u0131rlar\u0131n\u0131n hemen \u00f6tesindedir. Bu kompakt yerle\u015fim, 1898&#039;de ke\u015ffedilen ve sular\u0131 neredeyse elli santigrat derece olan termal su kayna\u011f\u0131 sayesinde \u00fcn\u00fcn\u00fc kazanm\u0131\u015ft\u0131r ve bu su kayna\u011f\u0131n\u0131n sular\u0131 bir as\u0131rdan fazla s\u00fcredir ziyaret\u00e7ileri \u00e7ekmektedir. Kremnick\u00e9 vrchy da\u011flar\u0131n\u0131n eteklerinde, Hron Nehri&#039;nin yata\u011f\u0131n\u0131n yan\u0131nda ve ana yollar\u0131n kav\u015fa\u011f\u0131nda yer almas\u0131, Kov\u00e1\u010dov\u00e1&#039;y\u0131 hem sessiz bir s\u0131\u011f\u0131nak hem de merkezi Slovakya&#039;da eri\u015filebilir bir dinlenme yeri haline getirir.<\/p>\n<p>Jeolojik temellerinden modern kapl\u0131calar\u0131na kadar, Kov\u00e1\u010dov\u00e1&#039;n\u0131n hikayesi, sokaklar\u0131n\u0131n alt\u0131ndaki kayalar kadar eski ve karma\u015f\u0131k katmanlarda ortaya \u00e7\u0131kar. Eski Tersiyer kayalar\u0131ndaki tektonik kuvvetler Zvolen Havzas\u0131&#039;n\u0131 olu\u015ftururken, Hron Vadisi&#039;nin kuzeybat\u0131 buz tabakas\u0131n\u0131n oydu\u011fu bir fay hatt\u0131, buradaki zemini kom\u015fu yaylalara k\u0131yasla hafif\u00e7e \u00e7\u00f6k\u00fck b\u0131rakt\u0131. Andezit ve t\u00fcfler \u00e7a\u011f\u0131ndaki volkanik huzursuzluk, b\u00f6lge genelinde genellikle l\u00f6s ve polijenetik killerle \u00f6rt\u00fcl\u00fc olan Alt Toronian t\u00fcfleri, killeri, konglomeralar\u0131 ve kumta\u015flar\u0131ndan olu\u015fan bir patchwork olu\u015fturdu. Bu birikintiler, ovalardaki yap\u0131\u015ft\u0131r\u0131lm\u0131\u015f ilmimer alt tiplerinden yama\u00e7lardaki kambisollere kadar de\u011fi\u015fen topraklar olu\u015fturdu ve kapl\u0131ca alanlar\u0131n\u0131n \u00fczerindeki ormanl\u0131k y\u00fckseklikler i\u00e7in verimli bir matris sundu. Bu katmanl\u0131 yery\u00fcz\u00fcnde, kapl\u0131cadan g\u00fcneybat\u0131ya do\u011fru uzanan bir fay hatt\u0131 vard\u0131 ve termal sular\u0131 ge\u00e7irimsiz katmanlar\u0131n derinliklerinde hapsediyordu. Jeoloji cerrahlar\u0131 1898 y\u0131l\u0131nda bu sular\u0131 delerek, Triyas dolomitleri ve kire\u00e7ta\u015flar\u0131n\u0131n derinliklerine 405 metre kadar girerek saniyede 15 litre 48,5 \u00b0C mineralli su veren bir kaynak ortaya \u00e7\u0131karm\u0131\u015flard\u0131.<\/p>\n<p>Bilimsel merak s\u0131cakl\u0131\u011f\u0131n\u0131 ortaya \u00e7\u0131karmadan \u00e7ok \u00f6nce, Kov\u00e1\u010dov\u00e1 b\u00f6lgesindeki insan varl\u0131\u011f\u0131, spa kaz\u0131lar\u0131 s\u0131ras\u0131nda bulunan seramik par\u00e7alar\u0131n\u0131n zamanla kaybolan yerle\u015fim yerlerine i\u015faret etti\u011fi Erken Tun\u00e7 \u00c7a\u011f\u0131&#039;na kadar uzan\u0131yor. Alt\u0131nc\u0131 y\u00fczy\u0131l\u0131n sonu, yeni sakinlerin havzan\u0131n t\u0131nl\u0131 topraklar\u0131nda \u00e7ift\u00e7ilik yapmaya \u00e7al\u0131\u015fmas\u0131yla Prag tipi Erken Slav \u00e7anak \u00e7\u00f6mle\u011fi getirdi. B\u00fcy\u00fck Moravya d\u00f6neminde, 1241&#039;deki Mo\u011fol istilas\u0131 bu karakollar\u0131 harap edene kadar, il\u00e7enin idari merkezi olan Pust\u00fd hrad etraf\u0131nda bir topluluk a\u011f\u0131 birle\u015fti. \u0130stilac\u0131lar\u0131n geri \u00e7ekilmesinden sonra topraklar yava\u015f yava\u015f yeniden n\u00fcfusland\u0131 ve 23 Nisan 1254&#039;te Kral IV. B\u00e9la&#039;n\u0131n bir t\u00fcz\u00fc\u011f\u00fcnde, Levice&#039;den Bansk\u00e1 Bystrica&#039;ya giden ticaret yolu boyunca s\u0131ralanm\u0131\u015f bir demirci yerle\u015fimi olan Star\u00e1 Kov\u00e1\u010dov\u00e1&#039;n\u0131n ilk yaz\u0131l\u0131 s\u00f6z\u00fc olan &#034;Terra hospitum de Koachou&#034; kaydedildi.<\/p>\n<p>K\u00f6y\u00fcn, yeni ortaya \u00e7\u0131kan mineral kaynaklar\u0131n\u0131n yak\u0131n\u0131ndaki \u015fimdiki yerine ta\u015f\u0131nmas\u0131, ancak on alt\u0131nc\u0131 y\u00fczy\u0131l\u0131n sonlar\u0131nda ger\u00e7ekle\u015fti. Bundan sonra, Kov\u00e1\u010dov\u00e1&#039;daki ya\u015fam Zvolen arazisine ba\u011fland\u0131, sakinleri, on yedinci y\u00fczy\u0131l\u0131n ba\u015f\u0131nda Osmanl\u0131 tehdidi bu yaylalara ula\u015ft\u0131\u011f\u0131nda silah ta\u015f\u0131salar bile, yerel soylular i\u00e7in ekme, bi\u00e7me ve ta\u015f\u0131ma ritmine ba\u011fl\u0131yd\u0131. \u00c7ok bilgili Matej Bel daha sonra 1736&#039;da toplulu\u011fu &#034;k\u00fc\u00e7\u00fck, fakir bir k\u00f6y&#034; olarak tan\u0131mlad\u0131 ve Samuel Mikov\u00edny&#039;nin on sekizinci y\u00fczy\u0131l ortalar\u0131ndaki haritalar\u0131, m\u00fctevaz\u0131 ayak izini do\u011frulad\u0131. Macarla\u015ft\u0131rma politikalar\u0131, kasaban\u0131n Slovak kimli\u011fini k\u00f6k\u00fcnden s\u00f6kmeyecekti ve on dokuzuncu y\u00fczy\u0131l\u0131n sonlar\u0131na do\u011fru, ke\u015fif ama\u00e7l\u0131 k\u00f6m\u00fcr sondajlar\u0131 Kov\u00e1\u010dov\u00e1&#039;n\u0131n kaderini yeniden tan\u0131mlayacak termal damara \u00e7arparken, linyit ocaklar\u0131 \u00e7evredeki tepeleri yaralad\u0131.<\/p>\n<p>1898&#039;de termal suyun ke\u015ffi yeni bir sayfa a\u00e7t\u0131. \u0130lk kuyular 45,6 \u00b0C&#039;de kaynak suyu sa\u011fl\u0131yordu, ancak 1964&#039;te daha derin bir sondaj deli\u011fi daha s\u0131cak ve daha bol ak\u0131\u015flar sa\u011flad\u0131. Orta Avrupa&#039;y\u0131 kas\u0131p kavuran siyasi d\u00f6n\u00fc\u015f\u00fcmlerle birlikte halk\u0131n bu sulara olan ilgisi de artt\u0131. Macaristan Krall\u0131\u011f\u0131 d\u00f6neminde Kov\u00e1\u010dov\u00e1, Z\u00f3lyom \u0130l\u00e7esi s\u0131n\u0131rlar\u0131 i\u00e7inde bulunuyordu; 1918&#039;de yeni \u00c7ekoslovak Cumhuriyeti&#039;ne kat\u0131ld\u0131 ve 1939&#039;dan 1945&#039;e kadar k\u0131sa Slovak Cumhuriyeti s\u0131n\u0131rlar\u0131 i\u00e7inde varl\u0131\u011f\u0131n\u0131 s\u00fcrd\u00fcrd\u00fc. Sava\u015f aras\u0131 y\u0131llarda yerel liderler 1932&#039;de resmi t\u0131bbi spa stat\u00fcs\u00fc i\u00e7in dilek\u00e7e verdiler ve 1930&#039;da spa&#039;ya elektri\u011fin gelmesi, ard\u0131ndan 1937&#039;de k\u00f6y \u00e7ap\u0131nda elektriklendirme, gelecekteki altyap\u0131 iyile\u015ftirmelerinin habercisi oldu.<\/p>\n<p>Karayollar\u0131 Kov\u00e1\u010dov\u00e1&#039;n\u0131n geli\u015fiminin atardamarlar\u0131 haline geldi. I\/69 otoyolu do\u011fu kenar\u0131ndan ge\u00e7erek Nitra&#039;y\u0131 Bansk\u00e1 Bystrica&#039;ya ba\u011flayan ve Zvolen&#039;den I\/66&#039;ya ba\u011flanan R1 ekspres yolunu kesiyor. \u00dc\u00e7 kilometre kuzeyde, Slia\u010d havaalan\u0131 k\u00f6y\u00fcn ula\u015f\u0131m\u0131n\u0131 hava yolcular\u0131na kadar geni\u015fletiyor. Banliy\u00f6 otob\u00fcs hatlar\u0131 her iki b\u00f6lgesel merkeze de do\u011frudan hizmet garanti ederken, R1\u2013Bud\u010da ekspres yolu ve yerel yol iyile\u015ftirmeleri hem yolcular hem de ziyaret\u00e7iler i\u00e7in eri\u015fimi kolayla\u015ft\u0131rd\u0131. 1950&#039;lere gelindi\u011finde \u00f6zel motorlu ula\u015f\u0131m at arabalar\u0131n\u0131n yerini alm\u0131\u015ft\u0131; \u010cSAD otob\u00fcsleri 1952&#039;den itibaren d\u00fczenli sefer saatleri sunuyordu.<\/p>\n<p>Trafi\u011fin u\u011fultusu ve turistlerin gevezeli\u011finin alt\u0131nda k\u0131tasal z\u0131tl\u0131klar\u0131n iklimi yat\u0131yor. Havzada her y\u0131l 173 g\u00fcne kadar s\u0131k \u200b\u200bs\u0131k ters d\u00f6nmeler ve sis kaydediliyor; bu, nehir oyulmu\u015f olu\u011funda biriken so\u011fuk havan\u0131n kan\u0131t\u0131. K\u0131\u015flar so\u011fuktur - Ocak ay\u0131ndaki ortalama s\u0131cakl\u0131k -4,7 \u00b0C&#039;ye d\u00fc\u015fer ve okumalar -30 \u00b0C&#039;ye kadar d\u00fc\u015febilir - Temmuz ay\u0131ndaki s\u0131cakl\u0131k ortalama 18,8 \u00b0C&#039;de zirveye ula\u015f\u0131r ve \u00f6\u011fleden sonra g\u00f6k g\u00fcr\u00fclt\u00fcl\u00fc f\u0131rt\u0131nalara neden olan g\u00fcne\u015f alt\u0131nda 35 \u00b0C&#039;nin \u00fczerinde a\u015f\u0131r\u0131 s\u0131cakl\u0131klar g\u00f6r\u00fcl\u00fcr. Y\u0131ll\u0131k ya\u011f\u0131\u015f 700 mm&#039;yi a\u015far, Temmuz ay\u0131nda 81 mm&#039;de yo\u011funla\u015f\u0131r ve ilk karlar Kas\u0131m ay\u0131 sonlar\u0131nda gelir, Mart ay\u0131 ba\u015f\u0131na kadar tarlalar\u0131 \u00f6rter ve derinlikler 20 cm&#039;yi biraz a\u015far. Vadi sisi sabah\u0131n ortas\u0131na do\u011fru yerini yanmaya b\u0131rak\u0131r, ancak bulut \u00f6rt\u00fcs\u00fc Aral\u0131k ay\u0131na kadar yakla\u015f\u0131k &#039;da kal\u0131r ve sadece Eyl\u00fcl ay\u0131nda &#039;ye d\u00fc\u015fer; o zaman g\u00f6ky\u00fcz\u00fc be\u015f g\u00fcnde bir a\u00e7\u0131kt\u0131r.<\/p>\n<p>Do\u011fa k\u00f6y\u00fc, her biri g\u00fcrgen, g\u00fcm\u00fc\u015f k\u00f6knar ve \u0130sko\u00e7 \u00e7am\u0131yla serpi\u015ftirilmi\u015f zengin kay\u0131n, me\u015fe ve ladin ormanlar\u0131yla \u00e7er\u00e7eveliyor. Ak\u00e7aa\u011fa\u00e7lar, \u00e7\u0131narlar ve titrek kavaklar k\u0131y\u0131 koridorlar\u0131n\u0131 noktal\u0131yor, kara akasya ve \u0131hlamur ise spa park yollar\u0131n\u0131 ve eski klorlu g\u00f6letleri s\u00fcsl\u00fcyor. Mezarl\u0131\u011f\u0131n i\u00e7inde, \u00fc\u00e7 y\u00fcz y\u0131ll\u0131k g\u00f6vdeleri ya\u015fayan bir an\u0131t olan b\u00fcy\u00fck yaprakl\u0131 \u0131hlamur korusu duruyor ve yak\u0131ndaki rekreasyon alan\u0131nda y\u00fczy\u0131llard\u0131r de\u011fi\u015fen mevsimleri i\u015faret eden \u00fc\u00e7 b\u00fcy\u00fck me\u015fe a\u011fac\u0131 k\u00fcmeleniyor. B\u00f4rina \u00e7am korusu da g\u00f6rkemli s\u0131ralar\u0131 ve g\u00fcne\u015fle \u0131s\u0131nan yama\u00e7lara tutunan termofilik bitkileriyle an\u0131lmaya de\u011fer. Toplay\u0131c\u0131lar bol miktarda mantar ve \u015fifal\u0131 ot buluyor ve k\u00f6y\u00fcn \u00fczerindeki k\u00fc\u00e7\u00fck bir g\u00f6let, sakin bir su kenar\u0131 dinlenmesi sunuyor.<\/p>\n<p>Fauna orman\u0131 takip eder. Karaca, k\u0131z\u0131l geyik ve yaban domuzu Kremnick\u00e9 vrchy&#039;nin g\u00fcney mahmuzlar\u0131nda dola\u015f\u0131r, eski bir hayvanat bah\u00e7esinden ka\u00e7an karacalar ise fark edilmeden yerli s\u00fcr\u00fclerle kar\u0131\u015f\u0131r. Yabani kediler alacakaranl\u0131kta avlan\u0131r ve bayku\u015flar (hem b\u00fcy\u00fck boynuzlu hem de at nal\u0131) gece g\u00f6ky\u00fcz\u00fcnde devriye gezer. Korunakl\u0131 a\u00e7\u0131kl\u0131klarda b\u00fcy\u00fck at nal\u0131 yarasalar\u0131 eski dallar\u0131n alt\u0131nda \u00e7\u0131rp\u0131n\u0131r ve al\u00e7ak bitki \u00f6rt\u00fcs\u00fcn\u00fcn ortas\u0131nda ye\u015fil bir peygamber devesi bir yapra\u011f\u0131n \u00fczerinde hareketsiz durabilir. Nehir kenar\u0131ndaki \u00e7al\u0131l\u0131klardan kayal\u0131k \u00e7\u0131k\u0131nt\u0131lara kadar uzanan ya\u015fam alanlar\u0131n\u0131n mozai\u011fi, k\u00f6y\u00fcn m\u00fctevaz\u0131 boyutunu yalanlayan bir \u00e7e\u015fitlili\u011fi s\u00fcrd\u00fcr\u00fcr.<\/p>\n<p>Yirminci y\u00fczy\u0131l toplumsal ve medeni yap\u0131y\u0131 yeniden \u015fekillendirdi. 1929&#039;da \u0160tefan P\u0159\u00edhoda&#039;ya ait ilk otomobil geldi ve birka\u00e7 y\u0131l i\u00e7inde k\u00f6yde telefon hatlar\u0131 ve posta arabas\u0131 istasyonu olan yeniden in\u015fa edilmi\u015f bir devlet yolu vard\u0131. Sava\u015f sonras\u0131 y\u0131llarda \u00f6zel otob\u00fcs hizmetleri, kolektif \u00e7iftliklerin birle\u015ftirilmesi, bir k\u00fclt\u00fcr merkezi, bir ma\u011faza, bir otel ve bir da\u011f kul\u00fcbesi geldi. 1970&#039;lere gelindi\u011finde bir araba kamp alan\u0131 ve gaz boru hatt\u0131 modern e\u011flence ve fayday\u0131 i\u015faret ederken, bir \u00e7ocuk spas\u0131, bir anaokulu ve Ulusal Rehabilitasyon Merkezi b\u00fcy\u00fcyen sa\u011fl\u0131k hizmeti ve aile hizmetleri listesine eklendi. 1991&#039;de bir ilkokul binas\u0131n\u0131n, bir rezervuar\u0131n ve iyile\u015ftirilmi\u015f ileti\u015fimin tamamlanmas\u0131, 1998&#039;de a\u00e7\u0131lan ve bir pazar salonu, otob\u00fcs duraklar\u0131 ve bilgi panolar\u0131n\u0131n k\u00fc\u00e7\u00fck bir gezinti yolunun etraf\u0131nda topland\u0131\u011f\u0131 canland\u0131r\u0131lm\u0131\u015f k\u00f6y meydan\u0131n\u0131n habercisiydi.<\/p>\n<p>Kov\u00e1\u010dov\u00e1&#039;daki e\u011fitim, 1837&#039;de Trebu\u013ea adl\u0131 bir k\u00f6yl\u00fc \u00f6\u011fretmenin resmi bir okuldan \u00e7ok bir \u00f6\u011fretim tesisi olan bir yerde ilkel dersler vermesiyle m\u00fctevaz\u0131 bir \u015fekilde ba\u015flad\u0131. 1907&#039;de b\u00f6lge sakinleri yeni bir okul binas\u0131 in\u015fa etmi\u015f ve Macarca e\u011fitim vermeye ba\u015flam\u0131\u015flard\u0131; 1918&#039;den sonra, devlet taraf\u0131ndan e\u011fitilen \u00f6\u011fretmenler Slovak\u00e7a dersler verdiler. Yirminci y\u00fczy\u0131l\u0131n ikinci yar\u0131s\u0131nda iki s\u0131n\u0131fl\u0131 bir ilkokul k\u00f6k sald\u0131 ve ard\u0131ndan bir anaokulu eklendi. 2002&#039;de her iki kurum da Kov\u00e1\u010dov\u00e1 \u0130lkokulu ve Anaokulu&#039;nda birle\u015ferek okul \u00f6ncesinden birinci s\u0131n\u0131fa kadar \u00e7ocuklar\u0131 tek bir \u00e7at\u0131 alt\u0131nda destekledi ve k\u00f6y gelene\u011fi olan topluluk temelli \u00f6\u011frenmeyi s\u00fcrd\u00fcrd\u00fc.<\/p>\n<p>Dernekler ve g\u00f6n\u00fcll\u00fc gruplar uzun zamand\u0131r yerel k\u00fclt\u00fcr\u00fc tan\u0131mlam\u0131\u015ft\u0131r. Slovak K\u0131z\u0131l Ha\u00e7\u0131, Slovak Kad\u0131nlar Derne\u011fi ve Matica slovensk\u00e1, Emekliler Kul\u00fcb\u00fc \u017divena, Avc\u0131l\u0131k Derne\u011fi ve \u00e7ocuk korosu Gorazd\u00edk&#039;in de kat\u0131ld\u0131\u011f\u0131 sivil ve k\u00fclt\u00fcrel faaliyetleri s\u00fcrd\u00fcrmektedir. Atletik merakl\u0131lar futbol ve masa tenisi tak\u0131mlar\u0131 organize eder, turistler ve voleybol oyuncular\u0131 parkurlar\u0131 ve kortlar\u0131 haritaland\u0131r\u0131r, bowling oyuncular\u0131 ve satran\u00e7 oyuncular\u0131 toplum merkezinde toplan\u0131r ve Ulusal Rehabilitasyon Merkezi i\u00e7inde Engelliler Spor Kul\u00fcb\u00fc faaliyet g\u00f6sterir. Her organizasyon gelenekleri korur, sosyal ba\u011flar\u0131 besler ve Kov\u00e1\u010dov\u00e1&#039;n\u0131n kapsay\u0131c\u0131 toplumsal ya\u015fama olan ba\u011fl\u0131l\u0131\u011f\u0131n\u0131 vurgular.<\/p>\n<p>Demografik e\u011filimler istikrarl\u0131 b\u00fcy\u00fcmeyi yans\u0131t\u0131yor. 1787&#039;de sadece 203 sakinden, n\u00fcfus bir as\u0131r sonra 297&#039;ye ve 1948&#039;de 450&#039;ye \u00e7\u0131kt\u0131. 1970&#039;te 685&#039;e \u00e7\u0131kt\u0131 ve milenyumun ba\u015f\u0131nda 1.480&#039;e ula\u015ft\u0131. K\u0131sa bir duraklaman\u0131n ard\u0131ndan, 2005&#039;ten sonraki yeni konut geli\u015ftirmeleri yenilenen geni\u015flemeyi k\u00f6r\u00fckledi ve 2016&#039;da say\u0131lan 1.541 sakinle sonu\u00e7land\u0131. Slovaklar n\u00fcfusun &#039;inden fazlas\u0131n\u0131 olu\u015fturuyor ve bireysel konut projelerinde devam eden art\u0131\u015f, k\u00f6y\u00fcn aileler ve emekliler i\u00e7in \u00e7ekicili\u011fini do\u011fruluyor.<\/p>\n<p>Kov\u00e1\u010dov\u00e1&#039;n\u0131n sembolleri kimli\u011fini hanedanl\u0131k bi\u00e7imine dam\u0131t\u0131r. Belediye armas\u0131, mavi bir kalkan \u00fczerinde alt\u0131n renginde iki \u00e7apraz at nal\u0131 ve hem at\u0131 hem de nehri \u00e7a\u011fr\u0131\u015ft\u0131ran mavi bir \u015feridin alt\u0131nda y\u00fckseltilmi\u015f dalgal\u0131 bir topuk sunar. \u015eenlikli g\u00fcnlerde dalgalanan bayra\u011f\u0131, beyaz, sar\u0131, mavi, sar\u0131, beyaz olmak \u00fczere be\u015f bant halinde yatay olarak uzan\u0131r ve armalar\u0131 yans\u0131tan ve \u00fc\u00e7 sivri u\u00e7la sonlanan oranlardad\u0131r; k\u00f6y\u00fcn gelenek ve a\u00e7\u0131kl\u0131\u011f\u0131n harman\u0131n\u0131 hat\u0131rlat\u0131r.<\/p>\n<p>G\u00fcn\u00fcm\u00fczde turizm, Kov\u00e1\u010dov\u00e1&#039;n\u0131n sa\u011fl\u0131k hizmetleri, a\u00e7\u0131k hava rekreasyonu ve b\u00f6lgesel miras\u0131n\u0131n birle\u015fimiyle geli\u015fmektedir. Tatil Park\u0131 y\u0131l boyunca faaliyet g\u00f6stermektedir, su atraksiyonlar\u0131 ve biti\u015fik kamp alan\u0131 \u00f6zel evler ve misafirhanelerle \u00e7evrilidir. Bisiklet\u00e7iler asfalt ve orman yollar\u0131n\u0131 takip ederek yak\u0131ndaki Bad\u00edn Orman\u0131&#039;na veya etekler boyunca Kremnick\u00e9 vrchy s\u0131rt\u0131na do\u011fru ilerlerken, toplay\u0131c\u0131lar chanterelles ve porcini mantar\u0131 aramak i\u00e7in \u00e7al\u0131l\u0131klara do\u011fru ilerler. Bir y\u00fcr\u00fcy\u00fc\u015f yolu, bu volkanik tepelerin panoramik manzaralar\u0131na \u00e7\u0131kar ve yak\u0131nlardaki bir dizi simge yap\u0131 her g\u00fczergah\u0131 zenginle\u015ftirir: Hronsek&#039;in zarif ah\u015fap eklemli kilisesi, Pust\u00fd Kalesi&#039;nin sessiz kal\u0131nt\u0131lar\u0131, Zvolen Kalesi&#039;nin m\u00fcstahkem salonlar\u0131, Borov\u00e1 hora Arboretum&#039;un i\u011fne yaprakl\u0131lar\u0131 ve Slia\u010d Spa&#039;n\u0131n mineral havuzlar\u0131.<\/p>\n<p>Kov\u00e1\u010dov\u00e1&#039;n\u0131n \u00f6z\u00fc, toprak, su, tarih ve toplumun birle\u015fmesinden ortaya \u00e7\u0131kar. Termal kaynaklar\u0131 Triyas kayalar\u0131ndan f\u0131\u015fk\u0131r\u0131r, ormanlar\u0131 volkanik t\u00fcfler \u00fczerinde b\u00fcy\u00fcr, halk\u0131 Bronz \u00c7a\u011f\u0131 \u00e7\u00f6mlek\u00e7ilerinden modern spa terapistlerine kadar uzanan bir soydan gelir. Y\u00fczy\u0131llar s\u00fcren siyasi de\u011fi\u015fim, ekonomik \u00e7alkant\u0131 ve toplumsal d\u00f6n\u00fc\u015f\u00fcm boyunca k\u00f6y, yeni b\u00fcy\u00fcme b\u00f6l\u00fcmlerini kucaklarken bile karakterini korumu\u015ftur. Hem dinlenme hem de ayd\u0131nlanma arayan gezginler i\u00e7in Kov\u00e1\u010dov\u00e1, sular\u0131n\u0131n s\u0131cakl\u0131\u011f\u0131n\u0131, da\u011f havas\u0131n\u0131n berrakl\u0131\u011f\u0131n\u0131 ve yerin de\u011ferini uzun zamand\u0131r anlam\u0131\u015f bir toplumun kal\u0131c\u0131 nabz\u0131n\u0131 sunar.<\/p>","protected":false},"excerpt":{"rendered":"<p>Zvolen Havzas\u0131&#039;n\u0131n g\u00fcneybat\u0131 kesiminde bulunan Kov\u00e1\u010dov\u00e1, yakla\u015f\u0131k 1.600 n\u00fcfusa sahip, Orta Slovakya&#039;da bir kapl\u0131ca k\u00f6y\u00fcd\u00fcr. \u015eifal\u0131 kapl\u0131calar\u0131 ve 13. y\u00fczy\u0131la dayanan zengin tarihiyle \u00fcnl\u00fc olan bu pastoral k\u00f6y, Zvolen&#039;in sadece 4 kilometre bat\u0131s\u0131ndad\u0131r.<\/p>","protected":false},"author":1,"featured_media":17539,"parent":13300,"menu_order":0,"comment_status":"closed","ping_status":"closed","template":"elementor_theme","meta":{"_eb_attr":"","footnotes":""},"class_list":["post-17250","page","type-page","status-publish","has-post-thumbnail"],"_links":{"self":[{"href":"https:\/\/travelshelper.com\/tr\/wp-json\/wp\/v2\/pages\/17250","targetHints":{"allow":["GET"]}}],"collection":[{"href":"https:\/\/travelshelper.com\/tr\/wp-json\/wp\/v2\/pages"}],"about":[{"href":"https:\/\/travelshelper.com\/tr\/wp-json\/wp\/v2\/types\/page"}],"author":[{"embeddable":true,"href":"https:\/\/travelshelper.com\/tr\/wp-json\/wp\/v2\/users\/1"}],"replies":[{"embeddable":true,"href":"https:\/\/travelshelper.com\/tr\/wp-json\/wp\/v2\/comments?post=17250"}],"version-history":[{"count":0,"href":"https:\/\/travelshelper.com\/tr\/wp-json\/wp\/v2\/pages\/17250\/revisions"}],"up":[{"embeddable":true,"href":"https:\/\/travelshelper.com\/tr\/wp-json\/wp\/v2\/pages\/13300"}],"wp:featuredmedia":[{"embeddable":true,"href":"https:\/\/travelshelper.com\/tr\/wp-json\/wp\/v2\/media\/17539"}],"wp:attachment":[{"href":"https:\/\/travelshelper.com\/tr\/wp-json\/wp\/v2\/media?parent=17250"}],"curies":[{"name":"wp","href":"https:\/\/api.w.org\/{rel}","templated":true}]}}