{"id":17244,"date":"2024-09-25T23:20:32","date_gmt":"2024-09-25T23:20:32","guid":{"rendered":"https:\/\/travelshelper.com\/staging\/?page_id=17244"},"modified":"2026-03-12T22:34:39","modified_gmt":"2026-03-12T22:34:39","slug":"dudince","status":"publish","type":"page","link":"https:\/\/travelshelper.com\/tr\/destinations\/europe\/slovakia\/dudince\/","title":{"rendered":"Dudince"},"content":{"rendered":"<p>Slovakya&#039;n\u0131n en k\u00fc\u00e7\u00fck kasabas\u0131 olan Dudince, yakla\u015f\u0131k 1.400 sakine ev sahipli\u011fi yap\u0131yor ve g\u00fcney Slovakya&#039;n\u0131n Bansk\u00e1 Bystrica B\u00f6lgesi&#039;nde deniz seviyesinden 140 metre y\u00fckseklikte kompakt bir ayak izini kapl\u0131yor. \u0130\u00e7 Bat\u0131 Karpatlar&#039;\u0131n bir par\u00e7as\u0131 olan Krupina Ovas\u0131&#039;n\u0131n eteklerinde yer alan ve \u0160tiavnica Nehri vadisinin iki yakas\u0131nda bulunan kasaba, Krupina&#039;n\u0131n yakla\u015f\u0131k 27 kilometre g\u00fcneybat\u0131s\u0131nda ve \u0160ahy&#039;nin 15 kilometre kuzeyinde yer almaktad\u0131r. Kasaban\u0131n m\u00fctevaz\u0131 kapsam\u0131, bir destinasyon spa olarak \u00f6nemini, antik \u00e7a\u011flardan beri ziyaret\u00e7ileri \u00e7eken mineral a\u00e7\u0131s\u0131ndan zengin termal su kaynaklar\u0131na dayanan itibar\u0131n\u0131 gizliyor. Dudince&#039;nin s\u0131cak, istikrarl\u0131 bir iklimi benimsemesi ve s\u0131n\u0131rlar\u0131n\u0131 \u00fcz\u00fcm ba\u011flar\u0131yla \u00e7evreleyen Stredoslovenska \u015farap b\u00f6lgesinin kalbindeki konumu, kal\u0131c\u0131 cazibesini anlamak i\u00e7in temel ba\u011flam\u0131 olu\u015fturuyor.<\/p>\n<p>Arkeolojik kan\u0131tlar, Neolitik \u00c7a\u011f&#039;dan beri b\u00f6lgede insan varl\u0131\u011f\u0131n\u0131 ortaya koyuyor ve yerle\u015fimin bilinen en eski yaz\u0131l\u0131 kayd\u0131 Dyud ad\u0131yla 1284&#039;e dayan\u0131yor. 1551&#039;de, belgelenmi\u015f kaynaklar ilk olarak termal kaynaklar\u0131n varl\u0131\u011f\u0131ndan bahsetti, ancak kaynaklar\u0131n k\u00f6keni \u00e7ok daha derin bir zamana dayan\u0131yor: jeolojik ve hidrolojik desenler, Romal\u0131lar\u0131n bu sular\u0131 iki bin y\u0131ldan daha \u00f6nce bildi\u011fini ve muhtemelen kulland\u0131\u011f\u0131n\u0131 g\u00f6steriyor. Dudince ve \u00e7evresindeki traverten birikintileri o d\u00f6neme sessiz bir tan\u0131kl\u0131k ediyor: modern kapl\u0131can\u0131n arazisinde, do\u011frudan travertenin i\u00e7ine oyulmu\u015f otuz iki oyulmu\u015f havuzdan olu\u015fan bir k\u00fcme olan Roma hamamlar\u0131n\u0131 hala g\u00f6zlemleyebilirsiniz; burada su bir zamanlar ana havuzdan f\u0131\u015fk\u0131r\u0131yor ve ard\u0131\u015f\u0131k havuzlara d\u00f6k\u00fcl\u00fcyordu. Yerel gelenek, alt havuzlar\u0131n s\u0131radan lejyonerlere, yama\u00e7taki daha y\u00fcksek havuzlar\u0131n ise komutanlara hizmet etti\u011fini ileri s\u00fcr\u00fcyor. Y\u00fczy\u0131llar sonra kenevir banyolar\u0131 olarak i\u015flev g\u00f6receklerdi, ancak ta\u015f duvarlar\u0131 ilk yerle\u015fimcilerin el i\u015f\u00e7ili\u011fi i\u015f\u00e7ili\u011finin izlerini f\u0131s\u0131ld\u0131yor.<\/p>\n<p>Dudince kaynaklar\u0131n\u0131n jeolojik yap\u0131s\u0131 hem karma\u015f\u0131k hem de faydal\u0131d\u0131r. Sular bikarbonat klor\u00fcr, sodyum-kalsiyum, karbonatl\u0131, s\u00fclf\u00fcrik ve hafif hipotonik olarak s\u0131n\u0131fland\u0131r\u0131l\u0131r ve 28 ila 28,5 santigrat derece sabit s\u0131cakl\u0131kta akar. On sekizinci y\u00fczy\u0131l\u0131n ortalar\u0131nda, Profes\u00f6r Heinrich Johan von Crantz, \u015fifal\u0131 kaynaklar hakk\u0131ndaki 1777 tarihli incelemesinde bunlara at\u0131fta bulunarak, bunlar\u0131n Avrupa t\u0131p literat\u00fcr\u00fcne ilk kez resmi olarak dahil edilmesini sa\u011flam\u0131\u015ft\u0131r. 1890 civar\u0131nda, Viyana Co\u011frafya Enstit\u00fcs\u00fc ilk ara\u015ft\u0131rmalar\u0131 y\u00fcr\u00fctm\u00fc\u015f, ard\u0131ndan Maden Jeoloji Enstit\u00fcs\u00fc&#039;nden ara\u015ft\u0131rmac\u0131lar gelmi\u015ftir; \u00e7al\u0131\u015fmalar\u0131 23 Ocak 1894&#039;te kaynaklar\u0131 resmi olarak t\u0131bbi olarak tan\u0131yan ve Gestenec Tepesi \u00e7evresindeki araziyi korunan bir b\u00f6lge olarak belirleyen bir kararname ile sonu\u00e7lanm\u0131\u015ft\u0131r. Bu kararlar, Dudince&#039;nin bir tedavi merkezi olarak geli\u015ftirilmesinin temelini olu\u015fturmu\u015ftur.<\/p>\n<p>Yirminci y\u00fczy\u0131l\u0131n ba\u015f\u0131nda, giri\u015fimci fig\u00fcrler bu tan\u0131mlamadan yararlanmak i\u00e7in harekete ge\u00e7tiler. 1900 y\u0131l\u0131nda, kaynaklar\u0131n sahibi olan Hugo Oberndorff, do\u011fu kaynak sistemindeki ilk a\u00e7\u0131k hamam\u0131 kendi ki\u015fisel \u00e7evresi i\u00e7in g\u00f6revlendirdi; 1935&#039;te kapand\u0131 ancak kasaban\u0131n d\u00f6n\u00fc\u015f\u00fcm\u00fcnde \u00f6nemli bir an\u0131 temsil etti. 1907&#039;de, bat\u0131 kaynak sistemi ilk hamam\u0131n\u0131 Filip Gutmann and Company taraf\u0131ndan, kapl\u0131can\u0131n do\u011fu aya\u011f\u0131ndaki travertenin i\u00e7ine oyulmu\u015f bir tesis olarak kurdu. Gutmann&#039;\u0131n g\u00f6rev s\u00fcresinin ard\u0131ndan, 1916&#039;dan itibaren kaynaklar, 1918 bahar\u0131nda B\u00fcy\u00fck Kapl\u0131ca kuyusu ad\u0131n\u0131 verdi\u011fi \u015feyi delmi\u015f olan Budape\u015fteli Koloman Br\u00e1zzay&#039;\u0131n eline ge\u00e7ti. Br\u00e1zzay 1921&#039;de kira \u00f6demeyi b\u0131rakt\u0131\u011f\u0131nda, Oberndorff&#039;tan kaynaklanan ve elli bir y\u0131l\u0131 kapsayan kalan kira haklar\u0131n\u0131, 2 Kas\u0131m 1938&#039;deki Viyana Tahkiminin siyasi \u00e7alkant\u0131s\u0131na kadar kaynaklar\u0131 y\u00f6neten \u0160ahy&#039;li J\u00falius Unterberger&#039;e devretti. Dudince&#039;in Slovak s\u0131n\u0131rlar\u0131 i\u00e7inde kalmas\u0131 ve \u0160ahy&#039;nin Macaristan&#039;a ge\u00e7mesiyle, kasaban\u0131n Avrupa y\u00f6r\u00fcngesi \u0130kinci D\u00fcnya Sava\u015f\u0131&#039;n\u0131n belirsiz y\u0131llar\u0131na do\u011fru sapt\u0131.<\/p>\n<p>Sava\u015f, spa tesislerine \u00f6nemli hasarlar verdi, ancak restorasyon \u00e7al\u0131\u015fmalar\u0131 sava\u015f sonras\u0131 d\u00f6nemde h\u0131zla ba\u015flad\u0131. 1948&#039;deki millile\u015ftirme, \u00f6zel olarak in\u015fa edilen bir in\u015faat a\u015famas\u0131n\u0131 ba\u015flatt\u0131. 1953 ve 1956 y\u0131llar\u0131 aras\u0131nda, \u015fifal\u0131 sular\u0131n daha bol miktarda tedarik edilmesini sa\u011flamak amac\u0131yla bir hidrojeolojik ara\u015ft\u0131rma yap\u0131ld\u0131. Bat\u0131 kaynak grubunda, S-3 kuyusu spaya taze, bol su ak\u0131\u015f\u0131 sa\u011flad\u0131; 1957&#039;den 1958&#039;e kadar mimarlar, a\u00e7\u0131k hava y\u00fczme kompleksi i\u00e7in tu\u011fla giri\u015f binas\u0131n\u0131 in\u015fa ettiler ve Kis B\u00fad\u00f4s olarak bilinen k\u00fc\u00e7\u00fck havuz hizmet d\u0131\u015f\u0131 b\u0131rak\u0131l\u0131rken bile daha b\u00fcy\u00fck havuzu geni\u015flettiler. 1953 ve 1958 y\u0131llar\u0131 aras\u0131nda Prag&#039;daki Charles \u00dcniversitesi&#039;nden Profes\u00f6r Eng. Dr. Ota Hynie&#039;nin ekibi taraf\u0131ndan y\u00fcr\u00fct\u00fclen son ve kapsaml\u0131 bir de\u011ferlendirme, suyun bile\u015fimini ve kalitesini belirleyerek geni\u015f terap\u00f6tik uygulama potansiyelini do\u011frulad\u0131.<\/p>\n<p>Dudince&#039;in spa tedavileri esas olarak kardiyovask\u00fcler ve kas-iskelet sistemlerine, romatizmal rahats\u0131zl\u0131klara, hipertansiyona, dermatolojik sorunlara ve belirli jinekolojik ve sindirim rahats\u0131zl\u0131klar\u0131na odaklan\u0131r. Kalsiyum, sodyum, bikarbonat, klor\u00fcr ve k\u00fck\u00fcrt bile\u015fikleri ile y\u00fczen \u0131l\u0131k mineral su, vazodilat\u00f6r etkiler g\u00f6sterir ve dola\u015f\u0131m stabilitesini destekler. May\u0131s&#039;tan Eyl\u00fcl&#039;e kadar, kasaba bu mineral kaynaklar\u0131yla beslenen halka a\u00e7\u0131k bir y\u00fczme havuzu a\u00e7ar ve sakinlerin ve ziyaret\u00e7ilerin, rahatlat\u0131c\u0131 \u00f6zellikleri hem rehabilitasyon hem de rahatlama i\u00e7in \u00f6l\u00e7\u00fclebilir faydalar sa\u011flayan suya kendilerini kapt\u0131rmalar\u0131na olanak tan\u0131r.<\/p>\n<p>Dudince, hidrolojik miras\u0131n\u0131n \u00f6tesinde, \u00fc\u00e7 farkl\u0131 arazi \u015feklinin co\u011frafi olarak bir araya gelmesinden faydalan\u0131r: kuzeybat\u0131daki \u0160tiavnica Da\u011flar\u0131, kuzeydo\u011fuya do\u011fru hafif\u00e7e y\u00fckselen Krupinsk\u00e1 Ovas\u0131 ve g\u00fcneye do\u011fru uzanan Tuna Ovas\u0131. \u0160tiavnica deresi kasabay\u0131 ge\u00e7erek, hem derenin sa\u011f k\u0131y\u0131s\u0131ndaki orijinal k\u00f6y olan Star\u00e9 Dudince&#039;i hem de bat\u0131ya do\u011fru demiryolu hatt\u0131n\u0131n etraf\u0131na geni\u015fleyen Nov\u00e9 Dudince&#039;i canland\u0131ran sakin, ritmik bir varl\u0131k sunar. Raylar\u0131n arkas\u0131nda, 1960&#039;ta ilhak edilen eskiden ba\u011f\u0131ms\u0131z bir k\u00f6y olan Merovce yer al\u0131r; 1994&#039;te in\u015fa edilen kendi Roma Katolik Our Lady of Peace Kilisesi&#039;ni ve 1996&#039;dan kalma bir Evanjelik Kilisesi&#039;ni korumaktad\u0131r.<\/p>\n<p>Kasaban\u0131n d\u00fczeni hem kompakt hem de ama\u00e7l\u0131d\u0131r. Star\u00e9 Dudince ana yol boyunca k\u00fcmelenmi\u015ftir ve orta\u00e7a\u011f k\u00f6kenlerine g\u00f6nderme yapan yerel ta\u015f ve s\u0131val\u0131 konutlara bir bak\u0131\u015f sunar. Nov\u00e9 Dudince, dere ve Zvolen-\u010cata demiryolu aras\u0131nda uzan\u0131r, daha yeni yap\u0131lar\u0131 spa-kasaba planlamas\u0131nda yirminci y\u00fczy\u0131l ilerlemelerini yans\u0131t\u0131r. Bir zamanlar tenha bir k\u00f6y olan Merovce, \u015fimdi Dudince&#039;nin belediye s\u0131n\u0131r\u0131yla birle\u015fiyor, iki modern kilisesi k\u00fc\u00e7\u00fck ama sad\u0131k bir cemaate hizmet ediyor.<\/p>\n<p>Ula\u015f\u0131m ba\u011flant\u0131lar\u0131 Dudince&#039;nin eri\u015filebilirli\u011fini g\u00fc\u00e7lendirir. I\/66 ve E77 otoyollar\u0131 kasabay\u0131 ikiye b\u00f6ler ve b\u00f6lgesel trafi\u011fi Macaristan ve orta Slovakya&#039;ya ta\u015f\u0131r. Planlar, R3 otoyolunun kasaban\u0131n \u00e7evresini dola\u015fmas\u0131n\u0131, transit trafi\u011fini y\u00f6nlendirmesini ve y\u00fcksek h\u0131zl\u0131 bir koridor olu\u015fturmak i\u00e7in R7 ile ba\u011flanmas\u0131n\u0131 \u00f6ng\u00f6r\u00fcyor. Zvolen-\u010cata hatt\u0131ndaki demir yolu hizmeti, kasaban\u0131n istasyonundaki duraklarla d\u00fczenli bir yolcu ak\u0131\u015f\u0131 sa\u011flayarak otoyollara sessiz bir alternatif sunar. Yol ve demir yolunun etkile\u015fimi hem yerel ekonomiyi hem de spa ziyaret\u00e7ilerinin ak\u0131\u015f\u0131n\u0131 destekler.<\/p>\n<p>Demografik olarak Dudince, dikkate de\u011fer bir \u015fekilde istikrarl\u0131 bir n\u00fcfusa sahip olmu\u015ftur. 2001 n\u00fcfus say\u0131m\u0131nda 1.500 ki\u015fi kaydedilmi\u015ftir ve bunlar\u0131n ,67&#039;si Slovak, %3,53&#039;\u00fc Macar ve %0,20&#039;si Roman olarak tan\u0131mlanm\u0131\u015ft\u0131r. Dini ba\u011fl\u0131l\u0131k ,67 ile Roma Katolikli\u011fine do\u011fru e\u011filim g\u00f6sterirken, Lutheranlar ,93&#039;\u00fc ve dini ba\u011f\u0131 olmayanlar ,27&#039;yi olu\u015fturmaktad\u0131r. Kasaban\u0131n b\u00fcy\u00fckl\u00fc\u011f\u00fc daha b\u00fcy\u00fck merkezlerin istatistiksel dinamizmini engellese de, bu rakamlar g\u00f6receli homojenlik ve geleneksel dini uygulamalarla karakterize edilen bir toplulu\u011fun alt\u0131n\u0131 \u00e7izmektedir.<\/p>\n<p>\u0130klimsel olarak Dudince, Slovakya&#039;n\u0131n en d\u00fc\u015f\u00fck s\u0131cakl\u0131k b\u00f6lgelerinden birine aittir, ancak paradoksal olarak \u00fclke i\u00e7inde her y\u0131l en fazla g\u00fcne\u015fli g\u00fcne sahiptir. \u0130svi\u00e7re iklim s\u0131n\u0131fland\u0131rmas\u0131na g\u00f6re, atmosferi yat\u0131\u015ft\u0131r\u0131c\u0131, sakinle\u015ftirici bir etki uygular ve onu \u00f6zellikle iyile\u015fme ve nazik rehabilitasyon i\u00e7in uygun hale getirir. Uzak, ormanl\u0131k \u00e7evresi sayesinde end\u00fcstriyel emisyonlar\u0131n olmamas\u0131 ve \u00e7evredeki tepelerin koruyucu kucaklamas\u0131 ola\u011fan\u00fcst\u00fc hava safl\u0131\u011f\u0131na sahip bir ortam yarat\u0131r.<\/p>\n<p>Dudince&#039;nin kompakt \u015fehir manzaras\u0131n\u0131n engebeli \u00fcz\u00fcm ba\u011flar\u0131 ve uzak tepelerle yan yana gelmesi \u00e7e\u015fitli gezilere davet ediyor. UNESCO D\u00fcnya Miras\u0131 Listesi&#039;ne dahil edilmeyi hak eden, \u00f6zenle korunmu\u015f maden mimarisine sahip Bansk\u00e1 \u0160tiavnica&#039;ya giden bir rota izlenebilir. Zvolen kolayca ula\u015f\u0131labilecek bir mesafede olup, St Anton&#039;daki on \u00fc\u00e7\u00fcnc\u00fc y\u00fczy\u0131l kalesi k\u00fc\u00e7\u00fck bir av m\u00fczesine ev sahipli\u011fi yapmaktad\u0131r. Do\u011fuda, \u0160ia ve Brhlovce, kumta\u015f\u0131 kayal\u0131klar\u0131na oyulmu\u015f ma\u011fara evlerinin ilgin\u00e7 manzaras\u0131n\u0131 sunmaktad\u0131r. Daha h\u0131rsl\u0131 gezginler, iki saatten k\u0131sa bir s\u00fcrede ulusal s\u0131n\u0131rlar\u0131 ge\u00e7erek Viyana veya Budape\u015fte&#039;ye g\u00fcn\u00fcbirlik geziler d\u00fczenler; di\u011ferleri ise kuzeye, Slovakya&#039;n\u0131n da\u011f kalbi olan Al\u00e7ak ve Y\u00fcksek Tatralar&#039;a do\u011fru ilerler.<\/p>\n<p>Daha yak\u0131nlarda, Rykyn\u010dice&#039;deki \u015farap tad\u0131m turlar\u0131, mahzenlerle dolu sokaklarda, b\u00f6lgesel halk geleneklerini sergileyen k\u00fclt\u00fcrel programlarla birlikte ortaya \u00e7\u0131kar. Termal \u00e7e\u015fitlilik arayanlar, Dudince&#039;nin mevsimlik havuzunu tamamlayan y\u0131l boyu termal banyo kompleksinin bulundu\u011fu yak\u0131ndaki Podh\u00e1jska&#039;y\u0131 ziyaret edebilir. Bu geziler arac\u0131l\u0131\u011f\u0131yla ziyaret\u00e7iler, Orta Avrupa&#039;n\u0131n bu k\u00f6\u015fesinde bir araya gelen k\u00fclt\u00fcrel, do\u011fal ve tarihi zenginliklerin geni\u015fli\u011fine bir g\u00f6z atarlar.<\/p>\n<p>Spor etkinlikleri Dudince&#039;in yak\u0131n tarihini noktalad\u0131, en dikkat \u00e7ekeni 2013 Avrupa Y\u00fcr\u00fcy\u00fc\u015f Yar\u0131\u015f\u0131 Kupas\u0131&#039;yd\u0131. Yar\u0131\u015fma, kasaban\u0131n caddelerinden, spa otel cephelerinden ve \u0160tiavnica k\u0131y\u0131lar\u0131ndan ge\u00e7en bir parkurda ilerleyen k\u0131tan\u0131n d\u00f6rt bir yan\u0131ndan elit sporcular\u0131 \u00e7ekti. Bu etkinlik, Dudince&#039;in uluslararas\u0131 toplant\u0131lara ev sahipli\u011fi yapma kapasitesini vurgulad\u0131, konaklama altyap\u0131s\u0131n\u0131 ve sakin ortam\u0131n\u0131 kullanarak yar\u0131\u015fmac\u0131lar\u0131 ve seyircileri ayn\u0131 \u015fekilde a\u011f\u0131rlad\u0131.<\/p>\n<p>M\u00fctevaz\u0131 \u00f6l\u00e7e\u011fine ra\u011fmen Dudince, demografisini a\u015fan bir kimli\u011fi uzun zamand\u0131r geli\u015ftirmi\u015ftir. Stredoslovenska \u015farap b\u00f6lgesi, Orta \u00c7a\u011f&#039;a kadar uzanan bir ba\u011fc\u0131l\u0131k gelene\u011fiyle onu sararken, traverten teraslar\u0131 ve termal kaynaklar\u0131 daha derin bir jeolojik ge\u00e7mi\u015fe i\u015faret eder. Roma izlerinin katmanla\u015fmas\u0131, orta\u00e7a\u011f yerle\u015fim d\u00fczenleri, on dokuzuncu y\u00fczy\u0131l bilimsel ara\u015ft\u0131rmalar\u0131 ve yirminci y\u00fczy\u0131l devlet \u00f6nc\u00fcl\u00fc\u011f\u00fcndeki kalk\u0131nma, hem tekil hem de Orta Avrupa spa k\u00fclt\u00fcr\u00fcn\u00fc temsil eden bir karaktere sahip bir kasaba ortaya \u00e7\u0131karm\u0131\u015ft\u0131r.<\/p>\n<p>Ana gezinti yolunda y\u00fcr\u00fcrken, cepheleri yirminci y\u00fczy\u0131l\u0131n ba\u015flar\u0131ndaki s\u00fcslemelerle sava\u015f sonras\u0131 sade uzant\u0131lar\u0131 harmanlayan spa otelleriyle kar\u015f\u0131la\u015f\u0131yorsunuz. Yerel ta\u015flarla d\u00f6\u015fenmi\u015f kald\u0131r\u0131m, kaynaklar\u0131n alt\u0131nda yatan traverteni yans\u0131t\u0131yor. Ihlamur ve akasya ile g\u00f6lgelenen ah\u015fap banklar, d\u00fc\u015f\u00fcnceli bir dinlenmeye davet ediyor; a\u015f\u0131nm\u0131\u015f y\u00fczeyleri, tedaviler aras\u0131nda duraklayan nesiller boyu ziyaret\u00e7ilerin izlerini ta\u015f\u0131yor. Beyaz \u00f6nl\u00fckler giymi\u015f spa doktorlar\u0131, \u0131\u015f\u0131k dolu kliniklerde hastalarla g\u00f6r\u00fc\u015f\u00fcyor, banyo, sarg\u0131 ve hafif egzersizlerden olu\u015fan bir rejim \u00f6neriyor. Nehrin kar\u015f\u0131s\u0131nda, \u00fcz\u00fcm ba\u011flar\u0131 alt yama\u00e7lara t\u0131rman\u0131yor, asma s\u0131ralar\u0131 sab\u0131rl\u0131 bir d\u00fczenlilikle g\u00fcne\u015fe do\u011fru e\u011filiyor.<\/p>\n<p>Star\u00e9 Dudince&#039;de k\u00fc\u00e7\u00fck f\u0131r\u0131nlar \u00e7avdar ve kimyon kokusu yay\u0131yor; kafeler koyu, ac\u0131ms\u0131 kahveyi porselen fincanlara d\u00f6k\u00fcyor. Nov\u00e9 Dudince ise daha ak\u0131c\u0131 hissettiriyor, dikd\u00f6rtgen apartman bloklar\u0131 ve spa ile ilgili hizmet binalar\u0131 i\u015flevsel bir kesinlikle d\u00fczenlenmi\u015f. Burada, sosyalist d\u00f6nem planlamas\u0131n\u0131n spa kasabas\u0131 ihtiya\u00e7lar\u0131yla i\u00e7 i\u00e7e ge\u00e7ti\u011fi hissediliyor: terap\u00f6tik odalar d\u00fcz koridorlar\u0131 s\u0131ral\u0131yor ve daha geni\u015f pencereler uzaktaki da\u011flar\u0131n g\u00f6r\u00fcnt\u00fclerini \u00e7er\u00e7eveliyor. Merovce daha sessiz olsa da pastoral bir \u00e7ekicilik yay\u0131yor: \u00e7ocuklar iki modern kilisesinin kulelerinin alt\u0131ndaki \u00e7imenli yollarda oynuyor, \u00e7an kuleleri d\u00fczenli bah\u00e7elerin \u00fczerinde y\u00fckseliyor.<\/p>\n<p>K\u0131\u015f\u0131n, tepeleri kar kaplad\u0131\u011f\u0131nda ve hava kristal berrakl\u0131\u011f\u0131na kavu\u015ftu\u011funda, mineralli suyun s\u0131cakl\u0131\u011f\u0131 daha da davetkar g\u00f6r\u00fcn\u00fcr. A\u00e7\u0131k hava havuzlar\u0131ndan buhar y\u00fckselir, banyo yapanlar\u0131n \u00fczerinden hayalet sarma\u015f\u0131klar gibi s\u00fcz\u00fcl\u00fcr ve so\u011fuk \u015fafak vakti g\u00fcne\u015fin ilk \u0131\u015f\u0131nlar\u0131 \u00e7evredeki \u00fcz\u00fcm ba\u011flar\u0131n\u0131 yald\u0131zlar. Sezon d\u0131\u015f\u0131 aylarda bile Dudince sakin bir canl\u0131l\u0131\u011f\u0131 korur: yerel kafeler s\u0131cak bitkisel inf\u00fczyonlar servis eder, ya\u015fl\u0131 sakinler haber al\u0131\u015fveri\u015finde bulunmak i\u00e7in meydanda toplan\u0131r ve birka\u00e7 dayan\u0131kl\u0131 ziyaret\u00e7i belirli aral\u0131klarla \u015fi\u015felenmi\u015f su yudumlayarak bireysel i\u00e7ki k\u00fcrlerine kat\u0131l\u0131r.<\/p>\n<p>\u0130leriye bak\u0131ld\u0131\u011f\u0131nda, R3 ve R7 otoyollar\u0131n\u0131n tamamlanmas\u0131 Dudince&#039;nin Bratislava, Budape\u015fte ve \u00f6tesine olan ba\u011flant\u0131lar\u0131n\u0131 yeniden \u00e7er\u00e7evelemeyi vaat ediyor. Toplu ta\u015f\u0131ma trafi\u011fi \u015fehir merkezinden \u00e7ekilecek, hava kalitesini iyile\u015ftirecek ve sokaklar\u0131 sakinle\u015ftirecek, yeni kav\u015faklar ise m\u00fctevaz\u0131 bir ekonomik b\u00fcy\u00fcmeyi te\u015fvik edebilir. Ancak zorluk, \u015fehrin huzur ve hizmet aras\u0131ndaki hassas dengesini korumak ve altyap\u0131sal de\u011fi\u015fimin ortas\u0131nda varolu\u015f nedeninin -terap\u00f6tik dinlenme- en \u00f6nde kalmas\u0131n\u0131 sa\u011flamak olacak.<\/p>\n<p>Dudince, yedi as\u0131rdan fazla belgelenmi\u015f tarihi boyunca de\u011fi\u015fen siyasi s\u0131n\u0131rlar, ekonomik rejimler ve bilimsel paradigmalar aras\u0131nda yol ald\u0131. 1284&#039;teki Dyud&#039;dan g\u00fcn\u00fcm\u00fcz\u00fcn kapl\u0131ca kasabas\u0131na kadar, kimli\u011fi derinlerden f\u0131\u015fk\u0131ran su, antik nehir yataklar\u0131nda biriken kire\u00e7 ta\u015f\u0131 ve do\u011fal zenginlikteki terap\u00f6tik vaadi fark eden insan yarat\u0131c\u0131l\u0131\u011f\u0131 taraf\u0131ndan olu\u015fturulmu\u015ftur. Oberndorff ve Gutmann&#039;dan, Br\u00e1zzay ve Unterberger&#039;den Profes\u00f6r von Crantz&#039;\u0131n miras\u0131, ta\u015f banyo duvarlar\u0131nda, kaynak sular\u0131yla beslenen yama\u00e7lar\u0131 koruyan kararnamelerde ve Dudince&#039;in mineral sular\u0131n\u0131n devam eden cazibesinde kaz\u0131nm\u0131\u015f olarak kalmaktad\u0131r.<\/p>\n<p>Son tahlilde Dudince, jeolojik rastlant\u0131lar\u0131n tarihsel rastlant\u0131larla kesi\u015fti\u011fi ve kompakt bir toplulu\u011fun misafirperverlik ve \u015fifa geleneklerini s\u00fcrd\u00fcrd\u00fc\u011f\u00fc Orta Avrupa spa k\u00fclt\u00fcr\u00fcn\u00fcn bir mikrokozmosu olarak duruyor. K\u00fc\u00e7\u00fck n\u00fcfusu, sa\u011fl\u0131k turizmine yapt\u0131\u011f\u0131 katk\u0131lar\u0131n geni\u015fli\u011fini ve Avrupa&#039;daki terap\u00f6tik seyahat anlat\u0131s\u0131ndaki rol\u00fcn\u00fc yalanl\u0131yor. Do\u011fal ritmin ritminin -nehir, asma, buhar- g\u00fcn\u00fc y\u00f6netti\u011fi bir yer arayanlar i\u00e7in Dudince, zamana meydan okuyan tedavilerle kar\u015f\u0131la\u015fma ve s\u0131radanl\u0131\u011f\u0131n \u00f6tesine ge\u00e7en bir yer deneyimi sunuyor.<\/p>","protected":false},"excerpt":{"rendered":"<p>G\u00fcney Slovakya&#039;daki Dudince, \u00fclkenin k\u00fclt\u00fcrel miras\u0131n\u0131 ve do\u011fal g\u00fczelli\u011fini temsil ediyor. Sadece 1.400 sakini olan bu k\u00fc\u00e7\u00fck spa kasabas\u0131, Slovakya&#039;n\u0131n en k\u00fc\u00e7\u00fck kasabas\u0131 olarak biliniyor. K\u00fc\u00e7\u00fck \u00f6l\u00e7e\u011fine ra\u011fmen Dudince, ola\u011fan\u00fcst\u00fc mineral suyu, \u015fifal\u0131 kapl\u0131calar\u0131 ve birinci s\u0131n\u0131f spalar\u0131 nedeniyle rahatlama ve gen\u00e7le\u015fme arayanlar i\u00e7in aranan bir s\u0131\u011f\u0131nak.<\/p>","protected":false},"author":1,"featured_media":17590,"parent":13300,"menu_order":0,"comment_status":"closed","ping_status":"closed","template":"elementor_theme","meta":{"_eb_attr":"","footnotes":""},"class_list":["post-17244","page","type-page","status-publish","has-post-thumbnail"],"_links":{"self":[{"href":"https:\/\/travelshelper.com\/tr\/wp-json\/wp\/v2\/pages\/17244","targetHints":{"allow":["GET"]}}],"collection":[{"href":"https:\/\/travelshelper.com\/tr\/wp-json\/wp\/v2\/pages"}],"about":[{"href":"https:\/\/travelshelper.com\/tr\/wp-json\/wp\/v2\/types\/page"}],"author":[{"embeddable":true,"href":"https:\/\/travelshelper.com\/tr\/wp-json\/wp\/v2\/users\/1"}],"replies":[{"embeddable":true,"href":"https:\/\/travelshelper.com\/tr\/wp-json\/wp\/v2\/comments?post=17244"}],"version-history":[{"count":0,"href":"https:\/\/travelshelper.com\/tr\/wp-json\/wp\/v2\/pages\/17244\/revisions"}],"up":[{"embeddable":true,"href":"https:\/\/travelshelper.com\/tr\/wp-json\/wp\/v2\/pages\/13300"}],"wp:featuredmedia":[{"embeddable":true,"href":"https:\/\/travelshelper.com\/tr\/wp-json\/wp\/v2\/media\/17590"}],"wp:attachment":[{"href":"https:\/\/travelshelper.com\/tr\/wp-json\/wp\/v2\/media?parent=17244"}],"curies":[{"name":"wp","href":"https:\/\/api.w.org\/{rel}","templated":true}]}}