{"id":17238,"date":"2024-09-25T23:14:21","date_gmt":"2024-09-25T23:14:21","guid":{"rendered":"https:\/\/travelshelper.com\/staging\/?page_id=17238"},"modified":"2026-03-12T22:35:10","modified_gmt":"2026-03-12T22:35:10","slug":"bojnice","status":"publish","type":"page","link":"https:\/\/travelshelper.com\/tr\/destinations\/europe\/slovakia\/bojnice\/","title":{"rendered":"Bojnice"},"content":{"rendered":"<p>Yakla\u015f\u0131k 5.000 n\u00fcfuslu bir kasaba olan Bojnice, Nitra Nehri boyunca do\u011fu Slovakya&#039;da stratejik bir konuma sahiptir ve hemen orta\u00e7a\u011f Bojnice Kalesi&#039;nin alt\u0131ndad\u0131r. Str\u00e1\u017eov Da\u011flar\u0131&#039;n\u0131n eteklerinde, Nitra Nehri vadisinin \u00fcst k\u0131sm\u0131nda yer alan kasaba, yak\u0131nlardaki Prievidza \u015fehriyle bir toplu ta\u015f\u0131ma a\u011f\u0131n\u0131 payla\u015f\u0131r ve \u017dilina&#039;n\u0131n yakla\u015f\u0131k 60 kilometre g\u00fcneyinde ve Tren\u010d\u00edn&#039;in 65 kilometre do\u011fusunda yer al\u0131r.<\/p>\n<p>Bojnice&#039;nin hikayesi, yakla\u015f\u0131k 100.000 y\u0131l \u00f6nce Riss-W\u00fcrm buzul d\u00f6neminde termal kaynaklar\u0131n\u0131n \u015fifal\u0131 s\u0131cakl\u0131\u011f\u0131n\u0131n ilk kez insan dikkatini \u00e7ekti\u011fi tarih \u00f6ncesi sislerinde ba\u015flar. Traverten yataklar\u0131na g\u00f6m\u00fcl\u00fc Pleistosen memelilerinin fosille\u015fmi\u015f kal\u0131nt\u0131lar\u0131, hem yerel faunan\u0131n zenginli\u011fini hem de yiyecek ve bar\u0131nak arayan insan gruplar\u0131n\u0131n varl\u0131\u011f\u0131n\u0131 kan\u0131tlar. G\u00fcn\u00fcm\u00fczde Prepo\u0161tsk\u00e1 Ma\u011faras\u0131 olan ma\u011farams\u0131 girintilerde, ta\u015ftan yap\u0131lm\u0131\u015f eserler (kaz\u0131y\u0131c\u0131lar, u\u00e7lar ve matkaplar) M\u00d6 70.000 ile 40.000 y\u0131llar\u0131 aras\u0131nda Levallois-Mousterian d\u00f6neminde Neandertal yerle\u015fimine tan\u0131kl\u0131k eder. Alt Paleolitik ve Neolitik&#039;ten gelen par\u00e7al\u0131 izler, M\u00d6 sekizinci y\u00fczy\u0131ldan itibaren Hallstatt k\u00fclt\u00fcr\u00fcn\u00fcn kal\u0131c\u0131 yerle\u015fiminin daha \u00f6nemli i\u015faretlerine yol a\u00e7ar.<\/p>\n<p>Kale tepesi olacak traverten \u00e7\u0131k\u0131nt\u0131s\u0131nda, P\u00fachov k\u00fclt\u00fcr\u00fcne ait topluluklar ilk surlar\u0131n\u0131 M\u00d6 birinci bin y\u0131l\u0131n ba\u015flar\u0131nda in\u015fa ettiler. Daha sonra, Slav yerle\u015fimciler bu burnu bir zanaat, ticaret ve savunma merkezi haline getirdiler ve geride demir aletler ve belirgin seramik par\u00e7alar\u0131 b\u0131rakt\u0131lar. Yerle\u015fimin s\u00fcreklili\u011fi, surlu tepenin b\u00f6lgesel otoritenin kalbi olarak kal\u0131c\u0131 rol\u00fcn\u00fc \u00fcstlendi\u011fi dokuzuncu y\u00fczy\u0131ldan beri devam etti.<\/p>\n<p>Bojnice&#039;nin ilk yaz\u0131l\u0131 kayd\u0131, Zobor belgelerinin kalenin alt\u0131ndaki banliy\u00f6 olarak &#034;de suburbanis Baimoz&#034;dan bahsetti\u011fi 1113 y\u0131l\u0131na dayan\u0131r. Bu t\u00fcz\u00fck ayr\u0131ca bir papaz evi binas\u0131ndan bahseder; 1244&#039;ten kalma mevcut kay\u0131tlarda bir kilise g\u00f6r\u00fcn\u00fcr ve Bojnice&#039;nin Yukar\u0131 Nitra&#039;daki dini ya\u015fam\u0131n odak noktas\u0131 stat\u00fcs\u00fcn\u00fc do\u011frular. 1366&#039;da Macaristan Kral\u0131 I. Louis kasabaya bir mezbaha, bir de\u011firmen, spa i\u015fletmeleri ve d\u00fczenli fuarlar gibi haklar vererek ticaret ve \u00f6zel el sanatlar\u0131 yoluyla ekonomik b\u00fcy\u00fcmenin temellerini att\u0131.<\/p>\n<p>Ge\u00e7 orta\u00e7a\u011f d\u00f6nemi, Karpat s\u0131n\u0131r\u0131na askeri tehlike getirdi ve Turz ve daha sonra P\u00e1lffy ailelerini hem kale hem de kasaban\u0131n etraf\u0131ndaki savunma duvarlar\u0131n\u0131n in\u015fas\u0131n\u0131 denetlemeye y\u00f6neltti. 1663&#039;te bu siper tamamland\u0131 ve Bojnice&#039;in Viyana&#039;y\u0131 Transilvanya&#039;ya ba\u011flayan Magna via olarak bilinen kraliyet yolunda bir kale olarak rol\u00fcn\u00fc g\u00fc\u00e7lendirdi. 1613&#039;ten 1823&#039;e kadar Bojnice, Habsburg monar\u015fisinin hayati posta istasyonlar\u0131ndan biri olarak hizmet verdi ve tuz, demir ve de\u011ferli metallerin Orta Avrupa&#039;ya ta\u015f\u0131nmas\u0131n\u0131 kolayla\u015ft\u0131rd\u0131. \u0130mparator III. Ferdinand, 1647&#039;de kentsel ayr\u0131cal\u0131klar\u0131 geri getirerek kasaban\u0131n medeni \u00f6zerkli\u011fini yeniden teyit etti.<\/p>\n<p>Bojnice ekonomisinin karma\u015f\u0131kl\u0131\u011f\u0131n\u0131 yans\u0131tan loncalar, on yedinci y\u00fczy\u0131l\u0131n ortalar\u0131nda ortaya \u00e7\u0131kt\u0131. 1653&#039;ten kalma kay\u0131tlar, kundurac\u0131lar\u0131n, duvarc\u0131lar\u0131n, \u00e7izmecilerin, terzilerin, dokumac\u0131lar\u0131n, boyac\u0131lar\u0131n, k\u00fcrk\u00e7\u00fclerin ve f\u0131\u00e7\u0131 ustalar\u0131n\u0131n varl\u0131\u011f\u0131ndan bahsediyor. Belediye y\u00f6netimi, bir noter ve bir hajd\u00fach taraf\u0131ndan desteklenen bir belediye ba\u015fkan\u0131 ve on iki senat\u00f6r\u00fcn elindeydi; bu hajd\u00fach&#039;un uygulama ara\u00e7lar\u0131 (bir boyunduruk ve \u015fehir hapishanesi) ana meydanda duruyordu. Bojnice, 1872&#039;ye kadar b\u00f6lgenin ekonomik, idari ve askeri merkezi rol\u00fcn\u00fc korudu; daha sonra kom\u015fu Prievidza, yirminci y\u00fczy\u0131l\u0131n ilk on y\u0131llar\u0131nda bu i\u015flevleri kademeli olarak \u00fcstlendi.<\/p>\n<p>Bojnice&#039;nin kal\u0131c\u0131 cazibesinin merkezinde, ilk olarak 1113&#039;te ah\u015fap bir kale olarak belgelenen kalenin kendisi yer al\u0131r. Sonraki y\u00fczy\u0131llarda, ard\u0131\u015f\u0131k m\u00fclk sahipleri ah\u015fap palisadlar\u0131 devasa ta\u015f duvarlar ve kulelerle de\u011fi\u015ftirdiler. Yirminci y\u00fczy\u0131lda, romantik duyarl\u0131l\u0131klarla y\u00f6nlendirilen P\u00e1lffy ailesi, kompleksi ince kuleler, s\u00fcsl\u00fc kemerler ve do\u011fal bir ma\u011faray\u0131 gizleyen traverten kayan\u0131n \u00fczerinde duran bir siluetle \u015fimdiki masals\u0131 bi\u00e7imine d\u00f6n\u00fc\u015ft\u00fcrd\u00fc. G\u00fcn\u00fcm\u00fczde kale, galerilerinde b\u00f6lgenin tarihini izleyen eserleri ve sanat eserlerini koruyan ulusal bir m\u00fczeye ev sahipli\u011fi yap\u0131yor. Film yap\u0131mc\u0131lar\u0131 defalarca onun \u00e7a\u011fr\u0131\u015ft\u0131r\u0131c\u0131 mekanlar\u0131na y\u00f6neldi ve her bahar avlu, yakla\u015f\u0131k 150 Slovak korunas\u0131 \u00fccretle bilet sahibi konuklar\u0131n yerel geleneklerle desteklenen hayalet efsanelerinin tiyatrovari bir \u015fekilde yeniden canland\u0131r\u0131ld\u0131\u011f\u0131 Uluslararas\u0131 Hayaletler ve Ruhlar Festivali&#039;ne ev sahipli\u011fi yap\u0131yor. Kalenin takviminde ayr\u0131ca Masal \u015eatosu program\u0131, Sevgililer G\u00fcn\u00fc hafta sonu kutlamas\u0131 ve \u015eatoda Noel etkinli\u011fi gibi mevsimsel etkinlikler de yer al\u0131yor.<\/p>\n<p>Bir zamanlar tarih \u00f6ncesi avc\u0131lar\u0131 cezbeden termal kaynaklar, Bojnice&#039;nin Slovakya&#039;n\u0131n en eski kapl\u0131ca kasabalar\u0131ndan biri olarak \u00f6ne \u00e7\u0131kmas\u0131n\u0131n temelini olu\u015fturmaya devam ediyor. \u0130lk olarak 1549&#039;da kaydedilen \u015fifal\u0131 sular, 1.200 ila 1.500 metre derinliklerden \u00e7\u0131k\u0131yor ve toplamda saniyede yakla\u015f\u0131k 40 litre de\u015farj eden dokuz kuyudan 28 ila 52 \u00baC aras\u0131nda de\u011fi\u015fen s\u0131cakl\u0131klarda \u00e7\u0131k\u0131yor. Modern kapl\u0131ca tesisleri, hareket sistemi bozukluklar\u0131, romatizmal rahats\u0131zl\u0131klar, ergenlerde travma sonras\u0131 ve ortopedik sekeller, n\u00f6rolojik rahats\u0131zl\u0131klar ve mesleki rahats\u0131zl\u0131klar\u0131 olan hastalara hizmet veriyor. Yaz\u0131n en yo\u011fun oldu\u011fu d\u00f6nemde, \u00fc\u00e7 havuzdan olu\u015fan a\u00e7\u0131k hava y\u00fczme kompleksleri, ziyaret\u00e7ilere s\u0131caktan kurtulma imk\u00e2n\u0131 sunarak, terap\u00f6tik gelene\u011fi e\u011flence ama\u00e7l\u0131 e\u011flenceyle birle\u015ftiriyor.<\/p>\n<p>1955&#039;te Bojnice Hayvanat Bah\u00e7esi&#039;nin kurulmas\u0131, kasaban\u0131n k\u00fclt\u00fcrel ve bilimsel olanaklar\u0131na ba\u015fka bir boyut katt\u0131. 2006&#039;ya gelindi\u011finde, 355 t\u00fcr\u00fc temsil eden 1.800&#039;den fazla hayvana ev sahipli\u011fi yapacak \u015fekilde b\u00fcy\u00fcm\u00fc\u015ft\u00fc. D\u00fcnyan\u0131n d\u00f6rt bir yan\u0131ndan a\u011fa\u00e7s\u0131 \u00f6rneklerin bulundu\u011fu peyzajl\u0131 park alan\u0131na yerle\u015ftirilmi\u015f muhafazalar\u0131, 75 memeli t\u00fcr\u00fc, 138 ku\u015f taksonu, 86 bal\u0131k t\u00fcr\u00fc ve 47 s\u00fcr\u00fcngen \u00e7e\u015fidinin yak\u0131ndan g\u00f6zlemlenmesine olanak tan\u0131r. E\u011fitim sergilerinden etkile\u015fimli oyun alanlar\u0131na kadar uzanan gen\u00e7lere y\u00f6nelik cazibe merkezleri, \u00e7ocuklar\u0131n koruma ve do\u011fal tarih s\u00fcre\u00e7leriyle do\u011frudan etkile\u015fim kurmas\u0131n\u0131 sa\u011flar.<\/p>\n<p>Demografik anl\u0131k g\u00f6r\u00fcnt\u00fcler b\u00fcy\u00fck \u00f6l\u00e7\u00fcde homojen bir n\u00fcfusu yans\u0131t\u0131r: 2001 n\u00fcfus say\u0131m\u0131nda 5.006 ki\u015fi kaydedilmi\u015ftir ve bunlar\u0131n ,06&#039;s\u0131 Slovak, %0,68&#039;i \u00c7ek ve %0,24&#039;\u00fc Alman (Karpat Almanlar\u0131) olarak tan\u0131mlanm\u0131\u015ft\u0131r. Dini ba\u011fl\u0131l\u0131k ,55 ile Roma Katolikleri taraf\u0131ndan domine edilmi\u015ftir ve &#039;u hi\u00e7bir dini ba\u011fl\u0131l\u0131\u011f\u0131 olmad\u0131\u011f\u0131n\u0131 bildirmi\u015f ve yakla\u015f\u0131k %2&#039;si Luteranl\u0131\u011fa kat\u0131lm\u0131\u015ft\u0131r.<\/p>\n<p>Yirminci y\u00fczy\u0131l boyunca Bojnice, tarihi zenginli\u011fini, termal kaynaklar\u0131n\u0131 ve zoolojik kurumunu kullanarak Slovakya&#039;n\u0131n d\u00f6rt bir yan\u0131ndan ve \u00f6tesinden gelen ziyaret\u00e7iler i\u00e7in se\u00e7kin bir yer haline geldi. Y\u0131ll\u0131k k\u00fclt\u00fcrel ve spor etkinlikleri, orta\u00e7a\u011f sokak d\u00fczenlerinin ve miras mimarisinin insan \u00e7abas\u0131n\u0131n katmanlar\u0131n\u0131 \u00e7a\u011fr\u0131\u015ft\u0131rd\u0131\u011f\u0131 kasaban\u0131n kompakt merkezine kalabal\u0131klar \u00e7ekiyor. \u0130ster tarih \u00f6ncesi arkeolojiye dair akademik bir i\u00e7g\u00f6r\u00fc, ister \u015fato salonlar\u0131nda tefekk\u00fcr, ister spa sular\u0131nda terap\u00f6tik restorasyon veya egzotik faunay\u0131 g\u00f6zlemlemenin basit zevkini ar\u0131yor olun, Bojnice gezginleri takvimin her d\u00f6n\u00fc\u015f\u00fcnde \u00f6d\u00fcllendiriyor.<\/p>\n<p>Kasaba her mevsimde tarih, bilim ve sa\u011fl\u0131k sentezi sunar ve termal buharlar\u0131n Gotik kulelerin fonunda y\u00fckseldi\u011fi ve uzak posta arabalar\u0131n\u0131n yank\u0131lar\u0131n\u0131n ta\u015f kemerlerin alt\u0131nda yank\u0131land\u0131\u011f\u0131 tek bir noktada birle\u015fir. Kal\u0131c\u0131 karakteri kitlesel g\u00f6steriden de\u011fil, kesintisiz yerle\u015fimin sessiz onurundan, s\u0131cak mineral kaynaklar\u0131n\u0131n s\u00fcrekli ak\u0131\u015f\u0131ndan ve biny\u0131llard\u0131r s\u00fcren geleneklerin korunmas\u0131ndan ortaya \u00e7\u0131kar. Bojnice, sadece be\u015f bin ki\u015fiden olu\u015fan k\u00fc\u00e7\u00fck bir toplulu\u011fun, Paleolitik ma\u011fara sakinleri, orta\u00e7a\u011f din adamlar\u0131, Ayd\u0131nlanma d\u00f6nemi askeri m\u00fchendisleri ve g\u00fcn\u00fcm\u00fcz do\u011fal ve k\u00fclt\u00fcrel miras k\u00fcrat\u00f6rleri aras\u0131nda k\u00f6pr\u00fc kuran bir miras\u0131 s\u00fcrd\u00fcrme kapasitesinin kan\u0131t\u0131 olarak durmaktad\u0131r. Hikayesi, ilk \u00e7akmak ta\u015flar\u0131n\u0131n tarih \u00f6ncesi kayaya vuruldu\u011fu zamanki kadar canl\u0131l\u0131\u011f\u0131n\u0131 koruyarak, Orta Avrupa&#039;n\u0131n bu k\u00f6\u015fesindeki insan varl\u0131\u011f\u0131n\u0131n s\u00fcreklili\u011fi \u00fczerine d\u00fc\u015f\u00fcnmeye davet ediyor.<\/p>","protected":false},"excerpt":{"rendered":"<p>Do\u011fu Slovakya&#039;n\u0131n pitoresk \u00fcst Nitra nehri vadisinde yer alan Bojnice, Avrupa tarihi ve k\u00fclt\u00fcr\u00fcn\u00fcn zengin dokusunun bir kan\u0131t\u0131 olarak durmaktad\u0131r. Yakla\u015f\u0131k 5.000 ki\u015filik bir n\u00fcfusa sahip bu b\u00fcy\u00fcleyici kasaba, ikonik Bojnice Kalesi&#039;nin hemen alt\u0131nda ve Prievidza \u015fehrinin yak\u0131n\u0131nda yer almaktad\u0131r. Str\u00e1\u017eov Da\u011flar\u0131&#039;n\u0131n alt\u0131nda yer alan Bojnice, stratejik konumunun etkisiyle Slovakya&#039;n\u0131n en sevilen turistik yerlerinden ve en eski spa kasabalar\u0131ndan biri haline gelmi\u015ftir.<\/p>","protected":false},"author":1,"featured_media":17502,"parent":13300,"menu_order":0,"comment_status":"closed","ping_status":"closed","template":"elementor_theme","meta":{"_eb_attr":"","footnotes":""},"class_list":["post-17238","page","type-page","status-publish","has-post-thumbnail"],"_links":{"self":[{"href":"https:\/\/travelshelper.com\/tr\/wp-json\/wp\/v2\/pages\/17238","targetHints":{"allow":["GET"]}}],"collection":[{"href":"https:\/\/travelshelper.com\/tr\/wp-json\/wp\/v2\/pages"}],"about":[{"href":"https:\/\/travelshelper.com\/tr\/wp-json\/wp\/v2\/types\/page"}],"author":[{"embeddable":true,"href":"https:\/\/travelshelper.com\/tr\/wp-json\/wp\/v2\/users\/1"}],"replies":[{"embeddable":true,"href":"https:\/\/travelshelper.com\/tr\/wp-json\/wp\/v2\/comments?post=17238"}],"version-history":[{"count":0,"href":"https:\/\/travelshelper.com\/tr\/wp-json\/wp\/v2\/pages\/17238\/revisions"}],"up":[{"embeddable":true,"href":"https:\/\/travelshelper.com\/tr\/wp-json\/wp\/v2\/pages\/13300"}],"wp:featuredmedia":[{"embeddable":true,"href":"https:\/\/travelshelper.com\/tr\/wp-json\/wp\/v2\/media\/17502"}],"wp:attachment":[{"href":"https:\/\/travelshelper.com\/tr\/wp-json\/wp\/v2\/media?parent=17238"}],"curies":[{"name":"wp","href":"https:\/\/api.w.org\/{rel}","templated":true}]}}