{"id":17077,"date":"2024-09-25T14:29:22","date_gmt":"2024-09-25T14:29:22","guid":{"rendered":"https:\/\/travelshelper.com\/staging\/?page_id=17077"},"modified":"2026-03-12T21:17:57","modified_gmt":"2026-03-12T21:17:57","slug":"sangeorz-bai","status":"publish","type":"page","link":"https:\/\/travelshelper.com\/tr\/destinations\/europe\/romania\/sangeorz-bai\/","title":{"rendered":"S\u00e2ngeorz-B\u0103i"},"content":{"rendered":"<p>S\u00e2ngeorz-B\u0103i, Rodna Da\u011flar\u0131&#039;n\u0131n Some\u0219ul Mare Nehri k\u0131y\u0131lar\u0131na do\u011fru bir dizi ormanl\u0131k yama\u00e7ta al\u00e7ald\u0131\u011f\u0131 Transilvanya Platosu&#039;nun kuzeydo\u011fu ucunda yer al\u0131r. 465 metre y\u00fckseklikteki kasaba, k\u0131smen Rodna Da\u011flar\u0131 Milli Park\u0131 i\u00e7inde stratejik bir konuma sahiptir ve s\u0131n\u0131rlar\u0131 Cormaia ve Valea Borcutului olmak \u00fczere iki idari k\u00f6ye kadar uzan\u0131r. Avrupa E58 rotas\u0131n\u0131n bir par\u00e7as\u0131 olan DN17 ulusal yolu, yerle\u015fimi ge\u00e7erek bat\u0131da Cluj \u0130l\u00e7esi&#039;ndeki Dej&#039;e ve do\u011fuda Suceava&#039;ya ba\u011flar. N\u0103s\u0103ud&#039;a otuz kilometre ve Bistri\u021ba il\u00e7e merkezine k\u0131rk kilometre uzakl\u0131kta bulunan S\u00e2ngeorz-B\u0103i, yerel bir idari merkez olarak i\u015flevini Romanya&#039;n\u0131n \u00f6nde gelen balneo-iklimsel tatil yerlerinden biri olarak \u00fcn\u00fcyle birle\u015ftirir. 2021 say\u0131m\u0131na g\u00f6re, 2011&#039;de 9.679 olan n\u00fcfusu, hem daimi ikamet edenlere olan \u00e7ekicili\u011fini hem de sa\u011fl\u0131k ama\u00e7l\u0131 gelen ziyaret\u00e7ilerin mevsimsel ak\u0131n\u0131n\u0131 yans\u0131tarak artarak 10.931&#039;e y\u00fckseldi.<\/p>\n<p>S\u00e2ngeorz-B\u0103i&#039;nin k\u00f6kenleri co\u011frafya ve hidrolojinin do\u011fal birle\u015fmesine dayan\u0131r. Kasaban\u0131n kendisi Some\u0219ul Mare&#039;nin sa\u011f k\u0131y\u0131s\u0131nda, Cormaia Nehri ile birle\u015fti\u011fi noktadan hemen a\u015fa\u011f\u0131da yer al\u0131r. Bu nehir kenar\u0131 topografyas\u0131 erken yerle\u015fim ve daha sonra mineral kaynaklar\u0131n\u0131n kullan\u0131m\u0131 i\u00e7in ko\u015fullar yaratm\u0131\u015ft\u0131r. Halk haf\u0131zas\u0131, Macarca&#039;da Ol\u00e1hszentgy\u00f6rgy ve Almanca&#039;da Sankt Georgen olarak bilinen, her bir yer ad\u0131n\u0131n Transilvanya&#039;n\u0131n k\u00fclt\u00fcrel katmanlar\u0131n\u0131 i\u015faret etti\u011fi, b\u00f6lgenin \u00e7ok dilli ge\u00e7mi\u015fini korur. \u0130dari olarak, kasaban\u0131n yarg\u0131 yetkisi alt\u0131ndaki iki k\u00f6y - Cormaia (Korm\u00e1ja) ve Valea Borcutului (Borpatak) - y\u00fczy\u0131llard\u0131r orman ve otlaklar\u0131n k\u0131rsal ge\u00e7im kaynaklar\u0131n\u0131 destekledi\u011fi biti\u015fik vadilere sivil y\u00f6netim b\u00f6lgesini geni\u015fletir.<\/p>\n<p>B\u00f6lgenin topra\u011f\u0131 ve alt topra\u011f\u0131, sular\u0131 mineral bile\u015fimi ve s\u0131cakl\u0131\u011f\u0131 bak\u0131m\u0131ndan farkl\u0131l\u0131k g\u00f6steren on ayr\u0131 mineral kayna\u011f\u0131 \u00fcretir. Tarihsel olarak sindirim rahats\u0131zl\u0131klar\u0131, karaci\u011fer rahats\u0131zl\u0131klar\u0131 ve romatizmal \u015fikayetler i\u00e7in \u015fifal\u0131 oldu\u011fu d\u00fc\u015f\u00fcn\u00fclen bu kaynaklar, yirminci y\u00fczy\u0131l\u0131n ba\u015flar\u0131nda S\u00e2ngeorz-B\u0103i&#039;ye balneo-iklimsel tatil yeri stat\u00fcs\u00fc kazand\u0131rm\u0131\u015ft\u0131r. Y\u00fczy\u0131l\u0131n ortalar\u0131nda, t\u0131p otoriteleri sular\u0131n sistematik analizlerine ba\u015flam\u0131\u015f ve bunlar\u0131 Fransa&#039;daki Vichy ve \u00c7ek Cumhuriyeti&#039;ndeki Karlovy Vary&#039;deki \u00fcnl\u00fc kaynaklarla olumlu bir \u015fekilde kar\u015f\u0131la\u015ft\u0131rm\u0131\u015flard\u0131r. \u00c7evredeki kay\u0131n, k\u00f6knar, \u00e7am ve ladin ormanlar\u0131 taraf\u0131ndan temizlenen ve yumu\u015fat\u0131lan yerel havan\u0131n kalitesi, burada re\u00e7ete edilen tedavilere daha fazla terap\u00f6tik de\u011fer katmaktad\u0131r.<\/p>\n<p>Uzmanla\u015fm\u0131\u015f tesislerin geli\u015ftirilmesi, sular\u0131n bilimsel olarak onaylanmas\u0131yla birlikte ilerledi. Modern bir tedavi merkezi, tatil park\u0131 i\u00e7inde merkezi bir konumda yer almaktad\u0131r. Hidroterapi havuzlar\u0131, elektroterapi cihazlar\u0131, s\u0131cak mineral su banyolar\u0131 ve hastalar\u0131n volkanik kaynaklardan gelen karbondioksit a\u00e7\u0131s\u0131ndan zengin havay\u0131 deneyimleyebilecekleri mofetta odalar\u0131na ev sahipli\u011fi yapmaktad\u0131r. Aerosol salonlar\u0131 ve inhalasyon kabinleri solunum rahats\u0131zl\u0131klar\u0131na hitap ederken, parafin sarg\u0131 istasyonlar\u0131 ve t\u0131bbi spor salonlar\u0131 kas-iskelet sistemi rahats\u0131zl\u0131klar\u0131na g\u00f6re uyarlanm\u0131\u015f rehabilitasyon rejimlerine olanak tan\u0131r. Terap\u00f6tik modalitelerin \u00e7e\u015fitlendirilmesi, pasif dald\u0131rma terapilerini denetlenen fiziksel egzersiz ve solunum bak\u0131m\u0131yla b\u00fct\u00fcnle\u015ftiren b\u00fct\u00fcnsel bir sa\u011fl\u0131k yakla\u015f\u0131m\u0131n\u0131 yans\u0131t\u0131r.<\/p>\n<p>Konaklama altyap\u0131s\u0131 hem iyile\u015fenleri hem de e\u011flence ama\u00e7l\u0131 ziyaret\u00e7ileri desteklemek i\u00e7in geni\u015fletildi. Sosyalist d\u00f6nemde in\u015fa edilen Hebe Oteli dokuz y\u00fcz yatak sunarken, eski UGSR Oteli (\u015fimdi iki y\u0131ld\u0131zl\u0131 s\u0131n\u0131fland\u0131rmayla Hotel Some\u015ful olarak faaliyet g\u00f6steriyor) ek alt\u0131 y\u00fcz yer sa\u011fl\u0131yor. \u00d6zel olarak i\u015fletilen villalar, misafirhaneler ve k\u0131r evlerinden olu\u015fan bir a\u011f, tek y\u0131ld\u0131zl\u0131 konaklama yerlerinden \u00fc\u00e7 y\u0131ld\u0131zl\u0131 tesislere kadar uzanan bu daha b\u00fcy\u00fck birimleri tamaml\u0131yor. Se\u00e7eneklerin \u00e7e\u015fitlili\u011fi, k\u0131sa s\u00fcreli tedavi arayan yerli ziyaret\u00e7ilerden uzun s\u00fcreli sa\u011fl\u0131k programlar\u0131ndaki yabanc\u0131 misafirlere kadar geni\u015f bir sosyoekonomik yelpazeye hitap ediyor.<\/p>\n<p>S\u00e2ngeorz-B\u0103i, spa olanaklar\u0131n\u0131n \u00f6tesinde mimari ve k\u00fclt\u00fcrel \u00f6neme sahip yerleri korur. Tatil k\u00f6y\u00fc park\u0131, \u015fifal\u0131 su kaynaklar\u0131n\u0131n ortas\u0131nda d\u00fczenlenmi\u015f pavyonlar, gezinti yollar\u0131 ve g\u00f6lgeli banklarla peyzajl\u0131 bir vaha olarak d\u00fczenlenmi\u015ftir. 1880&#039;de dikilen tanr\u0131\u00e7a Hebe&#039;nin Carrara mermer heykeli, bu toplulu\u011fun kalbinde yer al\u0131r ve kasaban\u0131n \u015fifa mesle\u011fine 19. y\u00fczy\u0131ldan kalma bir sayg\u0131 duru\u015fudur. Yak\u0131nlarda bulunan iki sanat galerisi, k\u00fclt\u00fcrel zenginle\u015fmeye olan ba\u011fl\u0131l\u0131\u011f\u0131 yans\u0131t\u0131r; b\u00f6lgesel ressamlar\u0131n, heykelt\u0131ra\u015flar\u0131n ve zanaatkarlar\u0131n d\u00f6n\u00fc\u015f\u00fcml\u00fc sergilerine ev sahipli\u011fi yapar ve terap\u00f6tik inzivay\u0131 estetik takdirle birle\u015ftirir.<\/p>\n<p>Cormaia k\u00f6y\u00fcn\u00fcn eteklerinde bulunan Ortodoks rahibe manast\u0131r\u0131, antik ve modernin \u00e7arp\u0131c\u0131 bir tezat\u0131n\u0131 sunuyor. 2003 y\u0131l\u0131nda kurulan topluluk, Porcaia Vadisi&#039;nde 1749 ile 1751 y\u0131llar\u0131 aras\u0131nda in\u015fa edilen ah\u015fap bir kilisenin etraf\u0131nda toplan\u0131yor. Bir zamanlar 1733 y\u0131l\u0131nda R\u00e1d\u00f3c Piskoposu Misail&#039;in himayesinde kurulan bir manast\u0131ra ait olan bu kilise, buradaki son yerine gelmeden \u00f6nce \u00fc\u00e7 kez yer de\u011fi\u015ftirmi\u015f. \u0130konostasisinde, 18. y\u00fczy\u0131l Transilvanya ikon ressamlar\u0131n\u0131n becerisine tan\u0131kl\u0131k eden 1751 tarihli \u00fcst d\u00fczey ikonlar yer al\u0131yor. Manast\u0131r kompleksi bug\u00fcn, manast\u0131r misafirperverli\u011fini, hac\u0131lar ve ziyaret\u00e7ilerin tefekk\u00fcr dolu bir huzur ortam\u0131nda g\u00fcnl\u00fck ibadetlere kat\u0131lma f\u0131rsatlar\u0131yla birle\u015ftiriyor.<\/p>\n<p>Demografik olarak, S\u00e2ngeorz-B\u0103i son on y\u0131llarda ince de\u011fi\u015fimler ya\u015fad\u0131. 2002 n\u00fcfus say\u0131m\u0131nda ,8 etnik Rumen, %1,5 Roman ve %0,5 Macar, ,1 Rumen Ortodoks, ,7 Pentekostal ve %5,9 Yunan-Katolik mezhepsel ba\u011fl\u0131l\u0131klar kaydedildi. 2021 y\u0131l\u0131na gelindi\u011finde, etnik yap\u0131 ,82 ile a\u011f\u0131rl\u0131kl\u0131 olarak Rumen, %1,15 Roman ve %7,89 beyan edilmemi\u015f olarak kald\u0131; dini ba\u011fl\u0131l\u0131k ,36 Ortodoks, ,55 Pentekostal, %4,07 Yunan-Katolik ve %8,12 beyan edilmemi\u015f olarak kaydedildi. Bu veriler, kasaban\u0131n sosyal yap\u0131s\u0131nda hem s\u00fcreklili\u011fi hem de kademeli \u00e7e\u015fitlili\u011fi ve ayr\u0131ca zaman i\u00e7inde ki\u015fisel kimliklerin bir dereceye kadar yeniden de\u011ferlendirildi\u011fini g\u00f6stermektedir.<\/p>\n<p>S\u00e2ngeorz-B\u0103i \u00e7evresindeki ekolojik ortam, iyile\u015ftirici bir destinasyon olarak \u00fcn\u00fcn\u00fc art\u0131r\u0131yor. Do\u011fu Karpatlar&#039;daki en b\u00fcy\u00fck masif olan Rodna Da\u011flar\u0131, kasaban\u0131n kuzey s\u0131n\u0131r\u0131n\u0131n hemen \u00f6tesinde alpin y\u00fcksekliklere y\u00fckseliyor. Yaz aylar\u0131nda, patikalar yabani \u00e7i\u00e7eklerle dolu subalpin \u00e7ay\u0131rlardan ge\u00e7iyor ve k\u0131\u015f\u0131n karla kapl\u0131 yama\u00e7lar kros kaya\u011f\u0131 yapanlar\u0131 ve kar ayakkab\u0131l\u0131 y\u00fcr\u00fcy\u00fc\u015f\u00e7\u00fcleri \u00e7ekiyor. Yak\u0131ndaki Rodna Da\u011flar\u0131 Milli Park\u0131, rehberli do\u011fa y\u00fcr\u00fcy\u00fc\u015fleri ve yorumlay\u0131c\u0131 programlar sunarak buzul sirklerini, endemik bitkileri ve korunan yaban hayat\u0131n\u0131 koruyor. Tesisin temel kimli\u011fi t\u0131bbi-terap\u00f6tik olmaya devam etse de, biti\u015fikteki vah\u015fi do\u011fa a\u00e7\u0131k hava rekreasyonu ve \u00e7evre e\u011fitimi i\u00e7in bolca f\u0131rsat sunuyor.<\/p>\n<p>S\u00e2ngeorz-B\u0103i&#039;nin b\u00f6lgesel yerle\u015fim a\u011f\u0131ndaki rol\u00fc, ekonomik ve lojistik \u00f6nemini vurgular. Kuzeydo\u011fuda, halk el sanatlar\u0131 ve ormanc\u0131l\u0131k faaliyetleriyle bilinen bir kom\u00fcn olan Maieru yer al\u0131r; g\u00fcneybat\u0131da, Ilva Mic\u0103, Ilva Nehri vadisi boyunca bir tar\u0131m merkezi i\u015flevi g\u00f6r\u00fcr. Bu topluluklar\u0131 ve di\u011fer topluluklar\u0131 birbirine ba\u011flayan DN17\/E58 koridoru, kereste, s\u00fct \u00fcr\u00fcnleri ve el sanatlar\u0131 mallar\u0131 ticaretini kolayla\u015ft\u0131r\u0131rken, ayn\u0131 zamanda gezginleri dinlenmek ve iyile\u015fmek i\u00e7in S\u00e2ngeorz-B\u0103i&#039;de duraklamaya davet eder. Bu \u015fekilde, kasaba hem do\u011fu Karpatlar ula\u015f\u0131m sisteminde bir d\u00fc\u011f\u00fcm noktas\u0131 hem de kendi ba\u015f\u0131na bir var\u0131\u015f noktas\u0131 olarak hizmet eder.<\/p>\n<p>S\u00e2ngeorz-B\u0103i&#039;nin tarihi kayd\u0131, yerle\u015fim ve y\u00f6netimin ard\u0131\u015f\u0131k katmanlar\u0131n\u0131 ortaya koymaktad\u0131r. &#034;Aziz George Hamam\u0131&#034;na yap\u0131lan erken at\u0131flar, Orta \u00c7a\u011f&#039;da kapl\u0131calar\u0131n yerel olarak fark\u0131nda olundu\u011funu do\u011frulamaktad\u0131r, ancak bir spa tesisi olarak resmi tan\u0131nma, Habsburg y\u00f6netimi alt\u0131nda on sekizinci y\u00fczy\u0131l\u0131n sonu ve on dokuzuncu y\u00fczy\u0131l\u0131n ba\u015f\u0131nda ger\u00e7ekle\u015fmi\u015ftir. Avusturya-Macaristan haritalar\u0131nda &#034;Ol\u00e1hszentgy\u00f6rgy f\u00fcrd\u0151&#034; ifadesi, buray\u0131 imparatorluk sa\u011fl\u0131k istasyonu olarak i\u015faretlemektedir. B\u00fcy\u00fck Romanya&#039;n\u0131n iki sava\u015f aras\u0131 d\u00f6neminde, t\u0131bbi altyap\u0131ya yap\u0131lan yat\u0131r\u0131mlar devam etmi\u015f ve devlet taraf\u0131ndan i\u015fletilen sanatoryumlarla sonu\u00e7lanm\u0131\u015ft\u0131r. Sosyalist d\u00f6nemde, Hebe Oteli&#039;nin in\u015fas\u0131 ve geni\u015fletilmi\u015f tedavi kanatlar\u0131 da dahil olmak \u00fczere tesisler daha da geni\u015fletilmi\u015ftir. 1990&#039;lardan bu yana, kom\u00fcnizm sonras\u0131 geli\u015fmeler konukevlerinin \u00f6zelle\u015ftirilmesine, tarihi yap\u0131lar\u0131n restorasyonuna ve Avrupa sa\u011fl\u0131k turizmi standartlar\u0131na uyuma odaklanm\u0131\u015ft\u0131r.<\/p>\n<p>K\u00fclt\u00fcrel a\u00e7\u0131dan, kasaba Transilvanya k\u0131rsal desenlerini yans\u0131tan geleneksel takvim kutlamalar\u0131n\u0131 s\u00fcrd\u00fcr\u00fcyor. Dini alaylar, \u00f6zellikle Aziz George olmak \u00fczere koruyucu azizlerin bayram g\u00fcnlerini onurland\u0131r\u0131rken, Pentekostal cemaatler ilkbahar ve yaz aylar\u0131nda belirgin rit\u00fceller d\u00fczenliyor. Halk m\u00fczi\u011fi ve dans etkinlikleri periyodik olarak yerel melodik gelenekleri canland\u0131r\u0131yor ve y\u0131ll\u0131k el sanatlar\u0131 fuarlar\u0131 ah\u015fap oymac\u0131l\u0131\u011f\u0131, nak\u0131\u015f ve dokuma tekstilleri sergiliyor. Da\u011flar\u0131n ve nehrin fonunda d\u00fczenlenen bu toplumsal toplant\u0131lar, kasaba yabanc\u0131 bir m\u00fc\u015fteri kitlesini a\u011f\u0131rlarken bile yerel kimli\u011fi g\u00fc\u00e7lendiriyor.<\/p>\n<p>Ula\u015f\u0131m ba\u011flant\u0131s\u0131 hem kamu hem de \u00f6zel hareketi destekleyecek \u015fekilde geli\u015fmi\u015ftir. DN17\/E58 boyunca d\u00fczenli otob\u00fcs seferleri, S\u00e2ngeorz-B\u0103i&#039;yi Bistri\u021ba, Suceava ve daha uzaklara Baia Mare ve Cluj-Napoca&#039;ya ba\u011flamaktad\u0131r. Son on y\u0131lda yap\u0131lan yol iyile\u015ftirmeleri da\u011f ge\u00e7itlerindeki g\u00fcvenli\u011fi art\u0131r\u0131rken, bisiklet yollar\u0131na yap\u0131lan yat\u0131r\u0131mlar eko-turistleri a\u011f\u0131rlamaktad\u0131r. N\u0103s\u0103ud ve Ilva Mic\u0103&#039;daki en yak\u0131n tren istasyonlar\u0131, spa merkezine dolayl\u0131 rayl\u0131 eri\u015fim sunarak y\u00fck ve yolcu trenleri i\u00e7in aktif kav\u015faklar olmaya devam etmektedir.<\/p>\n<p>\u00c7evresel y\u00f6neticilik yerel otoriteler ve koruma kurulu\u015flar\u0131 aras\u0131nda \u00f6nem kazanm\u0131\u015ft\u0131r. Kaynak verimlerinin ve su kalitesinin izlenmesi, tedavi ama\u00e7l\u0131 \u00e7\u0131karman\u0131n do\u011fal yeniden doldurma oranlar\u0131n\u0131 a\u015fmamas\u0131n\u0131 sa\u011flar. Orman y\u00f6netim planlar\u0131, turizm altyap\u0131s\u0131n\u0131 habitat\u0131n korunmas\u0131yla dengeler ve belediye y\u00f6netmelikleri, tatil alan\u0131 i\u00e7inde ye\u015fil alanlar ve at\u0131k su ar\u0131t\u0131m\u0131n\u0131 zorunlu k\u0131lar. Okullardaki e\u011fitim giri\u015fimleri, kasaban\u0131n jeolojik miras\u0131n\u0131 ve s\u00fcrd\u00fcr\u00fclebilir turizm uygulamalar\u0131n\u0131n \u00f6nemini vurgular.<\/p>\n<p>S\u00e2ngeorz-B\u0103i&#039;deki ekonomik faaliyet b\u00fcy\u00fck \u00f6l\u00e7\u00fcde sa\u011fl\u0131k turizmi, misafirperverlik hizmetleri ve ilgili ticaret etraf\u0131nda d\u00f6ner. Spalar, klinikler ve sa\u011fl\u0131kl\u0131 ya\u015fam merkezleri i\u015f g\u00fcc\u00fcn\u00fcn \u00f6nemli bir b\u00f6l\u00fcm\u00fcn\u00fc istihdam ederken, restoranlar, kafeler ve perakende sat\u0131\u015f noktalar\u0131 ziyaret\u00e7ilerin ihtiya\u00e7lar\u0131n\u0131 kar\u015f\u0131lar. Tar\u0131m ve k\u00fc\u00e7\u00fck \u00f6l\u00e7ekli ormanc\u0131l\u0131k faaliyetleri Cormaia ve Valea Borcutului uydu k\u00f6ylerinde devam eder ve b\u00f6lgesel pazarlar i\u00e7in s\u00fct \u00fcr\u00fcnleri, bal ve kereste \u00fcretir. Sa\u011fl\u0131k hizmetleri ve k\u0131rsal \u00fcretimin simbiyozu, modern olanaklar\u0131 geleneksel mesleklerle dengeleyen yerel bir ekonominin temelini olu\u015fturur.<\/p>\n<p>S\u00e2ngeorz-B\u0103i&#039;nin g\u00f6rsel karakteri, yerel mimariyi yirminci y\u00fczy\u0131l yap\u0131lar\u0131yla harmanl\u0131yor. Sosyalist d\u00f6nem otellerinin yan\u0131nda dik \u00e7at\u0131l\u0131 ah\u015fap evler dururken, daha yeni villalar basitle\u015ftirilmi\u015f, i\u015flevselci tasar\u0131mlar benimsiyor. Kent manzaras\u0131 nehrin e\u011frisini takip ediyor ve Some\u0219ul Mare boyunca uzanan gezinti yolu gibi kamusal alanlar ak\u00e7aa\u011fa\u00e7lar ve \u0131hlamur a\u011fa\u00e7lar\u0131 aras\u0131nda tela\u015fs\u0131z y\u00fcr\u00fcy\u00fc\u015fler yapma olana\u011f\u0131 sunuyor. Sokak tabelalar\u0131 ve bilgi panelleri yaln\u0131zca Romence olarak g\u00f6r\u00fcn\u00fcyor ve ezici bir \u015fekilde Romen demografisini yans\u0131t\u0131yor, ancak ara s\u0131ra iki dilli notlar b\u00f6lgenin tarihi \u00e7e\u015fitlili\u011fini onurland\u0131r\u0131yor.<\/p>\n<p>T\u0131bbi ara\u015ft\u0131rma i\u015fbirlikleri S\u00e2ngeorz-B\u0103i&#039;yi Cluj-Napoca ve B\u00fckre\u015f&#039;teki \u00fcniversite hastaneleriyle ili\u015fkilendirmeye ba\u015flad\u0131. Kaynaklar\u0131n mineral bile\u015fimi \u00fczerine \u00e7al\u0131\u015fmalar, metabolik s\u00fcre\u00e7leri etkiledi\u011fi d\u00fc\u015f\u00fcn\u00fclen bikarbonat, kalsiyum ve magnezyum iyonlar\u0131na \u00f6zel dikkat g\u00f6sterilerek devam ediyor. Pilot projeler, kardiyovask\u00fcler rehabilitasyon i\u00e7in mofetta gazlar\u0131n\u0131n kullan\u0131m\u0131n\u0131 ara\u015ft\u0131r\u0131rken, klinik deneyler birle\u015fik spa ve fiziksel terapilerin uzun vadeli sonu\u00e7lar\u0131n\u0131 de\u011ferlendiriyor. Bu ortakl\u0131klar, S\u00e2ngeorz-B\u0103i&#039;yi Avrupa&#039;n\u0131n spa ara\u015ft\u0131rma merkezleri a\u011f\u0131nda konumland\u0131rmay\u0131, hem bilimsel g\u00fcvenilirli\u011fi hem de terap\u00f6tik etkinli\u011fi art\u0131rmay\u0131 ama\u00e7l\u0131yor.<\/p>\n<p>Tatil sekt\u00f6r\u00fcndeki e\u011fitim ve \u00f6\u011fretim, Bistri\u021ba-N\u0103s\u0103ud \u0130l\u00e7esi&#039;ndeki meslek okullar\u0131ndan destek almaktad\u0131r. Misafirperverlik y\u00f6netimi, fizyoterapi ve spa terapisi dersleri, yeni mezunlar\u0131 S\u00e2ngeorz-B\u0103i&#039;nin otellerinde ve kliniklerinde istihdam i\u00e7in haz\u0131rlamaktad\u0131r. Genellikle yerel tedavi merkezinde d\u00fczenlenen s\u00fcrekli mesleki geli\u015fim at\u00f6lyeleri, uygulay\u0131c\u0131lar\u0131 hidroterapi ve solunum bak\u0131m\u0131 alan\u0131ndaki en son teknikler konusunda bilgilendirmektedir. Bu e\u011fitim ba\u011flant\u0131lar\u0131, kasaban\u0131n hem bir \u015fifa yeri hem de bir uzmanl\u0131k merkezi olarak stat\u00fcs\u00fcn\u00fc peki\u015ftirmektedir.<\/p>\n<p>S\u00e2ngeorz-B\u0103i&#039;deki k\u00fclt\u00fcr, do\u011fa ve t\u0131bb\u0131n bir araya gelmesi, Orta ve Do\u011fu Avrupa&#039;n\u0131n bir\u00e7ok da\u011f tatil beldesini tan\u0131mlayan de\u011ferlerin bir araya gelmesini \u00f6rneklemektedir. Kasaban\u0131n kimli\u011fi sular\u0131na dayan\u0131r, ancak ormanlar\u0131, mimarisi ve insanlar\u0131 arac\u0131l\u0131\u011f\u0131yla tam olarak ortaya \u00e7\u0131kar. Cormaia&#039;daki tarihi kilise ve tatil park\u0131ndaki mermer heykel, Habsburg himayesinden sosyalist geni\u015flemeye ve \u00e7a\u011fda\u015f \u00f6zelle\u015ftirmeye kadar ard\u0131\u015f\u0131k d\u00f6nemlerin maddi tan\u0131klar\u0131 olarak durmaktad\u0131r. Bu d\u00f6n\u00fc\u015f\u00fcmler boyunca, kaynaklar sabit kalm\u0131\u015f, sular\u0131 rahatlama, yenilenme ve dinlenme arayanlar\u0131 beslemeye her zaman haz\u0131r olmu\u015ftur.<\/p>\n<p>S\u0131k\u0131 \u00e7evre standartlar\u0131n\u0131 koruyarak, ara\u015ft\u0131rma i\u015fbirliklerini te\u015fvik ederek ve k\u00fclt\u00fcrel gelenekleri s\u00fcrd\u00fcrerek S\u00e2ngeorz-B\u0103i, iki y\u00fczy\u0131ldan fazla bir s\u00fcre \u00f6nce kendisine \u00fcn kazand\u0131ran niteliklerinden \u00f6d\u00fcn vermeden geli\u015fmeye devam ediyor. Kasaban\u0131n ormanlar\u0131 ve nehirleri ekolojik \u00e7al\u0131\u015fma i\u00e7in canl\u0131 bir laboratuvar, tedavi tesisleri entegre terapinin bir modeli ve topluluklar\u0131 kal\u0131c\u0131 yerel miras\u0131n bir kan\u0131t\u0131d\u0131r. Ziyaret\u00e7iler \u015fifa aray\u0131\u015f\u0131yla gelir ve insan yarat\u0131c\u0131l\u0131\u011f\u0131n\u0131n ve do\u011fal kaynaklar\u0131n denge i\u00e7inde bir arada var oldu\u011fu bir yer izlenimiyle ayr\u0131l\u0131rlar.<\/p>\n<p>Son tahlilde, S\u00e2ngeorz-B\u0103i, Transilvanya spa merkezlerinin safkan\u0131 olarak duruyor. Rodna Da\u011flar\u0131&#039;n\u0131n eteklerindeki co\u011frafi konumu, Cormaia ve Valea Borcutului k\u00f6ylerinin y\u00f6netimi, on mineral kayna\u011f\u0131ndan olu\u015fan a\u011f\u0131 ve kapsaml\u0131 tedavi altyap\u0131s\u0131 tutarl\u0131 bir b\u00fct\u00fcn olu\u015fturuyor. Kasaban\u0131n n\u00fcfus e\u011filimleri, dini mekanlar, sanat mekanlar\u0131 ve e\u011fitim giri\u015fimleri, s\u00fcrekli yenilenme anlat\u0131s\u0131n\u0131 g\u00fc\u00e7lendiriyor. S\u00e2ngeorz-B\u0103i, ayn\u0131 anda hem t\u0131bbi bir vaat alan\u0131 hem de b\u00f6lgesel tarihin ya\u015fayan bir kroni\u011fi olmaya devam ediyor ve gelecek nesillere sa\u011fl\u0131k ve miras konusunda hizmet etmeye haz\u0131r.<\/p>","protected":false},"excerpt":{"rendered":"<p>S\u00e2ngeorz-B\u0103i, Romanya&#039;n\u0131n Transilvanya b\u00f6lgesindeki Bistri\u021ba-N\u0103s\u0103ud \u0130l\u00e7esi&#039;nin muhte\u015fem da\u011fl\u0131k b\u00f6lgesinde bulunan b\u00fcy\u00fcleyici bir spa tesisi ve kasabad\u0131r. Bu k\u00fc\u00e7\u00fck kasaba, Rumen k\u00fclt\u00fcr\u00fcn\u00fcn zengin mozai\u011fine katk\u0131da bulunan bir halk i\u00e7in do\u011fal g\u00fczellik ve terap\u00f6tik avantajlar\u0131n bir kar\u0131\u015f\u0131m\u0131n\u0131 sunar. Genellikle S\u00e2ngeorz-B\u0103i olarak yaz\u0131lan kasaba, iki dilli adland\u0131rmalar\u0131nda g\u00f6sterilen bir ge\u00e7mi\u015fle ba\u011flant\u0131 kurar: Macarcada Ol\u00e1hszentgy\u00f6rgy ve Almancada Sankt Georgen.<\/p>","protected":false},"author":1,"featured_media":17531,"parent":11908,"menu_order":0,"comment_status":"closed","ping_status":"closed","template":"elementor_theme","meta":{"_eb_attr":"","footnotes":""},"class_list":["post-17077","page","type-page","status-publish","has-post-thumbnail"],"_links":{"self":[{"href":"https:\/\/travelshelper.com\/tr\/wp-json\/wp\/v2\/pages\/17077","targetHints":{"allow":["GET"]}}],"collection":[{"href":"https:\/\/travelshelper.com\/tr\/wp-json\/wp\/v2\/pages"}],"about":[{"href":"https:\/\/travelshelper.com\/tr\/wp-json\/wp\/v2\/types\/page"}],"author":[{"embeddable":true,"href":"https:\/\/travelshelper.com\/tr\/wp-json\/wp\/v2\/users\/1"}],"replies":[{"embeddable":true,"href":"https:\/\/travelshelper.com\/tr\/wp-json\/wp\/v2\/comments?post=17077"}],"version-history":[{"count":0,"href":"https:\/\/travelshelper.com\/tr\/wp-json\/wp\/v2\/pages\/17077\/revisions"}],"up":[{"embeddable":true,"href":"https:\/\/travelshelper.com\/tr\/wp-json\/wp\/v2\/pages\/11908"}],"wp:featuredmedia":[{"embeddable":true,"href":"https:\/\/travelshelper.com\/tr\/wp-json\/wp\/v2\/media\/17531"}],"wp:attachment":[{"href":"https:\/\/travelshelper.com\/tr\/wp-json\/wp\/v2\/media?parent=17077"}],"curies":[{"name":"wp","href":"https:\/\/api.w.org\/{rel}","templated":true}]}}