{"id":17071,"date":"2024-09-25T14:20:43","date_gmt":"2024-09-25T14:20:43","guid":{"rendered":"https:\/\/travelshelper.com\/staging\/?page_id=17071"},"modified":"2026-03-12T21:17:11","modified_gmt":"2026-03-12T21:17:11","slug":"sinaia","status":"publish","type":"page","link":"https:\/\/travelshelper.com\/tr\/destinations\/europe\/romania\/sinaia\/","title":{"rendered":"Sinaia"},"content":{"rendered":"<p>Romanya&#039;n\u0131n Muntenia kentindeki Prahova Nehri vadisinde deniz seviyesinden 767 ila 860 metre y\u00fckseklikte yer alan Sinaia, kimli\u011fi on yedinci y\u00fczy\u0131l manast\u0131r\u0131na ve on dokuzuncu y\u00fczy\u0131l sonlar\u0131ndaki kraliyet himayesine ayr\u0131lmaz bir \u015fekilde ba\u011fl\u0131 olan bir da\u011f beldesi olarak ortaya \u00e7\u0131k\u0131yor. 1695 y\u0131l\u0131nda kurulan ve kendisi de \u0130ncil&#039;deki Sina Da\u011f\u0131&#039;ndan ilham alan Sinaia Manast\u0131r\u0131&#039;n\u0131n ad\u0131n\u0131 ta\u015f\u0131yan kasaba, bu manevi \u00e7ekirde\u011fin etraf\u0131nda b\u00fcy\u00fcyerek, 2021 n\u00fcfus say\u0131m\u0131nda kaydedilen 9.071 n\u00fcfuslu bir var\u0131\u015f noktas\u0131na d\u00f6n\u00fc\u015ft\u00fc; bu say\u0131 on y\u0131l \u00f6nceki 10.410&#039;dan d\u00fc\u015ft\u00fc. Ploie\u015fti&#039;nin yakla\u015f\u0131k 65 kilometre kuzeybat\u0131s\u0131nda ve Bra\u015fov&#039;un 48 kilometre g\u00fcneyinde yer alan yerle\u015fim, iklimini, koruma \u00f6nlemlerini, mimari miras\u0131n\u0131 ve yerel k\u00fclt\u00fcr\u00fcn\u00fc \u015fekillendiren bir manzaraya sahiptir.<\/p>\n<p>Sonbahar\u0131n g\u00f6k mavisi ile k\u0131\u015f\u0131n \u00e7elik grisi aras\u0131nda de\u011fi\u015fen bir g\u00f6ky\u00fcz\u00fcn\u00fcn alt\u0131nda, Sinaia&#039;n\u0131n k\u00f6kenleri manast\u0131r\u0131n\u0131n ta\u015flar\u0131nda yatmaktad\u0131r. &#034;Meryem Ana&#039;n\u0131n G\u00f6\u011fe Kabul\u00fc&#034; kilisesi, bir \u015fapel, bir manast\u0131r ve orta\u00e7a\u011fdan kalma bir muhafaza duvar\u0131yla \u00e7evrili manast\u0131r h\u00fccrelerinden olu\u015fan bir topluluk olan bu alan hem manevi bir s\u0131\u011f\u0131nak hem de mimari bir dayanak noktas\u0131 olarak hizmet vermi\u015ftir. Temeli yerle\u015fime ad\u0131n\u0131 kazand\u0131rm\u0131\u015f, daha sonra bar\u0131\u015f ve inzivaya \u00e7ekilme konusundaki \u00fcn\u00fc ise tarihin ini\u015f \u00e7\u0131k\u0131\u015flar\u0131yla birlikte servetleri y\u00fckselip al\u00e7alan bir toplulu\u011fun temelini olu\u015fturmu\u015ftur. On dokuzuncu y\u00fczy\u0131l\u0131n sonlar\u0131nda, Romanya Kral\u0131 I. Carol, Bucegi Da\u011flar\u0131&#039;n\u0131n ormanl\u0131k yama\u00e7lar\u0131nda yazl\u0131k ikametgah\u0131n\u0131 kurmaya karar vermi\u015f ve 1873 ile 1883 y\u0131llar\u0131 aras\u0131nda Pele\u0219 Kalesi&#039;nin in\u015fas\u0131n\u0131 g\u00f6revlendirmi\u015ftir. Peli\u0219or Kalesi, Foi\u0219or Kalesi ve birka\u00e7 yard\u0131mc\u0131 villa ve hizmet binas\u0131n\u0131 i\u00e7erecek olan yeni kraliyet kompleksi, Sinaia&#039;y\u0131 h\u00fck\u00fcmdar\u0131n tercih etti\u011fi mevsimlik eve d\u00f6n\u00fc\u015ft\u00fcrm\u00fc\u015f ve taca yak\u0131nl\u0131k arayan soylular\u0131 ve burjuvaziyi \u00e7ekmi\u015ftir.<\/p>\n<p>Kasaban\u0131n bat\u0131da Bucegi masifi ile do\u011fuda engebeli etekler aras\u0131ndaki konumu, iklimini belirlemi\u015ftir. S\u0131cak-yaz nemli karasal iklimi (K\u00f6ppen Dfb) olarak s\u0131n\u0131fland\u0131r\u0131lan Sinaia, orografik y\u00fckselmenin neden oldu\u011fu f\u0131rt\u0131nalar\u0131n vadiyi s\u00fcp\u00fcrd\u00fc\u011f\u00fc sa\u011fanak ya\u011fmurla a\u00e7\u0131lan yazlara tan\u0131kl\u0131k eder. S\u0131cakl\u0131klar Temmuz ay\u0131nda bile serin kal\u0131r ve \u00e7am kokulu havada uzun y\u00fcr\u00fcy\u00fc\u015flere davet eder. K\u0131\u015flar orta d\u00fczeyde so\u011fuk ve c\u00f6mert kar ya\u011f\u0131\u015f\u0131yla gelir. Kas\u0131m ortas\u0131na kadar, genellikle tesisi tekd\u00fcze bir kar tabakas\u0131 kaplar; daha y\u00fcksek rak\u0131mlarda derinlik \u00fc\u00e7 metreye kadar \u00e7\u0131kabilirken, vadi taban\u0131nda ortalama 20 santimetredir. Bu ko\u015fullar tarihsel olarak Aral\u0131k ay\u0131n\u0131n ba\u015f\u0131ndan Mart ay\u0131na kadar yoku\u015f a\u015fa\u011f\u0131 kayak yapmaya izin vermi\u015ftir, ancak son y\u0131llarda yerel g\u00f6zlemciler k\u00fcresel atmosfer \u0131s\u0131nmas\u0131n\u0131n etkisini fark etmi\u015flerdir: kar mevsimleri k\u0131salm\u0131\u015ft\u0131r ve ya\u011f\u0131\u015f desenleri daha d\u00fczensiz hale gelmi\u015ftir.<\/p>\n<p>K\u0131r\u0131lgan y\u00fcksek rak\u0131ml\u0131 bitki \u00f6rt\u00fcs\u00fcn\u00fcn ve orman\u0131n korunmas\u0131 bir medeni zorunluluk haline gelmi\u015ftir. Kasaba ve yak\u0131n \u00e7evresinde, kat\u0131 d\u00fczenlemeler herhangi bir a\u011fac\u0131n kesilmesini yasaklamakta ve alpin bitkilerinin toplanmas\u0131n\u0131 yasaklamaktad\u0131r. Da\u011f \u015eakay\u0131\u011f\u0131 (Rhododendron kotschyi), Edelweiss (Leontopodium alpinum) ve Sar\u0131 Gentiana (Gentiana lutea), a\u011f\u0131r cezalar alt\u0131nda yasal koruma alt\u0131ndad\u0131r. Turistler yaln\u0131zca \u00e7evre standartlar\u0131n\u0131n uygulanmas\u0131n\u0131n titizlikle yap\u0131ld\u0131\u011f\u0131 \u00f6zel olarak belirlenmi\u015f b\u00f6lgelerde kamp alanlar\u0131 kurabilirler. Bu \u00f6nlemlerin \u00f6tesinde, Sinaia, 326,63 kilometrekarelik bir alan\u0131 kapsayan ve 58,05 kilometrekarelik k\u0131sm\u0131 s\u0131k\u0131 koruma alt\u0131nda olan Bucegi Do\u011fal Park\u0131&#039;n\u0131n do\u011fu kanad\u0131nda yer almaktad\u0131r. Bu yerle\u015fim yerleri, V\u00e2rful cu Dor, Furnica ve Piatra Ars\u0103 gibi sarp zirveleri korur ve da\u011f kurtarma ekipleri ve Da\u011f Polisi taraf\u0131ndan s\u00fcrekli devriye gezilir.<\/p>\n<p>Daha geni\u015f ekolojik a\u011f, Cump\u0103tu b\u00f6lgesinde iki ara\u015ft\u0131rma istasyonunu i\u00e7erir. Cump\u0103tu giri\u015finin yak\u0131n\u0131nda, Romanya Akademisi ve B\u00fckre\u015f Biyoloji Enstit\u00fcs\u00fc himayesinde bir botanik koruma alan\u0131 olan &#034;Sinaia k\u0131z\u0131la\u011fa\u00e7 korusu&#034; yer al\u0131r. Daha ileride, Jacques-Yves Cousteau taraf\u0131ndan kurulan ve B\u00fckre\u015f \u00dcniversitesi taraf\u0131ndan denetlenen UNESCO himayesindeki bir ekolojik merkez, Bucegi Da\u011flar\u0131&#039;n\u0131n faunas\u0131n\u0131 inceler. Kompleks, yerel yaban hayat\u0131 ile insan varl\u0131\u011f\u0131 aras\u0131ndaki etkile\u015fimleri g\u00f6steren ve ziyaret\u00e7ilerin rekreasyonel \u00e7ekicili\u011finin \u00f6tesinde alpin ortam\u0131na ili\u015fkin anlay\u0131\u015f\u0131n\u0131 derinle\u015ftiren bilimsel i\u00e7g\u00f6r\u00fcler sunan bir m\u00fczeyi b\u00fcnyesinde bar\u0131nd\u0131rmaktad\u0131r.<\/p>\n<p>Sinaia&#039;daki e\u011flence etkinlikleri yama\u00e7lar\u0131n \u00e7ok \u00f6tesine uzan\u0131r. \u015eehir planc\u0131lar\u0131 ve k\u00fclt\u00fcrel destek\u00e7iler, 1940&#039;lar\u0131n kasabas\u0131n\u0131n ambiyans\u0131n\u0131 \u00e7a\u011fr\u0131\u015ft\u0131r\u0131rken \u00e7a\u011fda\u015f sanat\u00e7\u0131lar\u0131 sergilemek i\u00e7in Sinaia Forever&#039;\u0131 (ayn\u0131 zamanda Sonbahar Festivali olarak da bilinir) tasarlad\u0131lar. Tarihsel olarak Eyl\u00fcl ay\u0131n\u0131n son haftasonunda d\u00fczenlenen etkinlik art\u0131k Eyl\u00fcl ay\u0131n\u0131n ba\u015flar\u0131nda ger\u00e7ekle\u015fiyor. \u00dc\u00e7 g\u00fcn boyunca, motorlu trafik merkezi ana caddeden kayboluyor ve kald\u0131r\u0131mlar\u0131 ge\u00e7it t\u00f6reni gruplar\u0131na, yiyecek sat\u0131c\u0131lar\u0131na ve \u00e7ocuk oyunlar\u0131na b\u0131rak\u0131yor. \u00dcnl\u00fc Rumen m\u00fczisyenlerin konserleri, vatanda\u015flar ve tatilciler ne\u015feli bir toplulukta bir araya gelirken a\u00e7\u0131k hava sahnelerini dolduruyor. Festival, kasaban\u0131n miras ve yenili\u011fi dengeleme, salt nostaljiye ba\u015fvurmadan gelenekleri yenileme kapasitesini vurguluyor.<\/p>\n<p>Bu mevsimsel kutlamay\u0131 tamamlayan, uluslararas\u0131 dayan\u0131\u015fmay\u0131 anlatan bir an\u0131t var. 2015 y\u0131l\u0131nda, \u00d6zg\u00fcrl\u00fck Kartallar\u0131 Meydan\u0131, \u0130kinci D\u00fcnya Sava\u015f\u0131 s\u0131ras\u0131nda Romanya&#039;da hayat\u0131n\u0131 kaybeden 378 Amerikan askerinin an\u0131s\u0131n\u0131 onurland\u0131rmak i\u00e7in a\u00e7\u0131ld\u0131. Kalbinde, \u015fehitlerin isimlerinin yaz\u0131l\u0131 oldu\u011fu mermer bir levha olan Amerikal\u0131lar Kitab\u0131, sessizce d\u00fc\u015f\u00fcnmeyi emrediyor. Anma plaketi, Romanya ile Amerika Birle\u015fik Devletleri aras\u0131ndaki tarihi dostluk ba\u011flar\u0131n\u0131 dile getiriyor. Sinaia belediye ba\u015fkan\u0131, Romanya&#039;daki ABD Savunma Ata\u015fesi ve B\u00fckre\u015f&#039;teki Hollanda b\u00fcy\u00fckel\u00e7isi gibi ileri gelenler, meydan\u0131n hem bir anma yeri hem de payla\u015f\u0131lan de\u011ferlerin bir sembol\u00fc olarak stat\u00fcs\u00fcn\u00fc teyit ederek a\u00e7\u0131l\u0131\u015fa t\u00f6rensel bir a\u011f\u0131rl\u0131k katt\u0131.<\/p>\n<p>Kasaban\u0131n demografik profili hem s\u00fcreklili\u011fi hem de de\u011fi\u015fimi yans\u0131t\u0131yor. 2021 n\u00fcfus say\u0131m\u0131na g\u00f6re, Rumenler n\u00fcfusun ,2&#039;sini olu\u015ftururken, ,62&#039;si etnik k\u00f6kenini beyan etmeyi reddediyor. \u0130nan\u00e7 konular\u0131nda, ,84&#039;\u00fc Ortodoks, %1,33&#039;\u00fc Roma Katolik olarak tan\u0131ml\u0131yor ve ,96&#039;s\u0131 yine yan\u0131tlar\u0131n\u0131 sakl\u0131 tutuyor. Bu rakamlar \u00f6nceki n\u00fcfus say\u0131m\u0131na g\u00f6re bir d\u00fc\u015f\u00fc\u015f\u00fc i\u015faret ediyor ve ekonomik f\u0131rsatlar, konut maliyetleri ve yerel i\u015fg\u00fcc\u00fc piyasas\u0131n\u0131n mevsimsel karakteri ile ili\u015fkili olabilecek demografik de\u011fi\u015fimleri g\u00f6steriyor. Yine de turizm, ormanc\u0131l\u0131k ve k\u00fclt\u00fcrel kurumlarla ba\u011flant\u0131l\u0131 ailelerin varl\u0131\u011f\u0131, kasaban\u0131n temel kimli\u011finin devam etmesini sa\u011flad\u0131.<\/p>\n<p>Mimari miras, Sinaia&#039;n\u0131n evriminin en g\u00f6r\u00fcn\u00fcr kan\u0131t\u0131 olmaya devam ediyor. Ulusal \u00f6neme sahip on bir an\u0131t, \u015fehir manzaras\u0131n\u0131 vurguluyor. Bunlar aras\u0131nda, 1912 ve 1913 y\u0131llar\u0131 aras\u0131nda kart oyunlar\u0131na ve konserlere ev sahipli\u011fi yapmak i\u00e7in in\u015fa edilen Sinaia Casino; cephesi yirminci y\u00fczy\u0131l\u0131n ba\u015flar\u0131ndaki tatil yeri zarafetinin bir \u00e7al\u0131\u015fmas\u0131 olan 1911 tarihli Caraiman Oteli; \u015fu anda Sinaia Finans B\u00f6lgesi olan Alina \u015etirbei villas\u0131 (1875) ve ilk 1892 yap\u0131s\u0131 1918 ve 1939 y\u0131llar\u0131 aras\u0131nda uzant\u0131lar alan Emil Costinescu villas\u0131 yer al\u0131yor. Sinaia tren istasyonu kompleksi, 1870 tarihli kraliyet istasyonunu ve sava\u015f aras\u0131 y\u0131llar\u0131n (1930-1940) yolcu istasyonunu, \u015fehrin art arda gelen b\u00fcy\u00fcme anlar\u0131n\u0131 anlatan mimari bir palimpsesti i\u00e7eriyor. Tarih\u00e7i Nicolae Iorga&#039;n\u0131n evi (1918) entelekt\u00fcel miras\u0131n temelini olu\u015ftururken, ikisi de on dokuzuncu y\u00fczy\u0131l\u0131n sonu ve yirminci y\u00fczy\u0131l\u0131n ba\u015f\u0131na tarihlenen Hotel Furnica ve Hotel Palace, Belle \u00c9poque turizminin zirvesini korur. Take Ionescu villas\u0131 ve George Enescu evi (1923\u20131926), sitenin politik ve k\u00fclt\u00fcrel \u00f6nde gelenlere olan \u00e7ekicili\u011fini daha da kan\u0131tlamaktad\u0131r. Son olarak, Sinaia Manast\u0131r\u0131 ve Pele\u0219 Kalesi toplulu\u011fu (ana kale, Peli\u0219or, Foi\u0219or, Economat Villa, enerji santrali (eskiden manast\u0131r\u0131n de\u011firmeni), Casa Ceramicii, Villa Cavalerilor, Villa \u015eipot ve kale park\u0131ndaki di\u011fer birka\u00e7 villadan olu\u015fur) kasabay\u0131 tan\u0131mlayan manevi ve d\u00fcnyevi otoritenin ikiz s\u00fctunlar\u0131n\u0131 olu\u015fturur.<\/p>\n<p>Bu ulusal hazinelere ek olarak, Prahova \u0130l\u00e7esi sicili, yerel ilgi olarak kabul edilen altm\u0131\u015f \u00fc\u00e7 villa ve evin yan\u0131 s\u0131ra Badea C\u00e2r\u021ban&#039;\u0131n mezar\u0131n\u0131 i\u015faretleyen bir an\u0131t ha\u00e7\u0131 (1911) saymaktad\u0131r. Konut sokaklar\u0131 ve ormanl\u0131k a\u00e7\u0131kl\u0131klar aras\u0131nda da\u011f\u0131lm\u0131\u015f bu daha k\u00fc\u00e7\u00fck d\u00f6n\u00fcm noktalar\u0131, Sinaia&#039;n\u0131n miras\u0131n\u0131n birka\u00e7 b\u00fcy\u00fck yap\u0131yla s\u0131n\u0131rl\u0131 olmaktan ziyade g\u00fcnl\u00fck ya\u015fama dokundu\u011fu hissini g\u00fc\u00e7lendirmektedir.<\/p>\n<p>Bu arka plana kar\u015f\u0131, Sinaia \u015eehir M\u00fczesi tatil k\u00f6y\u00fcn\u00fcn en yeni k\u00fclt\u00fcrel cazibesi olarak \u00f6zel bir yere sahiptir. Eski \u015etirbey Kalesi&#039;nde bulunan ve Alman Romantik tarz\u0131 mimarisi, do\u011fal park kal\u0131nt\u0131lar\u0131n\u0131n ortas\u0131nda yer alan m\u00fcze, bir zamanlar ailenin m\u00fclkleri aras\u0131nda en \u00fcnl\u00fclerden biri olan Alina \u015etirbey arazisinin ambiyans\u0131n\u0131 yeniden canland\u0131r\u0131yor. Bir zamanlar s\u00fcs ama\u00e7l\u0131 bir dere taraf\u0131ndan beslenen ve durgun sular\u0131nda cepheyi yans\u0131tan k\u00fc\u00e7\u00fck bir g\u00f6l, on dokuzuncu y\u00fczy\u0131l\u0131n sonlar\u0131ndaki da\u011f inzivas\u0131n\u0131n ortam\u0131n\u0131 \u00e7a\u011fr\u0131\u015ft\u0131r\u0131yor. Yak\u0131nlarda, Stirbey&#039;ler taraf\u0131ndan yapt\u0131r\u0131lan ve Gheorghe Tattarescu taraf\u0131ndan boyanan \u015fapel, b\u00f6lgeye n\u00fcfuz eden inan\u00e7 ve sanat\u0131n kesi\u015fimini vurguluyor.<\/p>\n<p>Sinaia, tarihi boyunca ikili d\u00fcrt\u00fclerini dengelemi\u015ftir: tefekk\u00fcr i\u00e7in bir s\u0131\u011f\u0131nak ve sosyal toplant\u0131lar i\u00e7in bir merkez olarak hizmet etmek. Manast\u0131r\u0131n kapal\u0131 sakinli\u011fi yerini kraliyet ihti\u015fam\u0131na b\u0131rakt\u0131; modaya uygun yabanc\u0131 ziyaret\u00e7iler yerlerini akademik ara\u015ft\u0131rmac\u0131lara b\u0131rakt\u0131; mevsimlik festivaller tarihi an\u0131lar\u0131 \u00e7a\u011fda\u015f uygulamalarla birle\u015ftirdi. Belediyenin do\u011fal kaynaklar\u0131na y\u00f6nelik dikkatli y\u00f6netimi - flora \u00fczerindeki s\u0131k\u0131 korumalarda, y\u00fcksek irtifa devriyelerinin s\u00fcrd\u00fcr\u00fclmesinde ve turizm altyap\u0131s\u0131n\u0131n y\u00f6netiminde kendini g\u00f6sterir - ekonomik canl\u0131l\u0131\u011f\u0131n \u00e7evresel b\u00fct\u00fcnl\u00fck pahas\u0131na olmamas\u0131n\u0131 sa\u011flamaya \u00e7al\u0131\u015fm\u0131\u015ft\u0131r.<\/p>\n<p>Co\u011frafya, iklim ve insan faaliyetinin etkile\u015fimi kasaban\u0131n y\u00f6r\u00fcngesini \u015fekillendirmeye devam ediyor. Ulusal yollar\u0131n geni\u015fletilmesi ve demir yolu hizmetlerinin geni\u015flemesi, Sinaia&#039;y\u0131 yerli ve uluslararas\u0131 misafirler i\u00e7in daha eri\u015filebilir hale getirirken, kasaban\u0131n rak\u0131m\u0131 ve enlemi yazlar\u0131n\u0131 \u0131l\u0131man ve k\u0131\u015flar\u0131n\u0131 g\u00fcvenilir bir \u015fekilde karl\u0131 hale getiriyor, iklim de\u011fi\u015fikli\u011fi yerel yetkilileri uyum sa\u011flamaya zorluyor olsa bile. Ya\u011f\u0131\u015f\u0131n mevsimselli\u011fi, yaz ba\u015f\u0131nda yo\u011fun ya\u011f\u0131\u015f ve Kas\u0131m&#039;dan Nisan&#039;a kadar s\u00fcrekli kar \u00f6rt\u00fcs\u00fc, kamusal ya\u015fam\u0131n ritmini tan\u0131mlam\u0131\u015f ve rutubet ve so\u011fu\u011fa kar\u015f\u0131 koruma sa\u011flayan mimari formlar\u0131 etkilemi\u015ftir.<\/p>\n<p>Kasaban\u0131n 2011&#039;den beri ya\u015fad\u0131\u011f\u0131 demografik daralma, da\u011f tatil beldelerinde yayg\u0131n olan zorluklara i\u015faret ediyor: y\u00fcksek ya\u015fam maliyetleri, turizm sekt\u00f6r\u00fc d\u0131\u015f\u0131nda s\u0131n\u0131rl\u0131 y\u0131l boyu istihdam ve kent merkezlerinin cazibesi. Ancak ara\u015ft\u0131rma kurumlar\u0131n\u0131n, k\u00fclt\u00fcrel \u00f6rg\u00fctlerin ve koruma giri\u015fimlerinin kal\u0131c\u0131 varl\u0131\u011f\u0131, yerel ekonominin \u00e7e\u015fitlendi\u011fini g\u00f6steriyor. Botanik rezervi ve UNESCO&#039;ya ba\u011fl\u0131 merkez, bilim insanlar\u0131n\u0131 ve \u00f6\u011frencileri \u00e7ekiyor; \u015eehir M\u00fczesi k\u00fclt\u00fcrel turizme katk\u0131da bulunuyor; festivaller ve anma alanlar\u0131, kayak sezonunun \u00f6tesinde kalabal\u0131klar\u0131 \u00e7ekiyor.<\/p>\n<p>Bucegi zirvelerinin g\u00f6lgesinde, Sinaia ne statik ne de tamamen performatif olan bir kimlik olu\u015fturmu\u015ftur. Manast\u0131r k\u00f6kenleri, kraliyet miraslar\u0131 ve koruma ve ara\u015ft\u0131rmaya y\u00f6nelik \u00e7a\u011fda\u015f taahh\u00fctler, hem gelene\u011fe hem de yenili\u011fe de\u011fer veren bir toplulukta bir araya gelir. \u00d6nceki n\u00fcfus say\u0131m\u0131ndan bu yana n\u00fcfusun ani d\u00fc\u015f\u00fc\u015f\u00fc, do\u011fal g\u00fczelli\u011fin ve tarihi ihti\u015fam\u0131n tek ba\u015f\u0131na istikrar\u0131 garanti edemeyece\u011finin bir hat\u0131rlat\u0131c\u0131s\u0131 olarak hizmet eder. Sinaia&#039;n\u0131n bir m\u00fcze par\u00e7as\u0131 olmaktan ziyade ya\u015fayan bir kasaba olarak kalmas\u0131 i\u00e7in mali ihtiyat, \u00e7evresel dikkat ve k\u00fclt\u00fcrel programlaman\u0131n uyum i\u00e7inde \u00e7al\u0131\u015fmas\u0131 gerekir.<\/p>\n<p>Bir tatil kasabas\u0131 olarak Sinaia, mimari topluluklar\u0131, do\u011fal park\u0131, festivalleri ve k\u0131\u015f sporlar\u0131 tesisleriyle uluslararas\u0131 bir \u00fcne kavu\u015fmu\u015ftur. Ancak ger\u00e7ek karakteri, s\u00fcrd\u00fcrd\u00fc\u011f\u00fc hassas dengede ortaya \u00e7\u0131kar: ba\u011fl\u0131l\u0131k ve e\u011flence, koruma ve geli\u015ftirme, anma ve yenilenme aras\u0131nda. \u00d6zg\u00fcrl\u00fck Kartallar\u0131 Meydan\u0131&#039;n\u0131n mermer sayfalar\u0131ndan korunan Da\u011f \u015eakay\u0131klar\u0131n\u0131n yapraklar\u0131na kadar, kasaban\u0131n her unsuru k\u0131r\u0131lganl\u0131k bilincini ve dayanma kararl\u0131l\u0131\u011f\u0131n\u0131 temsil eder. Sinaia&#039;n\u0131n \u00f6z\u00fc b\u00f6yle bir gerilimde yatar: tarihin sadece an\u0131lmad\u0131\u011f\u0131, ayn\u0131 zamanda \u00e7evre ve toplumun de\u011fi\u015fen konturlar\u0131na yan\u0131t olarak s\u00fcrekli olarak yeniden hayal edildi\u011fi bir yer.<\/p>\n<p>Manast\u0131r ta\u015flar\u0131 ve rokoko kuleleri, ya\u011fmurlu yazlar\u0131 ve karl\u0131 k\u0131\u015flar\u0131yla Sinaia hem bir s\u0131\u011f\u0131nak hem de bir sahne olarak duruyor ve oraya gidenleri bir toplulu\u011fun benlik duygusunu ta\u015f\u0131n kal\u0131c\u0131l\u0131\u011f\u0131na ve mevsimlerin ak\u0131\u015f\u0131na nas\u0131l demirleyebilece\u011fine tan\u0131k olmaya davet ediyor. Do\u011fal miras\u0131n\u0131 koruyarak, ge\u00e7mi\u015fine sayg\u0131 g\u00f6stererek ve kendini akademik ve k\u00fclt\u00fcrel al\u0131\u015fveri\u015fe a\u00e7arak, kasaba yak\u0131n vadisinin \u00e7ok \u00f6tesine uzanan bir i\u00e7g\u00f6r\u00fc ve yenilenme d\u00f6ng\u00fcs\u00fcn\u00fc s\u00fcrd\u00fcr\u00fcyor. Bucegi Da\u011flar\u0131 Prahova Nehri&#039;nin yata\u011f\u0131n\u0131 g\u00f6zetirken, Muntenia co\u011frafyas\u0131n\u0131n tam i\u00e7ine dokunmu\u015f olan Sinaia da insan \u00f6zleminin ve yer zorunluluklar\u0131n\u0131n hassas etkile\u015fimini g\u00f6zetiyor.<\/p>","protected":false},"excerpt":{"rendered":"<p>Sinaia, Romanya&#039;n\u0131n Prahova B\u00f6lgesi&#039;nde yakla\u015f\u0131k 9.000 ki\u015filik bir n\u00fcfusa sahip manzaral\u0131 bir k\u00f6y ve da\u011f tatil beldesidir. Ploie\u0219ti&#039;nin yakla\u015f\u0131k 65 kilometre kuzeybat\u0131s\u0131nda ve Bra\u0219ov&#039;un 48 kilometre g\u00fcneyinde bulunan bu b\u00fcy\u00fcleyici yer, Muntenia&#039;n\u0131n tarihi b\u00f6lgesinin bir par\u00e7as\u0131d\u0131r. Deniz seviyesinden 767 ila 860 metre y\u00fckseklikteki kasaban\u0131n benzersiz co\u011frafyas\u0131, onu muhte\u015fem Bucegi Da\u011flar\u0131&#039;n\u0131n hemen do\u011fusunda Prahova Nehri havzas\u0131 boyunca da\u011fl\u0131k bir alana yerle\u015ftirir.<\/p>","protected":false},"author":1,"featured_media":17586,"parent":11908,"menu_order":0,"comment_status":"closed","ping_status":"closed","template":"elementor_theme","meta":{"_eb_attr":"","footnotes":""},"class_list":["post-17071","page","type-page","status-publish","has-post-thumbnail"],"_links":{"self":[{"href":"https:\/\/travelshelper.com\/tr\/wp-json\/wp\/v2\/pages\/17071","targetHints":{"allow":["GET"]}}],"collection":[{"href":"https:\/\/travelshelper.com\/tr\/wp-json\/wp\/v2\/pages"}],"about":[{"href":"https:\/\/travelshelper.com\/tr\/wp-json\/wp\/v2\/types\/page"}],"author":[{"embeddable":true,"href":"https:\/\/travelshelper.com\/tr\/wp-json\/wp\/v2\/users\/1"}],"replies":[{"embeddable":true,"href":"https:\/\/travelshelper.com\/tr\/wp-json\/wp\/v2\/comments?post=17071"}],"version-history":[{"count":0,"href":"https:\/\/travelshelper.com\/tr\/wp-json\/wp\/v2\/pages\/17071\/revisions"}],"up":[{"embeddable":true,"href":"https:\/\/travelshelper.com\/tr\/wp-json\/wp\/v2\/pages\/11908"}],"wp:featuredmedia":[{"embeddable":true,"href":"https:\/\/travelshelper.com\/tr\/wp-json\/wp\/v2\/media\/17586"}],"wp:attachment":[{"href":"https:\/\/travelshelper.com\/tr\/wp-json\/wp\/v2\/media?parent=17071"}],"curies":[{"name":"wp","href":"https:\/\/api.w.org\/{rel}","templated":true}]}}