{"id":17059,"date":"2024-09-25T13:41:06","date_gmt":"2024-09-25T13:41:06","guid":{"rendered":"https:\/\/travelshelper.com\/staging\/?page_id=17059"},"modified":"2026-03-12T21:14:58","modified_gmt":"2026-03-12T21:14:58","slug":"voineasa","status":"publish","type":"page","link":"https:\/\/travelshelper.com\/tr\/destinations\/europe\/romania\/voineasa\/","title":{"rendered":"Voineasa"},"content":{"rendered":"<p>Voineasa, Romanya&#039;n\u0131n V\u00e2lcea \u0130l\u00e7esi&#039;nde, genellikle g\u00f6z ard\u0131 edilen Transilvanya ve Oltenia s\u0131n\u0131r\u0131nda, deniz seviyesinden 600 ila 800 metre y\u00fckseklikteki Lotru Nehri vadisinde bulunan bir k\u00f6y k\u00fcmesinde yer almaktad\u0131r. 2021 n\u00fcfus say\u0131m\u0131nda kaydedilen 1.224 ki\u015filik kal\u0131c\u0131 n\u00fcfusuyla, on y\u0131l \u00f6nceki 1.455&#039;ten az olan kom\u00fcn, \u00fc\u00e7 k\u00f6y\u00fc kaps\u0131yor: Valea M\u0103ce\u015fului, Voineasa proper ve Voine\u015fi\u0163a ve i\u011fne yaprakl\u0131 yama\u00e7lar, kristal akarsular ve \u00e7evreleyen Lotru Da\u011flar\u0131 taraf\u0131ndan \u015fekillendirilen bir iklimle tan\u0131mlanan bir alana yay\u0131l\u0131yor. 1 A\u011fustos 1496&#039;da belgelenen bir yerle\u015fim yeri olan Voineasa, Temmuz ay\u0131nda ortalama 14 \u00b0C olan serin yazlar\u0131n yerini Ocak ay\u0131nda ortalama -7 \u00b0C olan k\u0131\u015flara b\u0131rakt\u0131\u011f\u0131 ve y\u0131ll\u0131k ya\u011f\u0131\u015f\u0131n 800 milimetre civar\u0131nda seyretti\u011fi bir da\u011f i\u00e7i \u00e7\u00f6k\u00fcnt\u00fcy\u00fc i\u015fgal eder. Y\u00fckseklik, temiz hava ve iyonize atmosferin bu kombinasyonu, uzun zamand\u0131r bu b\u00f6lgeyi genel ilgi g\u00f6ren bir iklim beldesi olarak belirlemi\u015ftir ve bu i\u015flevi hala dikkate de\u011fer bir tutarl\u0131l\u0131kla yerine getirmektedir.<\/p>\n<p>Kasaban\u0131n merkezine ilk bak\u0131\u015f d\u00fczenli bir dinginlik hissi uyand\u0131r\u0131yor. Sokaklar nehre do\u011fru yava\u015f\u00e7a a\u015fa\u011f\u0131 do\u011fru k\u0131vr\u0131l\u0131yor, kald\u0131r\u0131mlar\u0131 cepheleri hem modern hem de retrospektif mimari etkilere tan\u0131kl\u0131k eden m\u00fctevaz\u0131 villalarla \u00e7er\u00e7eveleniyor. Ana caddenin bir kanad\u0131 boyunca uzanan kanatlar\u0131yla bask\u0131n tedavi kompleksi, Voineasa&#039;n\u0131n bir spa tesisine d\u00f6n\u00fc\u015ft\u00fcr\u00fcld\u00fc\u011f\u00fc Kom\u00fcnist d\u00f6neme kadar uzan\u0131yor. \u00c7ok say\u0131da misafiri a\u011f\u0131rlamak i\u00e7in tasarlanan bu avangart yap\u0131, solunum ve kas-iskelet sistemi terapileri, sinir sistemi iyile\u015fmesi ve sekonder anemiden rehabilitasyonu vurgulayan bir t\u0131bbi turizm sekt\u00f6r\u00fcn\u00fcn odak noktas\u0131 olmaya devam ediyor. Duvarlar\u0131n\u0131n i\u00e7inde ziyaret\u00e7iler, hem klasik Avrupa metodolojilerinde hem de Romanya sa\u011fl\u0131k otoriteleri taraf\u0131ndan zorunlu k\u0131l\u0131nan protokollerde deneyimli uygulay\u0131c\u0131lar taraf\u0131ndan uygulanan elektroterapi, masaj, balneoterapi ve aerosol inhalasyonu i\u00e7in en son teknolojiyle donat\u0131lm\u0131\u015f bir dizi tedavi odas\u0131yla kar\u015f\u0131la\u015f\u0131yor.<\/p>\n<p>Klinik ortam\u0131n \u00f6tesinde, konaklama se\u00e7enekleri bir dizi \u00f6zel otel ve misafirhaneyi de i\u00e7erecek \u015fekilde geni\u015fler. \u0130\u00e7 mekanlar\u0131, konuklar\u0131n \u00e7evredeki ormanl\u0131k alanlara konsantre olmas\u0131n\u0131 sa\u011flayan sade minimalizmden, Oltenian halk geleneklerini yans\u0131tan tekstil ve sanat objeleriyle s\u00fcslenmi\u015f daha s\u0131cak alanlara kadar uzan\u0131r. Her kurulu\u015f, comarca&#039;n\u0131n k\u00fclt\u00fcrel miras\u0131yla bilin\u00e7li bir diyalog kurarak, yerel motifleri d\u00f6\u015feme desenlerine, duvar rengi \u015femalar\u0131na ve ortak dinlenme alanlar\u0131na i\u015fler. Bu dekoratif g\u00f6steri\u015flere ra\u011fmen, ne spa kompleksi ne de ba\u011f\u0131ms\u0131z konaklama birimleri i\u015flevsellikten \u00f6d\u00fcn vermez: konuk odalar\u0131, alan, do\u011fal \u0131\u015f\u0131k ve havaland\u0131rma i\u00e7in titiz standartlara uyarken, ortak alanlar daha ticari tatil yerlerinde yayg\u0131n olan g\u00f6steri\u015f\u00e7ili\u011fe ba\u015fvurmadan sosyal etkile\u015fimi kolayla\u015ft\u0131rmak i\u00e7in d\u00f6\u015fenmi\u015ftir.<\/p>\n<p>Voineasa&#039;n\u0131n tedavi edici ikliminin cazibesi, vadiyi saran yo\u011fun ormanl\u0131k alanlardan ayr\u0131lamaz. \u00c7am, k\u00f6knar ve ladin ormanlar\u0131 yama\u00e7larda kesintisiz bir \u015fekilde uzan\u0131r, i\u011fneleri ara\u015ft\u0131rmalar\u0131n artan zihinsel berrakl\u0131k ve y\u00fckselen ruh hali ile ili\u015fkilendirdi\u011fi negatif iyonlar salar. Haritac\u0131lar, yak\u0131n \u00e7evreyi Latori\u0163a Do\u011fa Rezervi&#039;nin bir par\u00e7as\u0131 olarak tan\u0131mlarlar, eski b\u00fcy\u00fcme kay\u0131n a\u011fa\u00e7lar\u0131yla \u00fcvez ve ard\u0131\u00e7 a\u011fa\u00e7lar\u0131n\u0131n serpi\u015ftirildi\u011fi korunan bir orman ekosistemidir. Nesiller boyu \u00e7obanlar ve ormanc\u0131lar taraf\u0131ndan kesilen patikalar, bu ormanl\u0131k alandan ge\u00e7erek endemik floran\u0131n (orman g\u00fcl\u00fc, kutsal a\u011fa\u00e7 ve nadir orkide t\u00fcrleri) g\u00f6r\u00fcnt\u00fclerini sunar ve b\u00f6lgenin botanik ve jeolojisinde e\u011fitimli rehberlerin g\u00f6zetiminde dinlendirici y\u00fcr\u00fcy\u00fc\u015fler i\u00e7in ortam sa\u011flar.<\/p>\n<p>Bu patikalar ayn\u0131 zamanda Lotru \u015eelaleleri&#039;ne de \u00e7\u0131kar. Bu \u015felaleler, y\u00fcksekli\u011fi ve hacmi mevsimlere g\u00f6re de\u011fi\u015fen ancak hi\u00e7bir zaman dramatik etki e\u015fi\u011finin alt\u0131na d\u00fc\u015fmeyen bir dizi \u015felaledir. \u0130lkbaharda eriyen su selleri, kaya taban\u0131nda ge\u00e7ici kanallar olu\u015ftururken, sonbahar sonu ak\u0131\u015flar\u0131 sabit bir de\u015farj ta\u015f\u0131r ve p\u00fcsk\u00fcrmeleri al\u00e7ak g\u00fcne\u015fi yakalayarak her damlan\u0131n taban\u0131nda g\u00f6kku\u015fa\u011f\u0131 olu\u015fturur. \u015eelaleler, uzak olsa da, ana yoldan ayr\u0131lan bir \u00e7ak\u0131l patika yoluyla eri\u015filebilir; oraya giden yolculuk, Voineasa&#039;n\u0131n hem amat\u00f6r do\u011fa bilimcileri hem de daha deneyimli y\u00fcr\u00fcy\u00fc\u015f\u00e7\u00fcleri a\u011f\u0131rlama kapasitesini g\u00f6stermektedir. Rota boyunca, yerel yetkililer taraf\u0131ndan yerle\u015ftirilen bilgilendirici tabelalar, ortam sessizli\u011fini bozmadan \u00f6nemli ilgi noktalar\u0131n\u0131 a\u00e7\u0131klar ve k\u00fct\u00fcklerden ve ta\u015ftan yap\u0131lm\u0131\u015f periyodik dinlenme platformlar\u0131, vadinin jeomorfolojisi \u00fczerinde d\u00fc\u015f\u00fcnmeye davet eder.<\/p>\n<p>Yakla\u015f\u0131k yirmi be\u015f kilometre uzakl\u0131kta, Romanya&#039;n\u0131n en b\u00fcy\u00fck hidroelektrik barajlar\u0131ndan birinin tuttu\u011fu geni\u015f bir su k\u00fctlesi olan Vidra rezervuar\u0131 yer al\u0131r. 1965 ile 1972 y\u0131llar\u0131 aras\u0131nda in\u015fa edilen baraj, Lotru Nehri&#039;nin bir zamanlar vah\u015fi olan bir b\u00f6l\u00fcm\u00fcn\u00fc, y\u00fczeyi tam kapasitede yakla\u015f\u0131k on d\u00f6rt kilometrekarelik bir alana yay\u0131lan bir g\u00f6le d\u00f6n\u00fc\u015ft\u00fcrd\u00fc. Voineasa&#039;dan k\u0131vr\u0131ml\u0131 bir yol baraj\u0131n tepesine do\u011fru y\u00fckselir, t\u0131rman\u0131\u015f dikle\u015ftik\u00e7e incelen ve zirveye yak\u0131n oyuklarda daha so\u011fuk hava toplanan i\u011fne yaprakl\u0131 ormanlar\u0131n aras\u0131ndan ge\u00e7er. Setin tepesine vard\u0131klar\u0131nda, ziyaret\u00e7iler rezervuar\u0131n sakin geni\u015fli\u011fini inceler, karanl\u0131k sular\u0131 genellikle ilkbahar sonuna kadar kar par\u00e7alar\u0131 ta\u015f\u0131yan tepelerle \u00e7evrilidir. Bu alan ayn\u0131 zamanda Ciunget hidroelektrik santraline g\u00fcn\u00fcbirlik geziler i\u00e7in bir ba\u015flang\u0131\u00e7 \u200b\u200bnoktas\u0131 olarak da kullan\u0131l\u0131yor. Burada rehberli turlar, santralin t\u00fcrbinlerini, su borular\u0131n\u0131 ve ekolojik g\u00fcvenlik \u00f6nlemlerini a\u00e7\u0131kl\u0131yor. Ayr\u0131ca, F\u0103g\u0103ra\u015f s\u0131rada\u011flar\u0131na g\u00fcnlerce s\u00fcrecek geziler planlayan da\u011fc\u0131lara hizmet veren, daha tenha bir yer olan Vidra Da\u011f \u015ealesi&#039;ne de gidilebiliyor.<\/p>\n<p>Alabal\u0131k avc\u0131l\u0131\u011f\u0131, Voineasa&#039;n\u0131n cazibesinin bir ba\u015fka boyutunu olu\u015fturur ve Lotru Nehri ve kollar\u0131nda hem yerel halk hem de lisansl\u0131 bal\u0131k\u00e7\u0131lar taraf\u0131ndan uygulan\u0131r. Nehrin berrak, oksijen a\u00e7\u0131s\u0131ndan zengin sular\u0131, so\u011fuk ve h\u0131zl\u0131 akan akarsularda geli\u015fen t\u00fcrler olan kahverengi ve g\u00f6kku\u015fa\u011f\u0131 alabal\u0131\u011f\u0131 stoklar\u0131n\u0131 destekler. Bal\u0131k\u00e7\u0131l\u0131k alanlar\u0131na mekanik yard\u0131m olmadan ula\u015f\u0131labilir ve kom\u00fcn\u00fcn \u00e7evre d\u00fczenlemeleri, n\u00fcfus seviyelerini korumak i\u00e7in tasarlanm\u0131\u015f yakala ve b\u0131rak uygulamalar\u0131n\u0131 zorunlu k\u0131lar. Yap\u0131land\u0131r\u0131lm\u0131\u015f bir yakla\u015f\u0131m\u0131 tercih edenler i\u00e7in, yerel olta kul\u00fcb\u00fc ekipman kiralama, sinek atma tekni\u011fi e\u011fitimi ve akarsu ekolojisi \u00fczerine mevsimlik at\u00f6lyeler sunar. Bu giri\u015fimler, Voineasa&#039;n\u0131n rekreasyon kadar korumay\u0131 da \u00f6nemsedi\u011fi izlenimini g\u00fc\u00e7lendirir ve kom\u00fcn\u00fcn rybarys&#039;lerinin (k\u00f6y bal\u0131k\u00e7\u0131lar\u0131 i\u00e7in miras al\u0131nan bir terim) zanaatlar\u0131n\u0131 do\u011fal d\u00f6ng\u00fclerle uyum i\u00e7inde s\u00fcrd\u00fcrmelerini sa\u011flar.<\/p>\n<p>Il\u0131man mevsimler Voineasa&#039;n\u0131n cazibesinin bir y\u00f6n\u00fcn\u00fc ortaya koyarken, k\u0131\u015f, Transalpina Kayak Pisti projesi arac\u0131l\u0131\u011f\u0131yla kom\u00fcn\u00fc da\u011f sporlar\u0131 i\u00e7in bir merkeze d\u00f6n\u00fc\u015ft\u00fcr\u00fcyor. Kom\u00fcn\u00fcn hemen kuzeyindeki yama\u00e7larda bulunan kurulum, 1.850 metrede bir ara istasyon, saatte 1.200 kayak\u00e7\u0131 kapasiteli d\u00f6rt ki\u015filik bir telesiyej ve iki ek y\u00fczey telesiyejiyle birbirine ba\u011flanan iki Leitner gondol liftinden olu\u015fuyor. Her biri sekiz yolcu ta\u015f\u0131yabilen doksan d\u00f6rt kabin, 1.320 metredeki baz istasyonundan 1.974 metredeki zirve terminaline \u00e7\u0131k\u0131yor ve burada panoramik banklar ini\u015ften \u00f6nce k\u0131sa bir mola imkan\u0131 sunuyor. B\u00f6lgenin de\u011fi\u015fken kar ya\u011f\u0131\u015f\u0131n\u0131 kabul ederek, operat\u00f6rler, Romanya&#039;daki t\u00fcr\u00fcn\u00fcn en b\u00fcy\u00fc\u011f\u00fc olan 120.000 metrek\u00fcpl\u00fck yapay bir rezervuar tutuyor ve kar yapma makineleri pist boyunca da\u011f\u0131t\u0131lm\u0131\u015f on mobil topu beslemek i\u00e7in buradan su \u00e7ekiyor. E\u011fimin iki yan\u0131nda yer alan, \u00f6zel olarak d\u00fczenlenmi\u015f \u00e7am a\u011fa\u00e7lar\u0131 ku\u015fa\u011f\u0131, hem r\u00fczgar k\u0131r\u0131c\u0131 hem de kar alt\u0131nda s\u0131k\u0131\u015f\u0131p kayak y\u00fczeyini sa\u011flamla\u015ft\u0131rmaya yard\u0131mc\u0131 olan i\u011fne yaprakl\u0131 a\u011fa\u00e7lar\u0131n do\u011fal rezervi olarak hizmet veriyor.<\/p>\n<p>Kayak alan\u0131n\u0131n ete\u011finde, halka a\u00e7\u0131k bir teras yemek ve e\u011flenceyi bir araya getiriyor. Ziyaret\u00e7iler, f\u00fcme alabal\u0131k ezmesi, da\u011f otlu omletler gibi b\u00f6lgesel spesiyaliteler sunan h\u0131zl\u0131 servis kafeteryalar ile hafta sonlar\u0131 canl\u0131 halk m\u00fczi\u011fi e\u015fli\u011finde s\u0131cak i\u00e7eceklerin sunuldu\u011fu apr\u00e8s-ski salonlar\u0131 aras\u0131nda se\u00e7im yapabiliyor. Modern s\u0131hhi tesisat bloklar\u0131 ve ultra modern tuvaletler teras\u0131 tamamlarken, Romanya Jandarmas\u0131 Montan\u0103&#039;n\u0131n g\u00f6rev yapt\u0131\u011f\u0131 da\u011f kurtarma bar\u0131naklar\u0131 ve ilk yard\u0131m noktas\u0131 her t\u00fcrl\u00fc acil duruma m\u00fcdahale etmeye haz\u0131r. Be\u015f katl\u0131, 400 ara\u00e7l\u0131k bir otopark, tesisin biti\u015fi\u011finde yer al\u0131yor ve mimarisi \u00e7evredeki topografyayla uyum sa\u011flayacak ve hem bilet ofislerine hem de kayak, snowboard ve koruyucu ekipman kiralama merkezlerine do\u011frudan eri\u015fim sa\u011flayacak \u015fekilde tasarlanm\u0131\u015f.<\/p>\n<p>Mevsimsel festivaller, hem pastoral gelenekleri hem de \u00e7a\u011fda\u015f k\u00fclt\u00fcrel ifadeleri onurland\u0131rarak Voineasa&#039;n\u0131n takvimini vurgular. Her yaz, Lotru Vadisi, Valea M\u0103ce\u015fului yak\u0131nlar\u0131ndaki bir \u00e7ay\u0131rda, orkestralar\u0131n tulnik boynuz ve \u00e7oban fl\u00fct\u00fc e\u015fli\u011finde antik baladlar \u00e7ald\u0131\u011f\u0131 bir halk m\u00fczi\u011fi toplant\u0131s\u0131na ev sahipli\u011fi yapar. Sonbaharda, yerel \u015fefler Voine\u015fi\u0163a&#039;da bir gastronomi fuar\u0131 i\u00e7in bir araya gelir ve b\u00f6lgesel m\u00fcfetti\u015flerin kalite ve men\u015fei konusunda dikkatli bak\u0131\u015flar\u0131 alt\u0131nda haz\u0131rlanan, orman toplay\u0131c\u0131l\u0131\u011f\u0131ndan elde edilen \u00fcr\u00fcnleri (mantarlar, yabani meyveler ve yenilebilir yemi\u015fler) ve avdan sofraya men\u00fclerini sergiler. K\u0131\u015f, fenerlerle ayd\u0131nlat\u0131lm\u0131\u015f alaylar, maskeli dans\u00e7\u0131lar ve Hristiyanl\u0131k \u00f6ncesi yenilenme ayinlerine sayg\u0131 g\u00f6steren ortak \u015fenlik ate\u015fleriyle \u015fehir merkezine bir karnaval atmosferi getirir. Bu etkinlikler, resmi turistik cazibe merkezleri olu\u015fturmasa da, toplumsal dayan\u0131\u015fma ve topra\u011fa sayg\u0131 temelinde bir ethos ortaya koyar.<\/p>\n<p>Demografik ve etnografik ayr\u0131nt\u0131lar da Voineasa&#039;n\u0131n karakterini bilgilendirir. 2021 n\u00fcfus say\u0131m\u0131nda, sakinlerin ,77&#039;si kendilerini etnik olarak Rumen olarak beyan ederken, %0,16&#039;s\u0131 di\u011fer gruplarla \u00f6zde\u015fle\u015fmi\u015f ve %9,07&#039;si belirtmemi\u015ftir. Mezhepsel ba\u011fl\u0131l\u0131k etnik k\u00f6kenle yak\u0131ndan ili\u015fkilidir: sakinlerin ,79&#039;u Ortodoks, %0,65&#039;i di\u011fer dinleri benimsiyor ve %9,56&#039;s\u0131 s\u0131n\u0131fland\u0131r\u0131lmam\u0131\u015f durumda. Bu rakamlar, 1.455 ki\u015finin kaydedildi\u011fi 2011&#039;deki \u00f6nceki n\u00fcfus say\u0131m\u0131ndan bu yana m\u00fctevaz\u0131 bir \u015fekilde de\u011fi\u015fmi\u015ftir ve bu, Romanya&#039;n\u0131n da\u011fl\u0131k b\u00f6lgelerinde de g\u00f6r\u00fclen kademeli bir k\u0131rsal n\u00fcfus azalmas\u0131n\u0131 g\u00f6stermektedir. Bununla birlikte, topluluk k\u00f6y \u015fapellerinin bak\u0131m\u0131, k\u00f6yl\u00fc tarz\u0131 meyve bah\u00e7elerinin bak\u0131m\u0131 ve tar\u0131msal ve pastoral takvimlere ba\u011fl\u0131 mevsimsel rit\u00fcellerin devam ettirilmesinde kendini g\u00f6steren tutarl\u0131 bir k\u00fclt\u00fcrel kimli\u011fe sahiptir.<\/p>\n<p>B\u00f6lgesel kalk\u0131nma ve k\u0131rsal canland\u0131rma bilim insanlar\u0131, Voineasa&#039;n\u0131n tenha bir da\u011f yerle\u015fiminden \u00e7ok y\u00f6nl\u00fc bir tatil beldesine d\u00f6n\u00fc\u015f\u00fcm\u00fcn\u00fc not ettiler. T\u0131bbi altyap\u0131ya yapt\u0131\u011f\u0131 s\u00fcrekli yat\u0131r\u0131m, e\u011flence olanaklar\u0131n\u0131n geni\u015fletilmesi ve \u00e7evresel varl\u0131klar\u0131n korunmas\u0131yla birle\u015fince, kom\u00fcn\u00fc ekonomik zorunluluklar\u0131 ekolojik sorumlulukla dengelemede bir \u00f6rnek \u00e7al\u0131\u015fma haline getirdi. Yerel y\u00f6neticiler, yol bak\u0131m\u0131, at\u0131k y\u00f6netimi iyile\u015ftirmeleri ve geni\u015f bant internet kurulumu i\u00e7in Avrupa Birli\u011fi fonlar\u0131n\u0131 g\u00fcvence alt\u0131na ald\u0131lar ve b\u00f6ylece kasaban\u0131n k\u0131rsal ambiyans\u0131ndan \u00f6d\u00fcn vermeden uzaktan \u00e7al\u0131\u015fma ve k\u00fc\u00e7\u00fck i\u015fletme kulu\u00e7kas\u0131n\u0131 kolayla\u015ft\u0131rd\u0131lar.<\/p>\n<p>Romanya daha geni\u015f Avrupa k\u00fclt\u00fcrel ve ekonomik \u00e7er\u00e7evelerine entegrasyonunu s\u00fcrd\u00fcr\u00fcrken, Voineasa, \u00e7evre b\u00f6lgelerinin \u00f6zg\u00fcn teklifler \u00fcretme kapasitesinin bir kan\u0131t\u0131 olarak duruyor. \u0130ster iyonize atmosferlerin ve \u00e7am kokulu ormanlar\u0131n vaadiyle \u00e7ekilen bir sa\u011fl\u0131k aray\u0131c\u0131s\u0131, ister kaynak dere alabal\u0131\u011f\u0131 arayan bir olta bal\u0131k\u00e7\u0131s\u0131, ister yeni da\u011f parkurlar\u0131 i\u00e7in hevesli bir kayak\u00e7\u0131 veya gelenek ve modernle\u015fmenin etkile\u015fimini inceleyen bir akademisyen a\u00e7\u0131s\u0131ndan yakla\u015f\u0131ls\u0131n, kom\u00fcn katmanl\u0131 bir anlat\u0131 sunuyor. K\u00f6kenleri be\u015f y\u00fczy\u0131l \u00f6ncesine dayan\u0131yor, ancak \u00f6zlemleri s\u00fcrd\u00fcr\u00fclebilir kalk\u0131nmaya, toplum uyumuna ve do\u011fal ve k\u00fclt\u00fcrel miras\u0131n y\u00f6netimine s\u0131k\u0131 s\u0131k\u0131ya ba\u011fl\u0131 kalmaya devam ediyor.<\/p>\n<p>Terap\u00f6tik iklim, m\u00fchendislik altyap\u0131s\u0131 ve kal\u0131c\u0131 k\u00f6y geleneklerinin bir araya gelmesiyle Voineasa, kitle turizminin abart\u0131s\u0131n\u0131 \u00f6l\u00e7\u00fcl\u00fc, deneyime dayal\u0131 kat\u0131l\u0131m lehine reddeden bir da\u011f destinasyonunu \u00f6rneklemektedir. Kasaban\u0131n gelece\u011fi, payda\u015flar\u0131n ziyaret\u00e7i ak\u0131\u015flar\u0131n\u0131 y\u00f6netme, ormanlar\u0131n\u0131n ve su yollar\u0131n\u0131n b\u00fct\u00fcnl\u00fc\u011f\u00fcn\u00fc koruma ve sakinlerini topra\u011fa ba\u011flayan somut olmayan ba\u011flar\u0131 (dil, rit\u00fcel, zanaat) geli\u015ftirme becerisine ba\u011fl\u0131 olacakt\u0131r. Bu \u00e7abalar ba\u015far\u0131l\u0131 olursa, Voineasa tarih ve modernitenin kesi\u015fti\u011fi noktada benzersiz ni\u015fini i\u015fgal etmeye devam edecek, k\u0131rsal dayan\u0131kl\u0131l\u0131k i\u00e7in bir model ve Avrupa seyahatinin daha yo\u011fun trafi\u011fe sahip koridorlar\u0131na sessiz bir kar\u015f\u0131 nokta sunacakt\u0131r.<\/p>","protected":false},"excerpt":{"rendered":"<p>Romanya&#039;n\u0131n Oltenia b\u00f6lgesindeki V\u00e2lcea \u0130l\u00e7esi&#039;nde bulunan pastoral bir kom\u00fcn olan Voineasa, Karpat Da\u011flar\u0131&#039;n\u0131n do\u011fal ihti\u015fam\u0131 aras\u0131nda geli\u015fen bir n\u00fcfusa sahiptir. Valea M\u0103ce\u0219ului, Voineasa ve Voine\u0219i\u021ba olmak \u00fczere \u00fc\u00e7 k\u00f6yden olu\u015fan bu muhte\u015fem b\u00f6lge, Romanya&#039;n\u0131n zengin k\u00fclt\u00fcrel gelene\u011fini ve do\u011fal g\u00fczelli\u011fini en iyi \u015fekilde vurgular.<\/p>","protected":false},"author":1,"featured_media":17492,"parent":11908,"menu_order":0,"comment_status":"closed","ping_status":"closed","template":"elementor_theme","meta":{"_eb_attr":"","footnotes":""},"class_list":["post-17059","page","type-page","status-publish","has-post-thumbnail"],"_links":{"self":[{"href":"https:\/\/travelshelper.com\/tr\/wp-json\/wp\/v2\/pages\/17059","targetHints":{"allow":["GET"]}}],"collection":[{"href":"https:\/\/travelshelper.com\/tr\/wp-json\/wp\/v2\/pages"}],"about":[{"href":"https:\/\/travelshelper.com\/tr\/wp-json\/wp\/v2\/types\/page"}],"author":[{"embeddable":true,"href":"https:\/\/travelshelper.com\/tr\/wp-json\/wp\/v2\/users\/1"}],"replies":[{"embeddable":true,"href":"https:\/\/travelshelper.com\/tr\/wp-json\/wp\/v2\/comments?post=17059"}],"version-history":[{"count":0,"href":"https:\/\/travelshelper.com\/tr\/wp-json\/wp\/v2\/pages\/17059\/revisions"}],"up":[{"embeddable":true,"href":"https:\/\/travelshelper.com\/tr\/wp-json\/wp\/v2\/pages\/11908"}],"wp:featuredmedia":[{"embeddable":true,"href":"https:\/\/travelshelper.com\/tr\/wp-json\/wp\/v2\/media\/17492"}],"wp:attachment":[{"href":"https:\/\/travelshelper.com\/tr\/wp-json\/wp\/v2\/media?parent=17059"}],"curies":[{"name":"wp","href":"https:\/\/api.w.org\/{rel}","templated":true}]}}