{"id":17017,"date":"2024-09-25T11:36:59","date_gmt":"2024-09-25T11:36:59","guid":{"rendered":"https:\/\/travelshelper.com\/staging\/?page_id=17017"},"modified":"2026-03-12T21:04:52","modified_gmt":"2026-03-12T21:04:52","slug":"baile-felix","status":"publish","type":"page","link":"https:\/\/travelshelper.com\/tr\/destinations\/europe\/romania\/baile-felix\/","title":{"rendered":"B\u0103ile Felix"},"content":{"rendered":"<p>Romanya&#039;n\u0131n Cri\u0219ana b\u00f6lgesindeki Bihor ilinin S\u00e2nmartin il\u00e7esine ba\u011fl\u0131 bir k\u00f6y olan B\u0103ile Felix, Oradea belediyesinin yakla\u015f\u0131k on kilometre g\u00fcneyinde yer al\u0131r ve 20 \u00b0C ile 49 \u00b0C aras\u0131nda de\u011fi\u015fen s\u0131cakl\u0131klara sahip termal kaynaklar\u0131yla 7.000&#039;den fazla konaklama olana\u011f\u0131 sunan \u00fclkenin en b\u00fcy\u00fck kal\u0131c\u0131 kapl\u0131ca tesisi olma \u00f6zelli\u011fini ta\u015f\u0131r.<\/p>\n<p>1711 ile 1721 y\u0131llar\u0131 aras\u0131nda in\u015fa edilen en eski yap\u0131lar\u0131ndan, hem t\u0131bbi rehabilitasyon hem de e\u011flence turizmi merkezi olarak bug\u00fcnk\u00fc durumuna kadar, B\u0103ile Felix, titiz deneysel g\u00f6zlem ve istikrarl\u0131 adaptasyonla tan\u0131mlanan bir rota \u00e7izmi\u015ftir. Ad\u0131, S\u00e2nmartin b\u00f6lgesini y\u00f6neten ve Macar unvan\u0131 F\u00e9lixf\u00fcrd\u0151 alt\u0131nda banyo tesislerinin ilk koordineli geli\u015fimini denetleyen Klosterbruck manast\u0131r\u0131na ba\u011fl\u0131 on sekizinci y\u00fczy\u0131l Moravyal\u0131 rahibi Felix Helcher&#039;e sayg\u0131 duru\u015funda bulunmaktad\u0131r. \u00dc\u00e7 y\u00fczy\u0131l boyunca, Bor\u015f s\u0131n\u0131r kontrol noktas\u0131n\u0131n yakla\u015f\u0131k yirmi iki kilometre g\u00fcneydo\u011fusunda, hu\u015f ve me\u015fe ormanlar\u0131ndan olu\u015fan yumu\u015fak bir arazide yer alan k\u00f6y\u00fcn co\u011frafi koordinatlar\u0131, sosyal, politik ve bilimsel ak\u0131mlar in\u015fa edilmi\u015f \u00e7evresinin ve terap\u00f6tik tekliflerinin konturlar\u0131n\u0131 de\u011fi\u015ftirse bile, sabit oldu\u011funu kan\u0131tlam\u0131\u015ft\u0131r.<\/p>\n<p>On sekizinci y\u00fczy\u0131l\u0131n a\u00e7\u0131l\u0131\u015f ony\u0131llar\u0131nda, Helcher ilk banyo pavyonlar\u0131n\u0131n in\u015fas\u0131n\u0131 y\u00f6netti\u011finde, as\u0131l ilgi \u00e7ekici \u015fey, ortaya \u00e7\u0131kan \u0131s\u0131s\u0131yla mevsimsel ortam s\u0131cakl\u0131klar\u0131na meydan okuyan suyun saf harikas\u0131yd\u0131. Yerel efsaneler, kaynaklar\u0131n ke\u015ffini \u00e7e\u015fitli \u015fekillerde 1000 veya 1200 y\u0131l\u0131na tarihlendirirken, daha temkinli bir ara\u015ft\u0131rma, resmi s\u00f6m\u00fcr\u00fclmelerini 1700 civar\u0131na yerle\u015ftirir; o zamanlar ilkel tesisler, 1720&#039;lerin ortalar\u0131nda kronik rahats\u0131zl\u0131klardan kurtulmak isteyen yalvaranlar\u0131 a\u011f\u0131rlayabilen ortak banyolara d\u00f6n\u00fc\u015fm\u00fc\u015ft\u00fcr. 1948&#039;de kom\u00fcnist millile\u015ftirme alt\u0131nda manast\u0131r topraklar\u0131n\u0131n da\u011f\u0131lmas\u0131, Premonstratensian Tarikat\u0131&#039;n\u0131n sitenin do\u011frudan y\u00f6netimini azaltt\u0131, ancak o zamana kadar mineral a\u00e7\u0131s\u0131ndan zengin sular\u0131 benimsemi\u015f olan t\u0131bbi bilimin daha geni\u015f zorunlulu\u011funu ortadan kald\u0131ramad\u0131.<\/p>\n<p>B\u0103ile Felix&#039;in tan\u0131mlay\u0131c\u0131 \u00f6zelli\u011fi, ard\u0131\u015f\u0131k t\u0131p uygulay\u0131c\u0131lar\u0131 dalgalar\u0131 taraf\u0131ndan terap\u00f6tik potansiyeli do\u011frulanan oligometalik, bikarbonat, kalsiyum ve sodyum a\u00e7\u0131s\u0131ndan zengin termal kaynaklar\u0131 olmaya devam ediyor. 1885&#039;te 49 \u00b0C&#039;de su veren yeni bir kaynak, tatil k\u00f6y\u00fcn\u00fcn repertuar\u0131n\u0131 geni\u015fletti ve b\u00f6lgesel s\u0131n\u0131rlar\u0131n \u00f6tesinde itibar\u0131n\u0131 yeniden do\u011frulad\u0131. Dahiliyeciler, romatizmal poliartrit, romatoid spondilit, dejeneratif eklem hastal\u0131klar\u0131 ve nevraljilerden muzdarip hastalar i\u00e7in \u00f6zel rejimler \u00f6nermeye ba\u015flad\u0131. Merkezi ve periferik n\u00f6rolojik durumlar, jinekolojik bozukluklar, travma sonras\u0131 iyile\u015fme ve se\u00e7ilmi\u015f endokrin hastal\u0131klar\u0131 da tatil k\u00f6y\u00fcn\u00fcn vaka y\u00fck\u00fc aras\u0131nda \u00f6nemli bir yer tutuyordu. Metodolojik cephanelik, elektroterapi, hidroterapi, aerosol uygulamas\u0131, parafin paketleri ve hedefli masajlar\u0131, hepsi giderek daha sofistike bir t\u0131bbi taban\u0131n g\u00f6zetimi alt\u0131nda birle\u015ftirdi.<\/p>\n<p>Terap\u00f6tik misyonuyla paralel olarak, B\u0103ile Felix rahatlama turizmine y\u00f6nelik olanaklar geli\u015ftirdi. Oteller, pansiyonlar ve \u00f6zel villalardan olu\u015fan bir a\u011f, hem kapal\u0131 hem de a\u00e7\u0131k y\u00fczme tesisleriyle tamamlanan 7.000&#039;den fazla konaklama yeri sa\u011fl\u0131yor. Il\u0131man yazlar ve yaprak d\u00f6ken orman \u00f6rt\u00fcs\u00fcyle tamponlanan k\u0131\u015flarla noktalanan \u0131l\u0131man karasal iklim, b\u00f6lgeye s\u00fcrekli \u0131l\u0131man bir hava kazand\u0131r\u0131yor. B\u00f6yle bir iklim, tatil k\u00f6y\u00fcn\u00fcn g\u00f6llerinde geli\u015fen, \u00dc\u00e7\u00fcnc\u00fc \u00c7a\u011f&#039;dan kalma bir kal\u0131nt\u0131 olan subtropikal su zambaklar\u0131n\u0131\u2014Nymphaea lotus thermalis\u2014besliyor. Ziyaret\u00e7iler bu \u00e7i\u00e7eklerle kaplumba\u011falar, egzotik bal\u0131klar ve termal sular\u0131n e\u015fsiz mikro iklimini ve y\u00fcksek mineral i\u00e7eri\u011fini yans\u0131tan di\u011fer canl\u0131larla kar\u015f\u0131la\u015f\u0131yor.<\/p>\n<p>Do\u011fuda, kom\u015fu B\u0103ile 1 Mai&#039;deki &#034;P\u00e2r\u00e2ul Pe\u0163a&#034; Do\u011fal Rezervi, \u00fc\u00e7 korunan t\u00fcre nadir bir bak\u0131\u015f sunuyor: ard\u0131\u015f\u0131k buzulla\u015fmalara dayanm\u0131\u015f \u00fc\u00e7\u00fcnc\u00fcl bir kal\u0131nt\u0131 olan Melanopsis parreyssi salyangozu; Rumen do\u011fa bilimcisinin ilk kez tan\u0131mlad\u0131\u011f\u0131 &#034;Ro\u0219ioara lui Racovi\u021b\u0103&#034; olarak bilinen Scardinus racovitzae; ve Avrupa&#039;daki ya\u015fam alan\u0131 bu yerle\u015fimle s\u0131n\u0131rl\u0131 olan Nymphaea lotus thermalis. Rezervin su ekosistemi, koruma biyolojisi, jeoloji ve klimatolojiyi birle\u015ftiren canl\u0131 bir laboratuvar gibi duruyor.<\/p>\n<p>B\u0103ile Felix&#039;teki rekreasyon f\u0131rsatlar\u0131 hem tarihi hem de \u00e7a\u011fda\u015f deneyimleri kapsar. 1900 y\u0131l\u0131nda a\u00e7\u0131lan Apollo Termal Su Havuzu, yirminci y\u00fczy\u0131l\u0131n ba\u015flar\u0131ndaki spa mimarisinin ve ortak banyo k\u00fclt\u00fcr\u00fcn\u00fcn karakterini korur. Birbirine biti\u015fik yap\u0131lar - B\u0103ile Felix&#039;teki kapal\u0131 Aqua Park ve Romanya&#039;n\u0131n bir as\u0131rdan fazla s\u00fcredir faaliyet g\u00f6steren en eski tesisi olarak kutlanan B\u0103ile 1 Mai&#039;deki dalga havuzu - terap\u00f6tik dal\u0131\u015f\u0131n yan\u0131 s\u0131ra aktif su e\u011flencesi arayan ziyaret\u00e7ilerin isteklerini kar\u015f\u0131lar. Dalga havuzunun yumu\u015fak dalgalanmalar\u0131, yak\u0131ndaki termal g\u00f6llerin ak\u0131\u015fkan e\u011frilerine ince bir sayg\u0131 duru\u015funda bulunur ve tatil k\u00f6y\u00fcn\u00fcn hem tedavi merkezi hem de dinlenme yeri olarak ikili kimli\u011fini g\u00fc\u00e7lendirir.<\/p>\n<p>Tarih ve mimari mirasa ilgi duyanlar i\u00e7in cazibesini art\u0131ran \u00e7evredeki k\u00f6yler, orta\u00e7a\u011fdan modern d\u00f6nemlere uzanan bir dizi dini yap\u0131 sunmaktad\u0131r. On d\u00f6rd\u00fcnc\u00fc y\u00fczy\u0131l kilise salonu olan Haieu \u015eapeli, Romanesk, Sistersiyen ve Gotik unsurlar\u0131 tek bir planda birle\u015ftirir ve sade ta\u015f tonozlar\u0131n\u0131 ve sivri pencerelerini korumak i\u00e7in 1977&#039;de restorasyondan ge\u00e7mi\u015ftir. Birka\u00e7 kilometre uzakta, bir zamanlar on yedinci y\u00fczy\u0131l St. Vincentian manast\u0131r tarikat\u0131n\u0131n bir par\u00e7as\u0131 olan ve \u015fimdi Barok cepheleriyle hayranl\u0131k uyand\u0131ran Sanifarm binas\u0131 bulunmaktad\u0131r. Ront\u0103u&#039;da, on be\u015finci y\u00fczy\u0131la ait bir Ortodoks kilisesi k\u0131rsal bir yerle\u015fim yerinin demirba\u015f\u0131 iken Haieu, \u00e7e\u015fitli eski d\u00f6nemlere ait hem Roma Katolik hem de Yunan-Katolik kutsal alanlar\u0131na ev sahipli\u011fi yapmaktad\u0131r. Brusturi&#039;deki ah\u015fap bir kilise ve B\u0103ile Felix&#039;teki on dokuzuncu y\u00fczy\u0131la ait bir Yunan-Katolik kilisesi, b\u00f6lgenin dini repertuar\u0131n\u0131 daha da \u00e7e\u015fitlendirmektedir.<\/p>\n<p>Jeolojik olaylar da akademik ve amat\u00f6r ilgiyi \u00e7ekmektedir. Dealul \u015eomleului&#039;nin kire\u00e7ta\u015f\u0131 yama\u00e7lar\u0131nda, yayg\u0131n olarak Betfia \u00c7atla\u011f\u0131 veya yerel tabirle &#034;Betfia Krateri&#034; olarak adland\u0131r\u0131lan karst \u015faft\u0131, seksen alt\u0131 metre derinli\u011fe kadar iner ve neredeyse dikey seksen alt\u0131 metrelik bir d\u00fc\u015f\u00fc\u015fle yeralt\u0131 bir odada son bulur. Bu \u00f6zellik, b\u00f6lgenin hem su kimyas\u0131n\u0131 hem de daha geni\u015f Apuseni s\u0131rada\u011flar\u0131ndaki speleolojik olu\u015fumlar\u0131 \u015fekillendiren \u00e7\u00f6z\u00fcnebilir temel kaya ve yeralt\u0131 drenaj desenlerine \u00f6rnek te\u015fkil eder.<\/p>\n<p>B\u0103ile Felix&#039;in yak\u0131n s\u0131n\u0131rlar\u0131n\u0131n \u00f6tesinde, organize geziler ziyaret\u00e7ileri, Romanya&#039;n\u0131n uluslararas\u0131 standartlara uygun \u015fekilde donat\u0131lm\u0131\u015f tek speleolojik alan\u0131 olan ve ola\u011fan\u00fcst\u00fc Ursus spelaeus fosil yo\u011funlu\u011fuyla bilinen Chi\u0219c\u0103u&#039;daki Ur\u0219ilor Ma\u011faras\u0131&#039;na g\u00f6t\u00fcr\u00fcr. Paleontologlar ve paleontologlar, turistler yumu\u015fak elektrik \u0131\u015f\u0131klar\u0131yla ayd\u0131nlat\u0131lm\u0131\u015f haz\u0131rlanm\u0131\u015f yollarda y\u00fcr\u00fcrken bile, Pleistosen megafaunas\u0131na dair i\u00e7g\u00f6r\u00fcler i\u00e7in toplulu\u011fu incelerler. Ma\u011faran\u0131n serin i\u00e7 mekan\u0131 ve fosil y\u00fckl\u00fc duvarlar\u0131, termal s\u0131cakl\u0131\u011f\u0131n ve k\u00fclt\u00fcrl\u00fc e\u011flencenin y\u00fczey d\u00fcnyas\u0131na dokunakl\u0131 bir kar\u015f\u0131 nokta sa\u011flar.<\/p>\n<p>Yirminci y\u00fczy\u0131l hem gerileme hem de yenilenme getirdi. 1948&#039;de manast\u0131r arazilerinin millile\u015ftirilmesinin ard\u0131ndan devlet, aralar\u0131nda Securitate ile ili\u015fkili olanlar\u0131n da bulundu\u011fu e\u011flence tesisleri in\u015fa etmek i\u00e7in kaynaklar\u0131 y\u00f6nlendirdi. Eski manast\u0131r arazilerinin \u00f6zel m\u00fclkiyeti Premonstratensian Tarikat\u0131&#039;n\u0131n dini iddias\u0131 konusu olmaya devam ediyor. 1989&#039;daki siyasi de\u011fi\u015fikliklerden sonra, B\u0103ile Felix h\u0131zl\u0131 bir geli\u015fme d\u00f6nemine girdi: uluslararas\u0131 standartlarda konfor sunan misafirhaneler \u00e7o\u011fald\u0131 ve \u00f6zel konaklama yerleri artan i\u00e7 ve d\u0131\u015f talebe yan\u0131t olarak geni\u015fledi. 2014&#039;te yolcu treni hizmetinin kayb\u0131, tatil k\u00f6y\u00fcn\u00fcn \u00e7ekicili\u011fini azaltmak i\u00e7in pek bir \u015fey yapmad\u0131 \u00e7\u00fcnk\u00fc \u00e7o\u011fu ziyaret\u00e7i Oradea&#039;dan veya Bor\u015f s\u0131n\u0131r kontrol noktas\u0131ndan karayoluyla geliyor.<\/p>\n<p>B\u0103ile Felix, evrimi boyunca deneysel bilim ile ya\u015fanm\u0131\u015f deneyim aras\u0131nda hassas bir denge korumu\u015ftur. On sekizinci y\u00fczy\u0131l pavyonlar\u0131n\u0131n m\u00fctevaz\u0131 k\u00fcmesi, te\u015fhis ekipmanlar\u0131, elektrostatik banyolar, parafin sarma odalar\u0131 ve aerosol dolaplar\u0131 i\u00e7eren modern t\u0131bbi merkezlere yol a\u00e7m\u0131\u015ft\u0131r, ancak temel prensip de\u011fi\u015fmeden kalm\u0131\u015ft\u0131r: belirli rahats\u0131zl\u0131klar mineral y\u00fckl\u00fc \u0131s\u0131ya ve y\u00fczd\u00fcrme dald\u0131rma i\u015flemine kontroll\u00fc maruz kalmaya yan\u0131t verir. Romanya ve uluslararas\u0131 t\u0131p dergilerindeki yay\u0131nlar, iltihapl\u0131 romatizma, nevralji, travma sonras\u0131 sertlik ve belirli jinekolojik durumlar i\u00e7in tedavilerin etkinli\u011fini belgelemi\u015ftir. Termal g\u00f6l yataklar\u0131ndan \u00e7\u0131kar\u0131lan sapropelik \u00e7amurlar, anti-inflamatuar \u00f6zellikleri uzun zamand\u0131r yerel halk t\u0131bb\u0131nda bilinen ince taneli, organik a\u00e7\u0131dan zengin killer sunarak hidroterapiyi tamamlar.<\/p>\n<p>\u00c7ekirdek m\u00fc\u015fteri kitlesi, dahiliyecilerin re\u00e7eteledi\u011fi haftalarca s\u00fcren tedavileri \u00fcstlenen hastalar\u0131 i\u00e7ermeye devam ederken, b\u00fcy\u00fcyen bir kesim, temiz havada, \u0131l\u0131man ormanlarda ve s\u0131cak sularda dinlenme vaadiyle t\u0131bbi sevk almadan geliyor. Subtropikal su zambaklar\u0131 durgun g\u00f6letlerde s\u00fcr\u00fckleniyor; bir bal\u0131k\u00e7\u0131l\u0131n h\u00fcz\u00fcnl\u00fc \u00e7\u0131\u011fl\u0131\u011f\u0131 sabah sessizli\u011fini bozabilir; g\u00f6\u00e7men ku\u015flar\u0131n ara s\u0131ra s\u00fcr\u00fc halindeki mevsimsel yolculuklar\u0131 s\u0131ras\u0131nda duraklarlar. E\u011flence ama\u00e7l\u0131 y\u00fcr\u00fcy\u00fc\u015f parkurlar\u0131, as\u0131rl\u0131k \u00f6rneklerin k\u00f6y\u00fcn geli\u015fen hikayesine sessiz tan\u0131klar olarak durdu\u011fu me\u015fe ve kay\u0131n korular\u0131ndan ge\u00e7er.<\/p>\n<p>Yerel yetkililer ve giri\u015fimciler, s\u00fcrd\u00fcr\u00fclebilirli\u011fi devam eden geli\u015fime entegre etmeye \u00e7al\u0131\u015ft\u0131lar. Su tasarrufu teknolojileri, jeotermal kaynaklar\u0131n kontroll\u00fc \u00e7\u0131kar\u0131lmas\u0131 ve Nymphaea lotus thermalis habitat\u0131n\u0131n korunmas\u0131, tatil k\u00f6y\u00fcn\u00fcn ya\u015fayabilirli\u011finin y\u00fczy\u0131llar \u00f6nce Felix Helcher&#039;\u0131 cezbeden \u00e7ok do\u011fal kaynaklar\u0131 korumaya ba\u011fl\u0131 oldu\u011fu bilincini yans\u0131t\u0131yor. G\u00f6l k\u0131y\u0131s\u0131ndaki gezinti yollar\u0131 boyunca d\u00fczenlenen e\u011fitim panelleri, termal sular\u0131n ekolojisini ve yeralt\u0131 suyu sirk\u00fclasyonu ile y\u00fczey kaynaklar\u0131 aras\u0131ndaki etkile\u015fimi a\u00e7\u0131kl\u0131yor. Bu t\u00fcr \u00f6nlemler ziyaret\u00e7iler aras\u0131nda bir sorumluluk duygusu yarat\u0131yor ve tatil k\u00f6y\u00fcn\u00fcn t\u0131bbi ve \u00e7evresel alanlardaki otorite iddias\u0131n\u0131 g\u00fc\u00e7lendiriyor.<\/p>\n<p>\u00d6z\u00fcnde, B\u0103ile Felix y\u0131pranm\u0131\u015f gelenek ve kademeli yenili\u011fin bir sentezini \u00f6rneklemektedir. Hi\u00e7bir zaman Karadeniz tatil k\u00f6ylerinin \u00f6l\u00e7e\u011fine ula\u015fmay\u0131 hedeflememi\u015ftir ancak kendi alan\u0131nda t\u00fcm yerel rakiplerini geride b\u0131rakm\u0131\u015ft\u0131r. \u0130ster g\u00f6rkemli spa otellerinde ister aile taraf\u0131ndan i\u015fletilen pansiyonlarda ve villalarda olsun, konaklama yerleri s\u00f6ylenmemi\u015f bir antla\u015fmay\u0131 payla\u015f\u0131r: g\u00f6steri\u015ften uzak, samimi bir misafirperverlik sunmak. Apollo havuzuna giri\u015f \u00fccretleri, daha \u00f6nceki bir d\u00f6nemin m\u00fctevaz\u0131 fiyatland\u0131rmas\u0131n\u0131 korur; \u00f6zel spa s\u00fcitleri ortak banyo salonlar\u0131yla bir arada bulunur.<\/p>\n<p>Y\u00fczy\u0131llarca s\u00fcren insan m\u00fcdahalesinin, bilimsel ara\u015ft\u0131rman\u0131n, mimari tasar\u0131m\u0131n ve peyzaj y\u00f6netiminin k\u00fcm\u00fclatif etkisi, kolay kategorilendirmeye direnen bir yerdir. Ayn\u0131 anda hem t\u0131bbi bir yerle\u015fim yeri, hem do\u011fal bir rezerv, hem spa k\u00fclt\u00fcr\u00fcn\u00fcn canl\u0131 bir m\u00fczesi hem de g\u00fcnl\u00fck k\u0131rsal ya\u015fam\u0131n bir alan\u0131d\u0131r. K\u00f6yl\u00fcler k\u00fc\u00e7\u00fck arazileri s\u00fcrmeye, meyve bah\u00e7elerine bakmaya ve sonbahar ormanlar\u0131nda mantar toplamaya devam ediyor. Oradea&#039;daki pazar g\u00fcnleri bal, peynir ve el dokumas\u0131 tekstil sat\u0131c\u0131lar\u0131n\u0131 \u00e7ekiyor; baz\u0131 m\u00fc\u015fteriler, b\u00f6lgesel \u00fcr\u00fcnlerle dolu sand\u0131klar\u0131 y\u00fcklemek i\u00e7in B\u0103ile Felix&#039;e giderken duruyor.<\/p>\n<p>Alacakaranl\u0131k saatlerinde, ormanl\u0131k yama\u00e7lar daha koyu tonlara b\u00fcr\u00fcnd\u00fc\u011f\u00fcnde ve buhar, termal havuzlar\u0131n \u00fczerinde yumu\u015fak bir \u00f6rt\u00fc halinde y\u00fckseldi\u011finde, tatil yeri sessiz bir tefekk\u00fcr havas\u0131na b\u00fcr\u00fcn\u00fcr. Banyo yapanlar, ta\u015f banklara oturmak ve s\u0131cak buhar\u0131n tenlerinde yo\u011funla\u015fmas\u0131na izin vermek i\u00e7in kapal\u0131 su parklar\u0131ndan \u00e7\u0131karlar. Aileler, nil\u00fcferlerin yapraklar\u0131n\u0131 a\u00e7mas\u0131n\u0131 izlemek i\u00e7in g\u00f6l kenarlar\u0131nda toplan\u0131rlar. Tarih\u00e7iler, Romanesk kemerleri d\u00fc\u015f\u00fcnmek i\u00e7in \u015fapel kap\u0131lar\u0131n\u0131n \u00f6n\u00fcnde dururlar. Do\u011fa bilimciler, batakl\u0131k kenarlar\u0131nda \u00e7\u00f6melerek Melanopsis salyangozunun benzersiz profilini \u00e7izerler. Bu anlarda, B\u0103ile Felix \u00f6z\u00fcn\u00fc ortaya koyar: insan ara\u015ft\u0131rmas\u0131n\u0131n ve do\u011fal s\u00fcrecin bir araya gelmesi, mermer veya \u00e7elikten de\u011fil, su, mineral ve haf\u0131zadan in\u015fa edilmi\u015f bir yap\u0131.<\/p>\n<p>K\u00f6y, \u00fc\u00e7 y\u00fczy\u0131ldan fazla bir s\u00fcredir de\u011fi\u015fen siyasi rejimler, bilimsel paradigmalar ve turist beklentileri aras\u0131nda yol ald\u0131. Anlat\u0131s\u0131 Moravyal\u0131 rahipleri, on dokuzuncu y\u00fczy\u0131l hidrojeologlar\u0131n\u0131, yirminci y\u00fczy\u0131l devlet planlamac\u0131lar\u0131n\u0131 ve yirmi birinci y\u00fczy\u0131l giri\u015fimcilerini kaps\u0131yor. Yine de ana fikir sabit kal\u0131yor: termal kaynaklar\u0131n -yeralt\u0131 jeolojisinin arma\u011fanlar\u0131- hassasiyet, \u00f6zen ve sayg\u0131yla kullan\u0131labilece\u011fi ve fizyolojik rahatlamadan saf dal\u0131\u015f zevkine kadar uzanan faydalar sa\u011flayabilece\u011fi anlay\u0131\u015f\u0131. Bu ba\u011flamda, B\u0103ile Felix, yerin insan \u00f6zlemini \u015fekillendirme ve bu \u00f6zlemden \u015fekillenme kapasitesinin kal\u0131c\u0131 bir kan\u0131t\u0131 olarak duruyor. Termal sularda yaz\u0131lm\u0131\u015f, ormanl\u0131k tepelerle \u00e7er\u00e7evelenmi\u015f ve deneyim, uzmanl\u0131k, otorite ve g\u00fcvenilirli\u011fin titiz etkile\u015fimiyle s\u00fcrd\u00fcr\u00fclen sa\u011fl\u0131k turizmi hikayesinin bir b\u00f6l\u00fcm\u00fc.<\/p>","protected":false},"excerpt":{"rendered":"<p>Romanya&#039;n\u0131n Bihor \u0130l\u00e7esi&#039;nin S\u00e2nmartin kom\u00fcn\u00fcnde bulunan B\u0103ile Felix, yerle\u015fik n\u00fcfusu taraf\u0131ndan desteklenen \u00fclkenin en b\u00fcy\u00fck kal\u0131c\u0131 spa tesisi olarak kabul edilmektedir. Oradea&#039;n\u0131n yakla\u015f\u0131k 10 kilometre g\u00fcneyinde yer alan bu manzaral\u0131 konum, konaklama kapasitesi bak\u0131m\u0131ndan Karadeniz k\u0131y\u0131s\u0131n\u0131n hemen arkas\u0131nda yer alarak Romanya&#039;n\u0131n turizm sekt\u00f6r\u00fcnde \u00f6nemli bir konuma sahiptir.<\/p>","protected":false},"author":1,"featured_media":17487,"parent":11908,"menu_order":0,"comment_status":"closed","ping_status":"closed","template":"elementor_theme","meta":{"_eb_attr":"","footnotes":""},"class_list":["post-17017","page","type-page","status-publish","has-post-thumbnail"],"_links":{"self":[{"href":"https:\/\/travelshelper.com\/tr\/wp-json\/wp\/v2\/pages\/17017","targetHints":{"allow":["GET"]}}],"collection":[{"href":"https:\/\/travelshelper.com\/tr\/wp-json\/wp\/v2\/pages"}],"about":[{"href":"https:\/\/travelshelper.com\/tr\/wp-json\/wp\/v2\/types\/page"}],"author":[{"embeddable":true,"href":"https:\/\/travelshelper.com\/tr\/wp-json\/wp\/v2\/users\/1"}],"replies":[{"embeddable":true,"href":"https:\/\/travelshelper.com\/tr\/wp-json\/wp\/v2\/comments?post=17017"}],"version-history":[{"count":0,"href":"https:\/\/travelshelper.com\/tr\/wp-json\/wp\/v2\/pages\/17017\/revisions"}],"up":[{"embeddable":true,"href":"https:\/\/travelshelper.com\/tr\/wp-json\/wp\/v2\/pages\/11908"}],"wp:featuredmedia":[{"embeddable":true,"href":"https:\/\/travelshelper.com\/tr\/wp-json\/wp\/v2\/media\/17487"}],"wp:attachment":[{"href":"https:\/\/travelshelper.com\/tr\/wp-json\/wp\/v2\/media?parent=17017"}],"curies":[{"name":"wp","href":"https:\/\/api.w.org\/{rel}","templated":true}]}}