{"id":17002,"date":"2024-09-25T11:16:38","date_gmt":"2024-09-25T11:16:38","guid":{"rendered":"https:\/\/travelshelper.com\/staging\/?page_id=17002"},"modified":"2026-03-12T19:44:11","modified_gmt":"2026-03-12T19:44:11","slug":"pedras-salgadas","status":"publish","type":"page","link":"https:\/\/travelshelper.com\/tr\/destinations\/europe\/portugal\/pedras-salgadas\/","title":{"rendered":"Pedras Salgadas"},"content":{"rendered":"<p>Pedras Salgadas, d\u00fcnyan\u0131n yava\u015f simyas\u0131n\u0131n insan yarat\u0131c\u0131l\u0131\u011f\u0131yla birle\u015fti\u011fi bir yer olarak kuzey Portekiz&#039;in k\u0131vr\u0131mlar\u0131ndan y\u00fckselir. Deniz seviyesinden 1.263 metre y\u00fckseklikteki izole bir platoda yer alan ve sekiz kilometrelik k\u0131vr\u0131ml\u0131 yollarla noktalanan yirmi hektarl\u0131k bir alan\u0131 kaplayan bu yer, Porto&#039;ya arabayla sadece bir saat on dakika uzakl\u0131kta olmas\u0131na ra\u011fmen, \u015fehir hayat\u0131n\u0131n ritimlerinden tuhaf bir \u015fekilde kopuk hissettiriyor. Bozulmam\u0131\u015f havas\u0131 ve panoramik manzaralar\u0131yla \u00fcnl\u00fc bir b\u00f6lgede, on dokuzuncu y\u00fczy\u0131lda do\u011fan bir miras, modern bir spa ve do\u011fa park\u0131 ile co\u015fkusu d\u00fcnya \u00e7ap\u0131nda be\u011feni kazanan bir maden suyu markas\u0131 arac\u0131l\u0131\u011f\u0131yla ortaya \u00e7\u0131k\u0131yor. Pedras Salgadas sadece bir var\u0131\u015f noktas\u0131 de\u011fil; zaman\u0131n kendisinin sa\u011fl\u0131kl\u0131 ya\u015fam\u0131n bir bile\u015feni haline geldi\u011fi, miras ve yenilik aras\u0131ndaki onar\u0131c\u0131 sinerjinin kal\u0131c\u0131 bir kan\u0131t\u0131d\u0131r.<\/p>\n<p>Park\u0131n giri\u015fine yakla\u015ft\u0131\u011f\u0131n\u0131z andan itibaren me\u015fe ve kestane a\u011fa\u00e7lar\u0131yla kapl\u0131 arazi bir sayg\u0131 duygusu uyand\u0131r\u0131yor. Yollar restore edilmi\u015f on dokuzuncu y\u00fczy\u0131l yap\u0131lar\u0131 ile \u00e7a\u011fda\u015f, \u00e7evreye duyarl\u0131 konaklama yerleri aras\u0131nda hafif\u00e7e k\u0131vr\u0131l\u0131yor ve ziyaret\u00e7ileri \u00f6l\u00e7\u00fcl\u00fc bir dinginli\u011fe davet ediyor. Konaklama yerinin tasar\u0131m\u0131 bile yere duyulan derin bir sayg\u0131y\u0131 ifade ediyor. Say\u0131lar\u0131 on alt\u0131 olan Eko Evler, orman zemininde erimek i\u00e7in arduvaz ve yerel kereste kullan\u0131yor ve her konut \u00e7evredeki orman\u0131n gizli manzaralar\u0131n\u0131 sunuyor. Bu yap\u0131lardan baz\u0131lar\u0131 alt\u0131 ki\u015fiye kadar misafir a\u011f\u0131rlayabiliyor ve bu da onlar\u0131 aileler veya k\u00fc\u00e7\u00fck i\u015fletmeler i\u00e7in uygun hale getiriyor. Lu\u00eds Rebelo de Andrade&#039;nin A\u011fa\u00e7 Evleri ise mimari titizlikle rafine edilmi\u015f \u00e7ocukluk hayallerine bir \u00f6vg\u00fc olarak dallar\u0131n aras\u0131nda y\u00fcksekte duruyor. Her kiri\u015f ve cam, kas\u0131tl\u0131 bir se\u00e7imi yans\u0131t\u0131yor: topra\u011f\u0131n karakterine sayg\u0131 g\u00f6stermek, ona dayatmada bulunmak de\u011fil.<\/p>\n<p>Bu a\u011fa\u00e7l\u0131k alemin kalbinde, \u00c1lvaro Siza Vieira taraf\u0131ndan yeniden tasarlanan ve on dokuzuncu y\u00fczy\u0131l\u0131 g\u00fcn\u00fcm\u00fcze ba\u011flayan bir pavyon olan Termal Spa yer al\u0131r. Burada su, Pedras Salgadas&#039;a ad\u0131n\u0131 veren, kalsiyum, magnezyum, bikarbonat ve onlarca y\u0131ll\u0131k yeralt\u0131 ge\u00e7i\u015finde emilen bir dizi eser element a\u00e7\u0131s\u0131ndan zengin kaynaktan \u00e7\u0131kar. Ya\u011fmur granit \u00e7atlaklar\u0131ndan bin metre derinli\u011fe kadar s\u00fcz\u00fcl\u00fcrken, hem mineral hazinesini hem de do\u011fal k\u00f6p\u00fcrmesini kazan\u0131r. Yeniden y\u00fczeye \u00e7\u0131kt\u0131\u011f\u0131nda, her damla jeolojik zaman\u0131n ve bas\u0131nc\u0131n izini ta\u015f\u0131r ve banyo yapanlara hidromasajl\u0131 oyuklardan ve Vichy du\u015flar\u0131ndan termal sarg\u0131lara kadar her biri kaslar\u0131 rahatlatmak ve zihni sakinle\u015ftirmek i\u00e7in ayarlanm\u0131\u015f bir dizi terap\u00f6tik deneyim sunar. Kapal\u0131 havuzlar, saunalar ve hamamlar, spa k\u00fclt\u00fcr\u00fcn\u00fcn kadim k\u00f6klerine oldu\u011fu kadar \u00e7a\u011fda\u015f sa\u011fl\u0131k biliminin hassasiyetine de hitap eden bir devreyi tamamlar.<\/p>\n<p>Ancak Pedras Salgadas kendini pasif dinlenmeyle s\u0131n\u0131rlam\u0131yor. Orman \u00f6rt\u00fcs\u00fc, y\u00fcr\u00fcy\u00fc\u015f ve bisikletin i\u00e7 i\u00e7e ge\u00e7ti\u011fi, ka\u015fifleri gizli kaynaklara ve g\u00f6zetleme noktalar\u0131na g\u00f6t\u00fcren bir patika a\u011f\u0131na d\u00f6n\u00fc\u015f\u00fcyor. A\u011fa\u00e7lara t\u0131rmanma tesisleri, ye\u015filliklerle uyumlu kalacak \u015fekilde tasarlanm\u0131\u015f ve bir tenis kortu ile ah\u0131rlar\u0131 ve binicilik pistleriyle \u00f6v\u00fclen bir binicilik merkezinin yan\u0131nda bir arada bulunuyor. \u00c7ocuklar, a\u00e7\u0131k hava oyun alan\u0131nda ve \u00f6zel bir \u00c7ocuk Kul\u00fcb\u00fcnde kendi cennetlerini bulurken, yeti\u015fkinler ve gen\u00e7 konuklar i\u00e7in ayr\u0131 alanlara sahip iki havuzlu kompleks, a\u00e7\u0131k g\u00f6ky\u00fcz\u00fcn\u00fcn alt\u0131nda payla\u015f\u0131lan kahkaha anlar\u0131n\u0131 te\u015fvik ediyor. K\u00fclt\u00fcrel merak, suyun yeralt\u0131 yolculu\u011funu, park\u0131n evrimini ve 150 y\u0131ldan uzun s\u00fcredir hac\u0131lar\u0131 buraya \u00e7eken sa\u011fl\u0131k rit\u00fcellerini g\u00f6steren etkile\u015fimli bir sergi olan Pedras Deneyim M\u00fczesi&#039;nde kendini g\u00f6steriyor.<\/p>\n<p>Casa de Ch\u00e1 \u2013 Restaurante&#039;deki yemekler b\u00f6lgesel kaynakl\u0131 malzemelere ve d\u00fc\u015f\u00fcnceli sunuma olan ba\u011fl\u0131l\u0131\u011f\u0131 vurgular. Bar Avelames&#039;teki ak\u015famlar bilardo veya lang\u0131rt oyunlar\u0131, sessiz bir film g\u00f6sterimi veya sadece fener \u0131\u015f\u0131\u011f\u0131 alt\u0131nda ta\u015f\u0131nan d\u00fc\u015f\u00fck sesli sohbetler e\u015fli\u011finde ge\u00e7ebilir. \u0130\u015f toplant\u0131lar\u0131 ve aile kutlamalar\u0131, yirmi be\u015f ila \u00fc\u00e7 y\u00fcz elli misafiri a\u011f\u0131rlayabilen, g\u00f6rsel-i\u015fitsel destek ve ki\u015fiye \u00f6zel ikramlar sunan esnek alanlarda ger\u00e7ekle\u015fir. Do\u011frudan kat\u0131l\u0131m\u0131 te\u015fvik etmek i\u00e7in resmi kanallar arac\u0131l\u0131\u011f\u0131yla yap\u0131lan rezervasyonlara park yeri, kahvalt\u0131 ve kablosuz internet dahildir; bu, \u00e7a\u011fda\u015f gezginin ihtiya\u00e7lar\u0131na bir selam ve l\u00fcks\u00fcn genellikle k\u00fc\u00e7\u00fck kolayl\u0131klar\u0131n kusursuz bir \u015fekilde d\u00fczenlenmesinde yatt\u0131\u011f\u0131n\u0131n bir hat\u0131rlat\u0131c\u0131s\u0131d\u0131r.<\/p>\n<p>Detaylara g\u00f6sterilen bu t\u00fcr dikkat, bu yollardan ge\u00e7mi\u015f olanlar\u0131n seslerinde yank\u0131lan\u0131yor. Do\u011frulanm\u0131\u015f konuk yorumlar\u0131, yedi y\u00fcz yirmi \u00fc\u00e7 de\u011ferlendirmede 10 \u00fczerinden ortalama 8,6 puan al\u0131yor ve \u00f6zellikle personelin s\u0131cakl\u0131\u011f\u0131na \u00f6vg\u00fcde bulunuyorlar - personel \u00fcyeleri dikkate de\u011fer bir 9,4 al\u0131yor - konfor (9,0), konum (9,1), temizlik (8,9) ve ba\u011flant\u0131 (9,0) ile birlikte. Ziyaret\u00e7iler &#034;do\u011fan\u0131n ortas\u0131ndaki evler&#034; ve hem yaln\u0131zl\u0131\u011f\u0131 hem de sosyalli\u011fi te\u015fvik eden &#034;muhte\u015fem spa&#034;dan bahsediyor. Ancak d\u00fcr\u00fcst de\u011ferlendirmeler f\u0131rsatlar\u0131 da vurguluyor: baz\u0131 konuklar baz\u0131 termal kaynaklar\u0131n k\u0131\u015f\u0131n kapal\u0131 kald\u0131\u011f\u0131n\u0131 ve eski bir otel yap\u0131s\u0131n\u0131n restore edilmesinin park\u0131n tarihi s\u00fcreklili\u011fini art\u0131raca\u011f\u0131n\u0131 belirtiyor. 7,5&#039;lik bir para kar\u015f\u0131l\u0131\u011f\u0131 de\u011fer puan\u0131, y\u00fcksek fiyatland\u0131rma alg\u0131lar\u0131na i\u015faret ediyor ve y\u00f6netimi maliyeti deneyimle daha kesin bir \u015fekilde uyumlu hale getirmek i\u00e7in daha kapsay\u0131c\u0131 paketleri veya mevsimsel promosyonlar\u0131 d\u00fc\u015f\u00fcnmeye davet ediyor.<\/p>\n<p>Modern l\u00fcks spa ve park\u0131 tan\u0131mlarken, \u00c1gua das Pedras ayn\u0131 \u00f6zg\u00fcnl\u00fck ruhunu d\u00fcnyan\u0131n d\u00f6rt bir yan\u0131ndaki masalara ve ma\u011faza raflar\u0131na ta\u015f\u0131r. Ya\u011fmur suyunun deniz seviyesinden 580 metre y\u00fckseklikte kirlenmemi\u015f bir vadi taban\u0131na d\u00fc\u015ft\u00fc\u011f\u00fc yerde do\u011far ve onlarca y\u0131l s\u00fcrebilecek bir yeralt\u0131 yolculu\u011funa ba\u015flar. \u00c7atlak granitten a\u015fa\u011f\u0131 inerken, yerin derinliklerinden gelen karbonik gaz suya n\u00fcfuz eder ve yapay s\u00fcre\u00e7ler yerine do\u011fal olarak y\u00fckselen kabarc\u0131klarla doldurur. Su, sudan \u00e7\u0131kt\u0131\u011f\u0131nda hem canl\u0131 hem de kadifemsidir, mineral profili belirgin bir a\u011f\u0131z hissi ve do\u011fal karbonatl\u0131 kaynaklar\u0131n uzmanlar\u0131 aras\u0131nda bir \u00fcn kazand\u0131r\u0131r.<\/p>\n<p>\u00c1gua das Pedras&#039;\u0131n ticari hikayesi 1871&#039;de termal kaynaklar\u0131n resmi olarak i\u015fletilmesiyle ba\u015flad\u0131 ve iki y\u0131l sonra Viyana Uluslararas\u0131 Sergisi&#039;nde bir \u00f6d\u00fclle ilk uluslararas\u0131 izleyici kitlesine ula\u015ft\u0131. \u015ei\u015feleme altyap\u0131s\u0131 1893&#039;te ortaya \u00e7\u0131kt\u0131, ba\u015flang\u0131\u00e7ta klinik direkt\u00f6rlerin 1907&#039;de kullan\u0131m kurallar\u0131n\u0131 kanunla\u015ft\u0131rmas\u0131yla t\u0131bbi rejimlere hizmet etmek i\u00e7in. Krali\u00e7e D. Maria II, Infante D. Augusto ve Kral E\u015fi D. Fernando&#039;nun 1884&#039;teki kraliyet ziyaretleri kraliyet itibar\u0131 kazand\u0131rd\u0131, hatta ikincisi onuruna bir kaynak ismi bile g\u00f6rd\u00fc. Bu t\u00fcr himayeler kaynaklar\u0131n Avrupa&#039;n\u0131n se\u00e7kinleri aras\u0131ndaki konumunu y\u00fckseltti ve markan\u0131n o zamandan beri korudu\u011fu prestij i\u00e7in bir \u015fablon olu\u015fturdu.<\/p>\n<p>Yirminci y\u00fczy\u0131l boyunca \u00c1gua das Pedras, ak\u0131ll\u0131ca pazarlama ile t\u00fcketici zevkindeki de\u011fi\u015fimlere uyum sa\u011flad\u0131. 1970&#039;teki bir slogan olan &#034;\u00c1gua das Pedras i\u00e7mek i\u00e7in her saat uygundur&#034; t\u0131bbi s\u0131n\u0131rlar\u0131n \u00f6tesinde daha geni\u015f bir kabul g\u00f6rd\u00fc ve 1994&#039;te y\u00fcksek teknolojili bir \u015fi\u015feleme tesisinin a\u00e7\u0131l\u0131\u015f\u0131 k\u00fcresel da\u011f\u0131t\u0131m i\u00e7in kapasite sa\u011flad\u0131. Yirmi birinci y\u00fczy\u0131l\u0131n ba\u015flar\u0131ndaki kampanyalar - &#034;Dengede&#034;, &#034;Do\u011fa Taraf\u0131ndan Size Getirildi&#034; ve aktris Daniela Ruah&#039;\u0131n \u00f6nderli\u011findeki &#034;Hayatla Su&#034; - geli\u015fen bir sa\u011fl\u0131kl\u0131 ya\u015fam hareketinden bahsediyordu. 2021&#039;de 150. y\u0131l d\u00f6n\u00fcm\u00fcn\u00fc kutlayan s\u0131n\u0131rl\u0131 say\u0131da \u00fcretilen bir \u015fi\u015fe ve 2012&#039;de park\u0131n a\u00e7\u0131l\u0131\u015f\u0131 ve 2018 Pedras Deneyim M\u00fczesi gibi deneyimsel cazibe merkezleri, markay\u0131 bir metadan bir ya\u015fam tarz\u0131 teklifine d\u00f6n\u00fc\u015ft\u00fcrd\u00fc ve t\u00fcketicileri sadece yudumlamak yerine hikayenin i\u00e7ine girmeye davet etti.<\/p>\n<p>Mevsimler boyunca, su ve orman\u0131n, miras ve tasar\u0131m\u0131n etkile\u015fimi Pedras Salgadas&#039;\u0131n \u00e7ekicili\u011fini s\u00fcrd\u00fcr\u00fcyor. Orijinal ta\u015f kul\u00fcbeleri ve malikane cepheleri ge\u00e7mi\u015f bir d\u00f6nemin mihenk ta\u015flar\u0131 olarak kal\u0131rken, y\u0131pranm\u0131\u015f duvarlar\u0131 ah\u015fap kapl\u0131 bungalovlar\u0131n ve cam duvarl\u0131 pavyonlar\u0131n temiz \u00e7izgileriyle tezat olu\u015fturuyor. S\u00fcrd\u00fcr\u00fclebilir uygulamalar (ya\u011fmur suyu hasad\u0131, g\u00fcne\u015f panelleri ve jeotermal \u0131s\u0131tma) yerel flora ve fauna i\u00e7in koruma \u00e7abalar\u0131yla bir arada var oluyor ve park\u0131n gelece\u011finin ge\u00e7mi\u015fi kadar zengin olmas\u0131n\u0131 sa\u011fl\u0131yor. Y\u00f6netimin 2019&#039;da ba\u015flatt\u0131\u011f\u0131 Geri Verme giri\u015fimi, gelirin bir k\u0131sm\u0131n\u0131 yerel \u00e7evresel ve sosyal projelere y\u00f6nlendirirken, 2020&#039;de tan\u0131t\u0131lan &#034;Do\u011fan\u0131n Sizinle \u0130lgilenmesine \u0130zin Verin&#034; felsefesi, insan refah\u0131n\u0131n ekosistem sa\u011fl\u0131\u011f\u0131ndan ayr\u0131lamaz oldu\u011fu felsefesini vurguluyor.<\/p>\n<p>Sonu\u00e7 olarak, Pedras Salgadas k\u00fclt\u00fcrel miras\u0131n ve \u00e7a\u011fda\u015f bak\u0131m\u0131n hem bedeni hem de ruhu beslemek i\u00e7in nas\u0131l bir araya gelebilece\u011finin bir \u00f6rne\u011fi olarak duruyor. Ya\u015famlar boyunca topra\u011f\u0131n derinliklerinden yava\u015f\u00e7a ge\u00e7irilen mineral sular\u0131, tesisin kendi olgunla\u015fmas\u0131n\u0131 yans\u0131t\u0131yor: kraliyet inzivas\u0131ndan modern sa\u011fl\u0131kl\u0131 ya\u015fam merkezine. Bir misafir orman yollar\u0131n\u0131n dayan\u0131\u015fmas\u0131n\u0131, bir termal banyonun canland\u0131r\u0131c\u0131 be\u015fi\u011fini, bir bardak k\u00f6p\u00fckl\u00fc kaynak suyunun basit zevkini veya aile toplant\u0131lar\u0131n\u0131n payla\u015f\u0131lan kahkahalar\u0131n\u0131 ar\u0131yor olsun, Pedras Salgadas ge\u00e7mi\u015f ile \u015fimdiki zaman aras\u0131nda s\u00fcrekli bir diyalog sunuyor. Bu sohbette, yosun kapl\u0131 patikalarda at\u0131lan her ad\u0131m ve do\u011fal olarak karbonatl\u0131 suyun her yudumu kadim bir ger\u00e7e\u011fi yeniden do\u011fruluyor: En de\u011ferli kaynaklar\u0131m\u0131z y\u00fczeyin alt\u0131nda ak\u0131yor ve onlar\u0131 g\u00fcn \u0131\u015f\u0131\u011f\u0131na \u00e7\u0131karmak i\u00e7in d\u00fc\u015f\u00fcnceli bir y\u00f6neticili\u011fi bekliyor.<\/p>","protected":false},"excerpt":{"rendered":"<p>Kuzey Portekiz&#039;in Vila Real b\u00f6lgesinde bulunan k\u00fc\u00e7\u00fck bir spa kasabas\u0131 olan Pedras Salgadas, sakin ortam\u0131n\u0131 zenginle\u015ftiren s\u0131n\u0131rl\u0131 bir n\u00fcfusa sahiptir. \u0130l\u00e7e merkezinden yakla\u015f\u0131k 37 kilometre kuzeyde bulunan bu k\u00fc\u00e7\u00fck kasaba, art\u0131k karakterini ve ekonomisini tan\u0131mlayan benzersiz mineral kaynaklar\u0131yla tan\u0131nd\u0131.<\/p>","protected":false},"author":1,"featured_media":17474,"parent":12065,"menu_order":0,"comment_status":"closed","ping_status":"closed","template":"elementor_theme","meta":{"_eb_attr":"","footnotes":""},"class_list":["post-17002","page","type-page","status-publish","has-post-thumbnail"],"_links":{"self":[{"href":"https:\/\/travelshelper.com\/tr\/wp-json\/wp\/v2\/pages\/17002","targetHints":{"allow":["GET"]}}],"collection":[{"href":"https:\/\/travelshelper.com\/tr\/wp-json\/wp\/v2\/pages"}],"about":[{"href":"https:\/\/travelshelper.com\/tr\/wp-json\/wp\/v2\/types\/page"}],"author":[{"embeddable":true,"href":"https:\/\/travelshelper.com\/tr\/wp-json\/wp\/v2\/users\/1"}],"replies":[{"embeddable":true,"href":"https:\/\/travelshelper.com\/tr\/wp-json\/wp\/v2\/comments?post=17002"}],"version-history":[{"count":0,"href":"https:\/\/travelshelper.com\/tr\/wp-json\/wp\/v2\/pages\/17002\/revisions"}],"up":[{"embeddable":true,"href":"https:\/\/travelshelper.com\/tr\/wp-json\/wp\/v2\/pages\/12065"}],"wp:featuredmedia":[{"embeddable":true,"href":"https:\/\/travelshelper.com\/tr\/wp-json\/wp\/v2\/media\/17474"}],"wp:attachment":[{"href":"https:\/\/travelshelper.com\/tr\/wp-json\/wp\/v2\/media?parent=17002"}],"curies":[{"name":"wp","href":"https:\/\/api.w.org\/{rel}","templated":true}]}}