{"id":16989,"date":"2024-09-24T16:50:33","date_gmt":"2024-09-24T16:50:33","guid":{"rendered":"https:\/\/travelshelper.com\/staging\/?page_id=16989"},"modified":"2026-03-12T19:43:13","modified_gmt":"2026-03-12T19:43:13","slug":"monchique-daglari","status":"publish","type":"page","link":"https:\/\/travelshelper.com\/tr\/destinations\/europe\/portugal\/serra-de-monchique\/","title":{"rendered":"Monchique Da\u011flar\u0131"},"content":{"rendered":"<p>Serra de Monchique, yakla\u015f\u0131k yirmi kilometre i\u00e7eride yer alan kompakt bir da\u011f zinciri olan bat\u0131 Algarve&#039;nin engebeli ovalar\u0131ndan aniden y\u00fckselir, ancak yine de g\u00fcney Portekiz&#039;in en belirgin y\u00fckseltilerinden biri say\u0131l\u0131r. En y\u00fcksek zirvesi olan F\u00f3ia, deniz seviyesinden 902 metre y\u00fcksekli\u011fe ula\u015f\u0131r ve 172,69 kilometrelik bir izolasyona sahiptir ve bu da onu hem Algarve&#039;deki en y\u00fcksek nokta hem de Portekiz&#039;in en yaln\u0131z zirvelerinden biri yapar. \u0130kincil bir y\u00fcksek nokta olan Picota, 774 metreye ula\u015farak, s\u0131rada\u011flar\u0131n m\u00fctevaz\u0131 ancak \u00e7arp\u0131c\u0131 profiline derinlik katar. Yama\u00e7lar\u0131 ve vadileri boyunca da\u011f\u0131lm\u0131\u015f k\u00fc\u00e7\u00fck, da\u011f\u0131n\u0131k bir halk, co\u011frafya, jeoloji, flora ve faunan\u0131n i\u00e7 i\u00e7e ge\u00e7erek tekil karakterde bir yer yaratt\u0131\u011f\u0131 bu araziyle y\u00fczy\u0131llard\u0131r s\u00fcren ba\u011flar\u0131n\u0131 s\u00fcrd\u00fcr\u00fcyor.<\/p>\n<p>S\u0131rada\u011flar\u0131n \u0130ber Yar\u0131madas\u0131&#039;n\u0131n en g\u00fcneybat\u0131daki da\u011f ku\u015fa\u011f\u0131 olma stat\u00fcs\u00fc, benzersiz kimli\u011finin temelini olu\u015fturur. Burada, Atlantik&#039;in yumu\u015fat\u0131c\u0131 etkisi rak\u0131mla birle\u015fir. Nemli subtropikal ko\u015fullar hakimdir ve y\u0131ll\u0131k ortalama ya\u011f\u0131\u015f miktar\u0131 1.000 ila 2.000 milimetre aras\u0131ndad\u0131r. Il\u0131man s\u0131cakl\u0131klar ve bol nem, Algarve&#039;nin normalde kurak olan \u00e7evrelerinden ziyade \u0131l\u0131man b\u00f6lgelere \u00f6zg\u00fc yemye\u015fil bir bitki \u00f6rt\u00fcs\u00fc matrisini s\u00fcrd\u00fcr\u00fcr. Monchique me\u015fesi ve yayg\u0131n me\u015fe, g\u00fcneyde nadiren bulunan t\u00fcrlerle birlikte geli\u015fir; kestane a\u011fa\u00e7lar\u0131, Portekiz me\u015feleri ve sa\u011flam me\u015fe-roble, yama\u00e7lar\u0131 vurgular ve ova ovalar\u0131na kar\u015f\u0131t olarak ormanl\u0131k bir alan\u0131 \u00e7a\u011fr\u0131\u015ft\u0131r\u0131r.<\/p>\n<p>Ancak bu ormanl\u0131k alanlar insan giri\u015fimleri taraf\u0131ndan derinden de\u011fi\u015ftirilmi\u015ftir. 1970&#039;lerin ortalar\u0131nda, geni\u015f yerel orman alanlar\u0131 okalipt\u00fcs, \u00e7am ve akasya plantasyonlar\u0131na d\u00f6n\u00fc\u015ft\u00fcr\u00fclm\u00fc\u015ft\u00fcr. Bu h\u0131zl\u0131 b\u00fcy\u00fcyen a\u011fa\u00e7lar ticari ama\u00e7lar\u0131 ve ka\u011f\u0131t hamuru end\u00fcstrisini desteklese de, ekolojik a\u00e7\u0131dan b\u00fcy\u00fck bir bedel \u00f6detmektedirler: yeralt\u0131 suyu rezervlerini t\u00fcketmekte, alt katman biyolojik \u00e7e\u015fitlili\u011fini bask\u0131lamakta ve bir zamanlar \u00e7ok y\u0131ll\u0131k olan akarsular\u0131n y\u0131l\u0131n b\u00fcy\u00fck b\u00f6l\u00fcm\u00fcnde kurudu\u011fu bir ortam\u0131 te\u015fvik etmektedirler. Yerel ormanlardan ticari \u00fcr\u00fcn ormanc\u0131l\u0131\u011f\u0131na ge\u00e7i\u015f, hem floray\u0131 hem de faunay\u0131 s\u00fcrd\u00fcren dengeyi bozmu\u015f, endemik t\u00fcrleri savunmas\u0131z b\u0131rakm\u0131\u015f ve yerel su yollar\u0131n\u0131 azaltm\u0131\u015ft\u0131r.<\/p>\n<p>Bu tepelerin besledi\u011fi topluluklar aras\u0131nda Monchique, t\u00fcm b\u00f6lgeye ad\u0131n\u0131 verir. Yemye\u015fil yama\u00e7lar\u0131n ortas\u0131nda s\u0131k\u0131\u015fm\u0131\u015f olan kasaba, kal\u0131c\u0131 k\u00fclt\u00fcrel s\u00fcreklili\u011fin bir kan\u0131t\u0131 olarak durmaktad\u0131r. Dar sokaklar\u0131, beyaz badanal\u0131 cepheleri ve granit d\u00f6\u015feli meydanlar\u0131, ge\u00e7imini tar\u0131mdan, ormanc\u0131l\u0131ktan ve bu da\u011flar\u0131n \u015fifal\u0131 sular\u0131ndan sa\u011flayan nesillere tan\u0131kl\u0131k etmektedir. Yak\u0131nlardaki kapl\u0131ca kasabas\u0131 Caldas de Monchique, tedavi edici \u00f6zelliklere sahip oldu\u011fu s\u00f6ylenen jeotermal kaynaklardan yararlanmaktad\u0131r. Manolya a\u011fa\u00e7lar\u0131n\u0131n aras\u0131nda bulunan bir \u015fapel (Avrupa&#039;n\u0131n en b\u00fcy\u00fc\u011f\u00fc de bunlar\u0131n aras\u0131ndad\u0131r) termal komplekse ve hem nem hem de magmatik kayadan elde edilen verimli topraklar sayesinde geli\u015fen yemye\u015fil bir bitki \u00f6rt\u00fcs\u00fc park\u0131na bakmaktad\u0131r.<\/p>\n<p>Bu topraklar zenginli\u011fini, F\u00f3ia&#039;daki tipik yerle\u015fiminden dolay\u0131 adland\u0131r\u0131lan yerel bir nefelin-siyenit \u00e7e\u015fidi olan foyaite bor\u00e7ludur. Serra de Monchique, k\u0131y\u0131 \u015feridindeki sokulumlar\u0131 Gorringe Bank&#039;taki Mount Ormonde denizalt\u0131 da\u011f\u0131 gibi a\u00e7\u0131k deniz \u00f6zellikleriyle birle\u015ftiren jeolojik bir b\u00f6lge olan Ge\u00e7 Kretase \u0130ber Alkali Magmatik B\u00f6lgesi&#039;nin bir par\u00e7as\u0131d\u0131r. Monchique sokulumu yakla\u015f\u0131k 63 kilometrekarelik bir alan\u0131 kaplar ve \u015fimdiye kadar belgelenen d\u00f6rd\u00fcnc\u00fc en b\u00fcy\u00fck miaskitik nefelin-siyenit g\u00f6vdesidir. Geni\u015f lakoltik formu, psammit, \u015feyl ve marn\u0131n engebeli \u00e7\u0131k\u0131nt\u0131larda ortaya \u00e7\u0131kt\u0131\u011f\u0131 \u00e7evreleyen Breijera formasyonu ile d\u00fczg\u00fcn temas\u0131ndan \u00e7\u0131kar\u0131lmaktad\u0131r.<\/p>\n<p>S\u0131rada\u011flar\u0131n \u00e7ekirde\u011finde, benzer foyaitik bile\u015fime sahip pegmatitler iki ayr\u0131 yerde g\u00f6r\u00fcl\u00fcrken, ba\u011fl\u0131 bir lamprofir ve pikrit dayk s\u00fcr\u00fcs\u00fc F\u00f3ia&#039;dan yakla\u015f\u0131k \u00fc\u00e7 kilometre boyunca uzan\u0131r. Bu \u00f6zellikler, azalan Kretase d\u00f6neminde b\u00f6lgenin temel kayas\u0131n\u0131 \u015fekillendiren pl\u00fctonik ve volkanik kuvvetlere bir pencere sunar. Bat\u0131da, Breijera olu\u015fumunun engebeli r\u00f6lyefi dramatik ge\u00e7itler ve dik kanyonlar oymaktad\u0131r, \u00e7\u0131plak psammit ve marn tabakalar\u0131 siyenit da\u011flar\u0131n\u0131n daha p\u00fcr\u00fczs\u00fcz yama\u00e7lar\u0131yla keskin bir tezat olu\u015fturmaktad\u0131r.<\/p>\n<p>Hidrolojik olarak, Serra de Monchique, Algarve&#039;nin ba\u015fl\u0131ca nehirlerinden birka\u00e7\u0131n\u0131n kayna\u011f\u0131 olarak hizmet eder. Ribeira de Seixe, Ribeira de Aljezur (da Cerca olarak da bilinir) ve Ribeira de Odi\u00e1xere, Ribeira de Monchique ve Ribeira de Boina gibi daha k\u00fc\u00e7\u00fck akarsularla birlikte, hepsi y\u00fcksek kesimlerinden kaynaklan\u0131r. Bu su yollar\u0131 yaln\u0131zca a\u015fa\u011f\u0131 ak\u0131\u015ftaki tar\u0131m\u0131 sulamakla kalmaz, ayn\u0131 zamanda k\u0131y\u0131 ekosistemlerini de besler. Tarihsel olarak, bu akarsular\u0131n \u00e7o\u011fu y\u0131l boyunca akard\u0131; ancak 1976&#039;da okalipt\u00fcs yeti\u015ftiricili\u011finin yo\u011funla\u015ft\u0131r\u0131lmas\u0131ndan bu yana, s\u0131k s\u0131k kurudular ve b\u00f6lgesel su tablas\u0131 belirgin bir d\u00fc\u015f\u00fc\u015f g\u00f6stererek hem insan hem de ekolojik topluluklar\u0131 tehlikeye att\u0131.<\/p>\n<p>Serra de Monchique, \u00f6nemli koruma endi\u015fesi ta\u015f\u0131yan bitki ve hayvan t\u00fcrlerine ev sahipli\u011fi yapar. Avlanma alan\u0131 bir zamanlar G\u00fcney Avrupa&#039;n\u0131n b\u00fcy\u00fck bir b\u00f6l\u00fcm\u00fcn\u00fc kaplayan g\u00f6rkemli bir y\u0131rt\u0131c\u0131 ku\u015f olan Bonelli Kartal\u0131, uygun yuva alanlar\u0131 azald\u0131\u011f\u0131 ve av k\u0131tla\u015ft\u0131\u011f\u0131 i\u00e7in art\u0131k yerel olarak yok olma tehlikesiyle kar\u015f\u0131 kar\u015f\u0131yad\u0131r. Benzer \u015fekilde tehlike alt\u0131nda olan, aral\u0131\u011f\u0131n ormanl\u0131k yama\u00e7lar\u0131n\u0131n daha serin ve nemli mikro iklimlerine ba\u011f\u0131ml\u0131 olan parlak renkli bir pullu hayvan olan \u0130ber z\u00fcmr\u00fct kertenkelesidir. Di\u011ferlerinin yan\u0131 s\u0131ra her iki t\u00fcr de Avrupa Birli\u011fi direktifleri uyar\u0131nca korunmaktad\u0131r ve alan, ku\u015flar i\u00e7in \u00d6zel Koruma Alan\u0131 ve ya\u015fam alanlar\u0131 i\u00e7in Topluluk \u00d6nemi Alan\u0131 olarak listelenen Natura 2000 alan\u0131 PTCON0037 olarak belirlenmi\u015ftir.<\/p>\n<p>Natura 2000 tan\u0131m\u0131 koruma i\u00e7in yasal bir \u00e7er\u00e7eve sa\u011flarken, etkili y\u00f6neticilik zorlu bir meydan okuma olmaya devam ediyor. Yerli olmayan plantasyonlar\u0131n neden oldu\u011fu hidrolojik stres k\u0131y\u0131 koridorlar\u0131n\u0131 zay\u0131flatmaya devam ediyor. Yeralt\u0131 suyunun t\u00fckenmesi orman yang\u0131n\u0131 riskini art\u0131r\u0131yor ve toprak verimlili\u011fini a\u015f\u0131nd\u0131r\u0131yor. Yine de Monchique me\u015fesi ve adi me\u015fenin do\u011fal dayan\u0131kl\u0131l\u0131\u011f\u0131, kestane ve Portekiz me\u015fesi cepleriyle birlikte restorasyon \u00e7abalar\u0131n\u0131n \u00fczerine in\u015fa edilebilece\u011fi bir temel sunuyor. Okalipt\u00fcs a\u011fa\u00e7l\u0131klar\u0131n\u0131 yerli t\u00fcrlerle de\u011fi\u015ftirmek ve k\u0131y\u0131 tamponlar\u0131n\u0131 yeniden ormanland\u0131rmak i\u00e7in yerel giri\u015fimler ba\u015flad\u0131, ancak ilerleme kademeli.<\/p>\n<p>Bu bask\u0131lara ra\u011fmen, Serra de Monchique neredeyse elle tutulur bir yer duygusunu koruyor. Zirveleri Atlantik ve Algarve k\u0131y\u0131 ovalar\u0131n\u0131n panoramik manzaralar\u0131n\u0131 sunuyor; \u015fafak vakti, sis genellikle vadi tabanlar\u0131nda birikerek manzaraya sessiz bir ihti\u015fam kat\u0131yor. Caldas de Monchique&#039;in y\u00fckselen manolyas\u0131, jeoloji, iklim ve insanl\u0131k tarihinin bir araya gelmesinin sessiz tan\u0131\u011f\u0131 olarak duruyor. Dallar\u0131n\u0131n alt\u0131nda, mineral kaynaklar\u0131 antik \u00e7a\u011flardan beri ziyaret\u00e7ileri \u00e7ekiyor, sular\u0131 derinlerde \u0131s\u0131nan \u00e7atlak kayalardan y\u00fckseliyor.<\/p>\n<p>Bu b\u00f6lgenin canl\u0131l\u0131\u011f\u0131, kullan\u0131m ve koruma aras\u0131ndaki dengeye ba\u011fl\u0131d\u0131r. Nemli subtropikal ya\u011fmurlar ve foyait mineral zenginli\u011fiyle beslenen verimli topraklar, hem geleneksel meyve bah\u00e7elerini hem de ortaya \u00e7\u0131kan d\u00fc\u015f\u00fck etkili tar\u0131m\u0131 destekler. Yerli me\u015feleri meyve a\u011fa\u00e7lar\u0131 ve zeytinlerle harmanlayan tar\u0131msal ormanc\u0131l\u0131k modelleri, biyolojik \u00e7e\u015fitlili\u011fi art\u0131r\u0131rken s\u00fcrd\u00fcr\u00fclebilir ge\u00e7im kaynaklar\u0131 i\u00e7in umut vaat ediyor. Do\u011fa ve sa\u011fl\u0131k odakl\u0131 turizm b\u00fcy\u00fcd\u00fck\u00e7e, payda\u015flar da\u011flar\u0131 canland\u0131ran nitelikleri a\u015f\u0131nd\u0131rmadan ziyaret\u00e7ileri a\u011f\u0131rlama g\u00f6reviyle kar\u015f\u0131 kar\u015f\u0131yad\u0131r.<\/p>\n<p>Serra de Monchique, \u00f6z\u00fcnde do\u011fal g\u00fc\u00e7lerin ve insan \u00e7abas\u0131n\u0131n etkile\u015fimini \u00f6rneklemektedir. Granit d\u00f6\u015feli patikalar\u0131 ve g\u00f6lgeli yollar\u0131 jeolojik \u00e7alkant\u0131larla oyulmu\u015f patikalar\u0131 takip eder, ancak ayn\u0131 zamanda kereste hasad\u0131 yapm\u0131\u015f, \u00fcz\u00fcm ba\u011flar\u0131na bakm\u0131\u015f ve termal havuzlarda teselli aram\u0131\u015f nesillerin ayak izlerini de takip eder. Burada ba\u015flayan nehirler, bu y\u00fcksekliklerin hikayesini ovalara ta\u015f\u0131yarak yaylalar\u0131 k\u0131y\u0131ya ba\u011flar. \u00d6n\u00fcm\u00fczdeki zorluk, jeolojinin, hidrolojinin ve ekolojinin b\u00fct\u00fcnl\u00fc\u011f\u00fcn\u00fc korurken, menzile kimli\u011fini veren k\u00fclt\u00fcrel gelenekleri s\u00fcrd\u00fcrmektir.<\/p>\n<p>Volkanik tarihin, orman ekolojisinin ve insan yerle\u015fiminin iplikleri birbirinden ayr\u0131lamaz. Kestane korular\u0131ndan kartal yuvalama alanlar\u0131na kadar e\u015fsiz ekosistemlerini korumak, zararl\u0131 arazi kullan\u0131mlar\u0131n\u0131 tersine \u00e7evirme ve yerel ormanlar\u0131 besleme taahh\u00fcd\u00fcn\u00fc gerektirir. Korumay\u0131 s\u00fcrd\u00fcr\u00fclebilir ge\u00e7im kaynaklar\u0131 ve bilin\u00e7li turizmle birle\u015ftirerek b\u00f6lge nemli iklim ormanlar\u0131n\u0131, \u00e7ok y\u0131ll\u0131k akarsular\u0131n\u0131 ve termal kaynaklar\u0131n\u0131 koruyabilir. Bunu yaparken, F\u00f3ia ve Picota zirvelerinin yaln\u0131zca jeolojik an\u0131tlar olarak de\u011fil, ayn\u0131 zamanda do\u011fan\u0131n derin zaman\u0131n\u0131n ve insanl\u0131k tarihinin ortaya \u00e7\u0131kmaya devam etti\u011fi canl\u0131 manzaralar olarak kalmas\u0131n\u0131 sa\u011flayacakt\u0131r.<\/p>","protected":false},"excerpt":{"rendered":"<p>Serra de Monchique, Portekiz&#039;in bat\u0131 Algarve b\u00f6lgesinde, k\u0131y\u0131 \u015feridinden yakla\u015f\u0131k 20 kilometre i\u00e7eride bulunan \u00f6nemli bir s\u0131rada\u011fd\u0131r. \u0130ber Yar\u0131madas\u0131&#039;n\u0131n g\u00fcneybat\u0131s\u0131nda, yama\u00e7lar\u0131na ve vadilerine da\u011f\u0131lm\u0131\u015f k\u00fc\u00e7\u00fck bir n\u00fcfusa ev sahipli\u011fi yapan bu muhte\u015fem jeolojik olu\u015fum, do\u011fal bir an\u0131t olu\u015fturur.<\/p>","protected":false},"author":1,"featured_media":17473,"parent":12065,"menu_order":0,"comment_status":"closed","ping_status":"closed","template":"elementor_theme","meta":{"_eb_attr":"","footnotes":""},"class_list":["post-16989","page","type-page","status-publish","has-post-thumbnail"],"_links":{"self":[{"href":"https:\/\/travelshelper.com\/tr\/wp-json\/wp\/v2\/pages\/16989","targetHints":{"allow":["GET"]}}],"collection":[{"href":"https:\/\/travelshelper.com\/tr\/wp-json\/wp\/v2\/pages"}],"about":[{"href":"https:\/\/travelshelper.com\/tr\/wp-json\/wp\/v2\/types\/page"}],"author":[{"embeddable":true,"href":"https:\/\/travelshelper.com\/tr\/wp-json\/wp\/v2\/users\/1"}],"replies":[{"embeddable":true,"href":"https:\/\/travelshelper.com\/tr\/wp-json\/wp\/v2\/comments?post=16989"}],"version-history":[{"count":0,"href":"https:\/\/travelshelper.com\/tr\/wp-json\/wp\/v2\/pages\/16989\/revisions"}],"up":[{"embeddable":true,"href":"https:\/\/travelshelper.com\/tr\/wp-json\/wp\/v2\/pages\/12065"}],"wp:featuredmedia":[{"embeddable":true,"href":"https:\/\/travelshelper.com\/tr\/wp-json\/wp\/v2\/media\/17473"}],"wp:attachment":[{"href":"https:\/\/travelshelper.com\/tr\/wp-json\/wp\/v2\/media?parent=16989"}],"curies":[{"name":"wp","href":"https:\/\/api.w.org\/{rel}","templated":true}]}}