{"id":16869,"date":"2024-09-24T00:46:21","date_gmt":"2024-09-24T00:46:21","guid":{"rendered":"https:\/\/travelshelper.com\/staging\/?page_id=16869"},"modified":"2026-03-12T16:31:35","modified_gmt":"2026-03-12T16:31:35","slug":"merano","status":"publish","type":"page","link":"https:\/\/travelshelper.com\/tr\/destinations\/europe\/italy\/merano\/","title":{"rendered":"Merano"},"content":{"rendered":"<p>Merano, Kuzey \u0130talya&#039;daki G\u00fcney Tirol&#039;de bulunan ve 31,3 kilometrekarelik bir alanda yakla\u015f\u0131k 41.000 n\u00fcfusa ev sahipli\u011fi yapan bir belediyedir. Deniz seviyesinden 324 metre y\u00fckseklikte bulunan kasaba, \u00fc\u00e7 vadinin birle\u015fti\u011fi bir havzada yer al\u0131r -Val Venosta, Val Passiria ve Val d&#039;Adige- ve Passier ve Vinschgau vadilerine stratejik bir a\u00e7\u0131l\u0131m sa\u011flar. 3.480 metreye kadar y\u00fckselen zirvelerle \u00e7evrili olan Merano&#039;nun \u0131l\u0131man iklimi, uzun zamand\u0131r birinci s\u0131n\u0131f bir sa\u011fl\u0131k tesisi ve k\u00fclt\u00fcrel bir geli\u015fme merkezi olarak \u00fcn\u00fcn\u00fc desteklemektedir.<\/p>\n<p>Merano&#039;nun jeolojik be\u015fi\u011fi, Passirio selinin Adige&#039;ye kat\u0131lmadan \u00f6nce akt\u0131\u011f\u0131 buzullarla oyulmu\u015f havza ile tan\u0131mlan\u0131r. Kuzeyde ve bat\u0131da, Tessa Grubu 3.480 metrede g\u00f6ky\u00fcz\u00fcn\u00fc delerken, Salto platosu do\u011fuda 2.800 metreye ula\u015f\u0131r. Bu zirve amfitiyatrosu, kasabay\u0131 sert kuzey r\u00fczgarlar\u0131ndan koruyarak, \u00fcz\u00fcm ba\u011flar\u0131n\u0131n ve meyve bah\u00e7elerinin kasaban\u0131n tam kenar\u0131na kadar uzand\u0131\u011f\u0131 bir ortam yarat\u0131r. Kent \u00e7evresinin s\u0131n\u0131rlar\u0131 i\u00e7inde bile, Meraner Leiten olarak bilinen asma s\u0131ralar\u0131 \u015fehir manzaras\u0131na kar\u0131\u015f\u0131r ve gen\u00e7li\u011finde t\u00fcketilmesi en iyi olan hafif k\u0131rm\u0131z\u0131 \u015farap \u00fcretir. Elma meyveleri veren meyve bah\u00e7eleri \u00f6telere uzan\u0131r, ihracatlar\u0131 Avrupa genelindeki pazarlara ula\u015f\u0131rken, eteklerde Forst Brewery \u0130talya ve \u00f6tesinde temel g\u0131da haline gelen biralar \u00fcretir.<\/p>\n<p>Belediye, ilk olarak Meran (Almanca) veya Merano (\u0130talyanca) olarak an\u0131ld\u0131\u011f\u0131 zamandan beri ikili kimlikler ta\u015f\u0131m\u0131\u015ft\u0131r. Ladin ad\u0131 olan Maran, yaln\u0131zca yerel kullan\u0131mda g\u00f6r\u00fcn\u00fcr, ancak \u00fc\u00e7 isim de kasaban\u0131n iki dilli ortam\u0131nda yank\u0131lan\u0131r. Resmi unvanlar\u2014\u0130talyanca Comune di Merano ve Almanca Stadtgemeinde Meran\u2014belediye belgelerinde birbirinin yerine kullan\u0131l\u0131r. Bu ikilik, sakinler aras\u0131ndaki dillerin e\u015fit \u015fekilde b\u00f6l\u00fcnmesini yans\u0131t\u0131r: 2024 itibar\u0131yla, ,37&#039;si ana dil olarak \u0130talyanca, ,26&#039;s\u0131 Almanca konu\u015fmaktad\u0131r ve k\u00fc\u00e7\u00fck bir Ladin az\u0131nl\u0131\u011f\u0131 varl\u0131\u011f\u0131n\u0131 s\u00fcrd\u00fcrmektedir.<\/p>\n<p>Merano&#039;nun orta\u00e7a\u011f kalbi, \u00fc\u00e7 g\u00f6rkemli kap\u0131da ifade edilen orijinal surlar\u0131n\u0131 koruyor: Vinschgauer Tor, Passeirer Tor ve Bozener Tor. Biti\u015fi\u011finde, kasaban\u0131n eski savunma duru\u015funu hat\u0131rlatan bir ta\u015f bek\u00e7isi olan, halk aras\u0131nda Pulverturm veya &#034;barut kulesi&#034; olarak bilinen Ortenstein kulesi duruyor. Bu gri duvarlar\u0131n i\u00e7inde, Prenslik \u015eatosu -veya Landesf\u00fcrstliche Burg- 15. y\u00fczy\u0131l mimarisinin bir kan\u0131t\u0131 olarak duruyor ve bir zamanlar Avusturya Ar\u015fid\u00fck\u00fc Sigismund&#039;un ikametgah\u0131yd\u0131. \u00c7ok uzakta olmayan, ayn\u0131 y\u00fczy\u0131ldan kalma sivri kemerleri ve vitray i\u015flemeleriyle Gotik St. Nicholas Kilisesi y\u00fckselirken, m\u00fctevaz\u0131 St. Barbara \u015eapeli d\u00f6nemin ba\u011fl\u0131l\u0131\u011f\u0131n\u0131n daha sessiz bir yans\u0131mas\u0131n\u0131 sunuyor.<\/p>\n<p>Passer nehrini ge\u00e7en 17. y\u00fczy\u0131ldan kalma Steinerner Steg ta\u015f k\u00f6pr\u00fcs\u00fc hem bir kanal hem de bir bak\u0131\u015f a\u00e7\u0131s\u0131 sa\u011fl\u0131yor, y\u0131pranm\u0131\u015f korkuluklar\u0131 y\u00fczy\u0131llard\u0131r s\u00fcren ge\u00e7i\u015flere tan\u0131kl\u0131k ediyor. G\u00fcneydeki nehir k\u0131y\u0131lar\u0131 kemerli Wandelhalle gezinti yollar\u0131na ev sahipli\u011fi yap\u0131yor, tonozlu s\u00fctunlu ge\u00e7itleri 19. y\u00fczy\u0131l\u0131n ortalar\u0131ndan beri gezinti yapanlara bar\u0131nak ve g\u00f6lge sa\u011fl\u0131yor. Bu gezinti yollar\u0131, Avusturya \u0130mparatori\u00e7esi Elisabeth&#039;in 1800&#039;lerin ikinci yar\u0131s\u0131nda ziyaretlerine ba\u015flad\u0131\u011f\u0131 s\u0131rada Merano&#039;nun bir spa kasabas\u0131 olarak y\u00fckseli\u015finin zarif bir kal\u0131nt\u0131s\u0131 olan Kurhaus pavyonunun yan\u0131nda yer al\u0131yor. Yan\u0131ndaki \u0130mparatori\u00e7e Elisabeth Park\u0131, onun himayesini anan yemye\u015fil bir yerle\u015fim yeri olmaya devam ediyor.<\/p>\n<p>End\u00fcstriyel ve kentsel geni\u015fleme 20. y\u00fczy\u0131la kadar devam etti. 1919&#039;da G\u00fcney Tirol&#039;\u00fcn \u0130talya taraf\u0131ndan ilhak edilmesinden sonra, fa\u015fist yetkililer 1920&#039;lerde yeni bir belediye binas\u0131 in\u015fa ettiler, ak\u0131lc\u0131 tasar\u0131m\u0131 eski \u015fehrin orta\u00e7a\u011f ve Gotik unsurlar\u0131yla keskin bir tezat olu\u015fturuyordu. \u015eehrin d\u0131\u015f\u0131nda, Trauttmansdorff Kalesi botanik a\u00e7\u0131dan ayr\u0131cal\u0131kl\u0131 bah\u00e7elere ev sahipli\u011fi yap\u0131yor; 2003&#039;ten beri Turizm M\u00fczesi eyaletteki seyahatin evrimini kay\u0131t alt\u0131na al\u0131yor. Daha geni\u015f b\u00f6lgenin ad\u0131n\u0131 ald\u0131\u011f\u0131 Tirol Kalesi, Avusturya ile s\u0131n\u0131r\u0131 belirleyen ve Merano&#039;nun bir kav\u015fak noktas\u0131 olarak rol\u00fcn\u00fc teyit eden k\u0131sa bir mesafede duruyor.<\/p>\n<p>\u0130klimsel olarak Merano, okyanus, nemli subtropikal ve k\u0131tasal etkiler aras\u0131nda hassas bir denge kurar. Resmen Cfb olarak s\u0131n\u0131fland\u0131r\u0131lan bu b\u00f6lge, Cfa&#039;ya yakla\u015f\u0131r, Temmuz ay\u0131ndaki g\u00fcnl\u00fck ortalama s\u0131cakl\u0131\u011f\u0131 22 \u00b0C&#039;nin hemen alt\u0131nda olup subtropikal kriterlerin \u00e7ok az gerisinde kal\u0131r. Geceleri -4 ile -2 \u00b0C aras\u0131nda d\u00fc\u015f\u00fck s\u0131cakl\u0131klar\u0131n g\u00f6r\u00fcld\u00fc\u011f\u00fc k\u0131\u015flar, kasabaya k\u0131tasal bir keskinlik kazand\u0131r\u0131rken, yazlar\u0131 27 ila 30 \u00b0C&#039;lik y\u00fcksek s\u0131cakl\u0131klar ve geceleri 12 ila 15 \u00b0C aras\u0131nda s\u0131cakl\u0131klar g\u00f6r\u00fcl\u00fcr. Ya\u011f\u0131\u015f A\u011fustos ay\u0131nda 96 mm ile zirveye ula\u015f\u0131r ve \u015eubat ay\u0131nda 25 mm&#039;ye d\u00fc\u015fer. Merano\/Gratsch istasyonunda 1983&#039;ten 2017&#039;ye kadar tutulan bu kay\u0131tlar, b\u00f6lgenin tar\u0131msal refah\u0131n\u0131n temelini olu\u015fturur.<\/p>\n<p>Merano&#039;daki k\u00fclt\u00fcrel ya\u015fam, kapl\u0131calar\u0131 ve \u00fcz\u00fcm ba\u011flar\u0131n\u0131n \u00e7ok \u00f6tesine uzan\u0131r. 1986&#039;dan beri Merano M\u00fczik Haftalar\u0131 her yaz Kurhaus pavyonunda toplanarak, kapl\u0131can\u0131n kurulu\u015funun 150. y\u0131ld\u00f6n\u00fcm\u00fcnde tasarlanan bir festivalde sahne almak \u00fczere uluslararas\u0131 orkestralar\u0131 bir araya getiriyor. 1997&#039;den itibaren MeranoJazz, \u00fcnl\u00fc caz sanat\u00e7\u0131lar\u0131na odakland\u0131 ve 2002&#039;den itibaren \u0130talyan ve Alman m\u00fczik geleneklerini birle\u015ftirmek i\u00e7in Mitteleuropean Jazz Academy&#039;ye ev sahipli\u011fi yap\u0131yor. Hem \u00fcnl\u00fcleri hem de \u00f6\u011frencileri bir araya getiren akademinin bir sanat\u00e7\u0131 ikametgah\u0131 vermesi, Merano&#039;nun sanatsal soyunu daha da sa\u011flamla\u015ft\u0131r\u0131yor.<\/p>\n<p>Edebi ba\u015far\u0131, 1993&#039;te ba\u015flat\u0131lan ve uluslararas\u0131 bir panel taraf\u0131ndan de\u011ferlendirilen iki y\u0131lda bir verilen Meraner Lyrikpreis ile onurland\u0131r\u0131l\u0131r. Se\u00e7kin kazananlar aras\u0131nda Kurt Drawert, Kathrin Schmidt ve Ulrike Almut Sandig yer al\u0131r. Bunu tamamlayan Merano-Europa Uluslararas\u0131 Edebiyat \u00d6d\u00fcl\u00fc, 1995&#039;ten beri Passirio Kul\u00fcb\u00fc taraf\u0131ndan yay\u0131nc\u0131l\u0131k ve b\u00f6lgesel sanat organizasyonlar\u0131yla i\u015fbirli\u011fi i\u00e7inde sunulan kurgu ve \u00e7eviri alan\u0131ndaki m\u00fckemmelli\u011fi takdir etmektedir. Kasaba, 2017&#039;de Parma ve Reggio Emilia gibi k\u00f6kl\u00fc \u015fehirler aras\u0131nda son ona girerek \u0130talyan K\u00fclt\u00fcr Ba\u015fkenti 2020 yar\u0131\u015fmas\u0131na kat\u0131lm\u0131\u015ft\u0131r.<\/p>\n<p>Merano&#039;nun Franz Kafka&#039;n\u0131n 1920&#039;deki yolculu\u011funu anmas\u0131, iki uluslararas\u0131 konferansta (2020 ve 2024) ve Kafka ve Milena Jesensk\u00e1&#039;ya bir piazzetta adanmas\u0131nda \u015fekillendi. Bu jestler, kasaban\u0131n m\u00fczelerini ve galerilerini tamamlayan kal\u0131c\u0131 bir edebi fark\u0131ndal\u0131\u011f\u0131 yans\u0131t\u0131yor: Trauttmansdorff Kalesi&#039;ndeki Touriseum; eski bir otelde bulunan \u015eehir M\u00fczesi; Princely Kalesi M\u00fczesi; ve G\u00fcney Tirol&#039;\u00fcn tek sinagogundaki Yahudi M\u00fczesi. Tamamlay\u0131c\u0131 mekanlar aras\u0131nda Kad\u0131n M\u00fczesi Evelyn Ortner, Meran Sanat \u015eehir Galerisi ve Beyaz Sanat Galerisi yer al\u0131yor ve her biri cinsiyet, \u00e7a\u011fda\u015f sanat ve mimari \u00fczerine perspektifler sunuyor.<\/p>\n<p>Merano, Passer taraf\u0131ndan iki ana orografik k\u0131y\u0131ya b\u00f6l\u00fcnm\u00fc\u015ft\u00fcr. Sa\u011fda eski \u00e7ekirdek ve Steinach b\u00f6lgesi; solda Maia Alta ve Maia Bassa yer al\u0131r. Quarazze, Tessa yama\u00e7lar\u0131nda kuzeybat\u0131 ucunu i\u015fgal ederken Labers, Monte Zoccolo&#039;nun do\u011fu yama\u00e7lar\u0131na uzan\u0131r. G\u00fcneyde Sinigo, tarihi merkezden topografya ile ayr\u0131lm\u0131\u015f bir sanayi ve ticaret b\u00f6lgesi olarak hizmet vermektedir. 19. y\u00fczy\u0131ldan beri, kasaban\u0131n bir sa\u011fl\u0131k tesisi olarak stat\u00fcs\u00fc, oda\u011f\u0131 dinlenmek isteyen ya\u015fl\u0131 ziyaret\u00e7ilere y\u00f6nlendirmi\u015ftir; 20. y\u00fczy\u0131l\u0131n sonu ve 21. y\u00fczy\u0131l\u0131n ba\u015f\u0131nda, \u00e7e\u015fitlendirilmi\u015f bir teklif ve b\u00fcy\u00fcyen uluslararas\u0131 turizm, ya\u015f demografisini tersine \u00e7evirdi ve nesiller aras\u0131nda geni\u015f bir \u00e7ekicilik sa\u011flad\u0131.<\/p>\n<p>Ula\u015f\u0131m a\u011flar\u0131 Merano&#039;nun eri\u015filebilirli\u011fini g\u00fc\u00e7lendirmi\u015ftir. Brenner Hatt\u0131, kasabay\u0131 30 km g\u00fcneydeki Bolzano&#039;ya ve \u00f6tesine A22 otoyoluna ba\u011flayan d\u00f6rt \u015feritli bir otoyol olan MeBo lehine ge\u00e7mektedir. Bolzano-Merano demiryolu otoyola paraleldir ve Vinschgau hatt\u0131 \u00fczerinden bat\u0131ya do\u011fru Val Venosta&#039;ya uzan\u0131r. Bolzano&#039;dan trenler yakla\u015f\u0131k her 40 dakikada bir hareket eder ve entegre biletleme mevcuttur. SASA ve SAD taraf\u0131ndan y\u00f6netilen otob\u00fcs hizmetleri, Bolzano ve Merano aras\u0131nda her saat ba\u015f\u0131 \u00e7al\u0131\u015f\u0131r ve de\u011fer kart\u0131 sahipleri i\u00e7in \u00fccretler d\u00fc\u015f\u00fcr\u00fcl\u00fcr. Uluslararas\u0131 otob\u00fcs hizmetleri Bolzano&#039;ya var\u0131r ve buradan sonraki ba\u011flant\u0131lar rutindir.<\/p>\n<p>Merano&#039;da dokuz g\u00fcnd\u00fcz otob\u00fcs g\u00fczergah\u0131 ve bir gece servisi 06:00 ile 01:00 aras\u0131nda sakinleri ve ziyaret\u00e7ileri ta\u015f\u0131r. Otob\u00fcsler bir onur sistemine uyar -ge\u00e7erli bir bilet 45 dakika boyunca ge\u00e7erli kal\u0131r- ve talep edilen duraklar inmek veya binmek i\u00e7in manuel bir sinyal gerektirir. Bir telesiyej, Nisan ve Kas\u0131m aylar\u0131 aras\u0131nda Merano&#039;yu tepedeki Tirol k\u00f6y\u00fcne ba\u011flar. Taksiler, Radio Taxi veya \u00f6zel kiralama hizmetleri arac\u0131l\u0131\u011f\u0131yla \u00e7a\u011fr\u0131 \u00fczerine \u00e7al\u0131\u015f\u0131r. Bolzano&#039;dakinden daha az kapsaml\u0131 olsa da bir bisiklet a\u011f\u0131, iade edilebilir bir depozito kar\u015f\u0131l\u0131\u011f\u0131nda, tren istasyonu, spa binas\u0131 ve tenis merkezi gibi yerlerde ilkbahardan ekim ortas\u0131na kadar \u00fccretsiz kiralama hizmeti sunar.<\/p>\n<p>Kent merkezindeki otomobiller genellikle gereksizdir ve park yeri k\u0131tl\u0131\u011f\u0131 vard\u0131r. K\u0131\u015f\u0131n, d\u00fc\u015f\u00fck emisyon \u00f6nlemleri \u015fehir genelinde Euro 0 ara\u00e7lar\u0131 k\u0131s\u0131tlar ve y\u00fcksek kirlilik g\u00fcnlerinde Euro 1 ara\u00e7lar bile yasaklarla kar\u015f\u0131 kar\u015f\u0131ya kal\u0131r. Bu t\u00fcr d\u00fczenlemeler Merano&#039;nun \u00e7evre y\u00f6netimine olan uzun s\u00fcreli ba\u011fl\u0131l\u0131\u011f\u0131n\u0131 yans\u0131t\u0131r.<\/p>\n<p>Rekreasyon hem ekili hem de vah\u015fi u\u011fra\u015flar\u0131 kapsar. Termal sular, do\u011fal radyoaktivitenin terap\u00f6tik \u00e7ekicilikleri art\u0131rd\u0131\u011f\u0131 Passirio&#039;nun kar\u015f\u0131 k\u0131y\u0131s\u0131ndaki modern spa merkezinden ge\u00e7er. Halka a\u00e7\u0131k a\u00e7\u0131k havuzlar, bir buz pateni pisti, 15 tenis kortu (d\u00f6rd\u00fc kapal\u0131), bir binicilik ve engel atlama okulu ve bir mini golf sahas\u0131 \u00e7e\u015fitli zevklere cevap verir. Passirio&#039;nun ak\u0131nt\u0131lar\u0131, ICF Kano Slalom D\u00fcnya \u015eampiyonas\u0131&#039;na (1971, 1983) ve Avrupa Kupas\u0131&#039;na (1980) ev sahipli\u011fi yapm\u0131\u015ft\u0131r. Dr. Tappeiner taraf\u0131ndan \u00e7izilen ve 1892&#039;de kasabaya ba\u011f\u0131\u015flanan Tappeiner Y\u00fcr\u00fcy\u00fc\u015f\u00fc, Mount St. Benedetto&#039;dan Gilf vadisine kadar buzul bir yamac\u0131 takip ederek engelsiz panoramalar sunar.<\/p>\n<p>Kasaban\u0131n \u00f6tesinde, patikalar yak\u0131nlardaki tepelerde hem yaz gezintileri hem de k\u0131\u015f kayak pistleri olan Meran\/o 2000&#039;e kadar uzan\u0131r. Hirzer masifi ve Ultimo vadisi daha fazla kayak pisti sunar ve bir saatlik s\u00fcr\u00fc\u015f mesafesindeki Schnalstal buzulu yaz kar alan\u0131 kayaklar\u0131na olanak tan\u0131r. Y\u00fcr\u00fcy\u00fc\u015f\u00e7\u00fcler ve da\u011fc\u0131lar i\u00e7in, patikalar\u0131n ve da\u011f kul\u00fcbelerinin karma\u015f\u0131k a\u011f\u0131, Merano&#039;nun hem dinlenme s\u0131\u011f\u0131na\u011f\u0131 hem de da\u011fc\u0131l\u0131k \u00e7abalar\u0131 i\u00e7in ba\u015flang\u0131\u00e7 \u200b\u200bnoktas\u0131 olarak ikili kimli\u011fini vurgular.<\/p>\n<p>Merano&#039;nun anlat\u0131s\u0131, da\u011flar\u0131n\u0131n kal\u0131c\u0131l\u0131\u011f\u0131 aras\u0131nda s\u00fcrekli bir yeniden icat etme anlat\u0131s\u0131d\u0131r. Orta\u00e7a\u011f kap\u0131 evlerinden modern galerilere, spa pavyonlar\u0131ndan caz akademilerine kadar, kasaba ayn\u0131 anda hem tarihi hem de dinamik kal\u0131r. Her soka\u011f\u0131 imparatorluk ziyaretlerini ve yerel emekleri anlat\u0131r, festivalleri dilleri ve gelenekleri harmanlar, iklimi \u00fcz\u00fcm ba\u011flar\u0131n\u0131 ve meyve bah\u00e7elerini besler ve insanlar\u0131 \u0130talyan, Alman ve Ladin k\u00fclt\u00fcrlerinin canl\u0131 bir birle\u015fimini s\u00fcrd\u00fcr\u00fcr. Bu kayna\u015fmada, Merano gelenek ve yenilik, dinlenme ve me\u015fguliyet aras\u0131ndaki uyum olas\u0131l\u0131\u011f\u0131n\u0131n bir kan\u0131t\u0131 olarak durur; her mevsimin ayn\u0131 zamans\u0131z havzan\u0131n farkl\u0131 bir y\u00f6n\u00fcn\u00fc ortaya \u00e7\u0131kard\u0131\u011f\u0131 bir yer.<\/p>","protected":false},"excerpt":{"rendered":"<p>Kuzey \u0130talya&#039;daki G\u00fcney Tirol&#039;de yakla\u015f\u0131k 41.000 n\u00fcfusa sahip manzaral\u0131 bir belediye olan Merano. Y\u00fcksek da\u011flarla \u00e7evrili bir havzada bulunan bu pitoresk \u015fehir, do\u011fal g\u00fczellik ve insan yarat\u0131c\u0131l\u0131\u011f\u0131n\u0131n kusursuz entegrasyonunu \u00f6rnekliyor. \u00dc\u00e7 \u00f6nemli vadinin\u2014Val Venosta, Val Passiria ve Val d&#039;Adige\u2014birle\u015fti\u011fi noktada bulunan Merano, b\u00f6lgedeki en \u00e7arp\u0131c\u0131 manzaralardan baz\u0131lar\u0131n\u0131n giri\u015f noktas\u0131 g\u00f6revi g\u00f6r\u00fcyor.<\/p>","protected":false},"author":1,"featured_media":17524,"parent":11663,"menu_order":0,"comment_status":"closed","ping_status":"closed","template":"elementor_theme","meta":{"_eb_attr":"","footnotes":""},"class_list":["post-16869","page","type-page","status-publish","has-post-thumbnail"],"_links":{"self":[{"href":"https:\/\/travelshelper.com\/tr\/wp-json\/wp\/v2\/pages\/16869","targetHints":{"allow":["GET"]}}],"collection":[{"href":"https:\/\/travelshelper.com\/tr\/wp-json\/wp\/v2\/pages"}],"about":[{"href":"https:\/\/travelshelper.com\/tr\/wp-json\/wp\/v2\/types\/page"}],"author":[{"embeddable":true,"href":"https:\/\/travelshelper.com\/tr\/wp-json\/wp\/v2\/users\/1"}],"replies":[{"embeddable":true,"href":"https:\/\/travelshelper.com\/tr\/wp-json\/wp\/v2\/comments?post=16869"}],"version-history":[{"count":0,"href":"https:\/\/travelshelper.com\/tr\/wp-json\/wp\/v2\/pages\/16869\/revisions"}],"up":[{"embeddable":true,"href":"https:\/\/travelshelper.com\/tr\/wp-json\/wp\/v2\/pages\/11663"}],"wp:featuredmedia":[{"embeddable":true,"href":"https:\/\/travelshelper.com\/tr\/wp-json\/wp\/v2\/media\/17524"}],"wp:attachment":[{"href":"https:\/\/travelshelper.com\/tr\/wp-json\/wp\/v2\/media?parent=16869"}],"curies":[{"name":"wp","href":"https:\/\/api.w.org\/{rel}","templated":true}]}}